{"id":93853,"date":"2024-04-18T09:51:48","date_gmt":"2024-04-18T07:51:48","guid":{"rendered":"https:\/\/letrame.com\/catalogo\/producto\/almas-aladas-momento-infinito-de-amor\/"},"modified":"2024-04-18T09:52:15","modified_gmt":"2024-04-18T07:52:15","slug":"almas-aladas-momento-infinito-de-amor","status":"publish","type":"product","link":"https:\/\/letrame.com\/catalogo\/producto\/almas-aladas-momento-infinito-de-amor\/","title":{"rendered":"Almas Aladas. Momento infinito de amor."},"content":{"rendered":"<p><strong>ISBN<\/strong>: 978-84-17396-42-8<br \/>\n<strong>T\u00edtulo<\/strong>: Almas Aladas. Momento infinito de amor.<br \/>\n<strong>Fecha<\/strong>: 2018<br \/>\n<strong>P\u00e1ginas<\/strong>: 120<\/p>\n<p>&nbsp;<\/p>\n<p><strong>SINOPSIS<\/strong><\/p>\n<section>\n<div class=\"about-this-book\">\n<div class=\"container\">\n<div class=\"right-detail shop-detail1 pull-right col-md-8 col-sm-8 col-xs-12\">\n<div id=\"editionnal-reviews\" class=\"book-desc-detail\"><span class=\"detail-desc box-detail-desc\">Estos versos no se escribieron, en su principio, para editarse, sino que fue la necesidad del despertar de un alma, mucho tiempo aletargada por diferentes circunstancias de la vida. Su destino era permanecer en un ordenador, quiz\u00e1s en un papel, con ese recuerdo\u2026 y el agradecimiento eterno por haber tenido la oportunidad de haber vivido estas emociones\u2026 Estas p\u00e1ginas salen de una curiosa experiencia reciente y real en mi vida, y de la extra\u00f1eza que sent\u00ed por casi la necesidad visceral de hacer poes\u00eda amorosa de un tiempo a esta parte\u2026 y de hacerlo en \u00e1rabe\u2026 Al comentarlo con Patricia, verdadera autora de este libro por su entusiasmo, y ver tras estas p\u00e1ginas la posibilidad de contribuir a \u201cpoder dar voz a otras mujeres\u201d, alert\u00f3 algo en mi interior\u2026 Por algo as\u00ed s\u00ed que nos pod\u00edamos arriesgar en este proyecto de hacer un libro de poes\u00edas. Y esa ha sido finalmente la causa \u00faltima de que estos versos salgan a la luz&#8230;&nbsp; En este libro hay, pues, dos autoras: Yadira y yo misma. Para m\u00ed es un honor ser esa voz, esa esperanza y ese soporte de la Belleza de un amor eterno\u2026 de hace siglos\u2026 que se desprenden e impregnan estos versos de amor de Yadira, sin la cual el mundo no dejar\u00eda de ser un paisaje \u00e1rido y vac\u00edo\u2026 Y ahora\u2026 le damos la palabra\u2026 dejemos hablar a Yadira\u2026 ya ha estado mucho tiempo callada\u2026 y su necesidad de expresar su Amor le ha dado el derecho pleno a ser escuchada.<\/span><\/div>\n<div id=\"clear-scroll\" class=\"clearfix\"><\/div>\n<\/div>\n<\/div>\n<\/div>\n<\/section>\n<div class=\"feature-section feature-option2\">\n<div class=\"container\">\n<div class=\"related products\">\n<div class=\"title-box\"><\/div>\n<\/div>\n<\/div>\n<\/div>\n<p><iframe data-src=\"https:\/\/player.vimeo.com\/video\/260942700\" width=\"640\" height=\"360\" frameborder=\"0\" allowfullscreen=\"allowfullscreen\" src=\"data:image\/svg+xml;base64,PHN2ZyB3aWR0aD0iMSIgaGVpZ2h0PSIxIiB4bWxucz0iaHR0cDovL3d3dy53My5vcmcvMjAwMC9zdmciPjwvc3ZnPg==\" class=\"lazyload\" data-load-mode=\"1\"><\/iframe><\/p>\n","protected":false},"excerpt":{"rendered":"<div class=\"page\" title=\"Page 1\">\n<div class=\"section\">\n<div class=\"layoutArea\">\n<div class=\"column\">\n<p><strong>ISBN: 978-84-17396-42-8<\/strong><\/p>\n<p>Estos versos no se escribieron, en su principio, para editarse, sino que fue la necesidad del despertar de un alma, mucho tiempo aletargada por diferentes circunstancias de la vida&#8230;<\/p>\n<\/div>\n<\/div>\n<\/div>\n<\/div>\n","protected":false},"featured_media":93854,"comment_status":"closed","ping_status":"open","template":"","meta":{"_acf_changed":false},"libro":[],"product_brand":[],"product_cat":[20],"product_tag":[],"class_list":{"0":"post-93853","1":"product","2":"type-product","3":"status-publish","4":"has-post-thumbnail","6":"product_cat-poesia","8":"first","9":"instock","10":"purchasable","11":"product-type-simple"},"acf":{"autor":[72833],"enlace_de_compra":"https:\/\/www.amazon.com\/Almas-aladas-Momento-infinito-Spanish\/dp\/841739642X\/"},"yoast_head":"<!-- This site is optimized with the Yoast SEO plugin v26.6 - https:\/\/yoast.com\/wordpress\/plugins\/seo\/ -->\n<title>Almas Aladas. Momento infinito de amor. - Catalogo | Letrame Grupo Editorial<\/title>\n<meta name=\"robots\" content=\"index, follow, max-snippet:-1, max-image-preview:large, max-video-preview:-1\" \/>\n<link rel=\"canonical\" href=\"https:\/\/letrame.com\/catalogo\/producto\/almas-aladas-momento-infinito-de-amor\/\" \/>\n<meta property=\"og:locale\" content=\"es_ES\" \/>\n<meta property=\"og:type\" content=\"article\" \/>\n<meta property=\"og:title\" content=\"Almas Aladas. Momento infinito de amor. - Catalogo | Letrame Grupo Editorial\" \/>\n<meta property=\"og:description\" content=\"ISBN: 978-84-17396-42-8 Estos versos no se escribieron, en su principio, para editarse, sino que fue la necesidad del despertar de un alma, mucho tiempo aletargada por diferentes circunstancias de la vida...\" \/>\n<meta property=\"og:url\" content=\"https:\/\/letrame.com\/catalogo\/producto\/almas-aladas-momento-infinito-de-amor\/\" \/>\n<meta property=\"og:site_name\" content=\"Catalogo | Letrame Grupo Editorial\" \/>\n<meta property=\"article:modified_time\" content=\"2024-04-18T07:52:15+00:00\" \/>\n<meta property=\"og:image\" content=\"https:\/\/letrame.com\/catalogo\/wp-content\/uploads\/2024\/04\/17-compressed.jpg\" \/>\n\t<meta property=\"og:image:width\" content=\"425\" \/>\n\t<meta property=\"og:image:height\" content=\"595\" \/>\n\t<meta property=\"og:image:type\" content=\"image\/jpeg\" \/>\n<meta name=\"twitter:card\" content=\"summary_large_image\" \/>\n<meta name=\"twitter:label1\" content=\"Tiempo de lectura\" \/>\n\t<meta name=\"twitter:data1\" content=\"1 minuto\" \/>\n<script type=\"application\/ld+json\" class=\"yoast-schema-graph\">{\"@context\":\"https:\/\/schema.org\",\"@graph\":[{\"@type\":\"WebPage\",\"@id\":\"https:\/\/letrame.com\/catalogo\/producto\/almas-aladas-momento-infinito-de-amor\/\",\"url\":\"https:\/\/letrame.com\/catalogo\/producto\/almas-aladas-momento-infinito-de-amor\/\",\"name\":\"Almas Aladas. Momento infinito de amor. - Catalogo | Letrame Grupo Editorial\",\"isPartOf\":{\"@id\":\"https:\/\/letrame.com\/catalogo\/#website\"},\"primaryImageOfPage\":{\"@id\":\"https:\/\/letrame.com\/catalogo\/producto\/almas-aladas-momento-infinito-de-amor\/#primaryimage\"},\"image\":{\"@id\":\"https:\/\/letrame.com\/catalogo\/producto\/almas-aladas-momento-infinito-de-amor\/#primaryimage\"},\"thumbnailUrl\":\"https:\/\/letrame.com\/catalogo\/wp-content\/uploads\/2024\/04\/17-compressed.jpg\",\"datePublished\":\"2024-04-18T07:51:48+00:00\",\"dateModified\":\"2024-04-18T07:52:15+00:00\",\"breadcrumb\":{\"@id\":\"https:\/\/letrame.com\/catalogo\/producto\/almas-aladas-momento-infinito-de-amor\/#breadcrumb\"},\"inLanguage\":\"es\",\"potentialAction\":[{\"@type\":\"ReadAction\",\"target\":[\"https:\/\/letrame.com\/catalogo\/producto\/almas-aladas-momento-infinito-de-amor\/\"]}]},{\"@type\":\"ImageObject\",\"inLanguage\":\"es\",\"@id\":\"https:\/\/letrame.com\/catalogo\/producto\/almas-aladas-momento-infinito-de-amor\/#primaryimage\",\"url\":\"https:\/\/letrame.com\/catalogo\/wp-content\/uploads\/2024\/04\/17-compressed.jpg\",\"contentUrl\":\"https:\/\/letrame.com\/catalogo\/wp-content\/uploads\/2024\/04\/17-compressed.jpg\",\"width\":425,\"height\":595},{\"@type\":\"BreadcrumbList\",\"@id\":\"https:\/\/letrame.com\/catalogo\/producto\/almas-aladas-momento-infinito-de-amor\/#breadcrumb\",\"itemListElement\":[{\"@type\":\"ListItem\",\"position\":1,\"name\":\"Portada\",\"item\":\"https:\/\/letrame.com\/catalogo\/\"},{\"@type\":\"ListItem\",\"position\":2,\"name\":\"Cat\u00e1logo\",\"item\":\"https:\/\/letrame.com\/catalogo\/\"},{\"@type\":\"ListItem\",\"position\":3,\"name\":\"Almas Aladas. Momento infinito de amor.\"}]},{\"@type\":\"WebSite\",\"@id\":\"https:\/\/letrame.com\/catalogo\/#website\",\"url\":\"https:\/\/letrame.com\/catalogo\/\",\"name\":\"Catalogo | Letrame Grupo Editorial\",\"description\":\"\",\"publisher\":{\"@id\":\"https:\/\/letrame.com\/catalogo\/#organization\"},\"potentialAction\":[{\"@type\":\"SearchAction\",\"target\":{\"@type\":\"EntryPoint\",\"urlTemplate\":\"https:\/\/letrame.com\/catalogo\/?s={search_term_string}\"},\"query-input\":{\"@type\":\"PropertyValueSpecification\",\"valueRequired\":true,\"valueName\":\"search_term_string\"}}],\"inLanguage\":\"es\"},{\"@type\":\"Organization\",\"@id\":\"https:\/\/letrame.com\/catalogo\/#organization\",\"name\":\"Catalogo | Letrame Grupo Editorial\",\"url\":\"https:\/\/letrame.com\/catalogo\/\",\"logo\":{\"@type\":\"ImageObject\",\"inLanguage\":\"es\",\"@id\":\"https:\/\/letrame.com\/catalogo\/#\/schema\/logo\/image\/\",\"url\":\"https:\/\/letrame.com\/catalogo\/wp-content\/uploads\/2024\/03\/logo2.webp\",\"contentUrl\":\"https:\/\/letrame.com\/catalogo\/wp-content\/uploads\/2024\/03\/logo2.webp\",\"width\":394,\"height\":128,\"caption\":\"Catalogo | Letrame Grupo Editorial\"},\"image\":{\"@id\":\"https:\/\/letrame.com\/catalogo\/#\/schema\/logo\/image\/\"}}]}<\/script>\n<!-- \/ Yoast SEO plugin. -->","yoast_head_json":{"title":"Almas Aladas. Momento infinito de amor. - Catalogo | Letrame Grupo Editorial","robots":{"index":"index","follow":"follow","max-snippet":"max-snippet:-1","max-image-preview":"max-image-preview:large","max-video-preview":"max-video-preview:-1"},"canonical":"https:\/\/letrame.com\/catalogo\/producto\/almas-aladas-momento-infinito-de-amor\/","og_locale":"es_ES","og_type":"article","og_title":"Almas Aladas. Momento infinito de amor. - Catalogo | Letrame Grupo Editorial","og_description":"ISBN: 978-84-17396-42-8 Estos versos no se escribieron, en su principio, para editarse, sino que fue la necesidad del despertar de un alma, mucho tiempo aletargada por diferentes circunstancias de la vida...","og_url":"https:\/\/letrame.com\/catalogo\/producto\/almas-aladas-momento-infinito-de-amor\/","og_site_name":"Catalogo | Letrame Grupo Editorial","article_modified_time":"2024-04-18T07:52:15+00:00","og_image":[{"width":425,"height":595,"url":"https:\/\/letrame.com\/catalogo\/wp-content\/uploads\/2024\/04\/17-compressed.jpg","type":"image\/jpeg"}],"twitter_card":"summary_large_image","twitter_misc":{"Tiempo de lectura":"1 minuto"},"schema":{"@context":"https:\/\/schema.org","@graph":[{"@type":"WebPage","@id":"https:\/\/letrame.com\/catalogo\/producto\/almas-aladas-momento-infinito-de-amor\/","url":"https:\/\/letrame.com\/catalogo\/producto\/almas-aladas-momento-infinito-de-amor\/","name":"Almas Aladas. Momento infinito de amor. - Catalogo | Letrame Grupo Editorial","isPartOf":{"@id":"https:\/\/letrame.com\/catalogo\/#website"},"primaryImageOfPage":{"@id":"https:\/\/letrame.com\/catalogo\/producto\/almas-aladas-momento-infinito-de-amor\/#primaryimage"},"image":{"@id":"https:\/\/letrame.com\/catalogo\/producto\/almas-aladas-momento-infinito-de-amor\/#primaryimage"},"thumbnailUrl":"https:\/\/letrame.com\/catalogo\/wp-content\/uploads\/2024\/04\/17-compressed.jpg","datePublished":"2024-04-18T07:51:48+00:00","dateModified":"2024-04-18T07:52:15+00:00","breadcrumb":{"@id":"https:\/\/letrame.com\/catalogo\/producto\/almas-aladas-momento-infinito-de-amor\/#breadcrumb"},"inLanguage":"es","potentialAction":[{"@type":"ReadAction","target":["https:\/\/letrame.com\/catalogo\/producto\/almas-aladas-momento-infinito-de-amor\/"]}]},{"@type":"ImageObject","inLanguage":"es","@id":"https:\/\/letrame.com\/catalogo\/producto\/almas-aladas-momento-infinito-de-amor\/#primaryimage","url":"https:\/\/letrame.com\/catalogo\/wp-content\/uploads\/2024\/04\/17-compressed.jpg","contentUrl":"https:\/\/letrame.com\/catalogo\/wp-content\/uploads\/2024\/04\/17-compressed.jpg","width":425,"height":595},{"@type":"BreadcrumbList","@id":"https:\/\/letrame.com\/catalogo\/producto\/almas-aladas-momento-infinito-de-amor\/#breadcrumb","itemListElement":[{"@type":"ListItem","position":1,"name":"Portada","item":"https:\/\/letrame.com\/catalogo\/"},{"@type":"ListItem","position":2,"name":"Cat\u00e1logo","item":"https:\/\/letrame.com\/catalogo\/"},{"@type":"ListItem","position":3,"name":"Almas Aladas. Momento infinito de amor."}]},{"@type":"WebSite","@id":"https:\/\/letrame.com\/catalogo\/#website","url":"https:\/\/letrame.com\/catalogo\/","name":"Catalogo | Letrame Grupo Editorial","description":"","publisher":{"@id":"https:\/\/letrame.com\/catalogo\/#organization"},"potentialAction":[{"@type":"SearchAction","target":{"@type":"EntryPoint","urlTemplate":"https:\/\/letrame.com\/catalogo\/?s={search_term_string}"},"query-input":{"@type":"PropertyValueSpecification","valueRequired":true,"valueName":"search_term_string"}}],"inLanguage":"es"},{"@type":"Organization","@id":"https:\/\/letrame.com\/catalogo\/#organization","name":"Catalogo | Letrame Grupo Editorial","url":"https:\/\/letrame.com\/catalogo\/","logo":{"@type":"ImageObject","inLanguage":"es","@id":"https:\/\/letrame.com\/catalogo\/#\/schema\/logo\/image\/","url":"https:\/\/letrame.com\/catalogo\/wp-content\/uploads\/2024\/03\/logo2.webp","contentUrl":"https:\/\/letrame.com\/catalogo\/wp-content\/uploads\/2024\/03\/logo2.webp","width":394,"height":128,"caption":"Catalogo | Letrame Grupo Editorial"},"image":{"@id":"https:\/\/letrame.com\/catalogo\/#\/schema\/logo\/image\/"}}]}},"_links":{"self":[{"href":"https:\/\/letrame.com\/catalogo\/wp-json\/wp\/v2\/product\/93853","targetHints":{"allow":["GET"]}}],"collection":[{"href":"https:\/\/letrame.com\/catalogo\/wp-json\/wp\/v2\/product"}],"about":[{"href":"https:\/\/letrame.com\/catalogo\/wp-json\/wp\/v2\/types\/product"}],"replies":[{"embeddable":true,"href":"https:\/\/letrame.com\/catalogo\/wp-json\/wp\/v2\/comments?post=93853"}],"acf:post":[{"embeddable":true,"href":"https:\/\/letrame.com\/catalogo\/wp-json\/wp\/v2\/author_book\/72833"}],"wp:featuredmedia":[{"embeddable":true,"href":"https:\/\/letrame.com\/catalogo\/wp-json\/wp\/v2\/media\/93854"}],"wp:attachment":[{"href":"https:\/\/letrame.com\/catalogo\/wp-json\/wp\/v2\/media?parent=93853"}],"wp:term":[{"taxonomy":"libro","embeddable":true,"href":"https:\/\/letrame.com\/catalogo\/wp-json\/wp\/v2\/libro?post=93853"},{"taxonomy":"product_brand","embeddable":true,"href":"https:\/\/letrame.com\/catalogo\/wp-json\/wp\/v2\/product_brand?post=93853"},{"taxonomy":"product_cat","embeddable":true,"href":"https:\/\/letrame.com\/catalogo\/wp-json\/wp\/v2\/product_cat?post=93853"},{"taxonomy":"product_tag","embeddable":true,"href":"https:\/\/letrame.com\/catalogo\/wp-json\/wp\/v2\/product_tag?post=93853"}],"curies":[{"name":"wp","href":"https:\/\/api.w.org\/{rel}","templated":true}]}}