{"id":93847,"date":"2024-04-18T09:51:48","date_gmt":"2024-04-18T07:51:48","guid":{"rendered":"https:\/\/letrame.com\/catalogo\/producto\/la-tragica-cogida-y-muerte-de-paquirri-en-pozoblanco\/"},"modified":"2024-04-18T09:51:48","modified_gmt":"2024-04-18T07:51:48","slug":"la-tragica-cogida-y-muerte-de-paquirri-en-pozoblanco","status":"publish","type":"product","link":"https:\/\/letrame.com\/catalogo\/producto\/la-tragica-cogida-y-muerte-de-paquirri-en-pozoblanco\/","title":{"rendered":"La tr\u00e1gica cogida y muerte de Paquirri en Pozoblanco"},"content":{"rendered":"<p><strong>ISBN<\/strong>: 978-84-17396-00-8<br \/>\n<strong>T\u00edtulo<\/strong>: La tr\u00e1gica cogida y muerte de Paquirri en Pozoblanco<br \/>\n<strong>Fecha<\/strong>: 2018<br \/>\n<strong>P\u00e1ginas<\/strong>: 204<\/p>\n<p>&nbsp;<\/p>\n<p><strong>SINOPSIS<\/strong><\/p>\n<section>\n<div class=\"about-this-book\">\n<div class=\"container\">\n<div class=\"right-detail shop-detail1 pull-right col-md-8 col-sm-8 col-xs-12\">\n<div id=\"editionnal-reviews\" class=\"book-desc-detail\"><span class=\"detail-desc box-detail-desc\">El 26 de septiembre de 1.984, el d\u00eda grande de la feria de Pozoblanco, se celebr\u00f3 una corrida que ha hecho \u00e9poca. Actuaron los diestros, Francisco Rivera \u201cPaquirri\u201d: Vicente Ru\u00edz \u201cEl Soro\u201d y Jos\u00e9 Cubero \u201cEl Yiyo\u201d, con toros de la Ganader\u00eda de Sayalero y Bandr\u00e9s. En la lidia del cuarto toro, marcado con el n\u00ba 9 de nombre \u201cAvispado\u201d, cuando Paquirri lo llevaba al caballo el toro le dio una cornada de las denominadas de muslo partido. A partir de ese momento se comenz\u00f3 una ceremonia de la confusi\u00f3n que termin\u00f3 horas m\u00e1s tarde con la muerte del torero en la puerta de Hospital Militar de San Fernando de C\u00f3rdoba. En este libro se narra los hechos acaecidos con entrevistas a los protagonistas, c\u00f3mo se mont\u00f3 la corrida, en declaraciones in\u00e9ditas hablan los m\u00e9dicos que lo operaron: Eliseo Mor\u00e1n, Cirujano de la Plaza de Toros de Pozoblanco: Rafael Ruiz, Cirujano de la Plaza de C\u00f3rdoba, y Jos\u00e9 Mar\u00eda Cabrera, Cirujano de Pozoblanco. Los verdaderos hechos nada tienen que ver con los r\u00edos de tintas vertidos y las biograf\u00edas emitidas por algunas televisiones. La narraci\u00f3n es un reportaje cronol\u00f3gico de los hechos que evoluciona en el tiempo palpando el sentimiento de Pozoblanco, que sufri\u00f3 insultos graves y se le ha hecho pasar por una villa perdida y no la ciudad industrial que es. Al a\u00f1o siguiente muri\u00f3 El Yiyo corneado en la Plaza de Colmenar Viejo, cerc de Madrid, y tiempo despu\u00e9s El Soro, saltando la barrera se parti\u00f3 una pierna y se tuvo que retirar del toreo. Al ganadero Bandr\u00e9s, due\u00f1o de ISNASA la naviera de ferrys que cruza el Estrecho de Gibraltar, los mat\u00f3 a tiros uno de los camareros de sus barcos. As\u00ed comenz\u00f3 la historia del \u201cCartel Maldito\u201d Y por su influjo la leyenda negra del Toro Avispado.<\/span><\/div>\n<div id=\"clear-scroll\" class=\"clearfix\"><\/div>\n<\/div>\n<\/div>\n<\/div>\n<\/section>\n<div class=\"feature-section feature-option2\">\n<div class=\"container\">\n<div class=\"related products\">\n<div class=\"title-box\"><\/div>\n<\/div>\n<\/div>\n<\/div>\n<p><iframe data-src=\"https:\/\/player.vimeo.com\/video\/259856890\" width=\"640\" height=\"360\" frameborder=\"0\" allowfullscreen=\"allowfullscreen\" src=\"data:image\/svg+xml;base64,PHN2ZyB3aWR0aD0iMSIgaGVpZ2h0PSIxIiB4bWxucz0iaHR0cDovL3d3dy53My5vcmcvMjAwMC9zdmciPjwvc3ZnPg==\" class=\"lazyload\" data-load-mode=\"1\"><\/iframe><\/p>\n","protected":false},"excerpt":{"rendered":"<p><strong>ISBN: 978-84-17396-00-8<\/strong><\/p>\n<p>El 26 de septiembre de 1.984, el d\u00eda grande de la feria de Pozoblanco, se celebr\u00f3 una corrida que ha hecho \u00e9poca. Actuaron los diestros, Francisco Rivera \u201cPaquirri\u201d: Vicente Ru\u00edz \u201cEl Soro\u201d y Jos\u00e9 Cubero \u201cEl Yiyo\u201d, con toros de la Ganader\u00eda de Sayalero y Bandr\u00e9s. En la lidia del cuarto toro, marcado con el n\u00ba 9 de nombre \u201cAvispado\u201d, cuando Paquirri lo llevaba&#8230;<\/p>\n","protected":false},"featured_media":93848,"comment_status":"closed","ping_status":"open","template":"","meta":{"_acf_changed":false},"libro":[],"product_brand":[],"product_cat":[23],"product_tag":[],"class_list":{"0":"post-93847","1":"product","2":"type-product","3":"status-publish","4":"has-post-thumbnail","6":"product_cat-ensayos","8":"first","9":"instock","10":"purchasable","11":"product-type-simple"},"acf":{"autor":"","enlace_de_compra":"https:\/\/www.libreriaproteo.com\/libro\/ver\/2129672-la-tragica-cogida-y-muerte-de-paquirri-en-pozoblanco.html"},"yoast_head":"<!-- This site is optimized with the Yoast SEO plugin v27.4 - https:\/\/yoast.com\/product\/yoast-seo-wordpress\/ -->\n<title>La tr\u00e1gica cogida y muerte de Paquirri en Pozoblanco - Catalogo | Letrame Grupo Editorial<\/title>\n<meta name=\"robots\" content=\"index, follow, max-snippet:-1, max-image-preview:large, max-video-preview:-1\" \/>\n<link rel=\"canonical\" href=\"https:\/\/letrame.com\/catalogo\/producto\/la-tragica-cogida-y-muerte-de-paquirri-en-pozoblanco\/\" \/>\n<meta property=\"og:locale\" content=\"es_ES\" \/>\n<meta property=\"og:type\" content=\"article\" \/>\n<meta property=\"og:title\" content=\"La tr\u00e1gica cogida y muerte de Paquirri en Pozoblanco - Catalogo | Letrame Grupo Editorial\" \/>\n<meta property=\"og:description\" content=\"ISBN: 978-84-17396-00-8 El 26 de septiembre de 1.984, el d\u00eda grande de la feria de Pozoblanco, se celebr\u00f3 una corrida que ha hecho \u00e9poca. Actuaron los diestros, Francisco Rivera \u201cPaquirri\u201d: Vicente Ru\u00edz \u201cEl Soro\u201d y Jos\u00e9 Cubero \u201cEl Yiyo\u201d, con toros de la Ganader\u00eda de Sayalero y Bandr\u00e9s. En la lidia del cuarto toro, marcado con el n\u00ba 9 de nombre \u201cAvispado\u201d, cuando Paquirri lo llevaba...\" \/>\n<meta property=\"og:url\" content=\"https:\/\/letrame.com\/catalogo\/producto\/la-tragica-cogida-y-muerte-de-paquirri-en-pozoblanco\/\" \/>\n<meta property=\"og:site_name\" content=\"Catalogo | Letrame Grupo Editorial\" \/>\n<meta property=\"og:image\" content=\"https:\/\/letrame.com\/catalogo\/wp-content\/uploads\/2024\/04\/delante-3.jpg\" \/>\n\t<meta property=\"og:image:width\" content=\"1772\" \/>\n\t<meta property=\"og:image:height\" content=\"2480\" \/>\n\t<meta property=\"og:image:type\" content=\"image\/jpeg\" \/>\n<meta name=\"twitter:card\" content=\"summary_large_image\" \/>\n<meta name=\"twitter:label1\" content=\"Tiempo de lectura\" \/>\n\t<meta name=\"twitter:data1\" content=\"2 minutos\" \/>\n<script type=\"application\/ld+json\" class=\"yoast-schema-graph\">{\"@context\":\"https:\\\/\\\/schema.org\",\"@graph\":[{\"@type\":\"WebPage\",\"@id\":\"https:\\\/\\\/letrame.com\\\/catalogo\\\/producto\\\/la-tragica-cogida-y-muerte-de-paquirri-en-pozoblanco\\\/\",\"url\":\"https:\\\/\\\/letrame.com\\\/catalogo\\\/producto\\\/la-tragica-cogida-y-muerte-de-paquirri-en-pozoblanco\\\/\",\"name\":\"La tr\u00e1gica cogida y muerte de Paquirri en Pozoblanco - Catalogo | Letrame Grupo Editorial\",\"isPartOf\":{\"@id\":\"https:\\\/\\\/letrame.com\\\/catalogo\\\/#website\"},\"primaryImageOfPage\":{\"@id\":\"https:\\\/\\\/letrame.com\\\/catalogo\\\/producto\\\/la-tragica-cogida-y-muerte-de-paquirri-en-pozoblanco\\\/#primaryimage\"},\"image\":{\"@id\":\"https:\\\/\\\/letrame.com\\\/catalogo\\\/producto\\\/la-tragica-cogida-y-muerte-de-paquirri-en-pozoblanco\\\/#primaryimage\"},\"thumbnailUrl\":\"https:\\\/\\\/letrame.com\\\/catalogo\\\/wp-content\\\/uploads\\\/2024\\\/04\\\/delante-3.jpg\",\"datePublished\":\"2024-04-18T07:51:48+00:00\",\"breadcrumb\":{\"@id\":\"https:\\\/\\\/letrame.com\\\/catalogo\\\/producto\\\/la-tragica-cogida-y-muerte-de-paquirri-en-pozoblanco\\\/#breadcrumb\"},\"inLanguage\":\"es\",\"potentialAction\":[{\"@type\":\"ReadAction\",\"target\":[\"https:\\\/\\\/letrame.com\\\/catalogo\\\/producto\\\/la-tragica-cogida-y-muerte-de-paquirri-en-pozoblanco\\\/\"]}]},{\"@type\":\"ImageObject\",\"inLanguage\":\"es\",\"@id\":\"https:\\\/\\\/letrame.com\\\/catalogo\\\/producto\\\/la-tragica-cogida-y-muerte-de-paquirri-en-pozoblanco\\\/#primaryimage\",\"url\":\"https:\\\/\\\/letrame.com\\\/catalogo\\\/wp-content\\\/uploads\\\/2024\\\/04\\\/delante-3.jpg\",\"contentUrl\":\"https:\\\/\\\/letrame.com\\\/catalogo\\\/wp-content\\\/uploads\\\/2024\\\/04\\\/delante-3.jpg\",\"width\":1772,\"height\":2480},{\"@type\":\"BreadcrumbList\",\"@id\":\"https:\\\/\\\/letrame.com\\\/catalogo\\\/producto\\\/la-tragica-cogida-y-muerte-de-paquirri-en-pozoblanco\\\/#breadcrumb\",\"itemListElement\":[{\"@type\":\"ListItem\",\"position\":1,\"name\":\"Portada\",\"item\":\"https:\\\/\\\/letrame.com\\\/catalogo\\\/\"},{\"@type\":\"ListItem\",\"position\":2,\"name\":\"Cat\u00e1logo\",\"item\":\"https:\\\/\\\/letrame.com\\\/catalogo\\\/\"},{\"@type\":\"ListItem\",\"position\":3,\"name\":\"La tr\u00e1gica cogida y muerte de Paquirri en Pozoblanco\"}]},{\"@type\":\"WebSite\",\"@id\":\"https:\\\/\\\/letrame.com\\\/catalogo\\\/#website\",\"url\":\"https:\\\/\\\/letrame.com\\\/catalogo\\\/\",\"name\":\"Catalogo | Letrame Grupo Editorial\",\"description\":\"\",\"publisher\":{\"@id\":\"https:\\\/\\\/letrame.com\\\/catalogo\\\/#organization\"},\"potentialAction\":[{\"@type\":\"SearchAction\",\"target\":{\"@type\":\"EntryPoint\",\"urlTemplate\":\"https:\\\/\\\/letrame.com\\\/catalogo\\\/?s={search_term_string}\"},\"query-input\":{\"@type\":\"PropertyValueSpecification\",\"valueRequired\":true,\"valueName\":\"search_term_string\"}}],\"inLanguage\":\"es\"},{\"@type\":\"Organization\",\"@id\":\"https:\\\/\\\/letrame.com\\\/catalogo\\\/#organization\",\"name\":\"Catalogo | Letrame Grupo Editorial\",\"url\":\"https:\\\/\\\/letrame.com\\\/catalogo\\\/\",\"logo\":{\"@type\":\"ImageObject\",\"inLanguage\":\"es\",\"@id\":\"https:\\\/\\\/letrame.com\\\/catalogo\\\/#\\\/schema\\\/logo\\\/image\\\/\",\"url\":\"https:\\\/\\\/letrame.com\\\/catalogo\\\/wp-content\\\/uploads\\\/2024\\\/03\\\/logo2.webp\",\"contentUrl\":\"https:\\\/\\\/letrame.com\\\/catalogo\\\/wp-content\\\/uploads\\\/2024\\\/03\\\/logo2.webp\",\"width\":394,\"height\":128,\"caption\":\"Catalogo | Letrame Grupo Editorial\"},\"image\":{\"@id\":\"https:\\\/\\\/letrame.com\\\/catalogo\\\/#\\\/schema\\\/logo\\\/image\\\/\"}}]}<\/script>\n<!-- \/ Yoast SEO plugin. -->","yoast_head_json":{"title":"La tr\u00e1gica cogida y muerte de Paquirri en Pozoblanco - Catalogo | Letrame Grupo Editorial","robots":{"index":"index","follow":"follow","max-snippet":"max-snippet:-1","max-image-preview":"max-image-preview:large","max-video-preview":"max-video-preview:-1"},"canonical":"https:\/\/letrame.com\/catalogo\/producto\/la-tragica-cogida-y-muerte-de-paquirri-en-pozoblanco\/","og_locale":"es_ES","og_type":"article","og_title":"La tr\u00e1gica cogida y muerte de Paquirri en Pozoblanco - Catalogo | Letrame Grupo Editorial","og_description":"ISBN: 978-84-17396-00-8 El 26 de septiembre de 1.984, el d\u00eda grande de la feria de Pozoblanco, se celebr\u00f3 una corrida que ha hecho \u00e9poca. Actuaron los diestros, Francisco Rivera \u201cPaquirri\u201d: Vicente Ru\u00edz \u201cEl Soro\u201d y Jos\u00e9 Cubero \u201cEl Yiyo\u201d, con toros de la Ganader\u00eda de Sayalero y Bandr\u00e9s. En la lidia del cuarto toro, marcado con el n\u00ba 9 de nombre \u201cAvispado\u201d, cuando Paquirri lo llevaba...","og_url":"https:\/\/letrame.com\/catalogo\/producto\/la-tragica-cogida-y-muerte-de-paquirri-en-pozoblanco\/","og_site_name":"Catalogo | Letrame Grupo Editorial","og_image":[{"width":1772,"height":2480,"url":"https:\/\/letrame.com\/catalogo\/wp-content\/uploads\/2024\/04\/delante-3.jpg","type":"image\/jpeg"}],"twitter_card":"summary_large_image","twitter_misc":{"Tiempo de lectura":"2 minutos"},"schema":{"@context":"https:\/\/schema.org","@graph":[{"@type":"WebPage","@id":"https:\/\/letrame.com\/catalogo\/producto\/la-tragica-cogida-y-muerte-de-paquirri-en-pozoblanco\/","url":"https:\/\/letrame.com\/catalogo\/producto\/la-tragica-cogida-y-muerte-de-paquirri-en-pozoblanco\/","name":"La tr\u00e1gica cogida y muerte de Paquirri en Pozoblanco - Catalogo | Letrame Grupo Editorial","isPartOf":{"@id":"https:\/\/letrame.com\/catalogo\/#website"},"primaryImageOfPage":{"@id":"https:\/\/letrame.com\/catalogo\/producto\/la-tragica-cogida-y-muerte-de-paquirri-en-pozoblanco\/#primaryimage"},"image":{"@id":"https:\/\/letrame.com\/catalogo\/producto\/la-tragica-cogida-y-muerte-de-paquirri-en-pozoblanco\/#primaryimage"},"thumbnailUrl":"https:\/\/letrame.com\/catalogo\/wp-content\/uploads\/2024\/04\/delante-3.jpg","datePublished":"2024-04-18T07:51:48+00:00","breadcrumb":{"@id":"https:\/\/letrame.com\/catalogo\/producto\/la-tragica-cogida-y-muerte-de-paquirri-en-pozoblanco\/#breadcrumb"},"inLanguage":"es","potentialAction":[{"@type":"ReadAction","target":["https:\/\/letrame.com\/catalogo\/producto\/la-tragica-cogida-y-muerte-de-paquirri-en-pozoblanco\/"]}]},{"@type":"ImageObject","inLanguage":"es","@id":"https:\/\/letrame.com\/catalogo\/producto\/la-tragica-cogida-y-muerte-de-paquirri-en-pozoblanco\/#primaryimage","url":"https:\/\/letrame.com\/catalogo\/wp-content\/uploads\/2024\/04\/delante-3.jpg","contentUrl":"https:\/\/letrame.com\/catalogo\/wp-content\/uploads\/2024\/04\/delante-3.jpg","width":1772,"height":2480},{"@type":"BreadcrumbList","@id":"https:\/\/letrame.com\/catalogo\/producto\/la-tragica-cogida-y-muerte-de-paquirri-en-pozoblanco\/#breadcrumb","itemListElement":[{"@type":"ListItem","position":1,"name":"Portada","item":"https:\/\/letrame.com\/catalogo\/"},{"@type":"ListItem","position":2,"name":"Cat\u00e1logo","item":"https:\/\/letrame.com\/catalogo\/"},{"@type":"ListItem","position":3,"name":"La tr\u00e1gica cogida y muerte de Paquirri en Pozoblanco"}]},{"@type":"WebSite","@id":"https:\/\/letrame.com\/catalogo\/#website","url":"https:\/\/letrame.com\/catalogo\/","name":"Catalogo | Letrame Grupo Editorial","description":"","publisher":{"@id":"https:\/\/letrame.com\/catalogo\/#organization"},"potentialAction":[{"@type":"SearchAction","target":{"@type":"EntryPoint","urlTemplate":"https:\/\/letrame.com\/catalogo\/?s={search_term_string}"},"query-input":{"@type":"PropertyValueSpecification","valueRequired":true,"valueName":"search_term_string"}}],"inLanguage":"es"},{"@type":"Organization","@id":"https:\/\/letrame.com\/catalogo\/#organization","name":"Catalogo | Letrame Grupo Editorial","url":"https:\/\/letrame.com\/catalogo\/","logo":{"@type":"ImageObject","inLanguage":"es","@id":"https:\/\/letrame.com\/catalogo\/#\/schema\/logo\/image\/","url":"https:\/\/letrame.com\/catalogo\/wp-content\/uploads\/2024\/03\/logo2.webp","contentUrl":"https:\/\/letrame.com\/catalogo\/wp-content\/uploads\/2024\/03\/logo2.webp","width":394,"height":128,"caption":"Catalogo | Letrame Grupo Editorial"},"image":{"@id":"https:\/\/letrame.com\/catalogo\/#\/schema\/logo\/image\/"}}]}},"_links":{"self":[{"href":"https:\/\/letrame.com\/catalogo\/wp-json\/wp\/v2\/product\/93847","targetHints":{"allow":["GET"]}}],"collection":[{"href":"https:\/\/letrame.com\/catalogo\/wp-json\/wp\/v2\/product"}],"about":[{"href":"https:\/\/letrame.com\/catalogo\/wp-json\/wp\/v2\/types\/product"}],"replies":[{"embeddable":true,"href":"https:\/\/letrame.com\/catalogo\/wp-json\/wp\/v2\/comments?post=93847"}],"wp:featuredmedia":[{"embeddable":true,"href":"https:\/\/letrame.com\/catalogo\/wp-json\/wp\/v2\/media\/93848"}],"wp:attachment":[{"href":"https:\/\/letrame.com\/catalogo\/wp-json\/wp\/v2\/media?parent=93847"}],"wp:term":[{"taxonomy":"libro","embeddable":true,"href":"https:\/\/letrame.com\/catalogo\/wp-json\/wp\/v2\/libro?post=93847"},{"taxonomy":"product_brand","embeddable":true,"href":"https:\/\/letrame.com\/catalogo\/wp-json\/wp\/v2\/product_brand?post=93847"},{"taxonomy":"product_cat","embeddable":true,"href":"https:\/\/letrame.com\/catalogo\/wp-json\/wp\/v2\/product_cat?post=93847"},{"taxonomy":"product_tag","embeddable":true,"href":"https:\/\/letrame.com\/catalogo\/wp-json\/wp\/v2\/product_tag?post=93847"}],"curies":[{"name":"wp","href":"https:\/\/api.w.org\/{rel}","templated":true}]}}