{"id":93815,"date":"2024-04-18T09:48:55","date_gmt":"2024-04-18T07:48:55","guid":{"rendered":"https:\/\/letrame.com\/catalogo\/producto\/magdalenas-sin-azucar\/"},"modified":"2024-07-31T10:23:54","modified_gmt":"2024-07-31T08:23:54","slug":"magdalenas-sin-azucar","status":"publish","type":"product","link":"https:\/\/letrame.com\/catalogo\/producto\/magdalenas-sin-azucar\/","title":{"rendered":"Magdalenas sin az\u00facar"},"content":{"rendered":"<p><strong>ISBN<\/strong>: 978-84-17396-43-5<br \/>\n<strong>T\u00edtulo<\/strong>: Magdalenas sin az\u00facar<br \/>\n<strong>Fecha<\/strong>: 2018<br \/>\n<strong>P\u00e1ginas<\/strong>: 448<\/p>\n<p>&nbsp;<\/p>\n<p><strong>SINOPSIS<\/strong><\/p>\n<section>\n<div class=\"about-this-book\">\n<div class=\"container\">\n<div class=\"right-detail shop-detail1 pull-right col-md-8 col-sm-8 col-xs-12\">\n<div id=\"editionnal-reviews\" class=\"book-desc-detail\"><span class=\"detail-desc box-detail-desc\">Cuando lleg\u00f3 la novela a mis manos lo primero que me llam\u00f3 la atenci\u00f3n fue el t\u00edtulo: Magdalenas sin az\u00facar. Pronto me percat\u00e9 de la inmensa met\u00e1fora que esconde y que afecta a casi todos los personajes de la trama a lo largo de casi un siglo. Las personas que aparecen tan solo buscan vivir en paz, sin mentiras ni secretos que ocultar. Sin embargo, la realidad cotidiana y sobre todo las circunstancias que la envuelven, m\u00e1s que su propia voluntad, determinan sus vidas, provocando que tengan secretos y mientan, incluso a las personas que m\u00e1s aman. Los personajes evolucionan psicol\u00f3gicamente a lo largo de la novela de manera sorprendente, est\u00e1n vivos. La narrativa es \u00e1gil y sobre todo visual, el autor busca la complicidad del lector, transform\u00e1ndolo en un espectador capaz de ver ante sus ojos lo que sucede, no solo en el entorno, sino tambi\u00e9n en el interior de cada uno de los personajes, haci\u00e9ndole capaz de sentir los miedos e inseguridades de los mismos, sufriendo o emocion\u00e1ndose con ellos, como ellos. Magdalenas sin az\u00facar es una met\u00e1fora sobre la libertad y el amor en todas sus formas, condens\u00e1ndose dicha met\u00e1fora tanto en el t\u00edtulo como en la pregunta con la que se inicia y culmina la historia: \u00bfQui\u00e9n llevar\u00e1 flores a los muertos de Juncos si est\u00e1n bajo las aguas del pantano? Jaime Flores Flores (Catedr\u00e1tico de lengua y literatura espa\u00f1ola Universidad de Puerto Rico-R\u00edo Piedras)<\/span><\/div>\n<div id=\"clear-scroll\" class=\"clearfix\"><\/div>\n<\/div>\n<\/div>\n<\/div>\n<\/section>\n<div class=\"feature-section feature-option2\">\n<div class=\"container\">\n<div class=\"related products\">\n<div class=\"title-box\"><\/div>\n<\/div>\n<\/div>\n<\/div>\n<p><iframe data-src=\"https:\/\/player.vimeo.com\/video\/258588855?title=0&amp;byline=0&amp;portrait=0\" width=\"640\" height=\"360\" frameborder=\"0\" allowfullscreen=\"allowfullscreen\" src=\"data:image\/svg+xml;base64,PHN2ZyB3aWR0aD0iMSIgaGVpZ2h0PSIxIiB4bWxucz0iaHR0cDovL3d3dy53My5vcmcvMjAwMC9zdmciPjwvc3ZnPg==\" class=\"lazyload\" data-load-mode=\"1\"><\/iframe><\/p>\n","protected":false},"excerpt":{"rendered":"<p><strong>ISBN: 978-84-17396-43-5<\/strong><\/p>\n<p>Cuando lleg\u00f3 la novela a mis manos lo primero que me llam\u00f3 la atenci\u00f3n fue el t\u00edtulo: Magdalenas sin az\u00facar. Pronto me percat\u00e9 de la inmensa met\u00e1fora que esconde y que afecta a casi todos los personajes de la trama a lo largo de casi un siglo&#8230;<\/p>\n","protected":false},"featured_media":99918,"comment_status":"closed","ping_status":"closed","template":"","meta":{"_acf_changed":false},"libro":[],"product_brand":[],"product_cat":[16],"product_tag":[],"class_list":{"0":"post-93815","1":"product","2":"type-product","3":"status-publish","4":"has-post-thumbnail","6":"product_cat-novela","8":"first","9":"instock","10":"purchasable","11":"product-type-simple"},"acf":{"autor":[72802],"enlace_de_compra":"https:\/\/amzn.to\/3SvRVEn"},"yoast_head":"<!-- This site is optimized with the Yoast SEO plugin v27.4 - https:\/\/yoast.com\/product\/yoast-seo-wordpress\/ -->\n<title>Magdalenas sin az\u00facar - Catalogo | Letrame Grupo Editorial<\/title>\n<meta name=\"robots\" content=\"index, follow, max-snippet:-1, max-image-preview:large, max-video-preview:-1\" \/>\n<link rel=\"canonical\" href=\"https:\/\/letrame.com\/catalogo\/producto\/magdalenas-sin-azucar\/\" \/>\n<meta property=\"og:locale\" content=\"es_ES\" \/>\n<meta property=\"og:type\" content=\"article\" \/>\n<meta property=\"og:title\" content=\"Magdalenas sin az\u00facar - Catalogo | Letrame Grupo Editorial\" \/>\n<meta property=\"og:description\" content=\"ISBN: 978-84-17396-43-5  Cuando lleg\u00f3 la novela a mis manos lo primero que me llam\u00f3 la atenci\u00f3n fue el t\u00edtulo: Magdalenas sin az\u00facar. Pronto me percat\u00e9 de la inmensa met\u00e1fora que esconde y que afecta a casi todos los personajes de la trama a lo largo de casi un siglo...\" \/>\n<meta property=\"og:url\" content=\"https:\/\/letrame.com\/catalogo\/producto\/magdalenas-sin-azucar\/\" \/>\n<meta property=\"og:site_name\" content=\"Catalogo | Letrame Grupo Editorial\" \/>\n<meta property=\"article:modified_time\" content=\"2024-07-31T08:23:54+00:00\" \/>\n<meta property=\"og:image\" content=\"https:\/\/letrame.com\/catalogo\/wp-content\/uploads\/2024\/04\/Magdalenas-sin-azucar.webp\" \/>\n\t<meta property=\"og:image:width\" content=\"375\" \/>\n\t<meta property=\"og:image:height\" content=\"530\" \/>\n\t<meta property=\"og:image:type\" content=\"image\/webp\" \/>\n<meta name=\"twitter:card\" content=\"summary_large_image\" \/>\n<meta name=\"twitter:label1\" content=\"Tiempo de lectura\" \/>\n\t<meta name=\"twitter:data1\" content=\"2 minutos\" \/>\n<script type=\"application\/ld+json\" class=\"yoast-schema-graph\">{\"@context\":\"https:\\\/\\\/schema.org\",\"@graph\":[{\"@type\":\"WebPage\",\"@id\":\"https:\\\/\\\/letrame.com\\\/catalogo\\\/producto\\\/magdalenas-sin-azucar\\\/\",\"url\":\"https:\\\/\\\/letrame.com\\\/catalogo\\\/producto\\\/magdalenas-sin-azucar\\\/\",\"name\":\"Magdalenas sin az\u00facar - Catalogo | Letrame Grupo Editorial\",\"isPartOf\":{\"@id\":\"https:\\\/\\\/letrame.com\\\/catalogo\\\/#website\"},\"primaryImageOfPage\":{\"@id\":\"https:\\\/\\\/letrame.com\\\/catalogo\\\/producto\\\/magdalenas-sin-azucar\\\/#primaryimage\"},\"image\":{\"@id\":\"https:\\\/\\\/letrame.com\\\/catalogo\\\/producto\\\/magdalenas-sin-azucar\\\/#primaryimage\"},\"thumbnailUrl\":\"https:\\\/\\\/letrame.com\\\/catalogo\\\/wp-content\\\/uploads\\\/2024\\\/04\\\/Magdalenas-sin-azucar.webp\",\"datePublished\":\"2024-04-18T07:48:55+00:00\",\"dateModified\":\"2024-07-31T08:23:54+00:00\",\"breadcrumb\":{\"@id\":\"https:\\\/\\\/letrame.com\\\/catalogo\\\/producto\\\/magdalenas-sin-azucar\\\/#breadcrumb\"},\"inLanguage\":\"es\",\"potentialAction\":[{\"@type\":\"ReadAction\",\"target\":[\"https:\\\/\\\/letrame.com\\\/catalogo\\\/producto\\\/magdalenas-sin-azucar\\\/\"]}]},{\"@type\":\"ImageObject\",\"inLanguage\":\"es\",\"@id\":\"https:\\\/\\\/letrame.com\\\/catalogo\\\/producto\\\/magdalenas-sin-azucar\\\/#primaryimage\",\"url\":\"https:\\\/\\\/letrame.com\\\/catalogo\\\/wp-content\\\/uploads\\\/2024\\\/04\\\/Magdalenas-sin-azucar.webp\",\"contentUrl\":\"https:\\\/\\\/letrame.com\\\/catalogo\\\/wp-content\\\/uploads\\\/2024\\\/04\\\/Magdalenas-sin-azucar.webp\",\"width\":375,\"height\":530},{\"@type\":\"BreadcrumbList\",\"@id\":\"https:\\\/\\\/letrame.com\\\/catalogo\\\/producto\\\/magdalenas-sin-azucar\\\/#breadcrumb\",\"itemListElement\":[{\"@type\":\"ListItem\",\"position\":1,\"name\":\"Portada\",\"item\":\"https:\\\/\\\/letrame.com\\\/catalogo\\\/\"},{\"@type\":\"ListItem\",\"position\":2,\"name\":\"Cat\u00e1logo\",\"item\":\"https:\\\/\\\/letrame.com\\\/catalogo\\\/\"},{\"@type\":\"ListItem\",\"position\":3,\"name\":\"Magdalenas sin az\u00facar\"}]},{\"@type\":\"WebSite\",\"@id\":\"https:\\\/\\\/letrame.com\\\/catalogo\\\/#website\",\"url\":\"https:\\\/\\\/letrame.com\\\/catalogo\\\/\",\"name\":\"Catalogo | Letrame Grupo Editorial\",\"description\":\"\",\"publisher\":{\"@id\":\"https:\\\/\\\/letrame.com\\\/catalogo\\\/#organization\"},\"potentialAction\":[{\"@type\":\"SearchAction\",\"target\":{\"@type\":\"EntryPoint\",\"urlTemplate\":\"https:\\\/\\\/letrame.com\\\/catalogo\\\/?s={search_term_string}\"},\"query-input\":{\"@type\":\"PropertyValueSpecification\",\"valueRequired\":true,\"valueName\":\"search_term_string\"}}],\"inLanguage\":\"es\"},{\"@type\":\"Organization\",\"@id\":\"https:\\\/\\\/letrame.com\\\/catalogo\\\/#organization\",\"name\":\"Catalogo | Letrame Grupo Editorial\",\"url\":\"https:\\\/\\\/letrame.com\\\/catalogo\\\/\",\"logo\":{\"@type\":\"ImageObject\",\"inLanguage\":\"es\",\"@id\":\"https:\\\/\\\/letrame.com\\\/catalogo\\\/#\\\/schema\\\/logo\\\/image\\\/\",\"url\":\"https:\\\/\\\/letrame.com\\\/catalogo\\\/wp-content\\\/uploads\\\/2024\\\/03\\\/logo2.webp\",\"contentUrl\":\"https:\\\/\\\/letrame.com\\\/catalogo\\\/wp-content\\\/uploads\\\/2024\\\/03\\\/logo2.webp\",\"width\":394,\"height\":128,\"caption\":\"Catalogo | Letrame Grupo Editorial\"},\"image\":{\"@id\":\"https:\\\/\\\/letrame.com\\\/catalogo\\\/#\\\/schema\\\/logo\\\/image\\\/\"}}]}<\/script>\n<!-- \/ Yoast SEO plugin. -->","yoast_head_json":{"title":"Magdalenas sin az\u00facar - Catalogo | Letrame Grupo Editorial","robots":{"index":"index","follow":"follow","max-snippet":"max-snippet:-1","max-image-preview":"max-image-preview:large","max-video-preview":"max-video-preview:-1"},"canonical":"https:\/\/letrame.com\/catalogo\/producto\/magdalenas-sin-azucar\/","og_locale":"es_ES","og_type":"article","og_title":"Magdalenas sin az\u00facar - Catalogo | Letrame Grupo Editorial","og_description":"ISBN: 978-84-17396-43-5  Cuando lleg\u00f3 la novela a mis manos lo primero que me llam\u00f3 la atenci\u00f3n fue el t\u00edtulo: Magdalenas sin az\u00facar. Pronto me percat\u00e9 de la inmensa met\u00e1fora que esconde y que afecta a casi todos los personajes de la trama a lo largo de casi un siglo...","og_url":"https:\/\/letrame.com\/catalogo\/producto\/magdalenas-sin-azucar\/","og_site_name":"Catalogo | Letrame Grupo Editorial","article_modified_time":"2024-07-31T08:23:54+00:00","og_image":[{"width":375,"height":530,"url":"https:\/\/letrame.com\/catalogo\/wp-content\/uploads\/2024\/04\/Magdalenas-sin-azucar.webp","type":"image\/webp"}],"twitter_card":"summary_large_image","twitter_misc":{"Tiempo de lectura":"2 minutos"},"schema":{"@context":"https:\/\/schema.org","@graph":[{"@type":"WebPage","@id":"https:\/\/letrame.com\/catalogo\/producto\/magdalenas-sin-azucar\/","url":"https:\/\/letrame.com\/catalogo\/producto\/magdalenas-sin-azucar\/","name":"Magdalenas sin az\u00facar - Catalogo | Letrame Grupo Editorial","isPartOf":{"@id":"https:\/\/letrame.com\/catalogo\/#website"},"primaryImageOfPage":{"@id":"https:\/\/letrame.com\/catalogo\/producto\/magdalenas-sin-azucar\/#primaryimage"},"image":{"@id":"https:\/\/letrame.com\/catalogo\/producto\/magdalenas-sin-azucar\/#primaryimage"},"thumbnailUrl":"https:\/\/letrame.com\/catalogo\/wp-content\/uploads\/2024\/04\/Magdalenas-sin-azucar.webp","datePublished":"2024-04-18T07:48:55+00:00","dateModified":"2024-07-31T08:23:54+00:00","breadcrumb":{"@id":"https:\/\/letrame.com\/catalogo\/producto\/magdalenas-sin-azucar\/#breadcrumb"},"inLanguage":"es","potentialAction":[{"@type":"ReadAction","target":["https:\/\/letrame.com\/catalogo\/producto\/magdalenas-sin-azucar\/"]}]},{"@type":"ImageObject","inLanguage":"es","@id":"https:\/\/letrame.com\/catalogo\/producto\/magdalenas-sin-azucar\/#primaryimage","url":"https:\/\/letrame.com\/catalogo\/wp-content\/uploads\/2024\/04\/Magdalenas-sin-azucar.webp","contentUrl":"https:\/\/letrame.com\/catalogo\/wp-content\/uploads\/2024\/04\/Magdalenas-sin-azucar.webp","width":375,"height":530},{"@type":"BreadcrumbList","@id":"https:\/\/letrame.com\/catalogo\/producto\/magdalenas-sin-azucar\/#breadcrumb","itemListElement":[{"@type":"ListItem","position":1,"name":"Portada","item":"https:\/\/letrame.com\/catalogo\/"},{"@type":"ListItem","position":2,"name":"Cat\u00e1logo","item":"https:\/\/letrame.com\/catalogo\/"},{"@type":"ListItem","position":3,"name":"Magdalenas sin az\u00facar"}]},{"@type":"WebSite","@id":"https:\/\/letrame.com\/catalogo\/#website","url":"https:\/\/letrame.com\/catalogo\/","name":"Catalogo | Letrame Grupo Editorial","description":"","publisher":{"@id":"https:\/\/letrame.com\/catalogo\/#organization"},"potentialAction":[{"@type":"SearchAction","target":{"@type":"EntryPoint","urlTemplate":"https:\/\/letrame.com\/catalogo\/?s={search_term_string}"},"query-input":{"@type":"PropertyValueSpecification","valueRequired":true,"valueName":"search_term_string"}}],"inLanguage":"es"},{"@type":"Organization","@id":"https:\/\/letrame.com\/catalogo\/#organization","name":"Catalogo | Letrame Grupo Editorial","url":"https:\/\/letrame.com\/catalogo\/","logo":{"@type":"ImageObject","inLanguage":"es","@id":"https:\/\/letrame.com\/catalogo\/#\/schema\/logo\/image\/","url":"https:\/\/letrame.com\/catalogo\/wp-content\/uploads\/2024\/03\/logo2.webp","contentUrl":"https:\/\/letrame.com\/catalogo\/wp-content\/uploads\/2024\/03\/logo2.webp","width":394,"height":128,"caption":"Catalogo | Letrame Grupo Editorial"},"image":{"@id":"https:\/\/letrame.com\/catalogo\/#\/schema\/logo\/image\/"}}]}},"_links":{"self":[{"href":"https:\/\/letrame.com\/catalogo\/wp-json\/wp\/v2\/product\/93815","targetHints":{"allow":["GET"]}}],"collection":[{"href":"https:\/\/letrame.com\/catalogo\/wp-json\/wp\/v2\/product"}],"about":[{"href":"https:\/\/letrame.com\/catalogo\/wp-json\/wp\/v2\/types\/product"}],"replies":[{"embeddable":true,"href":"https:\/\/letrame.com\/catalogo\/wp-json\/wp\/v2\/comments?post=93815"}],"acf:post":[{"embeddable":true,"href":"https:\/\/letrame.com\/catalogo\/wp-json\/wp\/v2\/author_book\/72802"}],"wp:featuredmedia":[{"embeddable":true,"href":"https:\/\/letrame.com\/catalogo\/wp-json\/wp\/v2\/media\/99918"}],"wp:attachment":[{"href":"https:\/\/letrame.com\/catalogo\/wp-json\/wp\/v2\/media?parent=93815"}],"wp:term":[{"taxonomy":"libro","embeddable":true,"href":"https:\/\/letrame.com\/catalogo\/wp-json\/wp\/v2\/libro?post=93815"},{"taxonomy":"product_brand","embeddable":true,"href":"https:\/\/letrame.com\/catalogo\/wp-json\/wp\/v2\/product_brand?post=93815"},{"taxonomy":"product_cat","embeddable":true,"href":"https:\/\/letrame.com\/catalogo\/wp-json\/wp\/v2\/product_cat?post=93815"},{"taxonomy":"product_tag","embeddable":true,"href":"https:\/\/letrame.com\/catalogo\/wp-json\/wp\/v2\/product_tag?post=93815"}],"curies":[{"name":"wp","href":"https:\/\/api.w.org\/{rel}","templated":true}]}}