{"id":93748,"date":"2024-04-18T09:43:32","date_gmt":"2024-04-18T07:43:32","guid":{"rendered":"https:\/\/letrame.com\/catalogo\/producto\/pa-amb-mel\/"},"modified":"2024-04-18T09:43:35","modified_gmt":"2024-04-18T07:43:35","slug":"pa-amb-mel","status":"publish","type":"product","link":"https:\/\/letrame.com\/catalogo\/producto\/pa-amb-mel\/","title":{"rendered":"Pa amb mel"},"content":{"rendered":"<p><strong>ISBN<\/strong>: 978-84-17285-88-3<br \/>\n<strong>T\u00edtulo<\/strong>: Pa amb mel<br \/>\n<strong>Fecha<\/strong>: 2017<br \/>\n<strong>P\u00e1ginas<\/strong>: 120<\/p>\n<p>&nbsp;<\/p>\n<p><strong>SINOPSIS<\/strong><\/p>\n<section>\n<div class=\"about-this-book\">\n<div class=\"container\">\n<div class=\"right-detail shop-detail1 pull-right col-md-8 col-sm-8 col-xs-12\">\n<div id=\"editionnal-reviews\" class=\"book-desc-detail\"><span class=\"detail-desc box-detail-desc\">No s\u00f3c nom\u00e9s l\u2019aiguat de la paraula a la deu que dins l\u2019enyor se\u2019m rebrosta, ni rel seca que esgarrinxi la tarda en el brom tempestu\u00f3s que s\u2019acosta. Puc ser el rou que amoroseix l\u2019estada de la melangia que palpa onatges, no hi ha pluges per a tanta secada, ni plor que negui la mel d\u2019altres platges. Dec ser, potser, alguna engruna de brisa, un al\u00e8 d\u2019eternitat que es dessagna, un manyoc de n\u00favols de llana grisa, una pluja de maig que el llot ensagna. Un record fugisser o un enigma, una imatge que el temps ven\u00e7 cada dia, una fressa de carn, nervi i estigma, un deler d\u2019estimar i de poesia. Un grapat esmorte\u00eft de membrances, la llavor embrion\u00e0ria del dubte hostatge i presoner, malalt d\u2019estances, l\u2019ecoic estamordit d\u2019un exabrupte. Un ciri apagat, no&#8230; un ble d\u2019espelma, el fosc tentinejar d\u2019un tou capvespre la paga i la senyal d\u2019un antic delme, el rastre brunzidor d\u2019alguna vespa. S\u00f3c el l\u00edmit borr\u00f3s de la imprud\u00e8ncia, el pas fronterer de la gosadia, la daga que ha matat la viol\u00e8ncia, la pluja que ha mullat la nit i el dia. L\u2019oblit de la can\u00e7\u00f3 i de la festa, la sal que enc\u00e9n el gust de la verdura, el pa eixarre\u00eft que encara es llesca, el ser, el fer i el dir que en mi perdura. (Espero aqu\u00ed assegut i a la fresca per si alguna de verda en madura.)<\/span><\/div>\n<div id=\"clear-scroll\" class=\"clearfix\"><\/div>\n<\/div>\n<\/div>\n<\/div>\n<\/section>\n<div class=\"feature-section feature-option2\">\n<div class=\"container\">\n<div class=\"related products\">\n<div class=\"title-box\"><\/div>\n<\/div>\n<\/div>\n<\/div>\n<p><iframe data-src=\"https:\/\/player.vimeo.com\/video\/249491597\" width=\"640\" height=\"564\" frameborder=\"0\" allowfullscreen=\"allowfullscreen\" src=\"data:image\/svg+xml;base64,PHN2ZyB3aWR0aD0iMSIgaGVpZ2h0PSIxIiB4bWxucz0iaHR0cDovL3d3dy53My5vcmcvMjAwMC9zdmciPjwvc3ZnPg==\" class=\"lazyload\" data-load-mode=\"1\"><\/iframe><\/p>\n","protected":false},"excerpt":{"rendered":"<p><strong>ISBN: 978-84-17285-88-3<\/strong><\/p>\n<p>No s\u00f3c nom\u00e9s l\u2019aiguat de la paraula<br \/>\na la deu que dins l\u2019enyor se\u2019m rebrosta,<br \/>\nni rel seca que esgarrinxi la tarda<br \/>\nen el brom tempestu\u00f3s que s\u2019acosta&#8230;<\/p>\n","protected":false},"featured_media":93749,"comment_status":"closed","ping_status":"open","template":"","meta":{"_acf_changed":false},"libro":[],"product_brand":[],"product_cat":[20],"product_tag":[],"class_list":{"0":"post-93748","1":"product","2":"type-product","3":"status-publish","4":"has-post-thumbnail","6":"product_cat-poesia","8":"first","9":"instock","10":"purchasable","11":"product-type-simple"},"acf":{"autor":[72551],"enlace_de_compra":""},"yoast_head":"<!-- This site is optimized with the Yoast SEO plugin v27.4 - https:\/\/yoast.com\/product\/yoast-seo-wordpress\/ -->\n<title>Pa amb mel - Catalogo | Letrame Grupo Editorial<\/title>\n<meta name=\"robots\" content=\"index, follow, max-snippet:-1, max-image-preview:large, max-video-preview:-1\" \/>\n<link rel=\"canonical\" href=\"https:\/\/letrame.com\/catalogo\/producto\/pa-amb-mel\/\" \/>\n<meta property=\"og:locale\" content=\"es_ES\" \/>\n<meta property=\"og:type\" content=\"article\" \/>\n<meta property=\"og:title\" content=\"Pa amb mel - Catalogo | Letrame Grupo Editorial\" \/>\n<meta property=\"og:description\" content=\"ISBN: 978-84-17285-88-3 No s\u00f3c nom\u00e9s l\u2019aiguat de la paraula a la deu que dins l\u2019enyor se\u2019m rebrosta, ni rel seca que esgarrinxi la tarda en el brom tempestu\u00f3s que s\u2019acosta...\" \/>\n<meta property=\"og:url\" content=\"https:\/\/letrame.com\/catalogo\/producto\/pa-amb-mel\/\" \/>\n<meta property=\"og:site_name\" content=\"Catalogo | Letrame Grupo Editorial\" \/>\n<meta property=\"article:modified_time\" content=\"2024-04-18T07:43:35+00:00\" \/>\n<meta property=\"og:image\" content=\"https:\/\/letrame.com\/catalogo\/wp-content\/uploads\/2024\/04\/Pa-amb-mel.jpg\" \/>\n\t<meta property=\"og:image:width\" content=\"375\" \/>\n\t<meta property=\"og:image:height\" content=\"536\" \/>\n\t<meta property=\"og:image:type\" content=\"image\/jpeg\" \/>\n<meta name=\"twitter:card\" content=\"summary_large_image\" \/>\n<meta name=\"twitter:label1\" content=\"Tiempo de lectura\" \/>\n\t<meta name=\"twitter:data1\" content=\"1 minuto\" \/>\n<script type=\"application\/ld+json\" class=\"yoast-schema-graph\">{\"@context\":\"https:\\\/\\\/schema.org\",\"@graph\":[{\"@type\":\"WebPage\",\"@id\":\"https:\\\/\\\/letrame.com\\\/catalogo\\\/producto\\\/pa-amb-mel\\\/\",\"url\":\"https:\\\/\\\/letrame.com\\\/catalogo\\\/producto\\\/pa-amb-mel\\\/\",\"name\":\"Pa amb mel - Catalogo | Letrame Grupo Editorial\",\"isPartOf\":{\"@id\":\"https:\\\/\\\/letrame.com\\\/catalogo\\\/#website\"},\"primaryImageOfPage\":{\"@id\":\"https:\\\/\\\/letrame.com\\\/catalogo\\\/producto\\\/pa-amb-mel\\\/#primaryimage\"},\"image\":{\"@id\":\"https:\\\/\\\/letrame.com\\\/catalogo\\\/producto\\\/pa-amb-mel\\\/#primaryimage\"},\"thumbnailUrl\":\"https:\\\/\\\/letrame.com\\\/catalogo\\\/wp-content\\\/uploads\\\/2024\\\/04\\\/Pa-amb-mel.jpg\",\"datePublished\":\"2024-04-18T07:43:32+00:00\",\"dateModified\":\"2024-04-18T07:43:35+00:00\",\"breadcrumb\":{\"@id\":\"https:\\\/\\\/letrame.com\\\/catalogo\\\/producto\\\/pa-amb-mel\\\/#breadcrumb\"},\"inLanguage\":\"es\",\"potentialAction\":[{\"@type\":\"ReadAction\",\"target\":[\"https:\\\/\\\/letrame.com\\\/catalogo\\\/producto\\\/pa-amb-mel\\\/\"]}]},{\"@type\":\"ImageObject\",\"inLanguage\":\"es\",\"@id\":\"https:\\\/\\\/letrame.com\\\/catalogo\\\/producto\\\/pa-amb-mel\\\/#primaryimage\",\"url\":\"https:\\\/\\\/letrame.com\\\/catalogo\\\/wp-content\\\/uploads\\\/2024\\\/04\\\/Pa-amb-mel.jpg\",\"contentUrl\":\"https:\\\/\\\/letrame.com\\\/catalogo\\\/wp-content\\\/uploads\\\/2024\\\/04\\\/Pa-amb-mel.jpg\",\"width\":375,\"height\":536},{\"@type\":\"BreadcrumbList\",\"@id\":\"https:\\\/\\\/letrame.com\\\/catalogo\\\/producto\\\/pa-amb-mel\\\/#breadcrumb\",\"itemListElement\":[{\"@type\":\"ListItem\",\"position\":1,\"name\":\"Portada\",\"item\":\"https:\\\/\\\/letrame.com\\\/catalogo\\\/\"},{\"@type\":\"ListItem\",\"position\":2,\"name\":\"Cat\u00e1logo\",\"item\":\"https:\\\/\\\/letrame.com\\\/catalogo\\\/\"},{\"@type\":\"ListItem\",\"position\":3,\"name\":\"Pa amb mel\"}]},{\"@type\":\"WebSite\",\"@id\":\"https:\\\/\\\/letrame.com\\\/catalogo\\\/#website\",\"url\":\"https:\\\/\\\/letrame.com\\\/catalogo\\\/\",\"name\":\"Catalogo | Letrame Grupo Editorial\",\"description\":\"\",\"publisher\":{\"@id\":\"https:\\\/\\\/letrame.com\\\/catalogo\\\/#organization\"},\"potentialAction\":[{\"@type\":\"SearchAction\",\"target\":{\"@type\":\"EntryPoint\",\"urlTemplate\":\"https:\\\/\\\/letrame.com\\\/catalogo\\\/?s={search_term_string}\"},\"query-input\":{\"@type\":\"PropertyValueSpecification\",\"valueRequired\":true,\"valueName\":\"search_term_string\"}}],\"inLanguage\":\"es\"},{\"@type\":\"Organization\",\"@id\":\"https:\\\/\\\/letrame.com\\\/catalogo\\\/#organization\",\"name\":\"Catalogo | Letrame Grupo Editorial\",\"url\":\"https:\\\/\\\/letrame.com\\\/catalogo\\\/\",\"logo\":{\"@type\":\"ImageObject\",\"inLanguage\":\"es\",\"@id\":\"https:\\\/\\\/letrame.com\\\/catalogo\\\/#\\\/schema\\\/logo\\\/image\\\/\",\"url\":\"https:\\\/\\\/letrame.com\\\/catalogo\\\/wp-content\\\/uploads\\\/2024\\\/03\\\/logo2.webp\",\"contentUrl\":\"https:\\\/\\\/letrame.com\\\/catalogo\\\/wp-content\\\/uploads\\\/2024\\\/03\\\/logo2.webp\",\"width\":394,\"height\":128,\"caption\":\"Catalogo | Letrame Grupo Editorial\"},\"image\":{\"@id\":\"https:\\\/\\\/letrame.com\\\/catalogo\\\/#\\\/schema\\\/logo\\\/image\\\/\"}}]}<\/script>\n<!-- \/ Yoast SEO plugin. -->","yoast_head_json":{"title":"Pa amb mel - Catalogo | Letrame Grupo Editorial","robots":{"index":"index","follow":"follow","max-snippet":"max-snippet:-1","max-image-preview":"max-image-preview:large","max-video-preview":"max-video-preview:-1"},"canonical":"https:\/\/letrame.com\/catalogo\/producto\/pa-amb-mel\/","og_locale":"es_ES","og_type":"article","og_title":"Pa amb mel - Catalogo | Letrame Grupo Editorial","og_description":"ISBN: 978-84-17285-88-3 No s\u00f3c nom\u00e9s l\u2019aiguat de la paraula a la deu que dins l\u2019enyor se\u2019m rebrosta, ni rel seca que esgarrinxi la tarda en el brom tempestu\u00f3s que s\u2019acosta...","og_url":"https:\/\/letrame.com\/catalogo\/producto\/pa-amb-mel\/","og_site_name":"Catalogo | Letrame Grupo Editorial","article_modified_time":"2024-04-18T07:43:35+00:00","og_image":[{"width":375,"height":536,"url":"https:\/\/letrame.com\/catalogo\/wp-content\/uploads\/2024\/04\/Pa-amb-mel.jpg","type":"image\/jpeg"}],"twitter_card":"summary_large_image","twitter_misc":{"Tiempo de lectura":"1 minuto"},"schema":{"@context":"https:\/\/schema.org","@graph":[{"@type":"WebPage","@id":"https:\/\/letrame.com\/catalogo\/producto\/pa-amb-mel\/","url":"https:\/\/letrame.com\/catalogo\/producto\/pa-amb-mel\/","name":"Pa amb mel - Catalogo | Letrame Grupo Editorial","isPartOf":{"@id":"https:\/\/letrame.com\/catalogo\/#website"},"primaryImageOfPage":{"@id":"https:\/\/letrame.com\/catalogo\/producto\/pa-amb-mel\/#primaryimage"},"image":{"@id":"https:\/\/letrame.com\/catalogo\/producto\/pa-amb-mel\/#primaryimage"},"thumbnailUrl":"https:\/\/letrame.com\/catalogo\/wp-content\/uploads\/2024\/04\/Pa-amb-mel.jpg","datePublished":"2024-04-18T07:43:32+00:00","dateModified":"2024-04-18T07:43:35+00:00","breadcrumb":{"@id":"https:\/\/letrame.com\/catalogo\/producto\/pa-amb-mel\/#breadcrumb"},"inLanguage":"es","potentialAction":[{"@type":"ReadAction","target":["https:\/\/letrame.com\/catalogo\/producto\/pa-amb-mel\/"]}]},{"@type":"ImageObject","inLanguage":"es","@id":"https:\/\/letrame.com\/catalogo\/producto\/pa-amb-mel\/#primaryimage","url":"https:\/\/letrame.com\/catalogo\/wp-content\/uploads\/2024\/04\/Pa-amb-mel.jpg","contentUrl":"https:\/\/letrame.com\/catalogo\/wp-content\/uploads\/2024\/04\/Pa-amb-mel.jpg","width":375,"height":536},{"@type":"BreadcrumbList","@id":"https:\/\/letrame.com\/catalogo\/producto\/pa-amb-mel\/#breadcrumb","itemListElement":[{"@type":"ListItem","position":1,"name":"Portada","item":"https:\/\/letrame.com\/catalogo\/"},{"@type":"ListItem","position":2,"name":"Cat\u00e1logo","item":"https:\/\/letrame.com\/catalogo\/"},{"@type":"ListItem","position":3,"name":"Pa amb mel"}]},{"@type":"WebSite","@id":"https:\/\/letrame.com\/catalogo\/#website","url":"https:\/\/letrame.com\/catalogo\/","name":"Catalogo | Letrame Grupo Editorial","description":"","publisher":{"@id":"https:\/\/letrame.com\/catalogo\/#organization"},"potentialAction":[{"@type":"SearchAction","target":{"@type":"EntryPoint","urlTemplate":"https:\/\/letrame.com\/catalogo\/?s={search_term_string}"},"query-input":{"@type":"PropertyValueSpecification","valueRequired":true,"valueName":"search_term_string"}}],"inLanguage":"es"},{"@type":"Organization","@id":"https:\/\/letrame.com\/catalogo\/#organization","name":"Catalogo | Letrame Grupo Editorial","url":"https:\/\/letrame.com\/catalogo\/","logo":{"@type":"ImageObject","inLanguage":"es","@id":"https:\/\/letrame.com\/catalogo\/#\/schema\/logo\/image\/","url":"https:\/\/letrame.com\/catalogo\/wp-content\/uploads\/2024\/03\/logo2.webp","contentUrl":"https:\/\/letrame.com\/catalogo\/wp-content\/uploads\/2024\/03\/logo2.webp","width":394,"height":128,"caption":"Catalogo | Letrame Grupo Editorial"},"image":{"@id":"https:\/\/letrame.com\/catalogo\/#\/schema\/logo\/image\/"}}]}},"_links":{"self":[{"href":"https:\/\/letrame.com\/catalogo\/wp-json\/wp\/v2\/product\/93748","targetHints":{"allow":["GET"]}}],"collection":[{"href":"https:\/\/letrame.com\/catalogo\/wp-json\/wp\/v2\/product"}],"about":[{"href":"https:\/\/letrame.com\/catalogo\/wp-json\/wp\/v2\/types\/product"}],"replies":[{"embeddable":true,"href":"https:\/\/letrame.com\/catalogo\/wp-json\/wp\/v2\/comments?post=93748"}],"acf:post":[{"embeddable":true,"href":"https:\/\/letrame.com\/catalogo\/wp-json\/wp\/v2\/author_book\/72551"}],"wp:featuredmedia":[{"embeddable":true,"href":"https:\/\/letrame.com\/catalogo\/wp-json\/wp\/v2\/media\/93749"}],"wp:attachment":[{"href":"https:\/\/letrame.com\/catalogo\/wp-json\/wp\/v2\/media?parent=93748"}],"wp:term":[{"taxonomy":"libro","embeddable":true,"href":"https:\/\/letrame.com\/catalogo\/wp-json\/wp\/v2\/libro?post=93748"},{"taxonomy":"product_brand","embeddable":true,"href":"https:\/\/letrame.com\/catalogo\/wp-json\/wp\/v2\/product_brand?post=93748"},{"taxonomy":"product_cat","embeddable":true,"href":"https:\/\/letrame.com\/catalogo\/wp-json\/wp\/v2\/product_cat?post=93748"},{"taxonomy":"product_tag","embeddable":true,"href":"https:\/\/letrame.com\/catalogo\/wp-json\/wp\/v2\/product_tag?post=93748"}],"curies":[{"name":"wp","href":"https:\/\/api.w.org\/{rel}","templated":true}]}}