{"id":93711,"date":"2024-04-18T09:39:12","date_gmt":"2024-04-18T07:39:12","guid":{"rendered":"https:\/\/letrame.com\/catalogo\/producto\/pues-nada-aqui-estamos\/"},"modified":"2024-05-15T11:21:49","modified_gmt":"2024-05-15T09:21:49","slug":"pues-nada-aqui-estamos","status":"publish","type":"product","link":"https:\/\/letrame.com\/catalogo\/producto\/pues-nada-aqui-estamos\/","title":{"rendered":"Pues nada, aqu\u00ed estamos"},"content":{"rendered":"<p><strong>ISBN<\/strong>: 978-84-17285-48-7<br \/>\n<strong>T\u00edtulo<\/strong>: Pues nada, aqu\u00ed estamos<br \/>\n<strong>Fecha<\/strong>: 2017<br \/>\n<strong>P\u00e1ginas<\/strong>: 252<\/p>\n<p>&nbsp;<\/p>\n<p><strong>SINOPSIS<\/strong><\/p>\n<section>\n<div class=\"about-this-book\">\n<div class=\"container\">\n<div class=\"right-detail shop-detail1 pull-right col-md-8 col-sm-8 col-xs-12\">\n<div id=\"editionnal-reviews\" class=\"book-desc-detail\"><span class=\"detail-desc box-detail-desc\">La Muy Leal y Noble Villa de Orculota del Condado sirve de escenario para emprender un periplo por los principales hitos que han ido forjando esa realidad que llamamos Espa\u00f1a: la romanizaci\u00f3n, la llegada del cristianismo, la Reconquista, el descubrimiento de Am\u00e9rica, el Siglo de Oro, la Guerra de la Independencia\u2026 Y hasta para aventurarnos en lo que podr\u00edan deparar los a\u00f1os venideros. De la mano de Orculota nos toparemos con personajes como Parinafio, su fundador, caudillo de una de las innumerables tribus iberas cuya tozudez combativa provoc\u00f3 que los romanos tardaran la friolera de doscientos a\u00f1os en conquistar Hispania; con jefes locales como Monifo, testigo directo de las peripecias de los siete Varones Apost\u00f3licos en su af\u00e1n por extender la Palabra de Jes\u00fas por toda la pen\u00ednsula ib\u00e9rica; con se\u00f1ores como Juan Garc\u00eda y Lope, protagonista en aquella colosal gesta que fue la lucha contra la morisma invasora; con mercaderes como Ludovico Lecce, quien desde su G\u00e9nova natal percibi\u00f3 las posibilidades de negocio que abr\u00eda el Nuevo Mundo; con el an\u00f3nimo morador de una enigm\u00e1tica vivienda, modelo paradigm\u00e1tico del m\u00e1s c\u00e1ndido idealismo patrio; con h\u00e9roes como Mariano Caballero y Florinda Tuerca, que mantuvieron encendida la llama de la independencia nacional frente al empuje de las hordas napole\u00f3nicas; o con bienintencionados como Antonio Betone Abdelah Alp\u00edjona, que lleg\u00f3 tarde a la mesa del caf\u00e9 para todos. \u00bfA qu\u00e9 cotas ser\u00eda capaz de llevarla a mediados del siglo XXI alguien de la talla del doctor Francisco Cheles? Pues nada, aqu\u00ed estamos es una novela minuciosamente documentada, donde se entrecruzan lo mejor y lo peor del g\u00e9nero humano: lealtades y traiciones, conversiones y persecuciones, amor\u00edos e infortunios, adhesiones y felon\u00edas, altruismos y codicias\u2026 Mas todo ello con un denominador com\u00fan que desaf\u00eda a las tan manidas leyendas negras y otras burdas manipulaciones a las que ha sido sometida nuestra Historia: el orgullo por todo lo que, unidos, hemos sido, somos y seguiremos siendo.<\/span><\/div>\n<div id=\"clear-scroll\" class=\"clearfix\"><\/div>\n<\/div>\n<\/div>\n<\/div>\n<\/section>\n<div class=\"feature-section feature-option2\">\n<div class=\"container\">\n<div class=\"related products\">\n<div class=\"title-box\"><\/div>\n<\/div>\n<\/div>\n<\/div>\n<p><iframe data-src=\"https:\/\/player.vimeo.com\/video\/242563464\" width=\"640\" height=\"564\" frameborder=\"0\" allowfullscreen=\"allowfullscreen\" src=\"data:image\/svg+xml;base64,PHN2ZyB3aWR0aD0iMSIgaGVpZ2h0PSIxIiB4bWxucz0iaHR0cDovL3d3dy53My5vcmcvMjAwMC9zdmciPjwvc3ZnPg==\" class=\"lazyload\" data-load-mode=\"1\"><\/iframe><\/p>\n","protected":false},"excerpt":{"rendered":"<p><strong>ISBN: 978-84-17285-48-7<\/strong><\/p>\n<p>La Muy Leal y Noble Villa de Orculota del Condado sirve de escenario para emprender un periplo por los principales hitos que han ido forjando esa realidad que llamamos Espa\u00f1a: la romanizaci\u00f3n, la llegada del cristianismo, la Reconquista, el descubrimiento de Am\u00e9rica&#8230;<\/p>\n","protected":false},"featured_media":99940,"comment_status":"closed","ping_status":"closed","template":"","meta":{"_acf_changed":false},"libro":[],"product_brand":[],"product_cat":[16],"product_tag":[],"class_list":{"0":"post-93711","1":"product","2":"type-product","3":"status-publish","4":"has-post-thumbnail","6":"product_cat-novela","8":"first","9":"instock","10":"purchasable","11":"product-type-simple"},"acf":{"autor":[72707],"enlace_de_compra":"https:\/\/www.amazon.es\/Pues-nada-aqu%C3%AD-estamos-novelado\/dp\/8417285229\/"},"yoast_head":"<!-- This site is optimized with the Yoast SEO plugin v26.6 - https:\/\/yoast.com\/wordpress\/plugins\/seo\/ -->\n<title>Pues nada, aqu\u00ed estamos - Catalogo | Letrame Grupo Editorial<\/title>\n<meta name=\"robots\" content=\"index, follow, max-snippet:-1, max-image-preview:large, max-video-preview:-1\" \/>\n<link rel=\"canonical\" href=\"https:\/\/letrame.com\/catalogo\/producto\/pues-nada-aqui-estamos\/\" \/>\n<meta property=\"og:locale\" content=\"es_ES\" \/>\n<meta property=\"og:type\" content=\"article\" \/>\n<meta property=\"og:title\" content=\"Pues nada, aqu\u00ed estamos - Catalogo | Letrame Grupo Editorial\" \/>\n<meta property=\"og:description\" content=\"ISBN: 978-84-17285-48-7  La Muy Leal y Noble Villa de Orculota del Condado sirve de escenario para emprender un periplo por los principales hitos que han ido forjando esa realidad que llamamos Espa\u00f1a: la romanizaci\u00f3n, la llegada del cristianismo, la Reconquista, el descubrimiento de Am\u00e9rica...\" \/>\n<meta property=\"og:url\" content=\"https:\/\/letrame.com\/catalogo\/producto\/pues-nada-aqui-estamos\/\" \/>\n<meta property=\"og:site_name\" content=\"Catalogo | Letrame Grupo Editorial\" \/>\n<meta property=\"article:modified_time\" content=\"2024-05-15T09:21:49+00:00\" \/>\n<meta property=\"og:image\" content=\"https:\/\/letrame.com\/catalogo\/wp-content\/uploads\/2024\/04\/Pues-nada-aqui-estamos.webp\" \/>\n\t<meta property=\"og:image:width\" content=\"375\" \/>\n\t<meta property=\"og:image:height\" content=\"535\" \/>\n\t<meta property=\"og:image:type\" content=\"image\/webp\" \/>\n<meta name=\"twitter:card\" content=\"summary_large_image\" \/>\n<meta name=\"twitter:label1\" content=\"Tiempo de lectura\" \/>\n\t<meta name=\"twitter:data1\" content=\"2 minutos\" \/>\n<script type=\"application\/ld+json\" class=\"yoast-schema-graph\">{\"@context\":\"https:\/\/schema.org\",\"@graph\":[{\"@type\":\"WebPage\",\"@id\":\"https:\/\/letrame.com\/catalogo\/producto\/pues-nada-aqui-estamos\/\",\"url\":\"https:\/\/letrame.com\/catalogo\/producto\/pues-nada-aqui-estamos\/\",\"name\":\"Pues nada, aqu\u00ed estamos - Catalogo | Letrame Grupo Editorial\",\"isPartOf\":{\"@id\":\"https:\/\/letrame.com\/catalogo\/#website\"},\"primaryImageOfPage\":{\"@id\":\"https:\/\/letrame.com\/catalogo\/producto\/pues-nada-aqui-estamos\/#primaryimage\"},\"image\":{\"@id\":\"https:\/\/letrame.com\/catalogo\/producto\/pues-nada-aqui-estamos\/#primaryimage\"},\"thumbnailUrl\":\"https:\/\/letrame.com\/catalogo\/wp-content\/uploads\/2024\/04\/Pues-nada-aqui-estamos.webp\",\"datePublished\":\"2024-04-18T07:39:12+00:00\",\"dateModified\":\"2024-05-15T09:21:49+00:00\",\"breadcrumb\":{\"@id\":\"https:\/\/letrame.com\/catalogo\/producto\/pues-nada-aqui-estamos\/#breadcrumb\"},\"inLanguage\":\"es\",\"potentialAction\":[{\"@type\":\"ReadAction\",\"target\":[\"https:\/\/letrame.com\/catalogo\/producto\/pues-nada-aqui-estamos\/\"]}]},{\"@type\":\"ImageObject\",\"inLanguage\":\"es\",\"@id\":\"https:\/\/letrame.com\/catalogo\/producto\/pues-nada-aqui-estamos\/#primaryimage\",\"url\":\"https:\/\/letrame.com\/catalogo\/wp-content\/uploads\/2024\/04\/Pues-nada-aqui-estamos.webp\",\"contentUrl\":\"https:\/\/letrame.com\/catalogo\/wp-content\/uploads\/2024\/04\/Pues-nada-aqui-estamos.webp\",\"width\":375,\"height\":535},{\"@type\":\"BreadcrumbList\",\"@id\":\"https:\/\/letrame.com\/catalogo\/producto\/pues-nada-aqui-estamos\/#breadcrumb\",\"itemListElement\":[{\"@type\":\"ListItem\",\"position\":1,\"name\":\"Portada\",\"item\":\"https:\/\/letrame.com\/catalogo\/\"},{\"@type\":\"ListItem\",\"position\":2,\"name\":\"Cat\u00e1logo\",\"item\":\"https:\/\/letrame.com\/catalogo\/\"},{\"@type\":\"ListItem\",\"position\":3,\"name\":\"Pues nada, aqu\u00ed estamos\"}]},{\"@type\":\"WebSite\",\"@id\":\"https:\/\/letrame.com\/catalogo\/#website\",\"url\":\"https:\/\/letrame.com\/catalogo\/\",\"name\":\"Catalogo | Letrame Grupo Editorial\",\"description\":\"\",\"publisher\":{\"@id\":\"https:\/\/letrame.com\/catalogo\/#organization\"},\"potentialAction\":[{\"@type\":\"SearchAction\",\"target\":{\"@type\":\"EntryPoint\",\"urlTemplate\":\"https:\/\/letrame.com\/catalogo\/?s={search_term_string}\"},\"query-input\":{\"@type\":\"PropertyValueSpecification\",\"valueRequired\":true,\"valueName\":\"search_term_string\"}}],\"inLanguage\":\"es\"},{\"@type\":\"Organization\",\"@id\":\"https:\/\/letrame.com\/catalogo\/#organization\",\"name\":\"Catalogo | Letrame Grupo Editorial\",\"url\":\"https:\/\/letrame.com\/catalogo\/\",\"logo\":{\"@type\":\"ImageObject\",\"inLanguage\":\"es\",\"@id\":\"https:\/\/letrame.com\/catalogo\/#\/schema\/logo\/image\/\",\"url\":\"https:\/\/letrame.com\/catalogo\/wp-content\/uploads\/2024\/03\/logo2.webp\",\"contentUrl\":\"https:\/\/letrame.com\/catalogo\/wp-content\/uploads\/2024\/03\/logo2.webp\",\"width\":394,\"height\":128,\"caption\":\"Catalogo | Letrame Grupo Editorial\"},\"image\":{\"@id\":\"https:\/\/letrame.com\/catalogo\/#\/schema\/logo\/image\/\"}}]}<\/script>\n<!-- \/ Yoast SEO plugin. -->","yoast_head_json":{"title":"Pues nada, aqu\u00ed estamos - Catalogo | Letrame Grupo Editorial","robots":{"index":"index","follow":"follow","max-snippet":"max-snippet:-1","max-image-preview":"max-image-preview:large","max-video-preview":"max-video-preview:-1"},"canonical":"https:\/\/letrame.com\/catalogo\/producto\/pues-nada-aqui-estamos\/","og_locale":"es_ES","og_type":"article","og_title":"Pues nada, aqu\u00ed estamos - Catalogo | Letrame Grupo Editorial","og_description":"ISBN: 978-84-17285-48-7  La Muy Leal y Noble Villa de Orculota del Condado sirve de escenario para emprender un periplo por los principales hitos que han ido forjando esa realidad que llamamos Espa\u00f1a: la romanizaci\u00f3n, la llegada del cristianismo, la Reconquista, el descubrimiento de Am\u00e9rica...","og_url":"https:\/\/letrame.com\/catalogo\/producto\/pues-nada-aqui-estamos\/","og_site_name":"Catalogo | Letrame Grupo Editorial","article_modified_time":"2024-05-15T09:21:49+00:00","og_image":[{"width":375,"height":535,"url":"https:\/\/letrame.com\/catalogo\/wp-content\/uploads\/2024\/04\/Pues-nada-aqui-estamos.webp","type":"image\/webp"}],"twitter_card":"summary_large_image","twitter_misc":{"Tiempo de lectura":"2 minutos"},"schema":{"@context":"https:\/\/schema.org","@graph":[{"@type":"WebPage","@id":"https:\/\/letrame.com\/catalogo\/producto\/pues-nada-aqui-estamos\/","url":"https:\/\/letrame.com\/catalogo\/producto\/pues-nada-aqui-estamos\/","name":"Pues nada, aqu\u00ed estamos - Catalogo | Letrame Grupo Editorial","isPartOf":{"@id":"https:\/\/letrame.com\/catalogo\/#website"},"primaryImageOfPage":{"@id":"https:\/\/letrame.com\/catalogo\/producto\/pues-nada-aqui-estamos\/#primaryimage"},"image":{"@id":"https:\/\/letrame.com\/catalogo\/producto\/pues-nada-aqui-estamos\/#primaryimage"},"thumbnailUrl":"https:\/\/letrame.com\/catalogo\/wp-content\/uploads\/2024\/04\/Pues-nada-aqui-estamos.webp","datePublished":"2024-04-18T07:39:12+00:00","dateModified":"2024-05-15T09:21:49+00:00","breadcrumb":{"@id":"https:\/\/letrame.com\/catalogo\/producto\/pues-nada-aqui-estamos\/#breadcrumb"},"inLanguage":"es","potentialAction":[{"@type":"ReadAction","target":["https:\/\/letrame.com\/catalogo\/producto\/pues-nada-aqui-estamos\/"]}]},{"@type":"ImageObject","inLanguage":"es","@id":"https:\/\/letrame.com\/catalogo\/producto\/pues-nada-aqui-estamos\/#primaryimage","url":"https:\/\/letrame.com\/catalogo\/wp-content\/uploads\/2024\/04\/Pues-nada-aqui-estamos.webp","contentUrl":"https:\/\/letrame.com\/catalogo\/wp-content\/uploads\/2024\/04\/Pues-nada-aqui-estamos.webp","width":375,"height":535},{"@type":"BreadcrumbList","@id":"https:\/\/letrame.com\/catalogo\/producto\/pues-nada-aqui-estamos\/#breadcrumb","itemListElement":[{"@type":"ListItem","position":1,"name":"Portada","item":"https:\/\/letrame.com\/catalogo\/"},{"@type":"ListItem","position":2,"name":"Cat\u00e1logo","item":"https:\/\/letrame.com\/catalogo\/"},{"@type":"ListItem","position":3,"name":"Pues nada, aqu\u00ed estamos"}]},{"@type":"WebSite","@id":"https:\/\/letrame.com\/catalogo\/#website","url":"https:\/\/letrame.com\/catalogo\/","name":"Catalogo | Letrame Grupo Editorial","description":"","publisher":{"@id":"https:\/\/letrame.com\/catalogo\/#organization"},"potentialAction":[{"@type":"SearchAction","target":{"@type":"EntryPoint","urlTemplate":"https:\/\/letrame.com\/catalogo\/?s={search_term_string}"},"query-input":{"@type":"PropertyValueSpecification","valueRequired":true,"valueName":"search_term_string"}}],"inLanguage":"es"},{"@type":"Organization","@id":"https:\/\/letrame.com\/catalogo\/#organization","name":"Catalogo | Letrame Grupo Editorial","url":"https:\/\/letrame.com\/catalogo\/","logo":{"@type":"ImageObject","inLanguage":"es","@id":"https:\/\/letrame.com\/catalogo\/#\/schema\/logo\/image\/","url":"https:\/\/letrame.com\/catalogo\/wp-content\/uploads\/2024\/03\/logo2.webp","contentUrl":"https:\/\/letrame.com\/catalogo\/wp-content\/uploads\/2024\/03\/logo2.webp","width":394,"height":128,"caption":"Catalogo | Letrame Grupo Editorial"},"image":{"@id":"https:\/\/letrame.com\/catalogo\/#\/schema\/logo\/image\/"}}]}},"_links":{"self":[{"href":"https:\/\/letrame.com\/catalogo\/wp-json\/wp\/v2\/product\/93711","targetHints":{"allow":["GET"]}}],"collection":[{"href":"https:\/\/letrame.com\/catalogo\/wp-json\/wp\/v2\/product"}],"about":[{"href":"https:\/\/letrame.com\/catalogo\/wp-json\/wp\/v2\/types\/product"}],"replies":[{"embeddable":true,"href":"https:\/\/letrame.com\/catalogo\/wp-json\/wp\/v2\/comments?post=93711"}],"acf:post":[{"embeddable":true,"href":"https:\/\/letrame.com\/catalogo\/wp-json\/wp\/v2\/author_book\/72707"}],"wp:featuredmedia":[{"embeddable":true,"href":"https:\/\/letrame.com\/catalogo\/wp-json\/wp\/v2\/media\/99940"}],"wp:attachment":[{"href":"https:\/\/letrame.com\/catalogo\/wp-json\/wp\/v2\/media?parent=93711"}],"wp:term":[{"taxonomy":"libro","embeddable":true,"href":"https:\/\/letrame.com\/catalogo\/wp-json\/wp\/v2\/libro?post=93711"},{"taxonomy":"product_brand","embeddable":true,"href":"https:\/\/letrame.com\/catalogo\/wp-json\/wp\/v2\/product_brand?post=93711"},{"taxonomy":"product_cat","embeddable":true,"href":"https:\/\/letrame.com\/catalogo\/wp-json\/wp\/v2\/product_cat?post=93711"},{"taxonomy":"product_tag","embeddable":true,"href":"https:\/\/letrame.com\/catalogo\/wp-json\/wp\/v2\/product_tag?post=93711"}],"curies":[{"name":"wp","href":"https:\/\/api.w.org\/{rel}","templated":true}]}}