{"id":93660,"date":"2024-04-18T09:34:25","date_gmt":"2024-04-18T07:34:25","guid":{"rendered":"https:\/\/letrame.com\/catalogo\/producto\/pesadillas-tras-una-mirada\/"},"modified":"2024-07-31T08:49:50","modified_gmt":"2024-07-31T06:49:50","slug":"pesadillas-tras-una-mirada","status":"publish","type":"product","link":"https:\/\/letrame.com\/catalogo\/producto\/pesadillas-tras-una-mirada\/","title":{"rendered":"Pesadillas tras una mirada"},"content":{"rendered":"<p><strong>ISBN<\/strong>: 978-84-17161-87-3<br \/>\n<strong>T\u00edtulo<\/strong>: Pesadillas tras una mirada<br \/>\n<strong>Fecha<\/strong>: 2017<br \/>\n<strong>P\u00e1ginas<\/strong>: 362<\/p>\n<p>&nbsp;<\/p>\n<p><strong>SINOPSIS<\/strong><\/p>\n<section>\n<div class=\"about-this-book\">\n<div class=\"container\">\n<div class=\"right-detail shop-detail1 pull-right col-md-8 col-sm-8 col-xs-12\">\n<div id=\"editionnal-reviews\" class=\"book-desc-detail\"><span class=\"detail-desc box-detail-desc\">Hermes tuvo que vivir una dram\u00e1tica aventura en el desierto del Sahara para comprender la importancia de encontrar el prop\u00f3sito que buscaba para su vida, que malgastaba dando palos de ciego. En la misma aventura, Adri\u00e1n asume la culpa del suceso y agudiza sus debilidades autodestructivas, haci\u00e9ndole descender hasta el abismo de la indigencia. Dafne, una mujer apresada por el \u201csinsentido\u201d de su nombre, que asumi\u00f3 su adolescencia alocadamente, intentando crecer y experimentar cuantos retos se le presentaban, compitiendo con cuantos la rodeaban, incluyendo su propia madre, con resultados dram\u00e1ticos. Estas pesadillas que se ocultan tras cada una de las miradas de estos personajes est\u00e1n fundamentadas en sufrimientos cimentados por juicios personales o sist\u00e9micos de muy dif\u00edcil escapatoria. Sin embargo, gracias a la intervenci\u00f3n altruista de otras personas que tuvieron la entereza de liberarse de ataduras emocionales similares y que ahora se entregan plenamente a ayudar a otros, que bien podr\u00edamos ser cualquiera de nosotros, para descerrajar las cadenas de esos juicios que les apresan y bloquean, posibilit\u00e1ndoles reanudar una nueva vida centrada en la paz interior, el amor honesto y desinteresado y la ilusi\u00f3n por vivir y contribuir para dejar un legado. Interesante relato aderezado por singulares sesiones de Hipnoterapia y conversaciones de coaching que, al igual que la primera novela del autor, El misterio de las voces interiores, hacen de esta novela una lectura atrayente que engancha al lector permiti\u00e9ndole finalizar su lectura en pocas jornadas.<\/span><\/div>\n<div id=\"clear-scroll\" class=\"clearfix\"><\/div>\n<\/div>\n<\/div>\n<\/div>\n<\/section>\n<div class=\"feature-section feature-option2\">\n<div class=\"container\">\n<div class=\"related products\">\n<div class=\"title-box\"><\/div>\n<\/div>\n<\/div>\n<\/div>\n<p><iframe data-src=\"https:\/\/player.vimeo.com\/video\/237375489?title=0&amp;byline=0&amp;portrait=0\" width=\"640\" height=\"360\" frameborder=\"0\" allowfullscreen=\"allowfullscreen\" src=\"data:image\/svg+xml;base64,PHN2ZyB3aWR0aD0iMSIgaGVpZ2h0PSIxIiB4bWxucz0iaHR0cDovL3d3dy53My5vcmcvMjAwMC9zdmciPjwvc3ZnPg==\" class=\"lazyload\" data-load-mode=\"1\"><\/iframe><\/p>\n<p><a href=\"https:\/\/vimeo.com\/237375489\">PESADILLAS TRAS UNA MIRADA<\/a> from <a href=\"https:\/\/vimeo.com\/user54867250\">Letrame Grupo Editorial<\/a> on <a href=\"https:\/\/vimeo.com\">Vimeo<\/a>.<\/p>\n","protected":false},"excerpt":{"rendered":"<p><strong>ISBN: 978-84-17161-87-3<\/strong><\/p>\n<p>Hermes tuvo que vivir una dram\u00e1tica aventura en el desierto del Sahara para comprender la importancia de encontrar el prop\u00f3sito que buscaba para su vida, que malgastaba dando palos de ciego.<br \/>\nEn la misma aventura, Adri\u00e1n asume la culpa del suceso y agudiza sus debilidades autodestructivas&#8230;<\/p>\n","protected":false},"featured_media":93661,"comment_status":"closed","ping_status":"closed","template":"","meta":{"_acf_changed":false},"libro":[],"product_brand":[],"product_cat":[16],"product_tag":[],"class_list":{"0":"post-93660","1":"product","2":"type-product","3":"status-publish","4":"has-post-thumbnail","6":"product_cat-novela","8":"first","9":"instock","10":"purchasable","11":"product-type-simple"},"acf":{"autor":[72658],"enlace_de_compra":"https:\/\/amzn.to\/46pOOUj"},"yoast_head":"<!-- This site is optimized with the Yoast SEO plugin v26.6 - https:\/\/yoast.com\/wordpress\/plugins\/seo\/ -->\n<title>Pesadillas tras una mirada - Catalogo | Letrame Grupo Editorial<\/title>\n<meta name=\"robots\" content=\"index, follow, max-snippet:-1, max-image-preview:large, max-video-preview:-1\" \/>\n<link rel=\"canonical\" href=\"https:\/\/letrame.com\/catalogo\/producto\/pesadillas-tras-una-mirada\/\" \/>\n<meta property=\"og:locale\" content=\"es_ES\" \/>\n<meta property=\"og:type\" content=\"article\" \/>\n<meta property=\"og:title\" content=\"Pesadillas tras una mirada - Catalogo | Letrame Grupo Editorial\" \/>\n<meta property=\"og:description\" content=\"ISBN: 978-84-17161-87-3  Hermes tuvo que vivir una dram\u00e1tica aventura en el desierto del Sahara para comprender la importancia de encontrar el prop\u00f3sito que buscaba para su vida, que malgastaba dando palos de ciego. En la misma aventura, Adri\u00e1n asume la culpa del suceso y agudiza sus debilidades autodestructivas...\" \/>\n<meta property=\"og:url\" content=\"https:\/\/letrame.com\/catalogo\/producto\/pesadillas-tras-una-mirada\/\" \/>\n<meta property=\"og:site_name\" content=\"Catalogo | Letrame Grupo Editorial\" \/>\n<meta property=\"article:modified_time\" content=\"2024-07-31T06:49:50+00:00\" \/>\n<meta property=\"og:image\" content=\"https:\/\/letrame.com\/catalogo\/wp-content\/uploads\/2024\/04\/Pesadillas-tras-una-mirada.jpg\" \/>\n\t<meta property=\"og:image:width\" content=\"375\" \/>\n\t<meta property=\"og:image:height\" content=\"525\" \/>\n\t<meta property=\"og:image:type\" content=\"image\/jpeg\" \/>\n<meta name=\"twitter:card\" content=\"summary_large_image\" \/>\n<meta name=\"twitter:label1\" content=\"Tiempo de lectura\" \/>\n\t<meta name=\"twitter:data1\" content=\"2 minutos\" \/>\n<script type=\"application\/ld+json\" class=\"yoast-schema-graph\">{\"@context\":\"https:\/\/schema.org\",\"@graph\":[{\"@type\":\"WebPage\",\"@id\":\"https:\/\/letrame.com\/catalogo\/producto\/pesadillas-tras-una-mirada\/\",\"url\":\"https:\/\/letrame.com\/catalogo\/producto\/pesadillas-tras-una-mirada\/\",\"name\":\"Pesadillas tras una mirada - Catalogo | Letrame Grupo Editorial\",\"isPartOf\":{\"@id\":\"https:\/\/letrame.com\/catalogo\/#website\"},\"primaryImageOfPage\":{\"@id\":\"https:\/\/letrame.com\/catalogo\/producto\/pesadillas-tras-una-mirada\/#primaryimage\"},\"image\":{\"@id\":\"https:\/\/letrame.com\/catalogo\/producto\/pesadillas-tras-una-mirada\/#primaryimage\"},\"thumbnailUrl\":\"https:\/\/letrame.com\/catalogo\/wp-content\/uploads\/2024\/04\/Pesadillas-tras-una-mirada.jpg\",\"datePublished\":\"2024-04-18T07:34:25+00:00\",\"dateModified\":\"2024-07-31T06:49:50+00:00\",\"breadcrumb\":{\"@id\":\"https:\/\/letrame.com\/catalogo\/producto\/pesadillas-tras-una-mirada\/#breadcrumb\"},\"inLanguage\":\"es\",\"potentialAction\":[{\"@type\":\"ReadAction\",\"target\":[\"https:\/\/letrame.com\/catalogo\/producto\/pesadillas-tras-una-mirada\/\"]}]},{\"@type\":\"ImageObject\",\"inLanguage\":\"es\",\"@id\":\"https:\/\/letrame.com\/catalogo\/producto\/pesadillas-tras-una-mirada\/#primaryimage\",\"url\":\"https:\/\/letrame.com\/catalogo\/wp-content\/uploads\/2024\/04\/Pesadillas-tras-una-mirada.jpg\",\"contentUrl\":\"https:\/\/letrame.com\/catalogo\/wp-content\/uploads\/2024\/04\/Pesadillas-tras-una-mirada.jpg\",\"width\":375,\"height\":525},{\"@type\":\"BreadcrumbList\",\"@id\":\"https:\/\/letrame.com\/catalogo\/producto\/pesadillas-tras-una-mirada\/#breadcrumb\",\"itemListElement\":[{\"@type\":\"ListItem\",\"position\":1,\"name\":\"Portada\",\"item\":\"https:\/\/letrame.com\/catalogo\/\"},{\"@type\":\"ListItem\",\"position\":2,\"name\":\"Cat\u00e1logo\",\"item\":\"https:\/\/letrame.com\/catalogo\/\"},{\"@type\":\"ListItem\",\"position\":3,\"name\":\"Pesadillas tras una mirada\"}]},{\"@type\":\"WebSite\",\"@id\":\"https:\/\/letrame.com\/catalogo\/#website\",\"url\":\"https:\/\/letrame.com\/catalogo\/\",\"name\":\"Catalogo | Letrame Grupo Editorial\",\"description\":\"\",\"publisher\":{\"@id\":\"https:\/\/letrame.com\/catalogo\/#organization\"},\"potentialAction\":[{\"@type\":\"SearchAction\",\"target\":{\"@type\":\"EntryPoint\",\"urlTemplate\":\"https:\/\/letrame.com\/catalogo\/?s={search_term_string}\"},\"query-input\":{\"@type\":\"PropertyValueSpecification\",\"valueRequired\":true,\"valueName\":\"search_term_string\"}}],\"inLanguage\":\"es\"},{\"@type\":\"Organization\",\"@id\":\"https:\/\/letrame.com\/catalogo\/#organization\",\"name\":\"Catalogo | Letrame Grupo Editorial\",\"url\":\"https:\/\/letrame.com\/catalogo\/\",\"logo\":{\"@type\":\"ImageObject\",\"inLanguage\":\"es\",\"@id\":\"https:\/\/letrame.com\/catalogo\/#\/schema\/logo\/image\/\",\"url\":\"https:\/\/letrame.com\/catalogo\/wp-content\/uploads\/2024\/03\/logo2.webp\",\"contentUrl\":\"https:\/\/letrame.com\/catalogo\/wp-content\/uploads\/2024\/03\/logo2.webp\",\"width\":394,\"height\":128,\"caption\":\"Catalogo | Letrame Grupo Editorial\"},\"image\":{\"@id\":\"https:\/\/letrame.com\/catalogo\/#\/schema\/logo\/image\/\"}}]}<\/script>\n<!-- \/ Yoast SEO plugin. -->","yoast_head_json":{"title":"Pesadillas tras una mirada - Catalogo | Letrame Grupo Editorial","robots":{"index":"index","follow":"follow","max-snippet":"max-snippet:-1","max-image-preview":"max-image-preview:large","max-video-preview":"max-video-preview:-1"},"canonical":"https:\/\/letrame.com\/catalogo\/producto\/pesadillas-tras-una-mirada\/","og_locale":"es_ES","og_type":"article","og_title":"Pesadillas tras una mirada - Catalogo | Letrame Grupo Editorial","og_description":"ISBN: 978-84-17161-87-3  Hermes tuvo que vivir una dram\u00e1tica aventura en el desierto del Sahara para comprender la importancia de encontrar el prop\u00f3sito que buscaba para su vida, que malgastaba dando palos de ciego. En la misma aventura, Adri\u00e1n asume la culpa del suceso y agudiza sus debilidades autodestructivas...","og_url":"https:\/\/letrame.com\/catalogo\/producto\/pesadillas-tras-una-mirada\/","og_site_name":"Catalogo | Letrame Grupo Editorial","article_modified_time":"2024-07-31T06:49:50+00:00","og_image":[{"width":375,"height":525,"url":"https:\/\/letrame.com\/catalogo\/wp-content\/uploads\/2024\/04\/Pesadillas-tras-una-mirada.jpg","type":"image\/jpeg"}],"twitter_card":"summary_large_image","twitter_misc":{"Tiempo de lectura":"2 minutos"},"schema":{"@context":"https:\/\/schema.org","@graph":[{"@type":"WebPage","@id":"https:\/\/letrame.com\/catalogo\/producto\/pesadillas-tras-una-mirada\/","url":"https:\/\/letrame.com\/catalogo\/producto\/pesadillas-tras-una-mirada\/","name":"Pesadillas tras una mirada - Catalogo | Letrame Grupo Editorial","isPartOf":{"@id":"https:\/\/letrame.com\/catalogo\/#website"},"primaryImageOfPage":{"@id":"https:\/\/letrame.com\/catalogo\/producto\/pesadillas-tras-una-mirada\/#primaryimage"},"image":{"@id":"https:\/\/letrame.com\/catalogo\/producto\/pesadillas-tras-una-mirada\/#primaryimage"},"thumbnailUrl":"https:\/\/letrame.com\/catalogo\/wp-content\/uploads\/2024\/04\/Pesadillas-tras-una-mirada.jpg","datePublished":"2024-04-18T07:34:25+00:00","dateModified":"2024-07-31T06:49:50+00:00","breadcrumb":{"@id":"https:\/\/letrame.com\/catalogo\/producto\/pesadillas-tras-una-mirada\/#breadcrumb"},"inLanguage":"es","potentialAction":[{"@type":"ReadAction","target":["https:\/\/letrame.com\/catalogo\/producto\/pesadillas-tras-una-mirada\/"]}]},{"@type":"ImageObject","inLanguage":"es","@id":"https:\/\/letrame.com\/catalogo\/producto\/pesadillas-tras-una-mirada\/#primaryimage","url":"https:\/\/letrame.com\/catalogo\/wp-content\/uploads\/2024\/04\/Pesadillas-tras-una-mirada.jpg","contentUrl":"https:\/\/letrame.com\/catalogo\/wp-content\/uploads\/2024\/04\/Pesadillas-tras-una-mirada.jpg","width":375,"height":525},{"@type":"BreadcrumbList","@id":"https:\/\/letrame.com\/catalogo\/producto\/pesadillas-tras-una-mirada\/#breadcrumb","itemListElement":[{"@type":"ListItem","position":1,"name":"Portada","item":"https:\/\/letrame.com\/catalogo\/"},{"@type":"ListItem","position":2,"name":"Cat\u00e1logo","item":"https:\/\/letrame.com\/catalogo\/"},{"@type":"ListItem","position":3,"name":"Pesadillas tras una mirada"}]},{"@type":"WebSite","@id":"https:\/\/letrame.com\/catalogo\/#website","url":"https:\/\/letrame.com\/catalogo\/","name":"Catalogo | Letrame Grupo Editorial","description":"","publisher":{"@id":"https:\/\/letrame.com\/catalogo\/#organization"},"potentialAction":[{"@type":"SearchAction","target":{"@type":"EntryPoint","urlTemplate":"https:\/\/letrame.com\/catalogo\/?s={search_term_string}"},"query-input":{"@type":"PropertyValueSpecification","valueRequired":true,"valueName":"search_term_string"}}],"inLanguage":"es"},{"@type":"Organization","@id":"https:\/\/letrame.com\/catalogo\/#organization","name":"Catalogo | Letrame Grupo Editorial","url":"https:\/\/letrame.com\/catalogo\/","logo":{"@type":"ImageObject","inLanguage":"es","@id":"https:\/\/letrame.com\/catalogo\/#\/schema\/logo\/image\/","url":"https:\/\/letrame.com\/catalogo\/wp-content\/uploads\/2024\/03\/logo2.webp","contentUrl":"https:\/\/letrame.com\/catalogo\/wp-content\/uploads\/2024\/03\/logo2.webp","width":394,"height":128,"caption":"Catalogo | Letrame Grupo Editorial"},"image":{"@id":"https:\/\/letrame.com\/catalogo\/#\/schema\/logo\/image\/"}}]}},"_links":{"self":[{"href":"https:\/\/letrame.com\/catalogo\/wp-json\/wp\/v2\/product\/93660","targetHints":{"allow":["GET"]}}],"collection":[{"href":"https:\/\/letrame.com\/catalogo\/wp-json\/wp\/v2\/product"}],"about":[{"href":"https:\/\/letrame.com\/catalogo\/wp-json\/wp\/v2\/types\/product"}],"replies":[{"embeddable":true,"href":"https:\/\/letrame.com\/catalogo\/wp-json\/wp\/v2\/comments?post=93660"}],"acf:post":[{"embeddable":true,"href":"https:\/\/letrame.com\/catalogo\/wp-json\/wp\/v2\/author_book\/72658"}],"wp:featuredmedia":[{"embeddable":true,"href":"https:\/\/letrame.com\/catalogo\/wp-json\/wp\/v2\/media\/93661"}],"wp:attachment":[{"href":"https:\/\/letrame.com\/catalogo\/wp-json\/wp\/v2\/media?parent=93660"}],"wp:term":[{"taxonomy":"libro","embeddable":true,"href":"https:\/\/letrame.com\/catalogo\/wp-json\/wp\/v2\/libro?post=93660"},{"taxonomy":"product_brand","embeddable":true,"href":"https:\/\/letrame.com\/catalogo\/wp-json\/wp\/v2\/product_brand?post=93660"},{"taxonomy":"product_cat","embeddable":true,"href":"https:\/\/letrame.com\/catalogo\/wp-json\/wp\/v2\/product_cat?post=93660"},{"taxonomy":"product_tag","embeddable":true,"href":"https:\/\/letrame.com\/catalogo\/wp-json\/wp\/v2\/product_tag?post=93660"}],"curies":[{"name":"wp","href":"https:\/\/api.w.org\/{rel}","templated":true}]}}