{"id":93607,"date":"2024-04-18T09:29:09","date_gmt":"2024-04-18T07:29:09","guid":{"rendered":"https:\/\/letrame.com\/catalogo\/producto\/algunas-recomendaciones-para-el-arquitecto-tecnico\/"},"modified":"2024-05-15T10:44:02","modified_gmt":"2024-05-15T08:44:02","slug":"algunas-recomendaciones-para-el-arquitecto-tecnico","status":"publish","type":"product","link":"https:\/\/letrame.com\/catalogo\/producto\/algunas-recomendaciones-para-el-arquitecto-tecnico\/","title":{"rendered":"Algunas recomendaciones para el arquitecto t\u00e9cnico"},"content":{"rendered":"<p><strong>ISBN<\/strong>: 978-84-17161-24-8<br \/>\n<strong>T\u00edtulo<\/strong>: Algunas recomendaciones para el arquitecto t\u00e9cnico<br \/>\n<strong>Fecha<\/strong>: 2017<br \/>\n<strong>P\u00e1ginas<\/strong>: 364<\/p>\n<p>&nbsp;<\/p>\n<p><strong>SINOPSIS<\/strong><\/p>\n<section>\n<div class=\"about-this-book\">\n<div class=\"container\">\n<div class=\"right-detail shop-detail1 pull-right col-md-8 col-sm-8 col-xs-12\">\n<div id=\"editionnal-reviews\" class=\"book-desc-detail\"><span class=\"detail-desc box-detail-desc\">Tratado t\u00e9cnico recomendado para arquitectos t\u00e9cnicos noveles y expertos, con m\u00e1s de 300 pag.,\u00a0633 fotos en color, dibujos y croquis.\u00a0 Contiene m\u00e1s de 300 recomendaciones t\u00e9cnicas de ejecuci\u00f3n de obra y detalles constructivos.\u00a0C\u00e1lculo de honorarios profesionales.\u00a0Nomenclatura profesional, replanteos, \u00fatiles y herramientas de nuestro trabajo; soluciones constructivas, descripciones t\u00e9cnicas, errores t\u00edpicos en edificaci\u00f3n.\u00a0 Este tratado abarca desde cimentaciones, estructuras, alba\u00f1iler\u00eda, fachadas, medianeras, cubiertas, revestimientos y acabados \u00a0hasta los oficios e instalaciones en edificaci\u00f3n. Tambi\u00e9n se tratan las patolog\u00edas, ruinas, peritaciones y materiales de construcci\u00f3n.<\/span><\/div>\n<div id=\"clear-scroll\" class=\"clearfix\"><\/div>\n<\/div>\n<\/div>\n<\/div>\n<\/section>\n<div class=\"feature-section feature-option2\">\n<div class=\"container\">\n<div class=\"related products\">\n<div class=\"title-box\"><\/div>\n<\/div>\n<\/div>\n<\/div>\n<p><iframe data-src=\"https:\/\/player.vimeo.com\/video\/232621097?title=0&amp;byline=0&amp;portrait=0\" width=\"640\" height=\"360\" frameborder=\"0\" allowfullscreen=\"allowfullscreen\" src=\"data:image\/svg+xml;base64,PHN2ZyB3aWR0aD0iMSIgaGVpZ2h0PSIxIiB4bWxucz0iaHR0cDovL3d3dy53My5vcmcvMjAwMC9zdmciPjwvc3ZnPg==\" class=\"lazyload\" data-load-mode=\"1\"><\/iframe><\/p>\n<p><a href=\"https:\/\/vimeo.com\/232621097\">Algunas recomendaciones para el arquitecto t\u00e9cnico<\/a> from <a href=\"https:\/\/vimeo.com\/user54867250\">Letrame Grupo Editorial<\/a> on <a href=\"https:\/\/vimeo.com\">Vimeo<\/a>.<\/p>\n","protected":false},"excerpt":{"rendered":"<p><strong>ISBN: 978-84-17161-24-8<\/strong><\/p>\n<p>&nbsp;<\/p>\n<p>Tratado t\u00e9cnico recomendado para arquitectos t\u00e9cnicos noveles y expertos, con m\u00e1s de 300 pag., 633 fotos en color, dibujos y croquis.\u00a0 Contiene m\u00e1s de 300 recomendaciones t\u00e9cnicas de ejecuci\u00f3n de obra y detalles constructivos. C\u00e1lculo de honorarios profesionales&#8230;<\/p>\n","protected":false},"featured_media":99901,"comment_status":"closed","ping_status":"closed","template":"","meta":{"_acf_changed":false},"libro":[],"product_brand":[],"product_cat":[22],"product_tag":[],"class_list":{"0":"post-93607","1":"product","2":"type-product","3":"status-publish","4":"has-post-thumbnail","6":"product_cat-docencia","8":"first","9":"instock","10":"purchasable","11":"product-type-simple"},"acf":{"autor":"","enlace_de_compra":"https:\/\/www.amazon.es\/Algunas-recomendaciones-arquitecto-t%C3%A9cnico-Docencia\/dp\/8417161244\/"},"yoast_head":"<!-- This site is optimized with the Yoast SEO plugin v27.4 - https:\/\/yoast.com\/product\/yoast-seo-wordpress\/ -->\n<title>Algunas recomendaciones para el arquitecto t\u00e9cnico - Catalogo | Letrame Grupo Editorial<\/title>\n<meta name=\"robots\" content=\"index, follow, max-snippet:-1, max-image-preview:large, max-video-preview:-1\" \/>\n<link rel=\"canonical\" href=\"https:\/\/letrame.com\/catalogo\/producto\/algunas-recomendaciones-para-el-arquitecto-tecnico\/\" \/>\n<meta property=\"og:locale\" content=\"es_ES\" \/>\n<meta property=\"og:type\" content=\"article\" \/>\n<meta property=\"og:title\" content=\"Algunas recomendaciones para el arquitecto t\u00e9cnico - Catalogo | Letrame Grupo Editorial\" \/>\n<meta property=\"og:description\" content=\"ISBN: 978-84-17161-24-8  &nbsp;  Tratado t\u00e9cnico recomendado para arquitectos t\u00e9cnicos noveles y expertos, con m\u00e1s de 300 pag., 633 fotos en color, dibujos y croquis.\u00a0 Contiene m\u00e1s de 300 recomendaciones t\u00e9cnicas de ejecuci\u00f3n de obra y detalles constructivos. C\u00e1lculo de honorarios profesionales...\" \/>\n<meta property=\"og:url\" content=\"https:\/\/letrame.com\/catalogo\/producto\/algunas-recomendaciones-para-el-arquitecto-tecnico\/\" \/>\n<meta property=\"og:site_name\" content=\"Catalogo | Letrame Grupo Editorial\" \/>\n<meta property=\"article:modified_time\" content=\"2024-05-15T08:44:02+00:00\" \/>\n<meta property=\"og:image\" content=\"https:\/\/letrame.com\/catalogo\/wp-content\/uploads\/2024\/04\/Algunas-recomendaciones-para-el-arquitecto-tecnico.webp\" \/>\n\t<meta property=\"og:image:width\" content=\"1463\" \/>\n\t<meta property=\"og:image:height\" content=\"2048\" \/>\n\t<meta property=\"og:image:type\" content=\"image\/webp\" \/>\n<meta name=\"twitter:card\" content=\"summary_large_image\" \/>\n<meta name=\"twitter:label1\" content=\"Tiempo de lectura\" \/>\n\t<meta name=\"twitter:data1\" content=\"1 minuto\" \/>\n<script type=\"application\/ld+json\" class=\"yoast-schema-graph\">{\"@context\":\"https:\\\/\\\/schema.org\",\"@graph\":[{\"@type\":\"WebPage\",\"@id\":\"https:\\\/\\\/letrame.com\\\/catalogo\\\/producto\\\/algunas-recomendaciones-para-el-arquitecto-tecnico\\\/\",\"url\":\"https:\\\/\\\/letrame.com\\\/catalogo\\\/producto\\\/algunas-recomendaciones-para-el-arquitecto-tecnico\\\/\",\"name\":\"Algunas recomendaciones para el arquitecto t\u00e9cnico - Catalogo | Letrame Grupo Editorial\",\"isPartOf\":{\"@id\":\"https:\\\/\\\/letrame.com\\\/catalogo\\\/#website\"},\"primaryImageOfPage\":{\"@id\":\"https:\\\/\\\/letrame.com\\\/catalogo\\\/producto\\\/algunas-recomendaciones-para-el-arquitecto-tecnico\\\/#primaryimage\"},\"image\":{\"@id\":\"https:\\\/\\\/letrame.com\\\/catalogo\\\/producto\\\/algunas-recomendaciones-para-el-arquitecto-tecnico\\\/#primaryimage\"},\"thumbnailUrl\":\"https:\\\/\\\/letrame.com\\\/catalogo\\\/wp-content\\\/uploads\\\/2024\\\/04\\\/Algunas-recomendaciones-para-el-arquitecto-tecnico.webp\",\"datePublished\":\"2024-04-18T07:29:09+00:00\",\"dateModified\":\"2024-05-15T08:44:02+00:00\",\"breadcrumb\":{\"@id\":\"https:\\\/\\\/letrame.com\\\/catalogo\\\/producto\\\/algunas-recomendaciones-para-el-arquitecto-tecnico\\\/#breadcrumb\"},\"inLanguage\":\"es\",\"potentialAction\":[{\"@type\":\"ReadAction\",\"target\":[\"https:\\\/\\\/letrame.com\\\/catalogo\\\/producto\\\/algunas-recomendaciones-para-el-arquitecto-tecnico\\\/\"]}]},{\"@type\":\"ImageObject\",\"inLanguage\":\"es\",\"@id\":\"https:\\\/\\\/letrame.com\\\/catalogo\\\/producto\\\/algunas-recomendaciones-para-el-arquitecto-tecnico\\\/#primaryimage\",\"url\":\"https:\\\/\\\/letrame.com\\\/catalogo\\\/wp-content\\\/uploads\\\/2024\\\/04\\\/Algunas-recomendaciones-para-el-arquitecto-tecnico.webp\",\"contentUrl\":\"https:\\\/\\\/letrame.com\\\/catalogo\\\/wp-content\\\/uploads\\\/2024\\\/04\\\/Algunas-recomendaciones-para-el-arquitecto-tecnico.webp\",\"width\":1463,\"height\":2048},{\"@type\":\"BreadcrumbList\",\"@id\":\"https:\\\/\\\/letrame.com\\\/catalogo\\\/producto\\\/algunas-recomendaciones-para-el-arquitecto-tecnico\\\/#breadcrumb\",\"itemListElement\":[{\"@type\":\"ListItem\",\"position\":1,\"name\":\"Portada\",\"item\":\"https:\\\/\\\/letrame.com\\\/catalogo\\\/\"},{\"@type\":\"ListItem\",\"position\":2,\"name\":\"Cat\u00e1logo\",\"item\":\"https:\\\/\\\/letrame.com\\\/catalogo\\\/\"},{\"@type\":\"ListItem\",\"position\":3,\"name\":\"Algunas recomendaciones para el arquitecto t\u00e9cnico\"}]},{\"@type\":\"WebSite\",\"@id\":\"https:\\\/\\\/letrame.com\\\/catalogo\\\/#website\",\"url\":\"https:\\\/\\\/letrame.com\\\/catalogo\\\/\",\"name\":\"Catalogo | Letrame Grupo Editorial\",\"description\":\"\",\"publisher\":{\"@id\":\"https:\\\/\\\/letrame.com\\\/catalogo\\\/#organization\"},\"potentialAction\":[{\"@type\":\"SearchAction\",\"target\":{\"@type\":\"EntryPoint\",\"urlTemplate\":\"https:\\\/\\\/letrame.com\\\/catalogo\\\/?s={search_term_string}\"},\"query-input\":{\"@type\":\"PropertyValueSpecification\",\"valueRequired\":true,\"valueName\":\"search_term_string\"}}],\"inLanguage\":\"es\"},{\"@type\":\"Organization\",\"@id\":\"https:\\\/\\\/letrame.com\\\/catalogo\\\/#organization\",\"name\":\"Catalogo | Letrame Grupo Editorial\",\"url\":\"https:\\\/\\\/letrame.com\\\/catalogo\\\/\",\"logo\":{\"@type\":\"ImageObject\",\"inLanguage\":\"es\",\"@id\":\"https:\\\/\\\/letrame.com\\\/catalogo\\\/#\\\/schema\\\/logo\\\/image\\\/\",\"url\":\"https:\\\/\\\/letrame.com\\\/catalogo\\\/wp-content\\\/uploads\\\/2024\\\/03\\\/logo2.webp\",\"contentUrl\":\"https:\\\/\\\/letrame.com\\\/catalogo\\\/wp-content\\\/uploads\\\/2024\\\/03\\\/logo2.webp\",\"width\":394,\"height\":128,\"caption\":\"Catalogo | Letrame Grupo Editorial\"},\"image\":{\"@id\":\"https:\\\/\\\/letrame.com\\\/catalogo\\\/#\\\/schema\\\/logo\\\/image\\\/\"}}]}<\/script>\n<!-- \/ Yoast SEO plugin. -->","yoast_head_json":{"title":"Algunas recomendaciones para el arquitecto t\u00e9cnico - Catalogo | Letrame Grupo Editorial","robots":{"index":"index","follow":"follow","max-snippet":"max-snippet:-1","max-image-preview":"max-image-preview:large","max-video-preview":"max-video-preview:-1"},"canonical":"https:\/\/letrame.com\/catalogo\/producto\/algunas-recomendaciones-para-el-arquitecto-tecnico\/","og_locale":"es_ES","og_type":"article","og_title":"Algunas recomendaciones para el arquitecto t\u00e9cnico - Catalogo | Letrame Grupo Editorial","og_description":"ISBN: 978-84-17161-24-8  &nbsp;  Tratado t\u00e9cnico recomendado para arquitectos t\u00e9cnicos noveles y expertos, con m\u00e1s de 300 pag., 633 fotos en color, dibujos y croquis.\u00a0 Contiene m\u00e1s de 300 recomendaciones t\u00e9cnicas de ejecuci\u00f3n de obra y detalles constructivos. C\u00e1lculo de honorarios profesionales...","og_url":"https:\/\/letrame.com\/catalogo\/producto\/algunas-recomendaciones-para-el-arquitecto-tecnico\/","og_site_name":"Catalogo | Letrame Grupo Editorial","article_modified_time":"2024-05-15T08:44:02+00:00","og_image":[{"width":1463,"height":2048,"url":"https:\/\/letrame.com\/catalogo\/wp-content\/uploads\/2024\/04\/Algunas-recomendaciones-para-el-arquitecto-tecnico.webp","type":"image\/webp"}],"twitter_card":"summary_large_image","twitter_misc":{"Tiempo de lectura":"1 minuto"},"schema":{"@context":"https:\/\/schema.org","@graph":[{"@type":"WebPage","@id":"https:\/\/letrame.com\/catalogo\/producto\/algunas-recomendaciones-para-el-arquitecto-tecnico\/","url":"https:\/\/letrame.com\/catalogo\/producto\/algunas-recomendaciones-para-el-arquitecto-tecnico\/","name":"Algunas recomendaciones para el arquitecto t\u00e9cnico - Catalogo | Letrame Grupo Editorial","isPartOf":{"@id":"https:\/\/letrame.com\/catalogo\/#website"},"primaryImageOfPage":{"@id":"https:\/\/letrame.com\/catalogo\/producto\/algunas-recomendaciones-para-el-arquitecto-tecnico\/#primaryimage"},"image":{"@id":"https:\/\/letrame.com\/catalogo\/producto\/algunas-recomendaciones-para-el-arquitecto-tecnico\/#primaryimage"},"thumbnailUrl":"https:\/\/letrame.com\/catalogo\/wp-content\/uploads\/2024\/04\/Algunas-recomendaciones-para-el-arquitecto-tecnico.webp","datePublished":"2024-04-18T07:29:09+00:00","dateModified":"2024-05-15T08:44:02+00:00","breadcrumb":{"@id":"https:\/\/letrame.com\/catalogo\/producto\/algunas-recomendaciones-para-el-arquitecto-tecnico\/#breadcrumb"},"inLanguage":"es","potentialAction":[{"@type":"ReadAction","target":["https:\/\/letrame.com\/catalogo\/producto\/algunas-recomendaciones-para-el-arquitecto-tecnico\/"]}]},{"@type":"ImageObject","inLanguage":"es","@id":"https:\/\/letrame.com\/catalogo\/producto\/algunas-recomendaciones-para-el-arquitecto-tecnico\/#primaryimage","url":"https:\/\/letrame.com\/catalogo\/wp-content\/uploads\/2024\/04\/Algunas-recomendaciones-para-el-arquitecto-tecnico.webp","contentUrl":"https:\/\/letrame.com\/catalogo\/wp-content\/uploads\/2024\/04\/Algunas-recomendaciones-para-el-arquitecto-tecnico.webp","width":1463,"height":2048},{"@type":"BreadcrumbList","@id":"https:\/\/letrame.com\/catalogo\/producto\/algunas-recomendaciones-para-el-arquitecto-tecnico\/#breadcrumb","itemListElement":[{"@type":"ListItem","position":1,"name":"Portada","item":"https:\/\/letrame.com\/catalogo\/"},{"@type":"ListItem","position":2,"name":"Cat\u00e1logo","item":"https:\/\/letrame.com\/catalogo\/"},{"@type":"ListItem","position":3,"name":"Algunas recomendaciones para el arquitecto t\u00e9cnico"}]},{"@type":"WebSite","@id":"https:\/\/letrame.com\/catalogo\/#website","url":"https:\/\/letrame.com\/catalogo\/","name":"Catalogo | Letrame Grupo Editorial","description":"","publisher":{"@id":"https:\/\/letrame.com\/catalogo\/#organization"},"potentialAction":[{"@type":"SearchAction","target":{"@type":"EntryPoint","urlTemplate":"https:\/\/letrame.com\/catalogo\/?s={search_term_string}"},"query-input":{"@type":"PropertyValueSpecification","valueRequired":true,"valueName":"search_term_string"}}],"inLanguage":"es"},{"@type":"Organization","@id":"https:\/\/letrame.com\/catalogo\/#organization","name":"Catalogo | Letrame Grupo Editorial","url":"https:\/\/letrame.com\/catalogo\/","logo":{"@type":"ImageObject","inLanguage":"es","@id":"https:\/\/letrame.com\/catalogo\/#\/schema\/logo\/image\/","url":"https:\/\/letrame.com\/catalogo\/wp-content\/uploads\/2024\/03\/logo2.webp","contentUrl":"https:\/\/letrame.com\/catalogo\/wp-content\/uploads\/2024\/03\/logo2.webp","width":394,"height":128,"caption":"Catalogo | Letrame Grupo Editorial"},"image":{"@id":"https:\/\/letrame.com\/catalogo\/#\/schema\/logo\/image\/"}}]}},"_links":{"self":[{"href":"https:\/\/letrame.com\/catalogo\/wp-json\/wp\/v2\/product\/93607","targetHints":{"allow":["GET"]}}],"collection":[{"href":"https:\/\/letrame.com\/catalogo\/wp-json\/wp\/v2\/product"}],"about":[{"href":"https:\/\/letrame.com\/catalogo\/wp-json\/wp\/v2\/types\/product"}],"replies":[{"embeddable":true,"href":"https:\/\/letrame.com\/catalogo\/wp-json\/wp\/v2\/comments?post=93607"}],"wp:featuredmedia":[{"embeddable":true,"href":"https:\/\/letrame.com\/catalogo\/wp-json\/wp\/v2\/media\/99901"}],"wp:attachment":[{"href":"https:\/\/letrame.com\/catalogo\/wp-json\/wp\/v2\/media?parent=93607"}],"wp:term":[{"taxonomy":"libro","embeddable":true,"href":"https:\/\/letrame.com\/catalogo\/wp-json\/wp\/v2\/libro?post=93607"},{"taxonomy":"product_brand","embeddable":true,"href":"https:\/\/letrame.com\/catalogo\/wp-json\/wp\/v2\/product_brand?post=93607"},{"taxonomy":"product_cat","embeddable":true,"href":"https:\/\/letrame.com\/catalogo\/wp-json\/wp\/v2\/product_cat?post=93607"},{"taxonomy":"product_tag","embeddable":true,"href":"https:\/\/letrame.com\/catalogo\/wp-json\/wp\/v2\/product_tag?post=93607"}],"curies":[{"name":"wp","href":"https:\/\/api.w.org\/{rel}","templated":true}]}}