{"id":93530,"date":"2024-04-18T09:08:10","date_gmt":"2024-04-18T07:08:10","guid":{"rendered":"https:\/\/letrame.com\/catalogo\/producto\/dios-habla-a-mi-corazo_n\/"},"modified":"2024-07-31T08:50:23","modified_gmt":"2024-07-31T06:50:23","slug":"dios-habla-a-mi-corazon","status":"publish","type":"product","link":"https:\/\/letrame.com\/catalogo\/producto\/dios-habla-a-mi-corazon\/","title":{"rendered":"Dios habla a mi coraz\u00f3n"},"content":{"rendered":"<p><strong>ISBN<\/strong>: 978-84-16916-29-0<br \/>\n<strong>T\u00edtulo<\/strong>: Dios habla a mi coraz\u00f3n<br \/>\n<strong>Fecha<\/strong>: 2017<br \/>\n<strong>P\u00e1ginas<\/strong>: 200<\/p>\n<p>&nbsp;<\/p>\n<p><strong>SINOPSIS<\/strong><\/p>\n<section>\n<div class=\"c&quot;about-this-book&quot;\">\n<div class=\"container\">\n<div class=\"right-detail shop-detail1 pull-right col-md-8 col-sm-8 col-xs-12\">\n<div id=\"editionnal-reviews\" class=\"book-desc-detail\"><span class=\"detail-desc box-detail-desc\">Este libro contiene ciento cincuenta Poemas relacionados con la vida espiritual y el Cristo, que han sido recibidos en momentos de meditaci\u00f3n profunda en medio de muchas madrugadas. Muchas noches que no pod\u00eda dormir no entend\u00eda el motivo del desvelo, sol\u00eda orar desde la cama, pero escuchaba en medio de la noche, lev\u00e1ntate toma papel y l\u00e1piz y escribe. Algunas noches ya dejaba bajo la almohada el bloc y el l\u00e1piz, para que no se me escapara ni una sola palabra. Despu\u00e9s de salir del estado catal\u00e9ctico en el que me hallo, es cuando puedo entender con claridad la belleza, de las letras escritas en forma de versos. Al principio noto una ausencia, en la que poco a poco me voy sumergiendo. Siento que una fuerte energ\u00eda pasa a formar parte en mi Ser. Despu\u00e9s de ah\u00ed, s\u00f3lo se que escribo estos poemas, es cuando vuelvo a tomar conciencia de mi cuerpo. Esa fuerza, energ\u00eda y voz, tambi\u00e9n puedo verla tomar forma antes de entrar en m\u00ed, y escuchar una suave voz que me va dictando lo que escribo. En ello es donde reconozco que Dios habla a mi coraz\u00f3n. RECETA PARA CURAR EL C\u00c1NCER, DEL DR. RUDOLPH BREUSS, Cur\u00f3 a m\u00e1s de 45.000 personas con una sencilla receta OBSEQUIO de Vicente Pic\u00f3 por Amor a la Humanidad ESTA EDICI\u00d3N SUS BENEF\u00cdCIOS SON \u00cdNTEGROS PARA FINES DE: AYUDA A LA INFANCIA, NI\u00d1OS DE EXCLUSI\u00d3N SOCIAL Y A LA TERCERA EDAD, EN TRES LUGARES DISTINTOS, A TRAV\u00c9S DE: ASOCIACI\u00d3N TIERRAS DELCALIZ DEL BUEN CORAZ\u00d3N (SIN \u00c1NIMO DE LUCRO) CIF G-98859564 TEL. 963501118 Y MOVIL 607154656 DONACIONES: l\u2019Caixa cuenta ES67 2100 6803 1702 0006 3298 tierrasdelcalizdelbuencorazon.org info@tierrasdelcalizdelbuencorazon.org<\/span><\/div>\n<div id=\"clear-scroll\" class=\"clearfix\"><\/div>\n<\/div>\n<\/div>\n<\/div>\n<\/section>\n<div class=\"feature-section feature-option2\">\n<div class=\"container\">\n<div class=\"related products\">\n<div class=\"title-box\"><\/div>\n<\/div>\n<\/div>\n<\/div>\n<p><iframe title=\"Dios habla a mi corazo\u0301n\" data-src=\"https:\/\/player.vimeo.com\/video\/190697328?dnt=1&amp;app_id=122963\" width=\"800\" height=\"450\" frameborder=\"0\" allow=\"autoplay; fullscreen; picture-in-picture; clipboard-write\" src=\"data:image\/svg+xml;base64,PHN2ZyB3aWR0aD0iMSIgaGVpZ2h0PSIxIiB4bWxucz0iaHR0cDovL3d3dy53My5vcmcvMjAwMC9zdmciPjwvc3ZnPg==\" class=\"lazyload\" data-load-mode=\"1\"><\/iframe><\/p>\n","protected":false},"excerpt":{"rendered":"<p><strong>ISBN: 978-84-16916-29-0<\/strong><\/p>\n<p>Este libro contiene ciento cincuenta Poemas relacionados con la vida espiritual y el Cristo, que han sido recibidos en momentos de meditaci\u00f3n profunda en medio de muchas madrugadas.<br \/>\nMuchas noches que no pod\u00eda dormir no entend\u00eda el motivo del desvelo, sol\u00eda orar desde la cama, pero escuchaba en medio de la noche, lev\u00e1ntate toma papel y l\u00e1piz y escribe. Algunas noches ya dejaba bajo la almohada el bloc y el l\u00e1piz, para que no se me escapara ni una sola palabra&#8230;<\/p>\n","protected":false},"featured_media":99890,"comment_status":"closed","ping_status":"closed","template":"","meta":{"_acf_changed":false},"libro":[],"product_brand":[],"product_cat":[20,25],"product_tag":[],"class_list":{"0":"post-93530","1":"product","2":"type-product","3":"status-publish","4":"has-post-thumbnail","6":"product_cat-poesia","7":"product_cat-religion-y-espiritualidad","9":"first","10":"instock","11":"purchasable","12":"product-type-simple"},"acf":{"autor":[72555],"enlace_de_compra":"https:\/\/amzn.to\/3Ym2LAD"},"yoast_head":"<!-- This site is optimized with the Yoast SEO plugin v27.4 - https:\/\/yoast.com\/product\/yoast-seo-wordpress\/ -->\n<title>Dios habla a mi coraz\u00f3n - Catalogo | Letrame Grupo Editorial<\/title>\n<meta name=\"robots\" content=\"index, follow, max-snippet:-1, max-image-preview:large, max-video-preview:-1\" \/>\n<link rel=\"canonical\" href=\"https:\/\/letrame.com\/catalogo\/producto\/dios-habla-a-mi-corazon\/\" \/>\n<meta property=\"og:locale\" content=\"es_ES\" \/>\n<meta property=\"og:type\" content=\"article\" \/>\n<meta property=\"og:title\" content=\"Dios habla a mi coraz\u00f3n - Catalogo | Letrame Grupo Editorial\" \/>\n<meta property=\"og:description\" content=\"ISBN: 978-84-16916-29-0  Este libro contiene ciento cincuenta Poemas relacionados con la vida espiritual y el Cristo, que han sido recibidos en momentos de meditaci\u00f3n profunda en medio de muchas madrugadas. Muchas noches que no pod\u00eda dormir no entend\u00eda el motivo del desvelo, sol\u00eda orar desde la cama, pero escuchaba en medio de la noche, lev\u00e1ntate toma papel y l\u00e1piz y escribe. Algunas noches ya dejaba bajo la almohada el bloc y el l\u00e1piz, para que no se me escapara ni una sola palabra...\" \/>\n<meta property=\"og:url\" content=\"https:\/\/letrame.com\/catalogo\/producto\/dios-habla-a-mi-corazon\/\" \/>\n<meta property=\"og:site_name\" content=\"Catalogo | Letrame Grupo Editorial\" \/>\n<meta property=\"article:modified_time\" content=\"2024-07-31T06:50:23+00:00\" \/>\n<meta property=\"og:image\" content=\"https:\/\/letrame.com\/catalogo\/wp-content\/uploads\/2024\/04\/portada-Dios-habla-a-mi-corazon-1.webp\" \/>\n\t<meta property=\"og:image:width\" content=\"375\" \/>\n\t<meta property=\"og:image:height\" content=\"536\" \/>\n\t<meta property=\"og:image:type\" content=\"image\/webp\" \/>\n<meta name=\"twitter:card\" content=\"summary_large_image\" \/>\n<meta name=\"twitter:label1\" content=\"Tiempo de lectura\" \/>\n\t<meta name=\"twitter:data1\" content=\"2 minutos\" \/>\n<script type=\"application\/ld+json\" class=\"yoast-schema-graph\">{\"@context\":\"https:\\\/\\\/schema.org\",\"@graph\":[{\"@type\":\"WebPage\",\"@id\":\"https:\\\/\\\/letrame.com\\\/catalogo\\\/producto\\\/dios-habla-a-mi-corazon\\\/\",\"url\":\"https:\\\/\\\/letrame.com\\\/catalogo\\\/producto\\\/dios-habla-a-mi-corazon\\\/\",\"name\":\"Dios habla a mi coraz\u00f3n - Catalogo | Letrame Grupo Editorial\",\"isPartOf\":{\"@id\":\"https:\\\/\\\/letrame.com\\\/catalogo\\\/#website\"},\"primaryImageOfPage\":{\"@id\":\"https:\\\/\\\/letrame.com\\\/catalogo\\\/producto\\\/dios-habla-a-mi-corazon\\\/#primaryimage\"},\"image\":{\"@id\":\"https:\\\/\\\/letrame.com\\\/catalogo\\\/producto\\\/dios-habla-a-mi-corazon\\\/#primaryimage\"},\"thumbnailUrl\":\"https:\\\/\\\/letrame.com\\\/catalogo\\\/wp-content\\\/uploads\\\/2024\\\/04\\\/portada-Dios-habla-a-mi-corazon-1.webp\",\"datePublished\":\"2024-04-18T07:08:10+00:00\",\"dateModified\":\"2024-07-31T06:50:23+00:00\",\"breadcrumb\":{\"@id\":\"https:\\\/\\\/letrame.com\\\/catalogo\\\/producto\\\/dios-habla-a-mi-corazon\\\/#breadcrumb\"},\"inLanguage\":\"es\",\"potentialAction\":[{\"@type\":\"ReadAction\",\"target\":[\"https:\\\/\\\/letrame.com\\\/catalogo\\\/producto\\\/dios-habla-a-mi-corazon\\\/\"]}]},{\"@type\":\"ImageObject\",\"inLanguage\":\"es\",\"@id\":\"https:\\\/\\\/letrame.com\\\/catalogo\\\/producto\\\/dios-habla-a-mi-corazon\\\/#primaryimage\",\"url\":\"https:\\\/\\\/letrame.com\\\/catalogo\\\/wp-content\\\/uploads\\\/2024\\\/04\\\/portada-Dios-habla-a-mi-corazon-1.webp\",\"contentUrl\":\"https:\\\/\\\/letrame.com\\\/catalogo\\\/wp-content\\\/uploads\\\/2024\\\/04\\\/portada-Dios-habla-a-mi-corazon-1.webp\",\"width\":375,\"height\":536},{\"@type\":\"BreadcrumbList\",\"@id\":\"https:\\\/\\\/letrame.com\\\/catalogo\\\/producto\\\/dios-habla-a-mi-corazon\\\/#breadcrumb\",\"itemListElement\":[{\"@type\":\"ListItem\",\"position\":1,\"name\":\"Portada\",\"item\":\"https:\\\/\\\/letrame.com\\\/catalogo\\\/\"},{\"@type\":\"ListItem\",\"position\":2,\"name\":\"Cat\u00e1logo\",\"item\":\"https:\\\/\\\/letrame.com\\\/catalogo\\\/\"},{\"@type\":\"ListItem\",\"position\":3,\"name\":\"Dios habla a mi coraz\u00f3n\"}]},{\"@type\":\"WebSite\",\"@id\":\"https:\\\/\\\/letrame.com\\\/catalogo\\\/#website\",\"url\":\"https:\\\/\\\/letrame.com\\\/catalogo\\\/\",\"name\":\"Catalogo | Letrame Grupo Editorial\",\"description\":\"\",\"publisher\":{\"@id\":\"https:\\\/\\\/letrame.com\\\/catalogo\\\/#organization\"},\"potentialAction\":[{\"@type\":\"SearchAction\",\"target\":{\"@type\":\"EntryPoint\",\"urlTemplate\":\"https:\\\/\\\/letrame.com\\\/catalogo\\\/?s={search_term_string}\"},\"query-input\":{\"@type\":\"PropertyValueSpecification\",\"valueRequired\":true,\"valueName\":\"search_term_string\"}}],\"inLanguage\":\"es\"},{\"@type\":\"Organization\",\"@id\":\"https:\\\/\\\/letrame.com\\\/catalogo\\\/#organization\",\"name\":\"Catalogo | Letrame Grupo Editorial\",\"url\":\"https:\\\/\\\/letrame.com\\\/catalogo\\\/\",\"logo\":{\"@type\":\"ImageObject\",\"inLanguage\":\"es\",\"@id\":\"https:\\\/\\\/letrame.com\\\/catalogo\\\/#\\\/schema\\\/logo\\\/image\\\/\",\"url\":\"https:\\\/\\\/letrame.com\\\/catalogo\\\/wp-content\\\/uploads\\\/2024\\\/03\\\/logo2.webp\",\"contentUrl\":\"https:\\\/\\\/letrame.com\\\/catalogo\\\/wp-content\\\/uploads\\\/2024\\\/03\\\/logo2.webp\",\"width\":394,\"height\":128,\"caption\":\"Catalogo | Letrame Grupo Editorial\"},\"image\":{\"@id\":\"https:\\\/\\\/letrame.com\\\/catalogo\\\/#\\\/schema\\\/logo\\\/image\\\/\"}}]}<\/script>\n<!-- \/ Yoast SEO plugin. -->","yoast_head_json":{"title":"Dios habla a mi coraz\u00f3n - Catalogo | Letrame Grupo Editorial","robots":{"index":"index","follow":"follow","max-snippet":"max-snippet:-1","max-image-preview":"max-image-preview:large","max-video-preview":"max-video-preview:-1"},"canonical":"https:\/\/letrame.com\/catalogo\/producto\/dios-habla-a-mi-corazon\/","og_locale":"es_ES","og_type":"article","og_title":"Dios habla a mi coraz\u00f3n - Catalogo | Letrame Grupo Editorial","og_description":"ISBN: 978-84-16916-29-0  Este libro contiene ciento cincuenta Poemas relacionados con la vida espiritual y el Cristo, que han sido recibidos en momentos de meditaci\u00f3n profunda en medio de muchas madrugadas. Muchas noches que no pod\u00eda dormir no entend\u00eda el motivo del desvelo, sol\u00eda orar desde la cama, pero escuchaba en medio de la noche, lev\u00e1ntate toma papel y l\u00e1piz y escribe. Algunas noches ya dejaba bajo la almohada el bloc y el l\u00e1piz, para que no se me escapara ni una sola palabra...","og_url":"https:\/\/letrame.com\/catalogo\/producto\/dios-habla-a-mi-corazon\/","og_site_name":"Catalogo | Letrame Grupo Editorial","article_modified_time":"2024-07-31T06:50:23+00:00","og_image":[{"width":375,"height":536,"url":"https:\/\/letrame.com\/catalogo\/wp-content\/uploads\/2024\/04\/portada-Dios-habla-a-mi-corazon-1.webp","type":"image\/webp"}],"twitter_card":"summary_large_image","twitter_misc":{"Tiempo de lectura":"2 minutos"},"schema":{"@context":"https:\/\/schema.org","@graph":[{"@type":"WebPage","@id":"https:\/\/letrame.com\/catalogo\/producto\/dios-habla-a-mi-corazon\/","url":"https:\/\/letrame.com\/catalogo\/producto\/dios-habla-a-mi-corazon\/","name":"Dios habla a mi coraz\u00f3n - Catalogo | Letrame Grupo Editorial","isPartOf":{"@id":"https:\/\/letrame.com\/catalogo\/#website"},"primaryImageOfPage":{"@id":"https:\/\/letrame.com\/catalogo\/producto\/dios-habla-a-mi-corazon\/#primaryimage"},"image":{"@id":"https:\/\/letrame.com\/catalogo\/producto\/dios-habla-a-mi-corazon\/#primaryimage"},"thumbnailUrl":"https:\/\/letrame.com\/catalogo\/wp-content\/uploads\/2024\/04\/portada-Dios-habla-a-mi-corazon-1.webp","datePublished":"2024-04-18T07:08:10+00:00","dateModified":"2024-07-31T06:50:23+00:00","breadcrumb":{"@id":"https:\/\/letrame.com\/catalogo\/producto\/dios-habla-a-mi-corazon\/#breadcrumb"},"inLanguage":"es","potentialAction":[{"@type":"ReadAction","target":["https:\/\/letrame.com\/catalogo\/producto\/dios-habla-a-mi-corazon\/"]}]},{"@type":"ImageObject","inLanguage":"es","@id":"https:\/\/letrame.com\/catalogo\/producto\/dios-habla-a-mi-corazon\/#primaryimage","url":"https:\/\/letrame.com\/catalogo\/wp-content\/uploads\/2024\/04\/portada-Dios-habla-a-mi-corazon-1.webp","contentUrl":"https:\/\/letrame.com\/catalogo\/wp-content\/uploads\/2024\/04\/portada-Dios-habla-a-mi-corazon-1.webp","width":375,"height":536},{"@type":"BreadcrumbList","@id":"https:\/\/letrame.com\/catalogo\/producto\/dios-habla-a-mi-corazon\/#breadcrumb","itemListElement":[{"@type":"ListItem","position":1,"name":"Portada","item":"https:\/\/letrame.com\/catalogo\/"},{"@type":"ListItem","position":2,"name":"Cat\u00e1logo","item":"https:\/\/letrame.com\/catalogo\/"},{"@type":"ListItem","position":3,"name":"Dios habla a mi coraz\u00f3n"}]},{"@type":"WebSite","@id":"https:\/\/letrame.com\/catalogo\/#website","url":"https:\/\/letrame.com\/catalogo\/","name":"Catalogo | Letrame Grupo Editorial","description":"","publisher":{"@id":"https:\/\/letrame.com\/catalogo\/#organization"},"potentialAction":[{"@type":"SearchAction","target":{"@type":"EntryPoint","urlTemplate":"https:\/\/letrame.com\/catalogo\/?s={search_term_string}"},"query-input":{"@type":"PropertyValueSpecification","valueRequired":true,"valueName":"search_term_string"}}],"inLanguage":"es"},{"@type":"Organization","@id":"https:\/\/letrame.com\/catalogo\/#organization","name":"Catalogo | Letrame Grupo Editorial","url":"https:\/\/letrame.com\/catalogo\/","logo":{"@type":"ImageObject","inLanguage":"es","@id":"https:\/\/letrame.com\/catalogo\/#\/schema\/logo\/image\/","url":"https:\/\/letrame.com\/catalogo\/wp-content\/uploads\/2024\/03\/logo2.webp","contentUrl":"https:\/\/letrame.com\/catalogo\/wp-content\/uploads\/2024\/03\/logo2.webp","width":394,"height":128,"caption":"Catalogo | Letrame Grupo Editorial"},"image":{"@id":"https:\/\/letrame.com\/catalogo\/#\/schema\/logo\/image\/"}}]}},"_links":{"self":[{"href":"https:\/\/letrame.com\/catalogo\/wp-json\/wp\/v2\/product\/93530","targetHints":{"allow":["GET"]}}],"collection":[{"href":"https:\/\/letrame.com\/catalogo\/wp-json\/wp\/v2\/product"}],"about":[{"href":"https:\/\/letrame.com\/catalogo\/wp-json\/wp\/v2\/types\/product"}],"replies":[{"embeddable":true,"href":"https:\/\/letrame.com\/catalogo\/wp-json\/wp\/v2\/comments?post=93530"}],"acf:post":[{"embeddable":true,"href":"https:\/\/letrame.com\/catalogo\/wp-json\/wp\/v2\/author_book\/72555"}],"wp:featuredmedia":[{"embeddable":true,"href":"https:\/\/letrame.com\/catalogo\/wp-json\/wp\/v2\/media\/99890"}],"wp:attachment":[{"href":"https:\/\/letrame.com\/catalogo\/wp-json\/wp\/v2\/media?parent=93530"}],"wp:term":[{"taxonomy":"libro","embeddable":true,"href":"https:\/\/letrame.com\/catalogo\/wp-json\/wp\/v2\/libro?post=93530"},{"taxonomy":"product_brand","embeddable":true,"href":"https:\/\/letrame.com\/catalogo\/wp-json\/wp\/v2\/product_brand?post=93530"},{"taxonomy":"product_cat","embeddable":true,"href":"https:\/\/letrame.com\/catalogo\/wp-json\/wp\/v2\/product_cat?post=93530"},{"taxonomy":"product_tag","embeddable":true,"href":"https:\/\/letrame.com\/catalogo\/wp-json\/wp\/v2\/product_tag?post=93530"}],"curies":[{"name":"wp","href":"https:\/\/api.w.org\/{rel}","templated":true}]}}