{"id":93528,"date":"2024-04-18T09:08:10","date_gmt":"2024-04-18T07:08:10","guid":{"rendered":"https:\/\/letrame.com\/catalogo\/producto\/el-figon-de-iturbe\/"},"modified":"2024-08-12T09:54:21","modified_gmt":"2024-08-12T07:54:21","slug":"el-figon-de-iturbe","status":"publish","type":"product","link":"https:\/\/letrame.com\/catalogo\/producto\/el-figon-de-iturbe\/","title":{"rendered":"El fig\u00f3n de Iturbe"},"content":{"rendered":"<p><strong>ISBN<\/strong>: 978-84-16916-02-3<br \/>\n<strong>T\u00edtulo<\/strong>: El fig\u00f3n de Iturbe<br \/>\n<strong>Fecha<\/strong>: 2017<br \/>\n<strong>P\u00e1ginas<\/strong>: 454<\/p>\n<p>&nbsp;<\/p>\n<p><strong>SINOPSIS<\/strong><\/p>\n<section>\n<div class=\"about-this-book\">\n<div class=\"container\">\n<div class=\"right-detail shop-detail1 pull-right col-md-8 col-sm-8 col-xs-12\">\n<div id=\"editionnal-reviews\" class=\"book-desc-detail\"><span class=\"detail-desc box-detail-desc\">La v\u00edspera de que la ciudad de Lima fuera tomada por el General San Mart\u00edn, una nave de bandera inglesa abandona el puerto de El Callao contratada por el virrey del Per\u00fa. En sus bodegas transporta sin que lo sepan sus tripulantes, los tesoros de la catedral y el dinero de los bancos de la ciudad de Lima con destino a M\u00e9jico. La nave no llego nunca a destino Iker Garmendia es un joven chef de cocina que trabaja en un restaurante de prestigio, donde sus propuestas se ven frustradas por un jefe de formaci\u00f3n cl\u00e1sica. Al heredar un caser\u00edo en mal estado en la villa de Guetaria ve la posibilidad de montar su propio restaurante. Durante las obras de reforma, descubre un manuscrito escrito por el piloto vasco de aquel barco ingl\u00e9s. Con la colaboraci\u00f3n de Amaia, su novia y dos amigos, va descubriendo los enigmas que ocultan el manuscrito y el caser\u00edo. Aprovechando un concurso internacional de gastronom\u00eda, se dirige a Costa Rica para intentar localizar el tesoro de la ciudad de Lima, debiendo enfrentarse a numerosos obst\u00e1culos y pagar un alto precio.<\/span><\/div>\n<div id=\"clear-scroll\" class=\"clearfix\"><\/div>\n<\/div>\n<\/div>\n<\/div>\n<\/section>\n<div class=\"feature-section feature-option2\">\n<div class=\"container\">\n<div class=\"related products\">\n<div class=\"title-box\"><\/div>\n<\/div>\n<\/div>\n<\/div>\n<p><iframe title=\"El fig\u00f3n de Iturbe - Letrame Grupo Editorial\" data-src=\"https:\/\/player.vimeo.com\/video\/188260706?dnt=1&amp;app_id=122963\" width=\"800\" height=\"450\" frameborder=\"0\" allow=\"autoplay; fullscreen; picture-in-picture; clipboard-write\" src=\"data:image\/svg+xml;base64,PHN2ZyB3aWR0aD0iMSIgaGVpZ2h0PSIxIiB4bWxucz0iaHR0cDovL3d3dy53My5vcmcvMjAwMC9zdmciPjwvc3ZnPg==\" class=\"lazyload\" data-load-mode=\"1\"><\/iframe><\/p>\n","protected":false},"excerpt":{"rendered":"<p><strong>ISBN: 978-84-16916-02-3<\/strong><\/p>\n<p>La v\u00edspera de que la ciudad de Lima fuera tomada por el General San Mart\u00edn, una nave de bandera inglesa abandona el puerto de El Callao contratada por el virrey del Per\u00fa. En sus bodegas transporta sin que lo sepan sus tripulantes, los tesoros de la catedral y el dinero de los bancos de la ciudad de Lima con destino a M\u00e9jico&#8230;<\/p>\n","protected":false},"featured_media":99892,"comment_status":"closed","ping_status":"closed","template":"","meta":{"_acf_changed":false},"libro":[],"product_brand":[],"product_cat":[16,24],"product_tag":[],"class_list":{"0":"post-93528","1":"product","2":"type-product","3":"status-publish","4":"has-post-thumbnail","6":"product_cat-novela","7":"product_cat-viajes","9":"first","10":"instock","11":"purchasable","12":"product-type-simple"},"acf":{"autor":[76697],"enlace_de_compra":"https:\/\/amzn.to\/3AmnSsF"},"yoast_head":"<!-- This site is optimized with the Yoast SEO plugin v26.6 - https:\/\/yoast.com\/wordpress\/plugins\/seo\/ -->\n<title>El fig\u00f3n de Iturbe - Catalogo | Letrame Grupo Editorial<\/title>\n<meta name=\"robots\" content=\"index, follow, max-snippet:-1, max-image-preview:large, max-video-preview:-1\" \/>\n<link rel=\"canonical\" href=\"https:\/\/letrame.com\/catalogo\/producto\/el-figon-de-iturbe\/\" \/>\n<meta property=\"og:locale\" content=\"es_ES\" \/>\n<meta property=\"og:type\" content=\"article\" \/>\n<meta property=\"og:title\" content=\"El fig\u00f3n de Iturbe - Catalogo | Letrame Grupo Editorial\" \/>\n<meta property=\"og:description\" content=\"ISBN: 978-84-16916-02-3  La v\u00edspera de que la ciudad de Lima fuera tomada por el General San Mart\u00edn, una nave de bandera inglesa abandona el puerto de El Callao contratada por el virrey del Per\u00fa. En sus bodegas transporta sin que lo sepan sus tripulantes, los tesoros de la catedral y el dinero de los bancos de la ciudad de Lima con destino a M\u00e9jico...\" \/>\n<meta property=\"og:url\" content=\"https:\/\/letrame.com\/catalogo\/producto\/el-figon-de-iturbe\/\" \/>\n<meta property=\"og:site_name\" content=\"Catalogo | Letrame Grupo Editorial\" \/>\n<meta property=\"article:modified_time\" content=\"2024-08-12T07:54:21+00:00\" \/>\n<meta property=\"og:image\" content=\"https:\/\/letrame.com\/catalogo\/wp-content\/uploads\/2024\/04\/portada-El-figon-de-Iturbe-IMPRENTA-1.webp\" \/>\n\t<meta property=\"og:image:width\" content=\"375\" \/>\n\t<meta property=\"og:image:height\" content=\"541\" \/>\n\t<meta property=\"og:image:type\" content=\"image\/webp\" \/>\n<meta name=\"twitter:card\" content=\"summary_large_image\" \/>\n<meta name=\"twitter:label1\" content=\"Tiempo de lectura\" \/>\n\t<meta name=\"twitter:data1\" content=\"2 minutos\" \/>\n<script type=\"application\/ld+json\" class=\"yoast-schema-graph\">{\"@context\":\"https:\/\/schema.org\",\"@graph\":[{\"@type\":\"WebPage\",\"@id\":\"https:\/\/letrame.com\/catalogo\/producto\/el-figon-de-iturbe\/\",\"url\":\"https:\/\/letrame.com\/catalogo\/producto\/el-figon-de-iturbe\/\",\"name\":\"El fig\u00f3n de Iturbe - Catalogo | Letrame Grupo Editorial\",\"isPartOf\":{\"@id\":\"https:\/\/letrame.com\/catalogo\/#website\"},\"primaryImageOfPage\":{\"@id\":\"https:\/\/letrame.com\/catalogo\/producto\/el-figon-de-iturbe\/#primaryimage\"},\"image\":{\"@id\":\"https:\/\/letrame.com\/catalogo\/producto\/el-figon-de-iturbe\/#primaryimage\"},\"thumbnailUrl\":\"https:\/\/letrame.com\/catalogo\/wp-content\/uploads\/2024\/04\/portada-El-figon-de-Iturbe-IMPRENTA-1.webp\",\"datePublished\":\"2024-04-18T07:08:10+00:00\",\"dateModified\":\"2024-08-12T07:54:21+00:00\",\"breadcrumb\":{\"@id\":\"https:\/\/letrame.com\/catalogo\/producto\/el-figon-de-iturbe\/#breadcrumb\"},\"inLanguage\":\"es\",\"potentialAction\":[{\"@type\":\"ReadAction\",\"target\":[\"https:\/\/letrame.com\/catalogo\/producto\/el-figon-de-iturbe\/\"]}]},{\"@type\":\"ImageObject\",\"inLanguage\":\"es\",\"@id\":\"https:\/\/letrame.com\/catalogo\/producto\/el-figon-de-iturbe\/#primaryimage\",\"url\":\"https:\/\/letrame.com\/catalogo\/wp-content\/uploads\/2024\/04\/portada-El-figon-de-Iturbe-IMPRENTA-1.webp\",\"contentUrl\":\"https:\/\/letrame.com\/catalogo\/wp-content\/uploads\/2024\/04\/portada-El-figon-de-Iturbe-IMPRENTA-1.webp\",\"width\":375,\"height\":541},{\"@type\":\"BreadcrumbList\",\"@id\":\"https:\/\/letrame.com\/catalogo\/producto\/el-figon-de-iturbe\/#breadcrumb\",\"itemListElement\":[{\"@type\":\"ListItem\",\"position\":1,\"name\":\"Portada\",\"item\":\"https:\/\/letrame.com\/catalogo\/\"},{\"@type\":\"ListItem\",\"position\":2,\"name\":\"Cat\u00e1logo\",\"item\":\"https:\/\/letrame.com\/catalogo\/\"},{\"@type\":\"ListItem\",\"position\":3,\"name\":\"El fig\u00f3n de Iturbe\"}]},{\"@type\":\"WebSite\",\"@id\":\"https:\/\/letrame.com\/catalogo\/#website\",\"url\":\"https:\/\/letrame.com\/catalogo\/\",\"name\":\"Catalogo | Letrame Grupo Editorial\",\"description\":\"\",\"publisher\":{\"@id\":\"https:\/\/letrame.com\/catalogo\/#organization\"},\"potentialAction\":[{\"@type\":\"SearchAction\",\"target\":{\"@type\":\"EntryPoint\",\"urlTemplate\":\"https:\/\/letrame.com\/catalogo\/?s={search_term_string}\"},\"query-input\":{\"@type\":\"PropertyValueSpecification\",\"valueRequired\":true,\"valueName\":\"search_term_string\"}}],\"inLanguage\":\"es\"},{\"@type\":\"Organization\",\"@id\":\"https:\/\/letrame.com\/catalogo\/#organization\",\"name\":\"Catalogo | Letrame Grupo Editorial\",\"url\":\"https:\/\/letrame.com\/catalogo\/\",\"logo\":{\"@type\":\"ImageObject\",\"inLanguage\":\"es\",\"@id\":\"https:\/\/letrame.com\/catalogo\/#\/schema\/logo\/image\/\",\"url\":\"https:\/\/letrame.com\/catalogo\/wp-content\/uploads\/2024\/03\/logo2.webp\",\"contentUrl\":\"https:\/\/letrame.com\/catalogo\/wp-content\/uploads\/2024\/03\/logo2.webp\",\"width\":394,\"height\":128,\"caption\":\"Catalogo | Letrame Grupo Editorial\"},\"image\":{\"@id\":\"https:\/\/letrame.com\/catalogo\/#\/schema\/logo\/image\/\"}}]}<\/script>\n<!-- \/ Yoast SEO plugin. -->","yoast_head_json":{"title":"El fig\u00f3n de Iturbe - Catalogo | Letrame Grupo Editorial","robots":{"index":"index","follow":"follow","max-snippet":"max-snippet:-1","max-image-preview":"max-image-preview:large","max-video-preview":"max-video-preview:-1"},"canonical":"https:\/\/letrame.com\/catalogo\/producto\/el-figon-de-iturbe\/","og_locale":"es_ES","og_type":"article","og_title":"El fig\u00f3n de Iturbe - Catalogo | Letrame Grupo Editorial","og_description":"ISBN: 978-84-16916-02-3  La v\u00edspera de que la ciudad de Lima fuera tomada por el General San Mart\u00edn, una nave de bandera inglesa abandona el puerto de El Callao contratada por el virrey del Per\u00fa. En sus bodegas transporta sin que lo sepan sus tripulantes, los tesoros de la catedral y el dinero de los bancos de la ciudad de Lima con destino a M\u00e9jico...","og_url":"https:\/\/letrame.com\/catalogo\/producto\/el-figon-de-iturbe\/","og_site_name":"Catalogo | Letrame Grupo Editorial","article_modified_time":"2024-08-12T07:54:21+00:00","og_image":[{"width":375,"height":541,"url":"https:\/\/letrame.com\/catalogo\/wp-content\/uploads\/2024\/04\/portada-El-figon-de-Iturbe-IMPRENTA-1.webp","type":"image\/webp"}],"twitter_card":"summary_large_image","twitter_misc":{"Tiempo de lectura":"2 minutos"},"schema":{"@context":"https:\/\/schema.org","@graph":[{"@type":"WebPage","@id":"https:\/\/letrame.com\/catalogo\/producto\/el-figon-de-iturbe\/","url":"https:\/\/letrame.com\/catalogo\/producto\/el-figon-de-iturbe\/","name":"El fig\u00f3n de Iturbe - Catalogo | Letrame Grupo Editorial","isPartOf":{"@id":"https:\/\/letrame.com\/catalogo\/#website"},"primaryImageOfPage":{"@id":"https:\/\/letrame.com\/catalogo\/producto\/el-figon-de-iturbe\/#primaryimage"},"image":{"@id":"https:\/\/letrame.com\/catalogo\/producto\/el-figon-de-iturbe\/#primaryimage"},"thumbnailUrl":"https:\/\/letrame.com\/catalogo\/wp-content\/uploads\/2024\/04\/portada-El-figon-de-Iturbe-IMPRENTA-1.webp","datePublished":"2024-04-18T07:08:10+00:00","dateModified":"2024-08-12T07:54:21+00:00","breadcrumb":{"@id":"https:\/\/letrame.com\/catalogo\/producto\/el-figon-de-iturbe\/#breadcrumb"},"inLanguage":"es","potentialAction":[{"@type":"ReadAction","target":["https:\/\/letrame.com\/catalogo\/producto\/el-figon-de-iturbe\/"]}]},{"@type":"ImageObject","inLanguage":"es","@id":"https:\/\/letrame.com\/catalogo\/producto\/el-figon-de-iturbe\/#primaryimage","url":"https:\/\/letrame.com\/catalogo\/wp-content\/uploads\/2024\/04\/portada-El-figon-de-Iturbe-IMPRENTA-1.webp","contentUrl":"https:\/\/letrame.com\/catalogo\/wp-content\/uploads\/2024\/04\/portada-El-figon-de-Iturbe-IMPRENTA-1.webp","width":375,"height":541},{"@type":"BreadcrumbList","@id":"https:\/\/letrame.com\/catalogo\/producto\/el-figon-de-iturbe\/#breadcrumb","itemListElement":[{"@type":"ListItem","position":1,"name":"Portada","item":"https:\/\/letrame.com\/catalogo\/"},{"@type":"ListItem","position":2,"name":"Cat\u00e1logo","item":"https:\/\/letrame.com\/catalogo\/"},{"@type":"ListItem","position":3,"name":"El fig\u00f3n de Iturbe"}]},{"@type":"WebSite","@id":"https:\/\/letrame.com\/catalogo\/#website","url":"https:\/\/letrame.com\/catalogo\/","name":"Catalogo | Letrame Grupo Editorial","description":"","publisher":{"@id":"https:\/\/letrame.com\/catalogo\/#organization"},"potentialAction":[{"@type":"SearchAction","target":{"@type":"EntryPoint","urlTemplate":"https:\/\/letrame.com\/catalogo\/?s={search_term_string}"},"query-input":{"@type":"PropertyValueSpecification","valueRequired":true,"valueName":"search_term_string"}}],"inLanguage":"es"},{"@type":"Organization","@id":"https:\/\/letrame.com\/catalogo\/#organization","name":"Catalogo | Letrame Grupo Editorial","url":"https:\/\/letrame.com\/catalogo\/","logo":{"@type":"ImageObject","inLanguage":"es","@id":"https:\/\/letrame.com\/catalogo\/#\/schema\/logo\/image\/","url":"https:\/\/letrame.com\/catalogo\/wp-content\/uploads\/2024\/03\/logo2.webp","contentUrl":"https:\/\/letrame.com\/catalogo\/wp-content\/uploads\/2024\/03\/logo2.webp","width":394,"height":128,"caption":"Catalogo | Letrame Grupo Editorial"},"image":{"@id":"https:\/\/letrame.com\/catalogo\/#\/schema\/logo\/image\/"}}]}},"_links":{"self":[{"href":"https:\/\/letrame.com\/catalogo\/wp-json\/wp\/v2\/product\/93528","targetHints":{"allow":["GET"]}}],"collection":[{"href":"https:\/\/letrame.com\/catalogo\/wp-json\/wp\/v2\/product"}],"about":[{"href":"https:\/\/letrame.com\/catalogo\/wp-json\/wp\/v2\/types\/product"}],"replies":[{"embeddable":true,"href":"https:\/\/letrame.com\/catalogo\/wp-json\/wp\/v2\/comments?post=93528"}],"acf:post":[{"embeddable":true,"href":"https:\/\/letrame.com\/catalogo\/wp-json\/wp\/v2\/author_book\/76697"}],"wp:featuredmedia":[{"embeddable":true,"href":"https:\/\/letrame.com\/catalogo\/wp-json\/wp\/v2\/media\/99892"}],"wp:attachment":[{"href":"https:\/\/letrame.com\/catalogo\/wp-json\/wp\/v2\/media?parent=93528"}],"wp:term":[{"taxonomy":"libro","embeddable":true,"href":"https:\/\/letrame.com\/catalogo\/wp-json\/wp\/v2\/libro?post=93528"},{"taxonomy":"product_brand","embeddable":true,"href":"https:\/\/letrame.com\/catalogo\/wp-json\/wp\/v2\/product_brand?post=93528"},{"taxonomy":"product_cat","embeddable":true,"href":"https:\/\/letrame.com\/catalogo\/wp-json\/wp\/v2\/product_cat?post=93528"},{"taxonomy":"product_tag","embeddable":true,"href":"https:\/\/letrame.com\/catalogo\/wp-json\/wp\/v2\/product_tag?post=93528"}],"curies":[{"name":"wp","href":"https:\/\/api.w.org\/{rel}","templated":true}]}}