{"id":93527,"date":"2024-04-18T09:08:10","date_gmt":"2024-04-18T07:08:10","guid":{"rendered":"https:\/\/letrame.com\/catalogo\/producto\/el-frutero-no-discuti_a-de-mermeladas\/"},"modified":"2024-05-15T10:42:30","modified_gmt":"2024-05-15T08:42:30","slug":"el-frutero-no-discutia-de-mermeladas","status":"publish","type":"product","link":"https:\/\/letrame.com\/catalogo\/producto\/el-frutero-no-discutia-de-mermeladas\/","title":{"rendered":"El frutero no discut\u00eda de mermeladas"},"content":{"rendered":"<p><strong>ISBN<\/strong>: 978-84-16916-00-9<br \/>\n<strong>T\u00edtulo<\/strong>: El frutero no discut\u00eda de mermeladas<br \/>\n<strong>Fecha<\/strong>: 2017<br \/>\n<strong>P\u00e1ginas<\/strong>: 156<\/p>\n<p>&nbsp;<\/p>\n<p><strong>SINOPSIS<\/strong><\/p>\n<section>\n<div class=\"e&quot;about-this-book&quot;\">\n<div class=\"container\">\n<div class=\"right-detail shop-detail1 pull-right col-md-8 col-sm-8 col-xs-12\">\n<div id=\"editionnal-reviews\" class=\"book-desc-detail\"><span class=\"detail-desc box-detail-desc\">Elsa, una joven abogada, decide viajar de Madrid a Nueva York despu\u00e9s de que un desconocido le proponga un extra\u00f1o juego. Ella, atrapada por su pasado, se adentrar\u00e1 en un mundo m\u00e1gico, misterioso y apasionante. Lo har\u00e1 de la mano de Gast\u00f3n, un viajero franc\u00e9s que adquiere en Chinatown un viejo bazar para reconvertirlo en fruter\u00eda. La cr\u00edtica ha dicho sobre \u201cEl frutero no discut\u00eda de mermeladas\u201d que hace reflexionar al lector sobre lo crucial de las casualidades, del impacto de las decisiones, aparentemente triviales que tomamos a diario, en la confianza de que ser humano a\u00fan est\u00e1 a tiempo de salvarse a s\u00ed mismo si cree en la bondad de los dem\u00e1s. Escrita con un lenguaje po\u00e9tico y bien elaborado, la novela nos sit\u00faa en la estela del realismo m\u00e1gico.<\/span><\/div>\n<div id=\"clear-scroll\" class=\"clearfix\"><\/div>\n<\/div>\n<\/div>\n<\/div>\n<\/section>\n<div class=\"feature-section feature-option2\">\n<div class=\"container\">\n<div class=\"related products\">\n<div class=\"title-box\"><\/div>\n<\/div>\n<\/div>\n<\/div>\n<p><iframe title=\"El frutero no discuti\u0301a de mermeladas - Letrame Grupo Editorial\" data-src=\"https:\/\/player.vimeo.com\/video\/182988017?dnt=1&amp;app_id=122963\" width=\"800\" height=\"450\" frameborder=\"0\" allow=\"autoplay; fullscreen; picture-in-picture; clipboard-write\" src=\"data:image\/svg+xml;base64,PHN2ZyB3aWR0aD0iMSIgaGVpZ2h0PSIxIiB4bWxucz0iaHR0cDovL3d3dy53My5vcmcvMjAwMC9zdmciPjwvc3ZnPg==\" class=\"lazyload\" data-load-mode=\"1\"><\/iframe><\/p>\n","protected":false},"excerpt":{"rendered":"<p><strong>ISBN: 978-84-16916-00-9<\/strong><\/p>\n<p>Elsa, una joven abogada, decide viajar de Madrid a Nueva York despu\u00e9s de que un desconocido le proponga un extra\u00f1o juego. Ella, atrapada por su pasado, se adentrar\u00e1 en un mundo m\u00e1gico, misterioso y apasionante. Lo har\u00e1 de la mano de Gast\u00f3n, un viajero franc\u00e9s que adquiere en Chinatown&#8230;<\/p>\n","protected":false},"featured_media":99893,"comment_status":"closed","ping_status":"closed","template":"","meta":{"_acf_changed":false},"libro":[],"product_brand":[],"product_cat":[16,24],"product_tag":[],"class_list":{"0":"post-93527","1":"product","2":"type-product","3":"status-publish","4":"has-post-thumbnail","6":"product_cat-novela","7":"product_cat-viajes","9":"first","10":"instock","11":"purchasable","12":"product-type-simple"},"acf":{"autor":[72553],"enlace_de_compra":"https:\/\/www.amazon.es\/El-frutero-discut%C3%ADa-mermeladas-Novela\/dp\/8416916004\/ref=sr_1_1?__mk_es_ES=%C3%85M%C3%85%C5%BD%C3%95%C3%91&amp&dchild=1&amp&keywords=El+frutero+no+discuti"},"yoast_head":"<!-- This site is optimized with the Yoast SEO plugin v27.4 - https:\/\/yoast.com\/product\/yoast-seo-wordpress\/ -->\n<title>El frutero no discut\u00eda de mermeladas - Catalogo | Letrame Grupo Editorial<\/title>\n<meta name=\"robots\" content=\"index, follow, max-snippet:-1, max-image-preview:large, max-video-preview:-1\" \/>\n<link rel=\"canonical\" href=\"https:\/\/letrame.com\/catalogo\/producto\/el-frutero-no-discutia-de-mermeladas\/\" \/>\n<meta property=\"og:locale\" content=\"es_ES\" \/>\n<meta property=\"og:type\" content=\"article\" \/>\n<meta property=\"og:title\" content=\"El frutero no discut\u00eda de mermeladas - Catalogo | Letrame Grupo Editorial\" \/>\n<meta property=\"og:description\" content=\"ISBN: 978-84-16916-00-9  Elsa, una joven abogada, decide viajar de Madrid a Nueva York despu\u00e9s de que un desconocido le proponga un extra\u00f1o juego. Ella, atrapada por su pasado, se adentrar\u00e1 en un mundo m\u00e1gico, misterioso y apasionante. Lo har\u00e1 de la mano de Gast\u00f3n, un viajero franc\u00e9s que adquiere en Chinatown...\" \/>\n<meta property=\"og:url\" content=\"https:\/\/letrame.com\/catalogo\/producto\/el-frutero-no-discutia-de-mermeladas\/\" \/>\n<meta property=\"og:site_name\" content=\"Catalogo | Letrame Grupo Editorial\" \/>\n<meta property=\"article:modified_time\" content=\"2024-05-15T08:42:30+00:00\" \/>\n<meta property=\"og:image\" content=\"https:\/\/letrame.com\/catalogo\/wp-content\/uploads\/2024\/04\/portada-El-frutero-no-discutia-de-mermeladas-BUENA-1.webp\" \/>\n\t<meta property=\"og:image:width\" content=\"375\" \/>\n\t<meta property=\"og:image:height\" content=\"544\" \/>\n\t<meta property=\"og:image:type\" content=\"image\/webp\" \/>\n<meta name=\"twitter:card\" content=\"summary_large_image\" \/>\n<meta name=\"twitter:label1\" content=\"Tiempo de lectura\" \/>\n\t<meta name=\"twitter:data1\" content=\"1 minuto\" \/>\n<script type=\"application\/ld+json\" class=\"yoast-schema-graph\">{\"@context\":\"https:\\\/\\\/schema.org\",\"@graph\":[{\"@type\":\"WebPage\",\"@id\":\"https:\\\/\\\/letrame.com\\\/catalogo\\\/producto\\\/el-frutero-no-discutia-de-mermeladas\\\/\",\"url\":\"https:\\\/\\\/letrame.com\\\/catalogo\\\/producto\\\/el-frutero-no-discutia-de-mermeladas\\\/\",\"name\":\"El frutero no discut\u00eda de mermeladas - Catalogo | Letrame Grupo Editorial\",\"isPartOf\":{\"@id\":\"https:\\\/\\\/letrame.com\\\/catalogo\\\/#website\"},\"primaryImageOfPage\":{\"@id\":\"https:\\\/\\\/letrame.com\\\/catalogo\\\/producto\\\/el-frutero-no-discutia-de-mermeladas\\\/#primaryimage\"},\"image\":{\"@id\":\"https:\\\/\\\/letrame.com\\\/catalogo\\\/producto\\\/el-frutero-no-discutia-de-mermeladas\\\/#primaryimage\"},\"thumbnailUrl\":\"https:\\\/\\\/letrame.com\\\/catalogo\\\/wp-content\\\/uploads\\\/2024\\\/04\\\/portada-El-frutero-no-discutia-de-mermeladas-BUENA-1.webp\",\"datePublished\":\"2024-04-18T07:08:10+00:00\",\"dateModified\":\"2024-05-15T08:42:30+00:00\",\"breadcrumb\":{\"@id\":\"https:\\\/\\\/letrame.com\\\/catalogo\\\/producto\\\/el-frutero-no-discutia-de-mermeladas\\\/#breadcrumb\"},\"inLanguage\":\"es\",\"potentialAction\":[{\"@type\":\"ReadAction\",\"target\":[\"https:\\\/\\\/letrame.com\\\/catalogo\\\/producto\\\/el-frutero-no-discutia-de-mermeladas\\\/\"]}]},{\"@type\":\"ImageObject\",\"inLanguage\":\"es\",\"@id\":\"https:\\\/\\\/letrame.com\\\/catalogo\\\/producto\\\/el-frutero-no-discutia-de-mermeladas\\\/#primaryimage\",\"url\":\"https:\\\/\\\/letrame.com\\\/catalogo\\\/wp-content\\\/uploads\\\/2024\\\/04\\\/portada-El-frutero-no-discutia-de-mermeladas-BUENA-1.webp\",\"contentUrl\":\"https:\\\/\\\/letrame.com\\\/catalogo\\\/wp-content\\\/uploads\\\/2024\\\/04\\\/portada-El-frutero-no-discutia-de-mermeladas-BUENA-1.webp\",\"width\":375,\"height\":544},{\"@type\":\"BreadcrumbList\",\"@id\":\"https:\\\/\\\/letrame.com\\\/catalogo\\\/producto\\\/el-frutero-no-discutia-de-mermeladas\\\/#breadcrumb\",\"itemListElement\":[{\"@type\":\"ListItem\",\"position\":1,\"name\":\"Portada\",\"item\":\"https:\\\/\\\/letrame.com\\\/catalogo\\\/\"},{\"@type\":\"ListItem\",\"position\":2,\"name\":\"Cat\u00e1logo\",\"item\":\"https:\\\/\\\/letrame.com\\\/catalogo\\\/\"},{\"@type\":\"ListItem\",\"position\":3,\"name\":\"El frutero no discut\u00eda de mermeladas\"}]},{\"@type\":\"WebSite\",\"@id\":\"https:\\\/\\\/letrame.com\\\/catalogo\\\/#website\",\"url\":\"https:\\\/\\\/letrame.com\\\/catalogo\\\/\",\"name\":\"Catalogo | Letrame Grupo Editorial\",\"description\":\"\",\"publisher\":{\"@id\":\"https:\\\/\\\/letrame.com\\\/catalogo\\\/#organization\"},\"potentialAction\":[{\"@type\":\"SearchAction\",\"target\":{\"@type\":\"EntryPoint\",\"urlTemplate\":\"https:\\\/\\\/letrame.com\\\/catalogo\\\/?s={search_term_string}\"},\"query-input\":{\"@type\":\"PropertyValueSpecification\",\"valueRequired\":true,\"valueName\":\"search_term_string\"}}],\"inLanguage\":\"es\"},{\"@type\":\"Organization\",\"@id\":\"https:\\\/\\\/letrame.com\\\/catalogo\\\/#organization\",\"name\":\"Catalogo | Letrame Grupo Editorial\",\"url\":\"https:\\\/\\\/letrame.com\\\/catalogo\\\/\",\"logo\":{\"@type\":\"ImageObject\",\"inLanguage\":\"es\",\"@id\":\"https:\\\/\\\/letrame.com\\\/catalogo\\\/#\\\/schema\\\/logo\\\/image\\\/\",\"url\":\"https:\\\/\\\/letrame.com\\\/catalogo\\\/wp-content\\\/uploads\\\/2024\\\/03\\\/logo2.webp\",\"contentUrl\":\"https:\\\/\\\/letrame.com\\\/catalogo\\\/wp-content\\\/uploads\\\/2024\\\/03\\\/logo2.webp\",\"width\":394,\"height\":128,\"caption\":\"Catalogo | Letrame Grupo Editorial\"},\"image\":{\"@id\":\"https:\\\/\\\/letrame.com\\\/catalogo\\\/#\\\/schema\\\/logo\\\/image\\\/\"}}]}<\/script>\n<!-- \/ Yoast SEO plugin. -->","yoast_head_json":{"title":"El frutero no discut\u00eda de mermeladas - Catalogo | Letrame Grupo Editorial","robots":{"index":"index","follow":"follow","max-snippet":"max-snippet:-1","max-image-preview":"max-image-preview:large","max-video-preview":"max-video-preview:-1"},"canonical":"https:\/\/letrame.com\/catalogo\/producto\/el-frutero-no-discutia-de-mermeladas\/","og_locale":"es_ES","og_type":"article","og_title":"El frutero no discut\u00eda de mermeladas - Catalogo | Letrame Grupo Editorial","og_description":"ISBN: 978-84-16916-00-9  Elsa, una joven abogada, decide viajar de Madrid a Nueva York despu\u00e9s de que un desconocido le proponga un extra\u00f1o juego. Ella, atrapada por su pasado, se adentrar\u00e1 en un mundo m\u00e1gico, misterioso y apasionante. Lo har\u00e1 de la mano de Gast\u00f3n, un viajero franc\u00e9s que adquiere en Chinatown...","og_url":"https:\/\/letrame.com\/catalogo\/producto\/el-frutero-no-discutia-de-mermeladas\/","og_site_name":"Catalogo | Letrame Grupo Editorial","article_modified_time":"2024-05-15T08:42:30+00:00","og_image":[{"width":375,"height":544,"url":"https:\/\/letrame.com\/catalogo\/wp-content\/uploads\/2024\/04\/portada-El-frutero-no-discutia-de-mermeladas-BUENA-1.webp","type":"image\/webp"}],"twitter_card":"summary_large_image","twitter_misc":{"Tiempo de lectura":"1 minuto"},"schema":{"@context":"https:\/\/schema.org","@graph":[{"@type":"WebPage","@id":"https:\/\/letrame.com\/catalogo\/producto\/el-frutero-no-discutia-de-mermeladas\/","url":"https:\/\/letrame.com\/catalogo\/producto\/el-frutero-no-discutia-de-mermeladas\/","name":"El frutero no discut\u00eda de mermeladas - Catalogo | Letrame Grupo Editorial","isPartOf":{"@id":"https:\/\/letrame.com\/catalogo\/#website"},"primaryImageOfPage":{"@id":"https:\/\/letrame.com\/catalogo\/producto\/el-frutero-no-discutia-de-mermeladas\/#primaryimage"},"image":{"@id":"https:\/\/letrame.com\/catalogo\/producto\/el-frutero-no-discutia-de-mermeladas\/#primaryimage"},"thumbnailUrl":"https:\/\/letrame.com\/catalogo\/wp-content\/uploads\/2024\/04\/portada-El-frutero-no-discutia-de-mermeladas-BUENA-1.webp","datePublished":"2024-04-18T07:08:10+00:00","dateModified":"2024-05-15T08:42:30+00:00","breadcrumb":{"@id":"https:\/\/letrame.com\/catalogo\/producto\/el-frutero-no-discutia-de-mermeladas\/#breadcrumb"},"inLanguage":"es","potentialAction":[{"@type":"ReadAction","target":["https:\/\/letrame.com\/catalogo\/producto\/el-frutero-no-discutia-de-mermeladas\/"]}]},{"@type":"ImageObject","inLanguage":"es","@id":"https:\/\/letrame.com\/catalogo\/producto\/el-frutero-no-discutia-de-mermeladas\/#primaryimage","url":"https:\/\/letrame.com\/catalogo\/wp-content\/uploads\/2024\/04\/portada-El-frutero-no-discutia-de-mermeladas-BUENA-1.webp","contentUrl":"https:\/\/letrame.com\/catalogo\/wp-content\/uploads\/2024\/04\/portada-El-frutero-no-discutia-de-mermeladas-BUENA-1.webp","width":375,"height":544},{"@type":"BreadcrumbList","@id":"https:\/\/letrame.com\/catalogo\/producto\/el-frutero-no-discutia-de-mermeladas\/#breadcrumb","itemListElement":[{"@type":"ListItem","position":1,"name":"Portada","item":"https:\/\/letrame.com\/catalogo\/"},{"@type":"ListItem","position":2,"name":"Cat\u00e1logo","item":"https:\/\/letrame.com\/catalogo\/"},{"@type":"ListItem","position":3,"name":"El frutero no discut\u00eda de mermeladas"}]},{"@type":"WebSite","@id":"https:\/\/letrame.com\/catalogo\/#website","url":"https:\/\/letrame.com\/catalogo\/","name":"Catalogo | Letrame Grupo Editorial","description":"","publisher":{"@id":"https:\/\/letrame.com\/catalogo\/#organization"},"potentialAction":[{"@type":"SearchAction","target":{"@type":"EntryPoint","urlTemplate":"https:\/\/letrame.com\/catalogo\/?s={search_term_string}"},"query-input":{"@type":"PropertyValueSpecification","valueRequired":true,"valueName":"search_term_string"}}],"inLanguage":"es"},{"@type":"Organization","@id":"https:\/\/letrame.com\/catalogo\/#organization","name":"Catalogo | Letrame Grupo Editorial","url":"https:\/\/letrame.com\/catalogo\/","logo":{"@type":"ImageObject","inLanguage":"es","@id":"https:\/\/letrame.com\/catalogo\/#\/schema\/logo\/image\/","url":"https:\/\/letrame.com\/catalogo\/wp-content\/uploads\/2024\/03\/logo2.webp","contentUrl":"https:\/\/letrame.com\/catalogo\/wp-content\/uploads\/2024\/03\/logo2.webp","width":394,"height":128,"caption":"Catalogo | Letrame Grupo Editorial"},"image":{"@id":"https:\/\/letrame.com\/catalogo\/#\/schema\/logo\/image\/"}}]}},"_links":{"self":[{"href":"https:\/\/letrame.com\/catalogo\/wp-json\/wp\/v2\/product\/93527","targetHints":{"allow":["GET"]}}],"collection":[{"href":"https:\/\/letrame.com\/catalogo\/wp-json\/wp\/v2\/product"}],"about":[{"href":"https:\/\/letrame.com\/catalogo\/wp-json\/wp\/v2\/types\/product"}],"replies":[{"embeddable":true,"href":"https:\/\/letrame.com\/catalogo\/wp-json\/wp\/v2\/comments?post=93527"}],"wp:featuredmedia":[{"embeddable":true,"href":"https:\/\/letrame.com\/catalogo\/wp-json\/wp\/v2\/media\/99893"}],"wp:attachment":[{"href":"https:\/\/letrame.com\/catalogo\/wp-json\/wp\/v2\/media?parent=93527"}],"wp:term":[{"taxonomy":"libro","embeddable":true,"href":"https:\/\/letrame.com\/catalogo\/wp-json\/wp\/v2\/libro?post=93527"},{"taxonomy":"product_brand","embeddable":true,"href":"https:\/\/letrame.com\/catalogo\/wp-json\/wp\/v2\/product_brand?post=93527"},{"taxonomy":"product_cat","embeddable":true,"href":"https:\/\/letrame.com\/catalogo\/wp-json\/wp\/v2\/product_cat?post=93527"},{"taxonomy":"product_tag","embeddable":true,"href":"https:\/\/letrame.com\/catalogo\/wp-json\/wp\/v2\/product_tag?post=93527"}],"curies":[{"name":"wp","href":"https:\/\/api.w.org\/{rel}","templated":true}]}}