{"id":93513,"date":"2024-04-18T09:06:35","date_gmt":"2024-04-18T07:06:35","guid":{"rendered":"https:\/\/letrame.com\/catalogo\/producto\/jerez-en-la-historia\/"},"modified":"2024-04-18T09:07:49","modified_gmt":"2024-04-18T07:07:49","slug":"jerez-en-la-historia","status":"publish","type":"product","link":"https:\/\/letrame.com\/catalogo\/producto\/jerez-en-la-historia\/","title":{"rendered":"Jerez en la historia"},"content":{"rendered":"<p><strong>ISBN<\/strong>: 978-84-16916-02-3<br \/>\n<strong>T\u00edtulo<\/strong>: Jerez en la historia<br \/>\n<strong>Fecha<\/strong>: 2017<br \/>\n<strong>P\u00e1ginas<\/strong>: 292<\/p>\n<p>&nbsp;<\/p>\n<p><strong>SINOPSIS<\/strong><\/p>\n<section>\n<div class=\"about-this-book\">\n<div class=\"container\">\n<div class=\"right-detail shop-detail1 pull-right col-md-8 col-sm-8 col-xs-12\">\n<div id=\"editionnal-reviews\" class=\"book-desc-detail\"><span class=\"detail-desc box-detail-desc\">Entre octubre de 2014 y julio de 2016 el autor, Antonio Mariscal Trujillo, nos deleit\u00f3 cada lunes en las p\u00e1ginas de DIARIO DE JEREZ con una serie de art\u00edculos a doble plana bajo el t\u00edtulo gen\u00e9rico: \u201cJerez en el recuerdo\u201d. Dichos art\u00edculos han gozado del favor y el seguimiento de los lectores, hasta el punto que han sido muchos aquellos que los han venido guardando y coleccionando. Ello ha dado motivo a la publicaci\u00f3n de esta obra. El presente libro est\u00e1 compuesto por una selecci\u00f3n de dichos art\u00edculos que su autor ha estimado como de mayor inter\u00e9s, los mismos han sido clasificados por temas para as\u00ed componer sus diecisiete cap\u00edtulos, cuyas fuentes emanan tanto de viejos documentos escritos como primarias o de la memoria. A trav\u00e9s de sus cap\u00edtulos el lector podr\u00e1 conocer, de una forma amena y concisa, variados e in\u00e9ditos aspectos hist\u00f3ricos de marcado inter\u00e9s. Desde curiosas leyes y bandos de anta\u00f1o, hasta la historia de viejas capillas y ermitas desaparecidas en siglos pasados, pasando por la importante transformaci\u00f3n urbana de la ciudad en el siglo XIX, sus personajes singulares, las artes, las ciencias, la econom\u00eda y la sociedad de anta\u00f1o. Tambi\u00e9n el lector se podr\u00e1 recrear con decenas deliciosas y evocadoras fotograf\u00edas que ilustran el presente trabajo. Retratos de un tiempo pret\u00e9rito que conforman esta nueva apuesta del autor a la contribuci\u00f3n del conocimiento de una ciudad como es Jerez de la Frontera.<\/span><\/div>\n<div id=\"clear-scroll\" class=\"clearfix\"><\/div>\n<\/div>\n<\/div>\n<\/div>\n<\/section>\n<div class=\"feature-section feature-option2\">\n<div class=\"container\">\n<div class=\"related products\">\n<div class=\"title-box\"><\/div>\n<\/div>\n<\/div>\n<\/div>\n<p><iframe title=\"Jerez en la historia y el recuerdo - Letrame Grupo Editorial\" data-src=\"https:\/\/player.vimeo.com\/video\/187945650?dnt=1&amp;app_id=122963\" width=\"800\" height=\"450\" frameborder=\"0\" allow=\"autoplay; fullscreen; picture-in-picture; clipboard-write\" src=\"data:image\/svg+xml;base64,PHN2ZyB3aWR0aD0iMSIgaGVpZ2h0PSIxIiB4bWxucz0iaHR0cDovL3d3dy53My5vcmcvMjAwMC9zdmciPjwvc3ZnPg==\" class=\"lazyload\" data-load-mode=\"1\"><\/iframe><\/p>\n","protected":false},"excerpt":{"rendered":"<p><strong>ISBN: 978-84-16916-02-3<\/strong><\/p>\n<p>Entre octubre de 2014 y julio de 2016 el autor, Antonio Mariscal Trujillo, nos deleit\u00f3 cada lunes en las p\u00e1ginas de DIARIO DE JEREZ con una serie de art\u00edculos a doble plana bajo el t\u00edtulo gen\u00e9rico: \u201cJerez en el recuerdo\u201d. Dichos art\u00edculos han gozado del favor y el seguimiento de los lectores&#8230;<\/p>\n","protected":false},"featured_media":93514,"comment_status":"closed","ping_status":"open","template":"","meta":{"_acf_changed":false},"libro":[],"product_brand":[],"product_cat":[16,24],"product_tag":[],"class_list":{"0":"post-93513","1":"product","2":"type-product","3":"status-publish","4":"has-post-thumbnail","6":"product_cat-novela","7":"product_cat-viajes","9":"first","10":"instock","11":"purchasable","12":"product-type-simple"},"acf":{"autor":[72548],"enlace_de_compra":"https:\/\/www.amazon.es\/dp\/841691611X\/ref=cm_sw_r_cp_ep_dp_.zXazbTTMH07Y"},"yoast_head":"<!-- This site is optimized with the Yoast SEO plugin v27.4 - https:\/\/yoast.com\/product\/yoast-seo-wordpress\/ -->\n<title>Jerez en la historia - Catalogo | Letrame Grupo Editorial<\/title>\n<meta name=\"robots\" content=\"index, follow, max-snippet:-1, max-image-preview:large, max-video-preview:-1\" \/>\n<link rel=\"canonical\" href=\"https:\/\/letrame.com\/catalogo\/producto\/jerez-en-la-historia\/\" \/>\n<meta property=\"og:locale\" content=\"es_ES\" \/>\n<meta property=\"og:type\" content=\"article\" \/>\n<meta property=\"og:title\" content=\"Jerez en la historia - Catalogo | Letrame Grupo Editorial\" \/>\n<meta property=\"og:description\" content=\"ISBN: 978-84-16916-02-3 Entre octubre de 2014 y julio de 2016 el autor, Antonio Mariscal Trujillo, nos deleit\u00f3 cada lunes en las p\u00e1ginas de DIARIO DE JEREZ con una serie de art\u00edculos a doble plana bajo el t\u00edtulo gen\u00e9rico: \u201cJerez en el recuerdo\u201d. Dichos art\u00edculos han gozado del favor y el seguimiento de los lectores...\" \/>\n<meta property=\"og:url\" content=\"https:\/\/letrame.com\/catalogo\/producto\/jerez-en-la-historia\/\" \/>\n<meta property=\"og:site_name\" content=\"Catalogo | Letrame Grupo Editorial\" \/>\n<meta property=\"article:modified_time\" content=\"2024-04-18T07:07:49+00:00\" \/>\n<meta property=\"og:image\" content=\"https:\/\/letrame.com\/catalogo\/wp-content\/uploads\/2024\/04\/portada-Jerez-en-la-historia-y-el-recuerdo-Imprimir-1.jpg\" \/>\n\t<meta property=\"og:image:width\" content=\"375\" \/>\n\t<meta property=\"og:image:height\" content=\"546\" \/>\n\t<meta property=\"og:image:type\" content=\"image\/jpeg\" \/>\n<meta name=\"twitter:card\" content=\"summary_large_image\" \/>\n<meta name=\"twitter:label1\" content=\"Tiempo de lectura\" \/>\n\t<meta name=\"twitter:data1\" content=\"1 minuto\" \/>\n<script type=\"application\/ld+json\" class=\"yoast-schema-graph\">{\"@context\":\"https:\\\/\\\/schema.org\",\"@graph\":[{\"@type\":\"WebPage\",\"@id\":\"https:\\\/\\\/letrame.com\\\/catalogo\\\/producto\\\/jerez-en-la-historia\\\/\",\"url\":\"https:\\\/\\\/letrame.com\\\/catalogo\\\/producto\\\/jerez-en-la-historia\\\/\",\"name\":\"Jerez en la historia - Catalogo | Letrame Grupo Editorial\",\"isPartOf\":{\"@id\":\"https:\\\/\\\/letrame.com\\\/catalogo\\\/#website\"},\"primaryImageOfPage\":{\"@id\":\"https:\\\/\\\/letrame.com\\\/catalogo\\\/producto\\\/jerez-en-la-historia\\\/#primaryimage\"},\"image\":{\"@id\":\"https:\\\/\\\/letrame.com\\\/catalogo\\\/producto\\\/jerez-en-la-historia\\\/#primaryimage\"},\"thumbnailUrl\":\"https:\\\/\\\/letrame.com\\\/catalogo\\\/wp-content\\\/uploads\\\/2024\\\/04\\\/portada-Jerez-en-la-historia-y-el-recuerdo-Imprimir-1.jpg\",\"datePublished\":\"2024-04-18T07:06:35+00:00\",\"dateModified\":\"2024-04-18T07:07:49+00:00\",\"breadcrumb\":{\"@id\":\"https:\\\/\\\/letrame.com\\\/catalogo\\\/producto\\\/jerez-en-la-historia\\\/#breadcrumb\"},\"inLanguage\":\"es\",\"potentialAction\":[{\"@type\":\"ReadAction\",\"target\":[\"https:\\\/\\\/letrame.com\\\/catalogo\\\/producto\\\/jerez-en-la-historia\\\/\"]}]},{\"@type\":\"ImageObject\",\"inLanguage\":\"es\",\"@id\":\"https:\\\/\\\/letrame.com\\\/catalogo\\\/producto\\\/jerez-en-la-historia\\\/#primaryimage\",\"url\":\"https:\\\/\\\/letrame.com\\\/catalogo\\\/wp-content\\\/uploads\\\/2024\\\/04\\\/portada-Jerez-en-la-historia-y-el-recuerdo-Imprimir-1.jpg\",\"contentUrl\":\"https:\\\/\\\/letrame.com\\\/catalogo\\\/wp-content\\\/uploads\\\/2024\\\/04\\\/portada-Jerez-en-la-historia-y-el-recuerdo-Imprimir-1.jpg\",\"width\":375,\"height\":546},{\"@type\":\"BreadcrumbList\",\"@id\":\"https:\\\/\\\/letrame.com\\\/catalogo\\\/producto\\\/jerez-en-la-historia\\\/#breadcrumb\",\"itemListElement\":[{\"@type\":\"ListItem\",\"position\":1,\"name\":\"Portada\",\"item\":\"https:\\\/\\\/letrame.com\\\/catalogo\\\/\"},{\"@type\":\"ListItem\",\"position\":2,\"name\":\"Cat\u00e1logo\",\"item\":\"https:\\\/\\\/letrame.com\\\/catalogo\\\/\"},{\"@type\":\"ListItem\",\"position\":3,\"name\":\"Jerez en la historia\"}]},{\"@type\":\"WebSite\",\"@id\":\"https:\\\/\\\/letrame.com\\\/catalogo\\\/#website\",\"url\":\"https:\\\/\\\/letrame.com\\\/catalogo\\\/\",\"name\":\"Catalogo | Letrame Grupo Editorial\",\"description\":\"\",\"publisher\":{\"@id\":\"https:\\\/\\\/letrame.com\\\/catalogo\\\/#organization\"},\"potentialAction\":[{\"@type\":\"SearchAction\",\"target\":{\"@type\":\"EntryPoint\",\"urlTemplate\":\"https:\\\/\\\/letrame.com\\\/catalogo\\\/?s={search_term_string}\"},\"query-input\":{\"@type\":\"PropertyValueSpecification\",\"valueRequired\":true,\"valueName\":\"search_term_string\"}}],\"inLanguage\":\"es\"},{\"@type\":\"Organization\",\"@id\":\"https:\\\/\\\/letrame.com\\\/catalogo\\\/#organization\",\"name\":\"Catalogo | Letrame Grupo Editorial\",\"url\":\"https:\\\/\\\/letrame.com\\\/catalogo\\\/\",\"logo\":{\"@type\":\"ImageObject\",\"inLanguage\":\"es\",\"@id\":\"https:\\\/\\\/letrame.com\\\/catalogo\\\/#\\\/schema\\\/logo\\\/image\\\/\",\"url\":\"https:\\\/\\\/letrame.com\\\/catalogo\\\/wp-content\\\/uploads\\\/2024\\\/03\\\/logo2.webp\",\"contentUrl\":\"https:\\\/\\\/letrame.com\\\/catalogo\\\/wp-content\\\/uploads\\\/2024\\\/03\\\/logo2.webp\",\"width\":394,\"height\":128,\"caption\":\"Catalogo | Letrame Grupo Editorial\"},\"image\":{\"@id\":\"https:\\\/\\\/letrame.com\\\/catalogo\\\/#\\\/schema\\\/logo\\\/image\\\/\"}}]}<\/script>\n<!-- \/ Yoast SEO plugin. -->","yoast_head_json":{"title":"Jerez en la historia - Catalogo | Letrame Grupo Editorial","robots":{"index":"index","follow":"follow","max-snippet":"max-snippet:-1","max-image-preview":"max-image-preview:large","max-video-preview":"max-video-preview:-1"},"canonical":"https:\/\/letrame.com\/catalogo\/producto\/jerez-en-la-historia\/","og_locale":"es_ES","og_type":"article","og_title":"Jerez en la historia - Catalogo | Letrame Grupo Editorial","og_description":"ISBN: 978-84-16916-02-3 Entre octubre de 2014 y julio de 2016 el autor, Antonio Mariscal Trujillo, nos deleit\u00f3 cada lunes en las p\u00e1ginas de DIARIO DE JEREZ con una serie de art\u00edculos a doble plana bajo el t\u00edtulo gen\u00e9rico: \u201cJerez en el recuerdo\u201d. Dichos art\u00edculos han gozado del favor y el seguimiento de los lectores...","og_url":"https:\/\/letrame.com\/catalogo\/producto\/jerez-en-la-historia\/","og_site_name":"Catalogo | Letrame Grupo Editorial","article_modified_time":"2024-04-18T07:07:49+00:00","og_image":[{"width":375,"height":546,"url":"https:\/\/letrame.com\/catalogo\/wp-content\/uploads\/2024\/04\/portada-Jerez-en-la-historia-y-el-recuerdo-Imprimir-1.jpg","type":"image\/jpeg"}],"twitter_card":"summary_large_image","twitter_misc":{"Tiempo de lectura":"1 minuto"},"schema":{"@context":"https:\/\/schema.org","@graph":[{"@type":"WebPage","@id":"https:\/\/letrame.com\/catalogo\/producto\/jerez-en-la-historia\/","url":"https:\/\/letrame.com\/catalogo\/producto\/jerez-en-la-historia\/","name":"Jerez en la historia - Catalogo | Letrame Grupo Editorial","isPartOf":{"@id":"https:\/\/letrame.com\/catalogo\/#website"},"primaryImageOfPage":{"@id":"https:\/\/letrame.com\/catalogo\/producto\/jerez-en-la-historia\/#primaryimage"},"image":{"@id":"https:\/\/letrame.com\/catalogo\/producto\/jerez-en-la-historia\/#primaryimage"},"thumbnailUrl":"https:\/\/letrame.com\/catalogo\/wp-content\/uploads\/2024\/04\/portada-Jerez-en-la-historia-y-el-recuerdo-Imprimir-1.jpg","datePublished":"2024-04-18T07:06:35+00:00","dateModified":"2024-04-18T07:07:49+00:00","breadcrumb":{"@id":"https:\/\/letrame.com\/catalogo\/producto\/jerez-en-la-historia\/#breadcrumb"},"inLanguage":"es","potentialAction":[{"@type":"ReadAction","target":["https:\/\/letrame.com\/catalogo\/producto\/jerez-en-la-historia\/"]}]},{"@type":"ImageObject","inLanguage":"es","@id":"https:\/\/letrame.com\/catalogo\/producto\/jerez-en-la-historia\/#primaryimage","url":"https:\/\/letrame.com\/catalogo\/wp-content\/uploads\/2024\/04\/portada-Jerez-en-la-historia-y-el-recuerdo-Imprimir-1.jpg","contentUrl":"https:\/\/letrame.com\/catalogo\/wp-content\/uploads\/2024\/04\/portada-Jerez-en-la-historia-y-el-recuerdo-Imprimir-1.jpg","width":375,"height":546},{"@type":"BreadcrumbList","@id":"https:\/\/letrame.com\/catalogo\/producto\/jerez-en-la-historia\/#breadcrumb","itemListElement":[{"@type":"ListItem","position":1,"name":"Portada","item":"https:\/\/letrame.com\/catalogo\/"},{"@type":"ListItem","position":2,"name":"Cat\u00e1logo","item":"https:\/\/letrame.com\/catalogo\/"},{"@type":"ListItem","position":3,"name":"Jerez en la historia"}]},{"@type":"WebSite","@id":"https:\/\/letrame.com\/catalogo\/#website","url":"https:\/\/letrame.com\/catalogo\/","name":"Catalogo | Letrame Grupo Editorial","description":"","publisher":{"@id":"https:\/\/letrame.com\/catalogo\/#organization"},"potentialAction":[{"@type":"SearchAction","target":{"@type":"EntryPoint","urlTemplate":"https:\/\/letrame.com\/catalogo\/?s={search_term_string}"},"query-input":{"@type":"PropertyValueSpecification","valueRequired":true,"valueName":"search_term_string"}}],"inLanguage":"es"},{"@type":"Organization","@id":"https:\/\/letrame.com\/catalogo\/#organization","name":"Catalogo | Letrame Grupo Editorial","url":"https:\/\/letrame.com\/catalogo\/","logo":{"@type":"ImageObject","inLanguage":"es","@id":"https:\/\/letrame.com\/catalogo\/#\/schema\/logo\/image\/","url":"https:\/\/letrame.com\/catalogo\/wp-content\/uploads\/2024\/03\/logo2.webp","contentUrl":"https:\/\/letrame.com\/catalogo\/wp-content\/uploads\/2024\/03\/logo2.webp","width":394,"height":128,"caption":"Catalogo | Letrame Grupo Editorial"},"image":{"@id":"https:\/\/letrame.com\/catalogo\/#\/schema\/logo\/image\/"}}]}},"_links":{"self":[{"href":"https:\/\/letrame.com\/catalogo\/wp-json\/wp\/v2\/product\/93513","targetHints":{"allow":["GET"]}}],"collection":[{"href":"https:\/\/letrame.com\/catalogo\/wp-json\/wp\/v2\/product"}],"about":[{"href":"https:\/\/letrame.com\/catalogo\/wp-json\/wp\/v2\/types\/product"}],"replies":[{"embeddable":true,"href":"https:\/\/letrame.com\/catalogo\/wp-json\/wp\/v2\/comments?post=93513"}],"acf:post":[{"embeddable":true,"href":"https:\/\/letrame.com\/catalogo\/wp-json\/wp\/v2\/author_book\/72548"}],"wp:featuredmedia":[{"embeddable":true,"href":"https:\/\/letrame.com\/catalogo\/wp-json\/wp\/v2\/media\/93514"}],"wp:attachment":[{"href":"https:\/\/letrame.com\/catalogo\/wp-json\/wp\/v2\/media?parent=93513"}],"wp:term":[{"taxonomy":"libro","embeddable":true,"href":"https:\/\/letrame.com\/catalogo\/wp-json\/wp\/v2\/libro?post=93513"},{"taxonomy":"product_brand","embeddable":true,"href":"https:\/\/letrame.com\/catalogo\/wp-json\/wp\/v2\/product_brand?post=93513"},{"taxonomy":"product_cat","embeddable":true,"href":"https:\/\/letrame.com\/catalogo\/wp-json\/wp\/v2\/product_cat?post=93513"},{"taxonomy":"product_tag","embeddable":true,"href":"https:\/\/letrame.com\/catalogo\/wp-json\/wp\/v2\/product_tag?post=93513"}],"curies":[{"name":"wp","href":"https:\/\/api.w.org\/{rel}","templated":true}]}}