{"id":93494,"date":"2024-04-18T09:04:34","date_gmt":"2024-04-18T07:04:34","guid":{"rendered":"https:\/\/letrame.com\/catalogo\/producto\/manual-del-piloto-de-aviones-ligeros-y-ultraligeros\/"},"modified":"2024-04-18T09:05:43","modified_gmt":"2024-04-18T07:05:43","slug":"manual-del-piloto-de-aviones-ligeros-y-ultraligeros","status":"publish","type":"product","link":"https:\/\/letrame.com\/catalogo\/producto\/manual-del-piloto-de-aviones-ligeros-y-ultraligeros\/","title":{"rendered":"Manual del piloto de aviones ligeros y ultraligeros"},"content":{"rendered":"<p><strong>ISBN<\/strong>: 978-84-16916-38-2<br \/>\n<strong>T\u00edtulo<\/strong>: Manual del piloto de aviones ligeros y ultraligeros<br \/>\n<strong>Fecha<\/strong>: 2017<br \/>\n<strong>P\u00e1ginas<\/strong>: 294<\/p>\n<p>&nbsp;<\/p>\n<p><strong>SINOPSIS<\/strong><\/p>\n<section>\n<div class=\"about-this-book\">\n<div class=\"container\">\n<div class=\"right-detail shop-detail1 pull-right col-md-8 col-sm-8 col-xs-12\">\n<div id=\"editionnal-reviews\" class=\"book-desc-detail\"><span class=\"detail-desc box-detail-desc\">A pesar de que ha transcurrido m\u00e1s de un siglo desde que vol\u00f3 el primer \u201cFlyer\u201d de los hermanos Wright (USA 1903), la ense\u00f1anza te\u00f3rica de vuelo sigue siendo una de las \u201casignaturas pendientes\u201d en Espa\u00f1a, donde existen manuales de alta calidad para afrontar su estudio desde el punto de vista de ingenier\u00eda, pero no ocurre lo mismo cuando hablamos del arte de volar desde el punto de vista pr\u00e1ctico de un piloto privado o deportivo. La aviaci\u00f3n deportiva est\u00e1 viviendo un era de importante expansi\u00f3n. Esta renovada vitalidad, especialmente en el \u00e1mbito de la aviaci\u00f3n ultraligera, contrasta con la ausencia de documentaci\u00f3n pr\u00e1ctica sobre la t\u00e9cnica y arte de volar aplicable a este tipo de aeronaves. \u201cEl Manual del Piloto de aviones ligeros\u201d es un libro, que sin renunciar al rigor acad\u00e9mico, est\u00e1 centrado en el car\u00e1cter pr\u00e1ctico. As\u00ed, partiendo de los principios y teor\u00edas de vuelo, se explican los fundamentos aerodin\u00e1micos y el funcionamiento de los aviones de forma pr\u00e1ctica y asequible, para a continuaci\u00f3n adentrarse en la explicaci\u00f3n razonada de las t\u00e9cnicas de vuelo b\u00e1sicas y avanzadas. Asimismo se dedica una parte importante de la obra a infundir mentalidad aeron\u00e1utica en la forma de operar ultraligeros, destacando la filosof\u00eda de actuaci\u00f3n ante emergencias y explorando los riesgos inherentes a los l\u00edmites de operaci\u00f3n de aeronaves de ala fija. Adem\u00e1s incluye todos aquellos aspectos, que sin ser parte espec\u00edfica del arte de volar, forman parte del conocimiento que todo piloto debe poseer para afrontar la actividad de vuelo de forma responsable y segura. Tambi\u00e9n incluye todo el temario del nuevo syllabus reflejado en el RD 123\/2015 que regula la licencia y habilitaciones del piloto de ultraligero. Este conocimiento, presentado de forma pedag\u00f3gica, se complementa con un corolario operativo y un glosario de t\u00e9rminos especializados, con el \u00e1nimo de facilitar al m\u00e1ximo la comprensi\u00f3n de los temas propuestos.<\/span><\/div>\n<div id=\"clear-scroll\" class=\"clearfix\"><\/div>\n<\/div>\n<\/div>\n<\/div>\n<\/section>\n<div class=\"feature-section feature-option2\">\n<div class=\"container\">\n<div class=\"related products\">\n<div class=\"title-box\"><\/div>\n<\/div>\n<\/div>\n<\/div>\n<p><iframe title=\"Los ra\u00edles del destino\" data-src=\"https:\/\/player.vimeo.com\/video\/185606478?dnt=1&amp;app_id=122963\" width=\"800\" height=\"450\" frameborder=\"0\" allow=\"autoplay; fullscreen; picture-in-picture; clipboard-write\" src=\"data:image\/svg+xml;base64,PHN2ZyB3aWR0aD0iMSIgaGVpZ2h0PSIxIiB4bWxucz0iaHR0cDovL3d3dy53My5vcmcvMjAwMC9zdmciPjwvc3ZnPg==\" class=\"lazyload\" data-load-mode=\"1\"><\/iframe><\/p>\n","protected":false},"excerpt":{"rendered":"<p><strong>ISBN: 978-84-16916-38-2<\/strong><\/p>\n<p>A pesar de que ha transcurrido m\u00e1s de un siglo desde que vol\u00f3 el primer \u201cFlyer\u201d de los hermanos Wright (USA 1903), la ense\u00f1anza te\u00f3rica de vuelo sigue siendo una de las \u201casignaturas pendientes\u201d en Espa\u00f1a, donde existen manuales de alta calidad para afrontar su estudio&#8230;<\/p>\n","protected":false},"featured_media":93495,"comment_status":"closed","ping_status":"open","template":"","meta":{"_acf_changed":false},"libro":[],"product_brand":[],"product_cat":[22],"product_tag":[],"class_list":{"0":"post-93494","1":"product","2":"type-product","3":"status-publish","4":"has-post-thumbnail","6":"product_cat-docencia","8":"first","9":"instock","10":"purchasable","11":"product-type-simple"},"acf":{"autor":[74009],"enlace_de_compra":"https:\/\/www.casadellibro.com\/libro-manual-del-piloto-de-aviones-ligeros-y-ultraligeros-aerodinamica-aplicada-de-ba\/9788416916382\/4783560"},"yoast_head":"<!-- This site is optimized with the Yoast SEO plugin v26.6 - https:\/\/yoast.com\/wordpress\/plugins\/seo\/ -->\n<title>Manual del piloto de aviones ligeros y ultraligeros - Catalogo | Letrame Grupo Editorial<\/title>\n<meta name=\"robots\" content=\"index, follow, max-snippet:-1, max-image-preview:large, max-video-preview:-1\" \/>\n<link rel=\"canonical\" href=\"https:\/\/letrame.com\/catalogo\/producto\/manual-del-piloto-de-aviones-ligeros-y-ultraligeros\/\" \/>\n<meta property=\"og:locale\" content=\"es_ES\" \/>\n<meta property=\"og:type\" content=\"article\" \/>\n<meta property=\"og:title\" content=\"Manual del piloto de aviones ligeros y ultraligeros - Catalogo | Letrame Grupo Editorial\" \/>\n<meta property=\"og:description\" content=\"ISBN: 978-84-16916-38-2 A pesar de que ha transcurrido m\u00e1s de un siglo desde que vol\u00f3 el primer \u201cFlyer\u201d de los hermanos Wright (USA 1903), la ense\u00f1anza te\u00f3rica de vuelo sigue siendo una de las \u201casignaturas pendientes\u201d en Espa\u00f1a, donde existen manuales de alta calidad para afrontar su estudio...\" \/>\n<meta property=\"og:url\" content=\"https:\/\/letrame.com\/catalogo\/producto\/manual-del-piloto-de-aviones-ligeros-y-ultraligeros\/\" \/>\n<meta property=\"og:site_name\" content=\"Catalogo | Letrame Grupo Editorial\" \/>\n<meta property=\"article:modified_time\" content=\"2024-04-18T07:05:43+00:00\" \/>\n<meta property=\"og:image\" content=\"https:\/\/letrame.com\/catalogo\/wp-content\/uploads\/2024\/04\/portada-Manual-del-piloto-de-aviones.jpg\" \/>\n\t<meta property=\"og:image:width\" content=\"375\" \/>\n\t<meta property=\"og:image:height\" content=\"539\" \/>\n\t<meta property=\"og:image:type\" content=\"image\/jpeg\" \/>\n<meta name=\"twitter:card\" content=\"summary_large_image\" \/>\n<meta name=\"twitter:label1\" content=\"Tiempo de lectura\" \/>\n\t<meta name=\"twitter:data1\" content=\"2 minutos\" \/>\n<script type=\"application\/ld+json\" class=\"yoast-schema-graph\">{\"@context\":\"https:\/\/schema.org\",\"@graph\":[{\"@type\":\"WebPage\",\"@id\":\"https:\/\/letrame.com\/catalogo\/producto\/manual-del-piloto-de-aviones-ligeros-y-ultraligeros\/\",\"url\":\"https:\/\/letrame.com\/catalogo\/producto\/manual-del-piloto-de-aviones-ligeros-y-ultraligeros\/\",\"name\":\"Manual del piloto de aviones ligeros y ultraligeros - Catalogo | Letrame Grupo Editorial\",\"isPartOf\":{\"@id\":\"https:\/\/letrame.com\/catalogo\/#website\"},\"primaryImageOfPage\":{\"@id\":\"https:\/\/letrame.com\/catalogo\/producto\/manual-del-piloto-de-aviones-ligeros-y-ultraligeros\/#primaryimage\"},\"image\":{\"@id\":\"https:\/\/letrame.com\/catalogo\/producto\/manual-del-piloto-de-aviones-ligeros-y-ultraligeros\/#primaryimage\"},\"thumbnailUrl\":\"https:\/\/letrame.com\/catalogo\/wp-content\/uploads\/2024\/04\/portada-Manual-del-piloto-de-aviones.jpg\",\"datePublished\":\"2024-04-18T07:04:34+00:00\",\"dateModified\":\"2024-04-18T07:05:43+00:00\",\"breadcrumb\":{\"@id\":\"https:\/\/letrame.com\/catalogo\/producto\/manual-del-piloto-de-aviones-ligeros-y-ultraligeros\/#breadcrumb\"},\"inLanguage\":\"es\",\"potentialAction\":[{\"@type\":\"ReadAction\",\"target\":[\"https:\/\/letrame.com\/catalogo\/producto\/manual-del-piloto-de-aviones-ligeros-y-ultraligeros\/\"]}]},{\"@type\":\"ImageObject\",\"inLanguage\":\"es\",\"@id\":\"https:\/\/letrame.com\/catalogo\/producto\/manual-del-piloto-de-aviones-ligeros-y-ultraligeros\/#primaryimage\",\"url\":\"https:\/\/letrame.com\/catalogo\/wp-content\/uploads\/2024\/04\/portada-Manual-del-piloto-de-aviones.jpg\",\"contentUrl\":\"https:\/\/letrame.com\/catalogo\/wp-content\/uploads\/2024\/04\/portada-Manual-del-piloto-de-aviones.jpg\",\"width\":375,\"height\":539},{\"@type\":\"BreadcrumbList\",\"@id\":\"https:\/\/letrame.com\/catalogo\/producto\/manual-del-piloto-de-aviones-ligeros-y-ultraligeros\/#breadcrumb\",\"itemListElement\":[{\"@type\":\"ListItem\",\"position\":1,\"name\":\"Portada\",\"item\":\"https:\/\/letrame.com\/catalogo\/\"},{\"@type\":\"ListItem\",\"position\":2,\"name\":\"Cat\u00e1logo\",\"item\":\"https:\/\/letrame.com\/catalogo\/\"},{\"@type\":\"ListItem\",\"position\":3,\"name\":\"Manual del piloto de aviones ligeros y ultraligeros\"}]},{\"@type\":\"WebSite\",\"@id\":\"https:\/\/letrame.com\/catalogo\/#website\",\"url\":\"https:\/\/letrame.com\/catalogo\/\",\"name\":\"Catalogo | Letrame Grupo Editorial\",\"description\":\"\",\"publisher\":{\"@id\":\"https:\/\/letrame.com\/catalogo\/#organization\"},\"potentialAction\":[{\"@type\":\"SearchAction\",\"target\":{\"@type\":\"EntryPoint\",\"urlTemplate\":\"https:\/\/letrame.com\/catalogo\/?s={search_term_string}\"},\"query-input\":{\"@type\":\"PropertyValueSpecification\",\"valueRequired\":true,\"valueName\":\"search_term_string\"}}],\"inLanguage\":\"es\"},{\"@type\":\"Organization\",\"@id\":\"https:\/\/letrame.com\/catalogo\/#organization\",\"name\":\"Catalogo | Letrame Grupo Editorial\",\"url\":\"https:\/\/letrame.com\/catalogo\/\",\"logo\":{\"@type\":\"ImageObject\",\"inLanguage\":\"es\",\"@id\":\"https:\/\/letrame.com\/catalogo\/#\/schema\/logo\/image\/\",\"url\":\"https:\/\/letrame.com\/catalogo\/wp-content\/uploads\/2024\/03\/logo2.webp\",\"contentUrl\":\"https:\/\/letrame.com\/catalogo\/wp-content\/uploads\/2024\/03\/logo2.webp\",\"width\":394,\"height\":128,\"caption\":\"Catalogo | Letrame Grupo Editorial\"},\"image\":{\"@id\":\"https:\/\/letrame.com\/catalogo\/#\/schema\/logo\/image\/\"}}]}<\/script>\n<!-- \/ Yoast SEO plugin. -->","yoast_head_json":{"title":"Manual del piloto de aviones ligeros y ultraligeros - Catalogo | Letrame Grupo Editorial","robots":{"index":"index","follow":"follow","max-snippet":"max-snippet:-1","max-image-preview":"max-image-preview:large","max-video-preview":"max-video-preview:-1"},"canonical":"https:\/\/letrame.com\/catalogo\/producto\/manual-del-piloto-de-aviones-ligeros-y-ultraligeros\/","og_locale":"es_ES","og_type":"article","og_title":"Manual del piloto de aviones ligeros y ultraligeros - Catalogo | Letrame Grupo Editorial","og_description":"ISBN: 978-84-16916-38-2 A pesar de que ha transcurrido m\u00e1s de un siglo desde que vol\u00f3 el primer \u201cFlyer\u201d de los hermanos Wright (USA 1903), la ense\u00f1anza te\u00f3rica de vuelo sigue siendo una de las \u201casignaturas pendientes\u201d en Espa\u00f1a, donde existen manuales de alta calidad para afrontar su estudio...","og_url":"https:\/\/letrame.com\/catalogo\/producto\/manual-del-piloto-de-aviones-ligeros-y-ultraligeros\/","og_site_name":"Catalogo | Letrame Grupo Editorial","article_modified_time":"2024-04-18T07:05:43+00:00","og_image":[{"width":375,"height":539,"url":"https:\/\/letrame.com\/catalogo\/wp-content\/uploads\/2024\/04\/portada-Manual-del-piloto-de-aviones.jpg","type":"image\/jpeg"}],"twitter_card":"summary_large_image","twitter_misc":{"Tiempo de lectura":"2 minutos"},"schema":{"@context":"https:\/\/schema.org","@graph":[{"@type":"WebPage","@id":"https:\/\/letrame.com\/catalogo\/producto\/manual-del-piloto-de-aviones-ligeros-y-ultraligeros\/","url":"https:\/\/letrame.com\/catalogo\/producto\/manual-del-piloto-de-aviones-ligeros-y-ultraligeros\/","name":"Manual del piloto de aviones ligeros y ultraligeros - Catalogo | Letrame Grupo Editorial","isPartOf":{"@id":"https:\/\/letrame.com\/catalogo\/#website"},"primaryImageOfPage":{"@id":"https:\/\/letrame.com\/catalogo\/producto\/manual-del-piloto-de-aviones-ligeros-y-ultraligeros\/#primaryimage"},"image":{"@id":"https:\/\/letrame.com\/catalogo\/producto\/manual-del-piloto-de-aviones-ligeros-y-ultraligeros\/#primaryimage"},"thumbnailUrl":"https:\/\/letrame.com\/catalogo\/wp-content\/uploads\/2024\/04\/portada-Manual-del-piloto-de-aviones.jpg","datePublished":"2024-04-18T07:04:34+00:00","dateModified":"2024-04-18T07:05:43+00:00","breadcrumb":{"@id":"https:\/\/letrame.com\/catalogo\/producto\/manual-del-piloto-de-aviones-ligeros-y-ultraligeros\/#breadcrumb"},"inLanguage":"es","potentialAction":[{"@type":"ReadAction","target":["https:\/\/letrame.com\/catalogo\/producto\/manual-del-piloto-de-aviones-ligeros-y-ultraligeros\/"]}]},{"@type":"ImageObject","inLanguage":"es","@id":"https:\/\/letrame.com\/catalogo\/producto\/manual-del-piloto-de-aviones-ligeros-y-ultraligeros\/#primaryimage","url":"https:\/\/letrame.com\/catalogo\/wp-content\/uploads\/2024\/04\/portada-Manual-del-piloto-de-aviones.jpg","contentUrl":"https:\/\/letrame.com\/catalogo\/wp-content\/uploads\/2024\/04\/portada-Manual-del-piloto-de-aviones.jpg","width":375,"height":539},{"@type":"BreadcrumbList","@id":"https:\/\/letrame.com\/catalogo\/producto\/manual-del-piloto-de-aviones-ligeros-y-ultraligeros\/#breadcrumb","itemListElement":[{"@type":"ListItem","position":1,"name":"Portada","item":"https:\/\/letrame.com\/catalogo\/"},{"@type":"ListItem","position":2,"name":"Cat\u00e1logo","item":"https:\/\/letrame.com\/catalogo\/"},{"@type":"ListItem","position":3,"name":"Manual del piloto de aviones ligeros y ultraligeros"}]},{"@type":"WebSite","@id":"https:\/\/letrame.com\/catalogo\/#website","url":"https:\/\/letrame.com\/catalogo\/","name":"Catalogo | Letrame Grupo Editorial","description":"","publisher":{"@id":"https:\/\/letrame.com\/catalogo\/#organization"},"potentialAction":[{"@type":"SearchAction","target":{"@type":"EntryPoint","urlTemplate":"https:\/\/letrame.com\/catalogo\/?s={search_term_string}"},"query-input":{"@type":"PropertyValueSpecification","valueRequired":true,"valueName":"search_term_string"}}],"inLanguage":"es"},{"@type":"Organization","@id":"https:\/\/letrame.com\/catalogo\/#organization","name":"Catalogo | Letrame Grupo Editorial","url":"https:\/\/letrame.com\/catalogo\/","logo":{"@type":"ImageObject","inLanguage":"es","@id":"https:\/\/letrame.com\/catalogo\/#\/schema\/logo\/image\/","url":"https:\/\/letrame.com\/catalogo\/wp-content\/uploads\/2024\/03\/logo2.webp","contentUrl":"https:\/\/letrame.com\/catalogo\/wp-content\/uploads\/2024\/03\/logo2.webp","width":394,"height":128,"caption":"Catalogo | Letrame Grupo Editorial"},"image":{"@id":"https:\/\/letrame.com\/catalogo\/#\/schema\/logo\/image\/"}}]}},"_links":{"self":[{"href":"https:\/\/letrame.com\/catalogo\/wp-json\/wp\/v2\/product\/93494","targetHints":{"allow":["GET"]}}],"collection":[{"href":"https:\/\/letrame.com\/catalogo\/wp-json\/wp\/v2\/product"}],"about":[{"href":"https:\/\/letrame.com\/catalogo\/wp-json\/wp\/v2\/types\/product"}],"replies":[{"embeddable":true,"href":"https:\/\/letrame.com\/catalogo\/wp-json\/wp\/v2\/comments?post=93494"}],"acf:post":[{"embeddable":true,"href":"https:\/\/letrame.com\/catalogo\/wp-json\/wp\/v2\/author_book\/74009"}],"wp:featuredmedia":[{"embeddable":true,"href":"https:\/\/letrame.com\/catalogo\/wp-json\/wp\/v2\/media\/93495"}],"wp:attachment":[{"href":"https:\/\/letrame.com\/catalogo\/wp-json\/wp\/v2\/media?parent=93494"}],"wp:term":[{"taxonomy":"libro","embeddable":true,"href":"https:\/\/letrame.com\/catalogo\/wp-json\/wp\/v2\/libro?post=93494"},{"taxonomy":"product_brand","embeddable":true,"href":"https:\/\/letrame.com\/catalogo\/wp-json\/wp\/v2\/product_brand?post=93494"},{"taxonomy":"product_cat","embeddable":true,"href":"https:\/\/letrame.com\/catalogo\/wp-json\/wp\/v2\/product_cat?post=93494"},{"taxonomy":"product_tag","embeddable":true,"href":"https:\/\/letrame.com\/catalogo\/wp-json\/wp\/v2\/product_tag?post=93494"}],"curies":[{"name":"wp","href":"https:\/\/api.w.org\/{rel}","templated":true}]}}