{"id":93491,"date":"2024-04-18T09:04:34","date_gmt":"2024-04-18T07:04:34","guid":{"rendered":"https:\/\/letrame.com\/catalogo\/producto\/muerte-e-ideologia\/"},"modified":"2024-05-15T10:41:09","modified_gmt":"2024-05-15T08:41:09","slug":"muerte-e-ideologia","status":"publish","type":"product","link":"https:\/\/letrame.com\/catalogo\/producto\/muerte-e-ideologia\/","title":{"rendered":"Muerte e ideolog\u00eda"},"content":{"rendered":"<p><strong>ISBN<\/strong>: 978-84-16916-57-3<br \/>\n<strong>T\u00edtulo<\/strong>: Muerte e ideolog\u00eda<br \/>\n<strong>Fecha<\/strong>: 2017<br \/>\n<strong>P\u00e1ginas<\/strong>: 122<\/p>\n<p>&nbsp;<\/p>\n<p><strong>SINOPSIS<\/strong><\/p>\n<section>\n<div class=\"about-this-book\">\n<div class=\"container\">\n<div class=\"right-detail shop-detail1 pull-right col-md-8 col-sm-8 col-xs-12\">\n<div id=\"editionnal-reviews\" class=\"book-desc-detail\"><span class=\"detail-desc box-detail-desc\">Al estudiar las muertes de Alfonso X y Sancho IV, sin duda, sacamos una clara conclusi\u00f3n: todo lo relativo al enterramiento regio responde a un motivo concreto. En este estudio se descubren los mensajes que pretend\u00edan transmitir ambos monarcas a trav\u00e9s de su enterramiento y se observa que, aunque utilicen un ajuar diferente, se entierren en distinto lugar o aunque estemos ante circunstancias diferentes en cada reinado, se defiende un mismo modelo ideol\u00f3gico que permite elevar a un monarca hasta su trono. La ideolog\u00eda que sostiene los fundamentos del poder regio en Castilla, ha dado y sigue dando lugar a debates ardientes que no permiten aunar posturas respecto al poder en el reino castellano. Por otra parte, la muerte ha sido estudiada sobre todo desde un punto de vista social o art\u00edstico, siendo escasos los trabajos que se han centrado en conocer el significado en un caso concreto. Este trabajo se presenta como un solo estudio donde ambas corrientes se unen. Leonor Parra ofrece un estudio interdisciplinar de las muertes de Alfonso X y Sancho IV de Castilla, buscando la ideolog\u00eda que plasmaron en sus sepulcros. Este libro nos sumerge en el apasionante ideario del siglo XIII castellano abri\u00e9ndose a disciplinas como la historia, la arqueolog\u00eda, el arte, la antropolog\u00eda social y cultural, la psicolog\u00eda, la religi\u00f3n o la pol\u00edtica.<\/span><\/div>\n<div id=\"clear-scroll\" class=\"clearfix\"><\/div>\n<\/div>\n<\/div>\n<\/div>\n<\/section>\n<div class=\"feature-section feature-option2\">\n<div class=\"container\">\n<div class=\"related products\">\n<div class=\"title-box\"><\/div>\n<\/div>\n<\/div>\n<\/div>\n<p><iframe title=\"Muerte y ideologi\u0301a\" data-src=\"https:\/\/player.vimeo.com\/video\/196848206?dnt=1&amp;app_id=122963\" width=\"800\" height=\"450\" frameborder=\"0\" allow=\"autoplay; fullscreen; picture-in-picture; clipboard-write\" src=\"data:image\/svg+xml;base64,PHN2ZyB3aWR0aD0iMSIgaGVpZ2h0PSIxIiB4bWxucz0iaHR0cDovL3d3dy53My5vcmcvMjAwMC9zdmciPjwvc3ZnPg==\" class=\"lazyload\" data-load-mode=\"1\"><\/iframe><\/p>\n","protected":false},"excerpt":{"rendered":"<p><strong>ISBN: 978-84-16916-57-3<\/strong><\/p>\n<p>Al estudiar las muertes de Alfonso X y Sancho IV, sin duda, sacamos una clara conclusi\u00f3n: todo lo relativo al enterramiento regio responde a un motivo concreto. En este estudio se descubren los mensajes que pretend\u00edan transmitir ambos monarcas a trav\u00e9s de su enterramiento y se observa que&#8230;<\/p>\n","protected":false},"featured_media":99886,"comment_status":"closed","ping_status":"closed","template":"","meta":{"_acf_changed":false},"libro":[],"product_brand":[],"product_cat":[23],"product_tag":[],"class_list":{"0":"post-93491","1":"product","2":"type-product","3":"status-publish","4":"has-post-thumbnail","6":"product_cat-ensayos","8":"first","9":"instock","10":"purchasable","11":"product-type-simple"},"acf":{"autor":[72529],"enlace_de_compra":"https:\/\/www.amazon.es\/dp\/8416916578\/ref=cm_sw_r_cp_ep_dp_NLXazbEYNGW4Y"},"yoast_head":"<!-- This site is optimized with the Yoast SEO plugin v26.6 - https:\/\/yoast.com\/wordpress\/plugins\/seo\/ -->\n<title>Muerte e ideolog\u00eda - Catalogo | Letrame Grupo Editorial<\/title>\n<meta name=\"robots\" content=\"index, follow, max-snippet:-1, max-image-preview:large, max-video-preview:-1\" \/>\n<link rel=\"canonical\" href=\"https:\/\/letrame.com\/catalogo\/producto\/muerte-e-ideologia\/\" \/>\n<meta property=\"og:locale\" content=\"es_ES\" \/>\n<meta property=\"og:type\" content=\"article\" \/>\n<meta property=\"og:title\" content=\"Muerte e ideolog\u00eda - Catalogo | Letrame Grupo Editorial\" \/>\n<meta property=\"og:description\" content=\"ISBN: 978-84-16916-57-3  Al estudiar las muertes de Alfonso X y Sancho IV, sin duda, sacamos una clara conclusi\u00f3n: todo lo relativo al enterramiento regio responde a un motivo concreto. En este estudio se descubren los mensajes que pretend\u00edan transmitir ambos monarcas a trav\u00e9s de su enterramiento y se observa que...\" \/>\n<meta property=\"og:url\" content=\"https:\/\/letrame.com\/catalogo\/producto\/muerte-e-ideologia\/\" \/>\n<meta property=\"og:site_name\" content=\"Catalogo | Letrame Grupo Editorial\" \/>\n<meta property=\"article:modified_time\" content=\"2024-05-15T08:41:09+00:00\" \/>\n<meta property=\"og:image\" content=\"https:\/\/letrame.com\/catalogo\/wp-content\/uploads\/2024\/04\/Portada-Muerte-e-ideologia-1.webp\" \/>\n\t<meta property=\"og:image:width\" content=\"413\" \/>\n\t<meta property=\"og:image:height\" content=\"600\" \/>\n\t<meta property=\"og:image:type\" content=\"image\/webp\" \/>\n<meta name=\"twitter:card\" content=\"summary_large_image\" \/>\n<meta name=\"twitter:label1\" content=\"Tiempo de lectura\" \/>\n\t<meta name=\"twitter:data1\" content=\"2 minutos\" \/>\n<script type=\"application\/ld+json\" class=\"yoast-schema-graph\">{\"@context\":\"https:\/\/schema.org\",\"@graph\":[{\"@type\":\"WebPage\",\"@id\":\"https:\/\/letrame.com\/catalogo\/producto\/muerte-e-ideologia\/\",\"url\":\"https:\/\/letrame.com\/catalogo\/producto\/muerte-e-ideologia\/\",\"name\":\"Muerte e ideolog\u00eda - Catalogo | Letrame Grupo Editorial\",\"isPartOf\":{\"@id\":\"https:\/\/letrame.com\/catalogo\/#website\"},\"primaryImageOfPage\":{\"@id\":\"https:\/\/letrame.com\/catalogo\/producto\/muerte-e-ideologia\/#primaryimage\"},\"image\":{\"@id\":\"https:\/\/letrame.com\/catalogo\/producto\/muerte-e-ideologia\/#primaryimage\"},\"thumbnailUrl\":\"https:\/\/letrame.com\/catalogo\/wp-content\/uploads\/2024\/04\/Portada-Muerte-e-ideologia-1.webp\",\"datePublished\":\"2024-04-18T07:04:34+00:00\",\"dateModified\":\"2024-05-15T08:41:09+00:00\",\"breadcrumb\":{\"@id\":\"https:\/\/letrame.com\/catalogo\/producto\/muerte-e-ideologia\/#breadcrumb\"},\"inLanguage\":\"es\",\"potentialAction\":[{\"@type\":\"ReadAction\",\"target\":[\"https:\/\/letrame.com\/catalogo\/producto\/muerte-e-ideologia\/\"]}]},{\"@type\":\"ImageObject\",\"inLanguage\":\"es\",\"@id\":\"https:\/\/letrame.com\/catalogo\/producto\/muerte-e-ideologia\/#primaryimage\",\"url\":\"https:\/\/letrame.com\/catalogo\/wp-content\/uploads\/2024\/04\/Portada-Muerte-e-ideologia-1.webp\",\"contentUrl\":\"https:\/\/letrame.com\/catalogo\/wp-content\/uploads\/2024\/04\/Portada-Muerte-e-ideologia-1.webp\",\"width\":413,\"height\":600},{\"@type\":\"BreadcrumbList\",\"@id\":\"https:\/\/letrame.com\/catalogo\/producto\/muerte-e-ideologia\/#breadcrumb\",\"itemListElement\":[{\"@type\":\"ListItem\",\"position\":1,\"name\":\"Portada\",\"item\":\"https:\/\/letrame.com\/catalogo\/\"},{\"@type\":\"ListItem\",\"position\":2,\"name\":\"Cat\u00e1logo\",\"item\":\"https:\/\/letrame.com\/catalogo\/\"},{\"@type\":\"ListItem\",\"position\":3,\"name\":\"Muerte e ideolog\u00eda\"}]},{\"@type\":\"WebSite\",\"@id\":\"https:\/\/letrame.com\/catalogo\/#website\",\"url\":\"https:\/\/letrame.com\/catalogo\/\",\"name\":\"Catalogo | Letrame Grupo Editorial\",\"description\":\"\",\"publisher\":{\"@id\":\"https:\/\/letrame.com\/catalogo\/#organization\"},\"potentialAction\":[{\"@type\":\"SearchAction\",\"target\":{\"@type\":\"EntryPoint\",\"urlTemplate\":\"https:\/\/letrame.com\/catalogo\/?s={search_term_string}\"},\"query-input\":{\"@type\":\"PropertyValueSpecification\",\"valueRequired\":true,\"valueName\":\"search_term_string\"}}],\"inLanguage\":\"es\"},{\"@type\":\"Organization\",\"@id\":\"https:\/\/letrame.com\/catalogo\/#organization\",\"name\":\"Catalogo | Letrame Grupo Editorial\",\"url\":\"https:\/\/letrame.com\/catalogo\/\",\"logo\":{\"@type\":\"ImageObject\",\"inLanguage\":\"es\",\"@id\":\"https:\/\/letrame.com\/catalogo\/#\/schema\/logo\/image\/\",\"url\":\"https:\/\/letrame.com\/catalogo\/wp-content\/uploads\/2024\/03\/logo2.webp\",\"contentUrl\":\"https:\/\/letrame.com\/catalogo\/wp-content\/uploads\/2024\/03\/logo2.webp\",\"width\":394,\"height\":128,\"caption\":\"Catalogo | Letrame Grupo Editorial\"},\"image\":{\"@id\":\"https:\/\/letrame.com\/catalogo\/#\/schema\/logo\/image\/\"}}]}<\/script>\n<!-- \/ Yoast SEO plugin. -->","yoast_head_json":{"title":"Muerte e ideolog\u00eda - Catalogo | Letrame Grupo Editorial","robots":{"index":"index","follow":"follow","max-snippet":"max-snippet:-1","max-image-preview":"max-image-preview:large","max-video-preview":"max-video-preview:-1"},"canonical":"https:\/\/letrame.com\/catalogo\/producto\/muerte-e-ideologia\/","og_locale":"es_ES","og_type":"article","og_title":"Muerte e ideolog\u00eda - Catalogo | Letrame Grupo Editorial","og_description":"ISBN: 978-84-16916-57-3  Al estudiar las muertes de Alfonso X y Sancho IV, sin duda, sacamos una clara conclusi\u00f3n: todo lo relativo al enterramiento regio responde a un motivo concreto. En este estudio se descubren los mensajes que pretend\u00edan transmitir ambos monarcas a trav\u00e9s de su enterramiento y se observa que...","og_url":"https:\/\/letrame.com\/catalogo\/producto\/muerte-e-ideologia\/","og_site_name":"Catalogo | Letrame Grupo Editorial","article_modified_time":"2024-05-15T08:41:09+00:00","og_image":[{"width":413,"height":600,"url":"https:\/\/letrame.com\/catalogo\/wp-content\/uploads\/2024\/04\/Portada-Muerte-e-ideologia-1.webp","type":"image\/webp"}],"twitter_card":"summary_large_image","twitter_misc":{"Tiempo de lectura":"2 minutos"},"schema":{"@context":"https:\/\/schema.org","@graph":[{"@type":"WebPage","@id":"https:\/\/letrame.com\/catalogo\/producto\/muerte-e-ideologia\/","url":"https:\/\/letrame.com\/catalogo\/producto\/muerte-e-ideologia\/","name":"Muerte e ideolog\u00eda - Catalogo | Letrame Grupo Editorial","isPartOf":{"@id":"https:\/\/letrame.com\/catalogo\/#website"},"primaryImageOfPage":{"@id":"https:\/\/letrame.com\/catalogo\/producto\/muerte-e-ideologia\/#primaryimage"},"image":{"@id":"https:\/\/letrame.com\/catalogo\/producto\/muerte-e-ideologia\/#primaryimage"},"thumbnailUrl":"https:\/\/letrame.com\/catalogo\/wp-content\/uploads\/2024\/04\/Portada-Muerte-e-ideologia-1.webp","datePublished":"2024-04-18T07:04:34+00:00","dateModified":"2024-05-15T08:41:09+00:00","breadcrumb":{"@id":"https:\/\/letrame.com\/catalogo\/producto\/muerte-e-ideologia\/#breadcrumb"},"inLanguage":"es","potentialAction":[{"@type":"ReadAction","target":["https:\/\/letrame.com\/catalogo\/producto\/muerte-e-ideologia\/"]}]},{"@type":"ImageObject","inLanguage":"es","@id":"https:\/\/letrame.com\/catalogo\/producto\/muerte-e-ideologia\/#primaryimage","url":"https:\/\/letrame.com\/catalogo\/wp-content\/uploads\/2024\/04\/Portada-Muerte-e-ideologia-1.webp","contentUrl":"https:\/\/letrame.com\/catalogo\/wp-content\/uploads\/2024\/04\/Portada-Muerte-e-ideologia-1.webp","width":413,"height":600},{"@type":"BreadcrumbList","@id":"https:\/\/letrame.com\/catalogo\/producto\/muerte-e-ideologia\/#breadcrumb","itemListElement":[{"@type":"ListItem","position":1,"name":"Portada","item":"https:\/\/letrame.com\/catalogo\/"},{"@type":"ListItem","position":2,"name":"Cat\u00e1logo","item":"https:\/\/letrame.com\/catalogo\/"},{"@type":"ListItem","position":3,"name":"Muerte e ideolog\u00eda"}]},{"@type":"WebSite","@id":"https:\/\/letrame.com\/catalogo\/#website","url":"https:\/\/letrame.com\/catalogo\/","name":"Catalogo | Letrame Grupo Editorial","description":"","publisher":{"@id":"https:\/\/letrame.com\/catalogo\/#organization"},"potentialAction":[{"@type":"SearchAction","target":{"@type":"EntryPoint","urlTemplate":"https:\/\/letrame.com\/catalogo\/?s={search_term_string}"},"query-input":{"@type":"PropertyValueSpecification","valueRequired":true,"valueName":"search_term_string"}}],"inLanguage":"es"},{"@type":"Organization","@id":"https:\/\/letrame.com\/catalogo\/#organization","name":"Catalogo | Letrame Grupo Editorial","url":"https:\/\/letrame.com\/catalogo\/","logo":{"@type":"ImageObject","inLanguage":"es","@id":"https:\/\/letrame.com\/catalogo\/#\/schema\/logo\/image\/","url":"https:\/\/letrame.com\/catalogo\/wp-content\/uploads\/2024\/03\/logo2.webp","contentUrl":"https:\/\/letrame.com\/catalogo\/wp-content\/uploads\/2024\/03\/logo2.webp","width":394,"height":128,"caption":"Catalogo | Letrame Grupo Editorial"},"image":{"@id":"https:\/\/letrame.com\/catalogo\/#\/schema\/logo\/image\/"}}]}},"_links":{"self":[{"href":"https:\/\/letrame.com\/catalogo\/wp-json\/wp\/v2\/product\/93491","targetHints":{"allow":["GET"]}}],"collection":[{"href":"https:\/\/letrame.com\/catalogo\/wp-json\/wp\/v2\/product"}],"about":[{"href":"https:\/\/letrame.com\/catalogo\/wp-json\/wp\/v2\/types\/product"}],"replies":[{"embeddable":true,"href":"https:\/\/letrame.com\/catalogo\/wp-json\/wp\/v2\/comments?post=93491"}],"acf:post":[{"embeddable":true,"href":"https:\/\/letrame.com\/catalogo\/wp-json\/wp\/v2\/author_book\/72529"}],"wp:featuredmedia":[{"embeddable":true,"href":"https:\/\/letrame.com\/catalogo\/wp-json\/wp\/v2\/media\/99886"}],"wp:attachment":[{"href":"https:\/\/letrame.com\/catalogo\/wp-json\/wp\/v2\/media?parent=93491"}],"wp:term":[{"taxonomy":"libro","embeddable":true,"href":"https:\/\/letrame.com\/catalogo\/wp-json\/wp\/v2\/libro?post=93491"},{"taxonomy":"product_brand","embeddable":true,"href":"https:\/\/letrame.com\/catalogo\/wp-json\/wp\/v2\/product_brand?post=93491"},{"taxonomy":"product_cat","embeddable":true,"href":"https:\/\/letrame.com\/catalogo\/wp-json\/wp\/v2\/product_cat?post=93491"},{"taxonomy":"product_tag","embeddable":true,"href":"https:\/\/letrame.com\/catalogo\/wp-json\/wp\/v2\/product_tag?post=93491"}],"curies":[{"name":"wp","href":"https:\/\/api.w.org\/{rel}","templated":true}]}}