{"id":93490,"date":"2024-04-18T09:04:34","date_gmt":"2024-04-18T07:04:34","guid":{"rendered":"https:\/\/letrame.com\/catalogo\/producto\/ocio-poli_tica-y-economia-en-roman\/"},"modified":"2024-05-15T10:41:28","modified_gmt":"2024-05-15T08:41:28","slug":"ocio-politica-y-economia-en-roma","status":"publish","type":"product","link":"https:\/\/letrame.com\/catalogo\/producto\/ocio-politica-y-economia-en-roma\/","title":{"rendered":"Ocio, Pol\u00edtica y Econom\u00eda en Roma"},"content":{"rendered":"<p><strong>ISBN<\/strong>: 978-84-16916-47-4<br \/>\n<strong>T\u00edtulo<\/strong>: Ocio, Pol\u00edtica y Econom\u00eda en Roma<br \/>\n<strong>Fecha<\/strong>: 2017<br \/>\n<strong>P\u00e1ginas<\/strong>: 130<\/p>\n<p>&nbsp;<\/p>\n<p><strong>SINOPSIS<\/strong><\/p>\n<section>\n<div class=\"en&quot;about-this-book&quot;\">\n<div class=\"container\">\n<div class=\"right-detail shop-detail1 pull-right col-md-8 col-sm-8 col-xs-12\">\n<div id=\"editionnal-reviews\" class=\"book-desc-detail\"><span class=\"detail-desc box-detail-desc\">Juvenal con su famosa frase \u201cPanem et circenses\u201d describe perfectamente el significado y el ambiente que deb\u00eda palparse en un acontecimiento p\u00fablico de la \u00e9poca. Comer y divertirse, el pueblo llano en ese momento no ped\u00eda m\u00e1s. Cierto es que hoy en d\u00eda a veces tenemos la sensaci\u00f3n de que las cosas no han cambiado demasiado. Somos hijos del acervo y costumbres de milenios de evoluci\u00f3n.<\/span><\/div>\n<div id=\"clear-scroll\" class=\"clearfix\"><\/div>\n<\/div>\n<\/div>\n<\/div>\n<\/section>\n<div class=\"feature-section feature-option2\">\n<div class=\"container\">\n<div class=\"related products\">\n<div class=\"title-box\"><\/div>\n<\/div>\n<\/div>\n<\/div>\n<p><iframe title=\"BookPlay\" data-src=\"https:\/\/player.vimeo.com\/video\/189918052?dnt=1&amp;app_id=122963\" width=\"800\" height=\"450\" frameborder=\"0\" allow=\"autoplay; fullscreen; picture-in-picture; clipboard-write\" src=\"data:image\/svg+xml;base64,PHN2ZyB3aWR0aD0iMSIgaGVpZ2h0PSIxIiB4bWxucz0iaHR0cDovL3d3dy53My5vcmcvMjAwMC9zdmciPjwvc3ZnPg==\" class=\"lazyload\" data-load-mode=\"1\"><\/iframe><\/p>\n","protected":false},"excerpt":{"rendered":"<p><strong>ISBN: 978-84-16916-47-4<\/strong><\/p>\n<p>Juvenal con su famosa frase \u201cPanem et circenses\u201d describe perfectamente el significado y el ambiente que deb\u00eda palparse en un acontecimiento p\u00fablico de la \u00e9poca. Comer y divertirse, el pueblo llano en ese momento no ped\u00eda m\u00e1s&#8230;<\/p>\n","protected":false},"featured_media":99887,"comment_status":"closed","ping_status":"closed","template":"","meta":{"_acf_changed":false},"libro":[],"product_brand":[],"product_cat":[23,24],"product_tag":[],"class_list":{"0":"post-93490","1":"product","2":"type-product","3":"status-publish","4":"has-post-thumbnail","6":"product_cat-ensayos","7":"product_cat-viajes","9":"first","10":"instock","11":"purchasable","12":"product-type-simple"},"acf":{"autor":"","enlace_de_compra":"https:\/\/www.amazon.es\/dp\/8416916470\/ref=cm_sw_r_cp_ep_dp_VOXazbKF3BDKG"},"yoast_head":"<!-- This site is optimized with the Yoast SEO plugin v26.6 - https:\/\/yoast.com\/wordpress\/plugins\/seo\/ -->\n<title>Ocio, Pol\u00edtica y Econom\u00eda en Roma - Catalogo | Letrame Grupo Editorial<\/title>\n<meta name=\"robots\" content=\"index, follow, max-snippet:-1, max-image-preview:large, max-video-preview:-1\" \/>\n<link rel=\"canonical\" href=\"https:\/\/letrame.com\/catalogo\/producto\/ocio-politica-y-economia-en-roma\/\" \/>\n<meta property=\"og:locale\" content=\"es_ES\" \/>\n<meta property=\"og:type\" content=\"article\" \/>\n<meta property=\"og:title\" content=\"Ocio, Pol\u00edtica y Econom\u00eda en Roma - Catalogo | Letrame Grupo Editorial\" \/>\n<meta property=\"og:description\" content=\"ISBN: 978-84-16916-47-4  Juvenal con su famosa frase \u201cPanem et circenses\u201d describe perfectamente el significado y el ambiente que deb\u00eda palparse en un acontecimiento p\u00fablico de la \u00e9poca. Comer y divertirse, el pueblo llano en ese momento no ped\u00eda m\u00e1s...\" \/>\n<meta property=\"og:url\" content=\"https:\/\/letrame.com\/catalogo\/producto\/ocio-politica-y-economia-en-roma\/\" \/>\n<meta property=\"og:site_name\" content=\"Catalogo | Letrame Grupo Editorial\" \/>\n<meta property=\"article:modified_time\" content=\"2024-05-15T08:41:28+00:00\" \/>\n<meta property=\"og:image\" content=\"https:\/\/letrame.com\/catalogo\/wp-content\/uploads\/2024\/04\/Portada-Ocio-Politica-y-Economia-en-Roma-1.webp\" \/>\n\t<meta property=\"og:image:width\" content=\"375\" \/>\n\t<meta property=\"og:image:height\" content=\"531\" \/>\n\t<meta property=\"og:image:type\" content=\"image\/webp\" \/>\n<meta name=\"twitter:card\" content=\"summary_large_image\" \/>\n<meta name=\"twitter:label1\" content=\"Tiempo de lectura\" \/>\n\t<meta name=\"twitter:data1\" content=\"1 minuto\" \/>\n<script type=\"application\/ld+json\" class=\"yoast-schema-graph\">{\"@context\":\"https:\/\/schema.org\",\"@graph\":[{\"@type\":\"WebPage\",\"@id\":\"https:\/\/letrame.com\/catalogo\/producto\/ocio-politica-y-economia-en-roma\/\",\"url\":\"https:\/\/letrame.com\/catalogo\/producto\/ocio-politica-y-economia-en-roma\/\",\"name\":\"Ocio, Pol\u00edtica y Econom\u00eda en Roma - Catalogo | Letrame Grupo Editorial\",\"isPartOf\":{\"@id\":\"https:\/\/letrame.com\/catalogo\/#website\"},\"primaryImageOfPage\":{\"@id\":\"https:\/\/letrame.com\/catalogo\/producto\/ocio-politica-y-economia-en-roma\/#primaryimage\"},\"image\":{\"@id\":\"https:\/\/letrame.com\/catalogo\/producto\/ocio-politica-y-economia-en-roma\/#primaryimage\"},\"thumbnailUrl\":\"https:\/\/letrame.com\/catalogo\/wp-content\/uploads\/2024\/04\/Portada-Ocio-Politica-y-Economia-en-Roma-1.webp\",\"datePublished\":\"2024-04-18T07:04:34+00:00\",\"dateModified\":\"2024-05-15T08:41:28+00:00\",\"breadcrumb\":{\"@id\":\"https:\/\/letrame.com\/catalogo\/producto\/ocio-politica-y-economia-en-roma\/#breadcrumb\"},\"inLanguage\":\"es\",\"potentialAction\":[{\"@type\":\"ReadAction\",\"target\":[\"https:\/\/letrame.com\/catalogo\/producto\/ocio-politica-y-economia-en-roma\/\"]}]},{\"@type\":\"ImageObject\",\"inLanguage\":\"es\",\"@id\":\"https:\/\/letrame.com\/catalogo\/producto\/ocio-politica-y-economia-en-roma\/#primaryimage\",\"url\":\"https:\/\/letrame.com\/catalogo\/wp-content\/uploads\/2024\/04\/Portada-Ocio-Politica-y-Economia-en-Roma-1.webp\",\"contentUrl\":\"https:\/\/letrame.com\/catalogo\/wp-content\/uploads\/2024\/04\/Portada-Ocio-Politica-y-Economia-en-Roma-1.webp\",\"width\":375,\"height\":531},{\"@type\":\"BreadcrumbList\",\"@id\":\"https:\/\/letrame.com\/catalogo\/producto\/ocio-politica-y-economia-en-roma\/#breadcrumb\",\"itemListElement\":[{\"@type\":\"ListItem\",\"position\":1,\"name\":\"Portada\",\"item\":\"https:\/\/letrame.com\/catalogo\/\"},{\"@type\":\"ListItem\",\"position\":2,\"name\":\"Cat\u00e1logo\",\"item\":\"https:\/\/letrame.com\/catalogo\/\"},{\"@type\":\"ListItem\",\"position\":3,\"name\":\"Ocio, Pol\u00edtica y Econom\u00eda en Roma\"}]},{\"@type\":\"WebSite\",\"@id\":\"https:\/\/letrame.com\/catalogo\/#website\",\"url\":\"https:\/\/letrame.com\/catalogo\/\",\"name\":\"Catalogo | Letrame Grupo Editorial\",\"description\":\"\",\"publisher\":{\"@id\":\"https:\/\/letrame.com\/catalogo\/#organization\"},\"potentialAction\":[{\"@type\":\"SearchAction\",\"target\":{\"@type\":\"EntryPoint\",\"urlTemplate\":\"https:\/\/letrame.com\/catalogo\/?s={search_term_string}\"},\"query-input\":{\"@type\":\"PropertyValueSpecification\",\"valueRequired\":true,\"valueName\":\"search_term_string\"}}],\"inLanguage\":\"es\"},{\"@type\":\"Organization\",\"@id\":\"https:\/\/letrame.com\/catalogo\/#organization\",\"name\":\"Catalogo | Letrame Grupo Editorial\",\"url\":\"https:\/\/letrame.com\/catalogo\/\",\"logo\":{\"@type\":\"ImageObject\",\"inLanguage\":\"es\",\"@id\":\"https:\/\/letrame.com\/catalogo\/#\/schema\/logo\/image\/\",\"url\":\"https:\/\/letrame.com\/catalogo\/wp-content\/uploads\/2024\/03\/logo2.webp\",\"contentUrl\":\"https:\/\/letrame.com\/catalogo\/wp-content\/uploads\/2024\/03\/logo2.webp\",\"width\":394,\"height\":128,\"caption\":\"Catalogo | Letrame Grupo Editorial\"},\"image\":{\"@id\":\"https:\/\/letrame.com\/catalogo\/#\/schema\/logo\/image\/\"}}]}<\/script>\n<!-- \/ Yoast SEO plugin. -->","yoast_head_json":{"title":"Ocio, Pol\u00edtica y Econom\u00eda en Roma - Catalogo | Letrame Grupo Editorial","robots":{"index":"index","follow":"follow","max-snippet":"max-snippet:-1","max-image-preview":"max-image-preview:large","max-video-preview":"max-video-preview:-1"},"canonical":"https:\/\/letrame.com\/catalogo\/producto\/ocio-politica-y-economia-en-roma\/","og_locale":"es_ES","og_type":"article","og_title":"Ocio, Pol\u00edtica y Econom\u00eda en Roma - Catalogo | Letrame Grupo Editorial","og_description":"ISBN: 978-84-16916-47-4  Juvenal con su famosa frase \u201cPanem et circenses\u201d describe perfectamente el significado y el ambiente que deb\u00eda palparse en un acontecimiento p\u00fablico de la \u00e9poca. Comer y divertirse, el pueblo llano en ese momento no ped\u00eda m\u00e1s...","og_url":"https:\/\/letrame.com\/catalogo\/producto\/ocio-politica-y-economia-en-roma\/","og_site_name":"Catalogo | Letrame Grupo Editorial","article_modified_time":"2024-05-15T08:41:28+00:00","og_image":[{"width":375,"height":531,"url":"https:\/\/letrame.com\/catalogo\/wp-content\/uploads\/2024\/04\/Portada-Ocio-Politica-y-Economia-en-Roma-1.webp","type":"image\/webp"}],"twitter_card":"summary_large_image","twitter_misc":{"Tiempo de lectura":"1 minuto"},"schema":{"@context":"https:\/\/schema.org","@graph":[{"@type":"WebPage","@id":"https:\/\/letrame.com\/catalogo\/producto\/ocio-politica-y-economia-en-roma\/","url":"https:\/\/letrame.com\/catalogo\/producto\/ocio-politica-y-economia-en-roma\/","name":"Ocio, Pol\u00edtica y Econom\u00eda en Roma - Catalogo | Letrame Grupo Editorial","isPartOf":{"@id":"https:\/\/letrame.com\/catalogo\/#website"},"primaryImageOfPage":{"@id":"https:\/\/letrame.com\/catalogo\/producto\/ocio-politica-y-economia-en-roma\/#primaryimage"},"image":{"@id":"https:\/\/letrame.com\/catalogo\/producto\/ocio-politica-y-economia-en-roma\/#primaryimage"},"thumbnailUrl":"https:\/\/letrame.com\/catalogo\/wp-content\/uploads\/2024\/04\/Portada-Ocio-Politica-y-Economia-en-Roma-1.webp","datePublished":"2024-04-18T07:04:34+00:00","dateModified":"2024-05-15T08:41:28+00:00","breadcrumb":{"@id":"https:\/\/letrame.com\/catalogo\/producto\/ocio-politica-y-economia-en-roma\/#breadcrumb"},"inLanguage":"es","potentialAction":[{"@type":"ReadAction","target":["https:\/\/letrame.com\/catalogo\/producto\/ocio-politica-y-economia-en-roma\/"]}]},{"@type":"ImageObject","inLanguage":"es","@id":"https:\/\/letrame.com\/catalogo\/producto\/ocio-politica-y-economia-en-roma\/#primaryimage","url":"https:\/\/letrame.com\/catalogo\/wp-content\/uploads\/2024\/04\/Portada-Ocio-Politica-y-Economia-en-Roma-1.webp","contentUrl":"https:\/\/letrame.com\/catalogo\/wp-content\/uploads\/2024\/04\/Portada-Ocio-Politica-y-Economia-en-Roma-1.webp","width":375,"height":531},{"@type":"BreadcrumbList","@id":"https:\/\/letrame.com\/catalogo\/producto\/ocio-politica-y-economia-en-roma\/#breadcrumb","itemListElement":[{"@type":"ListItem","position":1,"name":"Portada","item":"https:\/\/letrame.com\/catalogo\/"},{"@type":"ListItem","position":2,"name":"Cat\u00e1logo","item":"https:\/\/letrame.com\/catalogo\/"},{"@type":"ListItem","position":3,"name":"Ocio, Pol\u00edtica y Econom\u00eda en Roma"}]},{"@type":"WebSite","@id":"https:\/\/letrame.com\/catalogo\/#website","url":"https:\/\/letrame.com\/catalogo\/","name":"Catalogo | Letrame Grupo Editorial","description":"","publisher":{"@id":"https:\/\/letrame.com\/catalogo\/#organization"},"potentialAction":[{"@type":"SearchAction","target":{"@type":"EntryPoint","urlTemplate":"https:\/\/letrame.com\/catalogo\/?s={search_term_string}"},"query-input":{"@type":"PropertyValueSpecification","valueRequired":true,"valueName":"search_term_string"}}],"inLanguage":"es"},{"@type":"Organization","@id":"https:\/\/letrame.com\/catalogo\/#organization","name":"Catalogo | Letrame Grupo Editorial","url":"https:\/\/letrame.com\/catalogo\/","logo":{"@type":"ImageObject","inLanguage":"es","@id":"https:\/\/letrame.com\/catalogo\/#\/schema\/logo\/image\/","url":"https:\/\/letrame.com\/catalogo\/wp-content\/uploads\/2024\/03\/logo2.webp","contentUrl":"https:\/\/letrame.com\/catalogo\/wp-content\/uploads\/2024\/03\/logo2.webp","width":394,"height":128,"caption":"Catalogo | Letrame Grupo Editorial"},"image":{"@id":"https:\/\/letrame.com\/catalogo\/#\/schema\/logo\/image\/"}}]}},"_links":{"self":[{"href":"https:\/\/letrame.com\/catalogo\/wp-json\/wp\/v2\/product\/93490","targetHints":{"allow":["GET"]}}],"collection":[{"href":"https:\/\/letrame.com\/catalogo\/wp-json\/wp\/v2\/product"}],"about":[{"href":"https:\/\/letrame.com\/catalogo\/wp-json\/wp\/v2\/types\/product"}],"replies":[{"embeddable":true,"href":"https:\/\/letrame.com\/catalogo\/wp-json\/wp\/v2\/comments?post=93490"}],"wp:featuredmedia":[{"embeddable":true,"href":"https:\/\/letrame.com\/catalogo\/wp-json\/wp\/v2\/media\/99887"}],"wp:attachment":[{"href":"https:\/\/letrame.com\/catalogo\/wp-json\/wp\/v2\/media?parent=93490"}],"wp:term":[{"taxonomy":"libro","embeddable":true,"href":"https:\/\/letrame.com\/catalogo\/wp-json\/wp\/v2\/libro?post=93490"},{"taxonomy":"product_brand","embeddable":true,"href":"https:\/\/letrame.com\/catalogo\/wp-json\/wp\/v2\/product_brand?post=93490"},{"taxonomy":"product_cat","embeddable":true,"href":"https:\/\/letrame.com\/catalogo\/wp-json\/wp\/v2\/product_cat?post=93490"},{"taxonomy":"product_tag","embeddable":true,"href":"https:\/\/letrame.com\/catalogo\/wp-json\/wp\/v2\/product_tag?post=93490"}],"curies":[{"name":"wp","href":"https:\/\/api.w.org\/{rel}","templated":true}]}}