{"id":93475,"date":"2024-04-18T09:03:26","date_gmt":"2024-04-18T07:03:26","guid":{"rendered":"https:\/\/letrame.com\/catalogo\/producto\/umor-y-hamor\/"},"modified":"2024-04-18T09:03:35","modified_gmt":"2024-04-18T07:03:35","slug":"umor-y-hamor","status":"publish","type":"product","link":"https:\/\/letrame.com\/catalogo\/producto\/umor-y-hamor\/","title":{"rendered":"Umor y hamor"},"content":{"rendered":"<p><strong>ISBN<\/strong>: 978-84- 16916-49- 8<br \/>\n<strong>T\u00edtulo<\/strong>: Umor y hamor<br \/>\n<strong>Fecha<\/strong>: 2017<br \/>\n<strong>P\u00e1ginas<\/strong>: 154<\/p>\n<p>&nbsp;<\/p>\n<p><strong>SINOPSIS<\/strong><\/p>\n<section>\n<div class=\"about-this-book\">\n<div class=\"container\">\n<div class=\"right-detail shop-detail1 pull-right col-md-8 col-sm-8 col-xs-12\">\n<div id=\"editionnal-reviews\" class=\"book-desc-detail\"><span class=\"detail-desc box-detail-desc\">B\u00c1RBARA GRAND\u00cdO (A Coru\u00f1a, 1983), Actriz, reci\u00e9n aterrizada en el planeta de la escritura con este, su primer C\u00f3mic Libro Ll\u00e1malo X. Se form\u00f3 en interpretaci\u00f3n en Galicia, para m\u00e1s tarde, seguir sus estudios en Madrid con profesionales de la talla de Juan Carlos Corazza, Leo Bassi, Eva Lesmes, Macarena Pombo o David Planell entre otros. La has podido ver (o no) en series como \u201cLibro de familia\u201d, \u201cEscoba!\u201d, \u201cGran Hotel\u201d o \u201cAnclados\u201d o en el videoclip de la cantante Anni B Sweet \u2018Chasing illusions\u2019. Adem\u00e1s de diversos cortometrajes, entre ellos \u2018C\u00f3digo de barra\u2019 de Paco T\u00f3mas y Jose Martret, \u2018Laura, Laura\u2019 de Nacho L\u00f3pez Murria, \u2018Bichos raros\u2019 dirigido por Alegr\u00eda Collantes y Est\u00edbaliz Burgaleta o \u2018Tarde de esgrima en el parque\u2019 de Chus Gutierrez. Tambi\u00e9n cabe destacar su participaci\u00f3n en las pel\u00edculas \u2018Rey Gitano\u2019 de Juanma Bajo Ulloa y \u2018La historia de un sat\u00e9lite, Rafael y la madre que lo pari\u00f3\u2019 dirigida por las Also Sisters. En teatro ha trabajado en numerosos montajes entre ellos \u2018La casa de bernarda alba\u2019, \u2018Teatro por la identidad\u2019 y la exitosa comedia rom\u00e1ntica \u2018Los mi\u00e9rcoles no existen\u2019.<\/span><\/div>\n<div id=\"clear-scroll\" class=\"clearfix\"><\/div>\n<\/div>\n<\/div>\n<\/div>\n<\/section>\n<div class=\"feature-section feature-option2\">\n<div class=\"container\">\n<div class=\"related products\">\n<div class=\"title-box\"><\/div>\n<\/div>\n<\/div>\n<\/div>\n<p><iframe title=\"BookPlay\" data-src=\"https:\/\/player.vimeo.com\/video\/189918052?dnt=1&amp;app_id=122963\" width=\"800\" height=\"450\" frameborder=\"0\" allow=\"autoplay; fullscreen; picture-in-picture; clipboard-write\" src=\"data:image\/svg+xml;base64,PHN2ZyB3aWR0aD0iMSIgaGVpZ2h0PSIxIiB4bWxucz0iaHR0cDovL3d3dy53My5vcmcvMjAwMC9zdmciPjwvc3ZnPg==\" class=\"lazyload\" data-load-mode=\"1\"><\/iframe><\/p>\n","protected":false},"excerpt":{"rendered":"<p><strong>ISBN: 978-84- 16916-49- 8<\/strong><\/p>\n<p>B\u00c1RBARA GRAND\u00cdO (A Coru\u00f1a, 1983), Actriz, reci\u00e9n aterrizada en el planeta de la escritura con este, su primer C\u00f3mic Libro Ll\u00e1malo X. Se form\u00f3 en interpretaci\u00f3n en Galicia, para m\u00e1s tarde, seguir sus estudios en Madrid con profesionales de la talla de Juan Carlos Corazza, Leo Bassi&#8230;<\/p>\n","protected":false},"featured_media":93476,"comment_status":"closed","ping_status":"open","template":"","meta":{"_acf_changed":false},"libro":[],"product_brand":[],"product_cat":[16],"product_tag":[],"class_list":{"0":"post-93475","1":"product","2":"type-product","3":"status-publish","4":"has-post-thumbnail","6":"product_cat-novela","8":"first","9":"instock","10":"purchasable","11":"product-type-simple"},"acf":{"autor":"","enlace_de_compra":"https:\/\/www.casadellibro.com\/libro-umor-y-hamor\/9788416916498\/4812247"},"yoast_head":"<!-- This site is optimized with the Yoast SEO plugin v26.6 - https:\/\/yoast.com\/wordpress\/plugins\/seo\/ -->\n<title>Umor y hamor - Catalogo | Letrame Grupo Editorial<\/title>\n<meta name=\"robots\" content=\"index, follow, max-snippet:-1, max-image-preview:large, max-video-preview:-1\" \/>\n<link rel=\"canonical\" href=\"https:\/\/letrame.com\/catalogo\/producto\/umor-y-hamor\/\" \/>\n<meta property=\"og:locale\" content=\"es_ES\" \/>\n<meta property=\"og:type\" content=\"article\" \/>\n<meta property=\"og:title\" content=\"Umor y hamor - Catalogo | Letrame Grupo Editorial\" \/>\n<meta property=\"og:description\" content=\"ISBN: 978-84- 16916-49- 8 B\u00c1RBARA GRAND\u00cdO (A Coru\u00f1a, 1983), Actriz, reci\u00e9n aterrizada en el planeta de la escritura con este, su primer C\u00f3mic Libro Ll\u00e1malo X. Se form\u00f3 en interpretaci\u00f3n en Galicia, para m\u00e1s tarde, seguir sus estudios en Madrid con profesionales de la talla de Juan Carlos Corazza, Leo Bassi...\" \/>\n<meta property=\"og:url\" content=\"https:\/\/letrame.com\/catalogo\/producto\/umor-y-hamor\/\" \/>\n<meta property=\"og:site_name\" content=\"Catalogo | Letrame Grupo Editorial\" \/>\n<meta property=\"article:modified_time\" content=\"2024-04-18T07:03:35+00:00\" \/>\n<meta property=\"og:image\" content=\"https:\/\/letrame.com\/catalogo\/wp-content\/uploads\/2024\/04\/portada-Umor-y-hamor-1.jpg\" \/>\n\t<meta property=\"og:image:width\" content=\"375\" \/>\n\t<meta property=\"og:image:height\" content=\"568\" \/>\n\t<meta property=\"og:image:type\" content=\"image\/jpeg\" \/>\n<meta name=\"twitter:card\" content=\"summary_large_image\" \/>\n<meta name=\"twitter:label1\" content=\"Tiempo de lectura\" \/>\n\t<meta name=\"twitter:data1\" content=\"1 minuto\" \/>\n<script type=\"application\/ld+json\" class=\"yoast-schema-graph\">{\"@context\":\"https:\/\/schema.org\",\"@graph\":[{\"@type\":\"WebPage\",\"@id\":\"https:\/\/letrame.com\/catalogo\/producto\/umor-y-hamor\/\",\"url\":\"https:\/\/letrame.com\/catalogo\/producto\/umor-y-hamor\/\",\"name\":\"Umor y hamor - Catalogo | Letrame Grupo Editorial\",\"isPartOf\":{\"@id\":\"https:\/\/letrame.com\/catalogo\/#website\"},\"primaryImageOfPage\":{\"@id\":\"https:\/\/letrame.com\/catalogo\/producto\/umor-y-hamor\/#primaryimage\"},\"image\":{\"@id\":\"https:\/\/letrame.com\/catalogo\/producto\/umor-y-hamor\/#primaryimage\"},\"thumbnailUrl\":\"https:\/\/letrame.com\/catalogo\/wp-content\/uploads\/2024\/04\/portada-Umor-y-hamor-1.jpg\",\"datePublished\":\"2024-04-18T07:03:26+00:00\",\"dateModified\":\"2024-04-18T07:03:35+00:00\",\"breadcrumb\":{\"@id\":\"https:\/\/letrame.com\/catalogo\/producto\/umor-y-hamor\/#breadcrumb\"},\"inLanguage\":\"es\",\"potentialAction\":[{\"@type\":\"ReadAction\",\"target\":[\"https:\/\/letrame.com\/catalogo\/producto\/umor-y-hamor\/\"]}]},{\"@type\":\"ImageObject\",\"inLanguage\":\"es\",\"@id\":\"https:\/\/letrame.com\/catalogo\/producto\/umor-y-hamor\/#primaryimage\",\"url\":\"https:\/\/letrame.com\/catalogo\/wp-content\/uploads\/2024\/04\/portada-Umor-y-hamor-1.jpg\",\"contentUrl\":\"https:\/\/letrame.com\/catalogo\/wp-content\/uploads\/2024\/04\/portada-Umor-y-hamor-1.jpg\",\"width\":375,\"height\":568},{\"@type\":\"BreadcrumbList\",\"@id\":\"https:\/\/letrame.com\/catalogo\/producto\/umor-y-hamor\/#breadcrumb\",\"itemListElement\":[{\"@type\":\"ListItem\",\"position\":1,\"name\":\"Portada\",\"item\":\"https:\/\/letrame.com\/catalogo\/\"},{\"@type\":\"ListItem\",\"position\":2,\"name\":\"Cat\u00e1logo\",\"item\":\"https:\/\/letrame.com\/catalogo\/\"},{\"@type\":\"ListItem\",\"position\":3,\"name\":\"Umor y hamor\"}]},{\"@type\":\"WebSite\",\"@id\":\"https:\/\/letrame.com\/catalogo\/#website\",\"url\":\"https:\/\/letrame.com\/catalogo\/\",\"name\":\"Catalogo | Letrame Grupo Editorial\",\"description\":\"\",\"publisher\":{\"@id\":\"https:\/\/letrame.com\/catalogo\/#organization\"},\"potentialAction\":[{\"@type\":\"SearchAction\",\"target\":{\"@type\":\"EntryPoint\",\"urlTemplate\":\"https:\/\/letrame.com\/catalogo\/?s={search_term_string}\"},\"query-input\":{\"@type\":\"PropertyValueSpecification\",\"valueRequired\":true,\"valueName\":\"search_term_string\"}}],\"inLanguage\":\"es\"},{\"@type\":\"Organization\",\"@id\":\"https:\/\/letrame.com\/catalogo\/#organization\",\"name\":\"Catalogo | Letrame Grupo Editorial\",\"url\":\"https:\/\/letrame.com\/catalogo\/\",\"logo\":{\"@type\":\"ImageObject\",\"inLanguage\":\"es\",\"@id\":\"https:\/\/letrame.com\/catalogo\/#\/schema\/logo\/image\/\",\"url\":\"https:\/\/letrame.com\/catalogo\/wp-content\/uploads\/2024\/03\/logo2.webp\",\"contentUrl\":\"https:\/\/letrame.com\/catalogo\/wp-content\/uploads\/2024\/03\/logo2.webp\",\"width\":394,\"height\":128,\"caption\":\"Catalogo | Letrame Grupo Editorial\"},\"image\":{\"@id\":\"https:\/\/letrame.com\/catalogo\/#\/schema\/logo\/image\/\"}}]}<\/script>\n<!-- \/ Yoast SEO plugin. -->","yoast_head_json":{"title":"Umor y hamor - Catalogo | Letrame Grupo Editorial","robots":{"index":"index","follow":"follow","max-snippet":"max-snippet:-1","max-image-preview":"max-image-preview:large","max-video-preview":"max-video-preview:-1"},"canonical":"https:\/\/letrame.com\/catalogo\/producto\/umor-y-hamor\/","og_locale":"es_ES","og_type":"article","og_title":"Umor y hamor - Catalogo | Letrame Grupo Editorial","og_description":"ISBN: 978-84- 16916-49- 8 B\u00c1RBARA GRAND\u00cdO (A Coru\u00f1a, 1983), Actriz, reci\u00e9n aterrizada en el planeta de la escritura con este, su primer C\u00f3mic Libro Ll\u00e1malo X. Se form\u00f3 en interpretaci\u00f3n en Galicia, para m\u00e1s tarde, seguir sus estudios en Madrid con profesionales de la talla de Juan Carlos Corazza, Leo Bassi...","og_url":"https:\/\/letrame.com\/catalogo\/producto\/umor-y-hamor\/","og_site_name":"Catalogo | Letrame Grupo Editorial","article_modified_time":"2024-04-18T07:03:35+00:00","og_image":[{"width":375,"height":568,"url":"https:\/\/letrame.com\/catalogo\/wp-content\/uploads\/2024\/04\/portada-Umor-y-hamor-1.jpg","type":"image\/jpeg"}],"twitter_card":"summary_large_image","twitter_misc":{"Tiempo de lectura":"1 minuto"},"schema":{"@context":"https:\/\/schema.org","@graph":[{"@type":"WebPage","@id":"https:\/\/letrame.com\/catalogo\/producto\/umor-y-hamor\/","url":"https:\/\/letrame.com\/catalogo\/producto\/umor-y-hamor\/","name":"Umor y hamor - Catalogo | Letrame Grupo Editorial","isPartOf":{"@id":"https:\/\/letrame.com\/catalogo\/#website"},"primaryImageOfPage":{"@id":"https:\/\/letrame.com\/catalogo\/producto\/umor-y-hamor\/#primaryimage"},"image":{"@id":"https:\/\/letrame.com\/catalogo\/producto\/umor-y-hamor\/#primaryimage"},"thumbnailUrl":"https:\/\/letrame.com\/catalogo\/wp-content\/uploads\/2024\/04\/portada-Umor-y-hamor-1.jpg","datePublished":"2024-04-18T07:03:26+00:00","dateModified":"2024-04-18T07:03:35+00:00","breadcrumb":{"@id":"https:\/\/letrame.com\/catalogo\/producto\/umor-y-hamor\/#breadcrumb"},"inLanguage":"es","potentialAction":[{"@type":"ReadAction","target":["https:\/\/letrame.com\/catalogo\/producto\/umor-y-hamor\/"]}]},{"@type":"ImageObject","inLanguage":"es","@id":"https:\/\/letrame.com\/catalogo\/producto\/umor-y-hamor\/#primaryimage","url":"https:\/\/letrame.com\/catalogo\/wp-content\/uploads\/2024\/04\/portada-Umor-y-hamor-1.jpg","contentUrl":"https:\/\/letrame.com\/catalogo\/wp-content\/uploads\/2024\/04\/portada-Umor-y-hamor-1.jpg","width":375,"height":568},{"@type":"BreadcrumbList","@id":"https:\/\/letrame.com\/catalogo\/producto\/umor-y-hamor\/#breadcrumb","itemListElement":[{"@type":"ListItem","position":1,"name":"Portada","item":"https:\/\/letrame.com\/catalogo\/"},{"@type":"ListItem","position":2,"name":"Cat\u00e1logo","item":"https:\/\/letrame.com\/catalogo\/"},{"@type":"ListItem","position":3,"name":"Umor y hamor"}]},{"@type":"WebSite","@id":"https:\/\/letrame.com\/catalogo\/#website","url":"https:\/\/letrame.com\/catalogo\/","name":"Catalogo | Letrame Grupo Editorial","description":"","publisher":{"@id":"https:\/\/letrame.com\/catalogo\/#organization"},"potentialAction":[{"@type":"SearchAction","target":{"@type":"EntryPoint","urlTemplate":"https:\/\/letrame.com\/catalogo\/?s={search_term_string}"},"query-input":{"@type":"PropertyValueSpecification","valueRequired":true,"valueName":"search_term_string"}}],"inLanguage":"es"},{"@type":"Organization","@id":"https:\/\/letrame.com\/catalogo\/#organization","name":"Catalogo | Letrame Grupo Editorial","url":"https:\/\/letrame.com\/catalogo\/","logo":{"@type":"ImageObject","inLanguage":"es","@id":"https:\/\/letrame.com\/catalogo\/#\/schema\/logo\/image\/","url":"https:\/\/letrame.com\/catalogo\/wp-content\/uploads\/2024\/03\/logo2.webp","contentUrl":"https:\/\/letrame.com\/catalogo\/wp-content\/uploads\/2024\/03\/logo2.webp","width":394,"height":128,"caption":"Catalogo | Letrame Grupo Editorial"},"image":{"@id":"https:\/\/letrame.com\/catalogo\/#\/schema\/logo\/image\/"}}]}},"_links":{"self":[{"href":"https:\/\/letrame.com\/catalogo\/wp-json\/wp\/v2\/product\/93475","targetHints":{"allow":["GET"]}}],"collection":[{"href":"https:\/\/letrame.com\/catalogo\/wp-json\/wp\/v2\/product"}],"about":[{"href":"https:\/\/letrame.com\/catalogo\/wp-json\/wp\/v2\/types\/product"}],"replies":[{"embeddable":true,"href":"https:\/\/letrame.com\/catalogo\/wp-json\/wp\/v2\/comments?post=93475"}],"wp:featuredmedia":[{"embeddable":true,"href":"https:\/\/letrame.com\/catalogo\/wp-json\/wp\/v2\/media\/93476"}],"wp:attachment":[{"href":"https:\/\/letrame.com\/catalogo\/wp-json\/wp\/v2\/media?parent=93475"}],"wp:term":[{"taxonomy":"libro","embeddable":true,"href":"https:\/\/letrame.com\/catalogo\/wp-json\/wp\/v2\/libro?post=93475"},{"taxonomy":"product_brand","embeddable":true,"href":"https:\/\/letrame.com\/catalogo\/wp-json\/wp\/v2\/product_brand?post=93475"},{"taxonomy":"product_cat","embeddable":true,"href":"https:\/\/letrame.com\/catalogo\/wp-json\/wp\/v2\/product_cat?post=93475"},{"taxonomy":"product_tag","embeddable":true,"href":"https:\/\/letrame.com\/catalogo\/wp-json\/wp\/v2\/product_tag?post=93475"}],"curies":[{"name":"wp","href":"https:\/\/api.w.org\/{rel}","templated":true}]}}