{"id":93444,"date":"2024-04-18T09:00:02","date_gmt":"2024-04-18T07:00:02","guid":{"rendered":"https:\/\/letrame.com\/catalogo\/producto\/guia-practica-para-la-auto-gestion-de-la-salud\/"},"modified":"2024-05-15T10:39:00","modified_gmt":"2024-05-15T08:39:00","slug":"guia-practica-para-la-auto-gestion-de-la-salud","status":"publish","type":"product","link":"https:\/\/letrame.com\/catalogo\/producto\/guia-practica-para-la-auto-gestion-de-la-salud\/","title":{"rendered":"Gu\u00eda pr\u00e1ctica para la auto-gesti\u00f3n de la salud"},"content":{"rendered":"<p><strong>ISBN<\/strong>: \u00a0<span class=\"sku\">978-84-16916-81-8<\/span><br \/>\n<strong>T\u00edtulo<\/strong>: Gu\u00eda pr\u00e1ctica para la auto-gesti\u00f3n de la salud<br \/>\n<strong>Fecha<\/strong>: 2017<br \/>\n<strong>P\u00e1ginas<\/strong>: 94<\/p>\n<p>&nbsp;<\/p>\n<p><strong>SINOPSIS<\/strong><\/p>\n<section>\n<div class=\"about-this-book\">\n<div class=\"container\">\n<div class=\"right-detail shop-detail1 pull-right col-md-8 col-sm-8 col-xs-12\">\n<div id=\"editionnal-reviews\" class=\"book-desc-detail\"><span class=\"detail-desc box-detail-desc\">La Nutrici\u00f3n: un proceso de conciencia. La Autogesti\u00f3n del Ser: una forma personal de mejorar la salud. Con estos principios hemos elaborado la \u201cGu\u00eda Pr\u00e1ctica para la Auto-Gesti\u00f3n de la Salud\u201d, un manual donde te proponemos mejorar tu salud de forma f\u00e1cil y sencilla, incluyendo tablas de consulta r\u00e1pida sobre los alimentos que facilitan el entendimiento hacia una nutrici\u00f3n saludable y hacia la recuperaci\u00f3n de los equilibrios internos del organismo, que son las bases para conseguir una vida plena de bienestar. Una gu\u00eda encaminada a que t\u00fa mismo puedas auto-gestionar el grado de salud que consideres y que depender\u00e1 de t\u00fa momento de conciencia. La conciencia, seguida de la fuerza de voluntad, son claves para poder iniciar la pr\u00e1ctica de los cambios necesarios hacia unos h\u00e1bitos m\u00e1s saludables y eso solo depende de ti. Nosotros te ofrecemos la informaci\u00f3n y las herramientas que precisas para esa toma de conciencia, t\u00fa tendr\u00e1s que poner el resto y m\u00e1s que hacer un acto de fe, el paso final es experimentarlo. \u00a1Te deseamos que seas saludablemente feliz! Si precisas de alguna aclaraci\u00f3n sobre lo que vas a leer en esta gu\u00eda, puedes consultar la web de la asociaci\u00f3n o dirigirte por correo a: essen.concienciaynutricion@gmail.com www.concienciaynutricion.com<\/span><\/div>\n<div id=\"clear-scroll\" class=\"clearfix\"><\/div>\n<\/div>\n<\/div>\n<\/div>\n<\/section>\n<div class=\"feature-section feature-option2\">\n<div class=\"container\">\n<div class=\"related products\">\n<div class=\"title-box\"><\/div>\n<\/div>\n<\/div>\n<\/div>\n<p><iframe title=\"BookPlay\" data-src=\"https:\/\/player.vimeo.com\/video\/189918052?dnt=1&amp;app_id=122963\" width=\"800\" height=\"450\" frameborder=\"0\" allow=\"autoplay; fullscreen; picture-in-picture; clipboard-write\" src=\"data:image\/svg+xml;base64,PHN2ZyB3aWR0aD0iMSIgaGVpZ2h0PSIxIiB4bWxucz0iaHR0cDovL3d3dy53My5vcmcvMjAwMC9zdmciPjwvc3ZnPg==\" class=\"lazyload\" data-load-mode=\"1\"><\/iframe><\/p>\n","protected":false},"excerpt":{"rendered":"<p><strong>ISBN: \u00a0<span class=\"sku\">978-84-16916-81-8<\/span><\/strong><\/p>\n<p>+La Nutrici\u00f3n: un proceso de conciencia.<\/p>\n<p>La Autogesti\u00f3n del Ser: una forma personal de mejorar la salud&#8230;<\/p>\n","protected":false},"featured_media":99878,"comment_status":"closed","ping_status":"closed","template":"","meta":{"_acf_changed":false},"libro":[],"product_brand":[],"product_cat":[18],"product_tag":[],"class_list":{"0":"post-93444","1":"product","2":"type-product","3":"status-publish","4":"has-post-thumbnail","6":"product_cat-autoayuda","8":"first","9":"instock","10":"purchasable","11":"product-type-simple"},"acf":{"autor":"","enlace_de_compra":"https:\/\/www.amazon.es\/dp\/8416916810\/ref=cm_sw_r_cp_ep_dp_UoYazbTCHS3FM"},"yoast_head":"<!-- This site is optimized with the Yoast SEO plugin v26.6 - https:\/\/yoast.com\/wordpress\/plugins\/seo\/ -->\n<title>Gu\u00eda pr\u00e1ctica para la auto-gesti\u00f3n de la salud - Catalogo | Letrame Grupo Editorial<\/title>\n<meta name=\"robots\" content=\"index, follow, max-snippet:-1, max-image-preview:large, max-video-preview:-1\" \/>\n<link rel=\"canonical\" href=\"https:\/\/letrame.com\/catalogo\/producto\/guia-practica-para-la-auto-gestion-de-la-salud\/\" \/>\n<meta property=\"og:locale\" content=\"es_ES\" \/>\n<meta property=\"og:type\" content=\"article\" \/>\n<meta property=\"og:title\" content=\"Gu\u00eda pr\u00e1ctica para la auto-gesti\u00f3n de la salud - Catalogo | Letrame Grupo Editorial\" \/>\n<meta property=\"og:description\" content=\"ISBN: \u00a0978-84-16916-81-8  +La Nutrici\u00f3n: un proceso de conciencia.  La Autogesti\u00f3n del Ser: una forma personal de mejorar la salud...\" \/>\n<meta property=\"og:url\" content=\"https:\/\/letrame.com\/catalogo\/producto\/guia-practica-para-la-auto-gestion-de-la-salud\/\" \/>\n<meta property=\"og:site_name\" content=\"Catalogo | Letrame Grupo Editorial\" \/>\n<meta property=\"article:modified_time\" content=\"2024-05-15T08:39:00+00:00\" \/>\n<meta property=\"og:image\" content=\"https:\/\/letrame.com\/catalogo\/wp-content\/uploads\/2024\/04\/Portada-Guia-practica-para-la-autogestion.webp\" \/>\n\t<meta property=\"og:image:width\" content=\"375\" \/>\n\t<meta property=\"og:image:height\" content=\"523\" \/>\n\t<meta property=\"og:image:type\" content=\"image\/webp\" \/>\n<meta name=\"twitter:card\" content=\"summary_large_image\" \/>\n<meta name=\"twitter:label1\" content=\"Tiempo de lectura\" \/>\n\t<meta name=\"twitter:data1\" content=\"2 minutos\" \/>\n<script type=\"application\/ld+json\" class=\"yoast-schema-graph\">{\"@context\":\"https:\/\/schema.org\",\"@graph\":[{\"@type\":\"WebPage\",\"@id\":\"https:\/\/letrame.com\/catalogo\/producto\/guia-practica-para-la-auto-gestion-de-la-salud\/\",\"url\":\"https:\/\/letrame.com\/catalogo\/producto\/guia-practica-para-la-auto-gestion-de-la-salud\/\",\"name\":\"Gu\u00eda pr\u00e1ctica para la auto-gesti\u00f3n de la salud - Catalogo | Letrame Grupo Editorial\",\"isPartOf\":{\"@id\":\"https:\/\/letrame.com\/catalogo\/#website\"},\"primaryImageOfPage\":{\"@id\":\"https:\/\/letrame.com\/catalogo\/producto\/guia-practica-para-la-auto-gestion-de-la-salud\/#primaryimage\"},\"image\":{\"@id\":\"https:\/\/letrame.com\/catalogo\/producto\/guia-practica-para-la-auto-gestion-de-la-salud\/#primaryimage\"},\"thumbnailUrl\":\"https:\/\/letrame.com\/catalogo\/wp-content\/uploads\/2024\/04\/Portada-Guia-practica-para-la-autogestion.webp\",\"datePublished\":\"2024-04-18T07:00:02+00:00\",\"dateModified\":\"2024-05-15T08:39:00+00:00\",\"breadcrumb\":{\"@id\":\"https:\/\/letrame.com\/catalogo\/producto\/guia-practica-para-la-auto-gestion-de-la-salud\/#breadcrumb\"},\"inLanguage\":\"es\",\"potentialAction\":[{\"@type\":\"ReadAction\",\"target\":[\"https:\/\/letrame.com\/catalogo\/producto\/guia-practica-para-la-auto-gestion-de-la-salud\/\"]}]},{\"@type\":\"ImageObject\",\"inLanguage\":\"es\",\"@id\":\"https:\/\/letrame.com\/catalogo\/producto\/guia-practica-para-la-auto-gestion-de-la-salud\/#primaryimage\",\"url\":\"https:\/\/letrame.com\/catalogo\/wp-content\/uploads\/2024\/04\/Portada-Guia-practica-para-la-autogestion.webp\",\"contentUrl\":\"https:\/\/letrame.com\/catalogo\/wp-content\/uploads\/2024\/04\/Portada-Guia-practica-para-la-autogestion.webp\",\"width\":375,\"height\":523},{\"@type\":\"BreadcrumbList\",\"@id\":\"https:\/\/letrame.com\/catalogo\/producto\/guia-practica-para-la-auto-gestion-de-la-salud\/#breadcrumb\",\"itemListElement\":[{\"@type\":\"ListItem\",\"position\":1,\"name\":\"Portada\",\"item\":\"https:\/\/letrame.com\/catalogo\/\"},{\"@type\":\"ListItem\",\"position\":2,\"name\":\"Cat\u00e1logo\",\"item\":\"https:\/\/letrame.com\/catalogo\/\"},{\"@type\":\"ListItem\",\"position\":3,\"name\":\"Gu\u00eda pr\u00e1ctica para la auto-gesti\u00f3n de la salud\"}]},{\"@type\":\"WebSite\",\"@id\":\"https:\/\/letrame.com\/catalogo\/#website\",\"url\":\"https:\/\/letrame.com\/catalogo\/\",\"name\":\"Catalogo | Letrame Grupo Editorial\",\"description\":\"\",\"publisher\":{\"@id\":\"https:\/\/letrame.com\/catalogo\/#organization\"},\"potentialAction\":[{\"@type\":\"SearchAction\",\"target\":{\"@type\":\"EntryPoint\",\"urlTemplate\":\"https:\/\/letrame.com\/catalogo\/?s={search_term_string}\"},\"query-input\":{\"@type\":\"PropertyValueSpecification\",\"valueRequired\":true,\"valueName\":\"search_term_string\"}}],\"inLanguage\":\"es\"},{\"@type\":\"Organization\",\"@id\":\"https:\/\/letrame.com\/catalogo\/#organization\",\"name\":\"Catalogo | Letrame Grupo Editorial\",\"url\":\"https:\/\/letrame.com\/catalogo\/\",\"logo\":{\"@type\":\"ImageObject\",\"inLanguage\":\"es\",\"@id\":\"https:\/\/letrame.com\/catalogo\/#\/schema\/logo\/image\/\",\"url\":\"https:\/\/letrame.com\/catalogo\/wp-content\/uploads\/2024\/03\/logo2.webp\",\"contentUrl\":\"https:\/\/letrame.com\/catalogo\/wp-content\/uploads\/2024\/03\/logo2.webp\",\"width\":394,\"height\":128,\"caption\":\"Catalogo | Letrame Grupo Editorial\"},\"image\":{\"@id\":\"https:\/\/letrame.com\/catalogo\/#\/schema\/logo\/image\/\"}}]}<\/script>\n<!-- \/ Yoast SEO plugin. -->","yoast_head_json":{"title":"Gu\u00eda pr\u00e1ctica para la auto-gesti\u00f3n de la salud - Catalogo | Letrame Grupo Editorial","robots":{"index":"index","follow":"follow","max-snippet":"max-snippet:-1","max-image-preview":"max-image-preview:large","max-video-preview":"max-video-preview:-1"},"canonical":"https:\/\/letrame.com\/catalogo\/producto\/guia-practica-para-la-auto-gestion-de-la-salud\/","og_locale":"es_ES","og_type":"article","og_title":"Gu\u00eda pr\u00e1ctica para la auto-gesti\u00f3n de la salud - Catalogo | Letrame Grupo Editorial","og_description":"ISBN: \u00a0978-84-16916-81-8  +La Nutrici\u00f3n: un proceso de conciencia.  La Autogesti\u00f3n del Ser: una forma personal de mejorar la salud...","og_url":"https:\/\/letrame.com\/catalogo\/producto\/guia-practica-para-la-auto-gestion-de-la-salud\/","og_site_name":"Catalogo | Letrame Grupo Editorial","article_modified_time":"2024-05-15T08:39:00+00:00","og_image":[{"width":375,"height":523,"url":"https:\/\/letrame.com\/catalogo\/wp-content\/uploads\/2024\/04\/Portada-Guia-practica-para-la-autogestion.webp","type":"image\/webp"}],"twitter_card":"summary_large_image","twitter_misc":{"Tiempo de lectura":"2 minutos"},"schema":{"@context":"https:\/\/schema.org","@graph":[{"@type":"WebPage","@id":"https:\/\/letrame.com\/catalogo\/producto\/guia-practica-para-la-auto-gestion-de-la-salud\/","url":"https:\/\/letrame.com\/catalogo\/producto\/guia-practica-para-la-auto-gestion-de-la-salud\/","name":"Gu\u00eda pr\u00e1ctica para la auto-gesti\u00f3n de la salud - Catalogo | Letrame Grupo Editorial","isPartOf":{"@id":"https:\/\/letrame.com\/catalogo\/#website"},"primaryImageOfPage":{"@id":"https:\/\/letrame.com\/catalogo\/producto\/guia-practica-para-la-auto-gestion-de-la-salud\/#primaryimage"},"image":{"@id":"https:\/\/letrame.com\/catalogo\/producto\/guia-practica-para-la-auto-gestion-de-la-salud\/#primaryimage"},"thumbnailUrl":"https:\/\/letrame.com\/catalogo\/wp-content\/uploads\/2024\/04\/Portada-Guia-practica-para-la-autogestion.webp","datePublished":"2024-04-18T07:00:02+00:00","dateModified":"2024-05-15T08:39:00+00:00","breadcrumb":{"@id":"https:\/\/letrame.com\/catalogo\/producto\/guia-practica-para-la-auto-gestion-de-la-salud\/#breadcrumb"},"inLanguage":"es","potentialAction":[{"@type":"ReadAction","target":["https:\/\/letrame.com\/catalogo\/producto\/guia-practica-para-la-auto-gestion-de-la-salud\/"]}]},{"@type":"ImageObject","inLanguage":"es","@id":"https:\/\/letrame.com\/catalogo\/producto\/guia-practica-para-la-auto-gestion-de-la-salud\/#primaryimage","url":"https:\/\/letrame.com\/catalogo\/wp-content\/uploads\/2024\/04\/Portada-Guia-practica-para-la-autogestion.webp","contentUrl":"https:\/\/letrame.com\/catalogo\/wp-content\/uploads\/2024\/04\/Portada-Guia-practica-para-la-autogestion.webp","width":375,"height":523},{"@type":"BreadcrumbList","@id":"https:\/\/letrame.com\/catalogo\/producto\/guia-practica-para-la-auto-gestion-de-la-salud\/#breadcrumb","itemListElement":[{"@type":"ListItem","position":1,"name":"Portada","item":"https:\/\/letrame.com\/catalogo\/"},{"@type":"ListItem","position":2,"name":"Cat\u00e1logo","item":"https:\/\/letrame.com\/catalogo\/"},{"@type":"ListItem","position":3,"name":"Gu\u00eda pr\u00e1ctica para la auto-gesti\u00f3n de la salud"}]},{"@type":"WebSite","@id":"https:\/\/letrame.com\/catalogo\/#website","url":"https:\/\/letrame.com\/catalogo\/","name":"Catalogo | Letrame Grupo Editorial","description":"","publisher":{"@id":"https:\/\/letrame.com\/catalogo\/#organization"},"potentialAction":[{"@type":"SearchAction","target":{"@type":"EntryPoint","urlTemplate":"https:\/\/letrame.com\/catalogo\/?s={search_term_string}"},"query-input":{"@type":"PropertyValueSpecification","valueRequired":true,"valueName":"search_term_string"}}],"inLanguage":"es"},{"@type":"Organization","@id":"https:\/\/letrame.com\/catalogo\/#organization","name":"Catalogo | Letrame Grupo Editorial","url":"https:\/\/letrame.com\/catalogo\/","logo":{"@type":"ImageObject","inLanguage":"es","@id":"https:\/\/letrame.com\/catalogo\/#\/schema\/logo\/image\/","url":"https:\/\/letrame.com\/catalogo\/wp-content\/uploads\/2024\/03\/logo2.webp","contentUrl":"https:\/\/letrame.com\/catalogo\/wp-content\/uploads\/2024\/03\/logo2.webp","width":394,"height":128,"caption":"Catalogo | Letrame Grupo Editorial"},"image":{"@id":"https:\/\/letrame.com\/catalogo\/#\/schema\/logo\/image\/"}}]}},"_links":{"self":[{"href":"https:\/\/letrame.com\/catalogo\/wp-json\/wp\/v2\/product\/93444","targetHints":{"allow":["GET"]}}],"collection":[{"href":"https:\/\/letrame.com\/catalogo\/wp-json\/wp\/v2\/product"}],"about":[{"href":"https:\/\/letrame.com\/catalogo\/wp-json\/wp\/v2\/types\/product"}],"replies":[{"embeddable":true,"href":"https:\/\/letrame.com\/catalogo\/wp-json\/wp\/v2\/comments?post=93444"}],"wp:featuredmedia":[{"embeddable":true,"href":"https:\/\/letrame.com\/catalogo\/wp-json\/wp\/v2\/media\/99878"}],"wp:attachment":[{"href":"https:\/\/letrame.com\/catalogo\/wp-json\/wp\/v2\/media?parent=93444"}],"wp:term":[{"taxonomy":"libro","embeddable":true,"href":"https:\/\/letrame.com\/catalogo\/wp-json\/wp\/v2\/libro?post=93444"},{"taxonomy":"product_brand","embeddable":true,"href":"https:\/\/letrame.com\/catalogo\/wp-json\/wp\/v2\/product_brand?post=93444"},{"taxonomy":"product_cat","embeddable":true,"href":"https:\/\/letrame.com\/catalogo\/wp-json\/wp\/v2\/product_cat?post=93444"},{"taxonomy":"product_tag","embeddable":true,"href":"https:\/\/letrame.com\/catalogo\/wp-json\/wp\/v2\/product_tag?post=93444"}],"curies":[{"name":"wp","href":"https:\/\/api.w.org\/{rel}","templated":true}]}}