{"id":112769,"date":"2026-05-15T10:02:31","date_gmt":"2026-05-15T08:02:31","guid":{"rendered":"https:\/\/letrame.com\/catalogo\/?post_type=product&#038;p=112769"},"modified":"2026-05-15T10:02:32","modified_gmt":"2026-05-15T08:02:32","slug":"arcano-vikingo-libro-3-el-ocaso-de-los-dioses","status":"publish","type":"product","link":"https:\/\/letrame.com\/catalogo\/producto\/arcano-vikingo-libro-3-el-ocaso-de-los-dioses\/","title":{"rendered":"Arcano Vikingo Libro 3. El ocaso de los dioses"},"content":{"rendered":"<p><strong>ISBN: 9791370544812<\/strong><br \/>\n<strong>T\u00edtulo: Arcano Vikingo Libro 3. El ocaso de los dioses<\/strong><br \/>\n<strong>Fecha: 2026<\/strong><br \/>\n<strong>P\u00e1ginas: 396<\/strong><\/p>\n<p><strong>SINOPSIS<\/strong><\/p>\n<p data-start=\"0\" data-end=\"62\">El destino de los Reinos se decide en una batalla sin retorno.<\/p>\n<p data-start=\"64\" data-end=\"271\">La \u00faltima guerra ha comenzado. El fracaso en la b\u00fasqueda de la lanza de Od\u00edn ha dejado una herida abierta, pero la llama de la esperanza sigue viva, mientras la oscuridad se cierne sobre Yorben y sus amigos.<\/p>\n<p data-start=\"273\" data-end=\"478\">Las huestes de Loki y Hel se han reunido bajo el estandarte de la destrucci\u00f3n. Juntos, dirigen sus fuerzas hacia la gran fortaleza de los hombres, la ciudad de Birka, \u00faltimo basti\u00f3n cuyo se\u00f1or no ha ca\u00eddo.<\/p>\n<p data-start=\"480\" data-end=\"675\">Desde las monta\u00f1as del Reino de Muspelheim, los gigantes de fuego avanzan, despertando de su sue\u00f1o eterno. El horizonte se torna rojo y los cielos se han oscurecido, presagio del fin de los d\u00edas.<\/p>\n<p data-start=\"677\" data-end=\"887\" data-is-last-node=\"\" data-is-only-node=\"\">Las piezas ya est\u00e1n colocadas en el tablero. Los vientos de la guerra han soplado con fuerza. El Ragnarok, la guerra final, ha comenzado. Y con \u00e9l, el destino de todo lo que existe est\u00e1 a punto de ser decidido.<\/p>\n","protected":false},"excerpt":{"rendered":"<p><strong>ISBN: 9791370544812<\/strong><\/p>\n<p><strong>SINOPSIS<\/strong><\/p>\n<p data-start=\"0\" data-end=\"62\">El destino de los Reinos se decide en una batalla sin retorno.<\/p>\n<p data-start=\"64\" data-end=\"271\">La \u00faltima guerra ha comenzado. El fracaso en la b\u00fasqueda de la lanza de Od\u00edn ha dejado una herida abierta, pero la llama de la esperanza sigue viva, mientras la oscuridad se cierne sobre Yorben y sus amigos.<\/p>\n<p data-start=\"273\" data-end=\"478\">Las huestes de Loki y Hel se han reunido bajo el estandarte de la destrucci\u00f3n. Juntos, dirigen sus fuerzas hacia la gran fortaleza de los hombres, la ciudad de Birka, \u00faltimo basti\u00f3n cuyo se\u00f1or no ha ca\u00eddo.<\/p>\n<p data-start=\"480\" data-end=\"675\">Desde las monta\u00f1as del Reino de Muspelheim, los gigantes de fuego avanzan, despertando de su sue\u00f1o eterno. El horizonte se torna rojo y los cielos se han oscurecido, presagio del fin de los d\u00edas.<\/p>\n<p data-start=\"677\" data-end=\"887\" data-is-last-node=\"\" data-is-only-node=\"\">Las piezas ya est\u00e1n colocadas en el tablero. Los vientos de la guerra han soplado con fuerza. El Ragnarok, la guerra final, ha comenzado. Y con \u00e9l, el destino de todo lo que existe est\u00e1 a punto de ser decidido.<\/p>\n","protected":false},"featured_media":112771,"comment_status":"open","ping_status":"closed","template":"","meta":{"_acf_changed":false},"libro":[],"product_brand":[],"product_cat":[118],"product_tag":[],"class_list":{"0":"post-112769","1":"product","2":"type-product","3":"status-publish","4":"has-post-thumbnail","6":"product_cat-fantasia","8":"first","9":"instock","10":"shipping-taxable","11":"product-type-simple"},"acf":{"autor":[106905],"enlace_de_compra":""},"yoast_head":"<!-- This site is optimized with the Yoast SEO plugin v27.4 - https:\/\/yoast.com\/product\/yoast-seo-wordpress\/ -->\n<title>Arcano Vikingo Libro 3. El ocaso de los dioses - Catalogo | Letrame Grupo Editorial<\/title>\n<meta name=\"robots\" content=\"index, follow, max-snippet:-1, max-image-preview:large, max-video-preview:-1\" \/>\n<link rel=\"canonical\" href=\"https:\/\/letrame.com\/catalogo\/producto\/arcano-vikingo-libro-3-el-ocaso-de-los-dioses\/\" \/>\n<meta property=\"og:locale\" content=\"es_ES\" \/>\n<meta property=\"og:type\" content=\"article\" \/>\n<meta property=\"og:title\" content=\"Arcano Vikingo Libro 3. El ocaso de los dioses - Catalogo | Letrame Grupo Editorial\" \/>\n<meta property=\"og:description\" content=\"ISBN: 9791370544812  SINOPSIS El destino de los Reinos se decide en una batalla sin retorno. La \u00faltima guerra ha comenzado. El fracaso en la b\u00fasqueda de la lanza de Od\u00edn ha dejado una herida abierta, pero la llama de la esperanza sigue viva, mientras la oscuridad se cierne sobre Yorben y sus amigos. Las huestes de Loki y Hel se han reunido bajo el estandarte de la destrucci\u00f3n. Juntos, dirigen sus fuerzas hacia la gran fortaleza de los hombres, la ciudad de Birka, \u00faltimo basti\u00f3n cuyo se\u00f1or no ha ca\u00eddo. Desde las monta\u00f1as del Reino de Muspelheim, los gigantes de fuego avanzan, despertando de su sue\u00f1o eterno. El horizonte se torna rojo y los cielos se han oscurecido, presagio del fin de los d\u00edas. Las piezas ya est\u00e1n colocadas en el tablero. Los vientos de la guerra han soplado con fuerza. El Ragnarok, la guerra final, ha comenzado. Y con \u00e9l, el destino de todo lo que existe est\u00e1 a punto de ser decidido.\" \/>\n<meta property=\"og:url\" content=\"https:\/\/letrame.com\/catalogo\/producto\/arcano-vikingo-libro-3-el-ocaso-de-los-dioses\/\" \/>\n<meta property=\"og:site_name\" content=\"Catalogo | Letrame Grupo Editorial\" \/>\n<meta property=\"article:modified_time\" content=\"2026-05-15T08:02:32+00:00\" \/>\n<meta property=\"og:image\" content=\"https:\/\/letrame.com\/catalogo\/wp-content\/uploads\/2026\/05\/arcanovikingo3_1242mm4.jpg\" \/>\n\t<meta property=\"og:image:width\" content=\"945\" \/>\n\t<meta property=\"og:image:height\" content=\"1386\" \/>\n\t<meta property=\"og:image:type\" content=\"image\/jpeg\" \/>\n<meta name=\"twitter:card\" content=\"summary_large_image\" \/>\n<meta name=\"twitter:label1\" content=\"Tiempo de lectura\" \/>\n\t<meta name=\"twitter:data1\" content=\"2 minutos\" \/>\n<script type=\"application\/ld+json\" class=\"yoast-schema-graph\">{\"@context\":\"https:\\\/\\\/schema.org\",\"@graph\":[{\"@type\":\"WebPage\",\"@id\":\"https:\\\/\\\/letrame.com\\\/catalogo\\\/producto\\\/arcano-vikingo-libro-3-el-ocaso-de-los-dioses\\\/\",\"url\":\"https:\\\/\\\/letrame.com\\\/catalogo\\\/producto\\\/arcano-vikingo-libro-3-el-ocaso-de-los-dioses\\\/\",\"name\":\"Arcano Vikingo Libro 3. El ocaso de los dioses - Catalogo | Letrame Grupo Editorial\",\"isPartOf\":{\"@id\":\"https:\\\/\\\/letrame.com\\\/catalogo\\\/#website\"},\"primaryImageOfPage\":{\"@id\":\"https:\\\/\\\/letrame.com\\\/catalogo\\\/producto\\\/arcano-vikingo-libro-3-el-ocaso-de-los-dioses\\\/#primaryimage\"},\"image\":{\"@id\":\"https:\\\/\\\/letrame.com\\\/catalogo\\\/producto\\\/arcano-vikingo-libro-3-el-ocaso-de-los-dioses\\\/#primaryimage\"},\"thumbnailUrl\":\"https:\\\/\\\/letrame.com\\\/catalogo\\\/wp-content\\\/uploads\\\/2026\\\/05\\\/arcanovikingo3_1242mm4.jpg\",\"datePublished\":\"2026-05-15T08:02:31+00:00\",\"dateModified\":\"2026-05-15T08:02:32+00:00\",\"breadcrumb\":{\"@id\":\"https:\\\/\\\/letrame.com\\\/catalogo\\\/producto\\\/arcano-vikingo-libro-3-el-ocaso-de-los-dioses\\\/#breadcrumb\"},\"inLanguage\":\"es\",\"potentialAction\":[{\"@type\":\"ReadAction\",\"target\":[\"https:\\\/\\\/letrame.com\\\/catalogo\\\/producto\\\/arcano-vikingo-libro-3-el-ocaso-de-los-dioses\\\/\"]}]},{\"@type\":\"ImageObject\",\"inLanguage\":\"es\",\"@id\":\"https:\\\/\\\/letrame.com\\\/catalogo\\\/producto\\\/arcano-vikingo-libro-3-el-ocaso-de-los-dioses\\\/#primaryimage\",\"url\":\"https:\\\/\\\/letrame.com\\\/catalogo\\\/wp-content\\\/uploads\\\/2026\\\/05\\\/arcanovikingo3_1242mm4.jpg\",\"contentUrl\":\"https:\\\/\\\/letrame.com\\\/catalogo\\\/wp-content\\\/uploads\\\/2026\\\/05\\\/arcanovikingo3_1242mm4.jpg\",\"width\":945,\"height\":1386},{\"@type\":\"BreadcrumbList\",\"@id\":\"https:\\\/\\\/letrame.com\\\/catalogo\\\/producto\\\/arcano-vikingo-libro-3-el-ocaso-de-los-dioses\\\/#breadcrumb\",\"itemListElement\":[{\"@type\":\"ListItem\",\"position\":1,\"name\":\"Portada\",\"item\":\"https:\\\/\\\/letrame.com\\\/catalogo\\\/\"},{\"@type\":\"ListItem\",\"position\":2,\"name\":\"Cat\u00e1logo\",\"item\":\"https:\\\/\\\/letrame.com\\\/catalogo\\\/\"},{\"@type\":\"ListItem\",\"position\":3,\"name\":\"Arcano Vikingo Libro 3. El ocaso de los dioses\"}]},{\"@type\":\"WebSite\",\"@id\":\"https:\\\/\\\/letrame.com\\\/catalogo\\\/#website\",\"url\":\"https:\\\/\\\/letrame.com\\\/catalogo\\\/\",\"name\":\"Catalogo | Letrame Grupo Editorial\",\"description\":\"\",\"publisher\":{\"@id\":\"https:\\\/\\\/letrame.com\\\/catalogo\\\/#organization\"},\"potentialAction\":[{\"@type\":\"SearchAction\",\"target\":{\"@type\":\"EntryPoint\",\"urlTemplate\":\"https:\\\/\\\/letrame.com\\\/catalogo\\\/?s={search_term_string}\"},\"query-input\":{\"@type\":\"PropertyValueSpecification\",\"valueRequired\":true,\"valueName\":\"search_term_string\"}}],\"inLanguage\":\"es\"},{\"@type\":\"Organization\",\"@id\":\"https:\\\/\\\/letrame.com\\\/catalogo\\\/#organization\",\"name\":\"Catalogo | Letrame Grupo Editorial\",\"url\":\"https:\\\/\\\/letrame.com\\\/catalogo\\\/\",\"logo\":{\"@type\":\"ImageObject\",\"inLanguage\":\"es\",\"@id\":\"https:\\\/\\\/letrame.com\\\/catalogo\\\/#\\\/schema\\\/logo\\\/image\\\/\",\"url\":\"https:\\\/\\\/letrame.com\\\/catalogo\\\/wp-content\\\/uploads\\\/2024\\\/03\\\/logo2.webp\",\"contentUrl\":\"https:\\\/\\\/letrame.com\\\/catalogo\\\/wp-content\\\/uploads\\\/2024\\\/03\\\/logo2.webp\",\"width\":394,\"height\":128,\"caption\":\"Catalogo | Letrame Grupo Editorial\"},\"image\":{\"@id\":\"https:\\\/\\\/letrame.com\\\/catalogo\\\/#\\\/schema\\\/logo\\\/image\\\/\"}}]}<\/script>\n<!-- \/ Yoast SEO plugin. -->","yoast_head_json":{"title":"Arcano Vikingo Libro 3. El ocaso de los dioses - Catalogo | Letrame Grupo Editorial","robots":{"index":"index","follow":"follow","max-snippet":"max-snippet:-1","max-image-preview":"max-image-preview:large","max-video-preview":"max-video-preview:-1"},"canonical":"https:\/\/letrame.com\/catalogo\/producto\/arcano-vikingo-libro-3-el-ocaso-de-los-dioses\/","og_locale":"es_ES","og_type":"article","og_title":"Arcano Vikingo Libro 3. El ocaso de los dioses - Catalogo | Letrame Grupo Editorial","og_description":"ISBN: 9791370544812  SINOPSIS El destino de los Reinos se decide en una batalla sin retorno. La \u00faltima guerra ha comenzado. El fracaso en la b\u00fasqueda de la lanza de Od\u00edn ha dejado una herida abierta, pero la llama de la esperanza sigue viva, mientras la oscuridad se cierne sobre Yorben y sus amigos. Las huestes de Loki y Hel se han reunido bajo el estandarte de la destrucci\u00f3n. Juntos, dirigen sus fuerzas hacia la gran fortaleza de los hombres, la ciudad de Birka, \u00faltimo basti\u00f3n cuyo se\u00f1or no ha ca\u00eddo. Desde las monta\u00f1as del Reino de Muspelheim, los gigantes de fuego avanzan, despertando de su sue\u00f1o eterno. El horizonte se torna rojo y los cielos se han oscurecido, presagio del fin de los d\u00edas. Las piezas ya est\u00e1n colocadas en el tablero. Los vientos de la guerra han soplado con fuerza. El Ragnarok, la guerra final, ha comenzado. Y con \u00e9l, el destino de todo lo que existe est\u00e1 a punto de ser decidido.","og_url":"https:\/\/letrame.com\/catalogo\/producto\/arcano-vikingo-libro-3-el-ocaso-de-los-dioses\/","og_site_name":"Catalogo | Letrame Grupo Editorial","article_modified_time":"2026-05-15T08:02:32+00:00","og_image":[{"width":945,"height":1386,"url":"https:\/\/letrame.com\/catalogo\/wp-content\/uploads\/2026\/05\/arcanovikingo3_1242mm4.jpg","type":"image\/jpeg"}],"twitter_card":"summary_large_image","twitter_misc":{"Tiempo de lectura":"2 minutos"},"schema":{"@context":"https:\/\/schema.org","@graph":[{"@type":"WebPage","@id":"https:\/\/letrame.com\/catalogo\/producto\/arcano-vikingo-libro-3-el-ocaso-de-los-dioses\/","url":"https:\/\/letrame.com\/catalogo\/producto\/arcano-vikingo-libro-3-el-ocaso-de-los-dioses\/","name":"Arcano Vikingo Libro 3. El ocaso de los dioses - Catalogo | Letrame Grupo Editorial","isPartOf":{"@id":"https:\/\/letrame.com\/catalogo\/#website"},"primaryImageOfPage":{"@id":"https:\/\/letrame.com\/catalogo\/producto\/arcano-vikingo-libro-3-el-ocaso-de-los-dioses\/#primaryimage"},"image":{"@id":"https:\/\/letrame.com\/catalogo\/producto\/arcano-vikingo-libro-3-el-ocaso-de-los-dioses\/#primaryimage"},"thumbnailUrl":"https:\/\/letrame.com\/catalogo\/wp-content\/uploads\/2026\/05\/arcanovikingo3_1242mm4.jpg","datePublished":"2026-05-15T08:02:31+00:00","dateModified":"2026-05-15T08:02:32+00:00","breadcrumb":{"@id":"https:\/\/letrame.com\/catalogo\/producto\/arcano-vikingo-libro-3-el-ocaso-de-los-dioses\/#breadcrumb"},"inLanguage":"es","potentialAction":[{"@type":"ReadAction","target":["https:\/\/letrame.com\/catalogo\/producto\/arcano-vikingo-libro-3-el-ocaso-de-los-dioses\/"]}]},{"@type":"ImageObject","inLanguage":"es","@id":"https:\/\/letrame.com\/catalogo\/producto\/arcano-vikingo-libro-3-el-ocaso-de-los-dioses\/#primaryimage","url":"https:\/\/letrame.com\/catalogo\/wp-content\/uploads\/2026\/05\/arcanovikingo3_1242mm4.jpg","contentUrl":"https:\/\/letrame.com\/catalogo\/wp-content\/uploads\/2026\/05\/arcanovikingo3_1242mm4.jpg","width":945,"height":1386},{"@type":"BreadcrumbList","@id":"https:\/\/letrame.com\/catalogo\/producto\/arcano-vikingo-libro-3-el-ocaso-de-los-dioses\/#breadcrumb","itemListElement":[{"@type":"ListItem","position":1,"name":"Portada","item":"https:\/\/letrame.com\/catalogo\/"},{"@type":"ListItem","position":2,"name":"Cat\u00e1logo","item":"https:\/\/letrame.com\/catalogo\/"},{"@type":"ListItem","position":3,"name":"Arcano Vikingo Libro 3. El ocaso de los dioses"}]},{"@type":"WebSite","@id":"https:\/\/letrame.com\/catalogo\/#website","url":"https:\/\/letrame.com\/catalogo\/","name":"Catalogo | Letrame Grupo Editorial","description":"","publisher":{"@id":"https:\/\/letrame.com\/catalogo\/#organization"},"potentialAction":[{"@type":"SearchAction","target":{"@type":"EntryPoint","urlTemplate":"https:\/\/letrame.com\/catalogo\/?s={search_term_string}"},"query-input":{"@type":"PropertyValueSpecification","valueRequired":true,"valueName":"search_term_string"}}],"inLanguage":"es"},{"@type":"Organization","@id":"https:\/\/letrame.com\/catalogo\/#organization","name":"Catalogo | Letrame Grupo Editorial","url":"https:\/\/letrame.com\/catalogo\/","logo":{"@type":"ImageObject","inLanguage":"es","@id":"https:\/\/letrame.com\/catalogo\/#\/schema\/logo\/image\/","url":"https:\/\/letrame.com\/catalogo\/wp-content\/uploads\/2024\/03\/logo2.webp","contentUrl":"https:\/\/letrame.com\/catalogo\/wp-content\/uploads\/2024\/03\/logo2.webp","width":394,"height":128,"caption":"Catalogo | Letrame Grupo Editorial"},"image":{"@id":"https:\/\/letrame.com\/catalogo\/#\/schema\/logo\/image\/"}}]}},"_links":{"self":[{"href":"https:\/\/letrame.com\/catalogo\/wp-json\/wp\/v2\/product\/112769","targetHints":{"allow":["GET"]}}],"collection":[{"href":"https:\/\/letrame.com\/catalogo\/wp-json\/wp\/v2\/product"}],"about":[{"href":"https:\/\/letrame.com\/catalogo\/wp-json\/wp\/v2\/types\/product"}],"replies":[{"embeddable":true,"href":"https:\/\/letrame.com\/catalogo\/wp-json\/wp\/v2\/comments?post=112769"}],"acf:post":[{"embeddable":true,"href":"https:\/\/letrame.com\/catalogo\/wp-json\/wp\/v2\/author_book\/106905"}],"wp:featuredmedia":[{"embeddable":true,"href":"https:\/\/letrame.com\/catalogo\/wp-json\/wp\/v2\/media\/112771"}],"wp:attachment":[{"href":"https:\/\/letrame.com\/catalogo\/wp-json\/wp\/v2\/media?parent=112769"}],"wp:term":[{"taxonomy":"libro","embeddable":true,"href":"https:\/\/letrame.com\/catalogo\/wp-json\/wp\/v2\/libro?post=112769"},{"taxonomy":"product_brand","embeddable":true,"href":"https:\/\/letrame.com\/catalogo\/wp-json\/wp\/v2\/product_brand?post=112769"},{"taxonomy":"product_cat","embeddable":true,"href":"https:\/\/letrame.com\/catalogo\/wp-json\/wp\/v2\/product_cat?post=112769"},{"taxonomy":"product_tag","embeddable":true,"href":"https:\/\/letrame.com\/catalogo\/wp-json\/wp\/v2\/product_tag?post=112769"}],"curies":[{"name":"wp","href":"https:\/\/api.w.org\/{rel}","templated":true}]}}