{"id":112761,"date":"2026-05-15T08:42:00","date_gmt":"2026-05-15T06:42:00","guid":{"rendered":"https:\/\/letrame.com\/catalogo\/?post_type=product&#038;p=112761"},"modified":"2026-05-15T08:42:41","modified_gmt":"2026-05-15T06:42:41","slug":"hanae-la-mouette","status":"publish","type":"product","link":"https:\/\/letrame.com\/catalogo\/producto\/hanae-la-mouette\/","title":{"rendered":"Hanae. La Mouette"},"content":{"rendered":"<p><strong>ISBN: 9791370545109<\/strong><br \/>\n<strong>T\u00edtulo: Hanae. La Mouette<\/strong><br \/>\n<strong>Fecha: 2026<\/strong><br \/>\n<strong>P\u00e1ginas: 92<\/strong><\/p>\n<p><strong>SINOPSIS<\/strong><\/p>\n<p>La vie est un voyage d\u2019apprentissages et de d\u00e9couvertes.<\/p>\n<p>Hanae est une mouette joyeuse et aventuri\u00e8re qui vit \u00e0 Rabat, une ville magique aux couleurs, odeurs et saveurs qui enchantent tout r\u00eaveur.<\/p>\n<p>Hanae vit et apprend \u00e0 travers les situations qu\u2019elle rencontre. Elle aime voler car cela lui donne la libert\u00e9. Elle d\u00e9teste les injustices, cherche toujours le moyen d\u2019aider les autres et adore avoir des amis, bien qu\u2019elle comprenne que les choses peuvent diff\u00e9rer de ce que l\u2019on imagine.<\/p>\n<p>Vole avec Hanae et son imagination d\u00e9bordante, vis des espi\u00e8gleries amusantes comme aider des musiciens avec des pirouettes a\u00e9riennes, tenter de surfer sur des vagues g\u00e9antes ou discuter avec son amie po\u00e9tesse Latifa, en apprenant l\u2019amiti\u00e9, l\u2019empathie et \u00e0 ne pas juger autrui.<\/p>\n<p>Tu d\u00e9couvriras aussi comment vivent les Marocains du point de vue d\u2019une mouette.<\/p>\n<p>Explore Rabat comme un conte de f\u00e9es et r\u00eave sans limites.<\/p>\n<p>Ce livre, inspir\u00e9 de la passion de l\u2019auteure pour le Maroc, te fera rire, r\u00e9fl\u00e9chir et te donnera envie de d\u00e9ployer tes ailes pour des aventures inoubliables.<\/p>\n","protected":false},"excerpt":{"rendered":"<p><strong>ISBN: 9791370545109<\/strong><\/p>\n<p><strong>SINOPSIS<\/strong><\/p>\n<p>La vie est un voyage d\u2019apprentissages et de d\u00e9couvertes.<\/p>\n<p>Hanae est une mouette joyeuse et aventuri\u00e8re qui vit \u00e0 Rabat, une ville magique aux couleurs, odeurs et saveurs qui enchantent tout r\u00eaveur.<\/p>\n<p>Hanae vit et apprend \u00e0 travers les situations qu\u2019elle rencontre. Elle aime voler car cela lui donne la libert\u00e9. Elle d\u00e9teste les injustices, cherche toujours le moyen d\u2019aider les autres et adore avoir des amis, bien qu\u2019elle comprenne que les choses peuvent diff\u00e9rer de ce que l\u2019on imagine.<\/p>\n<p>Vole avec Hanae et son imagination d\u00e9bordante, vis des espi\u00e8gleries amusantes comme aider des musiciens avec des pirouettes a\u00e9riennes, tenter de surfer sur des vagues g\u00e9antes ou discuter avec son amie po\u00e9tesse Latifa, en apprenant l\u2019amiti\u00e9, l\u2019empathie et \u00e0 ne pas juger autrui.<\/p>\n<p>Tu d\u00e9couvriras aussi comment vivent les Marocains du point de vue d\u2019une mouette.<\/p>\n<p>Explore Rabat comme un conte de f\u00e9es et r\u00eave sans limites.<\/p>\n<p>Ce livre, inspir\u00e9 de la passion de l\u2019auteure pour le Maroc, te fera rire, r\u00e9fl\u00e9chir et te donnera envie de d\u00e9ployer tes ailes pour des aventures inoubliables.<\/p>\n","protected":false},"featured_media":112762,"comment_status":"open","ping_status":"closed","template":"","meta":{"_acf_changed":false},"libro":[],"product_brand":[],"product_cat":[17,134],"product_tag":[],"class_list":{"0":"post-112761","1":"product","2":"type-product","3":"status-publish","4":"has-post-thumbnail","6":"product_cat-infantil","7":"product_cat-juvenil","9":"first","10":"instock","11":"shipping-taxable","12":"product-type-simple"},"acf":{"autor":[107236],"enlace_de_compra":"https:\/\/amzn.to\/4nuv6zb"},"yoast_head":"<!-- This site is optimized with the Yoast SEO plugin v27.4 - https:\/\/yoast.com\/product\/yoast-seo-wordpress\/ -->\n<title>Hanae. La Mouette - Catalogo | Letrame Grupo Editorial<\/title>\n<meta name=\"robots\" content=\"index, follow, max-snippet:-1, max-image-preview:large, max-video-preview:-1\" \/>\n<link rel=\"canonical\" href=\"https:\/\/letrame.com\/catalogo\/producto\/hanae-la-mouette\/\" \/>\n<meta property=\"og:locale\" content=\"es_ES\" \/>\n<meta property=\"og:type\" content=\"article\" \/>\n<meta property=\"og:title\" content=\"Hanae. La Mouette - Catalogo | Letrame Grupo Editorial\" \/>\n<meta property=\"og:description\" content=\"ISBN: 9791370545109  SINOPSIS  La vie est un voyage d\u2019apprentissages et de d\u00e9couvertes.  Hanae est une mouette joyeuse et aventuri\u00e8re qui vit \u00e0 Rabat, une ville magique aux couleurs, odeurs et saveurs qui enchantent tout r\u00eaveur.  Hanae vit et apprend \u00e0 travers les situations qu\u2019elle rencontre. Elle aime voler car cela lui donne la libert\u00e9. Elle d\u00e9teste les injustices, cherche toujours le moyen d\u2019aider les autres et adore avoir des amis, bien qu\u2019elle comprenne que les choses peuvent diff\u00e9rer de ce que l\u2019on imagine.  Vole avec Hanae et son imagination d\u00e9bordante, vis des espi\u00e8gleries amusantes comme aider des musiciens avec des pirouettes a\u00e9riennes, tenter de surfer sur des vagues g\u00e9antes ou discuter avec son amie po\u00e9tesse Latifa, en apprenant l\u2019amiti\u00e9, l\u2019empathie et \u00e0 ne pas juger autrui.  Tu d\u00e9couvriras aussi comment vivent les Marocains du point de vue d\u2019une mouette.  Explore Rabat comme un conte de f\u00e9es et r\u00eave sans limites.  Ce livre, inspir\u00e9 de la passion de l\u2019auteure pour le Maroc, te fera rire, r\u00e9fl\u00e9chir et te donnera envie de d\u00e9ployer tes ailes pour des aventures inoubliables.\" \/>\n<meta property=\"og:url\" content=\"https:\/\/letrame.com\/catalogo\/producto\/hanae-la-mouette\/\" \/>\n<meta property=\"og:site_name\" content=\"Catalogo | Letrame Grupo Editorial\" \/>\n<meta property=\"article:modified_time\" content=\"2026-05-15T06:42:41+00:00\" \/>\n<meta property=\"og:image\" content=\"https:\/\/letrame.com\/catalogo\/wp-content\/uploads\/2026\/05\/XXhannaelamoutte_527mm4.jpg\" \/>\n\t<meta property=\"og:image:width\" content=\"638\" \/>\n\t<meta property=\"og:image:height\" content=\"921\" \/>\n\t<meta property=\"og:image:type\" content=\"image\/jpeg\" \/>\n<meta name=\"twitter:card\" content=\"summary_large_image\" \/>\n<meta name=\"twitter:label1\" content=\"Tiempo de lectura\" \/>\n\t<meta name=\"twitter:data1\" content=\"2 minutos\" \/>\n<script type=\"application\/ld+json\" class=\"yoast-schema-graph\">{\"@context\":\"https:\\\/\\\/schema.org\",\"@graph\":[{\"@type\":\"WebPage\",\"@id\":\"https:\\\/\\\/letrame.com\\\/catalogo\\\/producto\\\/hanae-la-mouette\\\/\",\"url\":\"https:\\\/\\\/letrame.com\\\/catalogo\\\/producto\\\/hanae-la-mouette\\\/\",\"name\":\"Hanae. La Mouette - Catalogo | Letrame Grupo Editorial\",\"isPartOf\":{\"@id\":\"https:\\\/\\\/letrame.com\\\/catalogo\\\/#website\"},\"primaryImageOfPage\":{\"@id\":\"https:\\\/\\\/letrame.com\\\/catalogo\\\/producto\\\/hanae-la-mouette\\\/#primaryimage\"},\"image\":{\"@id\":\"https:\\\/\\\/letrame.com\\\/catalogo\\\/producto\\\/hanae-la-mouette\\\/#primaryimage\"},\"thumbnailUrl\":\"https:\\\/\\\/letrame.com\\\/catalogo\\\/wp-content\\\/uploads\\\/2026\\\/05\\\/XXhannaelamoutte_527mm4.jpg\",\"datePublished\":\"2026-05-15T06:42:00+00:00\",\"dateModified\":\"2026-05-15T06:42:41+00:00\",\"breadcrumb\":{\"@id\":\"https:\\\/\\\/letrame.com\\\/catalogo\\\/producto\\\/hanae-la-mouette\\\/#breadcrumb\"},\"inLanguage\":\"es\",\"potentialAction\":[{\"@type\":\"ReadAction\",\"target\":[\"https:\\\/\\\/letrame.com\\\/catalogo\\\/producto\\\/hanae-la-mouette\\\/\"]}]},{\"@type\":\"ImageObject\",\"inLanguage\":\"es\",\"@id\":\"https:\\\/\\\/letrame.com\\\/catalogo\\\/producto\\\/hanae-la-mouette\\\/#primaryimage\",\"url\":\"https:\\\/\\\/letrame.com\\\/catalogo\\\/wp-content\\\/uploads\\\/2026\\\/05\\\/XXhannaelamoutte_527mm4.jpg\",\"contentUrl\":\"https:\\\/\\\/letrame.com\\\/catalogo\\\/wp-content\\\/uploads\\\/2026\\\/05\\\/XXhannaelamoutte_527mm4.jpg\",\"width\":638,\"height\":921},{\"@type\":\"BreadcrumbList\",\"@id\":\"https:\\\/\\\/letrame.com\\\/catalogo\\\/producto\\\/hanae-la-mouette\\\/#breadcrumb\",\"itemListElement\":[{\"@type\":\"ListItem\",\"position\":1,\"name\":\"Portada\",\"item\":\"https:\\\/\\\/letrame.com\\\/catalogo\\\/\"},{\"@type\":\"ListItem\",\"position\":2,\"name\":\"Cat\u00e1logo\",\"item\":\"https:\\\/\\\/letrame.com\\\/catalogo\\\/\"},{\"@type\":\"ListItem\",\"position\":3,\"name\":\"Hanae. La Mouette\"}]},{\"@type\":\"WebSite\",\"@id\":\"https:\\\/\\\/letrame.com\\\/catalogo\\\/#website\",\"url\":\"https:\\\/\\\/letrame.com\\\/catalogo\\\/\",\"name\":\"Catalogo | Letrame Grupo Editorial\",\"description\":\"\",\"publisher\":{\"@id\":\"https:\\\/\\\/letrame.com\\\/catalogo\\\/#organization\"},\"potentialAction\":[{\"@type\":\"SearchAction\",\"target\":{\"@type\":\"EntryPoint\",\"urlTemplate\":\"https:\\\/\\\/letrame.com\\\/catalogo\\\/?s={search_term_string}\"},\"query-input\":{\"@type\":\"PropertyValueSpecification\",\"valueRequired\":true,\"valueName\":\"search_term_string\"}}],\"inLanguage\":\"es\"},{\"@type\":\"Organization\",\"@id\":\"https:\\\/\\\/letrame.com\\\/catalogo\\\/#organization\",\"name\":\"Catalogo | Letrame Grupo Editorial\",\"url\":\"https:\\\/\\\/letrame.com\\\/catalogo\\\/\",\"logo\":{\"@type\":\"ImageObject\",\"inLanguage\":\"es\",\"@id\":\"https:\\\/\\\/letrame.com\\\/catalogo\\\/#\\\/schema\\\/logo\\\/image\\\/\",\"url\":\"https:\\\/\\\/letrame.com\\\/catalogo\\\/wp-content\\\/uploads\\\/2024\\\/03\\\/logo2.webp\",\"contentUrl\":\"https:\\\/\\\/letrame.com\\\/catalogo\\\/wp-content\\\/uploads\\\/2024\\\/03\\\/logo2.webp\",\"width\":394,\"height\":128,\"caption\":\"Catalogo | Letrame Grupo Editorial\"},\"image\":{\"@id\":\"https:\\\/\\\/letrame.com\\\/catalogo\\\/#\\\/schema\\\/logo\\\/image\\\/\"}}]}<\/script>\n<!-- \/ Yoast SEO plugin. -->","yoast_head_json":{"title":"Hanae. La Mouette - Catalogo | Letrame Grupo Editorial","robots":{"index":"index","follow":"follow","max-snippet":"max-snippet:-1","max-image-preview":"max-image-preview:large","max-video-preview":"max-video-preview:-1"},"canonical":"https:\/\/letrame.com\/catalogo\/producto\/hanae-la-mouette\/","og_locale":"es_ES","og_type":"article","og_title":"Hanae. La Mouette - Catalogo | Letrame Grupo Editorial","og_description":"ISBN: 9791370545109  SINOPSIS  La vie est un voyage d\u2019apprentissages et de d\u00e9couvertes.  Hanae est une mouette joyeuse et aventuri\u00e8re qui vit \u00e0 Rabat, une ville magique aux couleurs, odeurs et saveurs qui enchantent tout r\u00eaveur.  Hanae vit et apprend \u00e0 travers les situations qu\u2019elle rencontre. Elle aime voler car cela lui donne la libert\u00e9. Elle d\u00e9teste les injustices, cherche toujours le moyen d\u2019aider les autres et adore avoir des amis, bien qu\u2019elle comprenne que les choses peuvent diff\u00e9rer de ce que l\u2019on imagine.  Vole avec Hanae et son imagination d\u00e9bordante, vis des espi\u00e8gleries amusantes comme aider des musiciens avec des pirouettes a\u00e9riennes, tenter de surfer sur des vagues g\u00e9antes ou discuter avec son amie po\u00e9tesse Latifa, en apprenant l\u2019amiti\u00e9, l\u2019empathie et \u00e0 ne pas juger autrui.  Tu d\u00e9couvriras aussi comment vivent les Marocains du point de vue d\u2019une mouette.  Explore Rabat comme un conte de f\u00e9es et r\u00eave sans limites.  Ce livre, inspir\u00e9 de la passion de l\u2019auteure pour le Maroc, te fera rire, r\u00e9fl\u00e9chir et te donnera envie de d\u00e9ployer tes ailes pour des aventures inoubliables.","og_url":"https:\/\/letrame.com\/catalogo\/producto\/hanae-la-mouette\/","og_site_name":"Catalogo | Letrame Grupo Editorial","article_modified_time":"2026-05-15T06:42:41+00:00","og_image":[{"width":638,"height":921,"url":"https:\/\/letrame.com\/catalogo\/wp-content\/uploads\/2026\/05\/XXhannaelamoutte_527mm4.jpg","type":"image\/jpeg"}],"twitter_card":"summary_large_image","twitter_misc":{"Tiempo de lectura":"2 minutos"},"schema":{"@context":"https:\/\/schema.org","@graph":[{"@type":"WebPage","@id":"https:\/\/letrame.com\/catalogo\/producto\/hanae-la-mouette\/","url":"https:\/\/letrame.com\/catalogo\/producto\/hanae-la-mouette\/","name":"Hanae. La Mouette - Catalogo | Letrame Grupo Editorial","isPartOf":{"@id":"https:\/\/letrame.com\/catalogo\/#website"},"primaryImageOfPage":{"@id":"https:\/\/letrame.com\/catalogo\/producto\/hanae-la-mouette\/#primaryimage"},"image":{"@id":"https:\/\/letrame.com\/catalogo\/producto\/hanae-la-mouette\/#primaryimage"},"thumbnailUrl":"https:\/\/letrame.com\/catalogo\/wp-content\/uploads\/2026\/05\/XXhannaelamoutte_527mm4.jpg","datePublished":"2026-05-15T06:42:00+00:00","dateModified":"2026-05-15T06:42:41+00:00","breadcrumb":{"@id":"https:\/\/letrame.com\/catalogo\/producto\/hanae-la-mouette\/#breadcrumb"},"inLanguage":"es","potentialAction":[{"@type":"ReadAction","target":["https:\/\/letrame.com\/catalogo\/producto\/hanae-la-mouette\/"]}]},{"@type":"ImageObject","inLanguage":"es","@id":"https:\/\/letrame.com\/catalogo\/producto\/hanae-la-mouette\/#primaryimage","url":"https:\/\/letrame.com\/catalogo\/wp-content\/uploads\/2026\/05\/XXhannaelamoutte_527mm4.jpg","contentUrl":"https:\/\/letrame.com\/catalogo\/wp-content\/uploads\/2026\/05\/XXhannaelamoutte_527mm4.jpg","width":638,"height":921},{"@type":"BreadcrumbList","@id":"https:\/\/letrame.com\/catalogo\/producto\/hanae-la-mouette\/#breadcrumb","itemListElement":[{"@type":"ListItem","position":1,"name":"Portada","item":"https:\/\/letrame.com\/catalogo\/"},{"@type":"ListItem","position":2,"name":"Cat\u00e1logo","item":"https:\/\/letrame.com\/catalogo\/"},{"@type":"ListItem","position":3,"name":"Hanae. La Mouette"}]},{"@type":"WebSite","@id":"https:\/\/letrame.com\/catalogo\/#website","url":"https:\/\/letrame.com\/catalogo\/","name":"Catalogo | Letrame Grupo Editorial","description":"","publisher":{"@id":"https:\/\/letrame.com\/catalogo\/#organization"},"potentialAction":[{"@type":"SearchAction","target":{"@type":"EntryPoint","urlTemplate":"https:\/\/letrame.com\/catalogo\/?s={search_term_string}"},"query-input":{"@type":"PropertyValueSpecification","valueRequired":true,"valueName":"search_term_string"}}],"inLanguage":"es"},{"@type":"Organization","@id":"https:\/\/letrame.com\/catalogo\/#organization","name":"Catalogo | Letrame Grupo Editorial","url":"https:\/\/letrame.com\/catalogo\/","logo":{"@type":"ImageObject","inLanguage":"es","@id":"https:\/\/letrame.com\/catalogo\/#\/schema\/logo\/image\/","url":"https:\/\/letrame.com\/catalogo\/wp-content\/uploads\/2024\/03\/logo2.webp","contentUrl":"https:\/\/letrame.com\/catalogo\/wp-content\/uploads\/2024\/03\/logo2.webp","width":394,"height":128,"caption":"Catalogo | Letrame Grupo Editorial"},"image":{"@id":"https:\/\/letrame.com\/catalogo\/#\/schema\/logo\/image\/"}}]}},"_links":{"self":[{"href":"https:\/\/letrame.com\/catalogo\/wp-json\/wp\/v2\/product\/112761","targetHints":{"allow":["GET"]}}],"collection":[{"href":"https:\/\/letrame.com\/catalogo\/wp-json\/wp\/v2\/product"}],"about":[{"href":"https:\/\/letrame.com\/catalogo\/wp-json\/wp\/v2\/types\/product"}],"replies":[{"embeddable":true,"href":"https:\/\/letrame.com\/catalogo\/wp-json\/wp\/v2\/comments?post=112761"}],"acf:post":[{"embeddable":true,"href":"https:\/\/letrame.com\/catalogo\/wp-json\/wp\/v2\/author_book\/107236"}],"wp:featuredmedia":[{"embeddable":true,"href":"https:\/\/letrame.com\/catalogo\/wp-json\/wp\/v2\/media\/112762"}],"wp:attachment":[{"href":"https:\/\/letrame.com\/catalogo\/wp-json\/wp\/v2\/media?parent=112761"}],"wp:term":[{"taxonomy":"libro","embeddable":true,"href":"https:\/\/letrame.com\/catalogo\/wp-json\/wp\/v2\/libro?post=112761"},{"taxonomy":"product_brand","embeddable":true,"href":"https:\/\/letrame.com\/catalogo\/wp-json\/wp\/v2\/product_brand?post=112761"},{"taxonomy":"product_cat","embeddable":true,"href":"https:\/\/letrame.com\/catalogo\/wp-json\/wp\/v2\/product_cat?post=112761"},{"taxonomy":"product_tag","embeddable":true,"href":"https:\/\/letrame.com\/catalogo\/wp-json\/wp\/v2\/product_tag?post=112761"}],"curies":[{"name":"wp","href":"https:\/\/api.w.org\/{rel}","templated":true}]}}