{"id":112726,"date":"2026-05-13T12:29:42","date_gmt":"2026-05-13T10:29:42","guid":{"rendered":"https:\/\/letrame.com\/catalogo\/?post_type=product&#038;p=112726"},"modified":"2026-05-13T12:29:42","modified_gmt":"2026-05-13T10:29:42","slug":"la-promesa-del-escorpion","status":"publish","type":"product","link":"https:\/\/letrame.com\/catalogo\/producto\/la-promesa-del-escorpion\/","title":{"rendered":"La promesa del escorpi\u00f3n"},"content":{"rendered":"<p><strong>ISBN: 9791370544768<\/strong><br \/>\n<strong>T\u00edtulo: La promesa del escorpi\u00f3n<\/strong><br \/>\n<strong>Fecha: 2026<\/strong><br \/>\n<strong>P\u00e1ginas: 432<\/strong><\/p>\n<p><strong>SINOPSIS<\/strong><\/p>\n<p data-start=\"0\" data-end=\"191\">En el municipio de <span class=\"hover:entity-accent entity-underline inline cursor-pointer align-baseline\"><span class=\"whitespace-normal\">Andes<\/span><\/span>, donde las monta\u00f1as se curvan como el aguij\u00f3n de un escorpi\u00f3n, el amor no es un puerto seguro, sino una tempestad que exige redenci\u00f3n.<\/p>\n<p data-start=\"193\" data-end=\"592\">Francisco es un esp\u00edritu ind\u00f3mito. Marcado desde los doce a\u00f1os por la rebeld\u00eda contra un padre autoritario y un sistema educativo opresor, huy\u00f3 de su hogar para forjarse a pulso en las haciendas cafeteras y los negocios de la bohemia. Tras a\u00f1os de deambular entre el \u00e9xito empresarial del \u201cCaf\u00e9 y Librer\u00eda\u201d y el abismo del licor y el juego, solo cuenta con una certeza: su coraz\u00f3n pertenece a Mar\u00eda.<\/p>\n<p data-start=\"594\" data-end=\"1019\">Mar\u00eda es la encarnaci\u00f3n de la prudencia y la lealtad familiar, una mujer atrapada en los convencionalismos de una sociedad que juzga cada paso. Comprometida con un hombre que representa la estabilidad, se ve obligada a elegir entre el camino trazado por sus padres o el latido feroz de un sentimiento que cre\u00eda dormido. Su lucha no es solo contra el mundo, sino contra la culpa y el miedo a romper las cadenas de la sumisi\u00f3n.<\/p>\n<p data-start=\"1021\" data-end=\"1453\">A trav\u00e9s de d\u00e9cadas de encuentros y desencuentros \u2014desde la infancia en la plaza mayor hasta el exilio emocional\u2014, Francisco y Mar\u00eda protagonizan una historia \u00e9pica de resistencia. Entre el aroma del caf\u00e9 reci\u00e9n hecho, el murmullo de las fuentes y el juicio implacable de un pueblo de monta\u00f1a, ambos deber\u00e1n enfrentar sus propios demonios para demostrar que la verdadera libertad se encuentra en los ojos de quien nos llama \u00abhogar\u00bb.<\/p>\n<p data-start=\"1455\" data-end=\"1837\" data-is-last-node=\"\" data-is-only-node=\"\">\u00bfPodr\u00e1 un pasado de sombras eclipsar la luz de un compromiso eterno? <em data-start=\"1524\" data-end=\"1550\">La Promesa del Escorpi\u00f3n<\/em>, representada en los senderos de esa madeja del azar en aquel pueblo de monta\u00f1a con forma de escorpi\u00f3n, es un viaje literario por la geograf\u00eda del alma; un tributo a la resiliencia y una prueba de que, cuando el azar decide tejer dos vidas, no hay fuerza humana capaz de romper el hilo.<\/p>\n","protected":false},"excerpt":{"rendered":"<p><strong>ISBN: 9791370544768<\/strong><br \/>\n<strong>T\u00edtulo: La promesa del escorpi\u00f3n<\/strong><br \/>\n<strong>Fecha: 2026<\/strong><br \/>\n<strong>P\u00e1ginas: 432<\/strong><\/p>\n<p><strong>SINOPSIS<\/strong><\/p>\n<p data-start=\"0\" data-end=\"191\">En el municipio de <span class=\"hover:entity-accent entity-underline inline cursor-pointer align-baseline\"><span class=\"whitespace-normal\">Andes<\/span><\/span>, donde las monta\u00f1as se curvan como el aguij\u00f3n de un escorpi\u00f3n, el amor no es un puerto seguro, sino una tempestad que exige redenci\u00f3n.<\/p>\n<p data-start=\"193\" data-end=\"592\">Francisco es un esp\u00edritu ind\u00f3mito. Marcado desde los doce a\u00f1os por la rebeld\u00eda contra un padre autoritario y un sistema educativo opresor, huy\u00f3 de su hogar para forjarse a pulso en las haciendas cafeteras y los negocios de la bohemia. Tras a\u00f1os de deambular entre el \u00e9xito empresarial del \u201cCaf\u00e9 y Librer\u00eda\u201d y el abismo del licor y el juego, solo cuenta con una certeza: su coraz\u00f3n pertenece a Mar\u00eda.<\/p>\n<p data-start=\"594\" data-end=\"1019\">Mar\u00eda es la encarnaci\u00f3n de la prudencia y la lealtad familiar, una mujer atrapada en los convencionalismos de una sociedad que juzga cada paso. Comprometida con un hombre que representa la estabilidad, se ve obligada a elegir entre el camino trazado por sus padres o el latido feroz de un sentimiento que cre\u00eda dormido. Su lucha no es solo contra el mundo, sino contra la culpa y el miedo a romper las cadenas de la sumisi\u00f3n.<\/p>\n<p data-start=\"1021\" data-end=\"1453\">A trav\u00e9s de d\u00e9cadas de encuentros y desencuentros \u2014desde la infancia en la plaza mayor hasta el exilio emocional\u2014, Francisco y Mar\u00eda protagonizan una historia \u00e9pica de resistencia. Entre el aroma del caf\u00e9 reci\u00e9n hecho, el murmullo de las fuentes y el juicio implacable de un pueblo de monta\u00f1a, ambos deber\u00e1n enfrentar sus propios demonios para demostrar que la verdadera libertad se encuentra en los ojos de quien nos llama \u00abhogar\u00bb.<\/p>\n<p data-start=\"1455\" data-end=\"1837\" data-is-last-node=\"\" data-is-only-node=\"\">\u00bfPodr\u00e1 un pasado de sombras eclipsar la luz de un compromiso eterno? <em data-start=\"1524\" data-end=\"1550\">La Promesa del Escorpi\u00f3n<\/em>, representada en los senderos de esa madeja del azar en aquel pueblo de monta\u00f1a con forma de escorpi\u00f3n, es un viaje literario por la geograf\u00eda del alma; un tributo a la resiliencia y una prueba de que, cuando el azar decide tejer dos vidas, no hay fuerza humana capaz de romper el hilo.<\/p>\n","protected":false},"featured_media":112730,"comment_status":"open","ping_status":"closed","template":"","meta":{"_acf_changed":false},"libro":[],"product_brand":[],"product_cat":[136],"product_tag":[],"class_list":{"0":"post-112726","1":"product","2":"type-product","3":"status-publish","4":"has-post-thumbnail","6":"product_cat-realismo-magico","8":"first","9":"instock","10":"shipping-taxable","11":"product-type-simple"},"acf":{"autor":[112727],"enlace_de_compra":""},"yoast_head":"<!-- This site is optimized with the Yoast SEO plugin v27.4 - https:\/\/yoast.com\/product\/yoast-seo-wordpress\/ -->\n<title>La promesa del escorpi\u00f3n - Catalogo | Letrame Grupo Editorial<\/title>\n<meta name=\"robots\" content=\"index, follow, max-snippet:-1, max-image-preview:large, max-video-preview:-1\" \/>\n<link rel=\"canonical\" href=\"https:\/\/letrame.com\/catalogo\/producto\/la-promesa-del-escorpion\/\" \/>\n<meta property=\"og:locale\" content=\"es_ES\" \/>\n<meta property=\"og:type\" content=\"article\" \/>\n<meta property=\"og:title\" content=\"La promesa del escorpi\u00f3n - Catalogo | Letrame Grupo Editorial\" \/>\n<meta property=\"og:description\" content=\"ISBN: 9791370544768 T\u00edtulo: La promesa del escorpi\u00f3n Fecha: 2026 P\u00e1ginas: 432  SINOPSIS En el municipio de Andes, donde las monta\u00f1as se curvan como el aguij\u00f3n de un escorpi\u00f3n, el amor no es un puerto seguro, sino una tempestad que exige redenci\u00f3n. Francisco es un esp\u00edritu ind\u00f3mito. Marcado desde los doce a\u00f1os por la rebeld\u00eda contra un padre autoritario y un sistema educativo opresor, huy\u00f3 de su hogar para forjarse a pulso en las haciendas cafeteras y los negocios de la bohemia. Tras a\u00f1os de deambular entre el \u00e9xito empresarial del \u201cCaf\u00e9 y Librer\u00eda\u201d y el abismo del licor y el juego, solo cuenta con una certeza: su coraz\u00f3n pertenece a Mar\u00eda. Mar\u00eda es la encarnaci\u00f3n de la prudencia y la lealtad familiar, una mujer atrapada en los convencionalismos de una sociedad que juzga cada paso. Comprometida con un hombre que representa la estabilidad, se ve obligada a elegir entre el camino trazado por sus padres o el latido feroz de un sentimiento que cre\u00eda dormido. Su lucha no es solo contra el mundo, sino contra la culpa y el miedo a romper las cadenas de la sumisi\u00f3n. A trav\u00e9s de d\u00e9cadas de encuentros y desencuentros \u2014desde la infancia en la plaza mayor hasta el exilio emocional\u2014, Francisco y Mar\u00eda protagonizan una historia \u00e9pica de resistencia. Entre el aroma del caf\u00e9 reci\u00e9n hecho, el murmullo de las fuentes y el juicio implacable de un pueblo de monta\u00f1a, ambos deber\u00e1n enfrentar sus propios demonios para demostrar que la verdadera libertad se encuentra en los ojos de quien nos llama \u00abhogar\u00bb. \u00bfPodr\u00e1 un pasado de sombras eclipsar la luz de un compromiso eterno? La Promesa del Escorpi\u00f3n, representada en los senderos de esa madeja del azar en aquel pueblo de monta\u00f1a con forma de escorpi\u00f3n, es un viaje literario por la geograf\u00eda del alma; un tributo a la resiliencia y una prueba de que, cuando el azar decide tejer dos vidas, no hay fuerza humana capaz de romper el hilo.\" \/>\n<meta property=\"og:url\" content=\"https:\/\/letrame.com\/catalogo\/producto\/la-promesa-del-escorpion\/\" \/>\n<meta property=\"og:site_name\" content=\"Catalogo | Letrame Grupo Editorial\" \/>\n<meta property=\"og:image\" content=\"https:\/\/letrame.com\/catalogo\/wp-content\/uploads\/2026\/05\/lapromesadelescorpion_2125mm4.jpg\" \/>\n\t<meta property=\"og:image:width\" content=\"827\" \/>\n\t<meta property=\"og:image:height\" content=\"1268\" \/>\n\t<meta property=\"og:image:type\" content=\"image\/jpeg\" \/>\n<meta name=\"twitter:card\" content=\"summary_large_image\" \/>\n<meta name=\"twitter:label1\" content=\"Tiempo de lectura\" \/>\n\t<meta name=\"twitter:data1\" content=\"2 minutos\" \/>\n<script type=\"application\/ld+json\" class=\"yoast-schema-graph\">{\"@context\":\"https:\\\/\\\/schema.org\",\"@graph\":[{\"@type\":\"WebPage\",\"@id\":\"https:\\\/\\\/letrame.com\\\/catalogo\\\/producto\\\/la-promesa-del-escorpion\\\/\",\"url\":\"https:\\\/\\\/letrame.com\\\/catalogo\\\/producto\\\/la-promesa-del-escorpion\\\/\",\"name\":\"La promesa del escorpi\u00f3n - Catalogo | Letrame Grupo Editorial\",\"isPartOf\":{\"@id\":\"https:\\\/\\\/letrame.com\\\/catalogo\\\/#website\"},\"primaryImageOfPage\":{\"@id\":\"https:\\\/\\\/letrame.com\\\/catalogo\\\/producto\\\/la-promesa-del-escorpion\\\/#primaryimage\"},\"image\":{\"@id\":\"https:\\\/\\\/letrame.com\\\/catalogo\\\/producto\\\/la-promesa-del-escorpion\\\/#primaryimage\"},\"thumbnailUrl\":\"https:\\\/\\\/letrame.com\\\/catalogo\\\/wp-content\\\/uploads\\\/2026\\\/05\\\/lapromesadelescorpion_2125mm4.jpg\",\"datePublished\":\"2026-05-13T10:29:42+00:00\",\"breadcrumb\":{\"@id\":\"https:\\\/\\\/letrame.com\\\/catalogo\\\/producto\\\/la-promesa-del-escorpion\\\/#breadcrumb\"},\"inLanguage\":\"es\",\"potentialAction\":[{\"@type\":\"ReadAction\",\"target\":[\"https:\\\/\\\/letrame.com\\\/catalogo\\\/producto\\\/la-promesa-del-escorpion\\\/\"]}]},{\"@type\":\"ImageObject\",\"inLanguage\":\"es\",\"@id\":\"https:\\\/\\\/letrame.com\\\/catalogo\\\/producto\\\/la-promesa-del-escorpion\\\/#primaryimage\",\"url\":\"https:\\\/\\\/letrame.com\\\/catalogo\\\/wp-content\\\/uploads\\\/2026\\\/05\\\/lapromesadelescorpion_2125mm4.jpg\",\"contentUrl\":\"https:\\\/\\\/letrame.com\\\/catalogo\\\/wp-content\\\/uploads\\\/2026\\\/05\\\/lapromesadelescorpion_2125mm4.jpg\",\"width\":827,\"height\":1268},{\"@type\":\"BreadcrumbList\",\"@id\":\"https:\\\/\\\/letrame.com\\\/catalogo\\\/producto\\\/la-promesa-del-escorpion\\\/#breadcrumb\",\"itemListElement\":[{\"@type\":\"ListItem\",\"position\":1,\"name\":\"Portada\",\"item\":\"https:\\\/\\\/letrame.com\\\/catalogo\\\/\"},{\"@type\":\"ListItem\",\"position\":2,\"name\":\"Cat\u00e1logo\",\"item\":\"https:\\\/\\\/letrame.com\\\/catalogo\\\/\"},{\"@type\":\"ListItem\",\"position\":3,\"name\":\"La promesa del escorpi\u00f3n\"}]},{\"@type\":\"WebSite\",\"@id\":\"https:\\\/\\\/letrame.com\\\/catalogo\\\/#website\",\"url\":\"https:\\\/\\\/letrame.com\\\/catalogo\\\/\",\"name\":\"Catalogo | Letrame Grupo Editorial\",\"description\":\"\",\"publisher\":{\"@id\":\"https:\\\/\\\/letrame.com\\\/catalogo\\\/#organization\"},\"potentialAction\":[{\"@type\":\"SearchAction\",\"target\":{\"@type\":\"EntryPoint\",\"urlTemplate\":\"https:\\\/\\\/letrame.com\\\/catalogo\\\/?s={search_term_string}\"},\"query-input\":{\"@type\":\"PropertyValueSpecification\",\"valueRequired\":true,\"valueName\":\"search_term_string\"}}],\"inLanguage\":\"es\"},{\"@type\":\"Organization\",\"@id\":\"https:\\\/\\\/letrame.com\\\/catalogo\\\/#organization\",\"name\":\"Catalogo | Letrame Grupo Editorial\",\"url\":\"https:\\\/\\\/letrame.com\\\/catalogo\\\/\",\"logo\":{\"@type\":\"ImageObject\",\"inLanguage\":\"es\",\"@id\":\"https:\\\/\\\/letrame.com\\\/catalogo\\\/#\\\/schema\\\/logo\\\/image\\\/\",\"url\":\"https:\\\/\\\/letrame.com\\\/catalogo\\\/wp-content\\\/uploads\\\/2024\\\/03\\\/logo2.webp\",\"contentUrl\":\"https:\\\/\\\/letrame.com\\\/catalogo\\\/wp-content\\\/uploads\\\/2024\\\/03\\\/logo2.webp\",\"width\":394,\"height\":128,\"caption\":\"Catalogo | Letrame Grupo Editorial\"},\"image\":{\"@id\":\"https:\\\/\\\/letrame.com\\\/catalogo\\\/#\\\/schema\\\/logo\\\/image\\\/\"}}]}<\/script>\n<!-- \/ Yoast SEO plugin. -->","yoast_head_json":{"title":"La promesa del escorpi\u00f3n - Catalogo | Letrame Grupo Editorial","robots":{"index":"index","follow":"follow","max-snippet":"max-snippet:-1","max-image-preview":"max-image-preview:large","max-video-preview":"max-video-preview:-1"},"canonical":"https:\/\/letrame.com\/catalogo\/producto\/la-promesa-del-escorpion\/","og_locale":"es_ES","og_type":"article","og_title":"La promesa del escorpi\u00f3n - Catalogo | Letrame Grupo Editorial","og_description":"ISBN: 9791370544768 T\u00edtulo: La promesa del escorpi\u00f3n Fecha: 2026 P\u00e1ginas: 432  SINOPSIS En el municipio de Andes, donde las monta\u00f1as se curvan como el aguij\u00f3n de un escorpi\u00f3n, el amor no es un puerto seguro, sino una tempestad que exige redenci\u00f3n. Francisco es un esp\u00edritu ind\u00f3mito. Marcado desde los doce a\u00f1os por la rebeld\u00eda contra un padre autoritario y un sistema educativo opresor, huy\u00f3 de su hogar para forjarse a pulso en las haciendas cafeteras y los negocios de la bohemia. Tras a\u00f1os de deambular entre el \u00e9xito empresarial del \u201cCaf\u00e9 y Librer\u00eda\u201d y el abismo del licor y el juego, solo cuenta con una certeza: su coraz\u00f3n pertenece a Mar\u00eda. Mar\u00eda es la encarnaci\u00f3n de la prudencia y la lealtad familiar, una mujer atrapada en los convencionalismos de una sociedad que juzga cada paso. Comprometida con un hombre que representa la estabilidad, se ve obligada a elegir entre el camino trazado por sus padres o el latido feroz de un sentimiento que cre\u00eda dormido. Su lucha no es solo contra el mundo, sino contra la culpa y el miedo a romper las cadenas de la sumisi\u00f3n. A trav\u00e9s de d\u00e9cadas de encuentros y desencuentros \u2014desde la infancia en la plaza mayor hasta el exilio emocional\u2014, Francisco y Mar\u00eda protagonizan una historia \u00e9pica de resistencia. Entre el aroma del caf\u00e9 reci\u00e9n hecho, el murmullo de las fuentes y el juicio implacable de un pueblo de monta\u00f1a, ambos deber\u00e1n enfrentar sus propios demonios para demostrar que la verdadera libertad se encuentra en los ojos de quien nos llama \u00abhogar\u00bb. \u00bfPodr\u00e1 un pasado de sombras eclipsar la luz de un compromiso eterno? La Promesa del Escorpi\u00f3n, representada en los senderos de esa madeja del azar en aquel pueblo de monta\u00f1a con forma de escorpi\u00f3n, es un viaje literario por la geograf\u00eda del alma; un tributo a la resiliencia y una prueba de que, cuando el azar decide tejer dos vidas, no hay fuerza humana capaz de romper el hilo.","og_url":"https:\/\/letrame.com\/catalogo\/producto\/la-promesa-del-escorpion\/","og_site_name":"Catalogo | Letrame Grupo Editorial","og_image":[{"width":827,"height":1268,"url":"https:\/\/letrame.com\/catalogo\/wp-content\/uploads\/2026\/05\/lapromesadelescorpion_2125mm4.jpg","type":"image\/jpeg"}],"twitter_card":"summary_large_image","twitter_misc":{"Tiempo de lectura":"2 minutos"},"schema":{"@context":"https:\/\/schema.org","@graph":[{"@type":"WebPage","@id":"https:\/\/letrame.com\/catalogo\/producto\/la-promesa-del-escorpion\/","url":"https:\/\/letrame.com\/catalogo\/producto\/la-promesa-del-escorpion\/","name":"La promesa del escorpi\u00f3n - Catalogo | Letrame Grupo Editorial","isPartOf":{"@id":"https:\/\/letrame.com\/catalogo\/#website"},"primaryImageOfPage":{"@id":"https:\/\/letrame.com\/catalogo\/producto\/la-promesa-del-escorpion\/#primaryimage"},"image":{"@id":"https:\/\/letrame.com\/catalogo\/producto\/la-promesa-del-escorpion\/#primaryimage"},"thumbnailUrl":"https:\/\/letrame.com\/catalogo\/wp-content\/uploads\/2026\/05\/lapromesadelescorpion_2125mm4.jpg","datePublished":"2026-05-13T10:29:42+00:00","breadcrumb":{"@id":"https:\/\/letrame.com\/catalogo\/producto\/la-promesa-del-escorpion\/#breadcrumb"},"inLanguage":"es","potentialAction":[{"@type":"ReadAction","target":["https:\/\/letrame.com\/catalogo\/producto\/la-promesa-del-escorpion\/"]}]},{"@type":"ImageObject","inLanguage":"es","@id":"https:\/\/letrame.com\/catalogo\/producto\/la-promesa-del-escorpion\/#primaryimage","url":"https:\/\/letrame.com\/catalogo\/wp-content\/uploads\/2026\/05\/lapromesadelescorpion_2125mm4.jpg","contentUrl":"https:\/\/letrame.com\/catalogo\/wp-content\/uploads\/2026\/05\/lapromesadelescorpion_2125mm4.jpg","width":827,"height":1268},{"@type":"BreadcrumbList","@id":"https:\/\/letrame.com\/catalogo\/producto\/la-promesa-del-escorpion\/#breadcrumb","itemListElement":[{"@type":"ListItem","position":1,"name":"Portada","item":"https:\/\/letrame.com\/catalogo\/"},{"@type":"ListItem","position":2,"name":"Cat\u00e1logo","item":"https:\/\/letrame.com\/catalogo\/"},{"@type":"ListItem","position":3,"name":"La promesa del escorpi\u00f3n"}]},{"@type":"WebSite","@id":"https:\/\/letrame.com\/catalogo\/#website","url":"https:\/\/letrame.com\/catalogo\/","name":"Catalogo | Letrame Grupo Editorial","description":"","publisher":{"@id":"https:\/\/letrame.com\/catalogo\/#organization"},"potentialAction":[{"@type":"SearchAction","target":{"@type":"EntryPoint","urlTemplate":"https:\/\/letrame.com\/catalogo\/?s={search_term_string}"},"query-input":{"@type":"PropertyValueSpecification","valueRequired":true,"valueName":"search_term_string"}}],"inLanguage":"es"},{"@type":"Organization","@id":"https:\/\/letrame.com\/catalogo\/#organization","name":"Catalogo | Letrame Grupo Editorial","url":"https:\/\/letrame.com\/catalogo\/","logo":{"@type":"ImageObject","inLanguage":"es","@id":"https:\/\/letrame.com\/catalogo\/#\/schema\/logo\/image\/","url":"https:\/\/letrame.com\/catalogo\/wp-content\/uploads\/2024\/03\/logo2.webp","contentUrl":"https:\/\/letrame.com\/catalogo\/wp-content\/uploads\/2024\/03\/logo2.webp","width":394,"height":128,"caption":"Catalogo | Letrame Grupo Editorial"},"image":{"@id":"https:\/\/letrame.com\/catalogo\/#\/schema\/logo\/image\/"}}]}},"_links":{"self":[{"href":"https:\/\/letrame.com\/catalogo\/wp-json\/wp\/v2\/product\/112726","targetHints":{"allow":["GET"]}}],"collection":[{"href":"https:\/\/letrame.com\/catalogo\/wp-json\/wp\/v2\/product"}],"about":[{"href":"https:\/\/letrame.com\/catalogo\/wp-json\/wp\/v2\/types\/product"}],"replies":[{"embeddable":true,"href":"https:\/\/letrame.com\/catalogo\/wp-json\/wp\/v2\/comments?post=112726"}],"acf:post":[{"embeddable":true,"href":"https:\/\/letrame.com\/catalogo\/wp-json\/wp\/v2\/author_book\/112727"}],"wp:featuredmedia":[{"embeddable":true,"href":"https:\/\/letrame.com\/catalogo\/wp-json\/wp\/v2\/media\/112730"}],"wp:attachment":[{"href":"https:\/\/letrame.com\/catalogo\/wp-json\/wp\/v2\/media?parent=112726"}],"wp:term":[{"taxonomy":"libro","embeddable":true,"href":"https:\/\/letrame.com\/catalogo\/wp-json\/wp\/v2\/libro?post=112726"},{"taxonomy":"product_brand","embeddable":true,"href":"https:\/\/letrame.com\/catalogo\/wp-json\/wp\/v2\/product_brand?post=112726"},{"taxonomy":"product_cat","embeddable":true,"href":"https:\/\/letrame.com\/catalogo\/wp-json\/wp\/v2\/product_cat?post=112726"},{"taxonomy":"product_tag","embeddable":true,"href":"https:\/\/letrame.com\/catalogo\/wp-json\/wp\/v2\/product_tag?post=112726"}],"curies":[{"name":"wp","href":"https:\/\/api.w.org\/{rel}","templated":true}]}}