{"id":112712,"date":"2026-05-13T09:28:26","date_gmt":"2026-05-13T07:28:26","guid":{"rendered":"https:\/\/letrame.com\/catalogo\/?post_type=product&#038;p=112712"},"modified":"2026-05-13T09:28:26","modified_gmt":"2026-05-13T07:28:26","slug":"la-arquitectura-del-cosmos","status":"publish","type":"product","link":"https:\/\/letrame.com\/catalogo\/producto\/la-arquitectura-del-cosmos\/","title":{"rendered":"La arquitectura del cosmos"},"content":{"rendered":"<p><strong>ISBN: 9791370295059<\/strong><br \/>\n<strong>T\u00edtulo: La arquitectura del cosmos<\/strong><br \/>\n<strong>Fecha: 2025<\/strong><br \/>\n<strong>P\u00e1ginas: 220<\/strong><\/p>\n<p><strong>SINOPSIS<\/strong><\/p>\n<p data-start=\"0\" data-end=\"230\">En el mundo moderno, muchos tachan de irracional a quien ve en el universo se\u00f1ales de un ajuste tan preciso que sugiere un acto de creaci\u00f3n. Sin embargo, en la antig\u00fcedad, ya los presocr\u00e1ticos se preguntaban por el origen de todo.<\/p>\n<p data-start=\"232\" data-end=\"536\">Desde <span class=\"hover:entity-accent entity-underline inline cursor-pointer align-baseline\"><span class=\"whitespace-normal\">Tales de Mileto<\/span><\/span>, <span class=\"hover:entity-accent entity-underline inline cursor-pointer align-baseline\"><span class=\"whitespace-normal\">Anaximandro<\/span><\/span>, <span class=\"hover:entity-accent entity-underline inline cursor-pointer align-baseline\"><span class=\"whitespace-normal\">Anax\u00edmenes<\/span><\/span>, <span class=\"hover:entity-accent entity-underline inline cursor-pointer align-baseline\"><span class=\"whitespace-normal\">Her\u00e1clito de \u00c9feso<\/span><\/span> hasta <span class=\"hover:entity-accent entity-underline inline cursor-pointer align-baseline\"><span class=\"whitespace-normal\">Pit\u00e1goras<\/span><\/span>, todos ellos se hac\u00edan preguntas sobre la g\u00e9nesis del universo y sus respuestas eran sorprendentes.<\/p>\n<p data-start=\"538\" data-end=\"775\">Su actividad era pensar: hac\u00edan filosof\u00eda o filosofaban para buscar las respuestas a todo lo que nos rodea. Incluso <span class=\"hover:entity-accent entity-underline inline cursor-pointer align-baseline\"><span class=\"whitespace-normal\">Arist\u00f3teles<\/span><\/span>, convencido de la eternidad del cosmos, no renunci\u00f3 a la idea de una causa primera.<\/p>\n<p data-start=\"777\" data-end=\"952\">\u00bfEran irracionales por atreverse a pensar con esa profundidad? \u00bfLo es hoy quien se pregunta si el ajuste fino de las constantes de la naturaleza apunta a algo m\u00e1s que al azar?<\/p>\n<p data-start=\"954\" data-end=\"1287\">Este libro conduce al lector al coraz\u00f3n de ese misterio: la asombrosa precisi\u00f3n con que las constantes fundamentales permiten la vida. Con ejemplos claros y rigurosos, se expone por qu\u00e9 una m\u00ednima variaci\u00f3n en la gravedad, en la magnitud de la fuerza electromagn\u00e9tica o en la constante cosmol\u00f3gica har\u00eda imposible nuestra existencia.<\/p>\n<p data-start=\"1289\" data-end=\"1480\" data-is-last-node=\"\" data-is-only-node=\"\">Un recorrido breve, desafiante y cautivador, donde la ciencia moderna y las grandes preguntas humanas se encuentran, abriendo la puerta a uno de los debates m\u00e1s fascinantes de nuestro tiempo.<\/p>\n","protected":false},"excerpt":{"rendered":"<p><strong>ISBN: 9791370295059<\/strong><\/p>\n<p><strong>SINOPSIS<\/strong><\/p>\n<p data-start=\"0\" data-end=\"230\">En el mundo moderno, muchos tachan de irracional a quien ve en el universo se\u00f1ales de un ajuste tan preciso que sugiere un acto de creaci\u00f3n. Sin embargo, en la antig\u00fcedad, ya los presocr\u00e1ticos se preguntaban por el origen de todo.<\/p>\n<p data-start=\"232\" data-end=\"536\">Desde <span class=\"hover:entity-accent entity-underline inline cursor-pointer align-baseline\"><span class=\"whitespace-normal\">Tales de Mileto<\/span><\/span>, <span class=\"hover:entity-accent entity-underline inline cursor-pointer align-baseline\"><span class=\"whitespace-normal\">Anaximandro<\/span><\/span>, <span class=\"hover:entity-accent entity-underline inline cursor-pointer align-baseline\"><span class=\"whitespace-normal\">Anax\u00edmenes<\/span><\/span>, <span class=\"hover:entity-accent entity-underline inline cursor-pointer align-baseline\"><span class=\"whitespace-normal\">Her\u00e1clito de \u00c9feso<\/span><\/span> hasta <span class=\"hover:entity-accent entity-underline inline cursor-pointer align-baseline\"><span class=\"whitespace-normal\">Pit\u00e1goras<\/span><\/span>, todos ellos se hac\u00edan preguntas sobre la g\u00e9nesis del universo y sus respuestas eran sorprendentes.<\/p>\n<p data-start=\"538\" data-end=\"775\">Su actividad era pensar: hac\u00edan filosof\u00eda o filosofaban para buscar las respuestas a todo lo que nos rodea. Incluso <span class=\"hover:entity-accent entity-underline inline cursor-pointer align-baseline\"><span class=\"whitespace-normal\">Arist\u00f3teles<\/span><\/span>, convencido de la eternidad del cosmos, no renunci\u00f3 a la idea de una causa primera.<\/p>\n<p data-start=\"777\" data-end=\"952\">\u00bfEran irracionales por atreverse a pensar con esa profundidad? \u00bfLo es hoy quien se pregunta si el ajuste fino de las constantes de la naturaleza apunta a algo m\u00e1s que al azar?<\/p>\n<p data-start=\"954\" data-end=\"1287\">Este libro conduce al lector al coraz\u00f3n de ese misterio: la asombrosa precisi\u00f3n con que las constantes fundamentales permiten la vida. Con ejemplos claros y rigurosos, se expone por qu\u00e9 una m\u00ednima variaci\u00f3n en la gravedad, en la magnitud de la fuerza electromagn\u00e9tica o en la constante cosmol\u00f3gica har\u00eda imposible nuestra existencia.<\/p>\n<p data-start=\"1289\" data-end=\"1480\" data-is-last-node=\"\" data-is-only-node=\"\">Un recorrido breve, desafiante y cautivador, donde la ciencia moderna y las grandes preguntas humanas se encuentran, abriendo la puerta a uno de los debates m\u00e1s fascinantes de nuestro tiempo.<\/p>\n","protected":false},"featured_media":112717,"comment_status":"open","ping_status":"closed","template":"","meta":{"_acf_changed":false},"libro":[],"product_brand":[],"product_cat":[125],"product_tag":[],"class_list":{"0":"post-112712","1":"product","2":"type-product","3":"status-publish","4":"has-post-thumbnail","6":"product_cat-fisica","8":"first","9":"instock","10":"shipping-taxable","11":"product-type-simple"},"acf":{"autor":[112713],"enlace_de_compra":""},"yoast_head":"<!-- This site is optimized with the Yoast SEO plugin v27.4 - https:\/\/yoast.com\/product\/yoast-seo-wordpress\/ -->\n<title>La arquitectura del cosmos - Catalogo | Letrame Grupo Editorial<\/title>\n<meta name=\"robots\" content=\"index, follow, max-snippet:-1, max-image-preview:large, max-video-preview:-1\" \/>\n<link rel=\"canonical\" href=\"https:\/\/letrame.com\/catalogo\/producto\/la-arquitectura-del-cosmos\/\" \/>\n<meta property=\"og:locale\" content=\"es_ES\" \/>\n<meta property=\"og:type\" content=\"article\" \/>\n<meta property=\"og:title\" content=\"La arquitectura del cosmos - Catalogo | Letrame Grupo Editorial\" \/>\n<meta property=\"og:description\" content=\"ISBN: 9791370295059  SINOPSIS En el mundo moderno, muchos tachan de irracional a quien ve en el universo se\u00f1ales de un ajuste tan preciso que sugiere un acto de creaci\u00f3n. Sin embargo, en la antig\u00fcedad, ya los presocr\u00e1ticos se preguntaban por el origen de todo. Desde Tales de Mileto, Anaximandro, Anax\u00edmenes, Her\u00e1clito de \u00c9feso hasta Pit\u00e1goras, todos ellos se hac\u00edan preguntas sobre la g\u00e9nesis del universo y sus respuestas eran sorprendentes. Su actividad era pensar: hac\u00edan filosof\u00eda o filosofaban para buscar las respuestas a todo lo que nos rodea. Incluso Arist\u00f3teles, convencido de la eternidad del cosmos, no renunci\u00f3 a la idea de una causa primera. \u00bfEran irracionales por atreverse a pensar con esa profundidad? \u00bfLo es hoy quien se pregunta si el ajuste fino de las constantes de la naturaleza apunta a algo m\u00e1s que al azar? Este libro conduce al lector al coraz\u00f3n de ese misterio: la asombrosa precisi\u00f3n con que las constantes fundamentales permiten la vida. Con ejemplos claros y rigurosos, se expone por qu\u00e9 una m\u00ednima variaci\u00f3n en la gravedad, en la magnitud de la fuerza electromagn\u00e9tica o en la constante cosmol\u00f3gica har\u00eda imposible nuestra existencia. Un recorrido breve, desafiante y cautivador, donde la ciencia moderna y las grandes preguntas humanas se encuentran, abriendo la puerta a uno de los debates m\u00e1s fascinantes de nuestro tiempo.\" \/>\n<meta property=\"og:url\" content=\"https:\/\/letrame.com\/catalogo\/producto\/la-arquitectura-del-cosmos\/\" \/>\n<meta property=\"og:site_name\" content=\"Catalogo | Letrame Grupo Editorial\" \/>\n<meta property=\"og:image\" content=\"https:\/\/letrame.com\/catalogo\/wp-content\/uploads\/2026\/05\/Laarquitectura_816mm4.jpg\" \/>\n\t<meta property=\"og:image:width\" content=\"827\" \/>\n\t<meta property=\"og:image:height\" content=\"1213\" \/>\n\t<meta property=\"og:image:type\" content=\"image\/jpeg\" \/>\n<meta name=\"twitter:card\" content=\"summary_large_image\" \/>\n<meta name=\"twitter:label1\" content=\"Tiempo de lectura\" \/>\n\t<meta name=\"twitter:data1\" content=\"2 minutos\" \/>\n<script type=\"application\/ld+json\" class=\"yoast-schema-graph\">{\"@context\":\"https:\\\/\\\/schema.org\",\"@graph\":[{\"@type\":\"WebPage\",\"@id\":\"https:\\\/\\\/letrame.com\\\/catalogo\\\/producto\\\/la-arquitectura-del-cosmos\\\/\",\"url\":\"https:\\\/\\\/letrame.com\\\/catalogo\\\/producto\\\/la-arquitectura-del-cosmos\\\/\",\"name\":\"La arquitectura del cosmos - Catalogo | Letrame Grupo Editorial\",\"isPartOf\":{\"@id\":\"https:\\\/\\\/letrame.com\\\/catalogo\\\/#website\"},\"primaryImageOfPage\":{\"@id\":\"https:\\\/\\\/letrame.com\\\/catalogo\\\/producto\\\/la-arquitectura-del-cosmos\\\/#primaryimage\"},\"image\":{\"@id\":\"https:\\\/\\\/letrame.com\\\/catalogo\\\/producto\\\/la-arquitectura-del-cosmos\\\/#primaryimage\"},\"thumbnailUrl\":\"https:\\\/\\\/letrame.com\\\/catalogo\\\/wp-content\\\/uploads\\\/2026\\\/05\\\/Laarquitectura_816mm4.jpg\",\"datePublished\":\"2026-05-13T07:28:26+00:00\",\"breadcrumb\":{\"@id\":\"https:\\\/\\\/letrame.com\\\/catalogo\\\/producto\\\/la-arquitectura-del-cosmos\\\/#breadcrumb\"},\"inLanguage\":\"es\",\"potentialAction\":[{\"@type\":\"ReadAction\",\"target\":[\"https:\\\/\\\/letrame.com\\\/catalogo\\\/producto\\\/la-arquitectura-del-cosmos\\\/\"]}]},{\"@type\":\"ImageObject\",\"inLanguage\":\"es\",\"@id\":\"https:\\\/\\\/letrame.com\\\/catalogo\\\/producto\\\/la-arquitectura-del-cosmos\\\/#primaryimage\",\"url\":\"https:\\\/\\\/letrame.com\\\/catalogo\\\/wp-content\\\/uploads\\\/2026\\\/05\\\/Laarquitectura_816mm4.jpg\",\"contentUrl\":\"https:\\\/\\\/letrame.com\\\/catalogo\\\/wp-content\\\/uploads\\\/2026\\\/05\\\/Laarquitectura_816mm4.jpg\",\"width\":827,\"height\":1213},{\"@type\":\"BreadcrumbList\",\"@id\":\"https:\\\/\\\/letrame.com\\\/catalogo\\\/producto\\\/la-arquitectura-del-cosmos\\\/#breadcrumb\",\"itemListElement\":[{\"@type\":\"ListItem\",\"position\":1,\"name\":\"Portada\",\"item\":\"https:\\\/\\\/letrame.com\\\/catalogo\\\/\"},{\"@type\":\"ListItem\",\"position\":2,\"name\":\"Cat\u00e1logo\",\"item\":\"https:\\\/\\\/letrame.com\\\/catalogo\\\/\"},{\"@type\":\"ListItem\",\"position\":3,\"name\":\"La arquitectura del cosmos\"}]},{\"@type\":\"WebSite\",\"@id\":\"https:\\\/\\\/letrame.com\\\/catalogo\\\/#website\",\"url\":\"https:\\\/\\\/letrame.com\\\/catalogo\\\/\",\"name\":\"Catalogo | Letrame Grupo Editorial\",\"description\":\"\",\"publisher\":{\"@id\":\"https:\\\/\\\/letrame.com\\\/catalogo\\\/#organization\"},\"potentialAction\":[{\"@type\":\"SearchAction\",\"target\":{\"@type\":\"EntryPoint\",\"urlTemplate\":\"https:\\\/\\\/letrame.com\\\/catalogo\\\/?s={search_term_string}\"},\"query-input\":{\"@type\":\"PropertyValueSpecification\",\"valueRequired\":true,\"valueName\":\"search_term_string\"}}],\"inLanguage\":\"es\"},{\"@type\":\"Organization\",\"@id\":\"https:\\\/\\\/letrame.com\\\/catalogo\\\/#organization\",\"name\":\"Catalogo | Letrame Grupo Editorial\",\"url\":\"https:\\\/\\\/letrame.com\\\/catalogo\\\/\",\"logo\":{\"@type\":\"ImageObject\",\"inLanguage\":\"es\",\"@id\":\"https:\\\/\\\/letrame.com\\\/catalogo\\\/#\\\/schema\\\/logo\\\/image\\\/\",\"url\":\"https:\\\/\\\/letrame.com\\\/catalogo\\\/wp-content\\\/uploads\\\/2024\\\/03\\\/logo2.webp\",\"contentUrl\":\"https:\\\/\\\/letrame.com\\\/catalogo\\\/wp-content\\\/uploads\\\/2024\\\/03\\\/logo2.webp\",\"width\":394,\"height\":128,\"caption\":\"Catalogo | Letrame Grupo Editorial\"},\"image\":{\"@id\":\"https:\\\/\\\/letrame.com\\\/catalogo\\\/#\\\/schema\\\/logo\\\/image\\\/\"}}]}<\/script>\n<!-- \/ Yoast SEO plugin. -->","yoast_head_json":{"title":"La arquitectura del cosmos - Catalogo | Letrame Grupo Editorial","robots":{"index":"index","follow":"follow","max-snippet":"max-snippet:-1","max-image-preview":"max-image-preview:large","max-video-preview":"max-video-preview:-1"},"canonical":"https:\/\/letrame.com\/catalogo\/producto\/la-arquitectura-del-cosmos\/","og_locale":"es_ES","og_type":"article","og_title":"La arquitectura del cosmos - Catalogo | Letrame Grupo Editorial","og_description":"ISBN: 9791370295059  SINOPSIS En el mundo moderno, muchos tachan de irracional a quien ve en el universo se\u00f1ales de un ajuste tan preciso que sugiere un acto de creaci\u00f3n. Sin embargo, en la antig\u00fcedad, ya los presocr\u00e1ticos se preguntaban por el origen de todo. Desde Tales de Mileto, Anaximandro, Anax\u00edmenes, Her\u00e1clito de \u00c9feso hasta Pit\u00e1goras, todos ellos se hac\u00edan preguntas sobre la g\u00e9nesis del universo y sus respuestas eran sorprendentes. Su actividad era pensar: hac\u00edan filosof\u00eda o filosofaban para buscar las respuestas a todo lo que nos rodea. Incluso Arist\u00f3teles, convencido de la eternidad del cosmos, no renunci\u00f3 a la idea de una causa primera. \u00bfEran irracionales por atreverse a pensar con esa profundidad? \u00bfLo es hoy quien se pregunta si el ajuste fino de las constantes de la naturaleza apunta a algo m\u00e1s que al azar? Este libro conduce al lector al coraz\u00f3n de ese misterio: la asombrosa precisi\u00f3n con que las constantes fundamentales permiten la vida. Con ejemplos claros y rigurosos, se expone por qu\u00e9 una m\u00ednima variaci\u00f3n en la gravedad, en la magnitud de la fuerza electromagn\u00e9tica o en la constante cosmol\u00f3gica har\u00eda imposible nuestra existencia. Un recorrido breve, desafiante y cautivador, donde la ciencia moderna y las grandes preguntas humanas se encuentran, abriendo la puerta a uno de los debates m\u00e1s fascinantes de nuestro tiempo.","og_url":"https:\/\/letrame.com\/catalogo\/producto\/la-arquitectura-del-cosmos\/","og_site_name":"Catalogo | Letrame Grupo Editorial","og_image":[{"width":827,"height":1213,"url":"https:\/\/letrame.com\/catalogo\/wp-content\/uploads\/2026\/05\/Laarquitectura_816mm4.jpg","type":"image\/jpeg"}],"twitter_card":"summary_large_image","twitter_misc":{"Tiempo de lectura":"2 minutos"},"schema":{"@context":"https:\/\/schema.org","@graph":[{"@type":"WebPage","@id":"https:\/\/letrame.com\/catalogo\/producto\/la-arquitectura-del-cosmos\/","url":"https:\/\/letrame.com\/catalogo\/producto\/la-arquitectura-del-cosmos\/","name":"La arquitectura del cosmos - Catalogo | Letrame Grupo Editorial","isPartOf":{"@id":"https:\/\/letrame.com\/catalogo\/#website"},"primaryImageOfPage":{"@id":"https:\/\/letrame.com\/catalogo\/producto\/la-arquitectura-del-cosmos\/#primaryimage"},"image":{"@id":"https:\/\/letrame.com\/catalogo\/producto\/la-arquitectura-del-cosmos\/#primaryimage"},"thumbnailUrl":"https:\/\/letrame.com\/catalogo\/wp-content\/uploads\/2026\/05\/Laarquitectura_816mm4.jpg","datePublished":"2026-05-13T07:28:26+00:00","breadcrumb":{"@id":"https:\/\/letrame.com\/catalogo\/producto\/la-arquitectura-del-cosmos\/#breadcrumb"},"inLanguage":"es","potentialAction":[{"@type":"ReadAction","target":["https:\/\/letrame.com\/catalogo\/producto\/la-arquitectura-del-cosmos\/"]}]},{"@type":"ImageObject","inLanguage":"es","@id":"https:\/\/letrame.com\/catalogo\/producto\/la-arquitectura-del-cosmos\/#primaryimage","url":"https:\/\/letrame.com\/catalogo\/wp-content\/uploads\/2026\/05\/Laarquitectura_816mm4.jpg","contentUrl":"https:\/\/letrame.com\/catalogo\/wp-content\/uploads\/2026\/05\/Laarquitectura_816mm4.jpg","width":827,"height":1213},{"@type":"BreadcrumbList","@id":"https:\/\/letrame.com\/catalogo\/producto\/la-arquitectura-del-cosmos\/#breadcrumb","itemListElement":[{"@type":"ListItem","position":1,"name":"Portada","item":"https:\/\/letrame.com\/catalogo\/"},{"@type":"ListItem","position":2,"name":"Cat\u00e1logo","item":"https:\/\/letrame.com\/catalogo\/"},{"@type":"ListItem","position":3,"name":"La arquitectura del cosmos"}]},{"@type":"WebSite","@id":"https:\/\/letrame.com\/catalogo\/#website","url":"https:\/\/letrame.com\/catalogo\/","name":"Catalogo | Letrame Grupo Editorial","description":"","publisher":{"@id":"https:\/\/letrame.com\/catalogo\/#organization"},"potentialAction":[{"@type":"SearchAction","target":{"@type":"EntryPoint","urlTemplate":"https:\/\/letrame.com\/catalogo\/?s={search_term_string}"},"query-input":{"@type":"PropertyValueSpecification","valueRequired":true,"valueName":"search_term_string"}}],"inLanguage":"es"},{"@type":"Organization","@id":"https:\/\/letrame.com\/catalogo\/#organization","name":"Catalogo | Letrame Grupo Editorial","url":"https:\/\/letrame.com\/catalogo\/","logo":{"@type":"ImageObject","inLanguage":"es","@id":"https:\/\/letrame.com\/catalogo\/#\/schema\/logo\/image\/","url":"https:\/\/letrame.com\/catalogo\/wp-content\/uploads\/2024\/03\/logo2.webp","contentUrl":"https:\/\/letrame.com\/catalogo\/wp-content\/uploads\/2024\/03\/logo2.webp","width":394,"height":128,"caption":"Catalogo | Letrame Grupo Editorial"},"image":{"@id":"https:\/\/letrame.com\/catalogo\/#\/schema\/logo\/image\/"}}]}},"_links":{"self":[{"href":"https:\/\/letrame.com\/catalogo\/wp-json\/wp\/v2\/product\/112712","targetHints":{"allow":["GET"]}}],"collection":[{"href":"https:\/\/letrame.com\/catalogo\/wp-json\/wp\/v2\/product"}],"about":[{"href":"https:\/\/letrame.com\/catalogo\/wp-json\/wp\/v2\/types\/product"}],"replies":[{"embeddable":true,"href":"https:\/\/letrame.com\/catalogo\/wp-json\/wp\/v2\/comments?post=112712"}],"acf:post":[{"embeddable":true,"href":"https:\/\/letrame.com\/catalogo\/wp-json\/wp\/v2\/author_book\/112713"}],"wp:featuredmedia":[{"embeddable":true,"href":"https:\/\/letrame.com\/catalogo\/wp-json\/wp\/v2\/media\/112717"}],"wp:attachment":[{"href":"https:\/\/letrame.com\/catalogo\/wp-json\/wp\/v2\/media?parent=112712"}],"wp:term":[{"taxonomy":"libro","embeddable":true,"href":"https:\/\/letrame.com\/catalogo\/wp-json\/wp\/v2\/libro?post=112712"},{"taxonomy":"product_brand","embeddable":true,"href":"https:\/\/letrame.com\/catalogo\/wp-json\/wp\/v2\/product_brand?post=112712"},{"taxonomy":"product_cat","embeddable":true,"href":"https:\/\/letrame.com\/catalogo\/wp-json\/wp\/v2\/product_cat?post=112712"},{"taxonomy":"product_tag","embeddable":true,"href":"https:\/\/letrame.com\/catalogo\/wp-json\/wp\/v2\/product_tag?post=112712"}],"curies":[{"name":"wp","href":"https:\/\/api.w.org\/{rel}","templated":true}]}}