{"id":112701,"date":"2026-05-12T16:31:55","date_gmt":"2026-05-12T14:31:55","guid":{"rendered":"https:\/\/letrame.com\/catalogo\/?post_type=product&#038;p=112701"},"modified":"2026-05-12T16:31:55","modified_gmt":"2026-05-12T14:31:55","slug":"ontologia-de-la-ausencia","status":"publish","type":"product","link":"https:\/\/letrame.com\/catalogo\/producto\/ontologia-de-la-ausencia\/","title":{"rendered":"Ontolog\u00eda de la ausencia"},"content":{"rendered":"<p><strong>ISBN: 9791370544782<\/strong><br \/>\n<strong>T\u00edtulo: Ontolog\u00eda de la ausencia<\/strong><br \/>\n<strong>Fecha: 2026<\/strong><br \/>\n<strong>P\u00e1ginas: 170<\/strong><\/p>\n<p><strong>SINOPSIS<\/strong><\/p>\n<p data-start=\"0\" data-end=\"150\">\u00bfQu\u00e9 queda de nosotros cuando lo que nos defin\u00eda se desvanece? \u00bfEs la ausencia un vac\u00edo o una presencia que pesa, que moldea y que exige ser nombrada?<\/p>\n<p data-start=\"152\" data-end=\"392\">En esta obra, <span class=\"hover:entity-accent entity-underline inline cursor-pointer align-baseline\"><span class=\"whitespace-normal\">Germ\u00e1n Londo\u00f1o Carvajal<\/span><\/span> nos invita a recorrer una cartograf\u00eda de lo invisible. A trav\u00e9s de diecisiete relatos magistrales, el autor explora la condici\u00f3n humana en sus momentos de mayor fragilidad y trascendencia.<\/p>\n<p data-start=\"394\" data-end=\"608\">Desde los sicarios que buscan redenci\u00f3n en el asfalto hasta el sacrificio silente de los ciclistas que persiguen una meta invisible, este libro es un testimonio de las vidas que habitan la periferia de la historia.<\/p>\n<p data-start=\"610\" data-end=\"906\">Dividida en cuatro estaciones fundamentales \u2014el peso de la pertenencia, las grietas del sistema, el consuelo de lo sagrado y la trascendencia final\u2014, esta antolog\u00eda nos sumerge en un universo donde la piel sufre el rigor de la existencia y el barro se convierte en la materia prima de la memoria.<\/p>\n<p data-start=\"908\" data-end=\"1189\">Aqu\u00ed, la ausencia no es un silencio absoluto; es la melod\u00eda que persiste en un acorde\u00f3n olvidado, es la huella de los inocentes en medio del conflicto y es, sobre todo, la convicci\u00f3n de que, aunque el mal sea contundente, la palabra es la \u00fanica siembra que no muere bajo la tierra.<\/p>\n<p data-start=\"1191\" data-end=\"1466\" data-is-last-node=\"\" data-is-only-node=\"\"><em data-start=\"1191\" data-end=\"1242\">Ontolog\u00eda de la ausencia. Relatos de piel y barro<\/em> no es solo un libro de relatos; es un espejo para quienes han decidido que la vida no se negocia con la estad\u00edstica y que la verdadera victoria no es cruzar una l\u00ednea de cal, sino encontrar el equilibrio en medio del vac\u00edo.<\/p>\n","protected":false},"excerpt":{"rendered":"<p><strong>ISBN: 9791370544782<\/strong><\/p>\n<p><strong>SINOPSIS<\/strong><\/p>\n<p data-start=\"0\" data-end=\"150\">\u00bfQu\u00e9 queda de nosotros cuando lo que nos defin\u00eda se desvanece? \u00bfEs la ausencia un vac\u00edo o una presencia que pesa, que moldea y que exige ser nombrada?<\/p>\n<p data-start=\"152\" data-end=\"392\">En esta obra, <span class=\"hover:entity-accent entity-underline inline cursor-pointer align-baseline\"><span class=\"whitespace-normal\">Germ\u00e1n Londo\u00f1o Carvajal<\/span><\/span> nos invita a recorrer una cartograf\u00eda de lo invisible. A trav\u00e9s de diecisiete relatos magistrales, el autor explora la condici\u00f3n humana en sus momentos de mayor fragilidad y trascendencia.<\/p>\n<p data-start=\"394\" data-end=\"608\">Desde los sicarios que buscan redenci\u00f3n en el asfalto hasta el sacrificio silente de los ciclistas que persiguen una meta invisible, este libro es un testimonio de las vidas que habitan la periferia de la historia.<\/p>\n<p data-start=\"610\" data-end=\"906\">Dividida en cuatro estaciones fundamentales \u2014el peso de la pertenencia, las grietas del sistema, el consuelo de lo sagrado y la trascendencia final\u2014, esta antolog\u00eda nos sumerge en un universo donde la piel sufre el rigor de la existencia y el barro se convierte en la materia prima de la memoria.<\/p>\n<p data-start=\"908\" data-end=\"1189\">Aqu\u00ed, la ausencia no es un silencio absoluto; es la melod\u00eda que persiste en un acorde\u00f3n olvidado, es la huella de los inocentes en medio del conflicto y es, sobre todo, la convicci\u00f3n de que, aunque el mal sea contundente, la palabra es la \u00fanica siembra que no muere bajo la tierra.<\/p>\n<p data-start=\"1191\" data-end=\"1466\" data-is-last-node=\"\" data-is-only-node=\"\"><em data-start=\"1191\" data-end=\"1242\">Ontolog\u00eda de la ausencia. Relatos de piel y barro<\/em> no es solo un libro de relatos; es un espejo para quienes han decidido que la vida no se negocia con la estad\u00edstica y que la verdadera victoria no es cruzar una l\u00ednea de cal, sino encontrar el equilibrio en medio del vac\u00edo.<\/p>\n","protected":false},"featured_media":112705,"comment_status":"open","ping_status":"closed","template":"","meta":{"_acf_changed":false},"libro":[],"product_brand":[],"product_cat":[141],"product_tag":[],"class_list":{"0":"post-112701","1":"product","2":"type-product","3":"status-publish","4":"has-post-thumbnail","6":"product_cat-ficcion","8":"first","9":"instock","10":"shipping-taxable","11":"product-type-simple"},"acf":{"autor":[112702],"enlace_de_compra":""},"yoast_head":"<!-- This site is optimized with the Yoast SEO plugin v27.4 - https:\/\/yoast.com\/product\/yoast-seo-wordpress\/ -->\n<title>Ontolog\u00eda de la ausencia - Catalogo | Letrame Grupo Editorial<\/title>\n<meta name=\"robots\" content=\"index, follow, max-snippet:-1, max-image-preview:large, max-video-preview:-1\" \/>\n<link rel=\"canonical\" href=\"https:\/\/letrame.com\/catalogo\/producto\/ontologia-de-la-ausencia\/\" \/>\n<meta property=\"og:locale\" content=\"es_ES\" \/>\n<meta property=\"og:type\" content=\"article\" \/>\n<meta property=\"og:title\" content=\"Ontolog\u00eda de la ausencia - Catalogo | Letrame Grupo Editorial\" \/>\n<meta property=\"og:description\" content=\"ISBN: 9791370544782  SINOPSIS \u00bfQu\u00e9 queda de nosotros cuando lo que nos defin\u00eda se desvanece? \u00bfEs la ausencia un vac\u00edo o una presencia que pesa, que moldea y que exige ser nombrada? En esta obra, Germ\u00e1n Londo\u00f1o Carvajal nos invita a recorrer una cartograf\u00eda de lo invisible. A trav\u00e9s de diecisiete relatos magistrales, el autor explora la condici\u00f3n humana en sus momentos de mayor fragilidad y trascendencia. Desde los sicarios que buscan redenci\u00f3n en el asfalto hasta el sacrificio silente de los ciclistas que persiguen una meta invisible, este libro es un testimonio de las vidas que habitan la periferia de la historia. Dividida en cuatro estaciones fundamentales \u2014el peso de la pertenencia, las grietas del sistema, el consuelo de lo sagrado y la trascendencia final\u2014, esta antolog\u00eda nos sumerge en un universo donde la piel sufre el rigor de la existencia y el barro se convierte en la materia prima de la memoria. Aqu\u00ed, la ausencia no es un silencio absoluto; es la melod\u00eda que persiste en un acorde\u00f3n olvidado, es la huella de los inocentes en medio del conflicto y es, sobre todo, la convicci\u00f3n de que, aunque el mal sea contundente, la palabra es la \u00fanica siembra que no muere bajo la tierra. Ontolog\u00eda de la ausencia. Relatos de piel y barro no es solo un libro de relatos; es un espejo para quienes han decidido que la vida no se negocia con la estad\u00edstica y que la verdadera victoria no es cruzar una l\u00ednea de cal, sino encontrar el equilibrio en medio del vac\u00edo.\" \/>\n<meta property=\"og:url\" content=\"https:\/\/letrame.com\/catalogo\/producto\/ontologia-de-la-ausencia\/\" \/>\n<meta property=\"og:site_name\" content=\"Catalogo | Letrame Grupo Editorial\" \/>\n<meta property=\"og:image\" content=\"https:\/\/letrame.com\/catalogo\/wp-content\/uploads\/2026\/05\/ontologia_854mm4.jpg\" \/>\n\t<meta property=\"og:image:width\" content=\"699\" \/>\n\t<meta property=\"og:image:height\" content=\"992\" \/>\n\t<meta property=\"og:image:type\" content=\"image\/jpeg\" \/>\n<meta name=\"twitter:card\" content=\"summary_large_image\" \/>\n<meta name=\"twitter:label1\" content=\"Tiempo de lectura\" \/>\n\t<meta name=\"twitter:data1\" content=\"2 minutos\" \/>\n<script type=\"application\/ld+json\" class=\"yoast-schema-graph\">{\"@context\":\"https:\\\/\\\/schema.org\",\"@graph\":[{\"@type\":\"WebPage\",\"@id\":\"https:\\\/\\\/letrame.com\\\/catalogo\\\/producto\\\/ontologia-de-la-ausencia\\\/\",\"url\":\"https:\\\/\\\/letrame.com\\\/catalogo\\\/producto\\\/ontologia-de-la-ausencia\\\/\",\"name\":\"Ontolog\u00eda de la ausencia - Catalogo | Letrame Grupo Editorial\",\"isPartOf\":{\"@id\":\"https:\\\/\\\/letrame.com\\\/catalogo\\\/#website\"},\"primaryImageOfPage\":{\"@id\":\"https:\\\/\\\/letrame.com\\\/catalogo\\\/producto\\\/ontologia-de-la-ausencia\\\/#primaryimage\"},\"image\":{\"@id\":\"https:\\\/\\\/letrame.com\\\/catalogo\\\/producto\\\/ontologia-de-la-ausencia\\\/#primaryimage\"},\"thumbnailUrl\":\"https:\\\/\\\/letrame.com\\\/catalogo\\\/wp-content\\\/uploads\\\/2026\\\/05\\\/ontologia_854mm4.jpg\",\"datePublished\":\"2026-05-12T14:31:55+00:00\",\"breadcrumb\":{\"@id\":\"https:\\\/\\\/letrame.com\\\/catalogo\\\/producto\\\/ontologia-de-la-ausencia\\\/#breadcrumb\"},\"inLanguage\":\"es\",\"potentialAction\":[{\"@type\":\"ReadAction\",\"target\":[\"https:\\\/\\\/letrame.com\\\/catalogo\\\/producto\\\/ontologia-de-la-ausencia\\\/\"]}]},{\"@type\":\"ImageObject\",\"inLanguage\":\"es\",\"@id\":\"https:\\\/\\\/letrame.com\\\/catalogo\\\/producto\\\/ontologia-de-la-ausencia\\\/#primaryimage\",\"url\":\"https:\\\/\\\/letrame.com\\\/catalogo\\\/wp-content\\\/uploads\\\/2026\\\/05\\\/ontologia_854mm4.jpg\",\"contentUrl\":\"https:\\\/\\\/letrame.com\\\/catalogo\\\/wp-content\\\/uploads\\\/2026\\\/05\\\/ontologia_854mm4.jpg\",\"width\":699,\"height\":992},{\"@type\":\"BreadcrumbList\",\"@id\":\"https:\\\/\\\/letrame.com\\\/catalogo\\\/producto\\\/ontologia-de-la-ausencia\\\/#breadcrumb\",\"itemListElement\":[{\"@type\":\"ListItem\",\"position\":1,\"name\":\"Portada\",\"item\":\"https:\\\/\\\/letrame.com\\\/catalogo\\\/\"},{\"@type\":\"ListItem\",\"position\":2,\"name\":\"Cat\u00e1logo\",\"item\":\"https:\\\/\\\/letrame.com\\\/catalogo\\\/\"},{\"@type\":\"ListItem\",\"position\":3,\"name\":\"Ontolog\u00eda de la ausencia\"}]},{\"@type\":\"WebSite\",\"@id\":\"https:\\\/\\\/letrame.com\\\/catalogo\\\/#website\",\"url\":\"https:\\\/\\\/letrame.com\\\/catalogo\\\/\",\"name\":\"Catalogo | Letrame Grupo Editorial\",\"description\":\"\",\"publisher\":{\"@id\":\"https:\\\/\\\/letrame.com\\\/catalogo\\\/#organization\"},\"potentialAction\":[{\"@type\":\"SearchAction\",\"target\":{\"@type\":\"EntryPoint\",\"urlTemplate\":\"https:\\\/\\\/letrame.com\\\/catalogo\\\/?s={search_term_string}\"},\"query-input\":{\"@type\":\"PropertyValueSpecification\",\"valueRequired\":true,\"valueName\":\"search_term_string\"}}],\"inLanguage\":\"es\"},{\"@type\":\"Organization\",\"@id\":\"https:\\\/\\\/letrame.com\\\/catalogo\\\/#organization\",\"name\":\"Catalogo | Letrame Grupo Editorial\",\"url\":\"https:\\\/\\\/letrame.com\\\/catalogo\\\/\",\"logo\":{\"@type\":\"ImageObject\",\"inLanguage\":\"es\",\"@id\":\"https:\\\/\\\/letrame.com\\\/catalogo\\\/#\\\/schema\\\/logo\\\/image\\\/\",\"url\":\"https:\\\/\\\/letrame.com\\\/catalogo\\\/wp-content\\\/uploads\\\/2024\\\/03\\\/logo2.webp\",\"contentUrl\":\"https:\\\/\\\/letrame.com\\\/catalogo\\\/wp-content\\\/uploads\\\/2024\\\/03\\\/logo2.webp\",\"width\":394,\"height\":128,\"caption\":\"Catalogo | Letrame Grupo Editorial\"},\"image\":{\"@id\":\"https:\\\/\\\/letrame.com\\\/catalogo\\\/#\\\/schema\\\/logo\\\/image\\\/\"}}]}<\/script>\n<!-- \/ Yoast SEO plugin. -->","yoast_head_json":{"title":"Ontolog\u00eda de la ausencia - Catalogo | Letrame Grupo Editorial","robots":{"index":"index","follow":"follow","max-snippet":"max-snippet:-1","max-image-preview":"max-image-preview:large","max-video-preview":"max-video-preview:-1"},"canonical":"https:\/\/letrame.com\/catalogo\/producto\/ontologia-de-la-ausencia\/","og_locale":"es_ES","og_type":"article","og_title":"Ontolog\u00eda de la ausencia - Catalogo | Letrame Grupo Editorial","og_description":"ISBN: 9791370544782  SINOPSIS \u00bfQu\u00e9 queda de nosotros cuando lo que nos defin\u00eda se desvanece? \u00bfEs la ausencia un vac\u00edo o una presencia que pesa, que moldea y que exige ser nombrada? En esta obra, Germ\u00e1n Londo\u00f1o Carvajal nos invita a recorrer una cartograf\u00eda de lo invisible. A trav\u00e9s de diecisiete relatos magistrales, el autor explora la condici\u00f3n humana en sus momentos de mayor fragilidad y trascendencia. Desde los sicarios que buscan redenci\u00f3n en el asfalto hasta el sacrificio silente de los ciclistas que persiguen una meta invisible, este libro es un testimonio de las vidas que habitan la periferia de la historia. Dividida en cuatro estaciones fundamentales \u2014el peso de la pertenencia, las grietas del sistema, el consuelo de lo sagrado y la trascendencia final\u2014, esta antolog\u00eda nos sumerge en un universo donde la piel sufre el rigor de la existencia y el barro se convierte en la materia prima de la memoria. Aqu\u00ed, la ausencia no es un silencio absoluto; es la melod\u00eda que persiste en un acorde\u00f3n olvidado, es la huella de los inocentes en medio del conflicto y es, sobre todo, la convicci\u00f3n de que, aunque el mal sea contundente, la palabra es la \u00fanica siembra que no muere bajo la tierra. Ontolog\u00eda de la ausencia. Relatos de piel y barro no es solo un libro de relatos; es un espejo para quienes han decidido que la vida no se negocia con la estad\u00edstica y que la verdadera victoria no es cruzar una l\u00ednea de cal, sino encontrar el equilibrio en medio del vac\u00edo.","og_url":"https:\/\/letrame.com\/catalogo\/producto\/ontologia-de-la-ausencia\/","og_site_name":"Catalogo | Letrame Grupo Editorial","og_image":[{"width":699,"height":992,"url":"https:\/\/letrame.com\/catalogo\/wp-content\/uploads\/2026\/05\/ontologia_854mm4.jpg","type":"image\/jpeg"}],"twitter_card":"summary_large_image","twitter_misc":{"Tiempo de lectura":"2 minutos"},"schema":{"@context":"https:\/\/schema.org","@graph":[{"@type":"WebPage","@id":"https:\/\/letrame.com\/catalogo\/producto\/ontologia-de-la-ausencia\/","url":"https:\/\/letrame.com\/catalogo\/producto\/ontologia-de-la-ausencia\/","name":"Ontolog\u00eda de la ausencia - Catalogo | Letrame Grupo Editorial","isPartOf":{"@id":"https:\/\/letrame.com\/catalogo\/#website"},"primaryImageOfPage":{"@id":"https:\/\/letrame.com\/catalogo\/producto\/ontologia-de-la-ausencia\/#primaryimage"},"image":{"@id":"https:\/\/letrame.com\/catalogo\/producto\/ontologia-de-la-ausencia\/#primaryimage"},"thumbnailUrl":"https:\/\/letrame.com\/catalogo\/wp-content\/uploads\/2026\/05\/ontologia_854mm4.jpg","datePublished":"2026-05-12T14:31:55+00:00","breadcrumb":{"@id":"https:\/\/letrame.com\/catalogo\/producto\/ontologia-de-la-ausencia\/#breadcrumb"},"inLanguage":"es","potentialAction":[{"@type":"ReadAction","target":["https:\/\/letrame.com\/catalogo\/producto\/ontologia-de-la-ausencia\/"]}]},{"@type":"ImageObject","inLanguage":"es","@id":"https:\/\/letrame.com\/catalogo\/producto\/ontologia-de-la-ausencia\/#primaryimage","url":"https:\/\/letrame.com\/catalogo\/wp-content\/uploads\/2026\/05\/ontologia_854mm4.jpg","contentUrl":"https:\/\/letrame.com\/catalogo\/wp-content\/uploads\/2026\/05\/ontologia_854mm4.jpg","width":699,"height":992},{"@type":"BreadcrumbList","@id":"https:\/\/letrame.com\/catalogo\/producto\/ontologia-de-la-ausencia\/#breadcrumb","itemListElement":[{"@type":"ListItem","position":1,"name":"Portada","item":"https:\/\/letrame.com\/catalogo\/"},{"@type":"ListItem","position":2,"name":"Cat\u00e1logo","item":"https:\/\/letrame.com\/catalogo\/"},{"@type":"ListItem","position":3,"name":"Ontolog\u00eda de la ausencia"}]},{"@type":"WebSite","@id":"https:\/\/letrame.com\/catalogo\/#website","url":"https:\/\/letrame.com\/catalogo\/","name":"Catalogo | Letrame Grupo Editorial","description":"","publisher":{"@id":"https:\/\/letrame.com\/catalogo\/#organization"},"potentialAction":[{"@type":"SearchAction","target":{"@type":"EntryPoint","urlTemplate":"https:\/\/letrame.com\/catalogo\/?s={search_term_string}"},"query-input":{"@type":"PropertyValueSpecification","valueRequired":true,"valueName":"search_term_string"}}],"inLanguage":"es"},{"@type":"Organization","@id":"https:\/\/letrame.com\/catalogo\/#organization","name":"Catalogo | Letrame Grupo Editorial","url":"https:\/\/letrame.com\/catalogo\/","logo":{"@type":"ImageObject","inLanguage":"es","@id":"https:\/\/letrame.com\/catalogo\/#\/schema\/logo\/image\/","url":"https:\/\/letrame.com\/catalogo\/wp-content\/uploads\/2024\/03\/logo2.webp","contentUrl":"https:\/\/letrame.com\/catalogo\/wp-content\/uploads\/2024\/03\/logo2.webp","width":394,"height":128,"caption":"Catalogo | Letrame Grupo Editorial"},"image":{"@id":"https:\/\/letrame.com\/catalogo\/#\/schema\/logo\/image\/"}}]}},"_links":{"self":[{"href":"https:\/\/letrame.com\/catalogo\/wp-json\/wp\/v2\/product\/112701","targetHints":{"allow":["GET"]}}],"collection":[{"href":"https:\/\/letrame.com\/catalogo\/wp-json\/wp\/v2\/product"}],"about":[{"href":"https:\/\/letrame.com\/catalogo\/wp-json\/wp\/v2\/types\/product"}],"replies":[{"embeddable":true,"href":"https:\/\/letrame.com\/catalogo\/wp-json\/wp\/v2\/comments?post=112701"}],"acf:post":[{"embeddable":true,"href":"https:\/\/letrame.com\/catalogo\/wp-json\/wp\/v2\/author_book\/112702"}],"wp:featuredmedia":[{"embeddable":true,"href":"https:\/\/letrame.com\/catalogo\/wp-json\/wp\/v2\/media\/112705"}],"wp:attachment":[{"href":"https:\/\/letrame.com\/catalogo\/wp-json\/wp\/v2\/media?parent=112701"}],"wp:term":[{"taxonomy":"libro","embeddable":true,"href":"https:\/\/letrame.com\/catalogo\/wp-json\/wp\/v2\/libro?post=112701"},{"taxonomy":"product_brand","embeddable":true,"href":"https:\/\/letrame.com\/catalogo\/wp-json\/wp\/v2\/product_brand?post=112701"},{"taxonomy":"product_cat","embeddable":true,"href":"https:\/\/letrame.com\/catalogo\/wp-json\/wp\/v2\/product_cat?post=112701"},{"taxonomy":"product_tag","embeddable":true,"href":"https:\/\/letrame.com\/catalogo\/wp-json\/wp\/v2\/product_tag?post=112701"}],"curies":[{"name":"wp","href":"https:\/\/api.w.org\/{rel}","templated":true}]}}