{"id":112683,"date":"2026-05-12T14:32:11","date_gmt":"2026-05-12T12:32:11","guid":{"rendered":"https:\/\/letrame.com\/catalogo\/?post_type=product&#038;p=112683"},"modified":"2026-05-12T14:32:11","modified_gmt":"2026-05-12T12:32:11","slug":"mentes-alquimicas","status":"publish","type":"product","link":"https:\/\/letrame.com\/catalogo\/producto\/mentes-alquimicas\/","title":{"rendered":"Mentes alqu\u00edmicas"},"content":{"rendered":"<p><strong>ISBN: 9791370292560<\/strong><br \/>\n<strong>T\u00edtulo: Mentes alqu\u00edmicas<\/strong><br \/>\n<strong>Fecha: 2026<\/strong><br \/>\n<strong>P\u00e1ginas: 244<\/strong><\/p>\n<p><strong>SINOPSIS<\/strong><\/p>\n<p>Hay transformaciones que no ocurren fuera, sino dentro. La mente es un laboratorio invisible donde los patrones inconscientes pueden transmutarse en claridad, y el cuerpo, un templo vivo que refleja el estado interno cuando es cuidado con conciencia. Mentes Alqu\u00edmicas no propone un cambio superficial, sino un proceso profundo de reinvenci\u00f3n. A trav\u00e9s de la sabidur\u00eda herm\u00e9tica, la comprensi\u00f3n del comportamiento humano, la pr\u00e1ctica f\u00edsica y la nutrici\u00f3n consciente, Alberto G\u00f3mez gu\u00eda al lector hacia una integraci\u00f3n real entre mente, cuerpo y esp\u00edritu. Este libro es una invitaci\u00f3n a recuperar el equilibrio perdido, a comprender c\u00f3mo se forman nuestras decisiones, emociones y h\u00e1bitos, y a utilizar ese conocimiento para transformar la propia vida desde la ra\u00edz. No se trata de aprender algo nuevo, sino de recordar lo esencial. Despertar la chispa interior que siempre estuvo ah\u00ed y activar el poder de convertirte en el alquimista de tu propia existencia.<\/p>\n","protected":false},"excerpt":{"rendered":"<p><strong>ISBN: 9791370292560<\/strong><\/p>\n<p><strong>SINOPSIS<\/strong><\/p>\n<p>Hay transformaciones que no ocurren fuera, sino dentro. La mente es un laboratorio invisible donde los patrones inconscientes pueden transmutarse en claridad, y el cuerpo, un templo vivo que refleja el estado interno cuando es cuidado con conciencia. Mentes Alqu\u00edmicas no propone un cambio superficial, sino un proceso profundo de reinvenci\u00f3n. A trav\u00e9s de la sabidur\u00eda herm\u00e9tica, la comprensi\u00f3n del comportamiento humano, la pr\u00e1ctica f\u00edsica y la nutrici\u00f3n consciente, Alberto G\u00f3mez gu\u00eda al lector hacia una integraci\u00f3n real entre mente, cuerpo y esp\u00edritu. Este libro es una invitaci\u00f3n a recuperar el equilibrio perdido, a comprender c\u00f3mo se forman nuestras decisiones, emociones y h\u00e1bitos, y a utilizar ese conocimiento para transformar la propia vida desde la ra\u00edz. No se trata de aprender algo nuevo, sino de recordar lo esencial. Despertar la chispa interior que siempre estuvo ah\u00ed y activar el poder de convertirte en el alquimista de tu propia existencia.<\/p>\n","protected":false},"featured_media":112688,"comment_status":"open","ping_status":"closed","template":"","meta":{"_acf_changed":false},"libro":[],"product_brand":[],"product_cat":[30],"product_tag":[],"class_list":{"0":"post-112683","1":"product","2":"type-product","3":"status-publish","4":"has-post-thumbnail","6":"product_cat-desarrollo-personal-y-autoconocimiento","8":"first","9":"instock","10":"shipping-taxable","11":"product-type-simple"},"acf":{"autor":[112684],"enlace_de_compra":""},"yoast_head":"<!-- This site is optimized with the Yoast SEO plugin v27.4 - https:\/\/yoast.com\/product\/yoast-seo-wordpress\/ -->\n<title>Mentes alqu\u00edmicas - Catalogo | Letrame Grupo Editorial<\/title>\n<meta name=\"robots\" content=\"index, follow, max-snippet:-1, max-image-preview:large, max-video-preview:-1\" \/>\n<link rel=\"canonical\" href=\"https:\/\/letrame.com\/catalogo\/producto\/mentes-alquimicas\/\" \/>\n<meta property=\"og:locale\" content=\"es_ES\" \/>\n<meta property=\"og:type\" content=\"article\" \/>\n<meta property=\"og:title\" content=\"Mentes alqu\u00edmicas - Catalogo | Letrame Grupo Editorial\" \/>\n<meta property=\"og:description\" content=\"ISBN: 9791370292560  SINOPSIS  Hay transformaciones que no ocurren fuera, sino dentro. La mente es un laboratorio invisible donde los patrones inconscientes pueden transmutarse en claridad, y el cuerpo, un templo vivo que refleja el estado interno cuando es cuidado con conciencia. Mentes Alqu\u00edmicas no propone un cambio superficial, sino un proceso profundo de reinvenci\u00f3n. A trav\u00e9s de la sabidur\u00eda herm\u00e9tica, la comprensi\u00f3n del comportamiento humano, la pr\u00e1ctica f\u00edsica y la nutrici\u00f3n consciente, Alberto G\u00f3mez gu\u00eda al lector hacia una integraci\u00f3n real entre mente, cuerpo y esp\u00edritu. Este libro es una invitaci\u00f3n a recuperar el equilibrio perdido, a comprender c\u00f3mo se forman nuestras decisiones, emociones y h\u00e1bitos, y a utilizar ese conocimiento para transformar la propia vida desde la ra\u00edz. No se trata de aprender algo nuevo, sino de recordar lo esencial. Despertar la chispa interior que siempre estuvo ah\u00ed y activar el poder de convertirte en el alquimista de tu propia existencia.\" \/>\n<meta property=\"og:url\" content=\"https:\/\/letrame.com\/catalogo\/producto\/mentes-alquimicas\/\" \/>\n<meta property=\"og:site_name\" content=\"Catalogo | Letrame Grupo Editorial\" \/>\n<meta property=\"og:image\" content=\"https:\/\/letrame.com\/catalogo\/wp-content\/uploads\/2026\/05\/XXmentesalquimicas_1359mm4.jpg\" \/>\n\t<meta property=\"og:image:width\" content=\"1063\" \/>\n\t<meta property=\"og:image:height\" content=\"1535\" \/>\n\t<meta property=\"og:image:type\" content=\"image\/jpeg\" \/>\n<meta name=\"twitter:card\" content=\"summary_large_image\" \/>\n<meta name=\"twitter:label1\" content=\"Tiempo de lectura\" \/>\n\t<meta name=\"twitter:data1\" content=\"1 minuto\" \/>\n<script type=\"application\/ld+json\" class=\"yoast-schema-graph\">{\"@context\":\"https:\\\/\\\/schema.org\",\"@graph\":[{\"@type\":\"WebPage\",\"@id\":\"https:\\\/\\\/letrame.com\\\/catalogo\\\/producto\\\/mentes-alquimicas\\\/\",\"url\":\"https:\\\/\\\/letrame.com\\\/catalogo\\\/producto\\\/mentes-alquimicas\\\/\",\"name\":\"Mentes alqu\u00edmicas - Catalogo | Letrame Grupo Editorial\",\"isPartOf\":{\"@id\":\"https:\\\/\\\/letrame.com\\\/catalogo\\\/#website\"},\"primaryImageOfPage\":{\"@id\":\"https:\\\/\\\/letrame.com\\\/catalogo\\\/producto\\\/mentes-alquimicas\\\/#primaryimage\"},\"image\":{\"@id\":\"https:\\\/\\\/letrame.com\\\/catalogo\\\/producto\\\/mentes-alquimicas\\\/#primaryimage\"},\"thumbnailUrl\":\"https:\\\/\\\/letrame.com\\\/catalogo\\\/wp-content\\\/uploads\\\/2026\\\/05\\\/XXmentesalquimicas_1359mm4.jpg\",\"datePublished\":\"2026-05-12T12:32:11+00:00\",\"breadcrumb\":{\"@id\":\"https:\\\/\\\/letrame.com\\\/catalogo\\\/producto\\\/mentes-alquimicas\\\/#breadcrumb\"},\"inLanguage\":\"es\",\"potentialAction\":[{\"@type\":\"ReadAction\",\"target\":[\"https:\\\/\\\/letrame.com\\\/catalogo\\\/producto\\\/mentes-alquimicas\\\/\"]}]},{\"@type\":\"ImageObject\",\"inLanguage\":\"es\",\"@id\":\"https:\\\/\\\/letrame.com\\\/catalogo\\\/producto\\\/mentes-alquimicas\\\/#primaryimage\",\"url\":\"https:\\\/\\\/letrame.com\\\/catalogo\\\/wp-content\\\/uploads\\\/2026\\\/05\\\/XXmentesalquimicas_1359mm4.jpg\",\"contentUrl\":\"https:\\\/\\\/letrame.com\\\/catalogo\\\/wp-content\\\/uploads\\\/2026\\\/05\\\/XXmentesalquimicas_1359mm4.jpg\",\"width\":1063,\"height\":1535},{\"@type\":\"BreadcrumbList\",\"@id\":\"https:\\\/\\\/letrame.com\\\/catalogo\\\/producto\\\/mentes-alquimicas\\\/#breadcrumb\",\"itemListElement\":[{\"@type\":\"ListItem\",\"position\":1,\"name\":\"Portada\",\"item\":\"https:\\\/\\\/letrame.com\\\/catalogo\\\/\"},{\"@type\":\"ListItem\",\"position\":2,\"name\":\"Cat\u00e1logo\",\"item\":\"https:\\\/\\\/letrame.com\\\/catalogo\\\/\"},{\"@type\":\"ListItem\",\"position\":3,\"name\":\"Mentes alqu\u00edmicas\"}]},{\"@type\":\"WebSite\",\"@id\":\"https:\\\/\\\/letrame.com\\\/catalogo\\\/#website\",\"url\":\"https:\\\/\\\/letrame.com\\\/catalogo\\\/\",\"name\":\"Catalogo | Letrame Grupo Editorial\",\"description\":\"\",\"publisher\":{\"@id\":\"https:\\\/\\\/letrame.com\\\/catalogo\\\/#organization\"},\"potentialAction\":[{\"@type\":\"SearchAction\",\"target\":{\"@type\":\"EntryPoint\",\"urlTemplate\":\"https:\\\/\\\/letrame.com\\\/catalogo\\\/?s={search_term_string}\"},\"query-input\":{\"@type\":\"PropertyValueSpecification\",\"valueRequired\":true,\"valueName\":\"search_term_string\"}}],\"inLanguage\":\"es\"},{\"@type\":\"Organization\",\"@id\":\"https:\\\/\\\/letrame.com\\\/catalogo\\\/#organization\",\"name\":\"Catalogo | Letrame Grupo Editorial\",\"url\":\"https:\\\/\\\/letrame.com\\\/catalogo\\\/\",\"logo\":{\"@type\":\"ImageObject\",\"inLanguage\":\"es\",\"@id\":\"https:\\\/\\\/letrame.com\\\/catalogo\\\/#\\\/schema\\\/logo\\\/image\\\/\",\"url\":\"https:\\\/\\\/letrame.com\\\/catalogo\\\/wp-content\\\/uploads\\\/2024\\\/03\\\/logo2.webp\",\"contentUrl\":\"https:\\\/\\\/letrame.com\\\/catalogo\\\/wp-content\\\/uploads\\\/2024\\\/03\\\/logo2.webp\",\"width\":394,\"height\":128,\"caption\":\"Catalogo | Letrame Grupo Editorial\"},\"image\":{\"@id\":\"https:\\\/\\\/letrame.com\\\/catalogo\\\/#\\\/schema\\\/logo\\\/image\\\/\"}}]}<\/script>\n<!-- \/ Yoast SEO plugin. -->","yoast_head_json":{"title":"Mentes alqu\u00edmicas - Catalogo | Letrame Grupo Editorial","robots":{"index":"index","follow":"follow","max-snippet":"max-snippet:-1","max-image-preview":"max-image-preview:large","max-video-preview":"max-video-preview:-1"},"canonical":"https:\/\/letrame.com\/catalogo\/producto\/mentes-alquimicas\/","og_locale":"es_ES","og_type":"article","og_title":"Mentes alqu\u00edmicas - Catalogo | Letrame Grupo Editorial","og_description":"ISBN: 9791370292560  SINOPSIS  Hay transformaciones que no ocurren fuera, sino dentro. La mente es un laboratorio invisible donde los patrones inconscientes pueden transmutarse en claridad, y el cuerpo, un templo vivo que refleja el estado interno cuando es cuidado con conciencia. Mentes Alqu\u00edmicas no propone un cambio superficial, sino un proceso profundo de reinvenci\u00f3n. A trav\u00e9s de la sabidur\u00eda herm\u00e9tica, la comprensi\u00f3n del comportamiento humano, la pr\u00e1ctica f\u00edsica y la nutrici\u00f3n consciente, Alberto G\u00f3mez gu\u00eda al lector hacia una integraci\u00f3n real entre mente, cuerpo y esp\u00edritu. Este libro es una invitaci\u00f3n a recuperar el equilibrio perdido, a comprender c\u00f3mo se forman nuestras decisiones, emociones y h\u00e1bitos, y a utilizar ese conocimiento para transformar la propia vida desde la ra\u00edz. No se trata de aprender algo nuevo, sino de recordar lo esencial. Despertar la chispa interior que siempre estuvo ah\u00ed y activar el poder de convertirte en el alquimista de tu propia existencia.","og_url":"https:\/\/letrame.com\/catalogo\/producto\/mentes-alquimicas\/","og_site_name":"Catalogo | Letrame Grupo Editorial","og_image":[{"width":1063,"height":1535,"url":"https:\/\/letrame.com\/catalogo\/wp-content\/uploads\/2026\/05\/XXmentesalquimicas_1359mm4.jpg","type":"image\/jpeg"}],"twitter_card":"summary_large_image","twitter_misc":{"Tiempo de lectura":"1 minuto"},"schema":{"@context":"https:\/\/schema.org","@graph":[{"@type":"WebPage","@id":"https:\/\/letrame.com\/catalogo\/producto\/mentes-alquimicas\/","url":"https:\/\/letrame.com\/catalogo\/producto\/mentes-alquimicas\/","name":"Mentes alqu\u00edmicas - Catalogo | Letrame Grupo Editorial","isPartOf":{"@id":"https:\/\/letrame.com\/catalogo\/#website"},"primaryImageOfPage":{"@id":"https:\/\/letrame.com\/catalogo\/producto\/mentes-alquimicas\/#primaryimage"},"image":{"@id":"https:\/\/letrame.com\/catalogo\/producto\/mentes-alquimicas\/#primaryimage"},"thumbnailUrl":"https:\/\/letrame.com\/catalogo\/wp-content\/uploads\/2026\/05\/XXmentesalquimicas_1359mm4.jpg","datePublished":"2026-05-12T12:32:11+00:00","breadcrumb":{"@id":"https:\/\/letrame.com\/catalogo\/producto\/mentes-alquimicas\/#breadcrumb"},"inLanguage":"es","potentialAction":[{"@type":"ReadAction","target":["https:\/\/letrame.com\/catalogo\/producto\/mentes-alquimicas\/"]}]},{"@type":"ImageObject","inLanguage":"es","@id":"https:\/\/letrame.com\/catalogo\/producto\/mentes-alquimicas\/#primaryimage","url":"https:\/\/letrame.com\/catalogo\/wp-content\/uploads\/2026\/05\/XXmentesalquimicas_1359mm4.jpg","contentUrl":"https:\/\/letrame.com\/catalogo\/wp-content\/uploads\/2026\/05\/XXmentesalquimicas_1359mm4.jpg","width":1063,"height":1535},{"@type":"BreadcrumbList","@id":"https:\/\/letrame.com\/catalogo\/producto\/mentes-alquimicas\/#breadcrumb","itemListElement":[{"@type":"ListItem","position":1,"name":"Portada","item":"https:\/\/letrame.com\/catalogo\/"},{"@type":"ListItem","position":2,"name":"Cat\u00e1logo","item":"https:\/\/letrame.com\/catalogo\/"},{"@type":"ListItem","position":3,"name":"Mentes alqu\u00edmicas"}]},{"@type":"WebSite","@id":"https:\/\/letrame.com\/catalogo\/#website","url":"https:\/\/letrame.com\/catalogo\/","name":"Catalogo | Letrame Grupo Editorial","description":"","publisher":{"@id":"https:\/\/letrame.com\/catalogo\/#organization"},"potentialAction":[{"@type":"SearchAction","target":{"@type":"EntryPoint","urlTemplate":"https:\/\/letrame.com\/catalogo\/?s={search_term_string}"},"query-input":{"@type":"PropertyValueSpecification","valueRequired":true,"valueName":"search_term_string"}}],"inLanguage":"es"},{"@type":"Organization","@id":"https:\/\/letrame.com\/catalogo\/#organization","name":"Catalogo | Letrame Grupo Editorial","url":"https:\/\/letrame.com\/catalogo\/","logo":{"@type":"ImageObject","inLanguage":"es","@id":"https:\/\/letrame.com\/catalogo\/#\/schema\/logo\/image\/","url":"https:\/\/letrame.com\/catalogo\/wp-content\/uploads\/2024\/03\/logo2.webp","contentUrl":"https:\/\/letrame.com\/catalogo\/wp-content\/uploads\/2024\/03\/logo2.webp","width":394,"height":128,"caption":"Catalogo | Letrame Grupo Editorial"},"image":{"@id":"https:\/\/letrame.com\/catalogo\/#\/schema\/logo\/image\/"}}]}},"_links":{"self":[{"href":"https:\/\/letrame.com\/catalogo\/wp-json\/wp\/v2\/product\/112683","targetHints":{"allow":["GET"]}}],"collection":[{"href":"https:\/\/letrame.com\/catalogo\/wp-json\/wp\/v2\/product"}],"about":[{"href":"https:\/\/letrame.com\/catalogo\/wp-json\/wp\/v2\/types\/product"}],"replies":[{"embeddable":true,"href":"https:\/\/letrame.com\/catalogo\/wp-json\/wp\/v2\/comments?post=112683"}],"acf:post":[{"embeddable":true,"href":"https:\/\/letrame.com\/catalogo\/wp-json\/wp\/v2\/author_book\/112684"}],"wp:featuredmedia":[{"embeddable":true,"href":"https:\/\/letrame.com\/catalogo\/wp-json\/wp\/v2\/media\/112688"}],"wp:attachment":[{"href":"https:\/\/letrame.com\/catalogo\/wp-json\/wp\/v2\/media?parent=112683"}],"wp:term":[{"taxonomy":"libro","embeddable":true,"href":"https:\/\/letrame.com\/catalogo\/wp-json\/wp\/v2\/libro?post=112683"},{"taxonomy":"product_brand","embeddable":true,"href":"https:\/\/letrame.com\/catalogo\/wp-json\/wp\/v2\/product_brand?post=112683"},{"taxonomy":"product_cat","embeddable":true,"href":"https:\/\/letrame.com\/catalogo\/wp-json\/wp\/v2\/product_cat?post=112683"},{"taxonomy":"product_tag","embeddable":true,"href":"https:\/\/letrame.com\/catalogo\/wp-json\/wp\/v2\/product_tag?post=112683"}],"curies":[{"name":"wp","href":"https:\/\/api.w.org\/{rel}","templated":true}]}}