{"id":112666,"date":"2026-05-12T12:50:38","date_gmt":"2026-05-12T10:50:38","guid":{"rendered":"https:\/\/letrame.com\/catalogo\/?post_type=product&#038;p=112666"},"modified":"2026-05-12T12:50:38","modified_gmt":"2026-05-12T10:50:38","slug":"el-amor-no-es-siempre-como-lo-queremos-ver","status":"publish","type":"product","link":"https:\/\/letrame.com\/catalogo\/producto\/el-amor-no-es-siempre-como-lo-queremos-ver\/","title":{"rendered":"El amor no es siempre como lo queremos ver"},"content":{"rendered":"<p><strong>ISBN: 9791370545741<\/strong><br \/>\n<strong>T\u00edtulo: El amor no es siempre como lo queremos ver<\/strong><br \/>\n<strong>Fecha: 2025<\/strong><br \/>\n<strong>P\u00e1ginas: 148<\/strong><\/p>\n<p><strong>SINOPSIS<\/strong><\/p>\n<p data-start=\"0\" data-end=\"302\">Cristina es una joven que disfruta del senderismo, viajar y pasar tiempo con sus amigos y su familia. Despu\u00e9s de muchos a\u00f1os sin salir con nadie, conoce a Leo, un muchacho encantador, pero con miedo al compromiso, por lo que evita cualquier v\u00ednculo emocional y, por consiguiente, lleva un sexo liberal.<\/p>\n<p data-start=\"304\" data-end=\"584\">Leo le cuestiona a Cristina si podr\u00eda llevar el mismo estilo de vida, prometiendo llevarlo en secreto. Sin importar nada, Cristina intenta conocer un nuevo mundo. Sin embargo, incumple con la promesa. Al enterarse, Leo comienza a cambiar con Cristina, pero ella sigue queri\u00e9ndolo.<\/p>\n<p data-start=\"586\" data-end=\"658\" data-is-last-node=\"\" data-is-only-node=\"\">Cristina debe elegir si contin\u00faa con Leo o bien redireccionar su camino.<\/p>\n","protected":false},"excerpt":{"rendered":"<p><strong>ISBN: 9791370545741<\/strong><\/p>\n<p><strong>SINOPSIS<\/strong><\/p>\n<p data-start=\"0\" data-end=\"302\">Cristina es una joven que disfruta del senderismo, viajar y pasar tiempo con sus amigos y su familia. Despu\u00e9s de muchos a\u00f1os sin salir con nadie, conoce a Leo, un muchacho encantador, pero con miedo al compromiso, por lo que evita cualquier v\u00ednculo emocional y, por consiguiente, lleva un sexo liberal.<\/p>\n<p data-start=\"304\" data-end=\"584\">Leo le cuestiona a Cristina si podr\u00eda llevar el mismo estilo de vida, prometiendo llevarlo en secreto. Sin importar nada, Cristina intenta conocer un nuevo mundo. Sin embargo, incumple con la promesa. Al enterarse, Leo comienza a cambiar con Cristina, pero ella sigue queri\u00e9ndolo.<\/p>\n<p data-start=\"586\" data-end=\"658\" data-is-last-node=\"\" data-is-only-node=\"\">Cristina debe elegir si contin\u00faa con Leo o bien redireccionar su camino.<\/p>\n","protected":false},"featured_media":112669,"comment_status":"open","ping_status":"closed","template":"","meta":{"_acf_changed":false},"libro":[],"product_brand":[],"product_cat":[147],"product_tag":[],"class_list":{"0":"post-112666","1":"product","2":"type-product","3":"status-publish","4":"has-post-thumbnail","6":"product_cat-romance","8":"first","9":"instock","10":"shipping-taxable","11":"product-type-simple"},"acf":{"autor":[112667],"enlace_de_compra":""},"yoast_head":"<!-- This site is optimized with the Yoast SEO plugin v27.4 - https:\/\/yoast.com\/product\/yoast-seo-wordpress\/ -->\n<title>El amor no es siempre como lo queremos ver - Catalogo | Letrame Grupo Editorial<\/title>\n<meta name=\"robots\" content=\"index, follow, max-snippet:-1, max-image-preview:large, max-video-preview:-1\" \/>\n<link rel=\"canonical\" href=\"https:\/\/letrame.com\/catalogo\/producto\/el-amor-no-es-siempre-como-lo-queremos-ver\/\" \/>\n<meta property=\"og:locale\" content=\"es_ES\" \/>\n<meta property=\"og:type\" content=\"article\" \/>\n<meta property=\"og:title\" content=\"El amor no es siempre como lo queremos ver - Catalogo | Letrame Grupo Editorial\" \/>\n<meta property=\"og:description\" content=\"ISBN: 9791370545741  SINOPSIS Cristina es una joven que disfruta del senderismo, viajar y pasar tiempo con sus amigos y su familia. Despu\u00e9s de muchos a\u00f1os sin salir con nadie, conoce a Leo, un muchacho encantador, pero con miedo al compromiso, por lo que evita cualquier v\u00ednculo emocional y, por consiguiente, lleva un sexo liberal. Leo le cuestiona a Cristina si podr\u00eda llevar el mismo estilo de vida, prometiendo llevarlo en secreto. Sin importar nada, Cristina intenta conocer un nuevo mundo. Sin embargo, incumple con la promesa. Al enterarse, Leo comienza a cambiar con Cristina, pero ella sigue queri\u00e9ndolo. Cristina debe elegir si contin\u00faa con Leo o bien redireccionar su camino.\" \/>\n<meta property=\"og:url\" content=\"https:\/\/letrame.com\/catalogo\/producto\/el-amor-no-es-siempre-como-lo-queremos-ver\/\" \/>\n<meta property=\"og:site_name\" content=\"Catalogo | Letrame Grupo Editorial\" \/>\n<meta property=\"og:image\" content=\"https:\/\/letrame.com\/catalogo\/wp-content\/uploads\/2026\/05\/elamornoessiempre_748mm4.jpg\" \/>\n\t<meta property=\"og:image:width\" content=\"945\" \/>\n\t<meta property=\"og:image:height\" content=\"1386\" \/>\n\t<meta property=\"og:image:type\" content=\"image\/jpeg\" \/>\n<meta name=\"twitter:card\" content=\"summary_large_image\" \/>\n<meta name=\"twitter:label1\" content=\"Tiempo de lectura\" \/>\n\t<meta name=\"twitter:data1\" content=\"1 minuto\" \/>\n<script type=\"application\/ld+json\" class=\"yoast-schema-graph\">{\"@context\":\"https:\\\/\\\/schema.org\",\"@graph\":[{\"@type\":\"WebPage\",\"@id\":\"https:\\\/\\\/letrame.com\\\/catalogo\\\/producto\\\/el-amor-no-es-siempre-como-lo-queremos-ver\\\/\",\"url\":\"https:\\\/\\\/letrame.com\\\/catalogo\\\/producto\\\/el-amor-no-es-siempre-como-lo-queremos-ver\\\/\",\"name\":\"El amor no es siempre como lo queremos ver - Catalogo | Letrame Grupo Editorial\",\"isPartOf\":{\"@id\":\"https:\\\/\\\/letrame.com\\\/catalogo\\\/#website\"},\"primaryImageOfPage\":{\"@id\":\"https:\\\/\\\/letrame.com\\\/catalogo\\\/producto\\\/el-amor-no-es-siempre-como-lo-queremos-ver\\\/#primaryimage\"},\"image\":{\"@id\":\"https:\\\/\\\/letrame.com\\\/catalogo\\\/producto\\\/el-amor-no-es-siempre-como-lo-queremos-ver\\\/#primaryimage\"},\"thumbnailUrl\":\"https:\\\/\\\/letrame.com\\\/catalogo\\\/wp-content\\\/uploads\\\/2026\\\/05\\\/elamornoessiempre_748mm4.jpg\",\"datePublished\":\"2026-05-12T10:50:38+00:00\",\"breadcrumb\":{\"@id\":\"https:\\\/\\\/letrame.com\\\/catalogo\\\/producto\\\/el-amor-no-es-siempre-como-lo-queremos-ver\\\/#breadcrumb\"},\"inLanguage\":\"es\",\"potentialAction\":[{\"@type\":\"ReadAction\",\"target\":[\"https:\\\/\\\/letrame.com\\\/catalogo\\\/producto\\\/el-amor-no-es-siempre-como-lo-queremos-ver\\\/\"]}]},{\"@type\":\"ImageObject\",\"inLanguage\":\"es\",\"@id\":\"https:\\\/\\\/letrame.com\\\/catalogo\\\/producto\\\/el-amor-no-es-siempre-como-lo-queremos-ver\\\/#primaryimage\",\"url\":\"https:\\\/\\\/letrame.com\\\/catalogo\\\/wp-content\\\/uploads\\\/2026\\\/05\\\/elamornoessiempre_748mm4.jpg\",\"contentUrl\":\"https:\\\/\\\/letrame.com\\\/catalogo\\\/wp-content\\\/uploads\\\/2026\\\/05\\\/elamornoessiempre_748mm4.jpg\",\"width\":945,\"height\":1386},{\"@type\":\"BreadcrumbList\",\"@id\":\"https:\\\/\\\/letrame.com\\\/catalogo\\\/producto\\\/el-amor-no-es-siempre-como-lo-queremos-ver\\\/#breadcrumb\",\"itemListElement\":[{\"@type\":\"ListItem\",\"position\":1,\"name\":\"Portada\",\"item\":\"https:\\\/\\\/letrame.com\\\/catalogo\\\/\"},{\"@type\":\"ListItem\",\"position\":2,\"name\":\"Cat\u00e1logo\",\"item\":\"https:\\\/\\\/letrame.com\\\/catalogo\\\/\"},{\"@type\":\"ListItem\",\"position\":3,\"name\":\"El amor no es siempre como lo queremos ver\"}]},{\"@type\":\"WebSite\",\"@id\":\"https:\\\/\\\/letrame.com\\\/catalogo\\\/#website\",\"url\":\"https:\\\/\\\/letrame.com\\\/catalogo\\\/\",\"name\":\"Catalogo | Letrame Grupo Editorial\",\"description\":\"\",\"publisher\":{\"@id\":\"https:\\\/\\\/letrame.com\\\/catalogo\\\/#organization\"},\"potentialAction\":[{\"@type\":\"SearchAction\",\"target\":{\"@type\":\"EntryPoint\",\"urlTemplate\":\"https:\\\/\\\/letrame.com\\\/catalogo\\\/?s={search_term_string}\"},\"query-input\":{\"@type\":\"PropertyValueSpecification\",\"valueRequired\":true,\"valueName\":\"search_term_string\"}}],\"inLanguage\":\"es\"},{\"@type\":\"Organization\",\"@id\":\"https:\\\/\\\/letrame.com\\\/catalogo\\\/#organization\",\"name\":\"Catalogo | Letrame Grupo Editorial\",\"url\":\"https:\\\/\\\/letrame.com\\\/catalogo\\\/\",\"logo\":{\"@type\":\"ImageObject\",\"inLanguage\":\"es\",\"@id\":\"https:\\\/\\\/letrame.com\\\/catalogo\\\/#\\\/schema\\\/logo\\\/image\\\/\",\"url\":\"https:\\\/\\\/letrame.com\\\/catalogo\\\/wp-content\\\/uploads\\\/2024\\\/03\\\/logo2.webp\",\"contentUrl\":\"https:\\\/\\\/letrame.com\\\/catalogo\\\/wp-content\\\/uploads\\\/2024\\\/03\\\/logo2.webp\",\"width\":394,\"height\":128,\"caption\":\"Catalogo | Letrame Grupo Editorial\"},\"image\":{\"@id\":\"https:\\\/\\\/letrame.com\\\/catalogo\\\/#\\\/schema\\\/logo\\\/image\\\/\"}}]}<\/script>\n<!-- \/ Yoast SEO plugin. -->","yoast_head_json":{"title":"El amor no es siempre como lo queremos ver - Catalogo | Letrame Grupo Editorial","robots":{"index":"index","follow":"follow","max-snippet":"max-snippet:-1","max-image-preview":"max-image-preview:large","max-video-preview":"max-video-preview:-1"},"canonical":"https:\/\/letrame.com\/catalogo\/producto\/el-amor-no-es-siempre-como-lo-queremos-ver\/","og_locale":"es_ES","og_type":"article","og_title":"El amor no es siempre como lo queremos ver - Catalogo | Letrame Grupo Editorial","og_description":"ISBN: 9791370545741  SINOPSIS Cristina es una joven que disfruta del senderismo, viajar y pasar tiempo con sus amigos y su familia. Despu\u00e9s de muchos a\u00f1os sin salir con nadie, conoce a Leo, un muchacho encantador, pero con miedo al compromiso, por lo que evita cualquier v\u00ednculo emocional y, por consiguiente, lleva un sexo liberal. Leo le cuestiona a Cristina si podr\u00eda llevar el mismo estilo de vida, prometiendo llevarlo en secreto. Sin importar nada, Cristina intenta conocer un nuevo mundo. Sin embargo, incumple con la promesa. Al enterarse, Leo comienza a cambiar con Cristina, pero ella sigue queri\u00e9ndolo. Cristina debe elegir si contin\u00faa con Leo o bien redireccionar su camino.","og_url":"https:\/\/letrame.com\/catalogo\/producto\/el-amor-no-es-siempre-como-lo-queremos-ver\/","og_site_name":"Catalogo | Letrame Grupo Editorial","og_image":[{"width":945,"height":1386,"url":"https:\/\/letrame.com\/catalogo\/wp-content\/uploads\/2026\/05\/elamornoessiempre_748mm4.jpg","type":"image\/jpeg"}],"twitter_card":"summary_large_image","twitter_misc":{"Tiempo de lectura":"1 minuto"},"schema":{"@context":"https:\/\/schema.org","@graph":[{"@type":"WebPage","@id":"https:\/\/letrame.com\/catalogo\/producto\/el-amor-no-es-siempre-como-lo-queremos-ver\/","url":"https:\/\/letrame.com\/catalogo\/producto\/el-amor-no-es-siempre-como-lo-queremos-ver\/","name":"El amor no es siempre como lo queremos ver - Catalogo | Letrame Grupo Editorial","isPartOf":{"@id":"https:\/\/letrame.com\/catalogo\/#website"},"primaryImageOfPage":{"@id":"https:\/\/letrame.com\/catalogo\/producto\/el-amor-no-es-siempre-como-lo-queremos-ver\/#primaryimage"},"image":{"@id":"https:\/\/letrame.com\/catalogo\/producto\/el-amor-no-es-siempre-como-lo-queremos-ver\/#primaryimage"},"thumbnailUrl":"https:\/\/letrame.com\/catalogo\/wp-content\/uploads\/2026\/05\/elamornoessiempre_748mm4.jpg","datePublished":"2026-05-12T10:50:38+00:00","breadcrumb":{"@id":"https:\/\/letrame.com\/catalogo\/producto\/el-amor-no-es-siempre-como-lo-queremos-ver\/#breadcrumb"},"inLanguage":"es","potentialAction":[{"@type":"ReadAction","target":["https:\/\/letrame.com\/catalogo\/producto\/el-amor-no-es-siempre-como-lo-queremos-ver\/"]}]},{"@type":"ImageObject","inLanguage":"es","@id":"https:\/\/letrame.com\/catalogo\/producto\/el-amor-no-es-siempre-como-lo-queremos-ver\/#primaryimage","url":"https:\/\/letrame.com\/catalogo\/wp-content\/uploads\/2026\/05\/elamornoessiempre_748mm4.jpg","contentUrl":"https:\/\/letrame.com\/catalogo\/wp-content\/uploads\/2026\/05\/elamornoessiempre_748mm4.jpg","width":945,"height":1386},{"@type":"BreadcrumbList","@id":"https:\/\/letrame.com\/catalogo\/producto\/el-amor-no-es-siempre-como-lo-queremos-ver\/#breadcrumb","itemListElement":[{"@type":"ListItem","position":1,"name":"Portada","item":"https:\/\/letrame.com\/catalogo\/"},{"@type":"ListItem","position":2,"name":"Cat\u00e1logo","item":"https:\/\/letrame.com\/catalogo\/"},{"@type":"ListItem","position":3,"name":"El amor no es siempre como lo queremos ver"}]},{"@type":"WebSite","@id":"https:\/\/letrame.com\/catalogo\/#website","url":"https:\/\/letrame.com\/catalogo\/","name":"Catalogo | Letrame Grupo Editorial","description":"","publisher":{"@id":"https:\/\/letrame.com\/catalogo\/#organization"},"potentialAction":[{"@type":"SearchAction","target":{"@type":"EntryPoint","urlTemplate":"https:\/\/letrame.com\/catalogo\/?s={search_term_string}"},"query-input":{"@type":"PropertyValueSpecification","valueRequired":true,"valueName":"search_term_string"}}],"inLanguage":"es"},{"@type":"Organization","@id":"https:\/\/letrame.com\/catalogo\/#organization","name":"Catalogo | Letrame Grupo Editorial","url":"https:\/\/letrame.com\/catalogo\/","logo":{"@type":"ImageObject","inLanguage":"es","@id":"https:\/\/letrame.com\/catalogo\/#\/schema\/logo\/image\/","url":"https:\/\/letrame.com\/catalogo\/wp-content\/uploads\/2024\/03\/logo2.webp","contentUrl":"https:\/\/letrame.com\/catalogo\/wp-content\/uploads\/2024\/03\/logo2.webp","width":394,"height":128,"caption":"Catalogo | Letrame Grupo Editorial"},"image":{"@id":"https:\/\/letrame.com\/catalogo\/#\/schema\/logo\/image\/"}}]}},"_links":{"self":[{"href":"https:\/\/letrame.com\/catalogo\/wp-json\/wp\/v2\/product\/112666","targetHints":{"allow":["GET"]}}],"collection":[{"href":"https:\/\/letrame.com\/catalogo\/wp-json\/wp\/v2\/product"}],"about":[{"href":"https:\/\/letrame.com\/catalogo\/wp-json\/wp\/v2\/types\/product"}],"replies":[{"embeddable":true,"href":"https:\/\/letrame.com\/catalogo\/wp-json\/wp\/v2\/comments?post=112666"}],"acf:post":[{"embeddable":true,"href":"https:\/\/letrame.com\/catalogo\/wp-json\/wp\/v2\/author_book\/112667"}],"wp:featuredmedia":[{"embeddable":true,"href":"https:\/\/letrame.com\/catalogo\/wp-json\/wp\/v2\/media\/112669"}],"wp:attachment":[{"href":"https:\/\/letrame.com\/catalogo\/wp-json\/wp\/v2\/media?parent=112666"}],"wp:term":[{"taxonomy":"libro","embeddable":true,"href":"https:\/\/letrame.com\/catalogo\/wp-json\/wp\/v2\/libro?post=112666"},{"taxonomy":"product_brand","embeddable":true,"href":"https:\/\/letrame.com\/catalogo\/wp-json\/wp\/v2\/product_brand?post=112666"},{"taxonomy":"product_cat","embeddable":true,"href":"https:\/\/letrame.com\/catalogo\/wp-json\/wp\/v2\/product_cat?post=112666"},{"taxonomy":"product_tag","embeddable":true,"href":"https:\/\/letrame.com\/catalogo\/wp-json\/wp\/v2\/product_tag?post=112666"}],"curies":[{"name":"wp","href":"https:\/\/api.w.org\/{rel}","templated":true}]}}