{"id":112659,"date":"2026-05-12T12:31:29","date_gmt":"2026-05-12T10:31:29","guid":{"rendered":"https:\/\/letrame.com\/catalogo\/?post_type=product&#038;p=112659"},"modified":"2026-05-13T14:48:29","modified_gmt":"2026-05-13T12:48:29","slug":"un-paseo-por-la-tierra","status":"publish","type":"product","link":"https:\/\/letrame.com\/catalogo\/producto\/un-paseo-por-la-tierra\/","title":{"rendered":"Un paseo por la tierra"},"content":{"rendered":"<p><strong>ISBN: 9791370297749<\/strong><br \/>\n<strong>T\u00edtulo: Un paseo por la tierra<\/strong><br \/>\n<strong>Fecha: 2025\u00a0<\/strong><br \/>\n<strong>P\u00e1ginas: 426<\/strong><\/p>\n<p><strong>SINOPSIS<\/strong><\/p>\n<p>Y la Presencia se hizo verbo y tom\u00f3 forma en la vida de la autora, que amanec\u00eda escribiendo entre la selva costarricense de Puerto Lim\u00f3n y el mar que guard\u00f3 sus memorias en el bosque de Zapotitl\u00e1n de Salinas, como lo hacen otras presencias desde ni\u00f1a, acompa\u00f1\u00e1ndola d\u00eda a d\u00eda, revelando que la vida no debe ser habitada solo con lo que miran nuestros ojos, sino m\u00e1s all\u00e1 de ellos.<\/p>\n<p>Luego se hizo silencio durante ocho a\u00f1os mientras se escrib\u00edan otras historias, hasta el d\u00eda en que lleg\u00f3 el amanecer para el manuscrito. As\u00ed deb\u00eda ser.<\/p>\n<p>Este libro danza entre los tiempos, sin tiempo, cont\u00e1ndose en tres lenguajes, la palabra escrita, el s\u00edmbolo y el canto gutural, vivo en la autora desde que naci\u00f3, mantenido por sus gu\u00edas d\u00eda a d\u00eda, que llegar\u00e1n a saludar lo m\u00e1s profundo de tu ser para honrar la luz que a\u00fan no amanece en tus cristales del alma.<\/p>\n<p>Cada s\u00edmbolo es una meditaci\u00f3n, una llave vibratoria que despierta memorias olvidadas, cada frase gutural un verso y cada p\u00e1gina en blanco un lugar donde dejar descansar tus suspiros.<\/p>\n<p>Una vez le\u00eddo, los sesenta s\u00edmbolos te invitan a una meditaci\u00f3n de sesenta d\u00edas: uno al d\u00eda, con la respiraci\u00f3n como gu\u00eda, para que el libro siga abri\u00e9ndose en ti mucho despu\u00e9s de la \u00faltima p\u00e1gina.<\/p>\n<p>Si has llegado hasta aqu\u00ed, es porque algo en ti quiere que mires m\u00e1s all\u00e1 del velo. Tal vez porque ya te has dado cuenta de que la vida es algo m\u00e1s que la propia vida.<\/p>\n<p>Respira con la profundidad que lo hacen las gotas de roc\u00edo cuando, pensando que han muerto, se dan cuenta de que se han convertido en un estado a\u00fan m\u00e1s libre que el anterior.<\/p>\n<p>No lo leas con prisa. Tiene veinticuatro partes, veinticuatro umbrales. T\u00f3mate el tiempo que necesites en cada uno. Si corres, no ver\u00e1s florecer sus letras.<\/p>\n<p>L\u00e9elo con sosiego, desplegando tu cristalino coraz\u00f3n alado, atravesando tus yoes y qued\u00e1ndote en la desnudez del nombre que te envuelve.<\/p>\n","protected":false},"excerpt":{"rendered":"<p><strong>ISBN: 9791370297749<\/strong><\/p>\n<p><strong>SINOPSIS<\/strong><\/p>\n<p>Y la Presencia se hizo verbo y tom\u00f3 forma en la vida de la autora, que amanec\u00eda escribiendo entre la selva costarricense de Puerto Lim\u00f3n y el mar que guard\u00f3 sus memorias en el bosque de Zapotitl\u00e1n de Salinas, como lo hacen otras presencias desde ni\u00f1a, acompa\u00f1\u00e1ndola d\u00eda a d\u00eda, revelando que la vida no debe ser habitada solo con lo que miran nuestros ojos, sino m\u00e1s all\u00e1 de ellos.<\/p>\n<p>Luego se hizo silencio durante ocho a\u00f1os mientras se escrib\u00edan otras historias, hasta el d\u00eda en que lleg\u00f3 el amanecer para el manuscrito. As\u00ed deb\u00eda ser.<\/p>\n<p>Este libro danza entre los tiempos, sin tiempo, cont\u00e1ndose en tres lenguajes, la palabra escrita, el s\u00edmbolo y el canto gutural, vivo en la autora desde que naci\u00f3, mantenido por sus gu\u00edas d\u00eda a d\u00eda, que llegar\u00e1n a saludar lo m\u00e1s profundo de tu ser para honrar la luz que a\u00fan no amanece en tus cristales del alma.<\/p>\n<p>Cada s\u00edmbolo es una meditaci\u00f3n, una llave vibratoria que despierta memorias olvidadas, cada frase gutural un verso y cada p\u00e1gina en blanco un lugar donde dejar descansar tus suspiros.<\/p>\n<p>Una vez le\u00eddo, los sesenta s\u00edmbolos te invitan a una meditaci\u00f3n de sesenta d\u00edas: uno al d\u00eda, con la respiraci\u00f3n como gu\u00eda, para que el libro siga abri\u00e9ndose en ti mucho despu\u00e9s de la \u00faltima p\u00e1gina.<\/p>\n<p>Si has llegado hasta aqu\u00ed, es porque algo en ti quiere que mires m\u00e1s all\u00e1 del velo. Tal vez porque ya te has dado cuenta de que la vida es algo m\u00e1s que la propia vida.<\/p>\n<p>Respira con la profundidad que lo hacen las gotas de roc\u00edo cuando, pensando que han muerto, se dan cuenta de que se han convertido en un estado a\u00fan m\u00e1s libre que el anterior.<\/p>\n<p>No lo leas con prisa. Tiene veinticuatro partes, veinticuatro umbrales. T\u00f3mate el tiempo que necesites en cada uno. Si corres, no ver\u00e1s florecer sus letras.<\/p>\n<p>L\u00e9elo con sosiego, desplegando tu cristalino coraz\u00f3n alado, atravesando tus yoes y qued\u00e1ndote en la desnudez del nombre que te envuelve.<\/p>\n","protected":false},"featured_media":112661,"comment_status":"open","ping_status":"closed","template":"","meta":{"_acf_changed":false},"libro":[],"product_brand":[],"product_cat":[25],"product_tag":[],"class_list":{"0":"post-112659","1":"product","2":"type-product","3":"status-publish","4":"has-post-thumbnail","6":"product_cat-religion-y-espiritualidad","8":"first","9":"instock","10":"shipping-taxable","11":"product-type-simple"},"acf":{"autor":[74977],"enlace_de_compra":"https:\/\/amzn.to\/4uMpgM1"},"yoast_head":"<!-- This site is optimized with the Yoast SEO plugin v27.4 - https:\/\/yoast.com\/product\/yoast-seo-wordpress\/ -->\n<title>Un paseo por la tierra - Catalogo | Letrame Grupo Editorial<\/title>\n<meta name=\"robots\" content=\"index, follow, max-snippet:-1, max-image-preview:large, max-video-preview:-1\" \/>\n<link rel=\"canonical\" href=\"https:\/\/letrame.com\/catalogo\/producto\/un-paseo-por-la-tierra\/\" \/>\n<meta property=\"og:locale\" content=\"es_ES\" \/>\n<meta property=\"og:type\" content=\"article\" \/>\n<meta property=\"og:title\" content=\"Un paseo por la tierra - Catalogo | Letrame Grupo Editorial\" \/>\n<meta property=\"og:description\" content=\"ISBN: 9791370297749  SINOPSIS  Y la Presencia se hizo verbo y tom\u00f3 forma en la vida de la autora, que amanec\u00eda escribiendo entre la selva costarricense de Puerto Lim\u00f3n y el mar que guard\u00f3 sus memorias en el bosque de Zapotitl\u00e1n de Salinas, como lo hacen otras presencias desde ni\u00f1a, acompa\u00f1\u00e1ndola d\u00eda a d\u00eda, revelando que la vida no debe ser habitada solo con lo que miran nuestros ojos, sino m\u00e1s all\u00e1 de ellos.  Luego se hizo silencio durante ocho a\u00f1os mientras se escrib\u00edan otras historias, hasta el d\u00eda en que lleg\u00f3 el amanecer para el manuscrito. As\u00ed deb\u00eda ser.  Este libro danza entre los tiempos, sin tiempo, cont\u00e1ndose en tres lenguajes, la palabra escrita, el s\u00edmbolo y el canto gutural, vivo en la autora desde que naci\u00f3, mantenido por sus gu\u00edas d\u00eda a d\u00eda, que llegar\u00e1n a saludar lo m\u00e1s profundo de tu ser para honrar la luz que a\u00fan no amanece en tus cristales del alma.  Cada s\u00edmbolo es una meditaci\u00f3n, una llave vibratoria que despierta memorias olvidadas, cada frase gutural un verso y cada p\u00e1gina en blanco un lugar donde dejar descansar tus suspiros.  Una vez le\u00eddo, los sesenta s\u00edmbolos te invitan a una meditaci\u00f3n de sesenta d\u00edas: uno al d\u00eda, con la respiraci\u00f3n como gu\u00eda, para que el libro siga abri\u00e9ndose en ti mucho despu\u00e9s de la \u00faltima p\u00e1gina.  Si has llegado hasta aqu\u00ed, es porque algo en ti quiere que mires m\u00e1s all\u00e1 del velo. Tal vez porque ya te has dado cuenta de que la vida es algo m\u00e1s que la propia vida.  Respira con la profundidad que lo hacen las gotas de roc\u00edo cuando, pensando que han muerto, se dan cuenta de que se han convertido en un estado a\u00fan m\u00e1s libre que el anterior.  No lo leas con prisa. Tiene veinticuatro partes, veinticuatro umbrales. T\u00f3mate el tiempo que necesites en cada uno. Si corres, no ver\u00e1s florecer sus letras.  L\u00e9elo con sosiego, desplegando tu cristalino coraz\u00f3n alado, atravesando tus yoes y qued\u00e1ndote en la desnudez del nombre que te envuelve.\" \/>\n<meta property=\"og:url\" content=\"https:\/\/letrame.com\/catalogo\/producto\/un-paseo-por-la-tierra\/\" \/>\n<meta property=\"og:site_name\" content=\"Catalogo | Letrame Grupo Editorial\" \/>\n<meta property=\"article:modified_time\" content=\"2026-05-13T12:48:29+00:00\" \/>\n<meta property=\"og:image\" content=\"https:\/\/letrame.com\/catalogo\/wp-content\/uploads\/2026\/05\/Unpaseoporlatierra_2096mm4-1.jpg\" \/>\n\t<meta property=\"og:image:width\" content=\"1339\" \/>\n\t<meta property=\"og:image:height\" content=\"1890\" \/>\n\t<meta property=\"og:image:type\" content=\"image\/jpeg\" \/>\n<meta name=\"twitter:card\" content=\"summary_large_image\" \/>\n<meta name=\"twitter:label1\" content=\"Tiempo de lectura\" \/>\n\t<meta name=\"twitter:data1\" content=\"2 minutos\" \/>\n<script type=\"application\/ld+json\" class=\"yoast-schema-graph\">{\"@context\":\"https:\\\/\\\/schema.org\",\"@graph\":[{\"@type\":\"WebPage\",\"@id\":\"https:\\\/\\\/letrame.com\\\/catalogo\\\/producto\\\/un-paseo-por-la-tierra\\\/\",\"url\":\"https:\\\/\\\/letrame.com\\\/catalogo\\\/producto\\\/un-paseo-por-la-tierra\\\/\",\"name\":\"Un paseo por la tierra - Catalogo | Letrame Grupo Editorial\",\"isPartOf\":{\"@id\":\"https:\\\/\\\/letrame.com\\\/catalogo\\\/#website\"},\"primaryImageOfPage\":{\"@id\":\"https:\\\/\\\/letrame.com\\\/catalogo\\\/producto\\\/un-paseo-por-la-tierra\\\/#primaryimage\"},\"image\":{\"@id\":\"https:\\\/\\\/letrame.com\\\/catalogo\\\/producto\\\/un-paseo-por-la-tierra\\\/#primaryimage\"},\"thumbnailUrl\":\"https:\\\/\\\/letrame.com\\\/catalogo\\\/wp-content\\\/uploads\\\/2026\\\/05\\\/Unpaseoporlatierra_2096mm4-1.jpg\",\"datePublished\":\"2026-05-12T10:31:29+00:00\",\"dateModified\":\"2026-05-13T12:48:29+00:00\",\"breadcrumb\":{\"@id\":\"https:\\\/\\\/letrame.com\\\/catalogo\\\/producto\\\/un-paseo-por-la-tierra\\\/#breadcrumb\"},\"inLanguage\":\"es\",\"potentialAction\":[{\"@type\":\"ReadAction\",\"target\":[\"https:\\\/\\\/letrame.com\\\/catalogo\\\/producto\\\/un-paseo-por-la-tierra\\\/\"]}]},{\"@type\":\"ImageObject\",\"inLanguage\":\"es\",\"@id\":\"https:\\\/\\\/letrame.com\\\/catalogo\\\/producto\\\/un-paseo-por-la-tierra\\\/#primaryimage\",\"url\":\"https:\\\/\\\/letrame.com\\\/catalogo\\\/wp-content\\\/uploads\\\/2026\\\/05\\\/Unpaseoporlatierra_2096mm4-1.jpg\",\"contentUrl\":\"https:\\\/\\\/letrame.com\\\/catalogo\\\/wp-content\\\/uploads\\\/2026\\\/05\\\/Unpaseoporlatierra_2096mm4-1.jpg\",\"width\":1339,\"height\":1890},{\"@type\":\"BreadcrumbList\",\"@id\":\"https:\\\/\\\/letrame.com\\\/catalogo\\\/producto\\\/un-paseo-por-la-tierra\\\/#breadcrumb\",\"itemListElement\":[{\"@type\":\"ListItem\",\"position\":1,\"name\":\"Portada\",\"item\":\"https:\\\/\\\/letrame.com\\\/catalogo\\\/\"},{\"@type\":\"ListItem\",\"position\":2,\"name\":\"Cat\u00e1logo\",\"item\":\"https:\\\/\\\/letrame.com\\\/catalogo\\\/\"},{\"@type\":\"ListItem\",\"position\":3,\"name\":\"Un paseo por la tierra\"}]},{\"@type\":\"WebSite\",\"@id\":\"https:\\\/\\\/letrame.com\\\/catalogo\\\/#website\",\"url\":\"https:\\\/\\\/letrame.com\\\/catalogo\\\/\",\"name\":\"Catalogo | Letrame Grupo Editorial\",\"description\":\"\",\"publisher\":{\"@id\":\"https:\\\/\\\/letrame.com\\\/catalogo\\\/#organization\"},\"potentialAction\":[{\"@type\":\"SearchAction\",\"target\":{\"@type\":\"EntryPoint\",\"urlTemplate\":\"https:\\\/\\\/letrame.com\\\/catalogo\\\/?s={search_term_string}\"},\"query-input\":{\"@type\":\"PropertyValueSpecification\",\"valueRequired\":true,\"valueName\":\"search_term_string\"}}],\"inLanguage\":\"es\"},{\"@type\":\"Organization\",\"@id\":\"https:\\\/\\\/letrame.com\\\/catalogo\\\/#organization\",\"name\":\"Catalogo | Letrame Grupo Editorial\",\"url\":\"https:\\\/\\\/letrame.com\\\/catalogo\\\/\",\"logo\":{\"@type\":\"ImageObject\",\"inLanguage\":\"es\",\"@id\":\"https:\\\/\\\/letrame.com\\\/catalogo\\\/#\\\/schema\\\/logo\\\/image\\\/\",\"url\":\"https:\\\/\\\/letrame.com\\\/catalogo\\\/wp-content\\\/uploads\\\/2024\\\/03\\\/logo2.webp\",\"contentUrl\":\"https:\\\/\\\/letrame.com\\\/catalogo\\\/wp-content\\\/uploads\\\/2024\\\/03\\\/logo2.webp\",\"width\":394,\"height\":128,\"caption\":\"Catalogo | Letrame Grupo Editorial\"},\"image\":{\"@id\":\"https:\\\/\\\/letrame.com\\\/catalogo\\\/#\\\/schema\\\/logo\\\/image\\\/\"}}]}<\/script>\n<!-- \/ Yoast SEO plugin. -->","yoast_head_json":{"title":"Un paseo por la tierra - Catalogo | Letrame Grupo Editorial","robots":{"index":"index","follow":"follow","max-snippet":"max-snippet:-1","max-image-preview":"max-image-preview:large","max-video-preview":"max-video-preview:-1"},"canonical":"https:\/\/letrame.com\/catalogo\/producto\/un-paseo-por-la-tierra\/","og_locale":"es_ES","og_type":"article","og_title":"Un paseo por la tierra - Catalogo | Letrame Grupo Editorial","og_description":"ISBN: 9791370297749  SINOPSIS  Y la Presencia se hizo verbo y tom\u00f3 forma en la vida de la autora, que amanec\u00eda escribiendo entre la selva costarricense de Puerto Lim\u00f3n y el mar que guard\u00f3 sus memorias en el bosque de Zapotitl\u00e1n de Salinas, como lo hacen otras presencias desde ni\u00f1a, acompa\u00f1\u00e1ndola d\u00eda a d\u00eda, revelando que la vida no debe ser habitada solo con lo que miran nuestros ojos, sino m\u00e1s all\u00e1 de ellos.  Luego se hizo silencio durante ocho a\u00f1os mientras se escrib\u00edan otras historias, hasta el d\u00eda en que lleg\u00f3 el amanecer para el manuscrito. As\u00ed deb\u00eda ser.  Este libro danza entre los tiempos, sin tiempo, cont\u00e1ndose en tres lenguajes, la palabra escrita, el s\u00edmbolo y el canto gutural, vivo en la autora desde que naci\u00f3, mantenido por sus gu\u00edas d\u00eda a d\u00eda, que llegar\u00e1n a saludar lo m\u00e1s profundo de tu ser para honrar la luz que a\u00fan no amanece en tus cristales del alma.  Cada s\u00edmbolo es una meditaci\u00f3n, una llave vibratoria que despierta memorias olvidadas, cada frase gutural un verso y cada p\u00e1gina en blanco un lugar donde dejar descansar tus suspiros.  Una vez le\u00eddo, los sesenta s\u00edmbolos te invitan a una meditaci\u00f3n de sesenta d\u00edas: uno al d\u00eda, con la respiraci\u00f3n como gu\u00eda, para que el libro siga abri\u00e9ndose en ti mucho despu\u00e9s de la \u00faltima p\u00e1gina.  Si has llegado hasta aqu\u00ed, es porque algo en ti quiere que mires m\u00e1s all\u00e1 del velo. Tal vez porque ya te has dado cuenta de que la vida es algo m\u00e1s que la propia vida.  Respira con la profundidad que lo hacen las gotas de roc\u00edo cuando, pensando que han muerto, se dan cuenta de que se han convertido en un estado a\u00fan m\u00e1s libre que el anterior.  No lo leas con prisa. Tiene veinticuatro partes, veinticuatro umbrales. T\u00f3mate el tiempo que necesites en cada uno. Si corres, no ver\u00e1s florecer sus letras.  L\u00e9elo con sosiego, desplegando tu cristalino coraz\u00f3n alado, atravesando tus yoes y qued\u00e1ndote en la desnudez del nombre que te envuelve.","og_url":"https:\/\/letrame.com\/catalogo\/producto\/un-paseo-por-la-tierra\/","og_site_name":"Catalogo | Letrame Grupo Editorial","article_modified_time":"2026-05-13T12:48:29+00:00","og_image":[{"width":1339,"height":1890,"url":"https:\/\/letrame.com\/catalogo\/wp-content\/uploads\/2026\/05\/Unpaseoporlatierra_2096mm4-1.jpg","type":"image\/jpeg"}],"twitter_card":"summary_large_image","twitter_misc":{"Tiempo de lectura":"2 minutos"},"schema":{"@context":"https:\/\/schema.org","@graph":[{"@type":"WebPage","@id":"https:\/\/letrame.com\/catalogo\/producto\/un-paseo-por-la-tierra\/","url":"https:\/\/letrame.com\/catalogo\/producto\/un-paseo-por-la-tierra\/","name":"Un paseo por la tierra - Catalogo | Letrame Grupo Editorial","isPartOf":{"@id":"https:\/\/letrame.com\/catalogo\/#website"},"primaryImageOfPage":{"@id":"https:\/\/letrame.com\/catalogo\/producto\/un-paseo-por-la-tierra\/#primaryimage"},"image":{"@id":"https:\/\/letrame.com\/catalogo\/producto\/un-paseo-por-la-tierra\/#primaryimage"},"thumbnailUrl":"https:\/\/letrame.com\/catalogo\/wp-content\/uploads\/2026\/05\/Unpaseoporlatierra_2096mm4-1.jpg","datePublished":"2026-05-12T10:31:29+00:00","dateModified":"2026-05-13T12:48:29+00:00","breadcrumb":{"@id":"https:\/\/letrame.com\/catalogo\/producto\/un-paseo-por-la-tierra\/#breadcrumb"},"inLanguage":"es","potentialAction":[{"@type":"ReadAction","target":["https:\/\/letrame.com\/catalogo\/producto\/un-paseo-por-la-tierra\/"]}]},{"@type":"ImageObject","inLanguage":"es","@id":"https:\/\/letrame.com\/catalogo\/producto\/un-paseo-por-la-tierra\/#primaryimage","url":"https:\/\/letrame.com\/catalogo\/wp-content\/uploads\/2026\/05\/Unpaseoporlatierra_2096mm4-1.jpg","contentUrl":"https:\/\/letrame.com\/catalogo\/wp-content\/uploads\/2026\/05\/Unpaseoporlatierra_2096mm4-1.jpg","width":1339,"height":1890},{"@type":"BreadcrumbList","@id":"https:\/\/letrame.com\/catalogo\/producto\/un-paseo-por-la-tierra\/#breadcrumb","itemListElement":[{"@type":"ListItem","position":1,"name":"Portada","item":"https:\/\/letrame.com\/catalogo\/"},{"@type":"ListItem","position":2,"name":"Cat\u00e1logo","item":"https:\/\/letrame.com\/catalogo\/"},{"@type":"ListItem","position":3,"name":"Un paseo por la tierra"}]},{"@type":"WebSite","@id":"https:\/\/letrame.com\/catalogo\/#website","url":"https:\/\/letrame.com\/catalogo\/","name":"Catalogo | Letrame Grupo Editorial","description":"","publisher":{"@id":"https:\/\/letrame.com\/catalogo\/#organization"},"potentialAction":[{"@type":"SearchAction","target":{"@type":"EntryPoint","urlTemplate":"https:\/\/letrame.com\/catalogo\/?s={search_term_string}"},"query-input":{"@type":"PropertyValueSpecification","valueRequired":true,"valueName":"search_term_string"}}],"inLanguage":"es"},{"@type":"Organization","@id":"https:\/\/letrame.com\/catalogo\/#organization","name":"Catalogo | Letrame Grupo Editorial","url":"https:\/\/letrame.com\/catalogo\/","logo":{"@type":"ImageObject","inLanguage":"es","@id":"https:\/\/letrame.com\/catalogo\/#\/schema\/logo\/image\/","url":"https:\/\/letrame.com\/catalogo\/wp-content\/uploads\/2024\/03\/logo2.webp","contentUrl":"https:\/\/letrame.com\/catalogo\/wp-content\/uploads\/2024\/03\/logo2.webp","width":394,"height":128,"caption":"Catalogo | Letrame Grupo Editorial"},"image":{"@id":"https:\/\/letrame.com\/catalogo\/#\/schema\/logo\/image\/"}}]}},"_links":{"self":[{"href":"https:\/\/letrame.com\/catalogo\/wp-json\/wp\/v2\/product\/112659","targetHints":{"allow":["GET"]}}],"collection":[{"href":"https:\/\/letrame.com\/catalogo\/wp-json\/wp\/v2\/product"}],"about":[{"href":"https:\/\/letrame.com\/catalogo\/wp-json\/wp\/v2\/types\/product"}],"replies":[{"embeddable":true,"href":"https:\/\/letrame.com\/catalogo\/wp-json\/wp\/v2\/comments?post=112659"}],"acf:post":[{"embeddable":true,"href":"https:\/\/letrame.com\/catalogo\/wp-json\/wp\/v2\/author_book\/74977"}],"wp:featuredmedia":[{"embeddable":true,"href":"https:\/\/letrame.com\/catalogo\/wp-json\/wp\/v2\/media\/112661"}],"wp:attachment":[{"href":"https:\/\/letrame.com\/catalogo\/wp-json\/wp\/v2\/media?parent=112659"}],"wp:term":[{"taxonomy":"libro","embeddable":true,"href":"https:\/\/letrame.com\/catalogo\/wp-json\/wp\/v2\/libro?post=112659"},{"taxonomy":"product_brand","embeddable":true,"href":"https:\/\/letrame.com\/catalogo\/wp-json\/wp\/v2\/product_brand?post=112659"},{"taxonomy":"product_cat","embeddable":true,"href":"https:\/\/letrame.com\/catalogo\/wp-json\/wp\/v2\/product_cat?post=112659"},{"taxonomy":"product_tag","embeddable":true,"href":"https:\/\/letrame.com\/catalogo\/wp-json\/wp\/v2\/product_tag?post=112659"}],"curies":[{"name":"wp","href":"https:\/\/api.w.org\/{rel}","templated":true}]}}