{"id":112615,"date":"2026-05-08T09:05:39","date_gmt":"2026-05-08T07:05:39","guid":{"rendered":"https:\/\/letrame.com\/catalogo\/?post_type=product&#038;p=112615"},"modified":"2026-05-08T09:05:40","modified_gmt":"2026-05-08T07:05:40","slug":"quien-mato-al-embajador","status":"publish","type":"product","link":"https:\/\/letrame.com\/catalogo\/producto\/quien-mato-al-embajador\/","title":{"rendered":"\u00bfQui\u00e9n mat\u00f3 al embajador?"},"content":{"rendered":"<p><strong>ISBN: 9791370545253<\/strong><br \/>\n<strong>T\u00edtulo: \u00bfQui\u00e9n mat\u00f3 al embajador?<\/strong><br \/>\n<strong>Fecha: 2026<\/strong><br \/>\n<strong>P\u00e1ginas: 222<\/strong><\/p>\n<p><strong>SINOPSIS<\/strong><\/p>\n<p data-start=\"0\" data-end=\"107\">La lectura de este libro permite disfrutar de una novela polic\u00edaca con dos caracter\u00edsticas diferenciadoras.<\/p>\n<p data-start=\"109\" data-end=\"491\">La primera es el \u00e1mbito en el que se desarrolla el crimen y, posteriormente, la l\u00f3gica investigaci\u00f3n, pues el trabajo policial en un pa\u00eds extranjero, pero dentro de un espacio que se considera territorio excluido de la normativa local, presenta peculiaridades que enriquecen el texto, y m\u00e1s si a ello se unen actividades relacionadas con la \u00abvida\u00bb en las embajadas y los consulados.<\/p>\n<p data-start=\"493\" data-end=\"843\">Adem\u00e1s, el lector puede realizar su propia investigaci\u00f3n, ya que el texto permite que disponga de la misma informaci\u00f3n que los \u00abinvestigadores\u00bb de la trama, con el inspector Garc\u00eda al frente, y la obtengan al mismo tiempo que ellos, de forma que puedan llegar por s\u00ed mismos a las conclusiones de los personajes, o a otras distintas si eso es posible.<\/p>\n<p data-start=\"845\" data-end=\"988\" data-is-last-node=\"\" data-is-only-node=\"\">\u00danase a la investigaci\u00f3n, entre por esta peculiar puerta en el mundo diplom\u00e1tico y consiga contestar a la pregunta que se plantea en el t\u00edtulo.<\/p>\n","protected":false},"excerpt":{"rendered":"<p><strong>ISBN: 9791370545253<\/strong><\/p>\n<p><strong>SINOPSIS<\/strong><\/p>\n<p data-start=\"0\" data-end=\"107\">La lectura de este libro permite disfrutar de una novela polic\u00edaca con dos caracter\u00edsticas diferenciadoras.<\/p>\n<p data-start=\"109\" data-end=\"491\">La primera es el \u00e1mbito en el que se desarrolla el crimen y, posteriormente, la l\u00f3gica investigaci\u00f3n, pues el trabajo policial en un pa\u00eds extranjero, pero dentro de un espacio que se considera territorio excluido de la normativa local, presenta peculiaridades que enriquecen el texto, y m\u00e1s si a ello se unen actividades relacionadas con la \u00abvida\u00bb en las embajadas y los consulados.<\/p>\n<p data-start=\"493\" data-end=\"843\">Adem\u00e1s, el lector puede realizar su propia investigaci\u00f3n, ya que el texto permite que disponga de la misma informaci\u00f3n que los \u00abinvestigadores\u00bb de la trama, con el inspector Garc\u00eda al frente, y la obtengan al mismo tiempo que ellos, de forma que puedan llegar por s\u00ed mismos a las conclusiones de los personajes, o a otras distintas si eso es posible.<\/p>\n<p data-start=\"845\" data-end=\"988\" data-is-last-node=\"\" data-is-only-node=\"\">\u00danase a la investigaci\u00f3n, entre por esta peculiar puerta en el mundo diplom\u00e1tico y consiga contestar a la pregunta que se plantea en el t\u00edtulo.<\/p>\n","protected":false},"featured_media":112616,"comment_status":"open","ping_status":"closed","template":"","meta":{"_acf_changed":false},"libro":[],"product_brand":[],"product_cat":[155],"product_tag":[],"class_list":{"0":"post-112615","1":"product","2":"type-product","3":"status-publish","4":"has-post-thumbnail","6":"product_cat-novela-policiaca","8":"first","9":"instock","10":"shipping-taxable","11":"product-type-simple"},"acf":{"autor":[108484],"enlace_de_compra":""},"yoast_head":"<!-- This site is optimized with the Yoast SEO plugin v27.4 - https:\/\/yoast.com\/product\/yoast-seo-wordpress\/ -->\n<title>\u00bfQui\u00e9n mat\u00f3 al embajador? - Catalogo | Letrame Grupo Editorial<\/title>\n<meta name=\"robots\" content=\"index, follow, max-snippet:-1, max-image-preview:large, max-video-preview:-1\" \/>\n<link rel=\"canonical\" href=\"https:\/\/letrame.com\/catalogo\/producto\/quien-mato-al-embajador\/\" \/>\n<meta property=\"og:locale\" content=\"es_ES\" \/>\n<meta property=\"og:type\" content=\"article\" \/>\n<meta property=\"og:title\" content=\"\u00bfQui\u00e9n mat\u00f3 al embajador? - Catalogo | Letrame Grupo Editorial\" \/>\n<meta property=\"og:description\" content=\"ISBN: 9791370545253  SINOPSIS La lectura de este libro permite disfrutar de una novela polic\u00edaca con dos caracter\u00edsticas diferenciadoras. La primera es el \u00e1mbito en el que se desarrolla el crimen y, posteriormente, la l\u00f3gica investigaci\u00f3n, pues el trabajo policial en un pa\u00eds extranjero, pero dentro de un espacio que se considera territorio excluido de la normativa local, presenta peculiaridades que enriquecen el texto, y m\u00e1s si a ello se unen actividades relacionadas con la \u00abvida\u00bb en las embajadas y los consulados. Adem\u00e1s, el lector puede realizar su propia investigaci\u00f3n, ya que el texto permite que disponga de la misma informaci\u00f3n que los \u00abinvestigadores\u00bb de la trama, con el inspector Garc\u00eda al frente, y la obtengan al mismo tiempo que ellos, de forma que puedan llegar por s\u00ed mismos a las conclusiones de los personajes, o a otras distintas si eso es posible. \u00danase a la investigaci\u00f3n, entre por esta peculiar puerta en el mundo diplom\u00e1tico y consiga contestar a la pregunta que se plantea en el t\u00edtulo.\" \/>\n<meta property=\"og:url\" content=\"https:\/\/letrame.com\/catalogo\/producto\/quien-mato-al-embajador\/\" \/>\n<meta property=\"og:site_name\" content=\"Catalogo | Letrame Grupo Editorial\" \/>\n<meta property=\"article:modified_time\" content=\"2026-05-08T07:05:40+00:00\" \/>\n<meta property=\"og:image\" content=\"https:\/\/letrame.com\/catalogo\/wp-content\/uploads\/2026\/05\/\u00bfquienmato_1242mm4.jpg\" \/>\n\t<meta property=\"og:image:width\" content=\"1181\" \/>\n\t<meta property=\"og:image:height\" content=\"1654\" \/>\n\t<meta property=\"og:image:type\" content=\"image\/jpeg\" \/>\n<meta name=\"twitter:card\" content=\"summary_large_image\" \/>\n<meta name=\"twitter:label1\" content=\"Tiempo de lectura\" \/>\n\t<meta name=\"twitter:data1\" content=\"2 minutos\" \/>\n<script type=\"application\/ld+json\" class=\"yoast-schema-graph\">{\"@context\":\"https:\\\/\\\/schema.org\",\"@graph\":[{\"@type\":\"WebPage\",\"@id\":\"https:\\\/\\\/letrame.com\\\/catalogo\\\/producto\\\/quien-mato-al-embajador\\\/\",\"url\":\"https:\\\/\\\/letrame.com\\\/catalogo\\\/producto\\\/quien-mato-al-embajador\\\/\",\"name\":\"\u00bfQui\u00e9n mat\u00f3 al embajador? - Catalogo | Letrame Grupo Editorial\",\"isPartOf\":{\"@id\":\"https:\\\/\\\/letrame.com\\\/catalogo\\\/#website\"},\"primaryImageOfPage\":{\"@id\":\"https:\\\/\\\/letrame.com\\\/catalogo\\\/producto\\\/quien-mato-al-embajador\\\/#primaryimage\"},\"image\":{\"@id\":\"https:\\\/\\\/letrame.com\\\/catalogo\\\/producto\\\/quien-mato-al-embajador\\\/#primaryimage\"},\"thumbnailUrl\":\"https:\\\/\\\/letrame.com\\\/catalogo\\\/wp-content\\\/uploads\\\/2026\\\/05\\\/\u00bfquienmato_1242mm4.jpg\",\"datePublished\":\"2026-05-08T07:05:39+00:00\",\"dateModified\":\"2026-05-08T07:05:40+00:00\",\"breadcrumb\":{\"@id\":\"https:\\\/\\\/letrame.com\\\/catalogo\\\/producto\\\/quien-mato-al-embajador\\\/#breadcrumb\"},\"inLanguage\":\"es\",\"potentialAction\":[{\"@type\":\"ReadAction\",\"target\":[\"https:\\\/\\\/letrame.com\\\/catalogo\\\/producto\\\/quien-mato-al-embajador\\\/\"]}]},{\"@type\":\"ImageObject\",\"inLanguage\":\"es\",\"@id\":\"https:\\\/\\\/letrame.com\\\/catalogo\\\/producto\\\/quien-mato-al-embajador\\\/#primaryimage\",\"url\":\"https:\\\/\\\/letrame.com\\\/catalogo\\\/wp-content\\\/uploads\\\/2026\\\/05\\\/\u00bfquienmato_1242mm4.jpg\",\"contentUrl\":\"https:\\\/\\\/letrame.com\\\/catalogo\\\/wp-content\\\/uploads\\\/2026\\\/05\\\/\u00bfquienmato_1242mm4.jpg\",\"width\":1181,\"height\":1654},{\"@type\":\"BreadcrumbList\",\"@id\":\"https:\\\/\\\/letrame.com\\\/catalogo\\\/producto\\\/quien-mato-al-embajador\\\/#breadcrumb\",\"itemListElement\":[{\"@type\":\"ListItem\",\"position\":1,\"name\":\"Portada\",\"item\":\"https:\\\/\\\/letrame.com\\\/catalogo\\\/\"},{\"@type\":\"ListItem\",\"position\":2,\"name\":\"Cat\u00e1logo\",\"item\":\"https:\\\/\\\/letrame.com\\\/catalogo\\\/\"},{\"@type\":\"ListItem\",\"position\":3,\"name\":\"\u00bfQui\u00e9n mat\u00f3 al embajador?\"}]},{\"@type\":\"WebSite\",\"@id\":\"https:\\\/\\\/letrame.com\\\/catalogo\\\/#website\",\"url\":\"https:\\\/\\\/letrame.com\\\/catalogo\\\/\",\"name\":\"Catalogo | Letrame Grupo Editorial\",\"description\":\"\",\"publisher\":{\"@id\":\"https:\\\/\\\/letrame.com\\\/catalogo\\\/#organization\"},\"potentialAction\":[{\"@type\":\"SearchAction\",\"target\":{\"@type\":\"EntryPoint\",\"urlTemplate\":\"https:\\\/\\\/letrame.com\\\/catalogo\\\/?s={search_term_string}\"},\"query-input\":{\"@type\":\"PropertyValueSpecification\",\"valueRequired\":true,\"valueName\":\"search_term_string\"}}],\"inLanguage\":\"es\"},{\"@type\":\"Organization\",\"@id\":\"https:\\\/\\\/letrame.com\\\/catalogo\\\/#organization\",\"name\":\"Catalogo | Letrame Grupo Editorial\",\"url\":\"https:\\\/\\\/letrame.com\\\/catalogo\\\/\",\"logo\":{\"@type\":\"ImageObject\",\"inLanguage\":\"es\",\"@id\":\"https:\\\/\\\/letrame.com\\\/catalogo\\\/#\\\/schema\\\/logo\\\/image\\\/\",\"url\":\"https:\\\/\\\/letrame.com\\\/catalogo\\\/wp-content\\\/uploads\\\/2024\\\/03\\\/logo2.webp\",\"contentUrl\":\"https:\\\/\\\/letrame.com\\\/catalogo\\\/wp-content\\\/uploads\\\/2024\\\/03\\\/logo2.webp\",\"width\":394,\"height\":128,\"caption\":\"Catalogo | Letrame Grupo Editorial\"},\"image\":{\"@id\":\"https:\\\/\\\/letrame.com\\\/catalogo\\\/#\\\/schema\\\/logo\\\/image\\\/\"}}]}<\/script>\n<!-- \/ Yoast SEO plugin. -->","yoast_head_json":{"title":"\u00bfQui\u00e9n mat\u00f3 al embajador? - Catalogo | Letrame Grupo Editorial","robots":{"index":"index","follow":"follow","max-snippet":"max-snippet:-1","max-image-preview":"max-image-preview:large","max-video-preview":"max-video-preview:-1"},"canonical":"https:\/\/letrame.com\/catalogo\/producto\/quien-mato-al-embajador\/","og_locale":"es_ES","og_type":"article","og_title":"\u00bfQui\u00e9n mat\u00f3 al embajador? - Catalogo | Letrame Grupo Editorial","og_description":"ISBN: 9791370545253  SINOPSIS La lectura de este libro permite disfrutar de una novela polic\u00edaca con dos caracter\u00edsticas diferenciadoras. La primera es el \u00e1mbito en el que se desarrolla el crimen y, posteriormente, la l\u00f3gica investigaci\u00f3n, pues el trabajo policial en un pa\u00eds extranjero, pero dentro de un espacio que se considera territorio excluido de la normativa local, presenta peculiaridades que enriquecen el texto, y m\u00e1s si a ello se unen actividades relacionadas con la \u00abvida\u00bb en las embajadas y los consulados. Adem\u00e1s, el lector puede realizar su propia investigaci\u00f3n, ya que el texto permite que disponga de la misma informaci\u00f3n que los \u00abinvestigadores\u00bb de la trama, con el inspector Garc\u00eda al frente, y la obtengan al mismo tiempo que ellos, de forma que puedan llegar por s\u00ed mismos a las conclusiones de los personajes, o a otras distintas si eso es posible. \u00danase a la investigaci\u00f3n, entre por esta peculiar puerta en el mundo diplom\u00e1tico y consiga contestar a la pregunta que se plantea en el t\u00edtulo.","og_url":"https:\/\/letrame.com\/catalogo\/producto\/quien-mato-al-embajador\/","og_site_name":"Catalogo | Letrame Grupo Editorial","article_modified_time":"2026-05-08T07:05:40+00:00","og_image":[{"width":1181,"height":1654,"url":"https:\/\/letrame.com\/catalogo\/wp-content\/uploads\/2026\/05\/\u00bfquienmato_1242mm4.jpg","type":"image\/jpeg"}],"twitter_card":"summary_large_image","twitter_misc":{"Tiempo de lectura":"2 minutos"},"schema":{"@context":"https:\/\/schema.org","@graph":[{"@type":"WebPage","@id":"https:\/\/letrame.com\/catalogo\/producto\/quien-mato-al-embajador\/","url":"https:\/\/letrame.com\/catalogo\/producto\/quien-mato-al-embajador\/","name":"\u00bfQui\u00e9n mat\u00f3 al embajador? - Catalogo | Letrame Grupo Editorial","isPartOf":{"@id":"https:\/\/letrame.com\/catalogo\/#website"},"primaryImageOfPage":{"@id":"https:\/\/letrame.com\/catalogo\/producto\/quien-mato-al-embajador\/#primaryimage"},"image":{"@id":"https:\/\/letrame.com\/catalogo\/producto\/quien-mato-al-embajador\/#primaryimage"},"thumbnailUrl":"https:\/\/letrame.com\/catalogo\/wp-content\/uploads\/2026\/05\/\u00bfquienmato_1242mm4.jpg","datePublished":"2026-05-08T07:05:39+00:00","dateModified":"2026-05-08T07:05:40+00:00","breadcrumb":{"@id":"https:\/\/letrame.com\/catalogo\/producto\/quien-mato-al-embajador\/#breadcrumb"},"inLanguage":"es","potentialAction":[{"@type":"ReadAction","target":["https:\/\/letrame.com\/catalogo\/producto\/quien-mato-al-embajador\/"]}]},{"@type":"ImageObject","inLanguage":"es","@id":"https:\/\/letrame.com\/catalogo\/producto\/quien-mato-al-embajador\/#primaryimage","url":"https:\/\/letrame.com\/catalogo\/wp-content\/uploads\/2026\/05\/\u00bfquienmato_1242mm4.jpg","contentUrl":"https:\/\/letrame.com\/catalogo\/wp-content\/uploads\/2026\/05\/\u00bfquienmato_1242mm4.jpg","width":1181,"height":1654},{"@type":"BreadcrumbList","@id":"https:\/\/letrame.com\/catalogo\/producto\/quien-mato-al-embajador\/#breadcrumb","itemListElement":[{"@type":"ListItem","position":1,"name":"Portada","item":"https:\/\/letrame.com\/catalogo\/"},{"@type":"ListItem","position":2,"name":"Cat\u00e1logo","item":"https:\/\/letrame.com\/catalogo\/"},{"@type":"ListItem","position":3,"name":"\u00bfQui\u00e9n mat\u00f3 al embajador?"}]},{"@type":"WebSite","@id":"https:\/\/letrame.com\/catalogo\/#website","url":"https:\/\/letrame.com\/catalogo\/","name":"Catalogo | Letrame Grupo Editorial","description":"","publisher":{"@id":"https:\/\/letrame.com\/catalogo\/#organization"},"potentialAction":[{"@type":"SearchAction","target":{"@type":"EntryPoint","urlTemplate":"https:\/\/letrame.com\/catalogo\/?s={search_term_string}"},"query-input":{"@type":"PropertyValueSpecification","valueRequired":true,"valueName":"search_term_string"}}],"inLanguage":"es"},{"@type":"Organization","@id":"https:\/\/letrame.com\/catalogo\/#organization","name":"Catalogo | Letrame Grupo Editorial","url":"https:\/\/letrame.com\/catalogo\/","logo":{"@type":"ImageObject","inLanguage":"es","@id":"https:\/\/letrame.com\/catalogo\/#\/schema\/logo\/image\/","url":"https:\/\/letrame.com\/catalogo\/wp-content\/uploads\/2024\/03\/logo2.webp","contentUrl":"https:\/\/letrame.com\/catalogo\/wp-content\/uploads\/2024\/03\/logo2.webp","width":394,"height":128,"caption":"Catalogo | Letrame Grupo Editorial"},"image":{"@id":"https:\/\/letrame.com\/catalogo\/#\/schema\/logo\/image\/"}}]}},"_links":{"self":[{"href":"https:\/\/letrame.com\/catalogo\/wp-json\/wp\/v2\/product\/112615","targetHints":{"allow":["GET"]}}],"collection":[{"href":"https:\/\/letrame.com\/catalogo\/wp-json\/wp\/v2\/product"}],"about":[{"href":"https:\/\/letrame.com\/catalogo\/wp-json\/wp\/v2\/types\/product"}],"replies":[{"embeddable":true,"href":"https:\/\/letrame.com\/catalogo\/wp-json\/wp\/v2\/comments?post=112615"}],"acf:post":[{"embeddable":true,"href":"https:\/\/letrame.com\/catalogo\/wp-json\/wp\/v2\/author_book\/108484"}],"wp:featuredmedia":[{"embeddable":true,"href":"https:\/\/letrame.com\/catalogo\/wp-json\/wp\/v2\/media\/112616"}],"wp:attachment":[{"href":"https:\/\/letrame.com\/catalogo\/wp-json\/wp\/v2\/media?parent=112615"}],"wp:term":[{"taxonomy":"libro","embeddable":true,"href":"https:\/\/letrame.com\/catalogo\/wp-json\/wp\/v2\/libro?post=112615"},{"taxonomy":"product_brand","embeddable":true,"href":"https:\/\/letrame.com\/catalogo\/wp-json\/wp\/v2\/product_brand?post=112615"},{"taxonomy":"product_cat","embeddable":true,"href":"https:\/\/letrame.com\/catalogo\/wp-json\/wp\/v2\/product_cat?post=112615"},{"taxonomy":"product_tag","embeddable":true,"href":"https:\/\/letrame.com\/catalogo\/wp-json\/wp\/v2\/product_tag?post=112615"}],"curies":[{"name":"wp","href":"https:\/\/api.w.org\/{rel}","templated":true}]}}