{"id":112609,"date":"2026-05-07T13:29:23","date_gmt":"2026-05-07T11:29:23","guid":{"rendered":"https:\/\/letrame.com\/catalogo\/?post_type=product&#038;p=112609"},"modified":"2026-05-07T13:29:24","modified_gmt":"2026-05-07T11:29:24","slug":"por-la-desobediente-ansiedad-de-narrar","status":"publish","type":"product","link":"https:\/\/letrame.com\/catalogo\/producto\/por-la-desobediente-ansiedad-de-narrar\/","title":{"rendered":"Por la desobediente ansiedad de narrar"},"content":{"rendered":"<p><strong>ISBN: 9791370294830<\/strong><br \/>\n<strong>T\u00edtulo: Por la desobediente ansiedad de narrar<\/strong><br \/>\n<strong>Fecha: 2025<\/strong><br \/>\n<strong>P\u00e1ginas: 100<\/strong><\/p>\n<p><strong>SINOPSIS<\/strong><\/p>\n<p data-start=\"0\" data-end=\"239\">La memoria puede ser un laberinto y, a veces, tambi\u00e9n, una broma. En estos textos, Jes\u00fas Hern\u00e1ndez recorre ambos extremos: lo cotidiano que roza lo absurdo, lo \u00edntimo que se vuelve \u00e9pico y los temores que, contados a tiempo, ya no muerden.<\/p>\n<p data-start=\"241\" data-end=\"578\">Por la desobediente ansiedad de narrar re\u00fane escenas, pensamientos y desvar\u00edos donde conviven navegantes sin rumbo, lobos sigilosos, ciudades que laten y recuerdos que se escapan. Con una voz cercana y luminosa, Hern\u00e1ndez convierte cada fragmento en un peque\u00f1o mapa para entender \u2014o al menos acompa\u00f1ar\u2014 las contradicciones de estar vivo.<\/p>\n<p data-start=\"580\" data-end=\"698\" data-is-last-node=\"\" data-is-only-node=\"\">Un libro para quienes encuentran en las palabras un refugio, una br\u00fajula o, simplemente, una forma de seguir adelante.<\/p>\n","protected":false},"excerpt":{"rendered":"<p><strong>ISBN: 9791370294830<\/strong><\/p>\n<p><strong>SINOPSIS<\/strong><\/p>\n<p data-start=\"0\" data-end=\"239\">La memoria puede ser un laberinto y, a veces, tambi\u00e9n, una broma. En estos textos, Jes\u00fas Hern\u00e1ndez recorre ambos extremos: lo cotidiano que roza lo absurdo, lo \u00edntimo que se vuelve \u00e9pico y los temores que, contados a tiempo, ya no muerden.<\/p>\n<p data-start=\"241\" data-end=\"578\">Por la desobediente ansiedad de narrar re\u00fane escenas, pensamientos y desvar\u00edos donde conviven navegantes sin rumbo, lobos sigilosos, ciudades que laten y recuerdos que se escapan. Con una voz cercana y luminosa, Hern\u00e1ndez convierte cada fragmento en un peque\u00f1o mapa para entender \u2014o al menos acompa\u00f1ar\u2014 las contradicciones de estar vivo.<\/p>\n<p data-start=\"580\" data-end=\"698\" data-is-last-node=\"\" data-is-only-node=\"\">Un libro para quienes encuentran en las palabras un refugio, una br\u00fajula o, simplemente, una forma de seguir adelante.<\/p>\n","protected":false},"featured_media":112611,"comment_status":"open","ping_status":"closed","template":"","meta":{"_acf_changed":false},"libro":[],"product_brand":[],"product_cat":[156],"product_tag":[],"class_list":{"0":"post-112609","1":"product","2":"type-product","3":"status-publish","4":"has-post-thumbnail","6":"product_cat-cartas-y-epistolarios","8":"first","9":"instock","10":"shipping-taxable","11":"product-type-simple"},"acf":{"autor":[101177],"enlace_de_compra":""},"yoast_head":"<!-- This site is optimized with the Yoast SEO plugin v27.4 - https:\/\/yoast.com\/product\/yoast-seo-wordpress\/ -->\n<title>Por la desobediente ansiedad de narrar - Catalogo | Letrame Grupo Editorial<\/title>\n<meta name=\"robots\" content=\"index, follow, max-snippet:-1, max-image-preview:large, max-video-preview:-1\" \/>\n<link rel=\"canonical\" href=\"https:\/\/letrame.com\/catalogo\/producto\/por-la-desobediente-ansiedad-de-narrar\/\" \/>\n<meta property=\"og:locale\" content=\"es_ES\" \/>\n<meta property=\"og:type\" content=\"article\" \/>\n<meta property=\"og:title\" content=\"Por la desobediente ansiedad de narrar - Catalogo | Letrame Grupo Editorial\" \/>\n<meta property=\"og:description\" content=\"ISBN: 9791370294830  SINOPSIS La memoria puede ser un laberinto y, a veces, tambi\u00e9n, una broma. En estos textos, Jes\u00fas Hern\u00e1ndez recorre ambos extremos: lo cotidiano que roza lo absurdo, lo \u00edntimo que se vuelve \u00e9pico y los temores que, contados a tiempo, ya no muerden. Por la desobediente ansiedad de narrar re\u00fane escenas, pensamientos y desvar\u00edos donde conviven navegantes sin rumbo, lobos sigilosos, ciudades que laten y recuerdos que se escapan. Con una voz cercana y luminosa, Hern\u00e1ndez convierte cada fragmento en un peque\u00f1o mapa para entender \u2014o al menos acompa\u00f1ar\u2014 las contradicciones de estar vivo. Un libro para quienes encuentran en las palabras un refugio, una br\u00fajula o, simplemente, una forma de seguir adelante.\" \/>\n<meta property=\"og:url\" content=\"https:\/\/letrame.com\/catalogo\/producto\/por-la-desobediente-ansiedad-de-narrar\/\" \/>\n<meta property=\"og:site_name\" content=\"Catalogo | Letrame Grupo Editorial\" \/>\n<meta property=\"article:modified_time\" content=\"2026-05-07T11:29:24+00:00\" \/>\n<meta property=\"og:image\" content=\"https:\/\/letrame.com\/catalogo\/wp-content\/uploads\/2026\/05\/porladesobediente_515mm4.jpg\" \/>\n\t<meta property=\"og:image:width\" content=\"797\" \/>\n\t<meta property=\"og:image:height\" content=\"1152\" \/>\n\t<meta property=\"og:image:type\" content=\"image\/jpeg\" \/>\n<meta name=\"twitter:card\" content=\"summary_large_image\" \/>\n<meta name=\"twitter:label1\" content=\"Tiempo de lectura\" \/>\n\t<meta name=\"twitter:data1\" content=\"1 minuto\" \/>\n<script type=\"application\/ld+json\" class=\"yoast-schema-graph\">{\"@context\":\"https:\\\/\\\/schema.org\",\"@graph\":[{\"@type\":\"WebPage\",\"@id\":\"https:\\\/\\\/letrame.com\\\/catalogo\\\/producto\\\/por-la-desobediente-ansiedad-de-narrar\\\/\",\"url\":\"https:\\\/\\\/letrame.com\\\/catalogo\\\/producto\\\/por-la-desobediente-ansiedad-de-narrar\\\/\",\"name\":\"Por la desobediente ansiedad de narrar - Catalogo | Letrame Grupo Editorial\",\"isPartOf\":{\"@id\":\"https:\\\/\\\/letrame.com\\\/catalogo\\\/#website\"},\"primaryImageOfPage\":{\"@id\":\"https:\\\/\\\/letrame.com\\\/catalogo\\\/producto\\\/por-la-desobediente-ansiedad-de-narrar\\\/#primaryimage\"},\"image\":{\"@id\":\"https:\\\/\\\/letrame.com\\\/catalogo\\\/producto\\\/por-la-desobediente-ansiedad-de-narrar\\\/#primaryimage\"},\"thumbnailUrl\":\"https:\\\/\\\/letrame.com\\\/catalogo\\\/wp-content\\\/uploads\\\/2026\\\/05\\\/porladesobediente_515mm4.jpg\",\"datePublished\":\"2026-05-07T11:29:23+00:00\",\"dateModified\":\"2026-05-07T11:29:24+00:00\",\"breadcrumb\":{\"@id\":\"https:\\\/\\\/letrame.com\\\/catalogo\\\/producto\\\/por-la-desobediente-ansiedad-de-narrar\\\/#breadcrumb\"},\"inLanguage\":\"es\",\"potentialAction\":[{\"@type\":\"ReadAction\",\"target\":[\"https:\\\/\\\/letrame.com\\\/catalogo\\\/producto\\\/por-la-desobediente-ansiedad-de-narrar\\\/\"]}]},{\"@type\":\"ImageObject\",\"inLanguage\":\"es\",\"@id\":\"https:\\\/\\\/letrame.com\\\/catalogo\\\/producto\\\/por-la-desobediente-ansiedad-de-narrar\\\/#primaryimage\",\"url\":\"https:\\\/\\\/letrame.com\\\/catalogo\\\/wp-content\\\/uploads\\\/2026\\\/05\\\/porladesobediente_515mm4.jpg\",\"contentUrl\":\"https:\\\/\\\/letrame.com\\\/catalogo\\\/wp-content\\\/uploads\\\/2026\\\/05\\\/porladesobediente_515mm4.jpg\",\"width\":797,\"height\":1152},{\"@type\":\"BreadcrumbList\",\"@id\":\"https:\\\/\\\/letrame.com\\\/catalogo\\\/producto\\\/por-la-desobediente-ansiedad-de-narrar\\\/#breadcrumb\",\"itemListElement\":[{\"@type\":\"ListItem\",\"position\":1,\"name\":\"Portada\",\"item\":\"https:\\\/\\\/letrame.com\\\/catalogo\\\/\"},{\"@type\":\"ListItem\",\"position\":2,\"name\":\"Cat\u00e1logo\",\"item\":\"https:\\\/\\\/letrame.com\\\/catalogo\\\/\"},{\"@type\":\"ListItem\",\"position\":3,\"name\":\"Por la desobediente ansiedad de narrar\"}]},{\"@type\":\"WebSite\",\"@id\":\"https:\\\/\\\/letrame.com\\\/catalogo\\\/#website\",\"url\":\"https:\\\/\\\/letrame.com\\\/catalogo\\\/\",\"name\":\"Catalogo | Letrame Grupo Editorial\",\"description\":\"\",\"publisher\":{\"@id\":\"https:\\\/\\\/letrame.com\\\/catalogo\\\/#organization\"},\"potentialAction\":[{\"@type\":\"SearchAction\",\"target\":{\"@type\":\"EntryPoint\",\"urlTemplate\":\"https:\\\/\\\/letrame.com\\\/catalogo\\\/?s={search_term_string}\"},\"query-input\":{\"@type\":\"PropertyValueSpecification\",\"valueRequired\":true,\"valueName\":\"search_term_string\"}}],\"inLanguage\":\"es\"},{\"@type\":\"Organization\",\"@id\":\"https:\\\/\\\/letrame.com\\\/catalogo\\\/#organization\",\"name\":\"Catalogo | Letrame Grupo Editorial\",\"url\":\"https:\\\/\\\/letrame.com\\\/catalogo\\\/\",\"logo\":{\"@type\":\"ImageObject\",\"inLanguage\":\"es\",\"@id\":\"https:\\\/\\\/letrame.com\\\/catalogo\\\/#\\\/schema\\\/logo\\\/image\\\/\",\"url\":\"https:\\\/\\\/letrame.com\\\/catalogo\\\/wp-content\\\/uploads\\\/2024\\\/03\\\/logo2.webp\",\"contentUrl\":\"https:\\\/\\\/letrame.com\\\/catalogo\\\/wp-content\\\/uploads\\\/2024\\\/03\\\/logo2.webp\",\"width\":394,\"height\":128,\"caption\":\"Catalogo | Letrame Grupo Editorial\"},\"image\":{\"@id\":\"https:\\\/\\\/letrame.com\\\/catalogo\\\/#\\\/schema\\\/logo\\\/image\\\/\"}}]}<\/script>\n<!-- \/ Yoast SEO plugin. -->","yoast_head_json":{"title":"Por la desobediente ansiedad de narrar - Catalogo | Letrame Grupo Editorial","robots":{"index":"index","follow":"follow","max-snippet":"max-snippet:-1","max-image-preview":"max-image-preview:large","max-video-preview":"max-video-preview:-1"},"canonical":"https:\/\/letrame.com\/catalogo\/producto\/por-la-desobediente-ansiedad-de-narrar\/","og_locale":"es_ES","og_type":"article","og_title":"Por la desobediente ansiedad de narrar - Catalogo | Letrame Grupo Editorial","og_description":"ISBN: 9791370294830  SINOPSIS La memoria puede ser un laberinto y, a veces, tambi\u00e9n, una broma. En estos textos, Jes\u00fas Hern\u00e1ndez recorre ambos extremos: lo cotidiano que roza lo absurdo, lo \u00edntimo que se vuelve \u00e9pico y los temores que, contados a tiempo, ya no muerden. Por la desobediente ansiedad de narrar re\u00fane escenas, pensamientos y desvar\u00edos donde conviven navegantes sin rumbo, lobos sigilosos, ciudades que laten y recuerdos que se escapan. Con una voz cercana y luminosa, Hern\u00e1ndez convierte cada fragmento en un peque\u00f1o mapa para entender \u2014o al menos acompa\u00f1ar\u2014 las contradicciones de estar vivo. Un libro para quienes encuentran en las palabras un refugio, una br\u00fajula o, simplemente, una forma de seguir adelante.","og_url":"https:\/\/letrame.com\/catalogo\/producto\/por-la-desobediente-ansiedad-de-narrar\/","og_site_name":"Catalogo | Letrame Grupo Editorial","article_modified_time":"2026-05-07T11:29:24+00:00","og_image":[{"width":797,"height":1152,"url":"https:\/\/letrame.com\/catalogo\/wp-content\/uploads\/2026\/05\/porladesobediente_515mm4.jpg","type":"image\/jpeg"}],"twitter_card":"summary_large_image","twitter_misc":{"Tiempo de lectura":"1 minuto"},"schema":{"@context":"https:\/\/schema.org","@graph":[{"@type":"WebPage","@id":"https:\/\/letrame.com\/catalogo\/producto\/por-la-desobediente-ansiedad-de-narrar\/","url":"https:\/\/letrame.com\/catalogo\/producto\/por-la-desobediente-ansiedad-de-narrar\/","name":"Por la desobediente ansiedad de narrar - Catalogo | Letrame Grupo Editorial","isPartOf":{"@id":"https:\/\/letrame.com\/catalogo\/#website"},"primaryImageOfPage":{"@id":"https:\/\/letrame.com\/catalogo\/producto\/por-la-desobediente-ansiedad-de-narrar\/#primaryimage"},"image":{"@id":"https:\/\/letrame.com\/catalogo\/producto\/por-la-desobediente-ansiedad-de-narrar\/#primaryimage"},"thumbnailUrl":"https:\/\/letrame.com\/catalogo\/wp-content\/uploads\/2026\/05\/porladesobediente_515mm4.jpg","datePublished":"2026-05-07T11:29:23+00:00","dateModified":"2026-05-07T11:29:24+00:00","breadcrumb":{"@id":"https:\/\/letrame.com\/catalogo\/producto\/por-la-desobediente-ansiedad-de-narrar\/#breadcrumb"},"inLanguage":"es","potentialAction":[{"@type":"ReadAction","target":["https:\/\/letrame.com\/catalogo\/producto\/por-la-desobediente-ansiedad-de-narrar\/"]}]},{"@type":"ImageObject","inLanguage":"es","@id":"https:\/\/letrame.com\/catalogo\/producto\/por-la-desobediente-ansiedad-de-narrar\/#primaryimage","url":"https:\/\/letrame.com\/catalogo\/wp-content\/uploads\/2026\/05\/porladesobediente_515mm4.jpg","contentUrl":"https:\/\/letrame.com\/catalogo\/wp-content\/uploads\/2026\/05\/porladesobediente_515mm4.jpg","width":797,"height":1152},{"@type":"BreadcrumbList","@id":"https:\/\/letrame.com\/catalogo\/producto\/por-la-desobediente-ansiedad-de-narrar\/#breadcrumb","itemListElement":[{"@type":"ListItem","position":1,"name":"Portada","item":"https:\/\/letrame.com\/catalogo\/"},{"@type":"ListItem","position":2,"name":"Cat\u00e1logo","item":"https:\/\/letrame.com\/catalogo\/"},{"@type":"ListItem","position":3,"name":"Por la desobediente ansiedad de narrar"}]},{"@type":"WebSite","@id":"https:\/\/letrame.com\/catalogo\/#website","url":"https:\/\/letrame.com\/catalogo\/","name":"Catalogo | Letrame Grupo Editorial","description":"","publisher":{"@id":"https:\/\/letrame.com\/catalogo\/#organization"},"potentialAction":[{"@type":"SearchAction","target":{"@type":"EntryPoint","urlTemplate":"https:\/\/letrame.com\/catalogo\/?s={search_term_string}"},"query-input":{"@type":"PropertyValueSpecification","valueRequired":true,"valueName":"search_term_string"}}],"inLanguage":"es"},{"@type":"Organization","@id":"https:\/\/letrame.com\/catalogo\/#organization","name":"Catalogo | Letrame Grupo Editorial","url":"https:\/\/letrame.com\/catalogo\/","logo":{"@type":"ImageObject","inLanguage":"es","@id":"https:\/\/letrame.com\/catalogo\/#\/schema\/logo\/image\/","url":"https:\/\/letrame.com\/catalogo\/wp-content\/uploads\/2024\/03\/logo2.webp","contentUrl":"https:\/\/letrame.com\/catalogo\/wp-content\/uploads\/2024\/03\/logo2.webp","width":394,"height":128,"caption":"Catalogo | Letrame Grupo Editorial"},"image":{"@id":"https:\/\/letrame.com\/catalogo\/#\/schema\/logo\/image\/"}}]}},"_links":{"self":[{"href":"https:\/\/letrame.com\/catalogo\/wp-json\/wp\/v2\/product\/112609","targetHints":{"allow":["GET"]}}],"collection":[{"href":"https:\/\/letrame.com\/catalogo\/wp-json\/wp\/v2\/product"}],"about":[{"href":"https:\/\/letrame.com\/catalogo\/wp-json\/wp\/v2\/types\/product"}],"replies":[{"embeddable":true,"href":"https:\/\/letrame.com\/catalogo\/wp-json\/wp\/v2\/comments?post=112609"}],"acf:post":[{"embeddable":true,"href":"https:\/\/letrame.com\/catalogo\/wp-json\/wp\/v2\/author_book\/101177"}],"wp:featuredmedia":[{"embeddable":true,"href":"https:\/\/letrame.com\/catalogo\/wp-json\/wp\/v2\/media\/112611"}],"wp:attachment":[{"href":"https:\/\/letrame.com\/catalogo\/wp-json\/wp\/v2\/media?parent=112609"}],"wp:term":[{"taxonomy":"libro","embeddable":true,"href":"https:\/\/letrame.com\/catalogo\/wp-json\/wp\/v2\/libro?post=112609"},{"taxonomy":"product_brand","embeddable":true,"href":"https:\/\/letrame.com\/catalogo\/wp-json\/wp\/v2\/product_brand?post=112609"},{"taxonomy":"product_cat","embeddable":true,"href":"https:\/\/letrame.com\/catalogo\/wp-json\/wp\/v2\/product_cat?post=112609"},{"taxonomy":"product_tag","embeddable":true,"href":"https:\/\/letrame.com\/catalogo\/wp-json\/wp\/v2\/product_tag?post=112609"}],"curies":[{"name":"wp","href":"https:\/\/api.w.org\/{rel}","templated":true}]}}