{"id":112577,"date":"2026-05-06T12:42:53","date_gmt":"2026-05-06T10:42:53","guid":{"rendered":"https:\/\/letrame.com\/catalogo\/?post_type=product&#038;p=112577"},"modified":"2026-05-06T12:42:53","modified_gmt":"2026-05-06T10:42:53","slug":"sonetos-en-sol-mayor","status":"publish","type":"product","link":"https:\/\/letrame.com\/catalogo\/producto\/sonetos-en-sol-mayor\/","title":{"rendered":"Sonetos en Sol Mayor"},"content":{"rendered":"<p><strong>ISBN: 9791370294991<\/strong><br \/>\n<strong>T\u00edtulo: Sonetos en Sol Mayor<\/strong><br \/>\n<strong>Fecha: 2026<\/strong><br \/>\n<strong>P\u00e1ginas: 102<\/strong><\/p>\n<p><strong>SINOPSIS<\/strong><\/p>\n<p data-start=\"0\" data-end=\"220\">Aunque la gran mayor\u00eda de estos poemas fueron escritos expresamente para este libro, el autor incluy\u00f3 algunos que fueron escritos meses o a\u00f1os antes de este proyecto, por considerar que reun\u00edan los par\u00e1metros delineados.<\/p>\n<p data-start=\"222\" data-end=\"341\">Es as\u00ed que, en los catorce versos de cada soneto, est\u00e1 presente el amor, tan indispensable como el aire que respiramos.<\/p>\n<p data-start=\"343\" data-end=\"910\">El poeta, para llevarnos por un sendero pleno de sensibilidad y emociones, echa mano a todos los recursos que cotidianamente sentimos, vemos o escuchamos: las flores, el viento, el rugido del mar, la luna, el sol, la lluvia, la luz, la oscuridad y otros elementos como oro, plata, esmeraldas, \u00e1mbares, \u00e1gatas, colores, etc., para expresarnos la euforia, la pasi\u00f3n, la sexualidad, la alegr\u00eda y la tristeza, el amor a la vida y el temor a la soledad, convenci\u00e9ndonos de que todo es parte indisoluble del amor y de la mism\u00edsima existencia; de nuestro paso por la Tierra.<\/p>\n<p data-start=\"912\" data-end=\"932\" data-is-last-node=\"\" data-is-only-node=\"\">Un libro imperdible.<\/p>\n","protected":false},"excerpt":{"rendered":"<p><strong>ISBN: 9791370294991<\/strong><\/p>\n<p><strong>SINOPSIS<\/strong><\/p>\n<p data-start=\"0\" data-end=\"220\">Aunque la gran mayor\u00eda de estos poemas fueron escritos expresamente para este libro, el autor incluy\u00f3 algunos que fueron escritos meses o a\u00f1os antes de este proyecto, por considerar que reun\u00edan los par\u00e1metros delineados.<\/p>\n<p data-start=\"222\" data-end=\"341\">Es as\u00ed que, en los catorce versos de cada soneto, est\u00e1 presente el amor, tan indispensable como el aire que respiramos.<\/p>\n<p data-start=\"343\" data-end=\"910\">El poeta, para llevarnos por un sendero pleno de sensibilidad y emociones, echa mano a todos los recursos que cotidianamente sentimos, vemos o escuchamos: las flores, el viento, el rugido del mar, la luna, el sol, la lluvia, la luz, la oscuridad y otros elementos como oro, plata, esmeraldas, \u00e1mbares, \u00e1gatas, colores, etc., para expresarnos la euforia, la pasi\u00f3n, la sexualidad, la alegr\u00eda y la tristeza, el amor a la vida y el temor a la soledad, convenci\u00e9ndonos de que todo es parte indisoluble del amor y de la mism\u00edsima existencia; de nuestro paso por la Tierra.<\/p>\n<p data-start=\"912\" data-end=\"932\" data-is-last-node=\"\" data-is-only-node=\"\">Un libro imperdible.<\/p>\n","protected":false},"featured_media":112580,"comment_status":"open","ping_status":"closed","template":"","meta":{"_acf_changed":false},"libro":[],"product_brand":[],"product_cat":[20],"product_tag":[],"class_list":{"0":"post-112577","1":"product","2":"type-product","3":"status-publish","4":"has-post-thumbnail","6":"product_cat-poesia","8":"first","9":"instock","10":"shipping-taxable","11":"product-type-simple"},"acf":{"autor":[112578],"enlace_de_compra":""},"yoast_head":"<!-- This site is optimized with the Yoast SEO plugin v27.4 - https:\/\/yoast.com\/product\/yoast-seo-wordpress\/ -->\n<title>Sonetos en Sol Mayor - Catalogo | Letrame Grupo Editorial<\/title>\n<meta name=\"robots\" content=\"index, follow, max-snippet:-1, max-image-preview:large, max-video-preview:-1\" \/>\n<link rel=\"canonical\" href=\"https:\/\/letrame.com\/catalogo\/producto\/sonetos-en-sol-mayor\/\" \/>\n<meta property=\"og:locale\" content=\"es_ES\" \/>\n<meta property=\"og:type\" content=\"article\" \/>\n<meta property=\"og:title\" content=\"Sonetos en Sol Mayor - Catalogo | Letrame Grupo Editorial\" \/>\n<meta property=\"og:description\" content=\"ISBN: 9791370294991  SINOPSIS Aunque la gran mayor\u00eda de estos poemas fueron escritos expresamente para este libro, el autor incluy\u00f3 algunos que fueron escritos meses o a\u00f1os antes de este proyecto, por considerar que reun\u00edan los par\u00e1metros delineados. Es as\u00ed que, en los catorce versos de cada soneto, est\u00e1 presente el amor, tan indispensable como el aire que respiramos. El poeta, para llevarnos por un sendero pleno de sensibilidad y emociones, echa mano a todos los recursos que cotidianamente sentimos, vemos o escuchamos: las flores, el viento, el rugido del mar, la luna, el sol, la lluvia, la luz, la oscuridad y otros elementos como oro, plata, esmeraldas, \u00e1mbares, \u00e1gatas, colores, etc., para expresarnos la euforia, la pasi\u00f3n, la sexualidad, la alegr\u00eda y la tristeza, el amor a la vida y el temor a la soledad, convenci\u00e9ndonos de que todo es parte indisoluble del amor y de la mism\u00edsima existencia; de nuestro paso por la Tierra. Un libro imperdible.\" \/>\n<meta property=\"og:url\" content=\"https:\/\/letrame.com\/catalogo\/producto\/sonetos-en-sol-mayor\/\" \/>\n<meta property=\"og:site_name\" content=\"Catalogo | Letrame Grupo Editorial\" \/>\n<meta property=\"og:image\" content=\"https:\/\/letrame.com\/catalogo\/wp-content\/uploads\/2026\/05\/sonetosensol_5mm4.jpg\" \/>\n\t<meta property=\"og:image:width\" content=\"932\" \/>\n\t<meta property=\"og:image:height\" content=\"1323\" \/>\n\t<meta property=\"og:image:type\" content=\"image\/jpeg\" \/>\n<meta name=\"twitter:card\" content=\"summary_large_image\" \/>\n<meta name=\"twitter:label1\" content=\"Tiempo de lectura\" \/>\n\t<meta name=\"twitter:data1\" content=\"1 minuto\" \/>\n<script type=\"application\/ld+json\" class=\"yoast-schema-graph\">{\"@context\":\"https:\\\/\\\/schema.org\",\"@graph\":[{\"@type\":\"WebPage\",\"@id\":\"https:\\\/\\\/letrame.com\\\/catalogo\\\/producto\\\/sonetos-en-sol-mayor\\\/\",\"url\":\"https:\\\/\\\/letrame.com\\\/catalogo\\\/producto\\\/sonetos-en-sol-mayor\\\/\",\"name\":\"Sonetos en Sol Mayor - Catalogo | Letrame Grupo Editorial\",\"isPartOf\":{\"@id\":\"https:\\\/\\\/letrame.com\\\/catalogo\\\/#website\"},\"primaryImageOfPage\":{\"@id\":\"https:\\\/\\\/letrame.com\\\/catalogo\\\/producto\\\/sonetos-en-sol-mayor\\\/#primaryimage\"},\"image\":{\"@id\":\"https:\\\/\\\/letrame.com\\\/catalogo\\\/producto\\\/sonetos-en-sol-mayor\\\/#primaryimage\"},\"thumbnailUrl\":\"https:\\\/\\\/letrame.com\\\/catalogo\\\/wp-content\\\/uploads\\\/2026\\\/05\\\/sonetosensol_5mm4.jpg\",\"datePublished\":\"2026-05-06T10:42:53+00:00\",\"breadcrumb\":{\"@id\":\"https:\\\/\\\/letrame.com\\\/catalogo\\\/producto\\\/sonetos-en-sol-mayor\\\/#breadcrumb\"},\"inLanguage\":\"es\",\"potentialAction\":[{\"@type\":\"ReadAction\",\"target\":[\"https:\\\/\\\/letrame.com\\\/catalogo\\\/producto\\\/sonetos-en-sol-mayor\\\/\"]}]},{\"@type\":\"ImageObject\",\"inLanguage\":\"es\",\"@id\":\"https:\\\/\\\/letrame.com\\\/catalogo\\\/producto\\\/sonetos-en-sol-mayor\\\/#primaryimage\",\"url\":\"https:\\\/\\\/letrame.com\\\/catalogo\\\/wp-content\\\/uploads\\\/2026\\\/05\\\/sonetosensol_5mm4.jpg\",\"contentUrl\":\"https:\\\/\\\/letrame.com\\\/catalogo\\\/wp-content\\\/uploads\\\/2026\\\/05\\\/sonetosensol_5mm4.jpg\",\"width\":932,\"height\":1323},{\"@type\":\"BreadcrumbList\",\"@id\":\"https:\\\/\\\/letrame.com\\\/catalogo\\\/producto\\\/sonetos-en-sol-mayor\\\/#breadcrumb\",\"itemListElement\":[{\"@type\":\"ListItem\",\"position\":1,\"name\":\"Portada\",\"item\":\"https:\\\/\\\/letrame.com\\\/catalogo\\\/\"},{\"@type\":\"ListItem\",\"position\":2,\"name\":\"Cat\u00e1logo\",\"item\":\"https:\\\/\\\/letrame.com\\\/catalogo\\\/\"},{\"@type\":\"ListItem\",\"position\":3,\"name\":\"Sonetos en Sol Mayor\"}]},{\"@type\":\"WebSite\",\"@id\":\"https:\\\/\\\/letrame.com\\\/catalogo\\\/#website\",\"url\":\"https:\\\/\\\/letrame.com\\\/catalogo\\\/\",\"name\":\"Catalogo | Letrame Grupo Editorial\",\"description\":\"\",\"publisher\":{\"@id\":\"https:\\\/\\\/letrame.com\\\/catalogo\\\/#organization\"},\"potentialAction\":[{\"@type\":\"SearchAction\",\"target\":{\"@type\":\"EntryPoint\",\"urlTemplate\":\"https:\\\/\\\/letrame.com\\\/catalogo\\\/?s={search_term_string}\"},\"query-input\":{\"@type\":\"PropertyValueSpecification\",\"valueRequired\":true,\"valueName\":\"search_term_string\"}}],\"inLanguage\":\"es\"},{\"@type\":\"Organization\",\"@id\":\"https:\\\/\\\/letrame.com\\\/catalogo\\\/#organization\",\"name\":\"Catalogo | Letrame Grupo Editorial\",\"url\":\"https:\\\/\\\/letrame.com\\\/catalogo\\\/\",\"logo\":{\"@type\":\"ImageObject\",\"inLanguage\":\"es\",\"@id\":\"https:\\\/\\\/letrame.com\\\/catalogo\\\/#\\\/schema\\\/logo\\\/image\\\/\",\"url\":\"https:\\\/\\\/letrame.com\\\/catalogo\\\/wp-content\\\/uploads\\\/2024\\\/03\\\/logo2.webp\",\"contentUrl\":\"https:\\\/\\\/letrame.com\\\/catalogo\\\/wp-content\\\/uploads\\\/2024\\\/03\\\/logo2.webp\",\"width\":394,\"height\":128,\"caption\":\"Catalogo | Letrame Grupo Editorial\"},\"image\":{\"@id\":\"https:\\\/\\\/letrame.com\\\/catalogo\\\/#\\\/schema\\\/logo\\\/image\\\/\"}}]}<\/script>\n<!-- \/ Yoast SEO plugin. -->","yoast_head_json":{"title":"Sonetos en Sol Mayor - Catalogo | Letrame Grupo Editorial","robots":{"index":"index","follow":"follow","max-snippet":"max-snippet:-1","max-image-preview":"max-image-preview:large","max-video-preview":"max-video-preview:-1"},"canonical":"https:\/\/letrame.com\/catalogo\/producto\/sonetos-en-sol-mayor\/","og_locale":"es_ES","og_type":"article","og_title":"Sonetos en Sol Mayor - Catalogo | Letrame Grupo Editorial","og_description":"ISBN: 9791370294991  SINOPSIS Aunque la gran mayor\u00eda de estos poemas fueron escritos expresamente para este libro, el autor incluy\u00f3 algunos que fueron escritos meses o a\u00f1os antes de este proyecto, por considerar que reun\u00edan los par\u00e1metros delineados. Es as\u00ed que, en los catorce versos de cada soneto, est\u00e1 presente el amor, tan indispensable como el aire que respiramos. El poeta, para llevarnos por un sendero pleno de sensibilidad y emociones, echa mano a todos los recursos que cotidianamente sentimos, vemos o escuchamos: las flores, el viento, el rugido del mar, la luna, el sol, la lluvia, la luz, la oscuridad y otros elementos como oro, plata, esmeraldas, \u00e1mbares, \u00e1gatas, colores, etc., para expresarnos la euforia, la pasi\u00f3n, la sexualidad, la alegr\u00eda y la tristeza, el amor a la vida y el temor a la soledad, convenci\u00e9ndonos de que todo es parte indisoluble del amor y de la mism\u00edsima existencia; de nuestro paso por la Tierra. Un libro imperdible.","og_url":"https:\/\/letrame.com\/catalogo\/producto\/sonetos-en-sol-mayor\/","og_site_name":"Catalogo | Letrame Grupo Editorial","og_image":[{"width":932,"height":1323,"url":"https:\/\/letrame.com\/catalogo\/wp-content\/uploads\/2026\/05\/sonetosensol_5mm4.jpg","type":"image\/jpeg"}],"twitter_card":"summary_large_image","twitter_misc":{"Tiempo de lectura":"1 minuto"},"schema":{"@context":"https:\/\/schema.org","@graph":[{"@type":"WebPage","@id":"https:\/\/letrame.com\/catalogo\/producto\/sonetos-en-sol-mayor\/","url":"https:\/\/letrame.com\/catalogo\/producto\/sonetos-en-sol-mayor\/","name":"Sonetos en Sol Mayor - Catalogo | Letrame Grupo Editorial","isPartOf":{"@id":"https:\/\/letrame.com\/catalogo\/#website"},"primaryImageOfPage":{"@id":"https:\/\/letrame.com\/catalogo\/producto\/sonetos-en-sol-mayor\/#primaryimage"},"image":{"@id":"https:\/\/letrame.com\/catalogo\/producto\/sonetos-en-sol-mayor\/#primaryimage"},"thumbnailUrl":"https:\/\/letrame.com\/catalogo\/wp-content\/uploads\/2026\/05\/sonetosensol_5mm4.jpg","datePublished":"2026-05-06T10:42:53+00:00","breadcrumb":{"@id":"https:\/\/letrame.com\/catalogo\/producto\/sonetos-en-sol-mayor\/#breadcrumb"},"inLanguage":"es","potentialAction":[{"@type":"ReadAction","target":["https:\/\/letrame.com\/catalogo\/producto\/sonetos-en-sol-mayor\/"]}]},{"@type":"ImageObject","inLanguage":"es","@id":"https:\/\/letrame.com\/catalogo\/producto\/sonetos-en-sol-mayor\/#primaryimage","url":"https:\/\/letrame.com\/catalogo\/wp-content\/uploads\/2026\/05\/sonetosensol_5mm4.jpg","contentUrl":"https:\/\/letrame.com\/catalogo\/wp-content\/uploads\/2026\/05\/sonetosensol_5mm4.jpg","width":932,"height":1323},{"@type":"BreadcrumbList","@id":"https:\/\/letrame.com\/catalogo\/producto\/sonetos-en-sol-mayor\/#breadcrumb","itemListElement":[{"@type":"ListItem","position":1,"name":"Portada","item":"https:\/\/letrame.com\/catalogo\/"},{"@type":"ListItem","position":2,"name":"Cat\u00e1logo","item":"https:\/\/letrame.com\/catalogo\/"},{"@type":"ListItem","position":3,"name":"Sonetos en Sol Mayor"}]},{"@type":"WebSite","@id":"https:\/\/letrame.com\/catalogo\/#website","url":"https:\/\/letrame.com\/catalogo\/","name":"Catalogo | Letrame Grupo Editorial","description":"","publisher":{"@id":"https:\/\/letrame.com\/catalogo\/#organization"},"potentialAction":[{"@type":"SearchAction","target":{"@type":"EntryPoint","urlTemplate":"https:\/\/letrame.com\/catalogo\/?s={search_term_string}"},"query-input":{"@type":"PropertyValueSpecification","valueRequired":true,"valueName":"search_term_string"}}],"inLanguage":"es"},{"@type":"Organization","@id":"https:\/\/letrame.com\/catalogo\/#organization","name":"Catalogo | Letrame Grupo Editorial","url":"https:\/\/letrame.com\/catalogo\/","logo":{"@type":"ImageObject","inLanguage":"es","@id":"https:\/\/letrame.com\/catalogo\/#\/schema\/logo\/image\/","url":"https:\/\/letrame.com\/catalogo\/wp-content\/uploads\/2024\/03\/logo2.webp","contentUrl":"https:\/\/letrame.com\/catalogo\/wp-content\/uploads\/2024\/03\/logo2.webp","width":394,"height":128,"caption":"Catalogo | Letrame Grupo Editorial"},"image":{"@id":"https:\/\/letrame.com\/catalogo\/#\/schema\/logo\/image\/"}}]}},"_links":{"self":[{"href":"https:\/\/letrame.com\/catalogo\/wp-json\/wp\/v2\/product\/112577","targetHints":{"allow":["GET"]}}],"collection":[{"href":"https:\/\/letrame.com\/catalogo\/wp-json\/wp\/v2\/product"}],"about":[{"href":"https:\/\/letrame.com\/catalogo\/wp-json\/wp\/v2\/types\/product"}],"replies":[{"embeddable":true,"href":"https:\/\/letrame.com\/catalogo\/wp-json\/wp\/v2\/comments?post=112577"}],"acf:post":[{"embeddable":true,"href":"https:\/\/letrame.com\/catalogo\/wp-json\/wp\/v2\/author_book\/112578"}],"wp:featuredmedia":[{"embeddable":true,"href":"https:\/\/letrame.com\/catalogo\/wp-json\/wp\/v2\/media\/112580"}],"wp:attachment":[{"href":"https:\/\/letrame.com\/catalogo\/wp-json\/wp\/v2\/media?parent=112577"}],"wp:term":[{"taxonomy":"libro","embeddable":true,"href":"https:\/\/letrame.com\/catalogo\/wp-json\/wp\/v2\/libro?post=112577"},{"taxonomy":"product_brand","embeddable":true,"href":"https:\/\/letrame.com\/catalogo\/wp-json\/wp\/v2\/product_brand?post=112577"},{"taxonomy":"product_cat","embeddable":true,"href":"https:\/\/letrame.com\/catalogo\/wp-json\/wp\/v2\/product_cat?post=112577"},{"taxonomy":"product_tag","embeddable":true,"href":"https:\/\/letrame.com\/catalogo\/wp-json\/wp\/v2\/product_tag?post=112577"}],"curies":[{"name":"wp","href":"https:\/\/api.w.org\/{rel}","templated":true}]}}