{"id":112572,"date":"2026-05-06T12:25:25","date_gmt":"2026-05-06T10:25:25","guid":{"rendered":"https:\/\/letrame.com\/catalogo\/?post_type=product&#038;p=112572"},"modified":"2026-05-06T12:25:25","modified_gmt":"2026-05-06T10:25:25","slug":"emyl-medusa","status":"publish","type":"product","link":"https:\/\/letrame.com\/catalogo\/producto\/emyl-medusa\/","title":{"rendered":"EMYL MEDUSA"},"content":{"rendered":"<p><strong>ISBN: 9791370298586<\/strong><br \/>\n<strong>T\u00edtulo: EMYL MEDUSA<\/strong><br \/>\n<strong>Fecha: 2026<\/strong><br \/>\n<strong>P\u00e1ginas: 344<\/strong><\/p>\n<p><strong>SINOPSIS<\/strong><\/p>\n<p data-start=\"0\" data-end=\"248\">Emyl cumple dieciocho a\u00f1os atravesando el momento m\u00e1s oscuro de su vida. La ansiedad, el miedo y una lucha interior que no logra comprender lo han dejado exhausto, sin fuerzas ni respuestas. En ese punto l\u00edmite, su existencia da un giro inesperado.<\/p>\n<p data-start=\"250\" data-end=\"562\">A partir de entonces, Emyl inicia un proceso extra\u00f1o y profundo, lejos de todo lo que conoc\u00eda. En medio del silencio, la vastedad y una luz que parece venir de otro mundo, comienza a reconstruirse. Nada es inmediato ni sencillo, y cada paso lo enfrenta tanto a su pasado como a decisiones que marcar\u00e1n su futuro.<\/p>\n<p data-start=\"564\" data-end=\"907\">En paralelo, otras historias se despliegan en la Tierra: j\u00f3venes unidos por la curiosidad cient\u00edfica, descubrimientos que no deber\u00edan existir y personas que, sin saberlo, est\u00e1n tocando los l\u00edmites de lo humano. Todas estas trayectorias avanzan lentamente hacia un mismo punto, donde el dolor, la esperanza y el misterio del universo se cruzan.<\/p>\n<p data-start=\"909\" data-end=\"1241\" data-is-last-node=\"\" data-is-only-node=\"\">Emyl Medusa es una novela que combina ciencia ficci\u00f3n y exploraci\u00f3n emocional. Un relato sobre la fragilidad mental, la b\u00fasqueda de sentido y la posibilidad de transformaci\u00f3n cuando la vida parece no ofrecer salida. Una historia \u00edntima y c\u00f3smica a la vez, que invita a mirar de frente la oscuridad\u2026 y a preguntarse qu\u00e9 hay m\u00e1s all\u00e1.<\/p>\n","protected":false},"excerpt":{"rendered":"<p><strong>ISBN: 9791370298586<\/strong><\/p>\n<p><strong>SINOPSIS<\/strong><\/p>\n<p data-start=\"0\" data-end=\"248\">Emyl cumple dieciocho a\u00f1os atravesando el momento m\u00e1s oscuro de su vida. La ansiedad, el miedo y una lucha interior que no logra comprender lo han dejado exhausto, sin fuerzas ni respuestas. En ese punto l\u00edmite, su existencia da un giro inesperado.<\/p>\n<p data-start=\"250\" data-end=\"562\">A partir de entonces, Emyl inicia un proceso extra\u00f1o y profundo, lejos de todo lo que conoc\u00eda. En medio del silencio, la vastedad y una luz que parece venir de otro mundo, comienza a reconstruirse. Nada es inmediato ni sencillo, y cada paso lo enfrenta tanto a su pasado como a decisiones que marcar\u00e1n su futuro.<\/p>\n<p data-start=\"564\" data-end=\"907\">En paralelo, otras historias se despliegan en la Tierra: j\u00f3venes unidos por la curiosidad cient\u00edfica, descubrimientos que no deber\u00edan existir y personas que, sin saberlo, est\u00e1n tocando los l\u00edmites de lo humano. Todas estas trayectorias avanzan lentamente hacia un mismo punto, donde el dolor, la esperanza y el misterio del universo se cruzan.<\/p>\n<p data-start=\"909\" data-end=\"1241\" data-is-last-node=\"\" data-is-only-node=\"\">Emyl Medusa es una novela que combina ciencia ficci\u00f3n y exploraci\u00f3n emocional. Un relato sobre la fragilidad mental, la b\u00fasqueda de sentido y la posibilidad de transformaci\u00f3n cuando la vida parece no ofrecer salida. Una historia \u00edntima y c\u00f3smica a la vez, que invita a mirar de frente la oscuridad\u2026 y a preguntarse qu\u00e9 hay m\u00e1s all\u00e1.<\/p>\n","protected":false},"featured_media":112575,"comment_status":"open","ping_status":"closed","template":"","meta":{"_acf_changed":false},"libro":[],"product_brand":[],"product_cat":[152],"product_tag":[],"class_list":{"0":"post-112572","1":"product","2":"type-product","3":"status-publish","4":"has-post-thumbnail","6":"product_cat-ciencia-ficcion","8":"first","9":"instock","10":"shipping-taxable","11":"product-type-simple"},"acf":{"autor":[112573],"enlace_de_compra":""},"yoast_head":"<!-- This site is optimized with the Yoast SEO plugin v27.4 - https:\/\/yoast.com\/product\/yoast-seo-wordpress\/ -->\n<title>EMYL MEDUSA - Catalogo | Letrame Grupo Editorial<\/title>\n<meta name=\"robots\" content=\"index, follow, max-snippet:-1, max-image-preview:large, max-video-preview:-1\" \/>\n<link rel=\"canonical\" href=\"https:\/\/letrame.com\/catalogo\/producto\/emyl-medusa\/\" \/>\n<meta property=\"og:locale\" content=\"es_ES\" \/>\n<meta property=\"og:type\" content=\"article\" \/>\n<meta property=\"og:title\" content=\"EMYL MEDUSA - Catalogo | Letrame Grupo Editorial\" \/>\n<meta property=\"og:description\" content=\"ISBN: 9791370298586  SINOPSIS Emyl cumple dieciocho a\u00f1os atravesando el momento m\u00e1s oscuro de su vida. La ansiedad, el miedo y una lucha interior que no logra comprender lo han dejado exhausto, sin fuerzas ni respuestas. En ese punto l\u00edmite, su existencia da un giro inesperado. A partir de entonces, Emyl inicia un proceso extra\u00f1o y profundo, lejos de todo lo que conoc\u00eda. En medio del silencio, la vastedad y una luz que parece venir de otro mundo, comienza a reconstruirse. Nada es inmediato ni sencillo, y cada paso lo enfrenta tanto a su pasado como a decisiones que marcar\u00e1n su futuro. En paralelo, otras historias se despliegan en la Tierra: j\u00f3venes unidos por la curiosidad cient\u00edfica, descubrimientos que no deber\u00edan existir y personas que, sin saberlo, est\u00e1n tocando los l\u00edmites de lo humano. Todas estas trayectorias avanzan lentamente hacia un mismo punto, donde el dolor, la esperanza y el misterio del universo se cruzan. Emyl Medusa es una novela que combina ciencia ficci\u00f3n y exploraci\u00f3n emocional. Un relato sobre la fragilidad mental, la b\u00fasqueda de sentido y la posibilidad de transformaci\u00f3n cuando la vida parece no ofrecer salida. Una historia \u00edntima y c\u00f3smica a la vez, que invita a mirar de frente la oscuridad\u2026 y a preguntarse qu\u00e9 hay m\u00e1s all\u00e1.\" \/>\n<meta property=\"og:url\" content=\"https:\/\/letrame.com\/catalogo\/producto\/emyl-medusa\/\" \/>\n<meta property=\"og:site_name\" content=\"Catalogo | Letrame Grupo Editorial\" \/>\n<meta property=\"og:image\" content=\"https:\/\/letrame.com\/catalogo\/wp-content\/uploads\/2026\/05\/emylmedusa_1698mm4.jpg\" \/>\n\t<meta property=\"og:image:width\" content=\"1004\" \/>\n\t<meta property=\"og:image:height\" content=\"1417\" \/>\n\t<meta property=\"og:image:type\" content=\"image\/jpeg\" \/>\n<meta name=\"twitter:card\" content=\"summary_large_image\" \/>\n<meta name=\"twitter:label1\" content=\"Tiempo de lectura\" \/>\n\t<meta name=\"twitter:data1\" content=\"2 minutos\" \/>\n<script type=\"application\/ld+json\" class=\"yoast-schema-graph\">{\"@context\":\"https:\\\/\\\/schema.org\",\"@graph\":[{\"@type\":\"WebPage\",\"@id\":\"https:\\\/\\\/letrame.com\\\/catalogo\\\/producto\\\/emyl-medusa\\\/\",\"url\":\"https:\\\/\\\/letrame.com\\\/catalogo\\\/producto\\\/emyl-medusa\\\/\",\"name\":\"EMYL MEDUSA - Catalogo | Letrame Grupo Editorial\",\"isPartOf\":{\"@id\":\"https:\\\/\\\/letrame.com\\\/catalogo\\\/#website\"},\"primaryImageOfPage\":{\"@id\":\"https:\\\/\\\/letrame.com\\\/catalogo\\\/producto\\\/emyl-medusa\\\/#primaryimage\"},\"image\":{\"@id\":\"https:\\\/\\\/letrame.com\\\/catalogo\\\/producto\\\/emyl-medusa\\\/#primaryimage\"},\"thumbnailUrl\":\"https:\\\/\\\/letrame.com\\\/catalogo\\\/wp-content\\\/uploads\\\/2026\\\/05\\\/emylmedusa_1698mm4.jpg\",\"datePublished\":\"2026-05-06T10:25:25+00:00\",\"breadcrumb\":{\"@id\":\"https:\\\/\\\/letrame.com\\\/catalogo\\\/producto\\\/emyl-medusa\\\/#breadcrumb\"},\"inLanguage\":\"es\",\"potentialAction\":[{\"@type\":\"ReadAction\",\"target\":[\"https:\\\/\\\/letrame.com\\\/catalogo\\\/producto\\\/emyl-medusa\\\/\"]}]},{\"@type\":\"ImageObject\",\"inLanguage\":\"es\",\"@id\":\"https:\\\/\\\/letrame.com\\\/catalogo\\\/producto\\\/emyl-medusa\\\/#primaryimage\",\"url\":\"https:\\\/\\\/letrame.com\\\/catalogo\\\/wp-content\\\/uploads\\\/2026\\\/05\\\/emylmedusa_1698mm4.jpg\",\"contentUrl\":\"https:\\\/\\\/letrame.com\\\/catalogo\\\/wp-content\\\/uploads\\\/2026\\\/05\\\/emylmedusa_1698mm4.jpg\",\"width\":1004,\"height\":1417},{\"@type\":\"BreadcrumbList\",\"@id\":\"https:\\\/\\\/letrame.com\\\/catalogo\\\/producto\\\/emyl-medusa\\\/#breadcrumb\",\"itemListElement\":[{\"@type\":\"ListItem\",\"position\":1,\"name\":\"Portada\",\"item\":\"https:\\\/\\\/letrame.com\\\/catalogo\\\/\"},{\"@type\":\"ListItem\",\"position\":2,\"name\":\"Cat\u00e1logo\",\"item\":\"https:\\\/\\\/letrame.com\\\/catalogo\\\/\"},{\"@type\":\"ListItem\",\"position\":3,\"name\":\"EMYL MEDUSA\"}]},{\"@type\":\"WebSite\",\"@id\":\"https:\\\/\\\/letrame.com\\\/catalogo\\\/#website\",\"url\":\"https:\\\/\\\/letrame.com\\\/catalogo\\\/\",\"name\":\"Catalogo | Letrame Grupo Editorial\",\"description\":\"\",\"publisher\":{\"@id\":\"https:\\\/\\\/letrame.com\\\/catalogo\\\/#organization\"},\"potentialAction\":[{\"@type\":\"SearchAction\",\"target\":{\"@type\":\"EntryPoint\",\"urlTemplate\":\"https:\\\/\\\/letrame.com\\\/catalogo\\\/?s={search_term_string}\"},\"query-input\":{\"@type\":\"PropertyValueSpecification\",\"valueRequired\":true,\"valueName\":\"search_term_string\"}}],\"inLanguage\":\"es\"},{\"@type\":\"Organization\",\"@id\":\"https:\\\/\\\/letrame.com\\\/catalogo\\\/#organization\",\"name\":\"Catalogo | Letrame Grupo Editorial\",\"url\":\"https:\\\/\\\/letrame.com\\\/catalogo\\\/\",\"logo\":{\"@type\":\"ImageObject\",\"inLanguage\":\"es\",\"@id\":\"https:\\\/\\\/letrame.com\\\/catalogo\\\/#\\\/schema\\\/logo\\\/image\\\/\",\"url\":\"https:\\\/\\\/letrame.com\\\/catalogo\\\/wp-content\\\/uploads\\\/2024\\\/03\\\/logo2.webp\",\"contentUrl\":\"https:\\\/\\\/letrame.com\\\/catalogo\\\/wp-content\\\/uploads\\\/2024\\\/03\\\/logo2.webp\",\"width\":394,\"height\":128,\"caption\":\"Catalogo | Letrame Grupo Editorial\"},\"image\":{\"@id\":\"https:\\\/\\\/letrame.com\\\/catalogo\\\/#\\\/schema\\\/logo\\\/image\\\/\"}}]}<\/script>\n<!-- \/ Yoast SEO plugin. -->","yoast_head_json":{"title":"EMYL MEDUSA - Catalogo | Letrame Grupo Editorial","robots":{"index":"index","follow":"follow","max-snippet":"max-snippet:-1","max-image-preview":"max-image-preview:large","max-video-preview":"max-video-preview:-1"},"canonical":"https:\/\/letrame.com\/catalogo\/producto\/emyl-medusa\/","og_locale":"es_ES","og_type":"article","og_title":"EMYL MEDUSA - Catalogo | Letrame Grupo Editorial","og_description":"ISBN: 9791370298586  SINOPSIS Emyl cumple dieciocho a\u00f1os atravesando el momento m\u00e1s oscuro de su vida. La ansiedad, el miedo y una lucha interior que no logra comprender lo han dejado exhausto, sin fuerzas ni respuestas. En ese punto l\u00edmite, su existencia da un giro inesperado. A partir de entonces, Emyl inicia un proceso extra\u00f1o y profundo, lejos de todo lo que conoc\u00eda. En medio del silencio, la vastedad y una luz que parece venir de otro mundo, comienza a reconstruirse. Nada es inmediato ni sencillo, y cada paso lo enfrenta tanto a su pasado como a decisiones que marcar\u00e1n su futuro. En paralelo, otras historias se despliegan en la Tierra: j\u00f3venes unidos por la curiosidad cient\u00edfica, descubrimientos que no deber\u00edan existir y personas que, sin saberlo, est\u00e1n tocando los l\u00edmites de lo humano. Todas estas trayectorias avanzan lentamente hacia un mismo punto, donde el dolor, la esperanza y el misterio del universo se cruzan. Emyl Medusa es una novela que combina ciencia ficci\u00f3n y exploraci\u00f3n emocional. Un relato sobre la fragilidad mental, la b\u00fasqueda de sentido y la posibilidad de transformaci\u00f3n cuando la vida parece no ofrecer salida. Una historia \u00edntima y c\u00f3smica a la vez, que invita a mirar de frente la oscuridad\u2026 y a preguntarse qu\u00e9 hay m\u00e1s all\u00e1.","og_url":"https:\/\/letrame.com\/catalogo\/producto\/emyl-medusa\/","og_site_name":"Catalogo | Letrame Grupo Editorial","og_image":[{"width":1004,"height":1417,"url":"https:\/\/letrame.com\/catalogo\/wp-content\/uploads\/2026\/05\/emylmedusa_1698mm4.jpg","type":"image\/jpeg"}],"twitter_card":"summary_large_image","twitter_misc":{"Tiempo de lectura":"2 minutos"},"schema":{"@context":"https:\/\/schema.org","@graph":[{"@type":"WebPage","@id":"https:\/\/letrame.com\/catalogo\/producto\/emyl-medusa\/","url":"https:\/\/letrame.com\/catalogo\/producto\/emyl-medusa\/","name":"EMYL MEDUSA - Catalogo | Letrame Grupo Editorial","isPartOf":{"@id":"https:\/\/letrame.com\/catalogo\/#website"},"primaryImageOfPage":{"@id":"https:\/\/letrame.com\/catalogo\/producto\/emyl-medusa\/#primaryimage"},"image":{"@id":"https:\/\/letrame.com\/catalogo\/producto\/emyl-medusa\/#primaryimage"},"thumbnailUrl":"https:\/\/letrame.com\/catalogo\/wp-content\/uploads\/2026\/05\/emylmedusa_1698mm4.jpg","datePublished":"2026-05-06T10:25:25+00:00","breadcrumb":{"@id":"https:\/\/letrame.com\/catalogo\/producto\/emyl-medusa\/#breadcrumb"},"inLanguage":"es","potentialAction":[{"@type":"ReadAction","target":["https:\/\/letrame.com\/catalogo\/producto\/emyl-medusa\/"]}]},{"@type":"ImageObject","inLanguage":"es","@id":"https:\/\/letrame.com\/catalogo\/producto\/emyl-medusa\/#primaryimage","url":"https:\/\/letrame.com\/catalogo\/wp-content\/uploads\/2026\/05\/emylmedusa_1698mm4.jpg","contentUrl":"https:\/\/letrame.com\/catalogo\/wp-content\/uploads\/2026\/05\/emylmedusa_1698mm4.jpg","width":1004,"height":1417},{"@type":"BreadcrumbList","@id":"https:\/\/letrame.com\/catalogo\/producto\/emyl-medusa\/#breadcrumb","itemListElement":[{"@type":"ListItem","position":1,"name":"Portada","item":"https:\/\/letrame.com\/catalogo\/"},{"@type":"ListItem","position":2,"name":"Cat\u00e1logo","item":"https:\/\/letrame.com\/catalogo\/"},{"@type":"ListItem","position":3,"name":"EMYL MEDUSA"}]},{"@type":"WebSite","@id":"https:\/\/letrame.com\/catalogo\/#website","url":"https:\/\/letrame.com\/catalogo\/","name":"Catalogo | Letrame Grupo Editorial","description":"","publisher":{"@id":"https:\/\/letrame.com\/catalogo\/#organization"},"potentialAction":[{"@type":"SearchAction","target":{"@type":"EntryPoint","urlTemplate":"https:\/\/letrame.com\/catalogo\/?s={search_term_string}"},"query-input":{"@type":"PropertyValueSpecification","valueRequired":true,"valueName":"search_term_string"}}],"inLanguage":"es"},{"@type":"Organization","@id":"https:\/\/letrame.com\/catalogo\/#organization","name":"Catalogo | Letrame Grupo Editorial","url":"https:\/\/letrame.com\/catalogo\/","logo":{"@type":"ImageObject","inLanguage":"es","@id":"https:\/\/letrame.com\/catalogo\/#\/schema\/logo\/image\/","url":"https:\/\/letrame.com\/catalogo\/wp-content\/uploads\/2024\/03\/logo2.webp","contentUrl":"https:\/\/letrame.com\/catalogo\/wp-content\/uploads\/2024\/03\/logo2.webp","width":394,"height":128,"caption":"Catalogo | Letrame Grupo Editorial"},"image":{"@id":"https:\/\/letrame.com\/catalogo\/#\/schema\/logo\/image\/"}}]}},"_links":{"self":[{"href":"https:\/\/letrame.com\/catalogo\/wp-json\/wp\/v2\/product\/112572","targetHints":{"allow":["GET"]}}],"collection":[{"href":"https:\/\/letrame.com\/catalogo\/wp-json\/wp\/v2\/product"}],"about":[{"href":"https:\/\/letrame.com\/catalogo\/wp-json\/wp\/v2\/types\/product"}],"replies":[{"embeddable":true,"href":"https:\/\/letrame.com\/catalogo\/wp-json\/wp\/v2\/comments?post=112572"}],"acf:post":[{"embeddable":true,"href":"https:\/\/letrame.com\/catalogo\/wp-json\/wp\/v2\/author_book\/112573"}],"wp:featuredmedia":[{"embeddable":true,"href":"https:\/\/letrame.com\/catalogo\/wp-json\/wp\/v2\/media\/112575"}],"wp:attachment":[{"href":"https:\/\/letrame.com\/catalogo\/wp-json\/wp\/v2\/media?parent=112572"}],"wp:term":[{"taxonomy":"libro","embeddable":true,"href":"https:\/\/letrame.com\/catalogo\/wp-json\/wp\/v2\/libro?post=112572"},{"taxonomy":"product_brand","embeddable":true,"href":"https:\/\/letrame.com\/catalogo\/wp-json\/wp\/v2\/product_brand?post=112572"},{"taxonomy":"product_cat","embeddable":true,"href":"https:\/\/letrame.com\/catalogo\/wp-json\/wp\/v2\/product_cat?post=112572"},{"taxonomy":"product_tag","embeddable":true,"href":"https:\/\/letrame.com\/catalogo\/wp-json\/wp\/v2\/product_tag?post=112572"}],"curies":[{"name":"wp","href":"https:\/\/api.w.org\/{rel}","templated":true}]}}