{"id":112566,"date":"2026-05-06T12:11:35","date_gmt":"2026-05-06T10:11:35","guid":{"rendered":"https:\/\/letrame.com\/catalogo\/?post_type=product&#038;p=112566"},"modified":"2026-05-06T12:11:36","modified_gmt":"2026-05-06T10:11:36","slug":"biodescodificacion-ancestral","status":"publish","type":"product","link":"https:\/\/letrame.com\/catalogo\/producto\/biodescodificacion-ancestral\/","title":{"rendered":"Biodescodificaci\u00f3n ancestral"},"content":{"rendered":"<p data-start=\"0\" data-end=\"77\"><strong>ISBN: 9791370291600<\/strong><br \/>\n<strong>T\u00edtulo:\u00a0 Biodescodificaci\u00f3n ancestral<\/strong><br \/>\n<strong>Fecha: 2026<\/strong><br \/>\n<strong>P\u00e1ginas: 170<\/strong><\/p>\n<p><strong>SINOPSIS<\/strong><\/p>\n<p data-start=\"0\" data-end=\"77\">\u00bfY SI GRAN PARTE DE LO QUE HOY PIENSAS Y SIENTES NO TE PERTENECIERA DEL TODO?<\/p>\n<p data-start=\"79\" data-end=\"509\">Transitar por el camino de la Biodescodificaci\u00f3n Ancestral nos revela que muchos de nuestros pensamientos, emociones, bloqueos y patrones repetidos son huellas heredadas de nuestros ancestros y aprendidas de nuestro entorno. Descubrirlas y comprenderlas no solo nos libera a nosotros, tambi\u00e9n abre caminos de sanaci\u00f3n para quienes estuvieron antes y para quienes vendr\u00e1n despu\u00e9s. Es transformar el rumbo de nuestro camino de vida.<\/p>\n<p data-start=\"511\" data-end=\"909\">El libro nace desde la experiencia personal de la autora y su vocaci\u00f3n profesional. En \u00e9l encontrar\u00e1s un viaje hacia tu mundo interior, donde aprender\u00e1s a reconocer, honrar y transformar esas memorias que habitan en ti. A trav\u00e9s de reflexiones, ejercicios pr\u00e1cticos y experiencias, descubrir\u00e1s c\u00f3mo vivir en coherencia, con mayor libertad y con una mirada m\u00e1s compasiva hacia tu historia ancestral.<\/p>\n<p data-start=\"911\" data-end=\"1245\">El contenido del libro te lleva a vivenciar un viaje inici\u00e1tico. Cada cap\u00edtulo abre una nueva puerta hacia la comprensi\u00f3n de uno mismo: es una invitaci\u00f3n a descubrir un nuevo mapa, un nuevo mundo. La lectura de cada p\u00e1gina del libro te llevar\u00e1 a reconciliarte con tu origen y a elegir conscientemente el presente que deseas construir.<\/p>\n<p data-start=\"1247\" data-end=\"1355\">La verdadera herencia no est\u00e1 en el peso del pasado, sino en la fuerza de la conciencia que despierta en ti.<\/p>\n<p data-start=\"1357\" data-end=\"1395\" data-is-last-node=\"\" data-is-only-node=\"\">Atr\u00e9vete a ver la vida con otros ojos.<\/p>\n","protected":false},"excerpt":{"rendered":"<p data-start=\"0\" data-end=\"77\"><strong>ISBN: 9791370291600<\/strong><\/p>\n<p><strong>SINOPSIS<\/strong><\/p>\n<p data-start=\"0\" data-end=\"77\">\u00bfY SI GRAN PARTE DE LO QUE HOY PIENSAS Y SIENTES NO TE PERTENECIERA DEL TODO?<\/p>\n<p data-start=\"79\" data-end=\"509\">Transitar por el camino de la Biodescodificaci\u00f3n Ancestral nos revela que muchos de nuestros pensamientos, emociones, bloqueos y patrones repetidos son huellas heredadas de nuestros ancestros y aprendidas de nuestro entorno. Descubrirlas y comprenderlas no solo nos libera a nosotros, tambi\u00e9n abre caminos de sanaci\u00f3n para quienes estuvieron antes y para quienes vendr\u00e1n despu\u00e9s. Es transformar el rumbo de nuestro camino de vida.<\/p>\n<p data-start=\"511\" data-end=\"909\">El libro nace desde la experiencia personal de la autora y su vocaci\u00f3n profesional. En \u00e9l encontrar\u00e1s un viaje hacia tu mundo interior, donde aprender\u00e1s a reconocer, honrar y transformar esas memorias que habitan en ti. A trav\u00e9s de reflexiones, ejercicios pr\u00e1cticos y experiencias, descubrir\u00e1s c\u00f3mo vivir en coherencia, con mayor libertad y con una mirada m\u00e1s compasiva hacia tu historia ancestral.<\/p>\n<p data-start=\"911\" data-end=\"1245\">El contenido del libro te lleva a vivenciar un viaje inici\u00e1tico. Cada cap\u00edtulo abre una nueva puerta hacia la comprensi\u00f3n de uno mismo: es una invitaci\u00f3n a descubrir un nuevo mapa, un nuevo mundo. La lectura de cada p\u00e1gina del libro te llevar\u00e1 a reconciliarte con tu origen y a elegir conscientemente el presente que deseas construir.<\/p>\n<p data-start=\"1247\" data-end=\"1355\">La verdadera herencia no est\u00e1 en el peso del pasado, sino en la fuerza de la conciencia que despierta en ti.<\/p>\n<p data-start=\"1357\" data-end=\"1395\" data-is-last-node=\"\" data-is-only-node=\"\">Atr\u00e9vete a ver la vida con otros ojos.<\/p>\n","protected":false},"featured_media":112570,"comment_status":"open","ping_status":"closed","template":"","meta":{"_acf_changed":false},"libro":[],"product_brand":[],"product_cat":[30],"product_tag":[],"class_list":{"0":"post-112566","1":"product","2":"type-product","3":"status-publish","4":"has-post-thumbnail","6":"product_cat-desarrollo-personal-y-autoconocimiento","8":"first","9":"instock","10":"shipping-taxable","11":"product-type-simple"},"acf":{"autor":[112567],"enlace_de_compra":""},"yoast_head":"<!-- This site is optimized with the Yoast SEO plugin v27.4 - https:\/\/yoast.com\/product\/yoast-seo-wordpress\/ -->\n<title>Biodescodificaci\u00f3n ancestral - Catalogo | Letrame Grupo Editorial<\/title>\n<meta name=\"robots\" content=\"index, follow, max-snippet:-1, max-image-preview:large, max-video-preview:-1\" \/>\n<link rel=\"canonical\" href=\"https:\/\/letrame.com\/catalogo\/producto\/biodescodificacion-ancestral\/\" \/>\n<meta property=\"og:locale\" content=\"es_ES\" \/>\n<meta property=\"og:type\" content=\"article\" \/>\n<meta property=\"og:title\" content=\"Biodescodificaci\u00f3n ancestral - Catalogo | Letrame Grupo Editorial\" \/>\n<meta property=\"og:description\" content=\"ISBN: 9791370291600  SINOPSIS \u00bfY SI GRAN PARTE DE LO QUE HOY PIENSAS Y SIENTES NO TE PERTENECIERA DEL TODO? Transitar por el camino de la Biodescodificaci\u00f3n Ancestral nos revela que muchos de nuestros pensamientos, emociones, bloqueos y patrones repetidos son huellas heredadas de nuestros ancestros y aprendidas de nuestro entorno. Descubrirlas y comprenderlas no solo nos libera a nosotros, tambi\u00e9n abre caminos de sanaci\u00f3n para quienes estuvieron antes y para quienes vendr\u00e1n despu\u00e9s. Es transformar el rumbo de nuestro camino de vida. El libro nace desde la experiencia personal de la autora y su vocaci\u00f3n profesional. En \u00e9l encontrar\u00e1s un viaje hacia tu mundo interior, donde aprender\u00e1s a reconocer, honrar y transformar esas memorias que habitan en ti. A trav\u00e9s de reflexiones, ejercicios pr\u00e1cticos y experiencias, descubrir\u00e1s c\u00f3mo vivir en coherencia, con mayor libertad y con una mirada m\u00e1s compasiva hacia tu historia ancestral. El contenido del libro te lleva a vivenciar un viaje inici\u00e1tico. Cada cap\u00edtulo abre una nueva puerta hacia la comprensi\u00f3n de uno mismo: es una invitaci\u00f3n a descubrir un nuevo mapa, un nuevo mundo. La lectura de cada p\u00e1gina del libro te llevar\u00e1 a reconciliarte con tu origen y a elegir conscientemente el presente que deseas construir. La verdadera herencia no est\u00e1 en el peso del pasado, sino en la fuerza de la conciencia que despierta en ti. Atr\u00e9vete a ver la vida con otros ojos.\" \/>\n<meta property=\"og:url\" content=\"https:\/\/letrame.com\/catalogo\/producto\/biodescodificacion-ancestral\/\" \/>\n<meta property=\"og:site_name\" content=\"Catalogo | Letrame Grupo Editorial\" \/>\n<meta property=\"article:modified_time\" content=\"2026-05-06T10:11:36+00:00\" \/>\n<meta property=\"og:image\" content=\"https:\/\/letrame.com\/catalogo\/wp-content\/uploads\/2026\/05\/biodescodificiacion_845mm4.jpg\" \/>\n\t<meta property=\"og:image:width\" content=\"1063\" \/>\n\t<meta property=\"og:image:height\" content=\"1559\" \/>\n\t<meta property=\"og:image:type\" content=\"image\/jpeg\" \/>\n<meta name=\"twitter:card\" content=\"summary_large_image\" \/>\n<meta name=\"twitter:label1\" content=\"Tiempo de lectura\" \/>\n\t<meta name=\"twitter:data1\" content=\"2 minutos\" \/>\n<script type=\"application\/ld+json\" class=\"yoast-schema-graph\">{\"@context\":\"https:\\\/\\\/schema.org\",\"@graph\":[{\"@type\":\"WebPage\",\"@id\":\"https:\\\/\\\/letrame.com\\\/catalogo\\\/producto\\\/biodescodificacion-ancestral\\\/\",\"url\":\"https:\\\/\\\/letrame.com\\\/catalogo\\\/producto\\\/biodescodificacion-ancestral\\\/\",\"name\":\"Biodescodificaci\u00f3n ancestral - Catalogo | Letrame Grupo Editorial\",\"isPartOf\":{\"@id\":\"https:\\\/\\\/letrame.com\\\/catalogo\\\/#website\"},\"primaryImageOfPage\":{\"@id\":\"https:\\\/\\\/letrame.com\\\/catalogo\\\/producto\\\/biodescodificacion-ancestral\\\/#primaryimage\"},\"image\":{\"@id\":\"https:\\\/\\\/letrame.com\\\/catalogo\\\/producto\\\/biodescodificacion-ancestral\\\/#primaryimage\"},\"thumbnailUrl\":\"https:\\\/\\\/letrame.com\\\/catalogo\\\/wp-content\\\/uploads\\\/2026\\\/05\\\/biodescodificiacion_845mm4.jpg\",\"datePublished\":\"2026-05-06T10:11:35+00:00\",\"dateModified\":\"2026-05-06T10:11:36+00:00\",\"breadcrumb\":{\"@id\":\"https:\\\/\\\/letrame.com\\\/catalogo\\\/producto\\\/biodescodificacion-ancestral\\\/#breadcrumb\"},\"inLanguage\":\"es\",\"potentialAction\":[{\"@type\":\"ReadAction\",\"target\":[\"https:\\\/\\\/letrame.com\\\/catalogo\\\/producto\\\/biodescodificacion-ancestral\\\/\"]}]},{\"@type\":\"ImageObject\",\"inLanguage\":\"es\",\"@id\":\"https:\\\/\\\/letrame.com\\\/catalogo\\\/producto\\\/biodescodificacion-ancestral\\\/#primaryimage\",\"url\":\"https:\\\/\\\/letrame.com\\\/catalogo\\\/wp-content\\\/uploads\\\/2026\\\/05\\\/biodescodificiacion_845mm4.jpg\",\"contentUrl\":\"https:\\\/\\\/letrame.com\\\/catalogo\\\/wp-content\\\/uploads\\\/2026\\\/05\\\/biodescodificiacion_845mm4.jpg\",\"width\":1063,\"height\":1559},{\"@type\":\"BreadcrumbList\",\"@id\":\"https:\\\/\\\/letrame.com\\\/catalogo\\\/producto\\\/biodescodificacion-ancestral\\\/#breadcrumb\",\"itemListElement\":[{\"@type\":\"ListItem\",\"position\":1,\"name\":\"Portada\",\"item\":\"https:\\\/\\\/letrame.com\\\/catalogo\\\/\"},{\"@type\":\"ListItem\",\"position\":2,\"name\":\"Cat\u00e1logo\",\"item\":\"https:\\\/\\\/letrame.com\\\/catalogo\\\/\"},{\"@type\":\"ListItem\",\"position\":3,\"name\":\"Biodescodificaci\u00f3n ancestral\"}]},{\"@type\":\"WebSite\",\"@id\":\"https:\\\/\\\/letrame.com\\\/catalogo\\\/#website\",\"url\":\"https:\\\/\\\/letrame.com\\\/catalogo\\\/\",\"name\":\"Catalogo | Letrame Grupo Editorial\",\"description\":\"\",\"publisher\":{\"@id\":\"https:\\\/\\\/letrame.com\\\/catalogo\\\/#organization\"},\"potentialAction\":[{\"@type\":\"SearchAction\",\"target\":{\"@type\":\"EntryPoint\",\"urlTemplate\":\"https:\\\/\\\/letrame.com\\\/catalogo\\\/?s={search_term_string}\"},\"query-input\":{\"@type\":\"PropertyValueSpecification\",\"valueRequired\":true,\"valueName\":\"search_term_string\"}}],\"inLanguage\":\"es\"},{\"@type\":\"Organization\",\"@id\":\"https:\\\/\\\/letrame.com\\\/catalogo\\\/#organization\",\"name\":\"Catalogo | Letrame Grupo Editorial\",\"url\":\"https:\\\/\\\/letrame.com\\\/catalogo\\\/\",\"logo\":{\"@type\":\"ImageObject\",\"inLanguage\":\"es\",\"@id\":\"https:\\\/\\\/letrame.com\\\/catalogo\\\/#\\\/schema\\\/logo\\\/image\\\/\",\"url\":\"https:\\\/\\\/letrame.com\\\/catalogo\\\/wp-content\\\/uploads\\\/2024\\\/03\\\/logo2.webp\",\"contentUrl\":\"https:\\\/\\\/letrame.com\\\/catalogo\\\/wp-content\\\/uploads\\\/2024\\\/03\\\/logo2.webp\",\"width\":394,\"height\":128,\"caption\":\"Catalogo | Letrame Grupo Editorial\"},\"image\":{\"@id\":\"https:\\\/\\\/letrame.com\\\/catalogo\\\/#\\\/schema\\\/logo\\\/image\\\/\"}}]}<\/script>\n<!-- \/ Yoast SEO plugin. -->","yoast_head_json":{"title":"Biodescodificaci\u00f3n ancestral - Catalogo | Letrame Grupo Editorial","robots":{"index":"index","follow":"follow","max-snippet":"max-snippet:-1","max-image-preview":"max-image-preview:large","max-video-preview":"max-video-preview:-1"},"canonical":"https:\/\/letrame.com\/catalogo\/producto\/biodescodificacion-ancestral\/","og_locale":"es_ES","og_type":"article","og_title":"Biodescodificaci\u00f3n ancestral - Catalogo | Letrame Grupo Editorial","og_description":"ISBN: 9791370291600  SINOPSIS \u00bfY SI GRAN PARTE DE LO QUE HOY PIENSAS Y SIENTES NO TE PERTENECIERA DEL TODO? Transitar por el camino de la Biodescodificaci\u00f3n Ancestral nos revela que muchos de nuestros pensamientos, emociones, bloqueos y patrones repetidos son huellas heredadas de nuestros ancestros y aprendidas de nuestro entorno. Descubrirlas y comprenderlas no solo nos libera a nosotros, tambi\u00e9n abre caminos de sanaci\u00f3n para quienes estuvieron antes y para quienes vendr\u00e1n despu\u00e9s. Es transformar el rumbo de nuestro camino de vida. El libro nace desde la experiencia personal de la autora y su vocaci\u00f3n profesional. En \u00e9l encontrar\u00e1s un viaje hacia tu mundo interior, donde aprender\u00e1s a reconocer, honrar y transformar esas memorias que habitan en ti. A trav\u00e9s de reflexiones, ejercicios pr\u00e1cticos y experiencias, descubrir\u00e1s c\u00f3mo vivir en coherencia, con mayor libertad y con una mirada m\u00e1s compasiva hacia tu historia ancestral. El contenido del libro te lleva a vivenciar un viaje inici\u00e1tico. Cada cap\u00edtulo abre una nueva puerta hacia la comprensi\u00f3n de uno mismo: es una invitaci\u00f3n a descubrir un nuevo mapa, un nuevo mundo. La lectura de cada p\u00e1gina del libro te llevar\u00e1 a reconciliarte con tu origen y a elegir conscientemente el presente que deseas construir. La verdadera herencia no est\u00e1 en el peso del pasado, sino en la fuerza de la conciencia que despierta en ti. Atr\u00e9vete a ver la vida con otros ojos.","og_url":"https:\/\/letrame.com\/catalogo\/producto\/biodescodificacion-ancestral\/","og_site_name":"Catalogo | Letrame Grupo Editorial","article_modified_time":"2026-05-06T10:11:36+00:00","og_image":[{"width":1063,"height":1559,"url":"https:\/\/letrame.com\/catalogo\/wp-content\/uploads\/2026\/05\/biodescodificiacion_845mm4.jpg","type":"image\/jpeg"}],"twitter_card":"summary_large_image","twitter_misc":{"Tiempo de lectura":"2 minutos"},"schema":{"@context":"https:\/\/schema.org","@graph":[{"@type":"WebPage","@id":"https:\/\/letrame.com\/catalogo\/producto\/biodescodificacion-ancestral\/","url":"https:\/\/letrame.com\/catalogo\/producto\/biodescodificacion-ancestral\/","name":"Biodescodificaci\u00f3n ancestral - Catalogo | Letrame Grupo Editorial","isPartOf":{"@id":"https:\/\/letrame.com\/catalogo\/#website"},"primaryImageOfPage":{"@id":"https:\/\/letrame.com\/catalogo\/producto\/biodescodificacion-ancestral\/#primaryimage"},"image":{"@id":"https:\/\/letrame.com\/catalogo\/producto\/biodescodificacion-ancestral\/#primaryimage"},"thumbnailUrl":"https:\/\/letrame.com\/catalogo\/wp-content\/uploads\/2026\/05\/biodescodificiacion_845mm4.jpg","datePublished":"2026-05-06T10:11:35+00:00","dateModified":"2026-05-06T10:11:36+00:00","breadcrumb":{"@id":"https:\/\/letrame.com\/catalogo\/producto\/biodescodificacion-ancestral\/#breadcrumb"},"inLanguage":"es","potentialAction":[{"@type":"ReadAction","target":["https:\/\/letrame.com\/catalogo\/producto\/biodescodificacion-ancestral\/"]}]},{"@type":"ImageObject","inLanguage":"es","@id":"https:\/\/letrame.com\/catalogo\/producto\/biodescodificacion-ancestral\/#primaryimage","url":"https:\/\/letrame.com\/catalogo\/wp-content\/uploads\/2026\/05\/biodescodificiacion_845mm4.jpg","contentUrl":"https:\/\/letrame.com\/catalogo\/wp-content\/uploads\/2026\/05\/biodescodificiacion_845mm4.jpg","width":1063,"height":1559},{"@type":"BreadcrumbList","@id":"https:\/\/letrame.com\/catalogo\/producto\/biodescodificacion-ancestral\/#breadcrumb","itemListElement":[{"@type":"ListItem","position":1,"name":"Portada","item":"https:\/\/letrame.com\/catalogo\/"},{"@type":"ListItem","position":2,"name":"Cat\u00e1logo","item":"https:\/\/letrame.com\/catalogo\/"},{"@type":"ListItem","position":3,"name":"Biodescodificaci\u00f3n ancestral"}]},{"@type":"WebSite","@id":"https:\/\/letrame.com\/catalogo\/#website","url":"https:\/\/letrame.com\/catalogo\/","name":"Catalogo | Letrame Grupo Editorial","description":"","publisher":{"@id":"https:\/\/letrame.com\/catalogo\/#organization"},"potentialAction":[{"@type":"SearchAction","target":{"@type":"EntryPoint","urlTemplate":"https:\/\/letrame.com\/catalogo\/?s={search_term_string}"},"query-input":{"@type":"PropertyValueSpecification","valueRequired":true,"valueName":"search_term_string"}}],"inLanguage":"es"},{"@type":"Organization","@id":"https:\/\/letrame.com\/catalogo\/#organization","name":"Catalogo | Letrame Grupo Editorial","url":"https:\/\/letrame.com\/catalogo\/","logo":{"@type":"ImageObject","inLanguage":"es","@id":"https:\/\/letrame.com\/catalogo\/#\/schema\/logo\/image\/","url":"https:\/\/letrame.com\/catalogo\/wp-content\/uploads\/2024\/03\/logo2.webp","contentUrl":"https:\/\/letrame.com\/catalogo\/wp-content\/uploads\/2024\/03\/logo2.webp","width":394,"height":128,"caption":"Catalogo | Letrame Grupo Editorial"},"image":{"@id":"https:\/\/letrame.com\/catalogo\/#\/schema\/logo\/image\/"}}]}},"_links":{"self":[{"href":"https:\/\/letrame.com\/catalogo\/wp-json\/wp\/v2\/product\/112566","targetHints":{"allow":["GET"]}}],"collection":[{"href":"https:\/\/letrame.com\/catalogo\/wp-json\/wp\/v2\/product"}],"about":[{"href":"https:\/\/letrame.com\/catalogo\/wp-json\/wp\/v2\/types\/product"}],"replies":[{"embeddable":true,"href":"https:\/\/letrame.com\/catalogo\/wp-json\/wp\/v2\/comments?post=112566"}],"acf:post":[{"embeddable":true,"href":"https:\/\/letrame.com\/catalogo\/wp-json\/wp\/v2\/author_book\/112567"}],"wp:featuredmedia":[{"embeddable":true,"href":"https:\/\/letrame.com\/catalogo\/wp-json\/wp\/v2\/media\/112570"}],"wp:attachment":[{"href":"https:\/\/letrame.com\/catalogo\/wp-json\/wp\/v2\/media?parent=112566"}],"wp:term":[{"taxonomy":"libro","embeddable":true,"href":"https:\/\/letrame.com\/catalogo\/wp-json\/wp\/v2\/libro?post=112566"},{"taxonomy":"product_brand","embeddable":true,"href":"https:\/\/letrame.com\/catalogo\/wp-json\/wp\/v2\/product_brand?post=112566"},{"taxonomy":"product_cat","embeddable":true,"href":"https:\/\/letrame.com\/catalogo\/wp-json\/wp\/v2\/product_cat?post=112566"},{"taxonomy":"product_tag","embeddable":true,"href":"https:\/\/letrame.com\/catalogo\/wp-json\/wp\/v2\/product_tag?post=112566"}],"curies":[{"name":"wp","href":"https:\/\/api.w.org\/{rel}","templated":true}]}}