{"id":112559,"date":"2026-05-06T11:16:17","date_gmt":"2026-05-06T09:16:17","guid":{"rendered":"https:\/\/letrame.com\/catalogo\/?post_type=product&#038;p=112559"},"modified":"2026-05-06T11:16:18","modified_gmt":"2026-05-06T09:16:18","slug":"diagnostico-espectro","status":"publish","type":"product","link":"https:\/\/letrame.com\/catalogo\/producto\/diagnostico-espectro\/","title":{"rendered":"Diagn\u00f3stico espectro"},"content":{"rendered":"<p><strong>ISBN: 9791370297022<\/strong><br \/>\n<strong>T\u00edtulo: Diagn\u00f3stico espectro<\/strong><br \/>\n<strong>Fecha: 2025<\/strong><br \/>\n<strong>P\u00e1ginas: 92<\/strong><\/p>\n<p><strong>SINOPSIS<\/strong><\/p>\n<p data-start=\"0\" data-end=\"56\">Hay experiencias que no se eligen; simplemente se viven.<\/p>\n<p data-start=\"58\" data-end=\"446\">Desde la infancia, he convivido con experiencias paranormales que desafiaban cualquier explicaci\u00f3n l\u00f3gica. Espectros, intuiciones, sue\u00f1os y episodios dif\u00edciles de explicar fueron creando una percepci\u00f3n de la realidad distinta y silenciosa. A\u00f1os m\u00e1s tarde, ya como m\u00e9dico y cient\u00edfico, esas experiencias no desaparecieron, sino que encontraron una forma nueva desde la cual ser exploradas.<\/p>\n<p data-start=\"448\" data-end=\"726\">Este libro recopila una serie de relatos basados en vivencias reales, narradas con un tono respetuoso, \u00edntimo y reflexivo. En ellos, la mirada racional convive con lo que no puede ser explicado, no como fuerzas que luchan, sino como mundos complementarios de una misma realidad.<\/p>\n<p data-start=\"728\" data-end=\"951\">Lejos de ser sensacionalista, estas p\u00e1ginas no buscan convencer ni ofrecer respuestas definitivas. Invitan al lector a adentrarse en ese mundo donde la ciencia reconoce sus l\u00edmites y lo espiritual se manifiesta sin censura.<\/p>\n<p data-start=\"953\" data-end=\"1067\" data-is-last-node=\"\" data-is-only-node=\"\">Un testimonio honesto sobre la convivencia entre dos realidades que, quiz\u00e1s, nunca estuvieron realmente separadas.<\/p>\n","protected":false},"excerpt":{"rendered":"<p><strong>ISBN: 9791370297022<\/strong><\/p>\n<p><strong>SINOPSIS<\/strong><\/p>\n<p data-start=\"0\" data-end=\"56\">Hay experiencias que no se eligen; simplemente se viven.<\/p>\n<p data-start=\"58\" data-end=\"446\">Desde la infancia, he convivido con experiencias paranormales que desafiaban cualquier explicaci\u00f3n l\u00f3gica. Espectros, intuiciones, sue\u00f1os y episodios dif\u00edciles de explicar fueron creando una percepci\u00f3n de la realidad distinta y silenciosa. A\u00f1os m\u00e1s tarde, ya como m\u00e9dico y cient\u00edfico, esas experiencias no desaparecieron, sino que encontraron una forma nueva desde la cual ser exploradas.<\/p>\n<p data-start=\"448\" data-end=\"726\">Este libro recopila una serie de relatos basados en vivencias reales, narradas con un tono respetuoso, \u00edntimo y reflexivo. En ellos, la mirada racional convive con lo que no puede ser explicado, no como fuerzas que luchan, sino como mundos complementarios de una misma realidad.<\/p>\n<p data-start=\"728\" data-end=\"951\">Lejos de ser sensacionalista, estas p\u00e1ginas no buscan convencer ni ofrecer respuestas definitivas. Invitan al lector a adentrarse en ese mundo donde la ciencia reconoce sus l\u00edmites y lo espiritual se manifiesta sin censura.<\/p>\n<p data-start=\"953\" data-end=\"1067\" data-is-last-node=\"\" data-is-only-node=\"\">Un testimonio honesto sobre la convivencia entre dos realidades que, quiz\u00e1s, nunca estuvieron realmente separadas.<\/p>\n<p data-start=\"953\" data-end=\"1067\" data-is-last-node=\"\" data-is-only-node=\"\">\n","protected":false},"featured_media":112564,"comment_status":"open","ping_status":"closed","template":"","meta":{"_acf_changed":false},"libro":[],"product_brand":[],"product_cat":[144],"product_tag":[],"class_list":{"0":"post-112559","1":"product","2":"type-product","3":"status-publish","4":"has-post-thumbnail","6":"product_cat-misterio","8":"first","9":"instock","10":"shipping-taxable","11":"product-type-simple"},"acf":{"autor":"","enlace_de_compra":""},"yoast_head":"<!-- This site is optimized with the Yoast SEO plugin v27.4 - https:\/\/yoast.com\/product\/yoast-seo-wordpress\/ -->\n<title>Diagn\u00f3stico espectro - Catalogo | Letrame Grupo Editorial<\/title>\n<meta name=\"robots\" content=\"index, follow, max-snippet:-1, max-image-preview:large, max-video-preview:-1\" \/>\n<link rel=\"canonical\" href=\"https:\/\/letrame.com\/catalogo\/producto\/diagnostico-espectro\/\" \/>\n<meta property=\"og:locale\" content=\"es_ES\" \/>\n<meta property=\"og:type\" content=\"article\" \/>\n<meta property=\"og:title\" content=\"Diagn\u00f3stico espectro - Catalogo | Letrame Grupo Editorial\" \/>\n<meta property=\"og:description\" content=\"ISBN: 9791370297022  SINOPSIS Hay experiencias que no se eligen; simplemente se viven. Desde la infancia, he convivido con experiencias paranormales que desafiaban cualquier explicaci\u00f3n l\u00f3gica. Espectros, intuiciones, sue\u00f1os y episodios dif\u00edciles de explicar fueron creando una percepci\u00f3n de la realidad distinta y silenciosa. A\u00f1os m\u00e1s tarde, ya como m\u00e9dico y cient\u00edfico, esas experiencias no desaparecieron, sino que encontraron una forma nueva desde la cual ser exploradas. Este libro recopila una serie de relatos basados en vivencias reales, narradas con un tono respetuoso, \u00edntimo y reflexivo. En ellos, la mirada racional convive con lo que no puede ser explicado, no como fuerzas que luchan, sino como mundos complementarios de una misma realidad. Lejos de ser sensacionalista, estas p\u00e1ginas no buscan convencer ni ofrecer respuestas definitivas. Invitan al lector a adentrarse en ese mundo donde la ciencia reconoce sus l\u00edmites y lo espiritual se manifiesta sin censura. Un testimonio honesto sobre la convivencia entre dos realidades que, quiz\u00e1s, nunca estuvieron realmente separadas.\" \/>\n<meta property=\"og:url\" content=\"https:\/\/letrame.com\/catalogo\/producto\/diagnostico-espectro\/\" \/>\n<meta property=\"og:site_name\" content=\"Catalogo | Letrame Grupo Editorial\" \/>\n<meta property=\"article:modified_time\" content=\"2026-05-06T09:16:18+00:00\" \/>\n<meta property=\"og:image\" content=\"https:\/\/letrame.com\/catalogo\/wp-content\/uploads\/2026\/05\/Diagnosticoexpectro_476mm4.jpg\" \/>\n\t<meta property=\"og:image:width\" content=\"874\" \/>\n\t<meta property=\"og:image:height\" content=\"1240\" \/>\n\t<meta property=\"og:image:type\" content=\"image\/jpeg\" \/>\n<meta name=\"twitter:card\" content=\"summary_large_image\" \/>\n<meta name=\"twitter:label1\" content=\"Tiempo de lectura\" \/>\n\t<meta name=\"twitter:data1\" content=\"1 minuto\" \/>\n<script type=\"application\/ld+json\" class=\"yoast-schema-graph\">{\"@context\":\"https:\\\/\\\/schema.org\",\"@graph\":[{\"@type\":\"WebPage\",\"@id\":\"https:\\\/\\\/letrame.com\\\/catalogo\\\/producto\\\/diagnostico-espectro\\\/\",\"url\":\"https:\\\/\\\/letrame.com\\\/catalogo\\\/producto\\\/diagnostico-espectro\\\/\",\"name\":\"Diagn\u00f3stico espectro - Catalogo | Letrame Grupo Editorial\",\"isPartOf\":{\"@id\":\"https:\\\/\\\/letrame.com\\\/catalogo\\\/#website\"},\"primaryImageOfPage\":{\"@id\":\"https:\\\/\\\/letrame.com\\\/catalogo\\\/producto\\\/diagnostico-espectro\\\/#primaryimage\"},\"image\":{\"@id\":\"https:\\\/\\\/letrame.com\\\/catalogo\\\/producto\\\/diagnostico-espectro\\\/#primaryimage\"},\"thumbnailUrl\":\"https:\\\/\\\/letrame.com\\\/catalogo\\\/wp-content\\\/uploads\\\/2026\\\/05\\\/Diagnosticoexpectro_476mm4.jpg\",\"datePublished\":\"2026-05-06T09:16:17+00:00\",\"dateModified\":\"2026-05-06T09:16:18+00:00\",\"breadcrumb\":{\"@id\":\"https:\\\/\\\/letrame.com\\\/catalogo\\\/producto\\\/diagnostico-espectro\\\/#breadcrumb\"},\"inLanguage\":\"es\",\"potentialAction\":[{\"@type\":\"ReadAction\",\"target\":[\"https:\\\/\\\/letrame.com\\\/catalogo\\\/producto\\\/diagnostico-espectro\\\/\"]}]},{\"@type\":\"ImageObject\",\"inLanguage\":\"es\",\"@id\":\"https:\\\/\\\/letrame.com\\\/catalogo\\\/producto\\\/diagnostico-espectro\\\/#primaryimage\",\"url\":\"https:\\\/\\\/letrame.com\\\/catalogo\\\/wp-content\\\/uploads\\\/2026\\\/05\\\/Diagnosticoexpectro_476mm4.jpg\",\"contentUrl\":\"https:\\\/\\\/letrame.com\\\/catalogo\\\/wp-content\\\/uploads\\\/2026\\\/05\\\/Diagnosticoexpectro_476mm4.jpg\",\"width\":874,\"height\":1240},{\"@type\":\"BreadcrumbList\",\"@id\":\"https:\\\/\\\/letrame.com\\\/catalogo\\\/producto\\\/diagnostico-espectro\\\/#breadcrumb\",\"itemListElement\":[{\"@type\":\"ListItem\",\"position\":1,\"name\":\"Portada\",\"item\":\"https:\\\/\\\/letrame.com\\\/catalogo\\\/\"},{\"@type\":\"ListItem\",\"position\":2,\"name\":\"Cat\u00e1logo\",\"item\":\"https:\\\/\\\/letrame.com\\\/catalogo\\\/\"},{\"@type\":\"ListItem\",\"position\":3,\"name\":\"Diagn\u00f3stico espectro\"}]},{\"@type\":\"WebSite\",\"@id\":\"https:\\\/\\\/letrame.com\\\/catalogo\\\/#website\",\"url\":\"https:\\\/\\\/letrame.com\\\/catalogo\\\/\",\"name\":\"Catalogo | Letrame Grupo Editorial\",\"description\":\"\",\"publisher\":{\"@id\":\"https:\\\/\\\/letrame.com\\\/catalogo\\\/#organization\"},\"potentialAction\":[{\"@type\":\"SearchAction\",\"target\":{\"@type\":\"EntryPoint\",\"urlTemplate\":\"https:\\\/\\\/letrame.com\\\/catalogo\\\/?s={search_term_string}\"},\"query-input\":{\"@type\":\"PropertyValueSpecification\",\"valueRequired\":true,\"valueName\":\"search_term_string\"}}],\"inLanguage\":\"es\"},{\"@type\":\"Organization\",\"@id\":\"https:\\\/\\\/letrame.com\\\/catalogo\\\/#organization\",\"name\":\"Catalogo | Letrame Grupo Editorial\",\"url\":\"https:\\\/\\\/letrame.com\\\/catalogo\\\/\",\"logo\":{\"@type\":\"ImageObject\",\"inLanguage\":\"es\",\"@id\":\"https:\\\/\\\/letrame.com\\\/catalogo\\\/#\\\/schema\\\/logo\\\/image\\\/\",\"url\":\"https:\\\/\\\/letrame.com\\\/catalogo\\\/wp-content\\\/uploads\\\/2024\\\/03\\\/logo2.webp\",\"contentUrl\":\"https:\\\/\\\/letrame.com\\\/catalogo\\\/wp-content\\\/uploads\\\/2024\\\/03\\\/logo2.webp\",\"width\":394,\"height\":128,\"caption\":\"Catalogo | Letrame Grupo Editorial\"},\"image\":{\"@id\":\"https:\\\/\\\/letrame.com\\\/catalogo\\\/#\\\/schema\\\/logo\\\/image\\\/\"}}]}<\/script>\n<!-- \/ Yoast SEO plugin. -->","yoast_head_json":{"title":"Diagn\u00f3stico espectro - Catalogo | Letrame Grupo Editorial","robots":{"index":"index","follow":"follow","max-snippet":"max-snippet:-1","max-image-preview":"max-image-preview:large","max-video-preview":"max-video-preview:-1"},"canonical":"https:\/\/letrame.com\/catalogo\/producto\/diagnostico-espectro\/","og_locale":"es_ES","og_type":"article","og_title":"Diagn\u00f3stico espectro - Catalogo | Letrame Grupo Editorial","og_description":"ISBN: 9791370297022  SINOPSIS Hay experiencias que no se eligen; simplemente se viven. Desde la infancia, he convivido con experiencias paranormales que desafiaban cualquier explicaci\u00f3n l\u00f3gica. Espectros, intuiciones, sue\u00f1os y episodios dif\u00edciles de explicar fueron creando una percepci\u00f3n de la realidad distinta y silenciosa. A\u00f1os m\u00e1s tarde, ya como m\u00e9dico y cient\u00edfico, esas experiencias no desaparecieron, sino que encontraron una forma nueva desde la cual ser exploradas. Este libro recopila una serie de relatos basados en vivencias reales, narradas con un tono respetuoso, \u00edntimo y reflexivo. En ellos, la mirada racional convive con lo que no puede ser explicado, no como fuerzas que luchan, sino como mundos complementarios de una misma realidad. Lejos de ser sensacionalista, estas p\u00e1ginas no buscan convencer ni ofrecer respuestas definitivas. Invitan al lector a adentrarse en ese mundo donde la ciencia reconoce sus l\u00edmites y lo espiritual se manifiesta sin censura. Un testimonio honesto sobre la convivencia entre dos realidades que, quiz\u00e1s, nunca estuvieron realmente separadas.","og_url":"https:\/\/letrame.com\/catalogo\/producto\/diagnostico-espectro\/","og_site_name":"Catalogo | Letrame Grupo Editorial","article_modified_time":"2026-05-06T09:16:18+00:00","og_image":[{"width":874,"height":1240,"url":"https:\/\/letrame.com\/catalogo\/wp-content\/uploads\/2026\/05\/Diagnosticoexpectro_476mm4.jpg","type":"image\/jpeg"}],"twitter_card":"summary_large_image","twitter_misc":{"Tiempo de lectura":"1 minuto"},"schema":{"@context":"https:\/\/schema.org","@graph":[{"@type":"WebPage","@id":"https:\/\/letrame.com\/catalogo\/producto\/diagnostico-espectro\/","url":"https:\/\/letrame.com\/catalogo\/producto\/diagnostico-espectro\/","name":"Diagn\u00f3stico espectro - Catalogo | Letrame Grupo Editorial","isPartOf":{"@id":"https:\/\/letrame.com\/catalogo\/#website"},"primaryImageOfPage":{"@id":"https:\/\/letrame.com\/catalogo\/producto\/diagnostico-espectro\/#primaryimage"},"image":{"@id":"https:\/\/letrame.com\/catalogo\/producto\/diagnostico-espectro\/#primaryimage"},"thumbnailUrl":"https:\/\/letrame.com\/catalogo\/wp-content\/uploads\/2026\/05\/Diagnosticoexpectro_476mm4.jpg","datePublished":"2026-05-06T09:16:17+00:00","dateModified":"2026-05-06T09:16:18+00:00","breadcrumb":{"@id":"https:\/\/letrame.com\/catalogo\/producto\/diagnostico-espectro\/#breadcrumb"},"inLanguage":"es","potentialAction":[{"@type":"ReadAction","target":["https:\/\/letrame.com\/catalogo\/producto\/diagnostico-espectro\/"]}]},{"@type":"ImageObject","inLanguage":"es","@id":"https:\/\/letrame.com\/catalogo\/producto\/diagnostico-espectro\/#primaryimage","url":"https:\/\/letrame.com\/catalogo\/wp-content\/uploads\/2026\/05\/Diagnosticoexpectro_476mm4.jpg","contentUrl":"https:\/\/letrame.com\/catalogo\/wp-content\/uploads\/2026\/05\/Diagnosticoexpectro_476mm4.jpg","width":874,"height":1240},{"@type":"BreadcrumbList","@id":"https:\/\/letrame.com\/catalogo\/producto\/diagnostico-espectro\/#breadcrumb","itemListElement":[{"@type":"ListItem","position":1,"name":"Portada","item":"https:\/\/letrame.com\/catalogo\/"},{"@type":"ListItem","position":2,"name":"Cat\u00e1logo","item":"https:\/\/letrame.com\/catalogo\/"},{"@type":"ListItem","position":3,"name":"Diagn\u00f3stico espectro"}]},{"@type":"WebSite","@id":"https:\/\/letrame.com\/catalogo\/#website","url":"https:\/\/letrame.com\/catalogo\/","name":"Catalogo | Letrame Grupo Editorial","description":"","publisher":{"@id":"https:\/\/letrame.com\/catalogo\/#organization"},"potentialAction":[{"@type":"SearchAction","target":{"@type":"EntryPoint","urlTemplate":"https:\/\/letrame.com\/catalogo\/?s={search_term_string}"},"query-input":{"@type":"PropertyValueSpecification","valueRequired":true,"valueName":"search_term_string"}}],"inLanguage":"es"},{"@type":"Organization","@id":"https:\/\/letrame.com\/catalogo\/#organization","name":"Catalogo | Letrame Grupo Editorial","url":"https:\/\/letrame.com\/catalogo\/","logo":{"@type":"ImageObject","inLanguage":"es","@id":"https:\/\/letrame.com\/catalogo\/#\/schema\/logo\/image\/","url":"https:\/\/letrame.com\/catalogo\/wp-content\/uploads\/2024\/03\/logo2.webp","contentUrl":"https:\/\/letrame.com\/catalogo\/wp-content\/uploads\/2024\/03\/logo2.webp","width":394,"height":128,"caption":"Catalogo | Letrame Grupo Editorial"},"image":{"@id":"https:\/\/letrame.com\/catalogo\/#\/schema\/logo\/image\/"}}]}},"_links":{"self":[{"href":"https:\/\/letrame.com\/catalogo\/wp-json\/wp\/v2\/product\/112559","targetHints":{"allow":["GET"]}}],"collection":[{"href":"https:\/\/letrame.com\/catalogo\/wp-json\/wp\/v2\/product"}],"about":[{"href":"https:\/\/letrame.com\/catalogo\/wp-json\/wp\/v2\/types\/product"}],"replies":[{"embeddable":true,"href":"https:\/\/letrame.com\/catalogo\/wp-json\/wp\/v2\/comments?post=112559"}],"wp:featuredmedia":[{"embeddable":true,"href":"https:\/\/letrame.com\/catalogo\/wp-json\/wp\/v2\/media\/112564"}],"wp:attachment":[{"href":"https:\/\/letrame.com\/catalogo\/wp-json\/wp\/v2\/media?parent=112559"}],"wp:term":[{"taxonomy":"libro","embeddable":true,"href":"https:\/\/letrame.com\/catalogo\/wp-json\/wp\/v2\/libro?post=112559"},{"taxonomy":"product_brand","embeddable":true,"href":"https:\/\/letrame.com\/catalogo\/wp-json\/wp\/v2\/product_brand?post=112559"},{"taxonomy":"product_cat","embeddable":true,"href":"https:\/\/letrame.com\/catalogo\/wp-json\/wp\/v2\/product_cat?post=112559"},{"taxonomy":"product_tag","embeddable":true,"href":"https:\/\/letrame.com\/catalogo\/wp-json\/wp\/v2\/product_tag?post=112559"}],"curies":[{"name":"wp","href":"https:\/\/api.w.org\/{rel}","templated":true}]}}