{"id":112547,"date":"2026-05-04T16:11:43","date_gmt":"2026-05-04T14:11:43","guid":{"rendered":"https:\/\/letrame.com\/catalogo\/?post_type=product&#038;p=112547"},"modified":"2026-05-04T16:11:43","modified_gmt":"2026-05-04T14:11:43","slug":"como-superar-el-dolor-que-provoca-un-paciente-insatisfecho","status":"publish","type":"product","link":"https:\/\/letrame.com\/catalogo\/producto\/como-superar-el-dolor-que-provoca-un-paciente-insatisfecho\/","title":{"rendered":"C\u00f3mo superar el dolor que provoca un paciente insatisfecho"},"content":{"rendered":"<p><strong>ISBN: 9791370544911<\/strong><br \/>\n<strong>T\u00edtulo: C\u00f3mo superar el dolor que provoca un paciente insatisfecho<\/strong><br \/>\n<strong>Fecha: 2026<\/strong><br \/>\n<strong>P\u00e1ginas: 110<\/strong><\/p>\n<p><strong>SINOPSIS<\/strong><\/p>\n<p data-start=\"0\" data-end=\"20\">\u00bfPOR QU\u00c9 ESTE LIBRO?<\/p>\n<p data-start=\"22\" data-end=\"441\">El paciente insatisfecho es el manual que nos hubiera gustado leer al inicio de nuestra carrera. Nadie nos advirti\u00f3 que, en la pr\u00e1ctica sanitaria, el mayor reto no ser\u00eda siempre una patolog\u00eda compleja, sino el peso del silencio tras una consulta dif\u00edcil. En la universidad aprendimos a diagnosticar y a curar, pero no se nos prepar\u00f3 para convivir con la mirada de un paciente que se va de nuestra consulta insatisfecho.<\/p>\n<p data-start=\"443\" data-end=\"747\">Este libro nace de ese dolor que a menudo callamos entre compa\u00f1eros por miedo a parecer vulnerables. Es una invitaci\u00f3n a detenerse y reconocer que, detr\u00e1s de cada bata o uniforme, hay una persona que tambi\u00e9n siente la duda, la frustraci\u00f3n y el peso de una responsabilidad que a veces parece desbordarnos.<\/p>\n<p data-start=\"749\" data-end=\"1164\" data-is-last-node=\"\" data-is-only-node=\"\">A trav\u00e9s de estas p\u00e1ginas, compartimos con honestidad lo que hemos aprendido en la \u00abtrinchera\u00bb de la cl\u00ednica diaria. No buscamos darte lecciones te\u00f3ricas, sino ofrecerte un respiro para que la queja de un paciente no apague tu vocaci\u00f3n. Es un manual escrito desde la experiencia para ayudarte a soltar la culpa, recuperar la calma y recordar por qu\u00e9, a pesar de todo, elegiste dedicar tu vida a cuidar de los dem\u00e1s.<\/p>\n","protected":false},"excerpt":{"rendered":"<p><strong>ISBN: 9791370544911<\/strong><\/p>\n<p><strong>SINOPSIS<\/strong><\/p>\n<p data-start=\"0\" data-end=\"20\">\u00bfPOR QU\u00c9 ESTE LIBRO?<\/p>\n<p data-start=\"22\" data-end=\"441\">El paciente insatisfecho es el manual que nos hubiera gustado leer al inicio de nuestra carrera. Nadie nos advirti\u00f3 que, en la pr\u00e1ctica sanitaria, el mayor reto no ser\u00eda siempre una patolog\u00eda compleja, sino el peso del silencio tras una consulta dif\u00edcil. En la universidad aprendimos a diagnosticar y a curar, pero no se nos prepar\u00f3 para convivir con la mirada de un paciente que se va de nuestra consulta insatisfecho.<\/p>\n<p data-start=\"443\" data-end=\"747\">Este libro nace de ese dolor que a menudo callamos entre compa\u00f1eros por miedo a parecer vulnerables. Es una invitaci\u00f3n a detenerse y reconocer que, detr\u00e1s de cada bata o uniforme, hay una persona que tambi\u00e9n siente la duda, la frustraci\u00f3n y el peso de una responsabilidad que a veces parece desbordarnos.<\/p>\n<p data-start=\"749\" data-end=\"1164\" data-is-last-node=\"\" data-is-only-node=\"\">A trav\u00e9s de estas p\u00e1ginas, compartimos con honestidad lo que hemos aprendido en la \u00abtrinchera\u00bb de la cl\u00ednica diaria. No buscamos darte lecciones te\u00f3ricas, sino ofrecerte un respiro para que la queja de un paciente no apague tu vocaci\u00f3n. Es un manual escrito desde la experiencia para ayudarte a soltar la culpa, recuperar la calma y recordar por qu\u00e9, a pesar de todo, elegiste dedicar tu vida a cuidar de los dem\u00e1s.<\/p>\n","protected":false},"featured_media":112552,"comment_status":"open","ping_status":"closed","template":"","meta":{"_acf_changed":false},"libro":[],"product_brand":[],"product_cat":[124],"product_tag":[],"class_list":{"0":"post-112547","1":"product","2":"type-product","3":"status-publish","4":"has-post-thumbnail","6":"product_cat-psicologia","8":"first","9":"instock","10":"shipping-taxable","11":"product-type-simple"},"acf":{"autor":[112548],"enlace_de_compra":""},"yoast_head":"<!-- This site is optimized with the Yoast SEO plugin v27.4 - https:\/\/yoast.com\/product\/yoast-seo-wordpress\/ -->\n<title>C\u00f3mo superar el dolor que provoca un paciente insatisfecho - Catalogo | Letrame Grupo Editorial<\/title>\n<meta name=\"robots\" content=\"index, follow, max-snippet:-1, max-image-preview:large, max-video-preview:-1\" \/>\n<link rel=\"canonical\" href=\"https:\/\/letrame.com\/catalogo\/producto\/como-superar-el-dolor-que-provoca-un-paciente-insatisfecho\/\" \/>\n<meta property=\"og:locale\" content=\"es_ES\" \/>\n<meta property=\"og:type\" content=\"article\" \/>\n<meta property=\"og:title\" content=\"C\u00f3mo superar el dolor que provoca un paciente insatisfecho - Catalogo | Letrame Grupo Editorial\" \/>\n<meta property=\"og:description\" content=\"ISBN: 9791370544911  SINOPSIS \u00bfPOR QU\u00c9 ESTE LIBRO? El paciente insatisfecho es el manual que nos hubiera gustado leer al inicio de nuestra carrera. Nadie nos advirti\u00f3 que, en la pr\u00e1ctica sanitaria, el mayor reto no ser\u00eda siempre una patolog\u00eda compleja, sino el peso del silencio tras una consulta dif\u00edcil. En la universidad aprendimos a diagnosticar y a curar, pero no se nos prepar\u00f3 para convivir con la mirada de un paciente que se va de nuestra consulta insatisfecho. Este libro nace de ese dolor que a menudo callamos entre compa\u00f1eros por miedo a parecer vulnerables. Es una invitaci\u00f3n a detenerse y reconocer que, detr\u00e1s de cada bata o uniforme, hay una persona que tambi\u00e9n siente la duda, la frustraci\u00f3n y el peso de una responsabilidad que a veces parece desbordarnos. A trav\u00e9s de estas p\u00e1ginas, compartimos con honestidad lo que hemos aprendido en la \u00abtrinchera\u00bb de la cl\u00ednica diaria. No buscamos darte lecciones te\u00f3ricas, sino ofrecerte un respiro para que la queja de un paciente no apague tu vocaci\u00f3n. Es un manual escrito desde la experiencia para ayudarte a soltar la culpa, recuperar la calma y recordar por qu\u00e9, a pesar de todo, elegiste dedicar tu vida a cuidar de los dem\u00e1s.\" \/>\n<meta property=\"og:url\" content=\"https:\/\/letrame.com\/catalogo\/producto\/como-superar-el-dolor-que-provoca-un-paciente-insatisfecho\/\" \/>\n<meta property=\"og:site_name\" content=\"Catalogo | Letrame Grupo Editorial\" \/>\n<meta property=\"og:image\" content=\"https:\/\/letrame.com\/catalogo\/wp-content\/uploads\/2026\/05\/comosuperar_613mm4.jpg\" \/>\n\t<meta property=\"og:image:width\" content=\"1049\" \/>\n\t<meta property=\"og:image:height\" content=\"1489\" \/>\n\t<meta property=\"og:image:type\" content=\"image\/jpeg\" \/>\n<meta name=\"twitter:card\" content=\"summary_large_image\" \/>\n<meta name=\"twitter:label1\" content=\"Tiempo de lectura\" \/>\n\t<meta name=\"twitter:data1\" content=\"2 minutos\" \/>\n<script type=\"application\/ld+json\" class=\"yoast-schema-graph\">{\"@context\":\"https:\\\/\\\/schema.org\",\"@graph\":[{\"@type\":\"WebPage\",\"@id\":\"https:\\\/\\\/letrame.com\\\/catalogo\\\/producto\\\/como-superar-el-dolor-que-provoca-un-paciente-insatisfecho\\\/\",\"url\":\"https:\\\/\\\/letrame.com\\\/catalogo\\\/producto\\\/como-superar-el-dolor-que-provoca-un-paciente-insatisfecho\\\/\",\"name\":\"C\u00f3mo superar el dolor que provoca un paciente insatisfecho - Catalogo | Letrame Grupo Editorial\",\"isPartOf\":{\"@id\":\"https:\\\/\\\/letrame.com\\\/catalogo\\\/#website\"},\"primaryImageOfPage\":{\"@id\":\"https:\\\/\\\/letrame.com\\\/catalogo\\\/producto\\\/como-superar-el-dolor-que-provoca-un-paciente-insatisfecho\\\/#primaryimage\"},\"image\":{\"@id\":\"https:\\\/\\\/letrame.com\\\/catalogo\\\/producto\\\/como-superar-el-dolor-que-provoca-un-paciente-insatisfecho\\\/#primaryimage\"},\"thumbnailUrl\":\"https:\\\/\\\/letrame.com\\\/catalogo\\\/wp-content\\\/uploads\\\/2026\\\/05\\\/comosuperar_613mm4.jpg\",\"datePublished\":\"2026-05-04T14:11:43+00:00\",\"breadcrumb\":{\"@id\":\"https:\\\/\\\/letrame.com\\\/catalogo\\\/producto\\\/como-superar-el-dolor-que-provoca-un-paciente-insatisfecho\\\/#breadcrumb\"},\"inLanguage\":\"es\",\"potentialAction\":[{\"@type\":\"ReadAction\",\"target\":[\"https:\\\/\\\/letrame.com\\\/catalogo\\\/producto\\\/como-superar-el-dolor-que-provoca-un-paciente-insatisfecho\\\/\"]}]},{\"@type\":\"ImageObject\",\"inLanguage\":\"es\",\"@id\":\"https:\\\/\\\/letrame.com\\\/catalogo\\\/producto\\\/como-superar-el-dolor-que-provoca-un-paciente-insatisfecho\\\/#primaryimage\",\"url\":\"https:\\\/\\\/letrame.com\\\/catalogo\\\/wp-content\\\/uploads\\\/2026\\\/05\\\/comosuperar_613mm4.jpg\",\"contentUrl\":\"https:\\\/\\\/letrame.com\\\/catalogo\\\/wp-content\\\/uploads\\\/2026\\\/05\\\/comosuperar_613mm4.jpg\",\"width\":1049,\"height\":1489},{\"@type\":\"BreadcrumbList\",\"@id\":\"https:\\\/\\\/letrame.com\\\/catalogo\\\/producto\\\/como-superar-el-dolor-que-provoca-un-paciente-insatisfecho\\\/#breadcrumb\",\"itemListElement\":[{\"@type\":\"ListItem\",\"position\":1,\"name\":\"Portada\",\"item\":\"https:\\\/\\\/letrame.com\\\/catalogo\\\/\"},{\"@type\":\"ListItem\",\"position\":2,\"name\":\"Cat\u00e1logo\",\"item\":\"https:\\\/\\\/letrame.com\\\/catalogo\\\/\"},{\"@type\":\"ListItem\",\"position\":3,\"name\":\"C\u00f3mo superar el dolor que provoca un paciente insatisfecho\"}]},{\"@type\":\"WebSite\",\"@id\":\"https:\\\/\\\/letrame.com\\\/catalogo\\\/#website\",\"url\":\"https:\\\/\\\/letrame.com\\\/catalogo\\\/\",\"name\":\"Catalogo | Letrame Grupo Editorial\",\"description\":\"\",\"publisher\":{\"@id\":\"https:\\\/\\\/letrame.com\\\/catalogo\\\/#organization\"},\"potentialAction\":[{\"@type\":\"SearchAction\",\"target\":{\"@type\":\"EntryPoint\",\"urlTemplate\":\"https:\\\/\\\/letrame.com\\\/catalogo\\\/?s={search_term_string}\"},\"query-input\":{\"@type\":\"PropertyValueSpecification\",\"valueRequired\":true,\"valueName\":\"search_term_string\"}}],\"inLanguage\":\"es\"},{\"@type\":\"Organization\",\"@id\":\"https:\\\/\\\/letrame.com\\\/catalogo\\\/#organization\",\"name\":\"Catalogo | Letrame Grupo Editorial\",\"url\":\"https:\\\/\\\/letrame.com\\\/catalogo\\\/\",\"logo\":{\"@type\":\"ImageObject\",\"inLanguage\":\"es\",\"@id\":\"https:\\\/\\\/letrame.com\\\/catalogo\\\/#\\\/schema\\\/logo\\\/image\\\/\",\"url\":\"https:\\\/\\\/letrame.com\\\/catalogo\\\/wp-content\\\/uploads\\\/2024\\\/03\\\/logo2.webp\",\"contentUrl\":\"https:\\\/\\\/letrame.com\\\/catalogo\\\/wp-content\\\/uploads\\\/2024\\\/03\\\/logo2.webp\",\"width\":394,\"height\":128,\"caption\":\"Catalogo | Letrame Grupo Editorial\"},\"image\":{\"@id\":\"https:\\\/\\\/letrame.com\\\/catalogo\\\/#\\\/schema\\\/logo\\\/image\\\/\"}}]}<\/script>\n<!-- \/ Yoast SEO plugin. -->","yoast_head_json":{"title":"C\u00f3mo superar el dolor que provoca un paciente insatisfecho - Catalogo | Letrame Grupo Editorial","robots":{"index":"index","follow":"follow","max-snippet":"max-snippet:-1","max-image-preview":"max-image-preview:large","max-video-preview":"max-video-preview:-1"},"canonical":"https:\/\/letrame.com\/catalogo\/producto\/como-superar-el-dolor-que-provoca-un-paciente-insatisfecho\/","og_locale":"es_ES","og_type":"article","og_title":"C\u00f3mo superar el dolor que provoca un paciente insatisfecho - Catalogo | Letrame Grupo Editorial","og_description":"ISBN: 9791370544911  SINOPSIS \u00bfPOR QU\u00c9 ESTE LIBRO? El paciente insatisfecho es el manual que nos hubiera gustado leer al inicio de nuestra carrera. Nadie nos advirti\u00f3 que, en la pr\u00e1ctica sanitaria, el mayor reto no ser\u00eda siempre una patolog\u00eda compleja, sino el peso del silencio tras una consulta dif\u00edcil. En la universidad aprendimos a diagnosticar y a curar, pero no se nos prepar\u00f3 para convivir con la mirada de un paciente que se va de nuestra consulta insatisfecho. Este libro nace de ese dolor que a menudo callamos entre compa\u00f1eros por miedo a parecer vulnerables. Es una invitaci\u00f3n a detenerse y reconocer que, detr\u00e1s de cada bata o uniforme, hay una persona que tambi\u00e9n siente la duda, la frustraci\u00f3n y el peso de una responsabilidad que a veces parece desbordarnos. A trav\u00e9s de estas p\u00e1ginas, compartimos con honestidad lo que hemos aprendido en la \u00abtrinchera\u00bb de la cl\u00ednica diaria. No buscamos darte lecciones te\u00f3ricas, sino ofrecerte un respiro para que la queja de un paciente no apague tu vocaci\u00f3n. Es un manual escrito desde la experiencia para ayudarte a soltar la culpa, recuperar la calma y recordar por qu\u00e9, a pesar de todo, elegiste dedicar tu vida a cuidar de los dem\u00e1s.","og_url":"https:\/\/letrame.com\/catalogo\/producto\/como-superar-el-dolor-que-provoca-un-paciente-insatisfecho\/","og_site_name":"Catalogo | Letrame Grupo Editorial","og_image":[{"width":1049,"height":1489,"url":"https:\/\/letrame.com\/catalogo\/wp-content\/uploads\/2026\/05\/comosuperar_613mm4.jpg","type":"image\/jpeg"}],"twitter_card":"summary_large_image","twitter_misc":{"Tiempo de lectura":"2 minutos"},"schema":{"@context":"https:\/\/schema.org","@graph":[{"@type":"WebPage","@id":"https:\/\/letrame.com\/catalogo\/producto\/como-superar-el-dolor-que-provoca-un-paciente-insatisfecho\/","url":"https:\/\/letrame.com\/catalogo\/producto\/como-superar-el-dolor-que-provoca-un-paciente-insatisfecho\/","name":"C\u00f3mo superar el dolor que provoca un paciente insatisfecho - Catalogo | Letrame Grupo Editorial","isPartOf":{"@id":"https:\/\/letrame.com\/catalogo\/#website"},"primaryImageOfPage":{"@id":"https:\/\/letrame.com\/catalogo\/producto\/como-superar-el-dolor-que-provoca-un-paciente-insatisfecho\/#primaryimage"},"image":{"@id":"https:\/\/letrame.com\/catalogo\/producto\/como-superar-el-dolor-que-provoca-un-paciente-insatisfecho\/#primaryimage"},"thumbnailUrl":"https:\/\/letrame.com\/catalogo\/wp-content\/uploads\/2026\/05\/comosuperar_613mm4.jpg","datePublished":"2026-05-04T14:11:43+00:00","breadcrumb":{"@id":"https:\/\/letrame.com\/catalogo\/producto\/como-superar-el-dolor-que-provoca-un-paciente-insatisfecho\/#breadcrumb"},"inLanguage":"es","potentialAction":[{"@type":"ReadAction","target":["https:\/\/letrame.com\/catalogo\/producto\/como-superar-el-dolor-que-provoca-un-paciente-insatisfecho\/"]}]},{"@type":"ImageObject","inLanguage":"es","@id":"https:\/\/letrame.com\/catalogo\/producto\/como-superar-el-dolor-que-provoca-un-paciente-insatisfecho\/#primaryimage","url":"https:\/\/letrame.com\/catalogo\/wp-content\/uploads\/2026\/05\/comosuperar_613mm4.jpg","contentUrl":"https:\/\/letrame.com\/catalogo\/wp-content\/uploads\/2026\/05\/comosuperar_613mm4.jpg","width":1049,"height":1489},{"@type":"BreadcrumbList","@id":"https:\/\/letrame.com\/catalogo\/producto\/como-superar-el-dolor-que-provoca-un-paciente-insatisfecho\/#breadcrumb","itemListElement":[{"@type":"ListItem","position":1,"name":"Portada","item":"https:\/\/letrame.com\/catalogo\/"},{"@type":"ListItem","position":2,"name":"Cat\u00e1logo","item":"https:\/\/letrame.com\/catalogo\/"},{"@type":"ListItem","position":3,"name":"C\u00f3mo superar el dolor que provoca un paciente insatisfecho"}]},{"@type":"WebSite","@id":"https:\/\/letrame.com\/catalogo\/#website","url":"https:\/\/letrame.com\/catalogo\/","name":"Catalogo | Letrame Grupo Editorial","description":"","publisher":{"@id":"https:\/\/letrame.com\/catalogo\/#organization"},"potentialAction":[{"@type":"SearchAction","target":{"@type":"EntryPoint","urlTemplate":"https:\/\/letrame.com\/catalogo\/?s={search_term_string}"},"query-input":{"@type":"PropertyValueSpecification","valueRequired":true,"valueName":"search_term_string"}}],"inLanguage":"es"},{"@type":"Organization","@id":"https:\/\/letrame.com\/catalogo\/#organization","name":"Catalogo | Letrame Grupo Editorial","url":"https:\/\/letrame.com\/catalogo\/","logo":{"@type":"ImageObject","inLanguage":"es","@id":"https:\/\/letrame.com\/catalogo\/#\/schema\/logo\/image\/","url":"https:\/\/letrame.com\/catalogo\/wp-content\/uploads\/2024\/03\/logo2.webp","contentUrl":"https:\/\/letrame.com\/catalogo\/wp-content\/uploads\/2024\/03\/logo2.webp","width":394,"height":128,"caption":"Catalogo | Letrame Grupo Editorial"},"image":{"@id":"https:\/\/letrame.com\/catalogo\/#\/schema\/logo\/image\/"}}]}},"_links":{"self":[{"href":"https:\/\/letrame.com\/catalogo\/wp-json\/wp\/v2\/product\/112547","targetHints":{"allow":["GET"]}}],"collection":[{"href":"https:\/\/letrame.com\/catalogo\/wp-json\/wp\/v2\/product"}],"about":[{"href":"https:\/\/letrame.com\/catalogo\/wp-json\/wp\/v2\/types\/product"}],"replies":[{"embeddable":true,"href":"https:\/\/letrame.com\/catalogo\/wp-json\/wp\/v2\/comments?post=112547"}],"acf:post":[{"embeddable":true,"href":"https:\/\/letrame.com\/catalogo\/wp-json\/wp\/v2\/author_book\/112548"}],"wp:featuredmedia":[{"embeddable":true,"href":"https:\/\/letrame.com\/catalogo\/wp-json\/wp\/v2\/media\/112552"}],"wp:attachment":[{"href":"https:\/\/letrame.com\/catalogo\/wp-json\/wp\/v2\/media?parent=112547"}],"wp:term":[{"taxonomy":"libro","embeddable":true,"href":"https:\/\/letrame.com\/catalogo\/wp-json\/wp\/v2\/libro?post=112547"},{"taxonomy":"product_brand","embeddable":true,"href":"https:\/\/letrame.com\/catalogo\/wp-json\/wp\/v2\/product_brand?post=112547"},{"taxonomy":"product_cat","embeddable":true,"href":"https:\/\/letrame.com\/catalogo\/wp-json\/wp\/v2\/product_cat?post=112547"},{"taxonomy":"product_tag","embeddable":true,"href":"https:\/\/letrame.com\/catalogo\/wp-json\/wp\/v2\/product_tag?post=112547"}],"curies":[{"name":"wp","href":"https:\/\/api.w.org\/{rel}","templated":true}]}}