{"id":112510,"date":"2026-04-30T13:13:54","date_gmt":"2026-04-30T11:13:54","guid":{"rendered":"https:\/\/letrame.com\/catalogo\/?post_type=product&#038;p=112510"},"modified":"2026-04-30T13:13:55","modified_gmt":"2026-04-30T11:13:55","slug":"en-busca-de-mi-pasado","status":"publish","type":"product","link":"https:\/\/letrame.com\/catalogo\/producto\/en-busca-de-mi-pasado\/","title":{"rendered":"En busca de mi pasado"},"content":{"rendered":"<p><strong>ISBN: 9791370298074<\/strong><br \/>\n<strong>T\u00edtulo: En busca de mi pasado<\/strong><br \/>\n<strong>Fecha: 2026<\/strong><br \/>\n<strong>P\u00e1ginas: 504<\/strong><\/p>\n<p><strong>SINOPSIS<\/strong><\/p>\n<p data-start=\"0\" data-end=\"219\">Antes de saber qu\u00e9 era el destino, sin saberlo estaba forjando mi camino. Entre juegos y libros escolares que apenas entend\u00eda, descubr\u00ed con el tiempo que la vida empieza mucho antes de que uno sea consciente de vivirla.<\/p>\n<p data-start=\"221\" data-end=\"439\">Aquellos d\u00edas de escuela, con amigos y nuestras ideas descubridoras de todo lo que nos rodeaba, creamos poco a poco lo que hoy somos. Fueron el primer molde donde comenz\u00f3 a tomar forma la persona que llegar\u00edamos a ser.<\/p>\n<p data-start=\"441\" data-end=\"724\">Cada d\u00eda es una p\u00e1gina que has de ir escribiendo. Cada d\u00eda te lleva al siguiente, y as\u00ed vas creciendo. Los caminos, como telara\u00f1as, se tejen a tu alrededor, llev\u00e1ndote \u2014consciente o inconscientemente\u2014 a escoger entre unos pocos de ellos. Con esas elecciones ir\u00e1s forjando tu destino.<\/p>\n<p data-start=\"726\" data-end=\"913\">Un destino que, al llegar a su final, te permitir\u00e1 ver el libro que creaste d\u00eda a d\u00eda: entre p\u00e1ginas borrosas, cap\u00edtulos perdidos o enterrados en hojas que ya no podr\u00e1s volver a recordar.<\/p>\n<p data-start=\"915\" data-end=\"1082\" data-is-last-node=\"\" data-is-only-node=\"\">Sobre ese libro de mi camino, he plasmado en estas p\u00e1ginas lo que me queda en la cabeza. Para que los nuestros puedan saber de d\u00f3nde vienen, aunque no sepan d\u00f3nde van.<\/p>\n","protected":false},"excerpt":{"rendered":"<p><strong>ISBN: 9791370298074<\/strong><\/p>\n<p><strong>SINOPSIS<\/strong><\/p>\n<p data-start=\"0\" data-end=\"219\">Antes de saber qu\u00e9 era el destino, sin saberlo estaba forjando mi camino. Entre juegos y libros escolares que apenas entend\u00eda, descubr\u00ed con el tiempo que la vida empieza mucho antes de que uno sea consciente de vivirla.<\/p>\n<p data-start=\"221\" data-end=\"439\">Aquellos d\u00edas de escuela, con amigos y nuestras ideas descubridoras de todo lo que nos rodeaba, creamos poco a poco lo que hoy somos. Fueron el primer molde donde comenz\u00f3 a tomar forma la persona que llegar\u00edamos a ser.<\/p>\n<p data-start=\"441\" data-end=\"724\">Cada d\u00eda es una p\u00e1gina que has de ir escribiendo. Cada d\u00eda te lleva al siguiente, y as\u00ed vas creciendo. Los caminos, como telara\u00f1as, se tejen a tu alrededor, llev\u00e1ndote \u2014consciente o inconscientemente\u2014 a escoger entre unos pocos de ellos. Con esas elecciones ir\u00e1s forjando tu destino.<\/p>\n<p data-start=\"726\" data-end=\"913\">Un destino que, al llegar a su final, te permitir\u00e1 ver el libro que creaste d\u00eda a d\u00eda: entre p\u00e1ginas borrosas, cap\u00edtulos perdidos o enterrados en hojas que ya no podr\u00e1s volver a recordar.<\/p>\n<p data-start=\"915\" data-end=\"1082\" data-is-last-node=\"\" data-is-only-node=\"\">Sobre ese libro de mi camino, he plasmado en estas p\u00e1ginas lo que me queda en la cabeza. Para que los nuestros puedan saber de d\u00f3nde vienen, aunque no sepan d\u00f3nde van.<\/p>\n","protected":false},"featured_media":112515,"comment_status":"open","ping_status":"closed","template":"","meta":{"_acf_changed":false},"libro":[],"product_brand":[],"product_cat":[133],"product_tag":[],"class_list":{"0":"post-112510","1":"product","2":"type-product","3":"status-publish","4":"has-post-thumbnail","6":"product_cat-no-ficcion","8":"first","9":"instock","10":"shipping-taxable","11":"product-type-simple"},"acf":{"autor":[112513],"enlace_de_compra":""},"yoast_head":"<!-- This site is optimized with the Yoast SEO plugin v27.4 - https:\/\/yoast.com\/product\/yoast-seo-wordpress\/ -->\n<title>En busca de mi pasado - Catalogo | Letrame Grupo Editorial<\/title>\n<meta name=\"robots\" content=\"index, follow, max-snippet:-1, max-image-preview:large, max-video-preview:-1\" \/>\n<link rel=\"canonical\" href=\"https:\/\/letrame.com\/catalogo\/producto\/en-busca-de-mi-pasado\/\" \/>\n<meta property=\"og:locale\" content=\"es_ES\" \/>\n<meta property=\"og:type\" content=\"article\" \/>\n<meta property=\"og:title\" content=\"En busca de mi pasado - Catalogo | Letrame Grupo Editorial\" \/>\n<meta property=\"og:description\" content=\"ISBN: 9791370298074  SINOPSIS Antes de saber qu\u00e9 era el destino, sin saberlo estaba forjando mi camino. Entre juegos y libros escolares que apenas entend\u00eda, descubr\u00ed con el tiempo que la vida empieza mucho antes de que uno sea consciente de vivirla. Aquellos d\u00edas de escuela, con amigos y nuestras ideas descubridoras de todo lo que nos rodeaba, creamos poco a poco lo que hoy somos. Fueron el primer molde donde comenz\u00f3 a tomar forma la persona que llegar\u00edamos a ser. Cada d\u00eda es una p\u00e1gina que has de ir escribiendo. Cada d\u00eda te lleva al siguiente, y as\u00ed vas creciendo. Los caminos, como telara\u00f1as, se tejen a tu alrededor, llev\u00e1ndote \u2014consciente o inconscientemente\u2014 a escoger entre unos pocos de ellos. Con esas elecciones ir\u00e1s forjando tu destino. Un destino que, al llegar a su final, te permitir\u00e1 ver el libro que creaste d\u00eda a d\u00eda: entre p\u00e1ginas borrosas, cap\u00edtulos perdidos o enterrados en hojas que ya no podr\u00e1s volver a recordar. Sobre ese libro de mi camino, he plasmado en estas p\u00e1ginas lo que me queda en la cabeza. Para que los nuestros puedan saber de d\u00f3nde vienen, aunque no sepan d\u00f3nde van.\" \/>\n<meta property=\"og:url\" content=\"https:\/\/letrame.com\/catalogo\/producto\/en-busca-de-mi-pasado\/\" \/>\n<meta property=\"og:site_name\" content=\"Catalogo | Letrame Grupo Editorial\" \/>\n<meta property=\"article:modified_time\" content=\"2026-04-30T11:13:55+00:00\" \/>\n<meta property=\"og:image\" content=\"https:\/\/letrame.com\/catalogo\/wp-content\/uploads\/2026\/04\/embuscademipasado_2474mm4.jpg\" \/>\n\t<meta property=\"og:image:width\" content=\"945\" \/>\n\t<meta property=\"og:image:height\" content=\"1386\" \/>\n\t<meta property=\"og:image:type\" content=\"image\/jpeg\" \/>\n<meta name=\"twitter:card\" content=\"summary_large_image\" \/>\n<meta name=\"twitter:label1\" content=\"Tiempo de lectura\" \/>\n\t<meta name=\"twitter:data1\" content=\"2 minutos\" \/>\n<script type=\"application\/ld+json\" class=\"yoast-schema-graph\">{\"@context\":\"https:\\\/\\\/schema.org\",\"@graph\":[{\"@type\":\"WebPage\",\"@id\":\"https:\\\/\\\/letrame.com\\\/catalogo\\\/producto\\\/en-busca-de-mi-pasado\\\/\",\"url\":\"https:\\\/\\\/letrame.com\\\/catalogo\\\/producto\\\/en-busca-de-mi-pasado\\\/\",\"name\":\"En busca de mi pasado - Catalogo | Letrame Grupo Editorial\",\"isPartOf\":{\"@id\":\"https:\\\/\\\/letrame.com\\\/catalogo\\\/#website\"},\"primaryImageOfPage\":{\"@id\":\"https:\\\/\\\/letrame.com\\\/catalogo\\\/producto\\\/en-busca-de-mi-pasado\\\/#primaryimage\"},\"image\":{\"@id\":\"https:\\\/\\\/letrame.com\\\/catalogo\\\/producto\\\/en-busca-de-mi-pasado\\\/#primaryimage\"},\"thumbnailUrl\":\"https:\\\/\\\/letrame.com\\\/catalogo\\\/wp-content\\\/uploads\\\/2026\\\/04\\\/embuscademipasado_2474mm4.jpg\",\"datePublished\":\"2026-04-30T11:13:54+00:00\",\"dateModified\":\"2026-04-30T11:13:55+00:00\",\"breadcrumb\":{\"@id\":\"https:\\\/\\\/letrame.com\\\/catalogo\\\/producto\\\/en-busca-de-mi-pasado\\\/#breadcrumb\"},\"inLanguage\":\"es\",\"potentialAction\":[{\"@type\":\"ReadAction\",\"target\":[\"https:\\\/\\\/letrame.com\\\/catalogo\\\/producto\\\/en-busca-de-mi-pasado\\\/\"]}]},{\"@type\":\"ImageObject\",\"inLanguage\":\"es\",\"@id\":\"https:\\\/\\\/letrame.com\\\/catalogo\\\/producto\\\/en-busca-de-mi-pasado\\\/#primaryimage\",\"url\":\"https:\\\/\\\/letrame.com\\\/catalogo\\\/wp-content\\\/uploads\\\/2026\\\/04\\\/embuscademipasado_2474mm4.jpg\",\"contentUrl\":\"https:\\\/\\\/letrame.com\\\/catalogo\\\/wp-content\\\/uploads\\\/2026\\\/04\\\/embuscademipasado_2474mm4.jpg\",\"width\":945,\"height\":1386},{\"@type\":\"BreadcrumbList\",\"@id\":\"https:\\\/\\\/letrame.com\\\/catalogo\\\/producto\\\/en-busca-de-mi-pasado\\\/#breadcrumb\",\"itemListElement\":[{\"@type\":\"ListItem\",\"position\":1,\"name\":\"Portada\",\"item\":\"https:\\\/\\\/letrame.com\\\/catalogo\\\/\"},{\"@type\":\"ListItem\",\"position\":2,\"name\":\"Cat\u00e1logo\",\"item\":\"https:\\\/\\\/letrame.com\\\/catalogo\\\/\"},{\"@type\":\"ListItem\",\"position\":3,\"name\":\"En busca de mi pasado\"}]},{\"@type\":\"WebSite\",\"@id\":\"https:\\\/\\\/letrame.com\\\/catalogo\\\/#website\",\"url\":\"https:\\\/\\\/letrame.com\\\/catalogo\\\/\",\"name\":\"Catalogo | Letrame Grupo Editorial\",\"description\":\"\",\"publisher\":{\"@id\":\"https:\\\/\\\/letrame.com\\\/catalogo\\\/#organization\"},\"potentialAction\":[{\"@type\":\"SearchAction\",\"target\":{\"@type\":\"EntryPoint\",\"urlTemplate\":\"https:\\\/\\\/letrame.com\\\/catalogo\\\/?s={search_term_string}\"},\"query-input\":{\"@type\":\"PropertyValueSpecification\",\"valueRequired\":true,\"valueName\":\"search_term_string\"}}],\"inLanguage\":\"es\"},{\"@type\":\"Organization\",\"@id\":\"https:\\\/\\\/letrame.com\\\/catalogo\\\/#organization\",\"name\":\"Catalogo | Letrame Grupo Editorial\",\"url\":\"https:\\\/\\\/letrame.com\\\/catalogo\\\/\",\"logo\":{\"@type\":\"ImageObject\",\"inLanguage\":\"es\",\"@id\":\"https:\\\/\\\/letrame.com\\\/catalogo\\\/#\\\/schema\\\/logo\\\/image\\\/\",\"url\":\"https:\\\/\\\/letrame.com\\\/catalogo\\\/wp-content\\\/uploads\\\/2024\\\/03\\\/logo2.webp\",\"contentUrl\":\"https:\\\/\\\/letrame.com\\\/catalogo\\\/wp-content\\\/uploads\\\/2024\\\/03\\\/logo2.webp\",\"width\":394,\"height\":128,\"caption\":\"Catalogo | Letrame Grupo Editorial\"},\"image\":{\"@id\":\"https:\\\/\\\/letrame.com\\\/catalogo\\\/#\\\/schema\\\/logo\\\/image\\\/\"}}]}<\/script>\n<!-- \/ Yoast SEO plugin. -->","yoast_head_json":{"title":"En busca de mi pasado - Catalogo | Letrame Grupo Editorial","robots":{"index":"index","follow":"follow","max-snippet":"max-snippet:-1","max-image-preview":"max-image-preview:large","max-video-preview":"max-video-preview:-1"},"canonical":"https:\/\/letrame.com\/catalogo\/producto\/en-busca-de-mi-pasado\/","og_locale":"es_ES","og_type":"article","og_title":"En busca de mi pasado - Catalogo | Letrame Grupo Editorial","og_description":"ISBN: 9791370298074  SINOPSIS Antes de saber qu\u00e9 era el destino, sin saberlo estaba forjando mi camino. Entre juegos y libros escolares que apenas entend\u00eda, descubr\u00ed con el tiempo que la vida empieza mucho antes de que uno sea consciente de vivirla. Aquellos d\u00edas de escuela, con amigos y nuestras ideas descubridoras de todo lo que nos rodeaba, creamos poco a poco lo que hoy somos. Fueron el primer molde donde comenz\u00f3 a tomar forma la persona que llegar\u00edamos a ser. Cada d\u00eda es una p\u00e1gina que has de ir escribiendo. Cada d\u00eda te lleva al siguiente, y as\u00ed vas creciendo. Los caminos, como telara\u00f1as, se tejen a tu alrededor, llev\u00e1ndote \u2014consciente o inconscientemente\u2014 a escoger entre unos pocos de ellos. Con esas elecciones ir\u00e1s forjando tu destino. Un destino que, al llegar a su final, te permitir\u00e1 ver el libro que creaste d\u00eda a d\u00eda: entre p\u00e1ginas borrosas, cap\u00edtulos perdidos o enterrados en hojas que ya no podr\u00e1s volver a recordar. Sobre ese libro de mi camino, he plasmado en estas p\u00e1ginas lo que me queda en la cabeza. Para que los nuestros puedan saber de d\u00f3nde vienen, aunque no sepan d\u00f3nde van.","og_url":"https:\/\/letrame.com\/catalogo\/producto\/en-busca-de-mi-pasado\/","og_site_name":"Catalogo | Letrame Grupo Editorial","article_modified_time":"2026-04-30T11:13:55+00:00","og_image":[{"width":945,"height":1386,"url":"https:\/\/letrame.com\/catalogo\/wp-content\/uploads\/2026\/04\/embuscademipasado_2474mm4.jpg","type":"image\/jpeg"}],"twitter_card":"summary_large_image","twitter_misc":{"Tiempo de lectura":"2 minutos"},"schema":{"@context":"https:\/\/schema.org","@graph":[{"@type":"WebPage","@id":"https:\/\/letrame.com\/catalogo\/producto\/en-busca-de-mi-pasado\/","url":"https:\/\/letrame.com\/catalogo\/producto\/en-busca-de-mi-pasado\/","name":"En busca de mi pasado - Catalogo | Letrame Grupo Editorial","isPartOf":{"@id":"https:\/\/letrame.com\/catalogo\/#website"},"primaryImageOfPage":{"@id":"https:\/\/letrame.com\/catalogo\/producto\/en-busca-de-mi-pasado\/#primaryimage"},"image":{"@id":"https:\/\/letrame.com\/catalogo\/producto\/en-busca-de-mi-pasado\/#primaryimage"},"thumbnailUrl":"https:\/\/letrame.com\/catalogo\/wp-content\/uploads\/2026\/04\/embuscademipasado_2474mm4.jpg","datePublished":"2026-04-30T11:13:54+00:00","dateModified":"2026-04-30T11:13:55+00:00","breadcrumb":{"@id":"https:\/\/letrame.com\/catalogo\/producto\/en-busca-de-mi-pasado\/#breadcrumb"},"inLanguage":"es","potentialAction":[{"@type":"ReadAction","target":["https:\/\/letrame.com\/catalogo\/producto\/en-busca-de-mi-pasado\/"]}]},{"@type":"ImageObject","inLanguage":"es","@id":"https:\/\/letrame.com\/catalogo\/producto\/en-busca-de-mi-pasado\/#primaryimage","url":"https:\/\/letrame.com\/catalogo\/wp-content\/uploads\/2026\/04\/embuscademipasado_2474mm4.jpg","contentUrl":"https:\/\/letrame.com\/catalogo\/wp-content\/uploads\/2026\/04\/embuscademipasado_2474mm4.jpg","width":945,"height":1386},{"@type":"BreadcrumbList","@id":"https:\/\/letrame.com\/catalogo\/producto\/en-busca-de-mi-pasado\/#breadcrumb","itemListElement":[{"@type":"ListItem","position":1,"name":"Portada","item":"https:\/\/letrame.com\/catalogo\/"},{"@type":"ListItem","position":2,"name":"Cat\u00e1logo","item":"https:\/\/letrame.com\/catalogo\/"},{"@type":"ListItem","position":3,"name":"En busca de mi pasado"}]},{"@type":"WebSite","@id":"https:\/\/letrame.com\/catalogo\/#website","url":"https:\/\/letrame.com\/catalogo\/","name":"Catalogo | Letrame Grupo Editorial","description":"","publisher":{"@id":"https:\/\/letrame.com\/catalogo\/#organization"},"potentialAction":[{"@type":"SearchAction","target":{"@type":"EntryPoint","urlTemplate":"https:\/\/letrame.com\/catalogo\/?s={search_term_string}"},"query-input":{"@type":"PropertyValueSpecification","valueRequired":true,"valueName":"search_term_string"}}],"inLanguage":"es"},{"@type":"Organization","@id":"https:\/\/letrame.com\/catalogo\/#organization","name":"Catalogo | Letrame Grupo Editorial","url":"https:\/\/letrame.com\/catalogo\/","logo":{"@type":"ImageObject","inLanguage":"es","@id":"https:\/\/letrame.com\/catalogo\/#\/schema\/logo\/image\/","url":"https:\/\/letrame.com\/catalogo\/wp-content\/uploads\/2024\/03\/logo2.webp","contentUrl":"https:\/\/letrame.com\/catalogo\/wp-content\/uploads\/2024\/03\/logo2.webp","width":394,"height":128,"caption":"Catalogo | Letrame Grupo Editorial"},"image":{"@id":"https:\/\/letrame.com\/catalogo\/#\/schema\/logo\/image\/"}}]}},"_links":{"self":[{"href":"https:\/\/letrame.com\/catalogo\/wp-json\/wp\/v2\/product\/112510","targetHints":{"allow":["GET"]}}],"collection":[{"href":"https:\/\/letrame.com\/catalogo\/wp-json\/wp\/v2\/product"}],"about":[{"href":"https:\/\/letrame.com\/catalogo\/wp-json\/wp\/v2\/types\/product"}],"replies":[{"embeddable":true,"href":"https:\/\/letrame.com\/catalogo\/wp-json\/wp\/v2\/comments?post=112510"}],"acf:post":[{"embeddable":true,"href":"https:\/\/letrame.com\/catalogo\/wp-json\/wp\/v2\/author_book\/112513"}],"wp:featuredmedia":[{"embeddable":true,"href":"https:\/\/letrame.com\/catalogo\/wp-json\/wp\/v2\/media\/112515"}],"wp:attachment":[{"href":"https:\/\/letrame.com\/catalogo\/wp-json\/wp\/v2\/media?parent=112510"}],"wp:term":[{"taxonomy":"libro","embeddable":true,"href":"https:\/\/letrame.com\/catalogo\/wp-json\/wp\/v2\/libro?post=112510"},{"taxonomy":"product_brand","embeddable":true,"href":"https:\/\/letrame.com\/catalogo\/wp-json\/wp\/v2\/product_brand?post=112510"},{"taxonomy":"product_cat","embeddable":true,"href":"https:\/\/letrame.com\/catalogo\/wp-json\/wp\/v2\/product_cat?post=112510"},{"taxonomy":"product_tag","embeddable":true,"href":"https:\/\/letrame.com\/catalogo\/wp-json\/wp\/v2\/product_tag?post=112510"}],"curies":[{"name":"wp","href":"https:\/\/api.w.org\/{rel}","templated":true}]}}