{"id":112495,"date":"2026-04-29T17:01:16","date_gmt":"2026-04-29T15:01:16","guid":{"rendered":"https:\/\/letrame.com\/catalogo\/?post_type=product&#038;p=112495"},"modified":"2026-04-29T17:01:16","modified_gmt":"2026-04-29T15:01:16","slug":"donde-no-hubo-abrigo","status":"publish","type":"product","link":"https:\/\/letrame.com\/catalogo\/producto\/donde-no-hubo-abrigo\/","title":{"rendered":"Donde no hubo abrigo"},"content":{"rendered":"<p><strong>ISBN: 9791370297435<\/strong><br \/>\n<strong>T\u00edtulo: Donde no hubo abrigo<\/strong><br \/>\n<strong>Fecha: 2026<\/strong><br \/>\n<strong>P\u00e1ginas: 138<\/strong><\/p>\n<p><strong>SINOPSIS<\/strong><\/p>\n<p>Donde no hubo abrigo es el testimonio \u00edntimo de una vida que comenz\u00f3 entre gritos, pasillos sin salida y una infancia que se quebr\u00f3 antes de poder nombrarse. Es tambi\u00e9n la historia de una adolescente que busc\u00f3 refugio donde pudo: en el agua que la sosten\u00eda, en amistades que actuaron como \u00e1ngeles sin saberlo, en evasiones que parec\u00edan alivio y en silencios que dol\u00edan m\u00e1s que cualquier golpe.<\/p>\n<p>Pero este libro no habla solo del dolor (aunque duela). Es un viaje hacia la luz que se filtra por las grietas, hacia el descubrimiento de una fuerza inesperada, hacia una fe que susurra incluso cuando el alma tiembla. Aqu\u00ed conviven el bullying, la culpa, las adicciones, la autolesi\u00f3n y el deseo de desaparecer\u2026 con el renacimiento que surge cuando alguien decide mirarse de frente y decir: \u00abSigo aqu\u00ed. A\u00fan puedo\u00bb.<\/p>\n<p>En estas p\u00e1ginas hay heridas que hablan, pero tambi\u00e9n perd\u00f3n. Oscuridad que pesa, pero tambi\u00e9n esperanza. Y una voz que, aun rota, aprende a convertirse en fuego.<\/p>\n<p>Este libro acompa\u00f1a a quien alguna vez creci\u00f3 sin refugio, carg\u00f3 culpas que no eran suyas, busc\u00f3 amor donde no lo hab\u00eda o se pregunt\u00f3 d\u00f3nde estaba Dios cuando todo ard\u00eda. Porque incluso donde no hubo abrigo puede nacer una llama capaz de iluminar el camino de regreso a uno mismo. Y a veces basta una sola p\u00e1gina para recordar que nada est\u00e1 demasiado roto para renacer.<\/p>\n","protected":false},"excerpt":{"rendered":"<p><strong>ISBN: 9791370297435<\/strong><\/p>\n<p><strong>SINOPSIS<\/strong><\/p>\n<p>Donde no hubo abrigo es el testimonio \u00edntimo de una vida que comenz\u00f3 entre gritos, pasillos sin salida y una infancia que se quebr\u00f3 antes de poder nombrarse. Es tambi\u00e9n la historia de una adolescente que busc\u00f3 refugio donde pudo: en el agua que la sosten\u00eda, en amistades que actuaron como \u00e1ngeles sin saberlo, en evasiones que parec\u00edan alivio y en silencios que dol\u00edan m\u00e1s que cualquier golpe.<\/p>\n<p>Pero este libro no habla solo del dolor (aunque duela). Es un viaje hacia la luz que se filtra por las grietas, hacia el descubrimiento de una fuerza inesperada, hacia una fe que susurra incluso cuando el alma tiembla. Aqu\u00ed conviven el bullying, la culpa, las adicciones, la autolesi\u00f3n y el deseo de desaparecer\u2026 con el renacimiento que surge cuando alguien decide mirarse de frente y decir: \u00abSigo aqu\u00ed. A\u00fan puedo\u00bb.<\/p>\n<p>En estas p\u00e1ginas hay heridas que hablan, pero tambi\u00e9n perd\u00f3n. Oscuridad que pesa, pero tambi\u00e9n esperanza. Y una voz que, aun rota, aprende a convertirse en fuego.<\/p>\n<p>Este libro acompa\u00f1a a quien alguna vez creci\u00f3 sin refugio, carg\u00f3 culpas que no eran suyas, busc\u00f3 amor donde no lo hab\u00eda o se pregunt\u00f3 d\u00f3nde estaba Dios cuando todo ard\u00eda. Porque incluso donde no hubo abrigo puede nacer una llama capaz de iluminar el camino de regreso a uno mismo. Y a veces basta una sola p\u00e1gina para recordar que nada est\u00e1 demasiado roto para renacer.<\/p>\n","protected":false},"featured_media":112499,"comment_status":"open","ping_status":"closed","template":"","meta":{"_acf_changed":false},"libro":[],"product_brand":[],"product_cat":[20],"product_tag":[],"class_list":{"0":"post-112495","1":"product","2":"type-product","3":"status-publish","4":"has-post-thumbnail","6":"product_cat-poesia","8":"first","9":"instock","10":"shipping-taxable","11":"product-type-simple"},"acf":{"autor":"","enlace_de_compra":""},"yoast_head":"<!-- This site is optimized with the Yoast SEO plugin v27.4 - https:\/\/yoast.com\/product\/yoast-seo-wordpress\/ -->\n<title>Donde no hubo abrigo - Catalogo | Letrame Grupo Editorial<\/title>\n<meta name=\"robots\" content=\"index, follow, max-snippet:-1, max-image-preview:large, max-video-preview:-1\" \/>\n<link rel=\"canonical\" href=\"https:\/\/letrame.com\/catalogo\/producto\/donde-no-hubo-abrigo\/\" \/>\n<meta property=\"og:locale\" content=\"es_ES\" \/>\n<meta property=\"og:type\" content=\"article\" \/>\n<meta property=\"og:title\" content=\"Donde no hubo abrigo - Catalogo | Letrame Grupo Editorial\" \/>\n<meta property=\"og:description\" content=\"ISBN: 9791370297435  SINOPSIS  Donde no hubo abrigo es el testimonio \u00edntimo de una vida que comenz\u00f3 entre gritos, pasillos sin salida y una infancia que se quebr\u00f3 antes de poder nombrarse. Es tambi\u00e9n la historia de una adolescente que busc\u00f3 refugio donde pudo: en el agua que la sosten\u00eda, en amistades que actuaron como \u00e1ngeles sin saberlo, en evasiones que parec\u00edan alivio y en silencios que dol\u00edan m\u00e1s que cualquier golpe.  Pero este libro no habla solo del dolor (aunque duela). Es un viaje hacia la luz que se filtra por las grietas, hacia el descubrimiento de una fuerza inesperada, hacia una fe que susurra incluso cuando el alma tiembla. Aqu\u00ed conviven el bullying, la culpa, las adicciones, la autolesi\u00f3n y el deseo de desaparecer\u2026 con el renacimiento que surge cuando alguien decide mirarse de frente y decir: \u00abSigo aqu\u00ed. A\u00fan puedo\u00bb.  En estas p\u00e1ginas hay heridas que hablan, pero tambi\u00e9n perd\u00f3n. Oscuridad que pesa, pero tambi\u00e9n esperanza. Y una voz que, aun rota, aprende a convertirse en fuego.  Este libro acompa\u00f1a a quien alguna vez creci\u00f3 sin refugio, carg\u00f3 culpas que no eran suyas, busc\u00f3 amor donde no lo hab\u00eda o se pregunt\u00f3 d\u00f3nde estaba Dios cuando todo ard\u00eda. Porque incluso donde no hubo abrigo puede nacer una llama capaz de iluminar el camino de regreso a uno mismo. Y a veces basta una sola p\u00e1gina para recordar que nada est\u00e1 demasiado roto para renacer.\" \/>\n<meta property=\"og:url\" content=\"https:\/\/letrame.com\/catalogo\/producto\/donde-no-hubo-abrigo\/\" \/>\n<meta property=\"og:site_name\" content=\"Catalogo | Letrame Grupo Editorial\" \/>\n<meta property=\"og:image\" content=\"https:\/\/letrame.com\/catalogo\/wp-content\/uploads\/2026\/04\/dondenohuboabrigo_71mm4.jpg\" \/>\n\t<meta property=\"og:image:width\" content=\"699\" \/>\n\t<meta property=\"og:image:height\" content=\"992\" \/>\n\t<meta property=\"og:image:type\" content=\"image\/jpeg\" \/>\n<meta name=\"twitter:card\" content=\"summary_large_image\" \/>\n<meta name=\"twitter:label1\" content=\"Tiempo de lectura\" \/>\n\t<meta name=\"twitter:data1\" content=\"2 minutos\" \/>\n<script type=\"application\/ld+json\" class=\"yoast-schema-graph\">{\"@context\":\"https:\\\/\\\/schema.org\",\"@graph\":[{\"@type\":\"WebPage\",\"@id\":\"https:\\\/\\\/letrame.com\\\/catalogo\\\/producto\\\/donde-no-hubo-abrigo\\\/\",\"url\":\"https:\\\/\\\/letrame.com\\\/catalogo\\\/producto\\\/donde-no-hubo-abrigo\\\/\",\"name\":\"Donde no hubo abrigo - Catalogo | Letrame Grupo Editorial\",\"isPartOf\":{\"@id\":\"https:\\\/\\\/letrame.com\\\/catalogo\\\/#website\"},\"primaryImageOfPage\":{\"@id\":\"https:\\\/\\\/letrame.com\\\/catalogo\\\/producto\\\/donde-no-hubo-abrigo\\\/#primaryimage\"},\"image\":{\"@id\":\"https:\\\/\\\/letrame.com\\\/catalogo\\\/producto\\\/donde-no-hubo-abrigo\\\/#primaryimage\"},\"thumbnailUrl\":\"https:\\\/\\\/letrame.com\\\/catalogo\\\/wp-content\\\/uploads\\\/2026\\\/04\\\/dondenohuboabrigo_71mm4.jpg\",\"datePublished\":\"2026-04-29T15:01:16+00:00\",\"breadcrumb\":{\"@id\":\"https:\\\/\\\/letrame.com\\\/catalogo\\\/producto\\\/donde-no-hubo-abrigo\\\/#breadcrumb\"},\"inLanguage\":\"es\",\"potentialAction\":[{\"@type\":\"ReadAction\",\"target\":[\"https:\\\/\\\/letrame.com\\\/catalogo\\\/producto\\\/donde-no-hubo-abrigo\\\/\"]}]},{\"@type\":\"ImageObject\",\"inLanguage\":\"es\",\"@id\":\"https:\\\/\\\/letrame.com\\\/catalogo\\\/producto\\\/donde-no-hubo-abrigo\\\/#primaryimage\",\"url\":\"https:\\\/\\\/letrame.com\\\/catalogo\\\/wp-content\\\/uploads\\\/2026\\\/04\\\/dondenohuboabrigo_71mm4.jpg\",\"contentUrl\":\"https:\\\/\\\/letrame.com\\\/catalogo\\\/wp-content\\\/uploads\\\/2026\\\/04\\\/dondenohuboabrigo_71mm4.jpg\",\"width\":699,\"height\":992},{\"@type\":\"BreadcrumbList\",\"@id\":\"https:\\\/\\\/letrame.com\\\/catalogo\\\/producto\\\/donde-no-hubo-abrigo\\\/#breadcrumb\",\"itemListElement\":[{\"@type\":\"ListItem\",\"position\":1,\"name\":\"Portada\",\"item\":\"https:\\\/\\\/letrame.com\\\/catalogo\\\/\"},{\"@type\":\"ListItem\",\"position\":2,\"name\":\"Cat\u00e1logo\",\"item\":\"https:\\\/\\\/letrame.com\\\/catalogo\\\/\"},{\"@type\":\"ListItem\",\"position\":3,\"name\":\"Donde no hubo abrigo\"}]},{\"@type\":\"WebSite\",\"@id\":\"https:\\\/\\\/letrame.com\\\/catalogo\\\/#website\",\"url\":\"https:\\\/\\\/letrame.com\\\/catalogo\\\/\",\"name\":\"Catalogo | Letrame Grupo Editorial\",\"description\":\"\",\"publisher\":{\"@id\":\"https:\\\/\\\/letrame.com\\\/catalogo\\\/#organization\"},\"potentialAction\":[{\"@type\":\"SearchAction\",\"target\":{\"@type\":\"EntryPoint\",\"urlTemplate\":\"https:\\\/\\\/letrame.com\\\/catalogo\\\/?s={search_term_string}\"},\"query-input\":{\"@type\":\"PropertyValueSpecification\",\"valueRequired\":true,\"valueName\":\"search_term_string\"}}],\"inLanguage\":\"es\"},{\"@type\":\"Organization\",\"@id\":\"https:\\\/\\\/letrame.com\\\/catalogo\\\/#organization\",\"name\":\"Catalogo | Letrame Grupo Editorial\",\"url\":\"https:\\\/\\\/letrame.com\\\/catalogo\\\/\",\"logo\":{\"@type\":\"ImageObject\",\"inLanguage\":\"es\",\"@id\":\"https:\\\/\\\/letrame.com\\\/catalogo\\\/#\\\/schema\\\/logo\\\/image\\\/\",\"url\":\"https:\\\/\\\/letrame.com\\\/catalogo\\\/wp-content\\\/uploads\\\/2024\\\/03\\\/logo2.webp\",\"contentUrl\":\"https:\\\/\\\/letrame.com\\\/catalogo\\\/wp-content\\\/uploads\\\/2024\\\/03\\\/logo2.webp\",\"width\":394,\"height\":128,\"caption\":\"Catalogo | Letrame Grupo Editorial\"},\"image\":{\"@id\":\"https:\\\/\\\/letrame.com\\\/catalogo\\\/#\\\/schema\\\/logo\\\/image\\\/\"}}]}<\/script>\n<!-- \/ Yoast SEO plugin. -->","yoast_head_json":{"title":"Donde no hubo abrigo - Catalogo | Letrame Grupo Editorial","robots":{"index":"index","follow":"follow","max-snippet":"max-snippet:-1","max-image-preview":"max-image-preview:large","max-video-preview":"max-video-preview:-1"},"canonical":"https:\/\/letrame.com\/catalogo\/producto\/donde-no-hubo-abrigo\/","og_locale":"es_ES","og_type":"article","og_title":"Donde no hubo abrigo - Catalogo | Letrame Grupo Editorial","og_description":"ISBN: 9791370297435  SINOPSIS  Donde no hubo abrigo es el testimonio \u00edntimo de una vida que comenz\u00f3 entre gritos, pasillos sin salida y una infancia que se quebr\u00f3 antes de poder nombrarse. Es tambi\u00e9n la historia de una adolescente que busc\u00f3 refugio donde pudo: en el agua que la sosten\u00eda, en amistades que actuaron como \u00e1ngeles sin saberlo, en evasiones que parec\u00edan alivio y en silencios que dol\u00edan m\u00e1s que cualquier golpe.  Pero este libro no habla solo del dolor (aunque duela). Es un viaje hacia la luz que se filtra por las grietas, hacia el descubrimiento de una fuerza inesperada, hacia una fe que susurra incluso cuando el alma tiembla. Aqu\u00ed conviven el bullying, la culpa, las adicciones, la autolesi\u00f3n y el deseo de desaparecer\u2026 con el renacimiento que surge cuando alguien decide mirarse de frente y decir: \u00abSigo aqu\u00ed. A\u00fan puedo\u00bb.  En estas p\u00e1ginas hay heridas que hablan, pero tambi\u00e9n perd\u00f3n. Oscuridad que pesa, pero tambi\u00e9n esperanza. Y una voz que, aun rota, aprende a convertirse en fuego.  Este libro acompa\u00f1a a quien alguna vez creci\u00f3 sin refugio, carg\u00f3 culpas que no eran suyas, busc\u00f3 amor donde no lo hab\u00eda o se pregunt\u00f3 d\u00f3nde estaba Dios cuando todo ard\u00eda. Porque incluso donde no hubo abrigo puede nacer una llama capaz de iluminar el camino de regreso a uno mismo. Y a veces basta una sola p\u00e1gina para recordar que nada est\u00e1 demasiado roto para renacer.","og_url":"https:\/\/letrame.com\/catalogo\/producto\/donde-no-hubo-abrigo\/","og_site_name":"Catalogo | Letrame Grupo Editorial","og_image":[{"width":699,"height":992,"url":"https:\/\/letrame.com\/catalogo\/wp-content\/uploads\/2026\/04\/dondenohuboabrigo_71mm4.jpg","type":"image\/jpeg"}],"twitter_card":"summary_large_image","twitter_misc":{"Tiempo de lectura":"2 minutos"},"schema":{"@context":"https:\/\/schema.org","@graph":[{"@type":"WebPage","@id":"https:\/\/letrame.com\/catalogo\/producto\/donde-no-hubo-abrigo\/","url":"https:\/\/letrame.com\/catalogo\/producto\/donde-no-hubo-abrigo\/","name":"Donde no hubo abrigo - Catalogo | Letrame Grupo Editorial","isPartOf":{"@id":"https:\/\/letrame.com\/catalogo\/#website"},"primaryImageOfPage":{"@id":"https:\/\/letrame.com\/catalogo\/producto\/donde-no-hubo-abrigo\/#primaryimage"},"image":{"@id":"https:\/\/letrame.com\/catalogo\/producto\/donde-no-hubo-abrigo\/#primaryimage"},"thumbnailUrl":"https:\/\/letrame.com\/catalogo\/wp-content\/uploads\/2026\/04\/dondenohuboabrigo_71mm4.jpg","datePublished":"2026-04-29T15:01:16+00:00","breadcrumb":{"@id":"https:\/\/letrame.com\/catalogo\/producto\/donde-no-hubo-abrigo\/#breadcrumb"},"inLanguage":"es","potentialAction":[{"@type":"ReadAction","target":["https:\/\/letrame.com\/catalogo\/producto\/donde-no-hubo-abrigo\/"]}]},{"@type":"ImageObject","inLanguage":"es","@id":"https:\/\/letrame.com\/catalogo\/producto\/donde-no-hubo-abrigo\/#primaryimage","url":"https:\/\/letrame.com\/catalogo\/wp-content\/uploads\/2026\/04\/dondenohuboabrigo_71mm4.jpg","contentUrl":"https:\/\/letrame.com\/catalogo\/wp-content\/uploads\/2026\/04\/dondenohuboabrigo_71mm4.jpg","width":699,"height":992},{"@type":"BreadcrumbList","@id":"https:\/\/letrame.com\/catalogo\/producto\/donde-no-hubo-abrigo\/#breadcrumb","itemListElement":[{"@type":"ListItem","position":1,"name":"Portada","item":"https:\/\/letrame.com\/catalogo\/"},{"@type":"ListItem","position":2,"name":"Cat\u00e1logo","item":"https:\/\/letrame.com\/catalogo\/"},{"@type":"ListItem","position":3,"name":"Donde no hubo abrigo"}]},{"@type":"WebSite","@id":"https:\/\/letrame.com\/catalogo\/#website","url":"https:\/\/letrame.com\/catalogo\/","name":"Catalogo | Letrame Grupo Editorial","description":"","publisher":{"@id":"https:\/\/letrame.com\/catalogo\/#organization"},"potentialAction":[{"@type":"SearchAction","target":{"@type":"EntryPoint","urlTemplate":"https:\/\/letrame.com\/catalogo\/?s={search_term_string}"},"query-input":{"@type":"PropertyValueSpecification","valueRequired":true,"valueName":"search_term_string"}}],"inLanguage":"es"},{"@type":"Organization","@id":"https:\/\/letrame.com\/catalogo\/#organization","name":"Catalogo | Letrame Grupo Editorial","url":"https:\/\/letrame.com\/catalogo\/","logo":{"@type":"ImageObject","inLanguage":"es","@id":"https:\/\/letrame.com\/catalogo\/#\/schema\/logo\/image\/","url":"https:\/\/letrame.com\/catalogo\/wp-content\/uploads\/2024\/03\/logo2.webp","contentUrl":"https:\/\/letrame.com\/catalogo\/wp-content\/uploads\/2024\/03\/logo2.webp","width":394,"height":128,"caption":"Catalogo | Letrame Grupo Editorial"},"image":{"@id":"https:\/\/letrame.com\/catalogo\/#\/schema\/logo\/image\/"}}]}},"_links":{"self":[{"href":"https:\/\/letrame.com\/catalogo\/wp-json\/wp\/v2\/product\/112495","targetHints":{"allow":["GET"]}}],"collection":[{"href":"https:\/\/letrame.com\/catalogo\/wp-json\/wp\/v2\/product"}],"about":[{"href":"https:\/\/letrame.com\/catalogo\/wp-json\/wp\/v2\/types\/product"}],"replies":[{"embeddable":true,"href":"https:\/\/letrame.com\/catalogo\/wp-json\/wp\/v2\/comments?post=112495"}],"wp:featuredmedia":[{"embeddable":true,"href":"https:\/\/letrame.com\/catalogo\/wp-json\/wp\/v2\/media\/112499"}],"wp:attachment":[{"href":"https:\/\/letrame.com\/catalogo\/wp-json\/wp\/v2\/media?parent=112495"}],"wp:term":[{"taxonomy":"libro","embeddable":true,"href":"https:\/\/letrame.com\/catalogo\/wp-json\/wp\/v2\/libro?post=112495"},{"taxonomy":"product_brand","embeddable":true,"href":"https:\/\/letrame.com\/catalogo\/wp-json\/wp\/v2\/product_brand?post=112495"},{"taxonomy":"product_cat","embeddable":true,"href":"https:\/\/letrame.com\/catalogo\/wp-json\/wp\/v2\/product_cat?post=112495"},{"taxonomy":"product_tag","embeddable":true,"href":"https:\/\/letrame.com\/catalogo\/wp-json\/wp\/v2\/product_tag?post=112495"}],"curies":[{"name":"wp","href":"https:\/\/api.w.org\/{rel}","templated":true}]}}