{"id":112484,"date":"2026-04-28T17:07:53","date_gmt":"2026-04-28T15:07:53","guid":{"rendered":"https:\/\/letrame.com\/catalogo\/?post_type=product&#038;p=112484"},"modified":"2026-04-28T17:07:54","modified_gmt":"2026-04-28T15:07:54","slug":"de-washington-a-trump","status":"publish","type":"product","link":"https:\/\/letrame.com\/catalogo\/producto\/de-washington-a-trump\/","title":{"rendered":"De Washington a Trump"},"content":{"rendered":"<p><strong>ISBN: 9791370299149<\/strong><br \/>\n<strong>T\u00edtulo: De Washington a Trump<\/strong><br \/>\n<strong>Fecha: 2026<\/strong><br \/>\n<strong>P\u00e1ginas: 204<\/strong><\/p>\n<p><strong>SINOPSIS<\/strong><\/p>\n<p>Son varias las personas que han ocupado un puesto preferente entre los norteamericanos, bajo el t\u00edtulo de \u00abpresidente\u00bb, y de estas personas habla este libro. Pero quien lo escribe es un simple espa\u00f1ol de a pie, al que siempre le ha resultado curioso el desarrollo de un pa\u00eds que, en la actualidad, condiciona la vida de la mayor\u00eda de los pa\u00edses del mundo, si no todos. Y mucho m\u00e1s en el d\u00eda de hoy, con un presidente, Donald Trump, que parece decidir por todos nosotros en todos los lugares del planeta. Y por eso esta situaci\u00f3n no puede verse con total objetividad, por lo que, aunque el autor intenta serlo, incluye en el texto comentarios que corresponden a su propia opini\u00f3n, que no se pretende que nadie comparta, sobre las actuaciones de los distintos presidentes, intentando dejar claro cu\u00e1ndo el texto corresponde a una opini\u00f3n y no a un hecho.<\/p>\n<p>Si lo ha conseguido ser\u00e1n los lectores quienes lo juzguen. La lectura permite conocer las principales caracter\u00edsticas de cada presidencia, sus circunstancias y algunos aspectos, algunos no muy conocidos o difundidos, de los presidentes (\u00abpresidentas\u00bb no han existido hasta la fecha) que han tenido los Estados Unidos desde el \u00fanico elegido, dos veces, por unanimidad, Washington, hasta el \u00faltimo, Trump.<\/p>\n<p>Si el lector est\u00e1 interesado en la historia de los Estados Unidos, una de las m\u00e1s conocidas y desvirtuadas de este mundo, y quiere conocer a quienes estuvieron al<br \/>\nfrente de esa historia, creo que este libro puede resultarles interesante e, incluso, ilustrativo, al menos para algunos.<\/p>\n","protected":false},"excerpt":{"rendered":"<p><strong>ISBN: 9791370299149<\/strong><\/p>\n<p><strong>SINOPSIS<\/strong><\/p>\n<p>Son varias las personas que han ocupado un puesto preferente entre los norteamericanos, bajo el t\u00edtulo de \u00abpresidente\u00bb, y de estas personas habla este libro. Pero quien lo escribe es un simple espa\u00f1ol de a pie, al que siempre le ha resultado curioso el desarrollo de un pa\u00eds que, en la actualidad, condiciona la vida de la mayor\u00eda de los pa\u00edses del mundo, si no todos. Y mucho m\u00e1s en el d\u00eda de hoy, con un presidente, Donald Trump, que parece decidir por todos nosotros en todos los lugares del planeta. Y por eso esta situaci\u00f3n no puede verse con total objetividad, por lo que, aunque el autor intenta serlo, incluye en el texto comentarios que corresponden a su propia opini\u00f3n, que no se pretende que nadie comparta, sobre las actuaciones de los distintos presidentes, intentando dejar claro cu\u00e1ndo el texto corresponde a una opini\u00f3n y no a un hecho.<\/p>\n<p>Si lo ha conseguido ser\u00e1n los lectores quienes lo juzguen. La lectura permite conocer las principales caracter\u00edsticas de cada presidencia, sus circunstancias y algunos aspectos, algunos no muy conocidos o difundidos, de los presidentes (\u00abpresidentas\u00bb no han existido hasta la fecha) que han tenido los Estados Unidos desde el \u00fanico elegido, dos veces, por unanimidad, Washington, hasta el \u00faltimo, Trump.<\/p>\n<p>Si el lector est\u00e1 interesado en la historia de los Estados Unidos, una de las m\u00e1s conocidas y desvirtuadas de este mundo, y quiere conocer a quienes estuvieron al<br \/>\nfrente de esa historia, creo que este libro puede resultarles interesante e, incluso, ilustrativo, al menos para algunos.<\/p>\n","protected":false},"featured_media":112485,"comment_status":"open","ping_status":"closed","template":"","meta":{"_acf_changed":false},"libro":[],"product_brand":[],"product_cat":[148],"product_tag":[],"class_list":{"0":"post-112484","1":"product","2":"type-product","3":"status-publish","4":"has-post-thumbnail","6":"product_cat-historia","8":"first","9":"instock","10":"shipping-taxable","11":"product-type-simple"},"acf":{"autor":[108484],"enlace_de_compra":""},"yoast_head":"<!-- This site is optimized with the Yoast SEO plugin v27.4 - https:\/\/yoast.com\/product\/yoast-seo-wordpress\/ -->\n<title>De Washington a Trump - Catalogo | Letrame Grupo Editorial<\/title>\n<meta name=\"robots\" content=\"index, follow, max-snippet:-1, max-image-preview:large, max-video-preview:-1\" \/>\n<link rel=\"canonical\" href=\"https:\/\/letrame.com\/catalogo\/producto\/de-washington-a-trump\/\" \/>\n<meta property=\"og:locale\" content=\"es_ES\" \/>\n<meta property=\"og:type\" content=\"article\" \/>\n<meta property=\"og:title\" content=\"De Washington a Trump - Catalogo | Letrame Grupo Editorial\" \/>\n<meta property=\"og:description\" content=\"ISBN: 9791370299149  SINOPSIS  Son varias las personas que han ocupado un puesto preferente entre los norteamericanos, bajo el t\u00edtulo de \u00abpresidente\u00bb, y de estas personas habla este libro. Pero quien lo escribe es un simple espa\u00f1ol de a pie, al que siempre le ha resultado curioso el desarrollo de un pa\u00eds que, en la actualidad, condiciona la vida de la mayor\u00eda de los pa\u00edses del mundo, si no todos. Y mucho m\u00e1s en el d\u00eda de hoy, con un presidente, Donald Trump, que parece decidir por todos nosotros en todos los lugares del planeta. Y por eso esta situaci\u00f3n no puede verse con total objetividad, por lo que, aunque el autor intenta serlo, incluye en el texto comentarios que corresponden a su propia opini\u00f3n, que no se pretende que nadie comparta, sobre las actuaciones de los distintos presidentes, intentando dejar claro cu\u00e1ndo el texto corresponde a una opini\u00f3n y no a un hecho.  Si lo ha conseguido ser\u00e1n los lectores quienes lo juzguen. La lectura permite conocer las principales caracter\u00edsticas de cada presidencia, sus circunstancias y algunos aspectos, algunos no muy conocidos o difundidos, de los presidentes (\u00abpresidentas\u00bb no han existido hasta la fecha) que han tenido los Estados Unidos desde el \u00fanico elegido, dos veces, por unanimidad, Washington, hasta el \u00faltimo, Trump.  Si el lector est\u00e1 interesado en la historia de los Estados Unidos, una de las m\u00e1s conocidas y desvirtuadas de este mundo, y quiere conocer a quienes estuvieron al frente de esa historia, creo que este libro puede resultarles interesante e, incluso, ilustrativo, al menos para algunos.\" \/>\n<meta property=\"og:url\" content=\"https:\/\/letrame.com\/catalogo\/producto\/de-washington-a-trump\/\" \/>\n<meta property=\"og:site_name\" content=\"Catalogo | Letrame Grupo Editorial\" \/>\n<meta property=\"article:modified_time\" content=\"2026-04-28T15:07:54+00:00\" \/>\n<meta property=\"og:image\" content=\"https:\/\/letrame.com\/catalogo\/wp-content\/uploads\/2026\/04\/dewashington_767mm4.jpg\" \/>\n\t<meta property=\"og:image:width\" content=\"797\" \/>\n\t<meta property=\"og:image:height\" content=\"1115\" \/>\n\t<meta property=\"og:image:type\" content=\"image\/jpeg\" \/>\n<meta name=\"twitter:card\" content=\"summary_large_image\" \/>\n<meta name=\"twitter:label1\" content=\"Tiempo de lectura\" \/>\n\t<meta name=\"twitter:data1\" content=\"2 minutos\" \/>\n<script type=\"application\/ld+json\" class=\"yoast-schema-graph\">{\"@context\":\"https:\\\/\\\/schema.org\",\"@graph\":[{\"@type\":\"WebPage\",\"@id\":\"https:\\\/\\\/letrame.com\\\/catalogo\\\/producto\\\/de-washington-a-trump\\\/\",\"url\":\"https:\\\/\\\/letrame.com\\\/catalogo\\\/producto\\\/de-washington-a-trump\\\/\",\"name\":\"De Washington a Trump - Catalogo | Letrame Grupo Editorial\",\"isPartOf\":{\"@id\":\"https:\\\/\\\/letrame.com\\\/catalogo\\\/#website\"},\"primaryImageOfPage\":{\"@id\":\"https:\\\/\\\/letrame.com\\\/catalogo\\\/producto\\\/de-washington-a-trump\\\/#primaryimage\"},\"image\":{\"@id\":\"https:\\\/\\\/letrame.com\\\/catalogo\\\/producto\\\/de-washington-a-trump\\\/#primaryimage\"},\"thumbnailUrl\":\"https:\\\/\\\/letrame.com\\\/catalogo\\\/wp-content\\\/uploads\\\/2026\\\/04\\\/dewashington_767mm4.jpg\",\"datePublished\":\"2026-04-28T15:07:53+00:00\",\"dateModified\":\"2026-04-28T15:07:54+00:00\",\"breadcrumb\":{\"@id\":\"https:\\\/\\\/letrame.com\\\/catalogo\\\/producto\\\/de-washington-a-trump\\\/#breadcrumb\"},\"inLanguage\":\"es\",\"potentialAction\":[{\"@type\":\"ReadAction\",\"target\":[\"https:\\\/\\\/letrame.com\\\/catalogo\\\/producto\\\/de-washington-a-trump\\\/\"]}]},{\"@type\":\"ImageObject\",\"inLanguage\":\"es\",\"@id\":\"https:\\\/\\\/letrame.com\\\/catalogo\\\/producto\\\/de-washington-a-trump\\\/#primaryimage\",\"url\":\"https:\\\/\\\/letrame.com\\\/catalogo\\\/wp-content\\\/uploads\\\/2026\\\/04\\\/dewashington_767mm4.jpg\",\"contentUrl\":\"https:\\\/\\\/letrame.com\\\/catalogo\\\/wp-content\\\/uploads\\\/2026\\\/04\\\/dewashington_767mm4.jpg\",\"width\":797,\"height\":1115},{\"@type\":\"BreadcrumbList\",\"@id\":\"https:\\\/\\\/letrame.com\\\/catalogo\\\/producto\\\/de-washington-a-trump\\\/#breadcrumb\",\"itemListElement\":[{\"@type\":\"ListItem\",\"position\":1,\"name\":\"Portada\",\"item\":\"https:\\\/\\\/letrame.com\\\/catalogo\\\/\"},{\"@type\":\"ListItem\",\"position\":2,\"name\":\"Cat\u00e1logo\",\"item\":\"https:\\\/\\\/letrame.com\\\/catalogo\\\/\"},{\"@type\":\"ListItem\",\"position\":3,\"name\":\"De Washington a Trump\"}]},{\"@type\":\"WebSite\",\"@id\":\"https:\\\/\\\/letrame.com\\\/catalogo\\\/#website\",\"url\":\"https:\\\/\\\/letrame.com\\\/catalogo\\\/\",\"name\":\"Catalogo | Letrame Grupo Editorial\",\"description\":\"\",\"publisher\":{\"@id\":\"https:\\\/\\\/letrame.com\\\/catalogo\\\/#organization\"},\"potentialAction\":[{\"@type\":\"SearchAction\",\"target\":{\"@type\":\"EntryPoint\",\"urlTemplate\":\"https:\\\/\\\/letrame.com\\\/catalogo\\\/?s={search_term_string}\"},\"query-input\":{\"@type\":\"PropertyValueSpecification\",\"valueRequired\":true,\"valueName\":\"search_term_string\"}}],\"inLanguage\":\"es\"},{\"@type\":\"Organization\",\"@id\":\"https:\\\/\\\/letrame.com\\\/catalogo\\\/#organization\",\"name\":\"Catalogo | Letrame Grupo Editorial\",\"url\":\"https:\\\/\\\/letrame.com\\\/catalogo\\\/\",\"logo\":{\"@type\":\"ImageObject\",\"inLanguage\":\"es\",\"@id\":\"https:\\\/\\\/letrame.com\\\/catalogo\\\/#\\\/schema\\\/logo\\\/image\\\/\",\"url\":\"https:\\\/\\\/letrame.com\\\/catalogo\\\/wp-content\\\/uploads\\\/2024\\\/03\\\/logo2.webp\",\"contentUrl\":\"https:\\\/\\\/letrame.com\\\/catalogo\\\/wp-content\\\/uploads\\\/2024\\\/03\\\/logo2.webp\",\"width\":394,\"height\":128,\"caption\":\"Catalogo | Letrame Grupo Editorial\"},\"image\":{\"@id\":\"https:\\\/\\\/letrame.com\\\/catalogo\\\/#\\\/schema\\\/logo\\\/image\\\/\"}}]}<\/script>\n<!-- \/ Yoast SEO plugin. -->","yoast_head_json":{"title":"De Washington a Trump - Catalogo | Letrame Grupo Editorial","robots":{"index":"index","follow":"follow","max-snippet":"max-snippet:-1","max-image-preview":"max-image-preview:large","max-video-preview":"max-video-preview:-1"},"canonical":"https:\/\/letrame.com\/catalogo\/producto\/de-washington-a-trump\/","og_locale":"es_ES","og_type":"article","og_title":"De Washington a Trump - Catalogo | Letrame Grupo Editorial","og_description":"ISBN: 9791370299149  SINOPSIS  Son varias las personas que han ocupado un puesto preferente entre los norteamericanos, bajo el t\u00edtulo de \u00abpresidente\u00bb, y de estas personas habla este libro. Pero quien lo escribe es un simple espa\u00f1ol de a pie, al que siempre le ha resultado curioso el desarrollo de un pa\u00eds que, en la actualidad, condiciona la vida de la mayor\u00eda de los pa\u00edses del mundo, si no todos. Y mucho m\u00e1s en el d\u00eda de hoy, con un presidente, Donald Trump, que parece decidir por todos nosotros en todos los lugares del planeta. Y por eso esta situaci\u00f3n no puede verse con total objetividad, por lo que, aunque el autor intenta serlo, incluye en el texto comentarios que corresponden a su propia opini\u00f3n, que no se pretende que nadie comparta, sobre las actuaciones de los distintos presidentes, intentando dejar claro cu\u00e1ndo el texto corresponde a una opini\u00f3n y no a un hecho.  Si lo ha conseguido ser\u00e1n los lectores quienes lo juzguen. La lectura permite conocer las principales caracter\u00edsticas de cada presidencia, sus circunstancias y algunos aspectos, algunos no muy conocidos o difundidos, de los presidentes (\u00abpresidentas\u00bb no han existido hasta la fecha) que han tenido los Estados Unidos desde el \u00fanico elegido, dos veces, por unanimidad, Washington, hasta el \u00faltimo, Trump.  Si el lector est\u00e1 interesado en la historia de los Estados Unidos, una de las m\u00e1s conocidas y desvirtuadas de este mundo, y quiere conocer a quienes estuvieron al frente de esa historia, creo que este libro puede resultarles interesante e, incluso, ilustrativo, al menos para algunos.","og_url":"https:\/\/letrame.com\/catalogo\/producto\/de-washington-a-trump\/","og_site_name":"Catalogo | Letrame Grupo Editorial","article_modified_time":"2026-04-28T15:07:54+00:00","og_image":[{"width":797,"height":1115,"url":"https:\/\/letrame.com\/catalogo\/wp-content\/uploads\/2026\/04\/dewashington_767mm4.jpg","type":"image\/jpeg"}],"twitter_card":"summary_large_image","twitter_misc":{"Tiempo de lectura":"2 minutos"},"schema":{"@context":"https:\/\/schema.org","@graph":[{"@type":"WebPage","@id":"https:\/\/letrame.com\/catalogo\/producto\/de-washington-a-trump\/","url":"https:\/\/letrame.com\/catalogo\/producto\/de-washington-a-trump\/","name":"De Washington a Trump - Catalogo | Letrame Grupo Editorial","isPartOf":{"@id":"https:\/\/letrame.com\/catalogo\/#website"},"primaryImageOfPage":{"@id":"https:\/\/letrame.com\/catalogo\/producto\/de-washington-a-trump\/#primaryimage"},"image":{"@id":"https:\/\/letrame.com\/catalogo\/producto\/de-washington-a-trump\/#primaryimage"},"thumbnailUrl":"https:\/\/letrame.com\/catalogo\/wp-content\/uploads\/2026\/04\/dewashington_767mm4.jpg","datePublished":"2026-04-28T15:07:53+00:00","dateModified":"2026-04-28T15:07:54+00:00","breadcrumb":{"@id":"https:\/\/letrame.com\/catalogo\/producto\/de-washington-a-trump\/#breadcrumb"},"inLanguage":"es","potentialAction":[{"@type":"ReadAction","target":["https:\/\/letrame.com\/catalogo\/producto\/de-washington-a-trump\/"]}]},{"@type":"ImageObject","inLanguage":"es","@id":"https:\/\/letrame.com\/catalogo\/producto\/de-washington-a-trump\/#primaryimage","url":"https:\/\/letrame.com\/catalogo\/wp-content\/uploads\/2026\/04\/dewashington_767mm4.jpg","contentUrl":"https:\/\/letrame.com\/catalogo\/wp-content\/uploads\/2026\/04\/dewashington_767mm4.jpg","width":797,"height":1115},{"@type":"BreadcrumbList","@id":"https:\/\/letrame.com\/catalogo\/producto\/de-washington-a-trump\/#breadcrumb","itemListElement":[{"@type":"ListItem","position":1,"name":"Portada","item":"https:\/\/letrame.com\/catalogo\/"},{"@type":"ListItem","position":2,"name":"Cat\u00e1logo","item":"https:\/\/letrame.com\/catalogo\/"},{"@type":"ListItem","position":3,"name":"De Washington a Trump"}]},{"@type":"WebSite","@id":"https:\/\/letrame.com\/catalogo\/#website","url":"https:\/\/letrame.com\/catalogo\/","name":"Catalogo | Letrame Grupo Editorial","description":"","publisher":{"@id":"https:\/\/letrame.com\/catalogo\/#organization"},"potentialAction":[{"@type":"SearchAction","target":{"@type":"EntryPoint","urlTemplate":"https:\/\/letrame.com\/catalogo\/?s={search_term_string}"},"query-input":{"@type":"PropertyValueSpecification","valueRequired":true,"valueName":"search_term_string"}}],"inLanguage":"es"},{"@type":"Organization","@id":"https:\/\/letrame.com\/catalogo\/#organization","name":"Catalogo | Letrame Grupo Editorial","url":"https:\/\/letrame.com\/catalogo\/","logo":{"@type":"ImageObject","inLanguage":"es","@id":"https:\/\/letrame.com\/catalogo\/#\/schema\/logo\/image\/","url":"https:\/\/letrame.com\/catalogo\/wp-content\/uploads\/2024\/03\/logo2.webp","contentUrl":"https:\/\/letrame.com\/catalogo\/wp-content\/uploads\/2024\/03\/logo2.webp","width":394,"height":128,"caption":"Catalogo | Letrame Grupo Editorial"},"image":{"@id":"https:\/\/letrame.com\/catalogo\/#\/schema\/logo\/image\/"}}]}},"_links":{"self":[{"href":"https:\/\/letrame.com\/catalogo\/wp-json\/wp\/v2\/product\/112484","targetHints":{"allow":["GET"]}}],"collection":[{"href":"https:\/\/letrame.com\/catalogo\/wp-json\/wp\/v2\/product"}],"about":[{"href":"https:\/\/letrame.com\/catalogo\/wp-json\/wp\/v2\/types\/product"}],"replies":[{"embeddable":true,"href":"https:\/\/letrame.com\/catalogo\/wp-json\/wp\/v2\/comments?post=112484"}],"acf:post":[{"embeddable":true,"href":"https:\/\/letrame.com\/catalogo\/wp-json\/wp\/v2\/author_book\/108484"}],"wp:featuredmedia":[{"embeddable":true,"href":"https:\/\/letrame.com\/catalogo\/wp-json\/wp\/v2\/media\/112485"}],"wp:attachment":[{"href":"https:\/\/letrame.com\/catalogo\/wp-json\/wp\/v2\/media?parent=112484"}],"wp:term":[{"taxonomy":"libro","embeddable":true,"href":"https:\/\/letrame.com\/catalogo\/wp-json\/wp\/v2\/libro?post=112484"},{"taxonomy":"product_brand","embeddable":true,"href":"https:\/\/letrame.com\/catalogo\/wp-json\/wp\/v2\/product_brand?post=112484"},{"taxonomy":"product_cat","embeddable":true,"href":"https:\/\/letrame.com\/catalogo\/wp-json\/wp\/v2\/product_cat?post=112484"},{"taxonomy":"product_tag","embeddable":true,"href":"https:\/\/letrame.com\/catalogo\/wp-json\/wp\/v2\/product_tag?post=112484"}],"curies":[{"name":"wp","href":"https:\/\/api.w.org\/{rel}","templated":true}]}}