{"id":112479,"date":"2026-04-28T14:02:35","date_gmt":"2026-04-28T12:02:35","guid":{"rendered":"https:\/\/letrame.com\/catalogo\/?post_type=product&#038;p=112479"},"modified":"2026-04-28T14:02:36","modified_gmt":"2026-04-28T12:02:36","slug":"todo-fue-un-instante","status":"publish","type":"product","link":"https:\/\/letrame.com\/catalogo\/producto\/todo-fue-un-instante\/","title":{"rendered":"Todo fue un instante"},"content":{"rendered":"<p class=\"p1\"><b>ISBN: 9791370297695<\/b><b><\/b><\/p>\n<p class=\"p1\"><b>T\u00edtulo: <strong>Todo fue un instante<\/strong><\/b><br \/>\n<b>Fecha: 2025<\/b><br \/>\n<b>P\u00e1ginas: 248<\/b><b><\/b><\/p>\n<p class=\"p1\"><b>SINOPSIS<\/b><\/p>\n<p data-start=\"0\" data-end=\"360\">La vida se compone de instantes que, sin saberlo, nos definen para siempre. Momentos m\u00ednimos, gestos casi imperceptibles, recuerdos que regresan cuando menos se esperan y que, sin embargo, contienen el sentido profundo de todo lo vivido. A trav\u00e9s de ellos se construye la memoria, se enlazan generaciones y se comprende que el pasado nunca desaparece del todo.<\/p>\n<p data-start=\"362\" data-end=\"769\" data-is-last-node=\"\" data-is-only-node=\"\"><em data-start=\"362\" data-end=\"384\">Todo fue un instante<\/em> recorre la memoria de una familia marcada por el exilio, la guerra, el amor y la p\u00e9rdida, reflexionando sobre c\u00f3mo esos fragmentos heredados modelan la identidad, el presente y la manera de mirar el mundo. Con una narraci\u00f3n \u00edntima y pausada, David Maroto invita a detenerse, a escuchar y a comprender que incluso en los momentos m\u00e1s fr\u00e1giles late una fuerza capaz de sostener la vida.<\/p>\n","protected":false},"excerpt":{"rendered":"<p class=\"p1\"><b>ISBN: 9791370297695<\/b><b><\/b><\/p>\n<p class=\"p1\"><b>SINOPSIS<\/b><\/p>\n<p data-start=\"0\" data-end=\"360\">La vida se compone de instantes que, sin saberlo, nos definen para siempre. Momentos m\u00ednimos, gestos casi imperceptibles, recuerdos que regresan cuando menos se esperan y que, sin embargo, contienen el sentido profundo de todo lo vivido. A trav\u00e9s de ellos se construye la memoria, se enlazan generaciones y se comprende que el pasado nunca desaparece del todo.<\/p>\n<p data-start=\"362\" data-end=\"769\" data-is-last-node=\"\" data-is-only-node=\"\"><em data-start=\"362\" data-end=\"384\">Todo fue un instante<\/em> recorre la memoria de una familia marcada por el exilio, la guerra, el amor y la p\u00e9rdida, reflexionando sobre c\u00f3mo esos fragmentos heredados modelan la identidad, el presente y la manera de mirar el mundo. Con una narraci\u00f3n \u00edntima y pausada, David Maroto invita a detenerse, a escuchar y a comprender que incluso en los momentos m\u00e1s fr\u00e1giles late una fuerza capaz de sostener la vida.<\/p>\n","protected":false},"featured_media":112483,"comment_status":"open","ping_status":"closed","template":"","meta":{"_acf_changed":false},"libro":[],"product_brand":[],"product_cat":[23],"product_tag":[],"class_list":{"0":"post-112479","1":"product","2":"type-product","3":"status-publish","4":"has-post-thumbnail","6":"product_cat-ensayos","8":"first","9":"instock","10":"shipping-taxable","11":"product-type-simple"},"acf":{"autor":[112480],"enlace_de_compra":""},"yoast_head":"<!-- This site is optimized with the Yoast SEO plugin v27.4 - https:\/\/yoast.com\/product\/yoast-seo-wordpress\/ -->\n<title>Todo fue un instante - Catalogo | Letrame Grupo Editorial<\/title>\n<meta name=\"robots\" content=\"index, follow, max-snippet:-1, max-image-preview:large, max-video-preview:-1\" \/>\n<link rel=\"canonical\" href=\"https:\/\/letrame.com\/catalogo\/producto\/todo-fue-un-instante\/\" \/>\n<meta property=\"og:locale\" content=\"es_ES\" \/>\n<meta property=\"og:type\" content=\"article\" \/>\n<meta property=\"og:title\" content=\"Todo fue un instante - Catalogo | Letrame Grupo Editorial\" \/>\n<meta property=\"og:description\" content=\"ISBN: 9791370297695 SINOPSIS La vida se compone de instantes que, sin saberlo, nos definen para siempre. Momentos m\u00ednimos, gestos casi imperceptibles, recuerdos que regresan cuando menos se esperan y que, sin embargo, contienen el sentido profundo de todo lo vivido. A trav\u00e9s de ellos se construye la memoria, se enlazan generaciones y se comprende que el pasado nunca desaparece del todo. Todo fue un instante recorre la memoria de una familia marcada por el exilio, la guerra, el amor y la p\u00e9rdida, reflexionando sobre c\u00f3mo esos fragmentos heredados modelan la identidad, el presente y la manera de mirar el mundo. Con una narraci\u00f3n \u00edntima y pausada, David Maroto invita a detenerse, a escuchar y a comprender que incluso en los momentos m\u00e1s fr\u00e1giles late una fuerza capaz de sostener la vida.\" \/>\n<meta property=\"og:url\" content=\"https:\/\/letrame.com\/catalogo\/producto\/todo-fue-un-instante\/\" \/>\n<meta property=\"og:site_name\" content=\"Catalogo | Letrame Grupo Editorial\" \/>\n<meta property=\"article:modified_time\" content=\"2026-04-28T12:02:36+00:00\" \/>\n<meta property=\"og:image\" content=\"https:\/\/letrame.com\/catalogo\/wp-content\/uploads\/2026\/04\/Todofueuninstante_12334.jpg\" \/>\n\t<meta property=\"og:image:width\" content=\"886\" \/>\n\t<meta property=\"og:image:height\" content=\"1299\" \/>\n\t<meta property=\"og:image:type\" content=\"image\/jpeg\" \/>\n<meta name=\"twitter:card\" content=\"summary_large_image\" \/>\n<meta name=\"twitter:label1\" content=\"Tiempo de lectura\" \/>\n\t<meta name=\"twitter:data1\" content=\"1 minuto\" \/>\n<script type=\"application\/ld+json\" class=\"yoast-schema-graph\">{\"@context\":\"https:\\\/\\\/schema.org\",\"@graph\":[{\"@type\":\"WebPage\",\"@id\":\"https:\\\/\\\/letrame.com\\\/catalogo\\\/producto\\\/todo-fue-un-instante\\\/\",\"url\":\"https:\\\/\\\/letrame.com\\\/catalogo\\\/producto\\\/todo-fue-un-instante\\\/\",\"name\":\"Todo fue un instante - Catalogo | Letrame Grupo Editorial\",\"isPartOf\":{\"@id\":\"https:\\\/\\\/letrame.com\\\/catalogo\\\/#website\"},\"primaryImageOfPage\":{\"@id\":\"https:\\\/\\\/letrame.com\\\/catalogo\\\/producto\\\/todo-fue-un-instante\\\/#primaryimage\"},\"image\":{\"@id\":\"https:\\\/\\\/letrame.com\\\/catalogo\\\/producto\\\/todo-fue-un-instante\\\/#primaryimage\"},\"thumbnailUrl\":\"https:\\\/\\\/letrame.com\\\/catalogo\\\/wp-content\\\/uploads\\\/2026\\\/04\\\/Todofueuninstante_12334.jpg\",\"datePublished\":\"2026-04-28T12:02:35+00:00\",\"dateModified\":\"2026-04-28T12:02:36+00:00\",\"breadcrumb\":{\"@id\":\"https:\\\/\\\/letrame.com\\\/catalogo\\\/producto\\\/todo-fue-un-instante\\\/#breadcrumb\"},\"inLanguage\":\"es\",\"potentialAction\":[{\"@type\":\"ReadAction\",\"target\":[\"https:\\\/\\\/letrame.com\\\/catalogo\\\/producto\\\/todo-fue-un-instante\\\/\"]}]},{\"@type\":\"ImageObject\",\"inLanguage\":\"es\",\"@id\":\"https:\\\/\\\/letrame.com\\\/catalogo\\\/producto\\\/todo-fue-un-instante\\\/#primaryimage\",\"url\":\"https:\\\/\\\/letrame.com\\\/catalogo\\\/wp-content\\\/uploads\\\/2026\\\/04\\\/Todofueuninstante_12334.jpg\",\"contentUrl\":\"https:\\\/\\\/letrame.com\\\/catalogo\\\/wp-content\\\/uploads\\\/2026\\\/04\\\/Todofueuninstante_12334.jpg\",\"width\":886,\"height\":1299},{\"@type\":\"BreadcrumbList\",\"@id\":\"https:\\\/\\\/letrame.com\\\/catalogo\\\/producto\\\/todo-fue-un-instante\\\/#breadcrumb\",\"itemListElement\":[{\"@type\":\"ListItem\",\"position\":1,\"name\":\"Portada\",\"item\":\"https:\\\/\\\/letrame.com\\\/catalogo\\\/\"},{\"@type\":\"ListItem\",\"position\":2,\"name\":\"Cat\u00e1logo\",\"item\":\"https:\\\/\\\/letrame.com\\\/catalogo\\\/\"},{\"@type\":\"ListItem\",\"position\":3,\"name\":\"Todo fue un instante\"}]},{\"@type\":\"WebSite\",\"@id\":\"https:\\\/\\\/letrame.com\\\/catalogo\\\/#website\",\"url\":\"https:\\\/\\\/letrame.com\\\/catalogo\\\/\",\"name\":\"Catalogo | Letrame Grupo Editorial\",\"description\":\"\",\"publisher\":{\"@id\":\"https:\\\/\\\/letrame.com\\\/catalogo\\\/#organization\"},\"potentialAction\":[{\"@type\":\"SearchAction\",\"target\":{\"@type\":\"EntryPoint\",\"urlTemplate\":\"https:\\\/\\\/letrame.com\\\/catalogo\\\/?s={search_term_string}\"},\"query-input\":{\"@type\":\"PropertyValueSpecification\",\"valueRequired\":true,\"valueName\":\"search_term_string\"}}],\"inLanguage\":\"es\"},{\"@type\":\"Organization\",\"@id\":\"https:\\\/\\\/letrame.com\\\/catalogo\\\/#organization\",\"name\":\"Catalogo | Letrame Grupo Editorial\",\"url\":\"https:\\\/\\\/letrame.com\\\/catalogo\\\/\",\"logo\":{\"@type\":\"ImageObject\",\"inLanguage\":\"es\",\"@id\":\"https:\\\/\\\/letrame.com\\\/catalogo\\\/#\\\/schema\\\/logo\\\/image\\\/\",\"url\":\"https:\\\/\\\/letrame.com\\\/catalogo\\\/wp-content\\\/uploads\\\/2024\\\/03\\\/logo2.webp\",\"contentUrl\":\"https:\\\/\\\/letrame.com\\\/catalogo\\\/wp-content\\\/uploads\\\/2024\\\/03\\\/logo2.webp\",\"width\":394,\"height\":128,\"caption\":\"Catalogo | Letrame Grupo Editorial\"},\"image\":{\"@id\":\"https:\\\/\\\/letrame.com\\\/catalogo\\\/#\\\/schema\\\/logo\\\/image\\\/\"}}]}<\/script>\n<!-- \/ Yoast SEO plugin. -->","yoast_head_json":{"title":"Todo fue un instante - Catalogo | Letrame Grupo Editorial","robots":{"index":"index","follow":"follow","max-snippet":"max-snippet:-1","max-image-preview":"max-image-preview:large","max-video-preview":"max-video-preview:-1"},"canonical":"https:\/\/letrame.com\/catalogo\/producto\/todo-fue-un-instante\/","og_locale":"es_ES","og_type":"article","og_title":"Todo fue un instante - Catalogo | Letrame Grupo Editorial","og_description":"ISBN: 9791370297695 SINOPSIS La vida se compone de instantes que, sin saberlo, nos definen para siempre. Momentos m\u00ednimos, gestos casi imperceptibles, recuerdos que regresan cuando menos se esperan y que, sin embargo, contienen el sentido profundo de todo lo vivido. A trav\u00e9s de ellos se construye la memoria, se enlazan generaciones y se comprende que el pasado nunca desaparece del todo. Todo fue un instante recorre la memoria de una familia marcada por el exilio, la guerra, el amor y la p\u00e9rdida, reflexionando sobre c\u00f3mo esos fragmentos heredados modelan la identidad, el presente y la manera de mirar el mundo. Con una narraci\u00f3n \u00edntima y pausada, David Maroto invita a detenerse, a escuchar y a comprender que incluso en los momentos m\u00e1s fr\u00e1giles late una fuerza capaz de sostener la vida.","og_url":"https:\/\/letrame.com\/catalogo\/producto\/todo-fue-un-instante\/","og_site_name":"Catalogo | Letrame Grupo Editorial","article_modified_time":"2026-04-28T12:02:36+00:00","og_image":[{"width":886,"height":1299,"url":"https:\/\/letrame.com\/catalogo\/wp-content\/uploads\/2026\/04\/Todofueuninstante_12334.jpg","type":"image\/jpeg"}],"twitter_card":"summary_large_image","twitter_misc":{"Tiempo de lectura":"1 minuto"},"schema":{"@context":"https:\/\/schema.org","@graph":[{"@type":"WebPage","@id":"https:\/\/letrame.com\/catalogo\/producto\/todo-fue-un-instante\/","url":"https:\/\/letrame.com\/catalogo\/producto\/todo-fue-un-instante\/","name":"Todo fue un instante - Catalogo | Letrame Grupo Editorial","isPartOf":{"@id":"https:\/\/letrame.com\/catalogo\/#website"},"primaryImageOfPage":{"@id":"https:\/\/letrame.com\/catalogo\/producto\/todo-fue-un-instante\/#primaryimage"},"image":{"@id":"https:\/\/letrame.com\/catalogo\/producto\/todo-fue-un-instante\/#primaryimage"},"thumbnailUrl":"https:\/\/letrame.com\/catalogo\/wp-content\/uploads\/2026\/04\/Todofueuninstante_12334.jpg","datePublished":"2026-04-28T12:02:35+00:00","dateModified":"2026-04-28T12:02:36+00:00","breadcrumb":{"@id":"https:\/\/letrame.com\/catalogo\/producto\/todo-fue-un-instante\/#breadcrumb"},"inLanguage":"es","potentialAction":[{"@type":"ReadAction","target":["https:\/\/letrame.com\/catalogo\/producto\/todo-fue-un-instante\/"]}]},{"@type":"ImageObject","inLanguage":"es","@id":"https:\/\/letrame.com\/catalogo\/producto\/todo-fue-un-instante\/#primaryimage","url":"https:\/\/letrame.com\/catalogo\/wp-content\/uploads\/2026\/04\/Todofueuninstante_12334.jpg","contentUrl":"https:\/\/letrame.com\/catalogo\/wp-content\/uploads\/2026\/04\/Todofueuninstante_12334.jpg","width":886,"height":1299},{"@type":"BreadcrumbList","@id":"https:\/\/letrame.com\/catalogo\/producto\/todo-fue-un-instante\/#breadcrumb","itemListElement":[{"@type":"ListItem","position":1,"name":"Portada","item":"https:\/\/letrame.com\/catalogo\/"},{"@type":"ListItem","position":2,"name":"Cat\u00e1logo","item":"https:\/\/letrame.com\/catalogo\/"},{"@type":"ListItem","position":3,"name":"Todo fue un instante"}]},{"@type":"WebSite","@id":"https:\/\/letrame.com\/catalogo\/#website","url":"https:\/\/letrame.com\/catalogo\/","name":"Catalogo | Letrame Grupo Editorial","description":"","publisher":{"@id":"https:\/\/letrame.com\/catalogo\/#organization"},"potentialAction":[{"@type":"SearchAction","target":{"@type":"EntryPoint","urlTemplate":"https:\/\/letrame.com\/catalogo\/?s={search_term_string}"},"query-input":{"@type":"PropertyValueSpecification","valueRequired":true,"valueName":"search_term_string"}}],"inLanguage":"es"},{"@type":"Organization","@id":"https:\/\/letrame.com\/catalogo\/#organization","name":"Catalogo | Letrame Grupo Editorial","url":"https:\/\/letrame.com\/catalogo\/","logo":{"@type":"ImageObject","inLanguage":"es","@id":"https:\/\/letrame.com\/catalogo\/#\/schema\/logo\/image\/","url":"https:\/\/letrame.com\/catalogo\/wp-content\/uploads\/2024\/03\/logo2.webp","contentUrl":"https:\/\/letrame.com\/catalogo\/wp-content\/uploads\/2024\/03\/logo2.webp","width":394,"height":128,"caption":"Catalogo | Letrame Grupo Editorial"},"image":{"@id":"https:\/\/letrame.com\/catalogo\/#\/schema\/logo\/image\/"}}]}},"_links":{"self":[{"href":"https:\/\/letrame.com\/catalogo\/wp-json\/wp\/v2\/product\/112479","targetHints":{"allow":["GET"]}}],"collection":[{"href":"https:\/\/letrame.com\/catalogo\/wp-json\/wp\/v2\/product"}],"about":[{"href":"https:\/\/letrame.com\/catalogo\/wp-json\/wp\/v2\/types\/product"}],"replies":[{"embeddable":true,"href":"https:\/\/letrame.com\/catalogo\/wp-json\/wp\/v2\/comments?post=112479"}],"acf:post":[{"embeddable":true,"href":"https:\/\/letrame.com\/catalogo\/wp-json\/wp\/v2\/author_book\/112480"}],"wp:featuredmedia":[{"embeddable":true,"href":"https:\/\/letrame.com\/catalogo\/wp-json\/wp\/v2\/media\/112483"}],"wp:attachment":[{"href":"https:\/\/letrame.com\/catalogo\/wp-json\/wp\/v2\/media?parent=112479"}],"wp:term":[{"taxonomy":"libro","embeddable":true,"href":"https:\/\/letrame.com\/catalogo\/wp-json\/wp\/v2\/libro?post=112479"},{"taxonomy":"product_brand","embeddable":true,"href":"https:\/\/letrame.com\/catalogo\/wp-json\/wp\/v2\/product_brand?post=112479"},{"taxonomy":"product_cat","embeddable":true,"href":"https:\/\/letrame.com\/catalogo\/wp-json\/wp\/v2\/product_cat?post=112479"},{"taxonomy":"product_tag","embeddable":true,"href":"https:\/\/letrame.com\/catalogo\/wp-json\/wp\/v2\/product_tag?post=112479"}],"curies":[{"name":"wp","href":"https:\/\/api.w.org\/{rel}","templated":true}]}}