{"id":112467,"date":"2026-04-28T13:05:05","date_gmt":"2026-04-28T11:05:05","guid":{"rendered":"https:\/\/letrame.com\/catalogo\/?post_type=product&#038;p=112467"},"modified":"2026-04-28T13:05:06","modified_gmt":"2026-04-28T11:05:06","slug":"silencio-carmesi-3o-edicion","status":"publish","type":"product","link":"https:\/\/letrame.com\/catalogo\/producto\/silencio-carmesi-3o-edicion\/","title":{"rendered":"Silencio Carmes\u00ed. 3\u00ba edici\u00f3n"},"content":{"rendered":"<p class=\"p1\"><b>ISBN: 9791370540821<\/b><b><\/b><\/p>\n<p class=\"p1\"><b>T\u00edtulo: <strong>Silencio Carmes\u00ed. 3\u00ba edici\u00f3n<\/strong><\/b><br \/>\n<b>Fecha: 2026<\/b><br \/>\n<b>P\u00e1ginas: 370<\/b><b><\/b><\/p>\n<p class=\"p1\"><b>SINOPSIS<\/b><\/p>\n<p>Varios cad\u00e1veres dispuestos como obras de arte: luz medida y un guion que no admite errores. Copas donde late un vino antiguo, etiquetas de 1983 adheridas al cuerpo y un mandato que se repite: \u00abNo abras la botella\u00bb. En los espejos, preguntas escritas en carmes\u00ed, dirigidas a la teniente Macarena Arrieta, anuncian una caza personal que ya ha empezado.<\/p>\n<p>En Liranda, un peque\u00f1o y tranquilo pueblo toledano, el vino y el silencio han custodiado durante a\u00f1os secretos imposibles de enterrar. Ahora, el recuerdo de una antigua bodega, junto a s\u00edmbolos, rituales y una palabra prohibida, se dispone a desbordarse y arrastrarlo todo. Se inicia as\u00ed una investigaci\u00f3n a contrarreloj, donde la intriga y los cr\u00edmenes aceleran el pulso, y la acci\u00f3n irrumpe donde menos se espera: cada pista roza el fuego y la muerte; alguien decide qu\u00e9 arde y qu\u00e9 sobrevive.<\/p>\n<p>Silencio Carmes\u00ed es una novela negra y thriller psicol\u00f3gico de culpa y poder, donde la belleza del arte y el vino se convierten en amenaza, la memoria reclama venganza y cada verdad descubierta puede transformarse en la m\u00e1s peligrosa de las trampas.<\/p>\n<p>AMOR Y DESEO. CRIMEN Y SEDUCCI\u00d3N.<br \/>\n\u00bfPREPARADO PARA ROMPER EL SILENCIO CARMES\u00cd?<\/p>\n","protected":false},"excerpt":{"rendered":"<p class=\"p1\"><b>ISBN: 9791370540821<\/b><b><\/b><\/p>\n<p class=\"p1\"><b>SINOPSIS<\/b><\/p>\n<p>Varios cad\u00e1veres dispuestos como obras de arte: luz medida y un guion que no admite errores. Copas donde late un vino antiguo, etiquetas de 1983 adheridas al cuerpo y un mandato que se repite: \u00abNo abras la botella\u00bb. En los espejos, preguntas escritas en carmes\u00ed, dirigidas a la teniente Macarena Arrieta, anuncian una caza personal que ya ha empezado.<\/p>\n<p>En Liranda, un peque\u00f1o y tranquilo pueblo toledano, el vino y el silencio han custodiado durante a\u00f1os secretos imposibles de enterrar. Ahora, el recuerdo de una antigua bodega, junto a s\u00edmbolos, rituales y una palabra prohibida, se dispone a desbordarse y arrastrarlo todo. Se inicia as\u00ed una investigaci\u00f3n a contrarreloj, donde la intriga y los cr\u00edmenes aceleran el pulso, y la acci\u00f3n irrumpe donde menos se espera: cada pista roza el fuego y la muerte; alguien decide qu\u00e9 arde y qu\u00e9 sobrevive.<\/p>\n<p>Silencio Carmes\u00ed es una novela negra y thriller psicol\u00f3gico de culpa y poder, donde la belleza del arte y el vino se convierten en amenaza, la memoria reclama venganza y cada verdad descubierta puede transformarse en la m\u00e1s peligrosa de las trampas.<\/p>\n<p>AMOR Y DESEO. CRIMEN Y SEDUCCI\u00d3N.<br \/>\n\u00bfPREPARADO PARA ROMPER EL SILENCIO CARMES\u00cd?<\/p>\n","protected":false},"featured_media":112471,"comment_status":"open","ping_status":"closed","template":"","meta":{"_acf_changed":false},"libro":[],"product_brand":[],"product_cat":[15],"product_tag":[],"class_list":{"0":"post-112467","1":"product","2":"type-product","3":"status-publish","4":"has-post-thumbnail","6":"product_cat-sin-categorizar","8":"first","9":"instock","10":"shipping-taxable","11":"product-type-simple"},"acf":{"autor":"","enlace_de_compra":""},"yoast_head":"<!-- This site is optimized with the Yoast SEO plugin v27.4 - https:\/\/yoast.com\/product\/yoast-seo-wordpress\/ -->\n<title>Silencio Carmes\u00ed. 3\u00ba edici\u00f3n - Catalogo | Letrame Grupo Editorial<\/title>\n<meta name=\"robots\" content=\"index, follow, max-snippet:-1, max-image-preview:large, max-video-preview:-1\" \/>\n<link rel=\"canonical\" href=\"https:\/\/letrame.com\/catalogo\/producto\/silencio-carmesi-3o-edicion\/\" \/>\n<meta property=\"og:locale\" content=\"es_ES\" \/>\n<meta property=\"og:type\" content=\"article\" \/>\n<meta property=\"og:title\" content=\"Silencio Carmes\u00ed. 3\u00ba edici\u00f3n - Catalogo | Letrame Grupo Editorial\" \/>\n<meta property=\"og:description\" content=\"ISBN: 9791370540821 SINOPSIS Varios cad\u00e1veres dispuestos como obras de arte: luz medida y un guion que no admite errores. Copas donde late un vino antiguo, etiquetas de 1983 adheridas al cuerpo y un mandato que se repite: \u00abNo abras la botella\u00bb. En los espejos, preguntas escritas en carmes\u00ed, dirigidas a la teniente Macarena Arrieta, anuncian una caza personal que ya ha empezado.  En Liranda, un peque\u00f1o y tranquilo pueblo toledano, el vino y el silencio han custodiado durante a\u00f1os secretos imposibles de enterrar. Ahora, el recuerdo de una antigua bodega, junto a s\u00edmbolos, rituales y una palabra prohibida, se dispone a desbordarse y arrastrarlo todo. Se inicia as\u00ed una investigaci\u00f3n a contrarreloj, donde la intriga y los cr\u00edmenes aceleran el pulso, y la acci\u00f3n irrumpe donde menos se espera: cada pista roza el fuego y la muerte; alguien decide qu\u00e9 arde y qu\u00e9 sobrevive.  Silencio Carmes\u00ed es una novela negra y thriller psicol\u00f3gico de culpa y poder, donde la belleza del arte y el vino se convierten en amenaza, la memoria reclama venganza y cada verdad descubierta puede transformarse en la m\u00e1s peligrosa de las trampas.  AMOR Y DESEO. CRIMEN Y SEDUCCI\u00d3N. \u00bfPREPARADO PARA ROMPER EL SILENCIO CARMES\u00cd?\" \/>\n<meta property=\"og:url\" content=\"https:\/\/letrame.com\/catalogo\/producto\/silencio-carmesi-3o-edicion\/\" \/>\n<meta property=\"og:site_name\" content=\"Catalogo | Letrame Grupo Editorial\" \/>\n<meta property=\"article:modified_time\" content=\"2026-04-28T11:05:06+00:00\" \/>\n<meta property=\"og:image\" content=\"https:\/\/letrame.com\/catalogo\/wp-content\/uploads\/2026\/04\/Captura-de-pantalla-2026-04-28-a-las-12.50.52.jpg\" \/>\n\t<meta property=\"og:image:width\" content=\"805\" \/>\n\t<meta property=\"og:image:height\" content=\"1217\" \/>\n\t<meta property=\"og:image:type\" content=\"image\/jpeg\" \/>\n<meta name=\"twitter:card\" content=\"summary_large_image\" \/>\n<meta name=\"twitter:label1\" content=\"Tiempo de lectura\" \/>\n\t<meta name=\"twitter:data1\" content=\"2 minutos\" \/>\n<script type=\"application\/ld+json\" class=\"yoast-schema-graph\">{\"@context\":\"https:\\\/\\\/schema.org\",\"@graph\":[{\"@type\":\"WebPage\",\"@id\":\"https:\\\/\\\/letrame.com\\\/catalogo\\\/producto\\\/silencio-carmesi-3o-edicion\\\/\",\"url\":\"https:\\\/\\\/letrame.com\\\/catalogo\\\/producto\\\/silencio-carmesi-3o-edicion\\\/\",\"name\":\"Silencio Carmes\u00ed. 3\u00ba edici\u00f3n - Catalogo | Letrame Grupo Editorial\",\"isPartOf\":{\"@id\":\"https:\\\/\\\/letrame.com\\\/catalogo\\\/#website\"},\"primaryImageOfPage\":{\"@id\":\"https:\\\/\\\/letrame.com\\\/catalogo\\\/producto\\\/silencio-carmesi-3o-edicion\\\/#primaryimage\"},\"image\":{\"@id\":\"https:\\\/\\\/letrame.com\\\/catalogo\\\/producto\\\/silencio-carmesi-3o-edicion\\\/#primaryimage\"},\"thumbnailUrl\":\"https:\\\/\\\/letrame.com\\\/catalogo\\\/wp-content\\\/uploads\\\/2026\\\/04\\\/Captura-de-pantalla-2026-04-28-a-las-12.50.52.jpg\",\"datePublished\":\"2026-04-28T11:05:05+00:00\",\"dateModified\":\"2026-04-28T11:05:06+00:00\",\"breadcrumb\":{\"@id\":\"https:\\\/\\\/letrame.com\\\/catalogo\\\/producto\\\/silencio-carmesi-3o-edicion\\\/#breadcrumb\"},\"inLanguage\":\"es\",\"potentialAction\":[{\"@type\":\"ReadAction\",\"target\":[\"https:\\\/\\\/letrame.com\\\/catalogo\\\/producto\\\/silencio-carmesi-3o-edicion\\\/\"]}]},{\"@type\":\"ImageObject\",\"inLanguage\":\"es\",\"@id\":\"https:\\\/\\\/letrame.com\\\/catalogo\\\/producto\\\/silencio-carmesi-3o-edicion\\\/#primaryimage\",\"url\":\"https:\\\/\\\/letrame.com\\\/catalogo\\\/wp-content\\\/uploads\\\/2026\\\/04\\\/Captura-de-pantalla-2026-04-28-a-las-12.50.52.jpg\",\"contentUrl\":\"https:\\\/\\\/letrame.com\\\/catalogo\\\/wp-content\\\/uploads\\\/2026\\\/04\\\/Captura-de-pantalla-2026-04-28-a-las-12.50.52.jpg\",\"width\":805,\"height\":1217},{\"@type\":\"BreadcrumbList\",\"@id\":\"https:\\\/\\\/letrame.com\\\/catalogo\\\/producto\\\/silencio-carmesi-3o-edicion\\\/#breadcrumb\",\"itemListElement\":[{\"@type\":\"ListItem\",\"position\":1,\"name\":\"Portada\",\"item\":\"https:\\\/\\\/letrame.com\\\/catalogo\\\/\"},{\"@type\":\"ListItem\",\"position\":2,\"name\":\"Cat\u00e1logo\",\"item\":\"https:\\\/\\\/letrame.com\\\/catalogo\\\/\"},{\"@type\":\"ListItem\",\"position\":3,\"name\":\"Silencio Carmes\u00ed. 3\u00ba edici\u00f3n\"}]},{\"@type\":\"WebSite\",\"@id\":\"https:\\\/\\\/letrame.com\\\/catalogo\\\/#website\",\"url\":\"https:\\\/\\\/letrame.com\\\/catalogo\\\/\",\"name\":\"Catalogo | Letrame Grupo Editorial\",\"description\":\"\",\"publisher\":{\"@id\":\"https:\\\/\\\/letrame.com\\\/catalogo\\\/#organization\"},\"potentialAction\":[{\"@type\":\"SearchAction\",\"target\":{\"@type\":\"EntryPoint\",\"urlTemplate\":\"https:\\\/\\\/letrame.com\\\/catalogo\\\/?s={search_term_string}\"},\"query-input\":{\"@type\":\"PropertyValueSpecification\",\"valueRequired\":true,\"valueName\":\"search_term_string\"}}],\"inLanguage\":\"es\"},{\"@type\":\"Organization\",\"@id\":\"https:\\\/\\\/letrame.com\\\/catalogo\\\/#organization\",\"name\":\"Catalogo | Letrame Grupo Editorial\",\"url\":\"https:\\\/\\\/letrame.com\\\/catalogo\\\/\",\"logo\":{\"@type\":\"ImageObject\",\"inLanguage\":\"es\",\"@id\":\"https:\\\/\\\/letrame.com\\\/catalogo\\\/#\\\/schema\\\/logo\\\/image\\\/\",\"url\":\"https:\\\/\\\/letrame.com\\\/catalogo\\\/wp-content\\\/uploads\\\/2024\\\/03\\\/logo2.webp\",\"contentUrl\":\"https:\\\/\\\/letrame.com\\\/catalogo\\\/wp-content\\\/uploads\\\/2024\\\/03\\\/logo2.webp\",\"width\":394,\"height\":128,\"caption\":\"Catalogo | Letrame Grupo Editorial\"},\"image\":{\"@id\":\"https:\\\/\\\/letrame.com\\\/catalogo\\\/#\\\/schema\\\/logo\\\/image\\\/\"}}]}<\/script>\n<!-- \/ Yoast SEO plugin. -->","yoast_head_json":{"title":"Silencio Carmes\u00ed. 3\u00ba edici\u00f3n - Catalogo | Letrame Grupo Editorial","robots":{"index":"index","follow":"follow","max-snippet":"max-snippet:-1","max-image-preview":"max-image-preview:large","max-video-preview":"max-video-preview:-1"},"canonical":"https:\/\/letrame.com\/catalogo\/producto\/silencio-carmesi-3o-edicion\/","og_locale":"es_ES","og_type":"article","og_title":"Silencio Carmes\u00ed. 3\u00ba edici\u00f3n - Catalogo | Letrame Grupo Editorial","og_description":"ISBN: 9791370540821 SINOPSIS Varios cad\u00e1veres dispuestos como obras de arte: luz medida y un guion que no admite errores. Copas donde late un vino antiguo, etiquetas de 1983 adheridas al cuerpo y un mandato que se repite: \u00abNo abras la botella\u00bb. En los espejos, preguntas escritas en carmes\u00ed, dirigidas a la teniente Macarena Arrieta, anuncian una caza personal que ya ha empezado.  En Liranda, un peque\u00f1o y tranquilo pueblo toledano, el vino y el silencio han custodiado durante a\u00f1os secretos imposibles de enterrar. Ahora, el recuerdo de una antigua bodega, junto a s\u00edmbolos, rituales y una palabra prohibida, se dispone a desbordarse y arrastrarlo todo. Se inicia as\u00ed una investigaci\u00f3n a contrarreloj, donde la intriga y los cr\u00edmenes aceleran el pulso, y la acci\u00f3n irrumpe donde menos se espera: cada pista roza el fuego y la muerte; alguien decide qu\u00e9 arde y qu\u00e9 sobrevive.  Silencio Carmes\u00ed es una novela negra y thriller psicol\u00f3gico de culpa y poder, donde la belleza del arte y el vino se convierten en amenaza, la memoria reclama venganza y cada verdad descubierta puede transformarse en la m\u00e1s peligrosa de las trampas.  AMOR Y DESEO. CRIMEN Y SEDUCCI\u00d3N. \u00bfPREPARADO PARA ROMPER EL SILENCIO CARMES\u00cd?","og_url":"https:\/\/letrame.com\/catalogo\/producto\/silencio-carmesi-3o-edicion\/","og_site_name":"Catalogo | Letrame Grupo Editorial","article_modified_time":"2026-04-28T11:05:06+00:00","og_image":[{"width":805,"height":1217,"url":"https:\/\/letrame.com\/catalogo\/wp-content\/uploads\/2026\/04\/Captura-de-pantalla-2026-04-28-a-las-12.50.52.jpg","type":"image\/jpeg"}],"twitter_card":"summary_large_image","twitter_misc":{"Tiempo de lectura":"2 minutos"},"schema":{"@context":"https:\/\/schema.org","@graph":[{"@type":"WebPage","@id":"https:\/\/letrame.com\/catalogo\/producto\/silencio-carmesi-3o-edicion\/","url":"https:\/\/letrame.com\/catalogo\/producto\/silencio-carmesi-3o-edicion\/","name":"Silencio Carmes\u00ed. 3\u00ba edici\u00f3n - Catalogo | Letrame Grupo Editorial","isPartOf":{"@id":"https:\/\/letrame.com\/catalogo\/#website"},"primaryImageOfPage":{"@id":"https:\/\/letrame.com\/catalogo\/producto\/silencio-carmesi-3o-edicion\/#primaryimage"},"image":{"@id":"https:\/\/letrame.com\/catalogo\/producto\/silencio-carmesi-3o-edicion\/#primaryimage"},"thumbnailUrl":"https:\/\/letrame.com\/catalogo\/wp-content\/uploads\/2026\/04\/Captura-de-pantalla-2026-04-28-a-las-12.50.52.jpg","datePublished":"2026-04-28T11:05:05+00:00","dateModified":"2026-04-28T11:05:06+00:00","breadcrumb":{"@id":"https:\/\/letrame.com\/catalogo\/producto\/silencio-carmesi-3o-edicion\/#breadcrumb"},"inLanguage":"es","potentialAction":[{"@type":"ReadAction","target":["https:\/\/letrame.com\/catalogo\/producto\/silencio-carmesi-3o-edicion\/"]}]},{"@type":"ImageObject","inLanguage":"es","@id":"https:\/\/letrame.com\/catalogo\/producto\/silencio-carmesi-3o-edicion\/#primaryimage","url":"https:\/\/letrame.com\/catalogo\/wp-content\/uploads\/2026\/04\/Captura-de-pantalla-2026-04-28-a-las-12.50.52.jpg","contentUrl":"https:\/\/letrame.com\/catalogo\/wp-content\/uploads\/2026\/04\/Captura-de-pantalla-2026-04-28-a-las-12.50.52.jpg","width":805,"height":1217},{"@type":"BreadcrumbList","@id":"https:\/\/letrame.com\/catalogo\/producto\/silencio-carmesi-3o-edicion\/#breadcrumb","itemListElement":[{"@type":"ListItem","position":1,"name":"Portada","item":"https:\/\/letrame.com\/catalogo\/"},{"@type":"ListItem","position":2,"name":"Cat\u00e1logo","item":"https:\/\/letrame.com\/catalogo\/"},{"@type":"ListItem","position":3,"name":"Silencio Carmes\u00ed. 3\u00ba edici\u00f3n"}]},{"@type":"WebSite","@id":"https:\/\/letrame.com\/catalogo\/#website","url":"https:\/\/letrame.com\/catalogo\/","name":"Catalogo | Letrame Grupo Editorial","description":"","publisher":{"@id":"https:\/\/letrame.com\/catalogo\/#organization"},"potentialAction":[{"@type":"SearchAction","target":{"@type":"EntryPoint","urlTemplate":"https:\/\/letrame.com\/catalogo\/?s={search_term_string}"},"query-input":{"@type":"PropertyValueSpecification","valueRequired":true,"valueName":"search_term_string"}}],"inLanguage":"es"},{"@type":"Organization","@id":"https:\/\/letrame.com\/catalogo\/#organization","name":"Catalogo | Letrame Grupo Editorial","url":"https:\/\/letrame.com\/catalogo\/","logo":{"@type":"ImageObject","inLanguage":"es","@id":"https:\/\/letrame.com\/catalogo\/#\/schema\/logo\/image\/","url":"https:\/\/letrame.com\/catalogo\/wp-content\/uploads\/2024\/03\/logo2.webp","contentUrl":"https:\/\/letrame.com\/catalogo\/wp-content\/uploads\/2024\/03\/logo2.webp","width":394,"height":128,"caption":"Catalogo | Letrame Grupo Editorial"},"image":{"@id":"https:\/\/letrame.com\/catalogo\/#\/schema\/logo\/image\/"}}]}},"_links":{"self":[{"href":"https:\/\/letrame.com\/catalogo\/wp-json\/wp\/v2\/product\/112467","targetHints":{"allow":["GET"]}}],"collection":[{"href":"https:\/\/letrame.com\/catalogo\/wp-json\/wp\/v2\/product"}],"about":[{"href":"https:\/\/letrame.com\/catalogo\/wp-json\/wp\/v2\/types\/product"}],"replies":[{"embeddable":true,"href":"https:\/\/letrame.com\/catalogo\/wp-json\/wp\/v2\/comments?post=112467"}],"wp:featuredmedia":[{"embeddable":true,"href":"https:\/\/letrame.com\/catalogo\/wp-json\/wp\/v2\/media\/112471"}],"wp:attachment":[{"href":"https:\/\/letrame.com\/catalogo\/wp-json\/wp\/v2\/media?parent=112467"}],"wp:term":[{"taxonomy":"libro","embeddable":true,"href":"https:\/\/letrame.com\/catalogo\/wp-json\/wp\/v2\/libro?post=112467"},{"taxonomy":"product_brand","embeddable":true,"href":"https:\/\/letrame.com\/catalogo\/wp-json\/wp\/v2\/product_brand?post=112467"},{"taxonomy":"product_cat","embeddable":true,"href":"https:\/\/letrame.com\/catalogo\/wp-json\/wp\/v2\/product_cat?post=112467"},{"taxonomy":"product_tag","embeddable":true,"href":"https:\/\/letrame.com\/catalogo\/wp-json\/wp\/v2\/product_tag?post=112467"}],"curies":[{"name":"wp","href":"https:\/\/api.w.org\/{rel}","templated":true}]}}