{"id":112459,"date":"2026-04-28T12:02:12","date_gmt":"2026-04-28T10:02:12","guid":{"rendered":"https:\/\/letrame.com\/catalogo\/?post_type=product&#038;p=112459"},"modified":"2026-04-28T12:02:12","modified_gmt":"2026-04-28T10:02:12","slug":"piense-y-sea-feliz","status":"publish","type":"product","link":"https:\/\/letrame.com\/catalogo\/producto\/piense-y-sea-feliz\/","title":{"rendered":"Piense y sea feliz"},"content":{"rendered":"<p class=\"p1\"><b>ISBN: 9791370293574<\/b><b><\/b><\/p>\n<p class=\"p1\"><b>T\u00edtulo: <strong>Piense y sea feliz<\/strong><\/b><br \/>\n<b>Fecha: 2025<\/b><br \/>\n<b>P\u00e1ginas: 156<\/b><b><\/b><\/p>\n<p class=\"p1\"><b>SINOPSIS<\/b><\/p>\n<p class=\"p1\">\u00bfY si la verdadera felicidad no estuviera en templos ni dogmas, sino dentro de ti y en la vida misma?<\/p>\n<p class=\"p1\">Piense y sea feliz. \u00abLib\u00e9rese de dogmas, miedos, culpas y sufrimientos de las religiones\u00bb es un libro valiente y liberador que invita a soltar las culpas, los miedos y las ataduras que las religiones han impuesto durante siglos. Con un lenguaje cercano y motivador, Jos\u00e9 Luis Ortiz nos muestra c\u00f3mo el pante\u00edsmo estoico \u2014una visi\u00f3n que reconoce lo divino en la naturaleza y en cada ser humano- puede transformar nuestra manera de pensar, sentir y vivir.<\/p>\n<p class=\"p1\">A lo largo de sus p\u00e1ginas, el autor analiza con claridad c\u00f3mo el adoctrinamiento, el fanatismo y la manipulaci\u00f3n de lo sagrado han limitado al ser humano, y ofrece una alternativa basada en la libertad interior, la virtud y la armon\u00eda con el universo.<\/p>\n<p class=\"p1\">M\u00e1s que un libro de cr\u00edtica es una gu\u00eda pr\u00e1ctica hacia una vida plena y feliz: encontrar\u00e1s reflexiones inspiradoras, citas de fil\u00f3sofos que iluminaron la historia y pr\u00e1cticas que te ayudar\u00e1n a vivir con autenticidad, paz y alegr\u00eda.<\/p>\n<p class=\"p1\">Este libro es para quienes buscan una espiritualidad sin cade-nas, un camino que no divide ni impone, sino que reconcilia al ser humano con lo mejor de s\u00ed mismo y con la vida.<\/p>\n","protected":false},"excerpt":{"rendered":"<p class=\"p1\"><b>ISBN: 9791370293574<\/b><b><\/b><\/p>\n<p class=\"p1\"><b>SINOPSIS<\/b><\/p>\n<p class=\"p1\">\u00bfY si la verdadera felicidad no estuviera en templos ni dogmas, sino dentro de ti y en la vida misma?<\/p>\n<p class=\"p1\">Piense y sea feliz. \u00abLib\u00e9rese de dogmas, miedos, culpas y sufrimientos de las religiones\u00bb es un libro valiente y liberador que invita a soltar las culpas, los miedos y las ataduras que las religiones han impuesto durante siglos. Con un lenguaje cercano y motivador, Jos\u00e9 Luis Ortiz nos muestra c\u00f3mo el pante\u00edsmo estoico \u2014una visi\u00f3n que reconoce lo divino en la naturaleza y en cada ser humano- puede transformar nuestra manera de pensar, sentir y vivir.<\/p>\n<p class=\"p1\">A lo largo de sus p\u00e1ginas, el autor analiza con claridad c\u00f3mo el adoctrinamiento, el fanatismo y la manipulaci\u00f3n de lo sagrado han limitado al ser humano, y ofrece una alternativa basada en la libertad interior, la virtud y la armon\u00eda con el universo.<\/p>\n<p class=\"p1\">M\u00e1s que un libro de cr\u00edtica es una gu\u00eda pr\u00e1ctica hacia una vida plena y feliz: encontrar\u00e1s reflexiones inspiradoras, citas de fil\u00f3sofos que iluminaron la historia y pr\u00e1cticas que te ayudar\u00e1n a vivir con autenticidad, paz y alegr\u00eda.<\/p>\n<p class=\"p1\">Este libro es para quienes buscan una espiritualidad sin cade-nas, un camino que no divide ni impone, sino que reconcilia al ser humano con lo mejor de s\u00ed mismo y con la vida.<\/p>\n","protected":false},"featured_media":112462,"comment_status":"open","ping_status":"closed","template":"","meta":{"_acf_changed":false},"libro":[],"product_brand":[],"product_cat":[18],"product_tag":[],"class_list":{"0":"post-112459","1":"product","2":"type-product","3":"status-publish","4":"has-post-thumbnail","6":"product_cat-autoayuda","8":"first","9":"instock","10":"shipping-taxable","11":"product-type-simple"},"acf":{"autor":[112460],"enlace_de_compra":""},"yoast_head":"<!-- This site is optimized with the Yoast SEO plugin v27.4 - https:\/\/yoast.com\/product\/yoast-seo-wordpress\/ -->\n<title>Piense y sea feliz - Catalogo | Letrame Grupo Editorial<\/title>\n<meta name=\"robots\" content=\"index, follow, max-snippet:-1, max-image-preview:large, max-video-preview:-1\" \/>\n<link rel=\"canonical\" href=\"https:\/\/letrame.com\/catalogo\/producto\/piense-y-sea-feliz\/\" \/>\n<meta property=\"og:locale\" content=\"es_ES\" \/>\n<meta property=\"og:type\" content=\"article\" \/>\n<meta property=\"og:title\" content=\"Piense y sea feliz - Catalogo | Letrame Grupo Editorial\" \/>\n<meta property=\"og:description\" content=\"ISBN: 9791370293574 SINOPSIS \u00bfY si la verdadera felicidad no estuviera en templos ni dogmas, sino dentro de ti y en la vida misma? Piense y sea feliz. \u00abLib\u00e9rese de dogmas, miedos, culpas y sufrimientos de las religiones\u00bb es un libro valiente y liberador que invita a soltar las culpas, los miedos y las ataduras que las religiones han impuesto durante siglos. Con un lenguaje cercano y motivador, Jos\u00e9 Luis Ortiz nos muestra c\u00f3mo el pante\u00edsmo estoico \u2014una visi\u00f3n que reconoce lo divino en la naturaleza y en cada ser humano- puede transformar nuestra manera de pensar, sentir y vivir. A lo largo de sus p\u00e1ginas, el autor analiza con claridad c\u00f3mo el adoctrinamiento, el fanatismo y la manipulaci\u00f3n de lo sagrado han limitado al ser humano, y ofrece una alternativa basada en la libertad interior, la virtud y la armon\u00eda con el universo. M\u00e1s que un libro de cr\u00edtica es una gu\u00eda pr\u00e1ctica hacia una vida plena y feliz: encontrar\u00e1s reflexiones inspiradoras, citas de fil\u00f3sofos que iluminaron la historia y pr\u00e1cticas que te ayudar\u00e1n a vivir con autenticidad, paz y alegr\u00eda. Este libro es para quienes buscan una espiritualidad sin cade-nas, un camino que no divide ni impone, sino que reconcilia al ser humano con lo mejor de s\u00ed mismo y con la vida.\" \/>\n<meta property=\"og:url\" content=\"https:\/\/letrame.com\/catalogo\/producto\/piense-y-sea-feliz\/\" \/>\n<meta property=\"og:site_name\" content=\"Catalogo | Letrame Grupo Editorial\" \/>\n<meta property=\"og:image\" content=\"https:\/\/letrame.com\/catalogo\/wp-content\/uploads\/2026\/04\/pienseysea_796mm4.jpg\" \/>\n\t<meta property=\"og:image:width\" content=\"709\" \/>\n\t<meta property=\"og:image:height\" content=\"1039\" \/>\n\t<meta property=\"og:image:type\" content=\"image\/jpeg\" \/>\n<meta name=\"twitter:card\" content=\"summary_large_image\" \/>\n<meta name=\"twitter:label1\" content=\"Tiempo de lectura\" \/>\n\t<meta name=\"twitter:data1\" content=\"2 minutos\" \/>\n<script type=\"application\/ld+json\" class=\"yoast-schema-graph\">{\"@context\":\"https:\\\/\\\/schema.org\",\"@graph\":[{\"@type\":\"WebPage\",\"@id\":\"https:\\\/\\\/letrame.com\\\/catalogo\\\/producto\\\/piense-y-sea-feliz\\\/\",\"url\":\"https:\\\/\\\/letrame.com\\\/catalogo\\\/producto\\\/piense-y-sea-feliz\\\/\",\"name\":\"Piense y sea feliz - Catalogo | Letrame Grupo Editorial\",\"isPartOf\":{\"@id\":\"https:\\\/\\\/letrame.com\\\/catalogo\\\/#website\"},\"primaryImageOfPage\":{\"@id\":\"https:\\\/\\\/letrame.com\\\/catalogo\\\/producto\\\/piense-y-sea-feliz\\\/#primaryimage\"},\"image\":{\"@id\":\"https:\\\/\\\/letrame.com\\\/catalogo\\\/producto\\\/piense-y-sea-feliz\\\/#primaryimage\"},\"thumbnailUrl\":\"https:\\\/\\\/letrame.com\\\/catalogo\\\/wp-content\\\/uploads\\\/2026\\\/04\\\/pienseysea_796mm4.jpg\",\"datePublished\":\"2026-04-28T10:02:12+00:00\",\"breadcrumb\":{\"@id\":\"https:\\\/\\\/letrame.com\\\/catalogo\\\/producto\\\/piense-y-sea-feliz\\\/#breadcrumb\"},\"inLanguage\":\"es\",\"potentialAction\":[{\"@type\":\"ReadAction\",\"target\":[\"https:\\\/\\\/letrame.com\\\/catalogo\\\/producto\\\/piense-y-sea-feliz\\\/\"]}]},{\"@type\":\"ImageObject\",\"inLanguage\":\"es\",\"@id\":\"https:\\\/\\\/letrame.com\\\/catalogo\\\/producto\\\/piense-y-sea-feliz\\\/#primaryimage\",\"url\":\"https:\\\/\\\/letrame.com\\\/catalogo\\\/wp-content\\\/uploads\\\/2026\\\/04\\\/pienseysea_796mm4.jpg\",\"contentUrl\":\"https:\\\/\\\/letrame.com\\\/catalogo\\\/wp-content\\\/uploads\\\/2026\\\/04\\\/pienseysea_796mm4.jpg\",\"width\":709,\"height\":1039},{\"@type\":\"BreadcrumbList\",\"@id\":\"https:\\\/\\\/letrame.com\\\/catalogo\\\/producto\\\/piense-y-sea-feliz\\\/#breadcrumb\",\"itemListElement\":[{\"@type\":\"ListItem\",\"position\":1,\"name\":\"Portada\",\"item\":\"https:\\\/\\\/letrame.com\\\/catalogo\\\/\"},{\"@type\":\"ListItem\",\"position\":2,\"name\":\"Cat\u00e1logo\",\"item\":\"https:\\\/\\\/letrame.com\\\/catalogo\\\/\"},{\"@type\":\"ListItem\",\"position\":3,\"name\":\"Piense y sea feliz\"}]},{\"@type\":\"WebSite\",\"@id\":\"https:\\\/\\\/letrame.com\\\/catalogo\\\/#website\",\"url\":\"https:\\\/\\\/letrame.com\\\/catalogo\\\/\",\"name\":\"Catalogo | Letrame Grupo Editorial\",\"description\":\"\",\"publisher\":{\"@id\":\"https:\\\/\\\/letrame.com\\\/catalogo\\\/#organization\"},\"potentialAction\":[{\"@type\":\"SearchAction\",\"target\":{\"@type\":\"EntryPoint\",\"urlTemplate\":\"https:\\\/\\\/letrame.com\\\/catalogo\\\/?s={search_term_string}\"},\"query-input\":{\"@type\":\"PropertyValueSpecification\",\"valueRequired\":true,\"valueName\":\"search_term_string\"}}],\"inLanguage\":\"es\"},{\"@type\":\"Organization\",\"@id\":\"https:\\\/\\\/letrame.com\\\/catalogo\\\/#organization\",\"name\":\"Catalogo | Letrame Grupo Editorial\",\"url\":\"https:\\\/\\\/letrame.com\\\/catalogo\\\/\",\"logo\":{\"@type\":\"ImageObject\",\"inLanguage\":\"es\",\"@id\":\"https:\\\/\\\/letrame.com\\\/catalogo\\\/#\\\/schema\\\/logo\\\/image\\\/\",\"url\":\"https:\\\/\\\/letrame.com\\\/catalogo\\\/wp-content\\\/uploads\\\/2024\\\/03\\\/logo2.webp\",\"contentUrl\":\"https:\\\/\\\/letrame.com\\\/catalogo\\\/wp-content\\\/uploads\\\/2024\\\/03\\\/logo2.webp\",\"width\":394,\"height\":128,\"caption\":\"Catalogo | Letrame Grupo Editorial\"},\"image\":{\"@id\":\"https:\\\/\\\/letrame.com\\\/catalogo\\\/#\\\/schema\\\/logo\\\/image\\\/\"}}]}<\/script>\n<!-- \/ Yoast SEO plugin. -->","yoast_head_json":{"title":"Piense y sea feliz - Catalogo | Letrame Grupo Editorial","robots":{"index":"index","follow":"follow","max-snippet":"max-snippet:-1","max-image-preview":"max-image-preview:large","max-video-preview":"max-video-preview:-1"},"canonical":"https:\/\/letrame.com\/catalogo\/producto\/piense-y-sea-feliz\/","og_locale":"es_ES","og_type":"article","og_title":"Piense y sea feliz - Catalogo | Letrame Grupo Editorial","og_description":"ISBN: 9791370293574 SINOPSIS \u00bfY si la verdadera felicidad no estuviera en templos ni dogmas, sino dentro de ti y en la vida misma? Piense y sea feliz. \u00abLib\u00e9rese de dogmas, miedos, culpas y sufrimientos de las religiones\u00bb es un libro valiente y liberador que invita a soltar las culpas, los miedos y las ataduras que las religiones han impuesto durante siglos. Con un lenguaje cercano y motivador, Jos\u00e9 Luis Ortiz nos muestra c\u00f3mo el pante\u00edsmo estoico \u2014una visi\u00f3n que reconoce lo divino en la naturaleza y en cada ser humano- puede transformar nuestra manera de pensar, sentir y vivir. A lo largo de sus p\u00e1ginas, el autor analiza con claridad c\u00f3mo el adoctrinamiento, el fanatismo y la manipulaci\u00f3n de lo sagrado han limitado al ser humano, y ofrece una alternativa basada en la libertad interior, la virtud y la armon\u00eda con el universo. M\u00e1s que un libro de cr\u00edtica es una gu\u00eda pr\u00e1ctica hacia una vida plena y feliz: encontrar\u00e1s reflexiones inspiradoras, citas de fil\u00f3sofos que iluminaron la historia y pr\u00e1cticas que te ayudar\u00e1n a vivir con autenticidad, paz y alegr\u00eda. Este libro es para quienes buscan una espiritualidad sin cade-nas, un camino que no divide ni impone, sino que reconcilia al ser humano con lo mejor de s\u00ed mismo y con la vida.","og_url":"https:\/\/letrame.com\/catalogo\/producto\/piense-y-sea-feliz\/","og_site_name":"Catalogo | Letrame Grupo Editorial","og_image":[{"width":709,"height":1039,"url":"https:\/\/letrame.com\/catalogo\/wp-content\/uploads\/2026\/04\/pienseysea_796mm4.jpg","type":"image\/jpeg"}],"twitter_card":"summary_large_image","twitter_misc":{"Tiempo de lectura":"2 minutos"},"schema":{"@context":"https:\/\/schema.org","@graph":[{"@type":"WebPage","@id":"https:\/\/letrame.com\/catalogo\/producto\/piense-y-sea-feliz\/","url":"https:\/\/letrame.com\/catalogo\/producto\/piense-y-sea-feliz\/","name":"Piense y sea feliz - Catalogo | Letrame Grupo Editorial","isPartOf":{"@id":"https:\/\/letrame.com\/catalogo\/#website"},"primaryImageOfPage":{"@id":"https:\/\/letrame.com\/catalogo\/producto\/piense-y-sea-feliz\/#primaryimage"},"image":{"@id":"https:\/\/letrame.com\/catalogo\/producto\/piense-y-sea-feliz\/#primaryimage"},"thumbnailUrl":"https:\/\/letrame.com\/catalogo\/wp-content\/uploads\/2026\/04\/pienseysea_796mm4.jpg","datePublished":"2026-04-28T10:02:12+00:00","breadcrumb":{"@id":"https:\/\/letrame.com\/catalogo\/producto\/piense-y-sea-feliz\/#breadcrumb"},"inLanguage":"es","potentialAction":[{"@type":"ReadAction","target":["https:\/\/letrame.com\/catalogo\/producto\/piense-y-sea-feliz\/"]}]},{"@type":"ImageObject","inLanguage":"es","@id":"https:\/\/letrame.com\/catalogo\/producto\/piense-y-sea-feliz\/#primaryimage","url":"https:\/\/letrame.com\/catalogo\/wp-content\/uploads\/2026\/04\/pienseysea_796mm4.jpg","contentUrl":"https:\/\/letrame.com\/catalogo\/wp-content\/uploads\/2026\/04\/pienseysea_796mm4.jpg","width":709,"height":1039},{"@type":"BreadcrumbList","@id":"https:\/\/letrame.com\/catalogo\/producto\/piense-y-sea-feliz\/#breadcrumb","itemListElement":[{"@type":"ListItem","position":1,"name":"Portada","item":"https:\/\/letrame.com\/catalogo\/"},{"@type":"ListItem","position":2,"name":"Cat\u00e1logo","item":"https:\/\/letrame.com\/catalogo\/"},{"@type":"ListItem","position":3,"name":"Piense y sea feliz"}]},{"@type":"WebSite","@id":"https:\/\/letrame.com\/catalogo\/#website","url":"https:\/\/letrame.com\/catalogo\/","name":"Catalogo | Letrame Grupo Editorial","description":"","publisher":{"@id":"https:\/\/letrame.com\/catalogo\/#organization"},"potentialAction":[{"@type":"SearchAction","target":{"@type":"EntryPoint","urlTemplate":"https:\/\/letrame.com\/catalogo\/?s={search_term_string}"},"query-input":{"@type":"PropertyValueSpecification","valueRequired":true,"valueName":"search_term_string"}}],"inLanguage":"es"},{"@type":"Organization","@id":"https:\/\/letrame.com\/catalogo\/#organization","name":"Catalogo | Letrame Grupo Editorial","url":"https:\/\/letrame.com\/catalogo\/","logo":{"@type":"ImageObject","inLanguage":"es","@id":"https:\/\/letrame.com\/catalogo\/#\/schema\/logo\/image\/","url":"https:\/\/letrame.com\/catalogo\/wp-content\/uploads\/2024\/03\/logo2.webp","contentUrl":"https:\/\/letrame.com\/catalogo\/wp-content\/uploads\/2024\/03\/logo2.webp","width":394,"height":128,"caption":"Catalogo | Letrame Grupo Editorial"},"image":{"@id":"https:\/\/letrame.com\/catalogo\/#\/schema\/logo\/image\/"}}]}},"_links":{"self":[{"href":"https:\/\/letrame.com\/catalogo\/wp-json\/wp\/v2\/product\/112459","targetHints":{"allow":["GET"]}}],"collection":[{"href":"https:\/\/letrame.com\/catalogo\/wp-json\/wp\/v2\/product"}],"about":[{"href":"https:\/\/letrame.com\/catalogo\/wp-json\/wp\/v2\/types\/product"}],"replies":[{"embeddable":true,"href":"https:\/\/letrame.com\/catalogo\/wp-json\/wp\/v2\/comments?post=112459"}],"acf:post":[{"embeddable":true,"href":"https:\/\/letrame.com\/catalogo\/wp-json\/wp\/v2\/author_book\/112460"}],"wp:featuredmedia":[{"embeddable":true,"href":"https:\/\/letrame.com\/catalogo\/wp-json\/wp\/v2\/media\/112462"}],"wp:attachment":[{"href":"https:\/\/letrame.com\/catalogo\/wp-json\/wp\/v2\/media?parent=112459"}],"wp:term":[{"taxonomy":"libro","embeddable":true,"href":"https:\/\/letrame.com\/catalogo\/wp-json\/wp\/v2\/libro?post=112459"},{"taxonomy":"product_brand","embeddable":true,"href":"https:\/\/letrame.com\/catalogo\/wp-json\/wp\/v2\/product_brand?post=112459"},{"taxonomy":"product_cat","embeddable":true,"href":"https:\/\/letrame.com\/catalogo\/wp-json\/wp\/v2\/product_cat?post=112459"},{"taxonomy":"product_tag","embeddable":true,"href":"https:\/\/letrame.com\/catalogo\/wp-json\/wp\/v2\/product_tag?post=112459"}],"curies":[{"name":"wp","href":"https:\/\/api.w.org\/{rel}","templated":true}]}}