{"id":112457,"date":"2026-04-28T11:36:25","date_gmt":"2026-04-28T09:36:25","guid":{"rendered":"https:\/\/letrame.com\/catalogo\/?post_type=product&#038;p=112457"},"modified":"2026-04-28T11:36:25","modified_gmt":"2026-04-28T09:36:25","slug":"sic-erat-scriptum","status":"publish","type":"product","link":"https:\/\/letrame.com\/catalogo\/producto\/sic-erat-scriptum\/","title":{"rendered":"Sic Erat Scriptum"},"content":{"rendered":"<p class=\"p1\"><b>ISBN: 9791370299675<\/b><b><\/b><\/p>\n<p class=\"p1\"><b>T\u00edtulo: <strong>Sic Erat Scriptum<\/strong><\/b><br \/>\n<b>Fecha: 2026<\/b><br \/>\n<b>P\u00e1ginas: 278<\/b><b><\/b><\/p>\n<p class=\"p1\"><b>SINOPSIS<\/b><\/p>\n<p class=\"p1\">\u00bfPor qu\u00e9 S\u00f3crates? Fr\u00f3nicamente se ha escrito mucho sobre alguien que nada escribi\u00f3. Sobre \u00e9l s\u00f3lo se conocen referencias de terceros.<\/p>\n<p class=\"p1\">Su importancia en la filosof\u00eda occidental es tal que la historia de esta disciplina se divide en antes de \u00e9l y despu\u00e9s de \u00e9l.<\/p>\n<p class=\"p1\">Por tales motivos quise contar algo sobre partes de su vida, como adolescente y adulto. Curiosamente, cuando alguien escribe sobre \u00e9l empieza con la Apolog\u00eda escrita por Plat\u00f3n. Es decir, S\u00f3crates anciano y d\u00edas antes de ser condenado a muerte.<\/p>\n<p class=\"p1\">\u00bfQu\u00e9 hizo en el taller de su padre? \u00bfY como soldado? \u00bfO como ciudadano de plenos derechos?<\/p>\n<p class=\"p1\">Pues yo trat\u00e9 de imaginarlo en diferentes instancias de su vida.<\/p>\n<p class=\"p1\">Esta publicaci\u00f3n, adem\u00e1s contiene cuentos y relatos vivenciales escritos durante largo tiempo.<\/p>\n<p class=\"p1\">Por eso escrib\u00ed este libro.<\/p>\n<p class=\"p1\">\u0423 nada m\u00e1s.<\/p>\n","protected":false},"excerpt":{"rendered":"<p class=\"p1\"><b>ISBN: 9791370299675<\/b><b><\/b><\/p>\n<p class=\"p1\"><b>SINOPSIS<\/b><\/p>\n<p class=\"p1\">\u00bfPor qu\u00e9 S\u00f3crates? Fr\u00f3nicamente se ha escrito mucho sobre alguien que nada escribi\u00f3. Sobre \u00e9l s\u00f3lo se conocen referencias de terceros.<\/p>\n<p class=\"p1\">Su importancia en la filosof\u00eda occidental es tal que la historia de esta disciplina se divide en antes de \u00e9l y despu\u00e9s de \u00e9l.<\/p>\n<p class=\"p1\">Por tales motivos quise contar algo sobre partes de su vida, como adolescente y adulto. Curiosamente, cuando alguien escribe sobre \u00e9l empieza con la Apolog\u00eda escrita por Plat\u00f3n. Es decir, S\u00f3crates anciano y d\u00edas antes de ser condenado a muerte.<\/p>\n<p class=\"p1\">\u00bfQu\u00e9 hizo en el taller de su padre? \u00bfY como soldado? \u00bfO como ciudadano de plenos derechos?<\/p>\n<p class=\"p1\">Pues yo trat\u00e9 de imaginarlo en diferentes instancias de su vida.<\/p>\n<p class=\"p1\">Esta publicaci\u00f3n, adem\u00e1s contiene cuentos y relatos vivenciales escritos durante largo tiempo.<\/p>\n<p class=\"p1\">Por eso escrib\u00ed este libro.<\/p>\n<p class=\"p1\">\u0423 nada m\u00e1s.<\/p>\n","protected":false},"featured_media":112458,"comment_status":"open","ping_status":"closed","template":"","meta":{"_acf_changed":false},"libro":[],"product_brand":[],"product_cat":[141],"product_tag":[],"class_list":{"0":"post-112457","1":"product","2":"type-product","3":"status-publish","4":"has-post-thumbnail","6":"product_cat-ficcion","8":"first","9":"instock","10":"shipping-taxable","11":"product-type-simple"},"acf":{"autor":[111235],"enlace_de_compra":""},"yoast_head":"<!-- This site is optimized with the Yoast SEO plugin v27.4 - https:\/\/yoast.com\/product\/yoast-seo-wordpress\/ -->\n<title>Sic Erat Scriptum - Catalogo | Letrame Grupo Editorial<\/title>\n<meta name=\"robots\" content=\"index, follow, max-snippet:-1, max-image-preview:large, max-video-preview:-1\" \/>\n<link rel=\"canonical\" href=\"https:\/\/letrame.com\/catalogo\/producto\/sic-erat-scriptum\/\" \/>\n<meta property=\"og:locale\" content=\"es_ES\" \/>\n<meta property=\"og:type\" content=\"article\" \/>\n<meta property=\"og:title\" content=\"Sic Erat Scriptum - Catalogo | Letrame Grupo Editorial\" \/>\n<meta property=\"og:description\" content=\"ISBN: 9791370299675 SINOPSIS \u00bfPor qu\u00e9 S\u00f3crates? Fr\u00f3nicamente se ha escrito mucho sobre alguien que nada escribi\u00f3. Sobre \u00e9l s\u00f3lo se conocen referencias de terceros. Su importancia en la filosof\u00eda occidental es tal que la historia de esta disciplina se divide en antes de \u00e9l y despu\u00e9s de \u00e9l. Por tales motivos quise contar algo sobre partes de su vida, como adolescente y adulto. Curiosamente, cuando alguien escribe sobre \u00e9l empieza con la Apolog\u00eda escrita por Plat\u00f3n. Es decir, S\u00f3crates anciano y d\u00edas antes de ser condenado a muerte. \u00bfQu\u00e9 hizo en el taller de su padre? \u00bfY como soldado? \u00bfO como ciudadano de plenos derechos? Pues yo trat\u00e9 de imaginarlo en diferentes instancias de su vida. Esta publicaci\u00f3n, adem\u00e1s contiene cuentos y relatos vivenciales escritos durante largo tiempo. Por eso escrib\u00ed este libro. \u0423 nada m\u00e1s.\" \/>\n<meta property=\"og:url\" content=\"https:\/\/letrame.com\/catalogo\/producto\/sic-erat-scriptum\/\" \/>\n<meta property=\"og:site_name\" content=\"Catalogo | Letrame Grupo Editorial\" \/>\n<meta property=\"og:image\" content=\"https:\/\/letrame.com\/catalogo\/wp-content\/uploads\/2026\/04\/siceratscriptum_1378mm4.jpg\" \/>\n\t<meta property=\"og:image:width\" content=\"709\" \/>\n\t<meta property=\"og:image:height\" content=\"1039\" \/>\n\t<meta property=\"og:image:type\" content=\"image\/jpeg\" \/>\n<meta name=\"twitter:card\" content=\"summary_large_image\" \/>\n<meta name=\"twitter:label1\" content=\"Tiempo de lectura\" \/>\n\t<meta name=\"twitter:data1\" content=\"1 minuto\" \/>\n<script type=\"application\/ld+json\" class=\"yoast-schema-graph\">{\"@context\":\"https:\\\/\\\/schema.org\",\"@graph\":[{\"@type\":\"WebPage\",\"@id\":\"https:\\\/\\\/letrame.com\\\/catalogo\\\/producto\\\/sic-erat-scriptum\\\/\",\"url\":\"https:\\\/\\\/letrame.com\\\/catalogo\\\/producto\\\/sic-erat-scriptum\\\/\",\"name\":\"Sic Erat Scriptum - Catalogo | Letrame Grupo Editorial\",\"isPartOf\":{\"@id\":\"https:\\\/\\\/letrame.com\\\/catalogo\\\/#website\"},\"primaryImageOfPage\":{\"@id\":\"https:\\\/\\\/letrame.com\\\/catalogo\\\/producto\\\/sic-erat-scriptum\\\/#primaryimage\"},\"image\":{\"@id\":\"https:\\\/\\\/letrame.com\\\/catalogo\\\/producto\\\/sic-erat-scriptum\\\/#primaryimage\"},\"thumbnailUrl\":\"https:\\\/\\\/letrame.com\\\/catalogo\\\/wp-content\\\/uploads\\\/2026\\\/04\\\/siceratscriptum_1378mm4.jpg\",\"datePublished\":\"2026-04-28T09:36:25+00:00\",\"breadcrumb\":{\"@id\":\"https:\\\/\\\/letrame.com\\\/catalogo\\\/producto\\\/sic-erat-scriptum\\\/#breadcrumb\"},\"inLanguage\":\"es\",\"potentialAction\":[{\"@type\":\"ReadAction\",\"target\":[\"https:\\\/\\\/letrame.com\\\/catalogo\\\/producto\\\/sic-erat-scriptum\\\/\"]}]},{\"@type\":\"ImageObject\",\"inLanguage\":\"es\",\"@id\":\"https:\\\/\\\/letrame.com\\\/catalogo\\\/producto\\\/sic-erat-scriptum\\\/#primaryimage\",\"url\":\"https:\\\/\\\/letrame.com\\\/catalogo\\\/wp-content\\\/uploads\\\/2026\\\/04\\\/siceratscriptum_1378mm4.jpg\",\"contentUrl\":\"https:\\\/\\\/letrame.com\\\/catalogo\\\/wp-content\\\/uploads\\\/2026\\\/04\\\/siceratscriptum_1378mm4.jpg\",\"width\":709,\"height\":1039},{\"@type\":\"BreadcrumbList\",\"@id\":\"https:\\\/\\\/letrame.com\\\/catalogo\\\/producto\\\/sic-erat-scriptum\\\/#breadcrumb\",\"itemListElement\":[{\"@type\":\"ListItem\",\"position\":1,\"name\":\"Portada\",\"item\":\"https:\\\/\\\/letrame.com\\\/catalogo\\\/\"},{\"@type\":\"ListItem\",\"position\":2,\"name\":\"Cat\u00e1logo\",\"item\":\"https:\\\/\\\/letrame.com\\\/catalogo\\\/\"},{\"@type\":\"ListItem\",\"position\":3,\"name\":\"Sic Erat Scriptum\"}]},{\"@type\":\"WebSite\",\"@id\":\"https:\\\/\\\/letrame.com\\\/catalogo\\\/#website\",\"url\":\"https:\\\/\\\/letrame.com\\\/catalogo\\\/\",\"name\":\"Catalogo | Letrame Grupo Editorial\",\"description\":\"\",\"publisher\":{\"@id\":\"https:\\\/\\\/letrame.com\\\/catalogo\\\/#organization\"},\"potentialAction\":[{\"@type\":\"SearchAction\",\"target\":{\"@type\":\"EntryPoint\",\"urlTemplate\":\"https:\\\/\\\/letrame.com\\\/catalogo\\\/?s={search_term_string}\"},\"query-input\":{\"@type\":\"PropertyValueSpecification\",\"valueRequired\":true,\"valueName\":\"search_term_string\"}}],\"inLanguage\":\"es\"},{\"@type\":\"Organization\",\"@id\":\"https:\\\/\\\/letrame.com\\\/catalogo\\\/#organization\",\"name\":\"Catalogo | Letrame Grupo Editorial\",\"url\":\"https:\\\/\\\/letrame.com\\\/catalogo\\\/\",\"logo\":{\"@type\":\"ImageObject\",\"inLanguage\":\"es\",\"@id\":\"https:\\\/\\\/letrame.com\\\/catalogo\\\/#\\\/schema\\\/logo\\\/image\\\/\",\"url\":\"https:\\\/\\\/letrame.com\\\/catalogo\\\/wp-content\\\/uploads\\\/2024\\\/03\\\/logo2.webp\",\"contentUrl\":\"https:\\\/\\\/letrame.com\\\/catalogo\\\/wp-content\\\/uploads\\\/2024\\\/03\\\/logo2.webp\",\"width\":394,\"height\":128,\"caption\":\"Catalogo | Letrame Grupo Editorial\"},\"image\":{\"@id\":\"https:\\\/\\\/letrame.com\\\/catalogo\\\/#\\\/schema\\\/logo\\\/image\\\/\"}}]}<\/script>\n<!-- \/ Yoast SEO plugin. -->","yoast_head_json":{"title":"Sic Erat Scriptum - Catalogo | Letrame Grupo Editorial","robots":{"index":"index","follow":"follow","max-snippet":"max-snippet:-1","max-image-preview":"max-image-preview:large","max-video-preview":"max-video-preview:-1"},"canonical":"https:\/\/letrame.com\/catalogo\/producto\/sic-erat-scriptum\/","og_locale":"es_ES","og_type":"article","og_title":"Sic Erat Scriptum - Catalogo | Letrame Grupo Editorial","og_description":"ISBN: 9791370299675 SINOPSIS \u00bfPor qu\u00e9 S\u00f3crates? Fr\u00f3nicamente se ha escrito mucho sobre alguien que nada escribi\u00f3. Sobre \u00e9l s\u00f3lo se conocen referencias de terceros. Su importancia en la filosof\u00eda occidental es tal que la historia de esta disciplina se divide en antes de \u00e9l y despu\u00e9s de \u00e9l. Por tales motivos quise contar algo sobre partes de su vida, como adolescente y adulto. Curiosamente, cuando alguien escribe sobre \u00e9l empieza con la Apolog\u00eda escrita por Plat\u00f3n. Es decir, S\u00f3crates anciano y d\u00edas antes de ser condenado a muerte. \u00bfQu\u00e9 hizo en el taller de su padre? \u00bfY como soldado? \u00bfO como ciudadano de plenos derechos? Pues yo trat\u00e9 de imaginarlo en diferentes instancias de su vida. Esta publicaci\u00f3n, adem\u00e1s contiene cuentos y relatos vivenciales escritos durante largo tiempo. Por eso escrib\u00ed este libro. \u0423 nada m\u00e1s.","og_url":"https:\/\/letrame.com\/catalogo\/producto\/sic-erat-scriptum\/","og_site_name":"Catalogo | Letrame Grupo Editorial","og_image":[{"width":709,"height":1039,"url":"https:\/\/letrame.com\/catalogo\/wp-content\/uploads\/2026\/04\/siceratscriptum_1378mm4.jpg","type":"image\/jpeg"}],"twitter_card":"summary_large_image","twitter_misc":{"Tiempo de lectura":"1 minuto"},"schema":{"@context":"https:\/\/schema.org","@graph":[{"@type":"WebPage","@id":"https:\/\/letrame.com\/catalogo\/producto\/sic-erat-scriptum\/","url":"https:\/\/letrame.com\/catalogo\/producto\/sic-erat-scriptum\/","name":"Sic Erat Scriptum - Catalogo | Letrame Grupo Editorial","isPartOf":{"@id":"https:\/\/letrame.com\/catalogo\/#website"},"primaryImageOfPage":{"@id":"https:\/\/letrame.com\/catalogo\/producto\/sic-erat-scriptum\/#primaryimage"},"image":{"@id":"https:\/\/letrame.com\/catalogo\/producto\/sic-erat-scriptum\/#primaryimage"},"thumbnailUrl":"https:\/\/letrame.com\/catalogo\/wp-content\/uploads\/2026\/04\/siceratscriptum_1378mm4.jpg","datePublished":"2026-04-28T09:36:25+00:00","breadcrumb":{"@id":"https:\/\/letrame.com\/catalogo\/producto\/sic-erat-scriptum\/#breadcrumb"},"inLanguage":"es","potentialAction":[{"@type":"ReadAction","target":["https:\/\/letrame.com\/catalogo\/producto\/sic-erat-scriptum\/"]}]},{"@type":"ImageObject","inLanguage":"es","@id":"https:\/\/letrame.com\/catalogo\/producto\/sic-erat-scriptum\/#primaryimage","url":"https:\/\/letrame.com\/catalogo\/wp-content\/uploads\/2026\/04\/siceratscriptum_1378mm4.jpg","contentUrl":"https:\/\/letrame.com\/catalogo\/wp-content\/uploads\/2026\/04\/siceratscriptum_1378mm4.jpg","width":709,"height":1039},{"@type":"BreadcrumbList","@id":"https:\/\/letrame.com\/catalogo\/producto\/sic-erat-scriptum\/#breadcrumb","itemListElement":[{"@type":"ListItem","position":1,"name":"Portada","item":"https:\/\/letrame.com\/catalogo\/"},{"@type":"ListItem","position":2,"name":"Cat\u00e1logo","item":"https:\/\/letrame.com\/catalogo\/"},{"@type":"ListItem","position":3,"name":"Sic Erat Scriptum"}]},{"@type":"WebSite","@id":"https:\/\/letrame.com\/catalogo\/#website","url":"https:\/\/letrame.com\/catalogo\/","name":"Catalogo | Letrame Grupo Editorial","description":"","publisher":{"@id":"https:\/\/letrame.com\/catalogo\/#organization"},"potentialAction":[{"@type":"SearchAction","target":{"@type":"EntryPoint","urlTemplate":"https:\/\/letrame.com\/catalogo\/?s={search_term_string}"},"query-input":{"@type":"PropertyValueSpecification","valueRequired":true,"valueName":"search_term_string"}}],"inLanguage":"es"},{"@type":"Organization","@id":"https:\/\/letrame.com\/catalogo\/#organization","name":"Catalogo | Letrame Grupo Editorial","url":"https:\/\/letrame.com\/catalogo\/","logo":{"@type":"ImageObject","inLanguage":"es","@id":"https:\/\/letrame.com\/catalogo\/#\/schema\/logo\/image\/","url":"https:\/\/letrame.com\/catalogo\/wp-content\/uploads\/2024\/03\/logo2.webp","contentUrl":"https:\/\/letrame.com\/catalogo\/wp-content\/uploads\/2024\/03\/logo2.webp","width":394,"height":128,"caption":"Catalogo | Letrame Grupo Editorial"},"image":{"@id":"https:\/\/letrame.com\/catalogo\/#\/schema\/logo\/image\/"}}]}},"_links":{"self":[{"href":"https:\/\/letrame.com\/catalogo\/wp-json\/wp\/v2\/product\/112457","targetHints":{"allow":["GET"]}}],"collection":[{"href":"https:\/\/letrame.com\/catalogo\/wp-json\/wp\/v2\/product"}],"about":[{"href":"https:\/\/letrame.com\/catalogo\/wp-json\/wp\/v2\/types\/product"}],"replies":[{"embeddable":true,"href":"https:\/\/letrame.com\/catalogo\/wp-json\/wp\/v2\/comments?post=112457"}],"acf:post":[{"embeddable":true,"href":"https:\/\/letrame.com\/catalogo\/wp-json\/wp\/v2\/author_book\/111235"}],"wp:featuredmedia":[{"embeddable":true,"href":"https:\/\/letrame.com\/catalogo\/wp-json\/wp\/v2\/media\/112458"}],"wp:attachment":[{"href":"https:\/\/letrame.com\/catalogo\/wp-json\/wp\/v2\/media?parent=112457"}],"wp:term":[{"taxonomy":"libro","embeddable":true,"href":"https:\/\/letrame.com\/catalogo\/wp-json\/wp\/v2\/libro?post=112457"},{"taxonomy":"product_brand","embeddable":true,"href":"https:\/\/letrame.com\/catalogo\/wp-json\/wp\/v2\/product_brand?post=112457"},{"taxonomy":"product_cat","embeddable":true,"href":"https:\/\/letrame.com\/catalogo\/wp-json\/wp\/v2\/product_cat?post=112457"},{"taxonomy":"product_tag","embeddable":true,"href":"https:\/\/letrame.com\/catalogo\/wp-json\/wp\/v2\/product_tag?post=112457"}],"curies":[{"name":"wp","href":"https:\/\/api.w.org\/{rel}","templated":true}]}}