{"id":112454,"date":"2026-04-28T09:54:41","date_gmt":"2026-04-28T07:54:41","guid":{"rendered":"https:\/\/letrame.com\/catalogo\/?post_type=product&#038;p=112454"},"modified":"2026-04-28T09:54:44","modified_gmt":"2026-04-28T07:54:44","slug":"erizos-y-paraguas","status":"publish","type":"product","link":"https:\/\/letrame.com\/catalogo\/producto\/erizos-y-paraguas\/","title":{"rendered":"Erizos y paraguas"},"content":{"rendered":"<p><strong>ISBN: 9791370298098<\/strong><br \/>\n<strong>T\u00edtulo: Erizos y paraguas<\/strong><br \/>\n<strong>Fecha: 2026<\/strong><br \/>\n<strong>P\u00e1ginas: 374<\/strong><\/p>\n<p><strong>SINOPSIS<\/strong><\/p>\n<p data-start=\"0\" data-end=\"71\">\u00bfQu\u00e9 ocurre cuando la memoria te protege y el precio son los recuerdos?<\/p>\n<p data-start=\"73\" data-end=\"404\">Erizos y Paraguas es una novela de intriga psicol\u00f3gica que te sumerge en la mente atormentada de un narrador tan brillante como quebradizo y te obliga a desconfiar de tu entorno. Con el pulso hipn\u00f3tico de Shutter Island y la inquietud voyeur de El show de Truman, esta historia te har\u00e1 preguntarte si lo que vives es vida, o guion.<\/p>\n<p data-start=\"406\" data-end=\"681\">A trav\u00e9s de saltos temporales que ayudan al lector a armar el rompecabezas, la voz de Elio Hubel avanza y retrocede por su propia l\u00ednea temporal: narra con soberbia lucidez como adulto y con la precisi\u00f3n entra\u00f1able de quien a\u00fan contempla el mundo desde la inocencia infantil.<\/p>\n<p data-start=\"683\" data-end=\"850\">A los siete a\u00f1os, un trauma provocado por un doloroso accidente marc\u00f3 un punto de inflexi\u00f3n en su biograf\u00eda. Desde entonces, lucha por recuperar el control de su vida.<\/p>\n<p data-start=\"852\" data-end=\"1072\">Novela de atm\u00f3sfera, de paranoia elegante y latido \u00edntimo, Erizos y Paraguas es para lectores que disfrutan del mind-game narrativo: pistas fin\u00edsimas, simetr\u00edas y la sensaci\u00f3n de que todo, poco a poco, empieza a encajar.<\/p>\n<p data-start=\"1074\" data-end=\"1142\" data-is-last-node=\"\" data-is-only-node=\"\">Te contar\u00eda por qu\u00e9 se llama Erizos y Paraguas\u2026 pero no lo recuerdo.<\/p>\n","protected":false},"excerpt":{"rendered":"<p><strong>ISBN: 9791370298098<\/strong><\/p>\n<p><strong>SINOPSIS<\/strong><\/p>\n<p data-start=\"0\" data-end=\"71\">\u00bfQu\u00e9 ocurre cuando la memoria te protege y el precio son los recuerdos?<\/p>\n<p data-start=\"73\" data-end=\"404\">Erizos y Paraguas es una novela de intriga psicol\u00f3gica que te sumerge en la mente atormentada de un narrador tan brillante como quebradizo y te obliga a desconfiar de tu entorno. Con el pulso hipn\u00f3tico de Shutter Island y la inquietud voyeur de El show de Truman, esta historia te har\u00e1 preguntarte si lo que vives es vida, o guion.<\/p>\n<p data-start=\"406\" data-end=\"681\">A trav\u00e9s de saltos temporales que ayudan al lector a armar el rompecabezas, la voz de Elio Hubel avanza y retrocede por su propia l\u00ednea temporal: narra con soberbia lucidez como adulto y con la precisi\u00f3n entra\u00f1able de quien a\u00fan contempla el mundo desde la inocencia infantil.<\/p>\n<p data-start=\"683\" data-end=\"850\">A los siete a\u00f1os, un trauma provocado por un doloroso accidente marc\u00f3 un punto de inflexi\u00f3n en su biograf\u00eda. Desde entonces, lucha por recuperar el control de su vida.<\/p>\n<p data-start=\"852\" data-end=\"1072\">Novela de atm\u00f3sfera, de paranoia elegante y latido \u00edntimo, Erizos y Paraguas es para lectores que disfrutan del mind-game narrativo: pistas fin\u00edsimas, simetr\u00edas y la sensaci\u00f3n de que todo, poco a poco, empieza a encajar.<\/p>\n<p data-start=\"1074\" data-end=\"1142\" data-is-last-node=\"\" data-is-only-node=\"\">Te contar\u00eda por qu\u00e9 se llama Erizos y Paraguas\u2026 pero no lo recuerdo.<\/p>\n","protected":false},"featured_media":112456,"comment_status":"open","ping_status":"closed","template":"","meta":{"_acf_changed":false},"libro":[],"product_brand":[],"product_cat":[111],"product_tag":[],"class_list":{"0":"post-112454","1":"product","2":"type-product","3":"status-publish","4":"has-post-thumbnail","6":"product_cat-thriller","8":"first","9":"instock","10":"shipping-taxable","11":"product-type-simple"},"acf":{"autor":[108479],"enlace_de_compra":""},"yoast_head":"<!-- This site is optimized with the Yoast SEO plugin v27.4 - https:\/\/yoast.com\/product\/yoast-seo-wordpress\/ -->\n<title>Erizos y paraguas - Catalogo | Letrame Grupo Editorial<\/title>\n<meta name=\"robots\" content=\"index, follow, max-snippet:-1, max-image-preview:large, max-video-preview:-1\" \/>\n<link rel=\"canonical\" href=\"https:\/\/letrame.com\/catalogo\/producto\/erizos-y-paraguas\/\" \/>\n<meta property=\"og:locale\" content=\"es_ES\" \/>\n<meta property=\"og:type\" content=\"article\" \/>\n<meta property=\"og:title\" content=\"Erizos y paraguas - Catalogo | Letrame Grupo Editorial\" \/>\n<meta property=\"og:description\" content=\"ISBN: 9791370298098  SINOPSIS \u00bfQu\u00e9 ocurre cuando la memoria te protege y el precio son los recuerdos? Erizos y Paraguas es una novela de intriga psicol\u00f3gica que te sumerge en la mente atormentada de un narrador tan brillante como quebradizo y te obliga a desconfiar de tu entorno. Con el pulso hipn\u00f3tico de Shutter Island y la inquietud voyeur de El show de Truman, esta historia te har\u00e1 preguntarte si lo que vives es vida, o guion. A trav\u00e9s de saltos temporales que ayudan al lector a armar el rompecabezas, la voz de Elio Hubel avanza y retrocede por su propia l\u00ednea temporal: narra con soberbia lucidez como adulto y con la precisi\u00f3n entra\u00f1able de quien a\u00fan contempla el mundo desde la inocencia infantil. A los siete a\u00f1os, un trauma provocado por un doloroso accidente marc\u00f3 un punto de inflexi\u00f3n en su biograf\u00eda. Desde entonces, lucha por recuperar el control de su vida. Novela de atm\u00f3sfera, de paranoia elegante y latido \u00edntimo, Erizos y Paraguas es para lectores que disfrutan del mind-game narrativo: pistas fin\u00edsimas, simetr\u00edas y la sensaci\u00f3n de que todo, poco a poco, empieza a encajar. Te contar\u00eda por qu\u00e9 se llama Erizos y Paraguas\u2026 pero no lo recuerdo.\" \/>\n<meta property=\"og:url\" content=\"https:\/\/letrame.com\/catalogo\/producto\/erizos-y-paraguas\/\" \/>\n<meta property=\"og:site_name\" content=\"Catalogo | Letrame Grupo Editorial\" \/>\n<meta property=\"article:modified_time\" content=\"2026-04-28T07:54:44+00:00\" \/>\n<meta property=\"og:image\" content=\"https:\/\/letrame.com\/catalogo\/wp-content\/uploads\/2026\/04\/erizosyparaguas_1844mm4.jpg\" \/>\n\t<meta property=\"og:image:width\" content=\"886\" \/>\n\t<meta property=\"og:image:height\" content=\"1240\" \/>\n\t<meta property=\"og:image:type\" content=\"image\/jpeg\" \/>\n<meta name=\"twitter:card\" content=\"summary_large_image\" \/>\n<meta name=\"twitter:label1\" content=\"Tiempo de lectura\" \/>\n\t<meta name=\"twitter:data1\" content=\"2 minutos\" \/>\n<script type=\"application\/ld+json\" class=\"yoast-schema-graph\">{\"@context\":\"https:\\\/\\\/schema.org\",\"@graph\":[{\"@type\":\"WebPage\",\"@id\":\"https:\\\/\\\/letrame.com\\\/catalogo\\\/producto\\\/erizos-y-paraguas\\\/\",\"url\":\"https:\\\/\\\/letrame.com\\\/catalogo\\\/producto\\\/erizos-y-paraguas\\\/\",\"name\":\"Erizos y paraguas - Catalogo | Letrame Grupo Editorial\",\"isPartOf\":{\"@id\":\"https:\\\/\\\/letrame.com\\\/catalogo\\\/#website\"},\"primaryImageOfPage\":{\"@id\":\"https:\\\/\\\/letrame.com\\\/catalogo\\\/producto\\\/erizos-y-paraguas\\\/#primaryimage\"},\"image\":{\"@id\":\"https:\\\/\\\/letrame.com\\\/catalogo\\\/producto\\\/erizos-y-paraguas\\\/#primaryimage\"},\"thumbnailUrl\":\"https:\\\/\\\/letrame.com\\\/catalogo\\\/wp-content\\\/uploads\\\/2026\\\/04\\\/erizosyparaguas_1844mm4.jpg\",\"datePublished\":\"2026-04-28T07:54:41+00:00\",\"dateModified\":\"2026-04-28T07:54:44+00:00\",\"breadcrumb\":{\"@id\":\"https:\\\/\\\/letrame.com\\\/catalogo\\\/producto\\\/erizos-y-paraguas\\\/#breadcrumb\"},\"inLanguage\":\"es\",\"potentialAction\":[{\"@type\":\"ReadAction\",\"target\":[\"https:\\\/\\\/letrame.com\\\/catalogo\\\/producto\\\/erizos-y-paraguas\\\/\"]}]},{\"@type\":\"ImageObject\",\"inLanguage\":\"es\",\"@id\":\"https:\\\/\\\/letrame.com\\\/catalogo\\\/producto\\\/erizos-y-paraguas\\\/#primaryimage\",\"url\":\"https:\\\/\\\/letrame.com\\\/catalogo\\\/wp-content\\\/uploads\\\/2026\\\/04\\\/erizosyparaguas_1844mm4.jpg\",\"contentUrl\":\"https:\\\/\\\/letrame.com\\\/catalogo\\\/wp-content\\\/uploads\\\/2026\\\/04\\\/erizosyparaguas_1844mm4.jpg\",\"width\":886,\"height\":1240},{\"@type\":\"BreadcrumbList\",\"@id\":\"https:\\\/\\\/letrame.com\\\/catalogo\\\/producto\\\/erizos-y-paraguas\\\/#breadcrumb\",\"itemListElement\":[{\"@type\":\"ListItem\",\"position\":1,\"name\":\"Portada\",\"item\":\"https:\\\/\\\/letrame.com\\\/catalogo\\\/\"},{\"@type\":\"ListItem\",\"position\":2,\"name\":\"Cat\u00e1logo\",\"item\":\"https:\\\/\\\/letrame.com\\\/catalogo\\\/\"},{\"@type\":\"ListItem\",\"position\":3,\"name\":\"Erizos y paraguas\"}]},{\"@type\":\"WebSite\",\"@id\":\"https:\\\/\\\/letrame.com\\\/catalogo\\\/#website\",\"url\":\"https:\\\/\\\/letrame.com\\\/catalogo\\\/\",\"name\":\"Catalogo | Letrame Grupo Editorial\",\"description\":\"\",\"publisher\":{\"@id\":\"https:\\\/\\\/letrame.com\\\/catalogo\\\/#organization\"},\"potentialAction\":[{\"@type\":\"SearchAction\",\"target\":{\"@type\":\"EntryPoint\",\"urlTemplate\":\"https:\\\/\\\/letrame.com\\\/catalogo\\\/?s={search_term_string}\"},\"query-input\":{\"@type\":\"PropertyValueSpecification\",\"valueRequired\":true,\"valueName\":\"search_term_string\"}}],\"inLanguage\":\"es\"},{\"@type\":\"Organization\",\"@id\":\"https:\\\/\\\/letrame.com\\\/catalogo\\\/#organization\",\"name\":\"Catalogo | Letrame Grupo Editorial\",\"url\":\"https:\\\/\\\/letrame.com\\\/catalogo\\\/\",\"logo\":{\"@type\":\"ImageObject\",\"inLanguage\":\"es\",\"@id\":\"https:\\\/\\\/letrame.com\\\/catalogo\\\/#\\\/schema\\\/logo\\\/image\\\/\",\"url\":\"https:\\\/\\\/letrame.com\\\/catalogo\\\/wp-content\\\/uploads\\\/2024\\\/03\\\/logo2.webp\",\"contentUrl\":\"https:\\\/\\\/letrame.com\\\/catalogo\\\/wp-content\\\/uploads\\\/2024\\\/03\\\/logo2.webp\",\"width\":394,\"height\":128,\"caption\":\"Catalogo | Letrame Grupo Editorial\"},\"image\":{\"@id\":\"https:\\\/\\\/letrame.com\\\/catalogo\\\/#\\\/schema\\\/logo\\\/image\\\/\"}}]}<\/script>\n<!-- \/ Yoast SEO plugin. -->","yoast_head_json":{"title":"Erizos y paraguas - Catalogo | Letrame Grupo Editorial","robots":{"index":"index","follow":"follow","max-snippet":"max-snippet:-1","max-image-preview":"max-image-preview:large","max-video-preview":"max-video-preview:-1"},"canonical":"https:\/\/letrame.com\/catalogo\/producto\/erizos-y-paraguas\/","og_locale":"es_ES","og_type":"article","og_title":"Erizos y paraguas - Catalogo | Letrame Grupo Editorial","og_description":"ISBN: 9791370298098  SINOPSIS \u00bfQu\u00e9 ocurre cuando la memoria te protege y el precio son los recuerdos? Erizos y Paraguas es una novela de intriga psicol\u00f3gica que te sumerge en la mente atormentada de un narrador tan brillante como quebradizo y te obliga a desconfiar de tu entorno. Con el pulso hipn\u00f3tico de Shutter Island y la inquietud voyeur de El show de Truman, esta historia te har\u00e1 preguntarte si lo que vives es vida, o guion. A trav\u00e9s de saltos temporales que ayudan al lector a armar el rompecabezas, la voz de Elio Hubel avanza y retrocede por su propia l\u00ednea temporal: narra con soberbia lucidez como adulto y con la precisi\u00f3n entra\u00f1able de quien a\u00fan contempla el mundo desde la inocencia infantil. A los siete a\u00f1os, un trauma provocado por un doloroso accidente marc\u00f3 un punto de inflexi\u00f3n en su biograf\u00eda. Desde entonces, lucha por recuperar el control de su vida. Novela de atm\u00f3sfera, de paranoia elegante y latido \u00edntimo, Erizos y Paraguas es para lectores que disfrutan del mind-game narrativo: pistas fin\u00edsimas, simetr\u00edas y la sensaci\u00f3n de que todo, poco a poco, empieza a encajar. Te contar\u00eda por qu\u00e9 se llama Erizos y Paraguas\u2026 pero no lo recuerdo.","og_url":"https:\/\/letrame.com\/catalogo\/producto\/erizos-y-paraguas\/","og_site_name":"Catalogo | Letrame Grupo Editorial","article_modified_time":"2026-04-28T07:54:44+00:00","og_image":[{"width":886,"height":1240,"url":"https:\/\/letrame.com\/catalogo\/wp-content\/uploads\/2026\/04\/erizosyparaguas_1844mm4.jpg","type":"image\/jpeg"}],"twitter_card":"summary_large_image","twitter_misc":{"Tiempo de lectura":"2 minutos"},"schema":{"@context":"https:\/\/schema.org","@graph":[{"@type":"WebPage","@id":"https:\/\/letrame.com\/catalogo\/producto\/erizos-y-paraguas\/","url":"https:\/\/letrame.com\/catalogo\/producto\/erizos-y-paraguas\/","name":"Erizos y paraguas - Catalogo | Letrame Grupo Editorial","isPartOf":{"@id":"https:\/\/letrame.com\/catalogo\/#website"},"primaryImageOfPage":{"@id":"https:\/\/letrame.com\/catalogo\/producto\/erizos-y-paraguas\/#primaryimage"},"image":{"@id":"https:\/\/letrame.com\/catalogo\/producto\/erizos-y-paraguas\/#primaryimage"},"thumbnailUrl":"https:\/\/letrame.com\/catalogo\/wp-content\/uploads\/2026\/04\/erizosyparaguas_1844mm4.jpg","datePublished":"2026-04-28T07:54:41+00:00","dateModified":"2026-04-28T07:54:44+00:00","breadcrumb":{"@id":"https:\/\/letrame.com\/catalogo\/producto\/erizos-y-paraguas\/#breadcrumb"},"inLanguage":"es","potentialAction":[{"@type":"ReadAction","target":["https:\/\/letrame.com\/catalogo\/producto\/erizos-y-paraguas\/"]}]},{"@type":"ImageObject","inLanguage":"es","@id":"https:\/\/letrame.com\/catalogo\/producto\/erizos-y-paraguas\/#primaryimage","url":"https:\/\/letrame.com\/catalogo\/wp-content\/uploads\/2026\/04\/erizosyparaguas_1844mm4.jpg","contentUrl":"https:\/\/letrame.com\/catalogo\/wp-content\/uploads\/2026\/04\/erizosyparaguas_1844mm4.jpg","width":886,"height":1240},{"@type":"BreadcrumbList","@id":"https:\/\/letrame.com\/catalogo\/producto\/erizos-y-paraguas\/#breadcrumb","itemListElement":[{"@type":"ListItem","position":1,"name":"Portada","item":"https:\/\/letrame.com\/catalogo\/"},{"@type":"ListItem","position":2,"name":"Cat\u00e1logo","item":"https:\/\/letrame.com\/catalogo\/"},{"@type":"ListItem","position":3,"name":"Erizos y paraguas"}]},{"@type":"WebSite","@id":"https:\/\/letrame.com\/catalogo\/#website","url":"https:\/\/letrame.com\/catalogo\/","name":"Catalogo | Letrame Grupo Editorial","description":"","publisher":{"@id":"https:\/\/letrame.com\/catalogo\/#organization"},"potentialAction":[{"@type":"SearchAction","target":{"@type":"EntryPoint","urlTemplate":"https:\/\/letrame.com\/catalogo\/?s={search_term_string}"},"query-input":{"@type":"PropertyValueSpecification","valueRequired":true,"valueName":"search_term_string"}}],"inLanguage":"es"},{"@type":"Organization","@id":"https:\/\/letrame.com\/catalogo\/#organization","name":"Catalogo | Letrame Grupo Editorial","url":"https:\/\/letrame.com\/catalogo\/","logo":{"@type":"ImageObject","inLanguage":"es","@id":"https:\/\/letrame.com\/catalogo\/#\/schema\/logo\/image\/","url":"https:\/\/letrame.com\/catalogo\/wp-content\/uploads\/2024\/03\/logo2.webp","contentUrl":"https:\/\/letrame.com\/catalogo\/wp-content\/uploads\/2024\/03\/logo2.webp","width":394,"height":128,"caption":"Catalogo | Letrame Grupo Editorial"},"image":{"@id":"https:\/\/letrame.com\/catalogo\/#\/schema\/logo\/image\/"}}]}},"_links":{"self":[{"href":"https:\/\/letrame.com\/catalogo\/wp-json\/wp\/v2\/product\/112454","targetHints":{"allow":["GET"]}}],"collection":[{"href":"https:\/\/letrame.com\/catalogo\/wp-json\/wp\/v2\/product"}],"about":[{"href":"https:\/\/letrame.com\/catalogo\/wp-json\/wp\/v2\/types\/product"}],"replies":[{"embeddable":true,"href":"https:\/\/letrame.com\/catalogo\/wp-json\/wp\/v2\/comments?post=112454"}],"acf:post":[{"embeddable":true,"href":"https:\/\/letrame.com\/catalogo\/wp-json\/wp\/v2\/author_book\/108479"}],"wp:featuredmedia":[{"embeddable":true,"href":"https:\/\/letrame.com\/catalogo\/wp-json\/wp\/v2\/media\/112456"}],"wp:attachment":[{"href":"https:\/\/letrame.com\/catalogo\/wp-json\/wp\/v2\/media?parent=112454"}],"wp:term":[{"taxonomy":"libro","embeddable":true,"href":"https:\/\/letrame.com\/catalogo\/wp-json\/wp\/v2\/libro?post=112454"},{"taxonomy":"product_brand","embeddable":true,"href":"https:\/\/letrame.com\/catalogo\/wp-json\/wp\/v2\/product_brand?post=112454"},{"taxonomy":"product_cat","embeddable":true,"href":"https:\/\/letrame.com\/catalogo\/wp-json\/wp\/v2\/product_cat?post=112454"},{"taxonomy":"product_tag","embeddable":true,"href":"https:\/\/letrame.com\/catalogo\/wp-json\/wp\/v2\/product_tag?post=112454"}],"curies":[{"name":"wp","href":"https:\/\/api.w.org\/{rel}","templated":true}]}}