{"id":112446,"date":"2026-04-21T15:50:03","date_gmt":"2026-04-21T13:50:03","guid":{"rendered":"https:\/\/letrame.com\/catalogo\/?post_type=product&#038;p=112446"},"modified":"2026-04-21T15:50:05","modified_gmt":"2026-04-21T13:50:05","slug":"la-senda-de-la-eternidad","status":"publish","type":"product","link":"https:\/\/letrame.com\/catalogo\/producto\/la-senda-de-la-eternidad\/","title":{"rendered":"La senda de la eternidad"},"content":{"rendered":"<p class=\"p1\"><b>ISBN: 9791370293741<\/b><b><\/b><\/p>\n<p class=\"p1\"><b>T\u00edtulo: La senda de la eternidad<\/b><br \/>\n<b>Fecha: 2026<\/b><br \/>\n<b>P\u00e1ginas: 292<\/b><b><\/b><\/p>\n<p class=\"p1\"><b>SINOPSIS<\/b><\/p>\n<p>Fidel, Efra\u00edn y El\u00edas son tres j\u00f3venes de Ciudad Ju\u00e1rez que se hacen llamar Macr\u00f3n, Merkel y Lagarde en el trabajo. Su labor consiste en asesinar deudores y desaparecer sus cuerpos en la c\u00e9lula del Chaz\u00e1n, una de las muchas que operan en el norte de M\u00e9xico para los grandes c\u00e1rteles.<\/p>\n<p>A Fidel se le presenta la oportunidad de escapar de ese mundo, pero aparece Ramonita, una joven mestiza tarahumara que cambia las prioridades de su vida. Despu\u00e9s de vengar una antigua afrenta, ella y Fidel huyen de Ciudad Ju\u00e1rez para internarse en el estado de Chihuahua, hacia un pueblo en las barrancas de la Sierra Tarahumara.<\/p>\n<p>En su b\u00fasqueda de vana trascendencia, Fidel y Ramonita conectar\u00e1n con fuerzas m\u00e1s poderosas que gravitan en torno al sexo y al crimen.<\/p>\n<p>Hay en La senda de la eternidad un pulso que se conecta con esa necesidad de profundizar, a trav\u00e9s de la ficci\u00f3n, en las venas abiertas de nuestras sociedades. Vigueras contin\u00faa escarbando en Ciudad Ju\u00e1rez, Chihuahua, en b\u00fasqueda de esa matriz violenta.<\/p>\n<p>Hay un salvajismo en la forma de narrar que se empareja con la exploraci\u00f3n de lo humano fuera de la moralidad y de la \u00e9tica. La senda de la eternidad es una novela de acci\u00f3n: no para, no descansa, es trepidante e impulsiva.<\/p>\n<p>Las descripciones expl\u00edcitas de la violencia contra los cuerpos y las escenas de sexo hilarante, ampliadas a lo porno, gritan desde un l\u00e9xico cuidado y retorcido, para que las palabras den su mejor desempe\u00f1o: sacudirnos y no dejarnos indiferentes.<\/p>\n<p>Magali Velasco Vargas<\/p>\n","protected":false},"excerpt":{"rendered":"<p class=\"p1\"><b>ISBN: 9791370293741<\/b><b><\/b><\/p>\n<p class=\"p1\"><b>SINOPSIS<\/b><\/p>\n<p>Fidel, Efra\u00edn y El\u00edas son tres j\u00f3venes de Ciudad Ju\u00e1rez que se hacen llamar Macr\u00f3n, Merkel y Lagarde en el trabajo. Su labor consiste en asesinar deudores y desaparecer sus cuerpos en la c\u00e9lula del Chaz\u00e1n, una de las muchas que operan en el norte de M\u00e9xico para los grandes c\u00e1rteles.<\/p>\n<p>A Fidel se le presenta la oportunidad de escapar de ese mundo, pero aparece Ramonita, una joven mestiza tarahumara que cambia las prioridades de su vida. Despu\u00e9s de vengar una antigua afrenta, ella y Fidel huyen de Ciudad Ju\u00e1rez para internarse en el estado de Chihuahua, hacia un pueblo en las barrancas de la Sierra Tarahumara.<\/p>\n<p>En su b\u00fasqueda de vana trascendencia, Fidel y Ramonita conectar\u00e1n con fuerzas m\u00e1s poderosas que gravitan en torno al sexo y al crimen.<\/p>\n<p>Hay en La senda de la eternidad un pulso que se conecta con esa necesidad de profundizar, a trav\u00e9s de la ficci\u00f3n, en las venas abiertas de nuestras sociedades. Vigueras contin\u00faa escarbando en Ciudad Ju\u00e1rez, Chihuahua, en b\u00fasqueda de esa matriz violenta.<\/p>\n<p>Hay un salvajismo en la forma de narrar que se empareja con la exploraci\u00f3n de lo humano fuera de la moralidad y de la \u00e9tica. La senda de la eternidad es una novela de acci\u00f3n: no para, no descansa, es trepidante e impulsiva.<\/p>\n<p>Las descripciones expl\u00edcitas de la violencia contra los cuerpos y las escenas de sexo hilarante, ampliadas a lo porno, gritan desde un l\u00e9xico cuidado y retorcido, para que las palabras den su mejor desempe\u00f1o: sacudirnos y no dejarnos indiferentes.<\/p>\n<p>Magali Velasco Vargas<\/p>\n","protected":false},"featured_media":112447,"comment_status":"open","ping_status":"closed","template":"","meta":{"_acf_changed":false},"libro":[],"product_brand":[],"product_cat":[51],"product_tag":[],"class_list":{"0":"post-112446","1":"product","2":"type-product","3":"status-publish","4":"has-post-thumbnail","6":"product_cat-novela-negra","8":"first","9":"instock","10":"shipping-taxable","11":"product-type-simple"},"acf":{"autor":[77401],"enlace_de_compra":"https:\/\/amzn.to\/4vH3cU7"},"yoast_head":"<!-- This site is optimized with the Yoast SEO plugin v27.4 - https:\/\/yoast.com\/product\/yoast-seo-wordpress\/ -->\n<title>La senda de la eternidad - Catalogo | Letrame Grupo Editorial<\/title>\n<meta name=\"robots\" content=\"index, follow, max-snippet:-1, max-image-preview:large, max-video-preview:-1\" \/>\n<link rel=\"canonical\" href=\"https:\/\/letrame.com\/catalogo\/producto\/la-senda-de-la-eternidad\/\" \/>\n<meta property=\"og:locale\" content=\"es_ES\" \/>\n<meta property=\"og:type\" content=\"article\" \/>\n<meta property=\"og:title\" content=\"La senda de la eternidad - Catalogo | Letrame Grupo Editorial\" \/>\n<meta property=\"og:description\" content=\"ISBN: 9791370293741 SINOPSIS Fidel, Efra\u00edn y El\u00edas son tres j\u00f3venes de Ciudad Ju\u00e1rez que se hacen llamar Macr\u00f3n, Merkel y Lagarde en el trabajo. Su labor consiste en asesinar deudores y desaparecer sus cuerpos en la c\u00e9lula del Chaz\u00e1n, una de las muchas que operan en el norte de M\u00e9xico para los grandes c\u00e1rteles.  A Fidel se le presenta la oportunidad de escapar de ese mundo, pero aparece Ramonita, una joven mestiza tarahumara que cambia las prioridades de su vida. Despu\u00e9s de vengar una antigua afrenta, ella y Fidel huyen de Ciudad Ju\u00e1rez para internarse en el estado de Chihuahua, hacia un pueblo en las barrancas de la Sierra Tarahumara.  En su b\u00fasqueda de vana trascendencia, Fidel y Ramonita conectar\u00e1n con fuerzas m\u00e1s poderosas que gravitan en torno al sexo y al crimen.  Hay en La senda de la eternidad un pulso que se conecta con esa necesidad de profundizar, a trav\u00e9s de la ficci\u00f3n, en las venas abiertas de nuestras sociedades. Vigueras contin\u00faa escarbando en Ciudad Ju\u00e1rez, Chihuahua, en b\u00fasqueda de esa matriz violenta.  Hay un salvajismo en la forma de narrar que se empareja con la exploraci\u00f3n de lo humano fuera de la moralidad y de la \u00e9tica. La senda de la eternidad es una novela de acci\u00f3n: no para, no descansa, es trepidante e impulsiva.  Las descripciones expl\u00edcitas de la violencia contra los cuerpos y las escenas de sexo hilarante, ampliadas a lo porno, gritan desde un l\u00e9xico cuidado y retorcido, para que las palabras den su mejor desempe\u00f1o: sacudirnos y no dejarnos indiferentes.  Magali Velasco Vargas\" \/>\n<meta property=\"og:url\" content=\"https:\/\/letrame.com\/catalogo\/producto\/la-senda-de-la-eternidad\/\" \/>\n<meta property=\"og:site_name\" content=\"Catalogo | Letrame Grupo Editorial\" \/>\n<meta property=\"article:modified_time\" content=\"2026-04-21T13:50:05+00:00\" \/>\n<meta property=\"og:image\" content=\"https:\/\/letrame.com\/catalogo\/wp-content\/uploads\/2026\/04\/lasendadela_1446mm4.jpg\" \/>\n\t<meta property=\"og:image:width\" content=\"886\" \/>\n\t<meta property=\"og:image:height\" content=\"1240\" \/>\n\t<meta property=\"og:image:type\" content=\"image\/jpeg\" \/>\n<meta name=\"twitter:card\" content=\"summary_large_image\" \/>\n<meta name=\"twitter:label1\" content=\"Tiempo de lectura\" \/>\n\t<meta name=\"twitter:data1\" content=\"2 minutos\" \/>\n<script type=\"application\/ld+json\" class=\"yoast-schema-graph\">{\"@context\":\"https:\\\/\\\/schema.org\",\"@graph\":[{\"@type\":\"WebPage\",\"@id\":\"https:\\\/\\\/letrame.com\\\/catalogo\\\/producto\\\/la-senda-de-la-eternidad\\\/\",\"url\":\"https:\\\/\\\/letrame.com\\\/catalogo\\\/producto\\\/la-senda-de-la-eternidad\\\/\",\"name\":\"La senda de la eternidad - Catalogo | Letrame Grupo Editorial\",\"isPartOf\":{\"@id\":\"https:\\\/\\\/letrame.com\\\/catalogo\\\/#website\"},\"primaryImageOfPage\":{\"@id\":\"https:\\\/\\\/letrame.com\\\/catalogo\\\/producto\\\/la-senda-de-la-eternidad\\\/#primaryimage\"},\"image\":{\"@id\":\"https:\\\/\\\/letrame.com\\\/catalogo\\\/producto\\\/la-senda-de-la-eternidad\\\/#primaryimage\"},\"thumbnailUrl\":\"https:\\\/\\\/letrame.com\\\/catalogo\\\/wp-content\\\/uploads\\\/2026\\\/04\\\/lasendadela_1446mm4.jpg\",\"datePublished\":\"2026-04-21T13:50:03+00:00\",\"dateModified\":\"2026-04-21T13:50:05+00:00\",\"breadcrumb\":{\"@id\":\"https:\\\/\\\/letrame.com\\\/catalogo\\\/producto\\\/la-senda-de-la-eternidad\\\/#breadcrumb\"},\"inLanguage\":\"es\",\"potentialAction\":[{\"@type\":\"ReadAction\",\"target\":[\"https:\\\/\\\/letrame.com\\\/catalogo\\\/producto\\\/la-senda-de-la-eternidad\\\/\"]}]},{\"@type\":\"ImageObject\",\"inLanguage\":\"es\",\"@id\":\"https:\\\/\\\/letrame.com\\\/catalogo\\\/producto\\\/la-senda-de-la-eternidad\\\/#primaryimage\",\"url\":\"https:\\\/\\\/letrame.com\\\/catalogo\\\/wp-content\\\/uploads\\\/2026\\\/04\\\/lasendadela_1446mm4.jpg\",\"contentUrl\":\"https:\\\/\\\/letrame.com\\\/catalogo\\\/wp-content\\\/uploads\\\/2026\\\/04\\\/lasendadela_1446mm4.jpg\",\"width\":886,\"height\":1240},{\"@type\":\"BreadcrumbList\",\"@id\":\"https:\\\/\\\/letrame.com\\\/catalogo\\\/producto\\\/la-senda-de-la-eternidad\\\/#breadcrumb\",\"itemListElement\":[{\"@type\":\"ListItem\",\"position\":1,\"name\":\"Portada\",\"item\":\"https:\\\/\\\/letrame.com\\\/catalogo\\\/\"},{\"@type\":\"ListItem\",\"position\":2,\"name\":\"Cat\u00e1logo\",\"item\":\"https:\\\/\\\/letrame.com\\\/catalogo\\\/\"},{\"@type\":\"ListItem\",\"position\":3,\"name\":\"La senda de la eternidad\"}]},{\"@type\":\"WebSite\",\"@id\":\"https:\\\/\\\/letrame.com\\\/catalogo\\\/#website\",\"url\":\"https:\\\/\\\/letrame.com\\\/catalogo\\\/\",\"name\":\"Catalogo | Letrame Grupo Editorial\",\"description\":\"\",\"publisher\":{\"@id\":\"https:\\\/\\\/letrame.com\\\/catalogo\\\/#organization\"},\"potentialAction\":[{\"@type\":\"SearchAction\",\"target\":{\"@type\":\"EntryPoint\",\"urlTemplate\":\"https:\\\/\\\/letrame.com\\\/catalogo\\\/?s={search_term_string}\"},\"query-input\":{\"@type\":\"PropertyValueSpecification\",\"valueRequired\":true,\"valueName\":\"search_term_string\"}}],\"inLanguage\":\"es\"},{\"@type\":\"Organization\",\"@id\":\"https:\\\/\\\/letrame.com\\\/catalogo\\\/#organization\",\"name\":\"Catalogo | Letrame Grupo Editorial\",\"url\":\"https:\\\/\\\/letrame.com\\\/catalogo\\\/\",\"logo\":{\"@type\":\"ImageObject\",\"inLanguage\":\"es\",\"@id\":\"https:\\\/\\\/letrame.com\\\/catalogo\\\/#\\\/schema\\\/logo\\\/image\\\/\",\"url\":\"https:\\\/\\\/letrame.com\\\/catalogo\\\/wp-content\\\/uploads\\\/2024\\\/03\\\/logo2.webp\",\"contentUrl\":\"https:\\\/\\\/letrame.com\\\/catalogo\\\/wp-content\\\/uploads\\\/2024\\\/03\\\/logo2.webp\",\"width\":394,\"height\":128,\"caption\":\"Catalogo | Letrame Grupo Editorial\"},\"image\":{\"@id\":\"https:\\\/\\\/letrame.com\\\/catalogo\\\/#\\\/schema\\\/logo\\\/image\\\/\"}}]}<\/script>\n<!-- \/ Yoast SEO plugin. -->","yoast_head_json":{"title":"La senda de la eternidad - Catalogo | Letrame Grupo Editorial","robots":{"index":"index","follow":"follow","max-snippet":"max-snippet:-1","max-image-preview":"max-image-preview:large","max-video-preview":"max-video-preview:-1"},"canonical":"https:\/\/letrame.com\/catalogo\/producto\/la-senda-de-la-eternidad\/","og_locale":"es_ES","og_type":"article","og_title":"La senda de la eternidad - Catalogo | Letrame Grupo Editorial","og_description":"ISBN: 9791370293741 SINOPSIS Fidel, Efra\u00edn y El\u00edas son tres j\u00f3venes de Ciudad Ju\u00e1rez que se hacen llamar Macr\u00f3n, Merkel y Lagarde en el trabajo. Su labor consiste en asesinar deudores y desaparecer sus cuerpos en la c\u00e9lula del Chaz\u00e1n, una de las muchas que operan en el norte de M\u00e9xico para los grandes c\u00e1rteles.  A Fidel se le presenta la oportunidad de escapar de ese mundo, pero aparece Ramonita, una joven mestiza tarahumara que cambia las prioridades de su vida. Despu\u00e9s de vengar una antigua afrenta, ella y Fidel huyen de Ciudad Ju\u00e1rez para internarse en el estado de Chihuahua, hacia un pueblo en las barrancas de la Sierra Tarahumara.  En su b\u00fasqueda de vana trascendencia, Fidel y Ramonita conectar\u00e1n con fuerzas m\u00e1s poderosas que gravitan en torno al sexo y al crimen.  Hay en La senda de la eternidad un pulso que se conecta con esa necesidad de profundizar, a trav\u00e9s de la ficci\u00f3n, en las venas abiertas de nuestras sociedades. Vigueras contin\u00faa escarbando en Ciudad Ju\u00e1rez, Chihuahua, en b\u00fasqueda de esa matriz violenta.  Hay un salvajismo en la forma de narrar que se empareja con la exploraci\u00f3n de lo humano fuera de la moralidad y de la \u00e9tica. La senda de la eternidad es una novela de acci\u00f3n: no para, no descansa, es trepidante e impulsiva.  Las descripciones expl\u00edcitas de la violencia contra los cuerpos y las escenas de sexo hilarante, ampliadas a lo porno, gritan desde un l\u00e9xico cuidado y retorcido, para que las palabras den su mejor desempe\u00f1o: sacudirnos y no dejarnos indiferentes.  Magali Velasco Vargas","og_url":"https:\/\/letrame.com\/catalogo\/producto\/la-senda-de-la-eternidad\/","og_site_name":"Catalogo | Letrame Grupo Editorial","article_modified_time":"2026-04-21T13:50:05+00:00","og_image":[{"width":886,"height":1240,"url":"https:\/\/letrame.com\/catalogo\/wp-content\/uploads\/2026\/04\/lasendadela_1446mm4.jpg","type":"image\/jpeg"}],"twitter_card":"summary_large_image","twitter_misc":{"Tiempo de lectura":"2 minutos"},"schema":{"@context":"https:\/\/schema.org","@graph":[{"@type":"WebPage","@id":"https:\/\/letrame.com\/catalogo\/producto\/la-senda-de-la-eternidad\/","url":"https:\/\/letrame.com\/catalogo\/producto\/la-senda-de-la-eternidad\/","name":"La senda de la eternidad - Catalogo | Letrame Grupo Editorial","isPartOf":{"@id":"https:\/\/letrame.com\/catalogo\/#website"},"primaryImageOfPage":{"@id":"https:\/\/letrame.com\/catalogo\/producto\/la-senda-de-la-eternidad\/#primaryimage"},"image":{"@id":"https:\/\/letrame.com\/catalogo\/producto\/la-senda-de-la-eternidad\/#primaryimage"},"thumbnailUrl":"https:\/\/letrame.com\/catalogo\/wp-content\/uploads\/2026\/04\/lasendadela_1446mm4.jpg","datePublished":"2026-04-21T13:50:03+00:00","dateModified":"2026-04-21T13:50:05+00:00","breadcrumb":{"@id":"https:\/\/letrame.com\/catalogo\/producto\/la-senda-de-la-eternidad\/#breadcrumb"},"inLanguage":"es","potentialAction":[{"@type":"ReadAction","target":["https:\/\/letrame.com\/catalogo\/producto\/la-senda-de-la-eternidad\/"]}]},{"@type":"ImageObject","inLanguage":"es","@id":"https:\/\/letrame.com\/catalogo\/producto\/la-senda-de-la-eternidad\/#primaryimage","url":"https:\/\/letrame.com\/catalogo\/wp-content\/uploads\/2026\/04\/lasendadela_1446mm4.jpg","contentUrl":"https:\/\/letrame.com\/catalogo\/wp-content\/uploads\/2026\/04\/lasendadela_1446mm4.jpg","width":886,"height":1240},{"@type":"BreadcrumbList","@id":"https:\/\/letrame.com\/catalogo\/producto\/la-senda-de-la-eternidad\/#breadcrumb","itemListElement":[{"@type":"ListItem","position":1,"name":"Portada","item":"https:\/\/letrame.com\/catalogo\/"},{"@type":"ListItem","position":2,"name":"Cat\u00e1logo","item":"https:\/\/letrame.com\/catalogo\/"},{"@type":"ListItem","position":3,"name":"La senda de la eternidad"}]},{"@type":"WebSite","@id":"https:\/\/letrame.com\/catalogo\/#website","url":"https:\/\/letrame.com\/catalogo\/","name":"Catalogo | Letrame Grupo Editorial","description":"","publisher":{"@id":"https:\/\/letrame.com\/catalogo\/#organization"},"potentialAction":[{"@type":"SearchAction","target":{"@type":"EntryPoint","urlTemplate":"https:\/\/letrame.com\/catalogo\/?s={search_term_string}"},"query-input":{"@type":"PropertyValueSpecification","valueRequired":true,"valueName":"search_term_string"}}],"inLanguage":"es"},{"@type":"Organization","@id":"https:\/\/letrame.com\/catalogo\/#organization","name":"Catalogo | Letrame Grupo Editorial","url":"https:\/\/letrame.com\/catalogo\/","logo":{"@type":"ImageObject","inLanguage":"es","@id":"https:\/\/letrame.com\/catalogo\/#\/schema\/logo\/image\/","url":"https:\/\/letrame.com\/catalogo\/wp-content\/uploads\/2024\/03\/logo2.webp","contentUrl":"https:\/\/letrame.com\/catalogo\/wp-content\/uploads\/2024\/03\/logo2.webp","width":394,"height":128,"caption":"Catalogo | Letrame Grupo Editorial"},"image":{"@id":"https:\/\/letrame.com\/catalogo\/#\/schema\/logo\/image\/"}}]}},"_links":{"self":[{"href":"https:\/\/letrame.com\/catalogo\/wp-json\/wp\/v2\/product\/112446","targetHints":{"allow":["GET"]}}],"collection":[{"href":"https:\/\/letrame.com\/catalogo\/wp-json\/wp\/v2\/product"}],"about":[{"href":"https:\/\/letrame.com\/catalogo\/wp-json\/wp\/v2\/types\/product"}],"replies":[{"embeddable":true,"href":"https:\/\/letrame.com\/catalogo\/wp-json\/wp\/v2\/comments?post=112446"}],"acf:post":[{"embeddable":true,"href":"https:\/\/letrame.com\/catalogo\/wp-json\/wp\/v2\/author_book\/77401"}],"wp:featuredmedia":[{"embeddable":true,"href":"https:\/\/letrame.com\/catalogo\/wp-json\/wp\/v2\/media\/112447"}],"wp:attachment":[{"href":"https:\/\/letrame.com\/catalogo\/wp-json\/wp\/v2\/media?parent=112446"}],"wp:term":[{"taxonomy":"libro","embeddable":true,"href":"https:\/\/letrame.com\/catalogo\/wp-json\/wp\/v2\/libro?post=112446"},{"taxonomy":"product_brand","embeddable":true,"href":"https:\/\/letrame.com\/catalogo\/wp-json\/wp\/v2\/product_brand?post=112446"},{"taxonomy":"product_cat","embeddable":true,"href":"https:\/\/letrame.com\/catalogo\/wp-json\/wp\/v2\/product_cat?post=112446"},{"taxonomy":"product_tag","embeddable":true,"href":"https:\/\/letrame.com\/catalogo\/wp-json\/wp\/v2\/product_tag?post=112446"}],"curies":[{"name":"wp","href":"https:\/\/api.w.org\/{rel}","templated":true}]}}