{"id":112440,"date":"2026-04-21T15:43:58","date_gmt":"2026-04-21T13:43:58","guid":{"rendered":"https:\/\/letrame.com\/catalogo\/?post_type=product&#038;p=112440"},"modified":"2026-04-21T15:43:58","modified_gmt":"2026-04-21T13:43:58","slug":"las-olas-infinitas","status":"publish","type":"product","link":"https:\/\/letrame.com\/catalogo\/producto\/las-olas-infinitas\/","title":{"rendered":"Las Olas Infinitas"},"content":{"rendered":"<p class=\"p1\"><b>ISBN: 9791370295134<\/b><b><\/b><\/p>\n<p class=\"p1\"><b>T\u00edtulo: Las Olas Infinitas<\/b><br \/>\n<b>Fecha: 2025<\/b><br \/>\n<b>P\u00e1ginas: 98<\/b><b><\/b><\/p>\n<p class=\"p1\"><b>SINOPSIS<\/b><\/p>\n<p data-start=\"0\" data-end=\"86\">\u00abHay palabras que en una familia est\u00e1n prohibidas porque guardan el peso de un oc\u00e9ano\u00bb<\/p>\n<p data-start=\"88\" data-end=\"270\">El trauma de un ahogamiento marc\u00f3 el inicio del silencio entre El\u00edsa y Sof\u00eda. Ahora, una presencia espiritual recorre sus memorias, obligando a revivir lo que el tiempo jur\u00f3 ocultar.<\/p>\n<p data-start=\"272\" data-end=\"475\">En esta novela donde la muerte es solo un umbral, bisabuela y bisnieta deber\u00e1n descubrir qu\u00e9 hay detr\u00e1s de las \u00abolas in nitas\u00bb antes de que el trauma heredado reclame la vida de la \u00faltima de su estirpe.<\/p>\n<p data-start=\"477\" data-end=\"554\">Una historia donde cada cicatriz cuenta una verdad que el mar no pudo callar.<\/p>\n<p data-start=\"556\" data-end=\"630\" data-is-last-node=\"\" data-is-only-node=\"\">Sum\u00e9rgete en un misterio donde las olas son la \u00fanica forma de no hundirse.<\/p>\n","protected":false},"excerpt":{"rendered":"<p class=\"p1\"><b>ISBN: 9791370295134<\/b><b><\/b><\/p>\n<p class=\"p1\"><b>SINOPSIS<\/b><\/p>\n<p data-start=\"0\" data-end=\"86\">\u00abHay palabras que en una familia est\u00e1n prohibidas porque guardan el peso de un oc\u00e9ano\u00bb<\/p>\n<p data-start=\"88\" data-end=\"270\">El trauma de un ahogamiento marc\u00f3 el inicio del silencio entre El\u00edsa y Sof\u00eda. Ahora, una presencia espiritual recorre sus memorias, obligando a revivir lo que el tiempo jur\u00f3 ocultar.<\/p>\n<p data-start=\"272\" data-end=\"475\">En esta novela donde la muerte es solo un umbral, bisabuela y bisnieta deber\u00e1n descubrir qu\u00e9 hay detr\u00e1s de las \u00abolas in nitas\u00bb antes de que el trauma heredado reclame la vida de la \u00faltima de su estirpe.<\/p>\n<p data-start=\"477\" data-end=\"554\">Una historia donde cada cicatriz cuenta una verdad que el mar no pudo callar.<\/p>\n<p data-start=\"556\" data-end=\"630\" data-is-last-node=\"\" data-is-only-node=\"\">Sum\u00e9rgete en un misterio donde las olas son la \u00fanica forma de no hundirse.<\/p>\n","protected":false},"featured_media":112443,"comment_status":"open","ping_status":"closed","template":"","meta":{"_acf_changed":false},"libro":[],"product_brand":[],"product_cat":[136],"product_tag":[],"class_list":{"0":"post-112440","1":"product","2":"type-product","3":"status-publish","4":"has-post-thumbnail","6":"product_cat-realismo-magico","8":"first","9":"instock","10":"shipping-taxable","11":"product-type-simple"},"acf":{"autor":[112441],"enlace_de_compra":"https:\/\/amzn.to\/4cxC42J"},"yoast_head":"<!-- This site is optimized with the Yoast SEO plugin v27.4 - https:\/\/yoast.com\/product\/yoast-seo-wordpress\/ -->\n<title>Las Olas Infinitas - Catalogo | Letrame Grupo Editorial<\/title>\n<meta name=\"robots\" content=\"index, follow, max-snippet:-1, max-image-preview:large, max-video-preview:-1\" \/>\n<link rel=\"canonical\" href=\"https:\/\/letrame.com\/catalogo\/producto\/las-olas-infinitas\/\" \/>\n<meta property=\"og:locale\" content=\"es_ES\" \/>\n<meta property=\"og:type\" content=\"article\" \/>\n<meta property=\"og:title\" content=\"Las Olas Infinitas - Catalogo | Letrame Grupo Editorial\" \/>\n<meta property=\"og:description\" content=\"ISBN: 9791370295134 SINOPSIS \u00abHay palabras que en una familia est\u00e1n prohibidas porque guardan el peso de un oc\u00e9ano\u00bb El trauma de un ahogamiento marc\u00f3 el inicio del silencio entre El\u00edsa y Sof\u00eda. Ahora, una presencia espiritual recorre sus memorias, obligando a revivir lo que el tiempo jur\u00f3 ocultar. En esta novela donde la muerte es solo un umbral, bisabuela y bisnieta deber\u00e1n descubrir qu\u00e9 hay detr\u00e1s de las \u00abolas in nitas\u00bb antes de que el trauma heredado reclame la vida de la \u00faltima de su estirpe. Una historia donde cada cicatriz cuenta una verdad que el mar no pudo callar. Sum\u00e9rgete en un misterio donde las olas son la \u00fanica forma de no hundirse.\" \/>\n<meta property=\"og:url\" content=\"https:\/\/letrame.com\/catalogo\/producto\/las-olas-infinitas\/\" \/>\n<meta property=\"og:site_name\" content=\"Catalogo | Letrame Grupo Editorial\" \/>\n<meta property=\"og:image\" content=\"https:\/\/letrame.com\/catalogo\/wp-content\/uploads\/2026\/04\/lasolasinfinitas_51mm4.jpg\" \/>\n\t<meta property=\"og:image:width\" content=\"768\" \/>\n\t<meta property=\"og:image:height\" content=\"1063\" \/>\n\t<meta property=\"og:image:type\" content=\"image\/jpeg\" \/>\n<meta name=\"twitter:card\" content=\"summary_large_image\" \/>\n<meta name=\"twitter:label1\" content=\"Tiempo de lectura\" \/>\n\t<meta name=\"twitter:data1\" content=\"1 minuto\" \/>\n<script type=\"application\/ld+json\" class=\"yoast-schema-graph\">{\"@context\":\"https:\\\/\\\/schema.org\",\"@graph\":[{\"@type\":\"WebPage\",\"@id\":\"https:\\\/\\\/letrame.com\\\/catalogo\\\/producto\\\/las-olas-infinitas\\\/\",\"url\":\"https:\\\/\\\/letrame.com\\\/catalogo\\\/producto\\\/las-olas-infinitas\\\/\",\"name\":\"Las Olas Infinitas - Catalogo | Letrame Grupo Editorial\",\"isPartOf\":{\"@id\":\"https:\\\/\\\/letrame.com\\\/catalogo\\\/#website\"},\"primaryImageOfPage\":{\"@id\":\"https:\\\/\\\/letrame.com\\\/catalogo\\\/producto\\\/las-olas-infinitas\\\/#primaryimage\"},\"image\":{\"@id\":\"https:\\\/\\\/letrame.com\\\/catalogo\\\/producto\\\/las-olas-infinitas\\\/#primaryimage\"},\"thumbnailUrl\":\"https:\\\/\\\/letrame.com\\\/catalogo\\\/wp-content\\\/uploads\\\/2026\\\/04\\\/lasolasinfinitas_51mm4.jpg\",\"datePublished\":\"2026-04-21T13:43:58+00:00\",\"breadcrumb\":{\"@id\":\"https:\\\/\\\/letrame.com\\\/catalogo\\\/producto\\\/las-olas-infinitas\\\/#breadcrumb\"},\"inLanguage\":\"es\",\"potentialAction\":[{\"@type\":\"ReadAction\",\"target\":[\"https:\\\/\\\/letrame.com\\\/catalogo\\\/producto\\\/las-olas-infinitas\\\/\"]}]},{\"@type\":\"ImageObject\",\"inLanguage\":\"es\",\"@id\":\"https:\\\/\\\/letrame.com\\\/catalogo\\\/producto\\\/las-olas-infinitas\\\/#primaryimage\",\"url\":\"https:\\\/\\\/letrame.com\\\/catalogo\\\/wp-content\\\/uploads\\\/2026\\\/04\\\/lasolasinfinitas_51mm4.jpg\",\"contentUrl\":\"https:\\\/\\\/letrame.com\\\/catalogo\\\/wp-content\\\/uploads\\\/2026\\\/04\\\/lasolasinfinitas_51mm4.jpg\",\"width\":768,\"height\":1063},{\"@type\":\"BreadcrumbList\",\"@id\":\"https:\\\/\\\/letrame.com\\\/catalogo\\\/producto\\\/las-olas-infinitas\\\/#breadcrumb\",\"itemListElement\":[{\"@type\":\"ListItem\",\"position\":1,\"name\":\"Portada\",\"item\":\"https:\\\/\\\/letrame.com\\\/catalogo\\\/\"},{\"@type\":\"ListItem\",\"position\":2,\"name\":\"Cat\u00e1logo\",\"item\":\"https:\\\/\\\/letrame.com\\\/catalogo\\\/\"},{\"@type\":\"ListItem\",\"position\":3,\"name\":\"Las Olas Infinitas\"}]},{\"@type\":\"WebSite\",\"@id\":\"https:\\\/\\\/letrame.com\\\/catalogo\\\/#website\",\"url\":\"https:\\\/\\\/letrame.com\\\/catalogo\\\/\",\"name\":\"Catalogo | Letrame Grupo Editorial\",\"description\":\"\",\"publisher\":{\"@id\":\"https:\\\/\\\/letrame.com\\\/catalogo\\\/#organization\"},\"potentialAction\":[{\"@type\":\"SearchAction\",\"target\":{\"@type\":\"EntryPoint\",\"urlTemplate\":\"https:\\\/\\\/letrame.com\\\/catalogo\\\/?s={search_term_string}\"},\"query-input\":{\"@type\":\"PropertyValueSpecification\",\"valueRequired\":true,\"valueName\":\"search_term_string\"}}],\"inLanguage\":\"es\"},{\"@type\":\"Organization\",\"@id\":\"https:\\\/\\\/letrame.com\\\/catalogo\\\/#organization\",\"name\":\"Catalogo | Letrame Grupo Editorial\",\"url\":\"https:\\\/\\\/letrame.com\\\/catalogo\\\/\",\"logo\":{\"@type\":\"ImageObject\",\"inLanguage\":\"es\",\"@id\":\"https:\\\/\\\/letrame.com\\\/catalogo\\\/#\\\/schema\\\/logo\\\/image\\\/\",\"url\":\"https:\\\/\\\/letrame.com\\\/catalogo\\\/wp-content\\\/uploads\\\/2024\\\/03\\\/logo2.webp\",\"contentUrl\":\"https:\\\/\\\/letrame.com\\\/catalogo\\\/wp-content\\\/uploads\\\/2024\\\/03\\\/logo2.webp\",\"width\":394,\"height\":128,\"caption\":\"Catalogo | Letrame Grupo Editorial\"},\"image\":{\"@id\":\"https:\\\/\\\/letrame.com\\\/catalogo\\\/#\\\/schema\\\/logo\\\/image\\\/\"}}]}<\/script>\n<!-- \/ Yoast SEO plugin. -->","yoast_head_json":{"title":"Las Olas Infinitas - Catalogo | Letrame Grupo Editorial","robots":{"index":"index","follow":"follow","max-snippet":"max-snippet:-1","max-image-preview":"max-image-preview:large","max-video-preview":"max-video-preview:-1"},"canonical":"https:\/\/letrame.com\/catalogo\/producto\/las-olas-infinitas\/","og_locale":"es_ES","og_type":"article","og_title":"Las Olas Infinitas - Catalogo | Letrame Grupo Editorial","og_description":"ISBN: 9791370295134 SINOPSIS \u00abHay palabras que en una familia est\u00e1n prohibidas porque guardan el peso de un oc\u00e9ano\u00bb El trauma de un ahogamiento marc\u00f3 el inicio del silencio entre El\u00edsa y Sof\u00eda. Ahora, una presencia espiritual recorre sus memorias, obligando a revivir lo que el tiempo jur\u00f3 ocultar. En esta novela donde la muerte es solo un umbral, bisabuela y bisnieta deber\u00e1n descubrir qu\u00e9 hay detr\u00e1s de las \u00abolas in nitas\u00bb antes de que el trauma heredado reclame la vida de la \u00faltima de su estirpe. Una historia donde cada cicatriz cuenta una verdad que el mar no pudo callar. Sum\u00e9rgete en un misterio donde las olas son la \u00fanica forma de no hundirse.","og_url":"https:\/\/letrame.com\/catalogo\/producto\/las-olas-infinitas\/","og_site_name":"Catalogo | Letrame Grupo Editorial","og_image":[{"width":768,"height":1063,"url":"https:\/\/letrame.com\/catalogo\/wp-content\/uploads\/2026\/04\/lasolasinfinitas_51mm4.jpg","type":"image\/jpeg"}],"twitter_card":"summary_large_image","twitter_misc":{"Tiempo de lectura":"1 minuto"},"schema":{"@context":"https:\/\/schema.org","@graph":[{"@type":"WebPage","@id":"https:\/\/letrame.com\/catalogo\/producto\/las-olas-infinitas\/","url":"https:\/\/letrame.com\/catalogo\/producto\/las-olas-infinitas\/","name":"Las Olas Infinitas - Catalogo | Letrame Grupo Editorial","isPartOf":{"@id":"https:\/\/letrame.com\/catalogo\/#website"},"primaryImageOfPage":{"@id":"https:\/\/letrame.com\/catalogo\/producto\/las-olas-infinitas\/#primaryimage"},"image":{"@id":"https:\/\/letrame.com\/catalogo\/producto\/las-olas-infinitas\/#primaryimage"},"thumbnailUrl":"https:\/\/letrame.com\/catalogo\/wp-content\/uploads\/2026\/04\/lasolasinfinitas_51mm4.jpg","datePublished":"2026-04-21T13:43:58+00:00","breadcrumb":{"@id":"https:\/\/letrame.com\/catalogo\/producto\/las-olas-infinitas\/#breadcrumb"},"inLanguage":"es","potentialAction":[{"@type":"ReadAction","target":["https:\/\/letrame.com\/catalogo\/producto\/las-olas-infinitas\/"]}]},{"@type":"ImageObject","inLanguage":"es","@id":"https:\/\/letrame.com\/catalogo\/producto\/las-olas-infinitas\/#primaryimage","url":"https:\/\/letrame.com\/catalogo\/wp-content\/uploads\/2026\/04\/lasolasinfinitas_51mm4.jpg","contentUrl":"https:\/\/letrame.com\/catalogo\/wp-content\/uploads\/2026\/04\/lasolasinfinitas_51mm4.jpg","width":768,"height":1063},{"@type":"BreadcrumbList","@id":"https:\/\/letrame.com\/catalogo\/producto\/las-olas-infinitas\/#breadcrumb","itemListElement":[{"@type":"ListItem","position":1,"name":"Portada","item":"https:\/\/letrame.com\/catalogo\/"},{"@type":"ListItem","position":2,"name":"Cat\u00e1logo","item":"https:\/\/letrame.com\/catalogo\/"},{"@type":"ListItem","position":3,"name":"Las Olas Infinitas"}]},{"@type":"WebSite","@id":"https:\/\/letrame.com\/catalogo\/#website","url":"https:\/\/letrame.com\/catalogo\/","name":"Catalogo | Letrame Grupo Editorial","description":"","publisher":{"@id":"https:\/\/letrame.com\/catalogo\/#organization"},"potentialAction":[{"@type":"SearchAction","target":{"@type":"EntryPoint","urlTemplate":"https:\/\/letrame.com\/catalogo\/?s={search_term_string}"},"query-input":{"@type":"PropertyValueSpecification","valueRequired":true,"valueName":"search_term_string"}}],"inLanguage":"es"},{"@type":"Organization","@id":"https:\/\/letrame.com\/catalogo\/#organization","name":"Catalogo | Letrame Grupo Editorial","url":"https:\/\/letrame.com\/catalogo\/","logo":{"@type":"ImageObject","inLanguage":"es","@id":"https:\/\/letrame.com\/catalogo\/#\/schema\/logo\/image\/","url":"https:\/\/letrame.com\/catalogo\/wp-content\/uploads\/2024\/03\/logo2.webp","contentUrl":"https:\/\/letrame.com\/catalogo\/wp-content\/uploads\/2024\/03\/logo2.webp","width":394,"height":128,"caption":"Catalogo | Letrame Grupo Editorial"},"image":{"@id":"https:\/\/letrame.com\/catalogo\/#\/schema\/logo\/image\/"}}]}},"_links":{"self":[{"href":"https:\/\/letrame.com\/catalogo\/wp-json\/wp\/v2\/product\/112440","targetHints":{"allow":["GET"]}}],"collection":[{"href":"https:\/\/letrame.com\/catalogo\/wp-json\/wp\/v2\/product"}],"about":[{"href":"https:\/\/letrame.com\/catalogo\/wp-json\/wp\/v2\/types\/product"}],"replies":[{"embeddable":true,"href":"https:\/\/letrame.com\/catalogo\/wp-json\/wp\/v2\/comments?post=112440"}],"acf:post":[{"embeddable":true,"href":"https:\/\/letrame.com\/catalogo\/wp-json\/wp\/v2\/author_book\/112441"}],"wp:featuredmedia":[{"embeddable":true,"href":"https:\/\/letrame.com\/catalogo\/wp-json\/wp\/v2\/media\/112443"}],"wp:attachment":[{"href":"https:\/\/letrame.com\/catalogo\/wp-json\/wp\/v2\/media?parent=112440"}],"wp:term":[{"taxonomy":"libro","embeddable":true,"href":"https:\/\/letrame.com\/catalogo\/wp-json\/wp\/v2\/libro?post=112440"},{"taxonomy":"product_brand","embeddable":true,"href":"https:\/\/letrame.com\/catalogo\/wp-json\/wp\/v2\/product_brand?post=112440"},{"taxonomy":"product_cat","embeddable":true,"href":"https:\/\/letrame.com\/catalogo\/wp-json\/wp\/v2\/product_cat?post=112440"},{"taxonomy":"product_tag","embeddable":true,"href":"https:\/\/letrame.com\/catalogo\/wp-json\/wp\/v2\/product_tag?post=112440"}],"curies":[{"name":"wp","href":"https:\/\/api.w.org\/{rel}","templated":true}]}}