{"id":112437,"date":"2026-04-21T15:32:04","date_gmt":"2026-04-21T13:32:04","guid":{"rendered":"https:\/\/letrame.com\/catalogo\/?post_type=product&#038;p=112437"},"modified":"2026-04-21T15:32:05","modified_gmt":"2026-04-21T13:32:05","slug":"domina-tu-mente-y-dominaras-el-mundo","status":"publish","type":"product","link":"https:\/\/letrame.com\/catalogo\/producto\/domina-tu-mente-y-dominaras-el-mundo\/","title":{"rendered":"Domina tu mente y dominar\u00e1s el mundo"},"content":{"rendered":"<p class=\"p1\"><b>ISBN: 9791370292812<\/b><b><\/b><\/p>\n<p class=\"p1\"><b>T\u00edtulo: Domina tu mente y dominar\u00e1s el mundo<\/b><br \/>\n<b>Fecha: 2026<\/b><br \/>\n<b>P\u00e1ginas: 432<\/b><b><\/b><\/p>\n<p class=\"p1\"><b>SINOPSIS<\/b><\/p>\n<p class=\"p1\">DOMINA TU MENTE Y DOMINAR\u00c1S EL MUNDO<\/p>\n<p class=\"p1\">Principios de Mentalismo y Hermetismo para despertar tu poder<\/p>\n<p class=\"p1\">Imagina tener en tus manos el poder de transformar tu realidad, de tomar control absoluto sobre tus pensamientos y emociones, y, con ello, crear el \u00e9xito que siempre has deseado. Este libro no es solo una invitaci\u00f3n al conocimiento;<\/p>\n<p class=\"p1\">es un desafio a despertar el potencial infinito que yace dentro de ti.<\/p>\n<p class=\"p1\">Basado en los principios ancestrales del Mentalismo y el Hermetismo, esta obra revela las leyes universales que han guiado a grandes pensadores, l\u00edderes y visionarios a lo largo de la historia. Aqu\u00ed descubrir\u00e1s que el mundo no es un caos incontrolable, sino un reflejo perfecto de tu mente. Al comprender y aplicar estas ense\u00f1anzas, te convertir\u00e1s en el arquitecto de tu destino, dejando atr\u00e1s la incertidumbre y el estancamiento.<\/p>\n<p class=\"p1\">En estas p\u00e1ginas aprender\u00e1s a:<\/p>\n<ul class=\"ul1\">\n<li class=\"li1\">Dominar tus pensamientos para influir en tu realidad y alcanzar tus metas.<\/li>\n<li class=\"li1\">Aplicar los principios herm\u00e9ticos para vivir en armon\u00eda con las leyes universales.<\/li>\n<li class=\"li1\">Despertar tu poder interior, conect\u00e1ndote con tu prop\u00f3sito m\u00e1s elevado.<\/li>\n<li class=\"li1\">Transformar los desaf\u00edos en oportunidades con herramientas pr\u00e1cticas que cambiar\u00e1n tu vida.<\/li>\n<\/ul>\n<p class=\"p1\">Este no es un libro m\u00e1s sobre desarrollo personal; es un mapa hacia la trascendencia y la manifestaci\u00f3n consciente. Cada cap\u00edtulo combina la sabidur\u00eda ancestral con aplicaciones pr\u00e1cticas para que no solo leas sobre el \u00e9xito, sino que lo vivas en cada \u00e1rea de tu vida.<\/p>\n<p class=\"p1\">\u00bfEst\u00e1s listo para dominar tu mente y transformar t\u00fa mundo?<\/p>\n<p class=\"p1\">El momento es ahora. Toma el control. Despierta tu poder.<\/p>\n<p class=\"p1\">\u00abEl que domina su mente se convierte en due\u00f1o de su destino.<\/p>\n<p class=\"p1\">Todo lo dem\u00e1s es el eco de su voluntad\u00bb. &#8211; Hermes Trismegisto<\/p>\n","protected":false},"excerpt":{"rendered":"<p class=\"p1\"><b>ISBN: 9791370292812<\/b><b><\/b><\/p>\n<p class=\"p1\"><b>SINOPSIS<\/b><\/p>\n<p class=\"p1\">DOMINA TU MENTE Y DOMINAR\u00c1S EL MUNDO<\/p>\n<p class=\"p1\">Principios de Mentalismo y Hermetismo para despertar tu poder<\/p>\n<p class=\"p1\">Imagina tener en tus manos el poder de transformar tu realidad, de tomar control absoluto sobre tus pensamientos y emociones, y, con ello, crear el \u00e9xito que siempre has deseado. Este libro no es solo una invitaci\u00f3n al conocimiento;<\/p>\n<p class=\"p1\">es un desafio a despertar el potencial infinito que yace dentro de ti.<\/p>\n<p class=\"p1\">Basado en los principios ancestrales del Mentalismo y el Hermetismo, esta obra revela las leyes universales que han guiado a grandes pensadores, l\u00edderes y visionarios a lo largo de la historia. Aqu\u00ed descubrir\u00e1s que el mundo no es un caos incontrolable, sino un reflejo perfecto de tu mente. Al comprender y aplicar estas ense\u00f1anzas, te convertir\u00e1s en el arquitecto de tu destino, dejando atr\u00e1s la incertidumbre y el estancamiento.<\/p>\n<p class=\"p1\">En estas p\u00e1ginas aprender\u00e1s a:<\/p>\n<ul class=\"ul1\">\n<li class=\"li1\">Dominar tus pensamientos para influir en tu realidad y alcanzar tus metas.<\/li>\n<li class=\"li1\">Aplicar los principios herm\u00e9ticos para vivir en armon\u00eda con las leyes universales.<\/li>\n<li class=\"li1\">Despertar tu poder interior, conect\u00e1ndote con tu prop\u00f3sito m\u00e1s elevado.<\/li>\n<li class=\"li1\">Transformar los desaf\u00edos en oportunidades con herramientas pr\u00e1cticas que cambiar\u00e1n tu vida.<\/li>\n<\/ul>\n<p class=\"p1\">Este no es un libro m\u00e1s sobre desarrollo personal; es un mapa hacia la trascendencia y la manifestaci\u00f3n consciente. Cada cap\u00edtulo combina la sabidur\u00eda ancestral con aplicaciones pr\u00e1cticas para que no solo leas sobre el \u00e9xito, sino que lo vivas en cada \u00e1rea de tu vida.<\/p>\n<p class=\"p1\">\u00bfEst\u00e1s listo para dominar tu mente y transformar t\u00fa mundo?<\/p>\n<p class=\"p1\">El momento es ahora. Toma el control. Despierta tu poder.<\/p>\n<p class=\"p1\">\u00abEl que domina su mente se convierte en due\u00f1o de su destino.<\/p>\n<p class=\"p1\">Todo lo dem\u00e1s es el eco de su voluntad\u00bb. &#8211; Hermes Trismegisto<\/p>\n","protected":false},"featured_media":112438,"comment_status":"open","ping_status":"closed","template":"","meta":{"_acf_changed":false},"libro":[],"product_brand":[],"product_cat":[30],"product_tag":[],"class_list":{"0":"post-112437","1":"product","2":"type-product","3":"status-publish","4":"has-post-thumbnail","6":"product_cat-desarrollo-personal-y-autoconocimiento","8":"first","9":"instock","10":"shipping-taxable","11":"product-type-simple"},"acf":{"autor":[111634],"enlace_de_compra":"https:\/\/amzn.to\/492I6G7"},"yoast_head":"<!-- This site is optimized with the Yoast SEO plugin v27.4 - https:\/\/yoast.com\/product\/yoast-seo-wordpress\/ -->\n<title>Domina tu mente y dominar\u00e1s el mundo - Catalogo | Letrame Grupo Editorial<\/title>\n<meta name=\"robots\" content=\"index, follow, max-snippet:-1, max-image-preview:large, max-video-preview:-1\" \/>\n<link rel=\"canonical\" href=\"https:\/\/letrame.com\/catalogo\/producto\/domina-tu-mente-y-dominaras-el-mundo\/\" \/>\n<meta property=\"og:locale\" content=\"es_ES\" \/>\n<meta property=\"og:type\" content=\"article\" \/>\n<meta property=\"og:title\" content=\"Domina tu mente y dominar\u00e1s el mundo - Catalogo | Letrame Grupo Editorial\" \/>\n<meta property=\"og:description\" content=\"ISBN: 9791370292812 SINOPSIS DOMINA TU MENTE Y DOMINAR\u00c1S EL MUNDO Principios de Mentalismo y Hermetismo para despertar tu poder Imagina tener en tus manos el poder de transformar tu realidad, de tomar control absoluto sobre tus pensamientos y emociones, y, con ello, crear el \u00e9xito que siempre has deseado. Este libro no es solo una invitaci\u00f3n al conocimiento; es un desafio a despertar el potencial infinito que yace dentro de ti. Basado en los principios ancestrales del Mentalismo y el Hermetismo, esta obra revela las leyes universales que han guiado a grandes pensadores, l\u00edderes y visionarios a lo largo de la historia. Aqu\u00ed descubrir\u00e1s que el mundo no es un caos incontrolable, sino un reflejo perfecto de tu mente. Al comprender y aplicar estas ense\u00f1anzas, te convertir\u00e1s en el arquitecto de tu destino, dejando atr\u00e1s la incertidumbre y el estancamiento. En estas p\u00e1ginas aprender\u00e1s a:    Dominar tus pensamientos para influir en tu realidad y alcanzar tus metas.  Aplicar los principios herm\u00e9ticos para vivir en armon\u00eda con las leyes universales.  Despertar tu poder interior, conect\u00e1ndote con tu prop\u00f3sito m\u00e1s elevado.  Transformar los desaf\u00edos en oportunidades con herramientas pr\u00e1cticas que cambiar\u00e1n tu vida.  Este no es un libro m\u00e1s sobre desarrollo personal; es un mapa hacia la trascendencia y la manifestaci\u00f3n consciente. Cada cap\u00edtulo combina la sabidur\u00eda ancestral con aplicaciones pr\u00e1cticas para que no solo leas sobre el \u00e9xito, sino que lo vivas en cada \u00e1rea de tu vida. \u00bfEst\u00e1s listo para dominar tu mente y transformar t\u00fa mundo? El momento es ahora. Toma el control. Despierta tu poder. \u00abEl que domina su mente se convierte en due\u00f1o de su destino. Todo lo dem\u00e1s es el eco de su voluntad\u00bb. - Hermes Trismegisto\" \/>\n<meta property=\"og:url\" content=\"https:\/\/letrame.com\/catalogo\/producto\/domina-tu-mente-y-dominaras-el-mundo\/\" \/>\n<meta property=\"og:site_name\" content=\"Catalogo | Letrame Grupo Editorial\" \/>\n<meta property=\"article:modified_time\" content=\"2026-04-21T13:32:05+00:00\" \/>\n<meta property=\"og:image\" content=\"https:\/\/letrame.com\/catalogo\/wp-content\/uploads\/2026\/04\/dominatumente_201mm4.jpg\" \/>\n\t<meta property=\"og:image:width\" content=\"620\" \/>\n\t<meta property=\"og:image:height\" content=\"909\" \/>\n\t<meta property=\"og:image:type\" content=\"image\/jpeg\" \/>\n<meta name=\"twitter:card\" content=\"summary_large_image\" \/>\n<meta name=\"twitter:label1\" content=\"Tiempo de lectura\" \/>\n\t<meta name=\"twitter:data1\" content=\"2 minutos\" \/>\n<script type=\"application\/ld+json\" class=\"yoast-schema-graph\">{\"@context\":\"https:\\\/\\\/schema.org\",\"@graph\":[{\"@type\":\"WebPage\",\"@id\":\"https:\\\/\\\/letrame.com\\\/catalogo\\\/producto\\\/domina-tu-mente-y-dominaras-el-mundo\\\/\",\"url\":\"https:\\\/\\\/letrame.com\\\/catalogo\\\/producto\\\/domina-tu-mente-y-dominaras-el-mundo\\\/\",\"name\":\"Domina tu mente y dominar\u00e1s el mundo - Catalogo | Letrame Grupo Editorial\",\"isPartOf\":{\"@id\":\"https:\\\/\\\/letrame.com\\\/catalogo\\\/#website\"},\"primaryImageOfPage\":{\"@id\":\"https:\\\/\\\/letrame.com\\\/catalogo\\\/producto\\\/domina-tu-mente-y-dominaras-el-mundo\\\/#primaryimage\"},\"image\":{\"@id\":\"https:\\\/\\\/letrame.com\\\/catalogo\\\/producto\\\/domina-tu-mente-y-dominaras-el-mundo\\\/#primaryimage\"},\"thumbnailUrl\":\"https:\\\/\\\/letrame.com\\\/catalogo\\\/wp-content\\\/uploads\\\/2026\\\/04\\\/dominatumente_201mm4.jpg\",\"datePublished\":\"2026-04-21T13:32:04+00:00\",\"dateModified\":\"2026-04-21T13:32:05+00:00\",\"breadcrumb\":{\"@id\":\"https:\\\/\\\/letrame.com\\\/catalogo\\\/producto\\\/domina-tu-mente-y-dominaras-el-mundo\\\/#breadcrumb\"},\"inLanguage\":\"es\",\"potentialAction\":[{\"@type\":\"ReadAction\",\"target\":[\"https:\\\/\\\/letrame.com\\\/catalogo\\\/producto\\\/domina-tu-mente-y-dominaras-el-mundo\\\/\"]}]},{\"@type\":\"ImageObject\",\"inLanguage\":\"es\",\"@id\":\"https:\\\/\\\/letrame.com\\\/catalogo\\\/producto\\\/domina-tu-mente-y-dominaras-el-mundo\\\/#primaryimage\",\"url\":\"https:\\\/\\\/letrame.com\\\/catalogo\\\/wp-content\\\/uploads\\\/2026\\\/04\\\/dominatumente_201mm4.jpg\",\"contentUrl\":\"https:\\\/\\\/letrame.com\\\/catalogo\\\/wp-content\\\/uploads\\\/2026\\\/04\\\/dominatumente_201mm4.jpg\",\"width\":620,\"height\":909},{\"@type\":\"BreadcrumbList\",\"@id\":\"https:\\\/\\\/letrame.com\\\/catalogo\\\/producto\\\/domina-tu-mente-y-dominaras-el-mundo\\\/#breadcrumb\",\"itemListElement\":[{\"@type\":\"ListItem\",\"position\":1,\"name\":\"Portada\",\"item\":\"https:\\\/\\\/letrame.com\\\/catalogo\\\/\"},{\"@type\":\"ListItem\",\"position\":2,\"name\":\"Cat\u00e1logo\",\"item\":\"https:\\\/\\\/letrame.com\\\/catalogo\\\/\"},{\"@type\":\"ListItem\",\"position\":3,\"name\":\"Domina tu mente y dominar\u00e1s el mundo\"}]},{\"@type\":\"WebSite\",\"@id\":\"https:\\\/\\\/letrame.com\\\/catalogo\\\/#website\",\"url\":\"https:\\\/\\\/letrame.com\\\/catalogo\\\/\",\"name\":\"Catalogo | Letrame Grupo Editorial\",\"description\":\"\",\"publisher\":{\"@id\":\"https:\\\/\\\/letrame.com\\\/catalogo\\\/#organization\"},\"potentialAction\":[{\"@type\":\"SearchAction\",\"target\":{\"@type\":\"EntryPoint\",\"urlTemplate\":\"https:\\\/\\\/letrame.com\\\/catalogo\\\/?s={search_term_string}\"},\"query-input\":{\"@type\":\"PropertyValueSpecification\",\"valueRequired\":true,\"valueName\":\"search_term_string\"}}],\"inLanguage\":\"es\"},{\"@type\":\"Organization\",\"@id\":\"https:\\\/\\\/letrame.com\\\/catalogo\\\/#organization\",\"name\":\"Catalogo | Letrame Grupo Editorial\",\"url\":\"https:\\\/\\\/letrame.com\\\/catalogo\\\/\",\"logo\":{\"@type\":\"ImageObject\",\"inLanguage\":\"es\",\"@id\":\"https:\\\/\\\/letrame.com\\\/catalogo\\\/#\\\/schema\\\/logo\\\/image\\\/\",\"url\":\"https:\\\/\\\/letrame.com\\\/catalogo\\\/wp-content\\\/uploads\\\/2024\\\/03\\\/logo2.webp\",\"contentUrl\":\"https:\\\/\\\/letrame.com\\\/catalogo\\\/wp-content\\\/uploads\\\/2024\\\/03\\\/logo2.webp\",\"width\":394,\"height\":128,\"caption\":\"Catalogo | Letrame Grupo Editorial\"},\"image\":{\"@id\":\"https:\\\/\\\/letrame.com\\\/catalogo\\\/#\\\/schema\\\/logo\\\/image\\\/\"}}]}<\/script>\n<!-- \/ Yoast SEO plugin. -->","yoast_head_json":{"title":"Domina tu mente y dominar\u00e1s el mundo - Catalogo | Letrame Grupo Editorial","robots":{"index":"index","follow":"follow","max-snippet":"max-snippet:-1","max-image-preview":"max-image-preview:large","max-video-preview":"max-video-preview:-1"},"canonical":"https:\/\/letrame.com\/catalogo\/producto\/domina-tu-mente-y-dominaras-el-mundo\/","og_locale":"es_ES","og_type":"article","og_title":"Domina tu mente y dominar\u00e1s el mundo - Catalogo | Letrame Grupo Editorial","og_description":"ISBN: 9791370292812 SINOPSIS DOMINA TU MENTE Y DOMINAR\u00c1S EL MUNDO Principios de Mentalismo y Hermetismo para despertar tu poder Imagina tener en tus manos el poder de transformar tu realidad, de tomar control absoluto sobre tus pensamientos y emociones, y, con ello, crear el \u00e9xito que siempre has deseado. Este libro no es solo una invitaci\u00f3n al conocimiento; es un desafio a despertar el potencial infinito que yace dentro de ti. Basado en los principios ancestrales del Mentalismo y el Hermetismo, esta obra revela las leyes universales que han guiado a grandes pensadores, l\u00edderes y visionarios a lo largo de la historia. Aqu\u00ed descubrir\u00e1s que el mundo no es un caos incontrolable, sino un reflejo perfecto de tu mente. Al comprender y aplicar estas ense\u00f1anzas, te convertir\u00e1s en el arquitecto de tu destino, dejando atr\u00e1s la incertidumbre y el estancamiento. En estas p\u00e1ginas aprender\u00e1s a:    Dominar tus pensamientos para influir en tu realidad y alcanzar tus metas.  Aplicar los principios herm\u00e9ticos para vivir en armon\u00eda con las leyes universales.  Despertar tu poder interior, conect\u00e1ndote con tu prop\u00f3sito m\u00e1s elevado.  Transformar los desaf\u00edos en oportunidades con herramientas pr\u00e1cticas que cambiar\u00e1n tu vida.  Este no es un libro m\u00e1s sobre desarrollo personal; es un mapa hacia la trascendencia y la manifestaci\u00f3n consciente. Cada cap\u00edtulo combina la sabidur\u00eda ancestral con aplicaciones pr\u00e1cticas para que no solo leas sobre el \u00e9xito, sino que lo vivas en cada \u00e1rea de tu vida. \u00bfEst\u00e1s listo para dominar tu mente y transformar t\u00fa mundo? El momento es ahora. Toma el control. Despierta tu poder. \u00abEl que domina su mente se convierte en due\u00f1o de su destino. Todo lo dem\u00e1s es el eco de su voluntad\u00bb. - Hermes Trismegisto","og_url":"https:\/\/letrame.com\/catalogo\/producto\/domina-tu-mente-y-dominaras-el-mundo\/","og_site_name":"Catalogo | Letrame Grupo Editorial","article_modified_time":"2026-04-21T13:32:05+00:00","og_image":[{"width":620,"height":909,"url":"https:\/\/letrame.com\/catalogo\/wp-content\/uploads\/2026\/04\/dominatumente_201mm4.jpg","type":"image\/jpeg"}],"twitter_card":"summary_large_image","twitter_misc":{"Tiempo de lectura":"2 minutos"},"schema":{"@context":"https:\/\/schema.org","@graph":[{"@type":"WebPage","@id":"https:\/\/letrame.com\/catalogo\/producto\/domina-tu-mente-y-dominaras-el-mundo\/","url":"https:\/\/letrame.com\/catalogo\/producto\/domina-tu-mente-y-dominaras-el-mundo\/","name":"Domina tu mente y dominar\u00e1s el mundo - Catalogo | Letrame Grupo Editorial","isPartOf":{"@id":"https:\/\/letrame.com\/catalogo\/#website"},"primaryImageOfPage":{"@id":"https:\/\/letrame.com\/catalogo\/producto\/domina-tu-mente-y-dominaras-el-mundo\/#primaryimage"},"image":{"@id":"https:\/\/letrame.com\/catalogo\/producto\/domina-tu-mente-y-dominaras-el-mundo\/#primaryimage"},"thumbnailUrl":"https:\/\/letrame.com\/catalogo\/wp-content\/uploads\/2026\/04\/dominatumente_201mm4.jpg","datePublished":"2026-04-21T13:32:04+00:00","dateModified":"2026-04-21T13:32:05+00:00","breadcrumb":{"@id":"https:\/\/letrame.com\/catalogo\/producto\/domina-tu-mente-y-dominaras-el-mundo\/#breadcrumb"},"inLanguage":"es","potentialAction":[{"@type":"ReadAction","target":["https:\/\/letrame.com\/catalogo\/producto\/domina-tu-mente-y-dominaras-el-mundo\/"]}]},{"@type":"ImageObject","inLanguage":"es","@id":"https:\/\/letrame.com\/catalogo\/producto\/domina-tu-mente-y-dominaras-el-mundo\/#primaryimage","url":"https:\/\/letrame.com\/catalogo\/wp-content\/uploads\/2026\/04\/dominatumente_201mm4.jpg","contentUrl":"https:\/\/letrame.com\/catalogo\/wp-content\/uploads\/2026\/04\/dominatumente_201mm4.jpg","width":620,"height":909},{"@type":"BreadcrumbList","@id":"https:\/\/letrame.com\/catalogo\/producto\/domina-tu-mente-y-dominaras-el-mundo\/#breadcrumb","itemListElement":[{"@type":"ListItem","position":1,"name":"Portada","item":"https:\/\/letrame.com\/catalogo\/"},{"@type":"ListItem","position":2,"name":"Cat\u00e1logo","item":"https:\/\/letrame.com\/catalogo\/"},{"@type":"ListItem","position":3,"name":"Domina tu mente y dominar\u00e1s el mundo"}]},{"@type":"WebSite","@id":"https:\/\/letrame.com\/catalogo\/#website","url":"https:\/\/letrame.com\/catalogo\/","name":"Catalogo | Letrame Grupo Editorial","description":"","publisher":{"@id":"https:\/\/letrame.com\/catalogo\/#organization"},"potentialAction":[{"@type":"SearchAction","target":{"@type":"EntryPoint","urlTemplate":"https:\/\/letrame.com\/catalogo\/?s={search_term_string}"},"query-input":{"@type":"PropertyValueSpecification","valueRequired":true,"valueName":"search_term_string"}}],"inLanguage":"es"},{"@type":"Organization","@id":"https:\/\/letrame.com\/catalogo\/#organization","name":"Catalogo | Letrame Grupo Editorial","url":"https:\/\/letrame.com\/catalogo\/","logo":{"@type":"ImageObject","inLanguage":"es","@id":"https:\/\/letrame.com\/catalogo\/#\/schema\/logo\/image\/","url":"https:\/\/letrame.com\/catalogo\/wp-content\/uploads\/2024\/03\/logo2.webp","contentUrl":"https:\/\/letrame.com\/catalogo\/wp-content\/uploads\/2024\/03\/logo2.webp","width":394,"height":128,"caption":"Catalogo | Letrame Grupo Editorial"},"image":{"@id":"https:\/\/letrame.com\/catalogo\/#\/schema\/logo\/image\/"}}]}},"_links":{"self":[{"href":"https:\/\/letrame.com\/catalogo\/wp-json\/wp\/v2\/product\/112437","targetHints":{"allow":["GET"]}}],"collection":[{"href":"https:\/\/letrame.com\/catalogo\/wp-json\/wp\/v2\/product"}],"about":[{"href":"https:\/\/letrame.com\/catalogo\/wp-json\/wp\/v2\/types\/product"}],"replies":[{"embeddable":true,"href":"https:\/\/letrame.com\/catalogo\/wp-json\/wp\/v2\/comments?post=112437"}],"acf:post":[{"embeddable":true,"href":"https:\/\/letrame.com\/catalogo\/wp-json\/wp\/v2\/author_book\/111634"}],"wp:featuredmedia":[{"embeddable":true,"href":"https:\/\/letrame.com\/catalogo\/wp-json\/wp\/v2\/media\/112438"}],"wp:attachment":[{"href":"https:\/\/letrame.com\/catalogo\/wp-json\/wp\/v2\/media?parent=112437"}],"wp:term":[{"taxonomy":"libro","embeddable":true,"href":"https:\/\/letrame.com\/catalogo\/wp-json\/wp\/v2\/libro?post=112437"},{"taxonomy":"product_brand","embeddable":true,"href":"https:\/\/letrame.com\/catalogo\/wp-json\/wp\/v2\/product_brand?post=112437"},{"taxonomy":"product_cat","embeddable":true,"href":"https:\/\/letrame.com\/catalogo\/wp-json\/wp\/v2\/product_cat?post=112437"},{"taxonomy":"product_tag","embeddable":true,"href":"https:\/\/letrame.com\/catalogo\/wp-json\/wp\/v2\/product_tag?post=112437"}],"curies":[{"name":"wp","href":"https:\/\/api.w.org\/{rel}","templated":true}]}}