{"id":112430,"date":"2026-04-21T15:22:21","date_gmt":"2026-04-21T13:22:21","guid":{"rendered":"https:\/\/letrame.com\/catalogo\/?post_type=product&#038;p=112430"},"modified":"2026-04-21T15:24:14","modified_gmt":"2026-04-21T13:24:14","slug":"querer-me-te-nos-bonito","status":"publish","type":"product","link":"https:\/\/letrame.com\/catalogo\/producto\/querer-me-te-nos-bonito\/","title":{"rendered":"QB. Querer (me, te, nos) bonito"},"content":{"rendered":"<p class=\"p1\"><b>ISBN: 9791370294601<\/b><b><\/b><\/p>\n<p class=\"p1\"><b>T\u00edtulo: QB. Querer (me, te, nos) bonito<\/b><br \/>\n<b>Fecha: 2026<\/b><br \/>\n<b>P\u00e1ginas: 306<\/b><b><\/b><\/p>\n<p class=\"p1\"><b>SINOPSIS<\/b><\/p>\n<p class=\"p1\">Olivia ha llegado a ese punto de la vida en el que nada encaja como deber\u00eda. Quiso estudiar, sentirse mejor consigo misma, querer menos a los dem\u00e1s y m\u00e1s a ella&#8230; pero la realidad no entendi\u00f3 sus planes.<\/p>\n<p class=\"p1\">Entre noches insomnes, par\u00e1lisis que la envuelven de miedo y silencios que pesan demasiado, su refugio es un banco mirando a la luna y la compa\u00f1\u00eda incondicional de Luca, su mejor amigo, esa familia que se elige sin explicaciones.<\/p>\n<p class=\"p1\">Con la ayuda de Talia, su psiquiatra, Olivia inicia un camino hacia dentro: un lugar dif\u00edcil, lleno de heridas sin cerrar y preguntas sin nombre. All\u00ed se busca a ella misma, a la ni\u00f1a que fue, a la mujer que intenta ser&#8230; y a la calma que tanto anhela.<\/p>\n<p class=\"p1\">Pero el mundo no se detiene. La distancia con su padre \u2014su \u00fanico hogar desde que su madre desapareci\u00f3\u2014, la irrupci\u00f3n inesperada de un desconocido que parece verla de verdad y las cicatrices que la vida insiste en recordarle, la obligan a enfrentarse a lo que siempre evit\u00f3: sentirse vulnerable.<\/p>\n<p class=\"p1\">A trav\u00e9s de una historia cotidiana y luminosa, Victoria Becedas nos recuerda que sanarse lleva tiempo, que pedir ayuda es un acto de amor y que quererse bonito \u2014a uno mismo y a los de-m\u00e1s\u2014 es un viaje, no un destino.<\/p>\n<p>&nbsp;<\/p>\n","protected":false},"excerpt":{"rendered":"<p class=\"p1\"><b>ISBN: 9791370294601<\/b><b><\/b><\/p>\n<p class=\"p1\"><b>SINOPSIS<\/b><\/p>\n<p class=\"p1\">Olivia ha llegado a ese punto de la vida en el que nada encaja como deber\u00eda. Quiso estudiar, sentirse mejor consigo misma, querer menos a los dem\u00e1s y m\u00e1s a ella&#8230; pero la realidad no entendi\u00f3 sus planes.<\/p>\n<p class=\"p1\">Entre noches insomnes, par\u00e1lisis que la envuelven de miedo y silencios que pesan demasiado, su refugio es un banco mirando a la luna y la compa\u00f1\u00eda incondicional de Luca, su mejor amigo, esa familia que se elige sin explicaciones.<\/p>\n<p class=\"p1\">Con la ayuda de Talia, su psiquiatra, Olivia inicia un camino hacia dentro: un lugar dif\u00edcil, lleno de heridas sin cerrar y preguntas sin nombre. All\u00ed se busca a ella misma, a la ni\u00f1a que fue, a la mujer que intenta ser&#8230; y a la calma que tanto anhela.<\/p>\n<p class=\"p1\">Pero el mundo no se detiene. La distancia con su padre \u2014su \u00fanico hogar desde que su madre desapareci\u00f3\u2014, la irrupci\u00f3n inesperada de un desconocido que parece verla de verdad y las cicatrices que la vida insiste en recordarle, la obligan a enfrentarse a lo que siempre evit\u00f3: sentirse vulnerable.<\/p>\n<p class=\"p1\">A trav\u00e9s de una historia cotidiana y luminosa, Victoria Becedas nos recuerda que sanarse lleva tiempo, que pedir ayuda es un acto de amor y que quererse bonito \u2014a uno mismo y a los de-m\u00e1s\u2014 es un viaje, no un destino.<\/p>\n<p>&nbsp;<\/p>\n","protected":false},"featured_media":112433,"comment_status":"open","ping_status":"closed","template":"","meta":{"_acf_changed":false},"libro":[],"product_brand":[],"product_cat":[141],"product_tag":[],"class_list":{"0":"post-112430","1":"product","2":"type-product","3":"status-publish","4":"has-post-thumbnail","6":"product_cat-ficcion","8":"first","9":"instock","10":"shipping-taxable","11":"product-type-simple"},"acf":{"autor":[112431],"enlace_de_compra":"https:\/\/amzn.to\/3OvHEJG"},"yoast_head":"<!-- This site is optimized with the Yoast SEO plugin v27.4 - https:\/\/yoast.com\/product\/yoast-seo-wordpress\/ -->\n<title>QB. Querer (me, te, nos) bonito - Catalogo | Letrame Grupo Editorial<\/title>\n<meta name=\"robots\" content=\"index, follow, max-snippet:-1, max-image-preview:large, max-video-preview:-1\" \/>\n<link rel=\"canonical\" href=\"https:\/\/letrame.com\/catalogo\/producto\/querer-me-te-nos-bonito\/\" \/>\n<meta property=\"og:locale\" content=\"es_ES\" \/>\n<meta property=\"og:type\" content=\"article\" \/>\n<meta property=\"og:title\" content=\"QB. Querer (me, te, nos) bonito - Catalogo | Letrame Grupo Editorial\" \/>\n<meta property=\"og:description\" content=\"ISBN: 9791370294601 SINOPSIS Olivia ha llegado a ese punto de la vida en el que nada encaja como deber\u00eda. Quiso estudiar, sentirse mejor consigo misma, querer menos a los dem\u00e1s y m\u00e1s a ella... pero la realidad no entendi\u00f3 sus planes. Entre noches insomnes, par\u00e1lisis que la envuelven de miedo y silencios que pesan demasiado, su refugio es un banco mirando a la luna y la compa\u00f1\u00eda incondicional de Luca, su mejor amigo, esa familia que se elige sin explicaciones. Con la ayuda de Talia, su psiquiatra, Olivia inicia un camino hacia dentro: un lugar dif\u00edcil, lleno de heridas sin cerrar y preguntas sin nombre. All\u00ed se busca a ella misma, a la ni\u00f1a que fue, a la mujer que intenta ser... y a la calma que tanto anhela. Pero el mundo no se detiene. La distancia con su padre \u2014su \u00fanico hogar desde que su madre desapareci\u00f3\u2014, la irrupci\u00f3n inesperada de un desconocido que parece verla de verdad y las cicatrices que la vida insiste en recordarle, la obligan a enfrentarse a lo que siempre evit\u00f3: sentirse vulnerable. A trav\u00e9s de una historia cotidiana y luminosa, Victoria Becedas nos recuerda que sanarse lleva tiempo, que pedir ayuda es un acto de amor y que quererse bonito \u2014a uno mismo y a los de-m\u00e1s\u2014 es un viaje, no un destino. &nbsp;\" \/>\n<meta property=\"og:url\" content=\"https:\/\/letrame.com\/catalogo\/producto\/querer-me-te-nos-bonito\/\" \/>\n<meta property=\"og:site_name\" content=\"Catalogo | Letrame Grupo Editorial\" \/>\n<meta property=\"article:modified_time\" content=\"2026-04-21T13:24:14+00:00\" \/>\n<meta property=\"og:image\" content=\"https:\/\/letrame.com\/catalogo\/wp-content\/uploads\/2026\/04\/QB_1368mm4.jpg\" \/>\n\t<meta property=\"og:image:width\" content=\"709\" \/>\n\t<meta property=\"og:image:height\" content=\"1039\" \/>\n\t<meta property=\"og:image:type\" content=\"image\/jpeg\" \/>\n<meta name=\"twitter:card\" content=\"summary_large_image\" \/>\n<meta name=\"twitter:label1\" content=\"Tiempo de lectura\" \/>\n\t<meta name=\"twitter:data1\" content=\"2 minutos\" \/>\n<script type=\"application\/ld+json\" class=\"yoast-schema-graph\">{\"@context\":\"https:\\\/\\\/schema.org\",\"@graph\":[{\"@type\":\"WebPage\",\"@id\":\"https:\\\/\\\/letrame.com\\\/catalogo\\\/producto\\\/querer-me-te-nos-bonito\\\/\",\"url\":\"https:\\\/\\\/letrame.com\\\/catalogo\\\/producto\\\/querer-me-te-nos-bonito\\\/\",\"name\":\"QB. Querer (me, te, nos) bonito - Catalogo | Letrame Grupo Editorial\",\"isPartOf\":{\"@id\":\"https:\\\/\\\/letrame.com\\\/catalogo\\\/#website\"},\"primaryImageOfPage\":{\"@id\":\"https:\\\/\\\/letrame.com\\\/catalogo\\\/producto\\\/querer-me-te-nos-bonito\\\/#primaryimage\"},\"image\":{\"@id\":\"https:\\\/\\\/letrame.com\\\/catalogo\\\/producto\\\/querer-me-te-nos-bonito\\\/#primaryimage\"},\"thumbnailUrl\":\"https:\\\/\\\/letrame.com\\\/catalogo\\\/wp-content\\\/uploads\\\/2026\\\/04\\\/QB_1368mm4.jpg\",\"datePublished\":\"2026-04-21T13:22:21+00:00\",\"dateModified\":\"2026-04-21T13:24:14+00:00\",\"breadcrumb\":{\"@id\":\"https:\\\/\\\/letrame.com\\\/catalogo\\\/producto\\\/querer-me-te-nos-bonito\\\/#breadcrumb\"},\"inLanguage\":\"es\",\"potentialAction\":[{\"@type\":\"ReadAction\",\"target\":[\"https:\\\/\\\/letrame.com\\\/catalogo\\\/producto\\\/querer-me-te-nos-bonito\\\/\"]}]},{\"@type\":\"ImageObject\",\"inLanguage\":\"es\",\"@id\":\"https:\\\/\\\/letrame.com\\\/catalogo\\\/producto\\\/querer-me-te-nos-bonito\\\/#primaryimage\",\"url\":\"https:\\\/\\\/letrame.com\\\/catalogo\\\/wp-content\\\/uploads\\\/2026\\\/04\\\/QB_1368mm4.jpg\",\"contentUrl\":\"https:\\\/\\\/letrame.com\\\/catalogo\\\/wp-content\\\/uploads\\\/2026\\\/04\\\/QB_1368mm4.jpg\",\"width\":709,\"height\":1039},{\"@type\":\"BreadcrumbList\",\"@id\":\"https:\\\/\\\/letrame.com\\\/catalogo\\\/producto\\\/querer-me-te-nos-bonito\\\/#breadcrumb\",\"itemListElement\":[{\"@type\":\"ListItem\",\"position\":1,\"name\":\"Portada\",\"item\":\"https:\\\/\\\/letrame.com\\\/catalogo\\\/\"},{\"@type\":\"ListItem\",\"position\":2,\"name\":\"Cat\u00e1logo\",\"item\":\"https:\\\/\\\/letrame.com\\\/catalogo\\\/\"},{\"@type\":\"ListItem\",\"position\":3,\"name\":\"QB. Querer (me, te, nos) bonito\"}]},{\"@type\":\"WebSite\",\"@id\":\"https:\\\/\\\/letrame.com\\\/catalogo\\\/#website\",\"url\":\"https:\\\/\\\/letrame.com\\\/catalogo\\\/\",\"name\":\"Catalogo | Letrame Grupo Editorial\",\"description\":\"\",\"publisher\":{\"@id\":\"https:\\\/\\\/letrame.com\\\/catalogo\\\/#organization\"},\"potentialAction\":[{\"@type\":\"SearchAction\",\"target\":{\"@type\":\"EntryPoint\",\"urlTemplate\":\"https:\\\/\\\/letrame.com\\\/catalogo\\\/?s={search_term_string}\"},\"query-input\":{\"@type\":\"PropertyValueSpecification\",\"valueRequired\":true,\"valueName\":\"search_term_string\"}}],\"inLanguage\":\"es\"},{\"@type\":\"Organization\",\"@id\":\"https:\\\/\\\/letrame.com\\\/catalogo\\\/#organization\",\"name\":\"Catalogo | Letrame Grupo Editorial\",\"url\":\"https:\\\/\\\/letrame.com\\\/catalogo\\\/\",\"logo\":{\"@type\":\"ImageObject\",\"inLanguage\":\"es\",\"@id\":\"https:\\\/\\\/letrame.com\\\/catalogo\\\/#\\\/schema\\\/logo\\\/image\\\/\",\"url\":\"https:\\\/\\\/letrame.com\\\/catalogo\\\/wp-content\\\/uploads\\\/2024\\\/03\\\/logo2.webp\",\"contentUrl\":\"https:\\\/\\\/letrame.com\\\/catalogo\\\/wp-content\\\/uploads\\\/2024\\\/03\\\/logo2.webp\",\"width\":394,\"height\":128,\"caption\":\"Catalogo | Letrame Grupo Editorial\"},\"image\":{\"@id\":\"https:\\\/\\\/letrame.com\\\/catalogo\\\/#\\\/schema\\\/logo\\\/image\\\/\"}}]}<\/script>\n<!-- \/ Yoast SEO plugin. -->","yoast_head_json":{"title":"QB. Querer (me, te, nos) bonito - Catalogo | Letrame Grupo Editorial","robots":{"index":"index","follow":"follow","max-snippet":"max-snippet:-1","max-image-preview":"max-image-preview:large","max-video-preview":"max-video-preview:-1"},"canonical":"https:\/\/letrame.com\/catalogo\/producto\/querer-me-te-nos-bonito\/","og_locale":"es_ES","og_type":"article","og_title":"QB. Querer (me, te, nos) bonito - Catalogo | Letrame Grupo Editorial","og_description":"ISBN: 9791370294601 SINOPSIS Olivia ha llegado a ese punto de la vida en el que nada encaja como deber\u00eda. Quiso estudiar, sentirse mejor consigo misma, querer menos a los dem\u00e1s y m\u00e1s a ella... pero la realidad no entendi\u00f3 sus planes. Entre noches insomnes, par\u00e1lisis que la envuelven de miedo y silencios que pesan demasiado, su refugio es un banco mirando a la luna y la compa\u00f1\u00eda incondicional de Luca, su mejor amigo, esa familia que se elige sin explicaciones. Con la ayuda de Talia, su psiquiatra, Olivia inicia un camino hacia dentro: un lugar dif\u00edcil, lleno de heridas sin cerrar y preguntas sin nombre. All\u00ed se busca a ella misma, a la ni\u00f1a que fue, a la mujer que intenta ser... y a la calma que tanto anhela. Pero el mundo no se detiene. La distancia con su padre \u2014su \u00fanico hogar desde que su madre desapareci\u00f3\u2014, la irrupci\u00f3n inesperada de un desconocido que parece verla de verdad y las cicatrices que la vida insiste en recordarle, la obligan a enfrentarse a lo que siempre evit\u00f3: sentirse vulnerable. A trav\u00e9s de una historia cotidiana y luminosa, Victoria Becedas nos recuerda que sanarse lleva tiempo, que pedir ayuda es un acto de amor y que quererse bonito \u2014a uno mismo y a los de-m\u00e1s\u2014 es un viaje, no un destino. &nbsp;","og_url":"https:\/\/letrame.com\/catalogo\/producto\/querer-me-te-nos-bonito\/","og_site_name":"Catalogo | Letrame Grupo Editorial","article_modified_time":"2026-04-21T13:24:14+00:00","og_image":[{"width":709,"height":1039,"url":"https:\/\/letrame.com\/catalogo\/wp-content\/uploads\/2026\/04\/QB_1368mm4.jpg","type":"image\/jpeg"}],"twitter_card":"summary_large_image","twitter_misc":{"Tiempo de lectura":"2 minutos"},"schema":{"@context":"https:\/\/schema.org","@graph":[{"@type":"WebPage","@id":"https:\/\/letrame.com\/catalogo\/producto\/querer-me-te-nos-bonito\/","url":"https:\/\/letrame.com\/catalogo\/producto\/querer-me-te-nos-bonito\/","name":"QB. Querer (me, te, nos) bonito - Catalogo | Letrame Grupo Editorial","isPartOf":{"@id":"https:\/\/letrame.com\/catalogo\/#website"},"primaryImageOfPage":{"@id":"https:\/\/letrame.com\/catalogo\/producto\/querer-me-te-nos-bonito\/#primaryimage"},"image":{"@id":"https:\/\/letrame.com\/catalogo\/producto\/querer-me-te-nos-bonito\/#primaryimage"},"thumbnailUrl":"https:\/\/letrame.com\/catalogo\/wp-content\/uploads\/2026\/04\/QB_1368mm4.jpg","datePublished":"2026-04-21T13:22:21+00:00","dateModified":"2026-04-21T13:24:14+00:00","breadcrumb":{"@id":"https:\/\/letrame.com\/catalogo\/producto\/querer-me-te-nos-bonito\/#breadcrumb"},"inLanguage":"es","potentialAction":[{"@type":"ReadAction","target":["https:\/\/letrame.com\/catalogo\/producto\/querer-me-te-nos-bonito\/"]}]},{"@type":"ImageObject","inLanguage":"es","@id":"https:\/\/letrame.com\/catalogo\/producto\/querer-me-te-nos-bonito\/#primaryimage","url":"https:\/\/letrame.com\/catalogo\/wp-content\/uploads\/2026\/04\/QB_1368mm4.jpg","contentUrl":"https:\/\/letrame.com\/catalogo\/wp-content\/uploads\/2026\/04\/QB_1368mm4.jpg","width":709,"height":1039},{"@type":"BreadcrumbList","@id":"https:\/\/letrame.com\/catalogo\/producto\/querer-me-te-nos-bonito\/#breadcrumb","itemListElement":[{"@type":"ListItem","position":1,"name":"Portada","item":"https:\/\/letrame.com\/catalogo\/"},{"@type":"ListItem","position":2,"name":"Cat\u00e1logo","item":"https:\/\/letrame.com\/catalogo\/"},{"@type":"ListItem","position":3,"name":"QB. Querer (me, te, nos) bonito"}]},{"@type":"WebSite","@id":"https:\/\/letrame.com\/catalogo\/#website","url":"https:\/\/letrame.com\/catalogo\/","name":"Catalogo | Letrame Grupo Editorial","description":"","publisher":{"@id":"https:\/\/letrame.com\/catalogo\/#organization"},"potentialAction":[{"@type":"SearchAction","target":{"@type":"EntryPoint","urlTemplate":"https:\/\/letrame.com\/catalogo\/?s={search_term_string}"},"query-input":{"@type":"PropertyValueSpecification","valueRequired":true,"valueName":"search_term_string"}}],"inLanguage":"es"},{"@type":"Organization","@id":"https:\/\/letrame.com\/catalogo\/#organization","name":"Catalogo | Letrame Grupo Editorial","url":"https:\/\/letrame.com\/catalogo\/","logo":{"@type":"ImageObject","inLanguage":"es","@id":"https:\/\/letrame.com\/catalogo\/#\/schema\/logo\/image\/","url":"https:\/\/letrame.com\/catalogo\/wp-content\/uploads\/2024\/03\/logo2.webp","contentUrl":"https:\/\/letrame.com\/catalogo\/wp-content\/uploads\/2024\/03\/logo2.webp","width":394,"height":128,"caption":"Catalogo | Letrame Grupo Editorial"},"image":{"@id":"https:\/\/letrame.com\/catalogo\/#\/schema\/logo\/image\/"}}]}},"_links":{"self":[{"href":"https:\/\/letrame.com\/catalogo\/wp-json\/wp\/v2\/product\/112430","targetHints":{"allow":["GET"]}}],"collection":[{"href":"https:\/\/letrame.com\/catalogo\/wp-json\/wp\/v2\/product"}],"about":[{"href":"https:\/\/letrame.com\/catalogo\/wp-json\/wp\/v2\/types\/product"}],"replies":[{"embeddable":true,"href":"https:\/\/letrame.com\/catalogo\/wp-json\/wp\/v2\/comments?post=112430"}],"acf:post":[{"embeddable":true,"href":"https:\/\/letrame.com\/catalogo\/wp-json\/wp\/v2\/author_book\/112431"}],"wp:featuredmedia":[{"embeddable":true,"href":"https:\/\/letrame.com\/catalogo\/wp-json\/wp\/v2\/media\/112433"}],"wp:attachment":[{"href":"https:\/\/letrame.com\/catalogo\/wp-json\/wp\/v2\/media?parent=112430"}],"wp:term":[{"taxonomy":"libro","embeddable":true,"href":"https:\/\/letrame.com\/catalogo\/wp-json\/wp\/v2\/libro?post=112430"},{"taxonomy":"product_brand","embeddable":true,"href":"https:\/\/letrame.com\/catalogo\/wp-json\/wp\/v2\/product_brand?post=112430"},{"taxonomy":"product_cat","embeddable":true,"href":"https:\/\/letrame.com\/catalogo\/wp-json\/wp\/v2\/product_cat?post=112430"},{"taxonomy":"product_tag","embeddable":true,"href":"https:\/\/letrame.com\/catalogo\/wp-json\/wp\/v2\/product_tag?post=112430"}],"curies":[{"name":"wp","href":"https:\/\/api.w.org\/{rel}","templated":true}]}}