{"id":112410,"date":"2026-04-29T13:38:16","date_gmt":"2026-04-29T11:38:16","guid":{"rendered":"https:\/\/letrame.com\/catalogo\/?post_type=product&#038;p=112410"},"modified":"2026-04-29T13:38:16","modified_gmt":"2026-04-29T11:38:16","slug":"77-trovadas-con-calma","status":"publish","type":"product","link":"https:\/\/letrame.com\/catalogo\/producto\/77-trovadas-con-calma\/","title":{"rendered":"77 trovadas con calma"},"content":{"rendered":"<p><strong>ISBN: 9791370545512<\/strong><br \/>\n<strong>T\u00edtulo: 77 trovadas con calma<\/strong><br \/>\n<strong>Fecha: 2026<\/strong><br \/>\n<strong>P\u00e1ginas: 330<\/strong><\/p>\n<p><strong>SINOPSIS<\/strong><\/p>\n<p data-start=\"0\" data-end=\"375\">Este trovador ampl\u00eda su mirada y sale al mundo sin perder la ra\u00edz dom\u00e9stica. Las trovadas ya no solo nacen del hogar, sino tambi\u00e9n del camino, de ciudades visitadas, de escenas cotidianas, de conversaciones escuchadas al pasar, de episodios sociales, de recuerdos familiares y de reflexiones sobre el tiempo presente que se entrelazan en una cr\u00f3nica po\u00e9tica vivida con calma.<\/p>\n<p data-start=\"377\" data-end=\"647\">Aqu\u00ed conviven el humor costumbrista y la cr\u00edtica serena, la memoria personal y la observaci\u00f3n p\u00fablica. Cada poema funciona como una peque\u00f1a estampa. Jos\u00e9 Luis Carrasco escribe desde la experiencia directa, dejando que la vida \u2014tal como ocurre\u2014 marque el ritmo del verso.<\/p>\n<p data-start=\"649\" data-end=\"837\">En este su segundo poemario, construye un cuaderno de bit\u00e1cora emocional donde aparecen la familia, la fe, la amistad, la justicia y una preocupaci\u00f3n constante por el rumbo de la sociedad.<\/p>\n<p data-start=\"839\" data-end=\"955\" data-is-last-node=\"\" data-is-only-node=\"\">Hay gratitud hacia lo vivido, iron\u00eda ante lo absurdo y una mirada humanista que intenta comprender antes que juzgar.<\/p>\n","protected":false},"excerpt":{"rendered":"<p><strong>ISBN: 9791370545512<\/strong><\/p>\n<p><strong>SINOPSIS<\/strong><\/p>\n<p data-start=\"0\" data-end=\"375\">Este trovador ampl\u00eda su mirada y sale al mundo sin perder la ra\u00edz dom\u00e9stica. Las trovadas ya no solo nacen del hogar, sino tambi\u00e9n del camino, de ciudades visitadas, de escenas cotidianas, de conversaciones escuchadas al pasar, de episodios sociales, de recuerdos familiares y de reflexiones sobre el tiempo presente que se entrelazan en una cr\u00f3nica po\u00e9tica vivida con calma.<\/p>\n<p data-start=\"377\" data-end=\"647\">Aqu\u00ed conviven el humor costumbrista y la cr\u00edtica serena, la memoria personal y la observaci\u00f3n p\u00fablica. Cada poema funciona como una peque\u00f1a estampa. Jos\u00e9 Luis Carrasco escribe desde la experiencia directa, dejando que la vida \u2014tal como ocurre\u2014 marque el ritmo del verso.<\/p>\n<p data-start=\"649\" data-end=\"837\">En este su segundo poemario, construye un cuaderno de bit\u00e1cora emocional donde aparecen la familia, la fe, la amistad, la justicia y una preocupaci\u00f3n constante por el rumbo de la sociedad.<\/p>\n<p data-start=\"839\" data-end=\"955\" data-is-last-node=\"\" data-is-only-node=\"\">Hay gratitud hacia lo vivido, iron\u00eda ante lo absurdo y una mirada humanista que intenta comprender antes que juzgar.<\/p>\n","protected":false},"featured_media":112412,"comment_status":"open","ping_status":"closed","template":"","meta":{"_acf_changed":false},"libro":[],"product_brand":[],"product_cat":[20],"product_tag":[],"class_list":{"0":"post-112410","1":"product","2":"type-product","3":"status-publish","4":"has-post-thumbnail","6":"product_cat-poesia","8":"first","9":"instock","10":"shipping-taxable","11":"product-type-simple"},"acf":{"autor":[111072],"enlace_de_compra":""},"yoast_head":"<!-- This site is optimized with the Yoast SEO plugin v27.4 - https:\/\/yoast.com\/product\/yoast-seo-wordpress\/ -->\n<title>77 trovadas con calma - Catalogo | Letrame Grupo Editorial<\/title>\n<meta name=\"robots\" content=\"index, follow, max-snippet:-1, max-image-preview:large, max-video-preview:-1\" \/>\n<link rel=\"canonical\" href=\"https:\/\/letrame.com\/catalogo\/producto\/77-trovadas-con-calma\/\" \/>\n<meta property=\"og:locale\" content=\"es_ES\" \/>\n<meta property=\"og:type\" content=\"article\" \/>\n<meta property=\"og:title\" content=\"77 trovadas con calma - Catalogo | Letrame Grupo Editorial\" \/>\n<meta property=\"og:description\" content=\"ISBN: 9791370545512  SINOPSIS Este trovador ampl\u00eda su mirada y sale al mundo sin perder la ra\u00edz dom\u00e9stica. Las trovadas ya no solo nacen del hogar, sino tambi\u00e9n del camino, de ciudades visitadas, de escenas cotidianas, de conversaciones escuchadas al pasar, de episodios sociales, de recuerdos familiares y de reflexiones sobre el tiempo presente que se entrelazan en una cr\u00f3nica po\u00e9tica vivida con calma. Aqu\u00ed conviven el humor costumbrista y la cr\u00edtica serena, la memoria personal y la observaci\u00f3n p\u00fablica. Cada poema funciona como una peque\u00f1a estampa. Jos\u00e9 Luis Carrasco escribe desde la experiencia directa, dejando que la vida \u2014tal como ocurre\u2014 marque el ritmo del verso. En este su segundo poemario, construye un cuaderno de bit\u00e1cora emocional donde aparecen la familia, la fe, la amistad, la justicia y una preocupaci\u00f3n constante por el rumbo de la sociedad. Hay gratitud hacia lo vivido, iron\u00eda ante lo absurdo y una mirada humanista que intenta comprender antes que juzgar.\" \/>\n<meta property=\"og:url\" content=\"https:\/\/letrame.com\/catalogo\/producto\/77-trovadas-con-calma\/\" \/>\n<meta property=\"og:site_name\" content=\"Catalogo | Letrame Grupo Editorial\" \/>\n<meta property=\"og:image\" content=\"https:\/\/letrame.com\/catalogo\/wp-content\/uploads\/2026\/04\/77trovadasconcalma_163mm4.jpg\" \/>\n\t<meta property=\"og:image:width\" content=\"1181\" \/>\n\t<meta property=\"og:image:height\" content=\"1654\" \/>\n\t<meta property=\"og:image:type\" content=\"image\/jpeg\" \/>\n<meta name=\"twitter:card\" content=\"summary_large_image\" \/>\n<meta name=\"twitter:label1\" content=\"Tiempo de lectura\" \/>\n\t<meta name=\"twitter:data1\" content=\"1 minuto\" \/>\n<script type=\"application\/ld+json\" class=\"yoast-schema-graph\">{\"@context\":\"https:\\\/\\\/schema.org\",\"@graph\":[{\"@type\":\"WebPage\",\"@id\":\"https:\\\/\\\/letrame.com\\\/catalogo\\\/producto\\\/77-trovadas-con-calma\\\/\",\"url\":\"https:\\\/\\\/letrame.com\\\/catalogo\\\/producto\\\/77-trovadas-con-calma\\\/\",\"name\":\"77 trovadas con calma - Catalogo | Letrame Grupo Editorial\",\"isPartOf\":{\"@id\":\"https:\\\/\\\/letrame.com\\\/catalogo\\\/#website\"},\"primaryImageOfPage\":{\"@id\":\"https:\\\/\\\/letrame.com\\\/catalogo\\\/producto\\\/77-trovadas-con-calma\\\/#primaryimage\"},\"image\":{\"@id\":\"https:\\\/\\\/letrame.com\\\/catalogo\\\/producto\\\/77-trovadas-con-calma\\\/#primaryimage\"},\"thumbnailUrl\":\"https:\\\/\\\/letrame.com\\\/catalogo\\\/wp-content\\\/uploads\\\/2026\\\/04\\\/77trovadasconcalma_163mm4.jpg\",\"datePublished\":\"2026-04-29T11:38:16+00:00\",\"breadcrumb\":{\"@id\":\"https:\\\/\\\/letrame.com\\\/catalogo\\\/producto\\\/77-trovadas-con-calma\\\/#breadcrumb\"},\"inLanguage\":\"es\",\"potentialAction\":[{\"@type\":\"ReadAction\",\"target\":[\"https:\\\/\\\/letrame.com\\\/catalogo\\\/producto\\\/77-trovadas-con-calma\\\/\"]}]},{\"@type\":\"ImageObject\",\"inLanguage\":\"es\",\"@id\":\"https:\\\/\\\/letrame.com\\\/catalogo\\\/producto\\\/77-trovadas-con-calma\\\/#primaryimage\",\"url\":\"https:\\\/\\\/letrame.com\\\/catalogo\\\/wp-content\\\/uploads\\\/2026\\\/04\\\/77trovadasconcalma_163mm4.jpg\",\"contentUrl\":\"https:\\\/\\\/letrame.com\\\/catalogo\\\/wp-content\\\/uploads\\\/2026\\\/04\\\/77trovadasconcalma_163mm4.jpg\",\"width\":1181,\"height\":1654},{\"@type\":\"BreadcrumbList\",\"@id\":\"https:\\\/\\\/letrame.com\\\/catalogo\\\/producto\\\/77-trovadas-con-calma\\\/#breadcrumb\",\"itemListElement\":[{\"@type\":\"ListItem\",\"position\":1,\"name\":\"Portada\",\"item\":\"https:\\\/\\\/letrame.com\\\/catalogo\\\/\"},{\"@type\":\"ListItem\",\"position\":2,\"name\":\"Cat\u00e1logo\",\"item\":\"https:\\\/\\\/letrame.com\\\/catalogo\\\/\"},{\"@type\":\"ListItem\",\"position\":3,\"name\":\"77 trovadas con calma\"}]},{\"@type\":\"WebSite\",\"@id\":\"https:\\\/\\\/letrame.com\\\/catalogo\\\/#website\",\"url\":\"https:\\\/\\\/letrame.com\\\/catalogo\\\/\",\"name\":\"Catalogo | Letrame Grupo Editorial\",\"description\":\"\",\"publisher\":{\"@id\":\"https:\\\/\\\/letrame.com\\\/catalogo\\\/#organization\"},\"potentialAction\":[{\"@type\":\"SearchAction\",\"target\":{\"@type\":\"EntryPoint\",\"urlTemplate\":\"https:\\\/\\\/letrame.com\\\/catalogo\\\/?s={search_term_string}\"},\"query-input\":{\"@type\":\"PropertyValueSpecification\",\"valueRequired\":true,\"valueName\":\"search_term_string\"}}],\"inLanguage\":\"es\"},{\"@type\":\"Organization\",\"@id\":\"https:\\\/\\\/letrame.com\\\/catalogo\\\/#organization\",\"name\":\"Catalogo | Letrame Grupo Editorial\",\"url\":\"https:\\\/\\\/letrame.com\\\/catalogo\\\/\",\"logo\":{\"@type\":\"ImageObject\",\"inLanguage\":\"es\",\"@id\":\"https:\\\/\\\/letrame.com\\\/catalogo\\\/#\\\/schema\\\/logo\\\/image\\\/\",\"url\":\"https:\\\/\\\/letrame.com\\\/catalogo\\\/wp-content\\\/uploads\\\/2024\\\/03\\\/logo2.webp\",\"contentUrl\":\"https:\\\/\\\/letrame.com\\\/catalogo\\\/wp-content\\\/uploads\\\/2024\\\/03\\\/logo2.webp\",\"width\":394,\"height\":128,\"caption\":\"Catalogo | Letrame Grupo Editorial\"},\"image\":{\"@id\":\"https:\\\/\\\/letrame.com\\\/catalogo\\\/#\\\/schema\\\/logo\\\/image\\\/\"}}]}<\/script>\n<!-- \/ Yoast SEO plugin. -->","yoast_head_json":{"title":"77 trovadas con calma - Catalogo | Letrame Grupo Editorial","robots":{"index":"index","follow":"follow","max-snippet":"max-snippet:-1","max-image-preview":"max-image-preview:large","max-video-preview":"max-video-preview:-1"},"canonical":"https:\/\/letrame.com\/catalogo\/producto\/77-trovadas-con-calma\/","og_locale":"es_ES","og_type":"article","og_title":"77 trovadas con calma - Catalogo | Letrame Grupo Editorial","og_description":"ISBN: 9791370545512  SINOPSIS Este trovador ampl\u00eda su mirada y sale al mundo sin perder la ra\u00edz dom\u00e9stica. Las trovadas ya no solo nacen del hogar, sino tambi\u00e9n del camino, de ciudades visitadas, de escenas cotidianas, de conversaciones escuchadas al pasar, de episodios sociales, de recuerdos familiares y de reflexiones sobre el tiempo presente que se entrelazan en una cr\u00f3nica po\u00e9tica vivida con calma. Aqu\u00ed conviven el humor costumbrista y la cr\u00edtica serena, la memoria personal y la observaci\u00f3n p\u00fablica. Cada poema funciona como una peque\u00f1a estampa. Jos\u00e9 Luis Carrasco escribe desde la experiencia directa, dejando que la vida \u2014tal como ocurre\u2014 marque el ritmo del verso. En este su segundo poemario, construye un cuaderno de bit\u00e1cora emocional donde aparecen la familia, la fe, la amistad, la justicia y una preocupaci\u00f3n constante por el rumbo de la sociedad. Hay gratitud hacia lo vivido, iron\u00eda ante lo absurdo y una mirada humanista que intenta comprender antes que juzgar.","og_url":"https:\/\/letrame.com\/catalogo\/producto\/77-trovadas-con-calma\/","og_site_name":"Catalogo | Letrame Grupo Editorial","og_image":[{"width":1181,"height":1654,"url":"https:\/\/letrame.com\/catalogo\/wp-content\/uploads\/2026\/04\/77trovadasconcalma_163mm4.jpg","type":"image\/jpeg"}],"twitter_card":"summary_large_image","twitter_misc":{"Tiempo de lectura":"1 minuto"},"schema":{"@context":"https:\/\/schema.org","@graph":[{"@type":"WebPage","@id":"https:\/\/letrame.com\/catalogo\/producto\/77-trovadas-con-calma\/","url":"https:\/\/letrame.com\/catalogo\/producto\/77-trovadas-con-calma\/","name":"77 trovadas con calma - Catalogo | Letrame Grupo Editorial","isPartOf":{"@id":"https:\/\/letrame.com\/catalogo\/#website"},"primaryImageOfPage":{"@id":"https:\/\/letrame.com\/catalogo\/producto\/77-trovadas-con-calma\/#primaryimage"},"image":{"@id":"https:\/\/letrame.com\/catalogo\/producto\/77-trovadas-con-calma\/#primaryimage"},"thumbnailUrl":"https:\/\/letrame.com\/catalogo\/wp-content\/uploads\/2026\/04\/77trovadasconcalma_163mm4.jpg","datePublished":"2026-04-29T11:38:16+00:00","breadcrumb":{"@id":"https:\/\/letrame.com\/catalogo\/producto\/77-trovadas-con-calma\/#breadcrumb"},"inLanguage":"es","potentialAction":[{"@type":"ReadAction","target":["https:\/\/letrame.com\/catalogo\/producto\/77-trovadas-con-calma\/"]}]},{"@type":"ImageObject","inLanguage":"es","@id":"https:\/\/letrame.com\/catalogo\/producto\/77-trovadas-con-calma\/#primaryimage","url":"https:\/\/letrame.com\/catalogo\/wp-content\/uploads\/2026\/04\/77trovadasconcalma_163mm4.jpg","contentUrl":"https:\/\/letrame.com\/catalogo\/wp-content\/uploads\/2026\/04\/77trovadasconcalma_163mm4.jpg","width":1181,"height":1654},{"@type":"BreadcrumbList","@id":"https:\/\/letrame.com\/catalogo\/producto\/77-trovadas-con-calma\/#breadcrumb","itemListElement":[{"@type":"ListItem","position":1,"name":"Portada","item":"https:\/\/letrame.com\/catalogo\/"},{"@type":"ListItem","position":2,"name":"Cat\u00e1logo","item":"https:\/\/letrame.com\/catalogo\/"},{"@type":"ListItem","position":3,"name":"77 trovadas con calma"}]},{"@type":"WebSite","@id":"https:\/\/letrame.com\/catalogo\/#website","url":"https:\/\/letrame.com\/catalogo\/","name":"Catalogo | Letrame Grupo Editorial","description":"","publisher":{"@id":"https:\/\/letrame.com\/catalogo\/#organization"},"potentialAction":[{"@type":"SearchAction","target":{"@type":"EntryPoint","urlTemplate":"https:\/\/letrame.com\/catalogo\/?s={search_term_string}"},"query-input":{"@type":"PropertyValueSpecification","valueRequired":true,"valueName":"search_term_string"}}],"inLanguage":"es"},{"@type":"Organization","@id":"https:\/\/letrame.com\/catalogo\/#organization","name":"Catalogo | Letrame Grupo Editorial","url":"https:\/\/letrame.com\/catalogo\/","logo":{"@type":"ImageObject","inLanguage":"es","@id":"https:\/\/letrame.com\/catalogo\/#\/schema\/logo\/image\/","url":"https:\/\/letrame.com\/catalogo\/wp-content\/uploads\/2024\/03\/logo2.webp","contentUrl":"https:\/\/letrame.com\/catalogo\/wp-content\/uploads\/2024\/03\/logo2.webp","width":394,"height":128,"caption":"Catalogo | Letrame Grupo Editorial"},"image":{"@id":"https:\/\/letrame.com\/catalogo\/#\/schema\/logo\/image\/"}}]}},"_links":{"self":[{"href":"https:\/\/letrame.com\/catalogo\/wp-json\/wp\/v2\/product\/112410","targetHints":{"allow":["GET"]}}],"collection":[{"href":"https:\/\/letrame.com\/catalogo\/wp-json\/wp\/v2\/product"}],"about":[{"href":"https:\/\/letrame.com\/catalogo\/wp-json\/wp\/v2\/types\/product"}],"replies":[{"embeddable":true,"href":"https:\/\/letrame.com\/catalogo\/wp-json\/wp\/v2\/comments?post=112410"}],"acf:post":[{"embeddable":true,"href":"https:\/\/letrame.com\/catalogo\/wp-json\/wp\/v2\/author_book\/111072"}],"wp:featuredmedia":[{"embeddable":true,"href":"https:\/\/letrame.com\/catalogo\/wp-json\/wp\/v2\/media\/112412"}],"wp:attachment":[{"href":"https:\/\/letrame.com\/catalogo\/wp-json\/wp\/v2\/media?parent=112410"}],"wp:term":[{"taxonomy":"libro","embeddable":true,"href":"https:\/\/letrame.com\/catalogo\/wp-json\/wp\/v2\/libro?post=112410"},{"taxonomy":"product_brand","embeddable":true,"href":"https:\/\/letrame.com\/catalogo\/wp-json\/wp\/v2\/product_brand?post=112410"},{"taxonomy":"product_cat","embeddable":true,"href":"https:\/\/letrame.com\/catalogo\/wp-json\/wp\/v2\/product_cat?post=112410"},{"taxonomy":"product_tag","embeddable":true,"href":"https:\/\/letrame.com\/catalogo\/wp-json\/wp\/v2\/product_tag?post=112410"}],"curies":[{"name":"wp","href":"https:\/\/api.w.org\/{rel}","templated":true}]}}