{"id":112395,"date":"2026-04-28T15:22:56","date_gmt":"2026-04-28T13:22:56","guid":{"rendered":"https:\/\/letrame.com\/catalogo\/?post_type=product&#038;p=112395"},"modified":"2026-04-28T15:22:56","modified_gmt":"2026-04-28T13:22:56","slug":"mapa-del-exito-inmobiliario","status":"publish","type":"product","link":"https:\/\/letrame.com\/catalogo\/producto\/mapa-del-exito-inmobiliario\/","title":{"rendered":"Mapa del \u00e9xito inmobiliario"},"content":{"rendered":"<p><strong>ISBN: 9791370298104<\/strong><br \/>\n<strong>T\u00edtulo: Mapa del \u00e9xito inmobiliario<\/strong><br \/>\n<strong>Fecha: 2026<\/strong><br \/>\n<strong>P\u00e1ginas: 666<\/strong><\/p>\n<p><strong>SINOPSIS<\/strong><\/p>\n<div class=\"flex flex-col text-sm pb-25\">\n<section class=\"text-token-text-primary w-full focus:outline-none [--shadow-height:45px] has-data-writing-block:pointer-events-none has-data-writing-block:-mt-(--shadow-height) has-data-writing-block:pt-(--shadow-height) [&amp;:has([data-writing-block])&gt;*]:pointer-events-auto scroll-mt-[calc(var(--header-height)+min(200px,max(70px,20svh)))]\" dir=\"auto\" data-turn-id=\"request-WEB:883af7a7-ab88-4b26-8d16-ffa9ae7993d8-11\" data-testid=\"conversation-turn-22\" data-scroll-anchor=\"true\" data-turn=\"assistant\">\n<div class=\"text-base my-auto mx-auto pb-10 [--thread-content-margin:var(--thread-content-margin-xs,calc(var(--spacing)*4))] @w-sm\/main:[--thread-content-margin:var(--thread-content-margin-sm,calc(var(--spacing)*6))] @w-lg\/main:[--thread-content-margin:var(--thread-content-margin-lg,calc(var(--spacing)*16))] px-(--thread-content-margin)\">\n<div class=\"[--thread-content-max-width:40rem] @w-lg\/main:[--thread-content-max-width:48rem] mx-auto max-w-(--thread-content-max-width) flex-1 group\/turn-messages focus-visible:outline-hidden relative flex w-full min-w-0 flex-col agent-turn\">\n<div class=\"flex max-w-full flex-col gap-4 grow\">\n<div class=\"min-h-8 text-message relative flex w-full flex-col items-end gap-2 text-start break-words whitespace-normal outline-none keyboard-focused:focus-ring [.text-message+&amp;]:mt-1\" dir=\"auto\" tabindex=\"0\" data-message-author-role=\"assistant\" data-message-id=\"13745bcf-9891-4c22-9161-f6ab434a20c8\" data-message-model-slug=\"gpt-5-3-mini\" data-turn-start-message=\"true\">\n<div class=\"flex w-full flex-col gap-1 empty:hidden\">\n<div class=\"markdown prose dark:prose-invert w-full wrap-break-word dark markdown-new-styling\">\n<p data-start=\"0\" data-end=\"172\">Si sientes que trabajas mucho pero avanzas poco, si dependes \u00fanicamente de tu salario o si llevas tiempo pensando en invertir pero no sabes por d\u00f3nde empezar, bienvenido\/a.<\/p>\n<p data-start=\"174\" data-end=\"676\">En <em data-start=\"177\" data-end=\"206\">Mapa del \u00e9xito inmobiliario<\/em> encontrar\u00e1s un recorrido claro para aprender a generar ingresos pasivos a trav\u00e9s de bienes ra\u00edces, empezando por lo m\u00e1s importante: tu manera de pensar. Antes de hablar de propiedades, Rodri Quixpe te invita a revisar tus creencias sobre el dinero, el trabajo, la deuda y el \u00e9xito. A partir de ah\u00ed, te gu\u00eda hacia la organizaci\u00f3n de tus finanzas personales y, finalmente, hacia estrategias concretas para invertir en inmuebles incluso si no partes con grandes capitales.<\/p>\n<p data-start=\"678\" data-end=\"1122\">Quixpe combina mentalidad financiera, h\u00e1bitos pr\u00e1cticos y t\u00e9cnicas inmobiliarias aplicables al mundo real, ense\u00f1ando a relacionarte con los bancos, detectar oportunidades donde otros no miran, hacer que una vivienda se pague sola, reutilizar propiedades existentes para generar m\u00e1s ingresos o crear varias fuentes de dinero a partir de un mismo activo. Todo explicado con un lenguaje directo, sin tecnicismos innecesarios y con ejemplos claros.<\/p>\n<p data-start=\"1124\" data-end=\"1478\" data-is-last-node=\"\" data-is-only-node=\"\">Su mayor valor est\u00e1 en el enfoque, ya que no se limita a ense\u00f1arte \u00abqu\u00e9 hacer\u00bb, sino tambi\u00e9n \u00abc\u00f3mo pensar\u00bb para sostener ese camino. Habla de disciplina, de acci\u00f3n masiva, de errores, de aprendizaje continuo y de asumir el control de tu econom\u00eda personal, insistiendo en algo fundamental: nadie va a construir tu libertad financiera por ti. \u00a1Empieza hoy!<\/p>\n<\/div>\n<\/div>\n<\/div>\n<\/div>\n<div class=\"z-0 flex min-h-[46px] justify-start\"><\/div>\n<\/div>\n<\/div>\n<\/section>\n<\/div>\n","protected":false},"excerpt":{"rendered":"<p><strong>ISBN: 9791370298104<\/strong><\/p>\n<p><strong>SINOPSIS<\/strong><\/p>\n<div class=\"flex flex-col text-sm pb-25\">\n<section class=\"text-token-text-primary w-full focus:outline-none [--shadow-height:45px] has-data-writing-block:pointer-events-none has-data-writing-block:-mt-(--shadow-height) has-data-writing-block:pt-(--shadow-height) [&amp;:has([data-writing-block])&gt;*]:pointer-events-auto scroll-mt-[calc(var(--header-height)+min(200px,max(70px,20svh)))]\" dir=\"auto\" data-turn-id=\"request-WEB:883af7a7-ab88-4b26-8d16-ffa9ae7993d8-11\" data-testid=\"conversation-turn-22\" data-scroll-anchor=\"true\" data-turn=\"assistant\">\n<div class=\"text-base my-auto mx-auto pb-10 [--thread-content-margin:var(--thread-content-margin-xs,calc(var(--spacing)*4))] @w-sm\/main:[--thread-content-margin:var(--thread-content-margin-sm,calc(var(--spacing)*6))] @w-lg\/main:[--thread-content-margin:var(--thread-content-margin-lg,calc(var(--spacing)*16))] px-(--thread-content-margin)\">\n<div class=\"[--thread-content-max-width:40rem] @w-lg\/main:[--thread-content-max-width:48rem] mx-auto max-w-(--thread-content-max-width) flex-1 group\/turn-messages focus-visible:outline-hidden relative flex w-full min-w-0 flex-col agent-turn\">\n<div class=\"flex max-w-full flex-col gap-4 grow\">\n<div class=\"min-h-8 text-message relative flex w-full flex-col items-end gap-2 text-start break-words whitespace-normal outline-none keyboard-focused:focus-ring [.text-message+&amp;]:mt-1\" dir=\"auto\" tabindex=\"0\" data-message-author-role=\"assistant\" data-message-id=\"13745bcf-9891-4c22-9161-f6ab434a20c8\" data-message-model-slug=\"gpt-5-3-mini\" data-turn-start-message=\"true\">\n<div class=\"flex w-full flex-col gap-1 empty:hidden\">\n<div class=\"markdown prose dark:prose-invert w-full wrap-break-word dark markdown-new-styling\">\n<p data-start=\"0\" data-end=\"172\">Si sientes que trabajas mucho pero avanzas poco, si dependes \u00fanicamente de tu salario o si llevas tiempo pensando en invertir pero no sabes por d\u00f3nde empezar, bienvenido\/a.<\/p>\n<p data-start=\"174\" data-end=\"676\">En <em data-start=\"177\" data-end=\"206\">Mapa del \u00e9xito inmobiliario<\/em> encontrar\u00e1s un recorrido claro para aprender a generar ingresos pasivos a trav\u00e9s de bienes ra\u00edces, empezando por lo m\u00e1s importante: tu manera de pensar. Antes de hablar de propiedades, Rodri Quixpe te invita a revisar tus creencias sobre el dinero, el trabajo, la deuda y el \u00e9xito. A partir de ah\u00ed, te gu\u00eda hacia la organizaci\u00f3n de tus finanzas personales y, finalmente, hacia estrategias concretas para invertir en inmuebles incluso si no partes con grandes capitales.<\/p>\n<p data-start=\"678\" data-end=\"1122\">Quixpe combina mentalidad financiera, h\u00e1bitos pr\u00e1cticos y t\u00e9cnicas inmobiliarias aplicables al mundo real, ense\u00f1ando a relacionarte con los bancos, detectar oportunidades donde otros no miran, hacer que una vivienda se pague sola, reutilizar propiedades existentes para generar m\u00e1s ingresos o crear varias fuentes de dinero a partir de un mismo activo. Todo explicado con un lenguaje directo, sin tecnicismos innecesarios y con ejemplos claros.<\/p>\n<p data-start=\"1124\" data-end=\"1478\" data-is-last-node=\"\" data-is-only-node=\"\">Su mayor valor est\u00e1 en el enfoque, ya que no se limita a ense\u00f1arte \u00abqu\u00e9 hacer\u00bb, sino tambi\u00e9n \u00abc\u00f3mo pensar\u00bb para sostener ese camino. Habla de disciplina, de acci\u00f3n masiva, de errores, de aprendizaje continuo y de asumir el control de tu econom\u00eda personal, insistiendo en algo fundamental: nadie va a construir tu libertad financiera por ti. \u00a1Empieza hoy!<\/p>\n<\/div>\n<\/div>\n<\/div>\n<\/div>\n<div class=\"z-0 flex min-h-[46px] justify-start\"><\/div>\n<\/div>\n<\/div>\n<\/section>\n<\/div>\n","protected":false},"featured_media":112399,"comment_status":"open","ping_status":"closed","template":"","meta":{"_acf_changed":false},"libro":[],"product_brand":[],"product_cat":[157],"product_tag":[],"class_list":{"0":"post-112395","1":"product","2":"type-product","3":"status-publish","4":"has-post-thumbnail","6":"product_cat-negocios-finanzas","8":"first","9":"instock","10":"shipping-taxable","11":"product-type-simple"},"acf":{"autor":[112396],"enlace_de_compra":""},"yoast_head":"<!-- This site is optimized with the Yoast SEO plugin v27.4 - https:\/\/yoast.com\/product\/yoast-seo-wordpress\/ -->\n<title>Mapa del \u00e9xito inmobiliario - Catalogo | Letrame Grupo Editorial<\/title>\n<meta name=\"robots\" content=\"index, follow, max-snippet:-1, max-image-preview:large, max-video-preview:-1\" \/>\n<link rel=\"canonical\" href=\"https:\/\/letrame.com\/catalogo\/producto\/mapa-del-exito-inmobiliario\/\" \/>\n<meta property=\"og:locale\" content=\"es_ES\" \/>\n<meta property=\"og:type\" content=\"article\" \/>\n<meta property=\"og:title\" content=\"Mapa del \u00e9xito inmobiliario - Catalogo | Letrame Grupo Editorial\" \/>\n<meta property=\"og:description\" content=\"ISBN: 9791370298104  SINOPSIS        Si sientes que trabajas mucho pero avanzas poco, si dependes \u00fanicamente de tu salario o si llevas tiempo pensando en invertir pero no sabes por d\u00f3nde empezar, bienvenido\/a. En Mapa del \u00e9xito inmobiliario encontrar\u00e1s un recorrido claro para aprender a generar ingresos pasivos a trav\u00e9s de bienes ra\u00edces, empezando por lo m\u00e1s importante: tu manera de pensar. Antes de hablar de propiedades, Rodri Quixpe te invita a revisar tus creencias sobre el dinero, el trabajo, la deuda y el \u00e9xito. A partir de ah\u00ed, te gu\u00eda hacia la organizaci\u00f3n de tus finanzas personales y, finalmente, hacia estrategias concretas para invertir en inmuebles incluso si no partes con grandes capitales. Quixpe combina mentalidad financiera, h\u00e1bitos pr\u00e1cticos y t\u00e9cnicas inmobiliarias aplicables al mundo real, ense\u00f1ando a relacionarte con los bancos, detectar oportunidades donde otros no miran, hacer que una vivienda se pague sola, reutilizar propiedades existentes para generar m\u00e1s ingresos o crear varias fuentes de dinero a partir de un mismo activo. Todo explicado con un lenguaje directo, sin tecnicismos innecesarios y con ejemplos claros. Su mayor valor est\u00e1 en el enfoque, ya que no se limita a ense\u00f1arte \u00abqu\u00e9 hacer\u00bb, sino tambi\u00e9n \u00abc\u00f3mo pensar\u00bb para sostener ese camino. Habla de disciplina, de acci\u00f3n masiva, de errores, de aprendizaje continuo y de asumir el control de tu econom\u00eda personal, insistiendo en algo fundamental: nadie va a construir tu libertad financiera por ti. \u00a1Empieza hoy!\" \/>\n<meta property=\"og:url\" content=\"https:\/\/letrame.com\/catalogo\/producto\/mapa-del-exito-inmobiliario\/\" \/>\n<meta property=\"og:site_name\" content=\"Catalogo | Letrame Grupo Editorial\" \/>\n<meta property=\"og:image\" content=\"https:\/\/letrame.com\/catalogo\/wp-content\/uploads\/2026\/04\/mapadelexito_326mm4.jpg\" \/>\n\t<meta property=\"og:image:width\" content=\"827\" \/>\n\t<meta property=\"og:image:height\" content=\"1213\" \/>\n\t<meta property=\"og:image:type\" content=\"image\/jpeg\" \/>\n<meta name=\"twitter:card\" content=\"summary_large_image\" \/>\n<meta name=\"twitter:label1\" content=\"Tiempo de lectura\" \/>\n\t<meta name=\"twitter:data1\" content=\"2 minutos\" \/>\n<script type=\"application\/ld+json\" class=\"yoast-schema-graph\">{\"@context\":\"https:\\\/\\\/schema.org\",\"@graph\":[{\"@type\":\"WebPage\",\"@id\":\"https:\\\/\\\/letrame.com\\\/catalogo\\\/producto\\\/mapa-del-exito-inmobiliario\\\/\",\"url\":\"https:\\\/\\\/letrame.com\\\/catalogo\\\/producto\\\/mapa-del-exito-inmobiliario\\\/\",\"name\":\"Mapa del \u00e9xito inmobiliario - Catalogo | Letrame Grupo Editorial\",\"isPartOf\":{\"@id\":\"https:\\\/\\\/letrame.com\\\/catalogo\\\/#website\"},\"primaryImageOfPage\":{\"@id\":\"https:\\\/\\\/letrame.com\\\/catalogo\\\/producto\\\/mapa-del-exito-inmobiliario\\\/#primaryimage\"},\"image\":{\"@id\":\"https:\\\/\\\/letrame.com\\\/catalogo\\\/producto\\\/mapa-del-exito-inmobiliario\\\/#primaryimage\"},\"thumbnailUrl\":\"https:\\\/\\\/letrame.com\\\/catalogo\\\/wp-content\\\/uploads\\\/2026\\\/04\\\/mapadelexito_326mm4.jpg\",\"datePublished\":\"2026-04-28T13:22:56+00:00\",\"breadcrumb\":{\"@id\":\"https:\\\/\\\/letrame.com\\\/catalogo\\\/producto\\\/mapa-del-exito-inmobiliario\\\/#breadcrumb\"},\"inLanguage\":\"es\",\"potentialAction\":[{\"@type\":\"ReadAction\",\"target\":[\"https:\\\/\\\/letrame.com\\\/catalogo\\\/producto\\\/mapa-del-exito-inmobiliario\\\/\"]}]},{\"@type\":\"ImageObject\",\"inLanguage\":\"es\",\"@id\":\"https:\\\/\\\/letrame.com\\\/catalogo\\\/producto\\\/mapa-del-exito-inmobiliario\\\/#primaryimage\",\"url\":\"https:\\\/\\\/letrame.com\\\/catalogo\\\/wp-content\\\/uploads\\\/2026\\\/04\\\/mapadelexito_326mm4.jpg\",\"contentUrl\":\"https:\\\/\\\/letrame.com\\\/catalogo\\\/wp-content\\\/uploads\\\/2026\\\/04\\\/mapadelexito_326mm4.jpg\",\"width\":827,\"height\":1213},{\"@type\":\"BreadcrumbList\",\"@id\":\"https:\\\/\\\/letrame.com\\\/catalogo\\\/producto\\\/mapa-del-exito-inmobiliario\\\/#breadcrumb\",\"itemListElement\":[{\"@type\":\"ListItem\",\"position\":1,\"name\":\"Portada\",\"item\":\"https:\\\/\\\/letrame.com\\\/catalogo\\\/\"},{\"@type\":\"ListItem\",\"position\":2,\"name\":\"Cat\u00e1logo\",\"item\":\"https:\\\/\\\/letrame.com\\\/catalogo\\\/\"},{\"@type\":\"ListItem\",\"position\":3,\"name\":\"Mapa del \u00e9xito inmobiliario\"}]},{\"@type\":\"WebSite\",\"@id\":\"https:\\\/\\\/letrame.com\\\/catalogo\\\/#website\",\"url\":\"https:\\\/\\\/letrame.com\\\/catalogo\\\/\",\"name\":\"Catalogo | Letrame Grupo Editorial\",\"description\":\"\",\"publisher\":{\"@id\":\"https:\\\/\\\/letrame.com\\\/catalogo\\\/#organization\"},\"potentialAction\":[{\"@type\":\"SearchAction\",\"target\":{\"@type\":\"EntryPoint\",\"urlTemplate\":\"https:\\\/\\\/letrame.com\\\/catalogo\\\/?s={search_term_string}\"},\"query-input\":{\"@type\":\"PropertyValueSpecification\",\"valueRequired\":true,\"valueName\":\"search_term_string\"}}],\"inLanguage\":\"es\"},{\"@type\":\"Organization\",\"@id\":\"https:\\\/\\\/letrame.com\\\/catalogo\\\/#organization\",\"name\":\"Catalogo | Letrame Grupo Editorial\",\"url\":\"https:\\\/\\\/letrame.com\\\/catalogo\\\/\",\"logo\":{\"@type\":\"ImageObject\",\"inLanguage\":\"es\",\"@id\":\"https:\\\/\\\/letrame.com\\\/catalogo\\\/#\\\/schema\\\/logo\\\/image\\\/\",\"url\":\"https:\\\/\\\/letrame.com\\\/catalogo\\\/wp-content\\\/uploads\\\/2024\\\/03\\\/logo2.webp\",\"contentUrl\":\"https:\\\/\\\/letrame.com\\\/catalogo\\\/wp-content\\\/uploads\\\/2024\\\/03\\\/logo2.webp\",\"width\":394,\"height\":128,\"caption\":\"Catalogo | Letrame Grupo Editorial\"},\"image\":{\"@id\":\"https:\\\/\\\/letrame.com\\\/catalogo\\\/#\\\/schema\\\/logo\\\/image\\\/\"}}]}<\/script>\n<!-- \/ Yoast SEO plugin. -->","yoast_head_json":{"title":"Mapa del \u00e9xito inmobiliario - Catalogo | Letrame Grupo Editorial","robots":{"index":"index","follow":"follow","max-snippet":"max-snippet:-1","max-image-preview":"max-image-preview:large","max-video-preview":"max-video-preview:-1"},"canonical":"https:\/\/letrame.com\/catalogo\/producto\/mapa-del-exito-inmobiliario\/","og_locale":"es_ES","og_type":"article","og_title":"Mapa del \u00e9xito inmobiliario - Catalogo | Letrame Grupo Editorial","og_description":"ISBN: 9791370298104  SINOPSIS        Si sientes que trabajas mucho pero avanzas poco, si dependes \u00fanicamente de tu salario o si llevas tiempo pensando en invertir pero no sabes por d\u00f3nde empezar, bienvenido\/a. En Mapa del \u00e9xito inmobiliario encontrar\u00e1s un recorrido claro para aprender a generar ingresos pasivos a trav\u00e9s de bienes ra\u00edces, empezando por lo m\u00e1s importante: tu manera de pensar. Antes de hablar de propiedades, Rodri Quixpe te invita a revisar tus creencias sobre el dinero, el trabajo, la deuda y el \u00e9xito. A partir de ah\u00ed, te gu\u00eda hacia la organizaci\u00f3n de tus finanzas personales y, finalmente, hacia estrategias concretas para invertir en inmuebles incluso si no partes con grandes capitales. Quixpe combina mentalidad financiera, h\u00e1bitos pr\u00e1cticos y t\u00e9cnicas inmobiliarias aplicables al mundo real, ense\u00f1ando a relacionarte con los bancos, detectar oportunidades donde otros no miran, hacer que una vivienda se pague sola, reutilizar propiedades existentes para generar m\u00e1s ingresos o crear varias fuentes de dinero a partir de un mismo activo. Todo explicado con un lenguaje directo, sin tecnicismos innecesarios y con ejemplos claros. Su mayor valor est\u00e1 en el enfoque, ya que no se limita a ense\u00f1arte \u00abqu\u00e9 hacer\u00bb, sino tambi\u00e9n \u00abc\u00f3mo pensar\u00bb para sostener ese camino. Habla de disciplina, de acci\u00f3n masiva, de errores, de aprendizaje continuo y de asumir el control de tu econom\u00eda personal, insistiendo en algo fundamental: nadie va a construir tu libertad financiera por ti. \u00a1Empieza hoy!","og_url":"https:\/\/letrame.com\/catalogo\/producto\/mapa-del-exito-inmobiliario\/","og_site_name":"Catalogo | Letrame Grupo Editorial","og_image":[{"width":827,"height":1213,"url":"https:\/\/letrame.com\/catalogo\/wp-content\/uploads\/2026\/04\/mapadelexito_326mm4.jpg","type":"image\/jpeg"}],"twitter_card":"summary_large_image","twitter_misc":{"Tiempo de lectura":"2 minutos"},"schema":{"@context":"https:\/\/schema.org","@graph":[{"@type":"WebPage","@id":"https:\/\/letrame.com\/catalogo\/producto\/mapa-del-exito-inmobiliario\/","url":"https:\/\/letrame.com\/catalogo\/producto\/mapa-del-exito-inmobiliario\/","name":"Mapa del \u00e9xito inmobiliario - Catalogo | Letrame Grupo Editorial","isPartOf":{"@id":"https:\/\/letrame.com\/catalogo\/#website"},"primaryImageOfPage":{"@id":"https:\/\/letrame.com\/catalogo\/producto\/mapa-del-exito-inmobiliario\/#primaryimage"},"image":{"@id":"https:\/\/letrame.com\/catalogo\/producto\/mapa-del-exito-inmobiliario\/#primaryimage"},"thumbnailUrl":"https:\/\/letrame.com\/catalogo\/wp-content\/uploads\/2026\/04\/mapadelexito_326mm4.jpg","datePublished":"2026-04-28T13:22:56+00:00","breadcrumb":{"@id":"https:\/\/letrame.com\/catalogo\/producto\/mapa-del-exito-inmobiliario\/#breadcrumb"},"inLanguage":"es","potentialAction":[{"@type":"ReadAction","target":["https:\/\/letrame.com\/catalogo\/producto\/mapa-del-exito-inmobiliario\/"]}]},{"@type":"ImageObject","inLanguage":"es","@id":"https:\/\/letrame.com\/catalogo\/producto\/mapa-del-exito-inmobiliario\/#primaryimage","url":"https:\/\/letrame.com\/catalogo\/wp-content\/uploads\/2026\/04\/mapadelexito_326mm4.jpg","contentUrl":"https:\/\/letrame.com\/catalogo\/wp-content\/uploads\/2026\/04\/mapadelexito_326mm4.jpg","width":827,"height":1213},{"@type":"BreadcrumbList","@id":"https:\/\/letrame.com\/catalogo\/producto\/mapa-del-exito-inmobiliario\/#breadcrumb","itemListElement":[{"@type":"ListItem","position":1,"name":"Portada","item":"https:\/\/letrame.com\/catalogo\/"},{"@type":"ListItem","position":2,"name":"Cat\u00e1logo","item":"https:\/\/letrame.com\/catalogo\/"},{"@type":"ListItem","position":3,"name":"Mapa del \u00e9xito inmobiliario"}]},{"@type":"WebSite","@id":"https:\/\/letrame.com\/catalogo\/#website","url":"https:\/\/letrame.com\/catalogo\/","name":"Catalogo | Letrame Grupo Editorial","description":"","publisher":{"@id":"https:\/\/letrame.com\/catalogo\/#organization"},"potentialAction":[{"@type":"SearchAction","target":{"@type":"EntryPoint","urlTemplate":"https:\/\/letrame.com\/catalogo\/?s={search_term_string}"},"query-input":{"@type":"PropertyValueSpecification","valueRequired":true,"valueName":"search_term_string"}}],"inLanguage":"es"},{"@type":"Organization","@id":"https:\/\/letrame.com\/catalogo\/#organization","name":"Catalogo | Letrame Grupo Editorial","url":"https:\/\/letrame.com\/catalogo\/","logo":{"@type":"ImageObject","inLanguage":"es","@id":"https:\/\/letrame.com\/catalogo\/#\/schema\/logo\/image\/","url":"https:\/\/letrame.com\/catalogo\/wp-content\/uploads\/2024\/03\/logo2.webp","contentUrl":"https:\/\/letrame.com\/catalogo\/wp-content\/uploads\/2024\/03\/logo2.webp","width":394,"height":128,"caption":"Catalogo | Letrame Grupo Editorial"},"image":{"@id":"https:\/\/letrame.com\/catalogo\/#\/schema\/logo\/image\/"}}]}},"_links":{"self":[{"href":"https:\/\/letrame.com\/catalogo\/wp-json\/wp\/v2\/product\/112395","targetHints":{"allow":["GET"]}}],"collection":[{"href":"https:\/\/letrame.com\/catalogo\/wp-json\/wp\/v2\/product"}],"about":[{"href":"https:\/\/letrame.com\/catalogo\/wp-json\/wp\/v2\/types\/product"}],"replies":[{"embeddable":true,"href":"https:\/\/letrame.com\/catalogo\/wp-json\/wp\/v2\/comments?post=112395"}],"acf:post":[{"embeddable":true,"href":"https:\/\/letrame.com\/catalogo\/wp-json\/wp\/v2\/author_book\/112396"}],"wp:featuredmedia":[{"embeddable":true,"href":"https:\/\/letrame.com\/catalogo\/wp-json\/wp\/v2\/media\/112399"}],"wp:attachment":[{"href":"https:\/\/letrame.com\/catalogo\/wp-json\/wp\/v2\/media?parent=112395"}],"wp:term":[{"taxonomy":"libro","embeddable":true,"href":"https:\/\/letrame.com\/catalogo\/wp-json\/wp\/v2\/libro?post=112395"},{"taxonomy":"product_brand","embeddable":true,"href":"https:\/\/letrame.com\/catalogo\/wp-json\/wp\/v2\/product_brand?post=112395"},{"taxonomy":"product_cat","embeddable":true,"href":"https:\/\/letrame.com\/catalogo\/wp-json\/wp\/v2\/product_cat?post=112395"},{"taxonomy":"product_tag","embeddable":true,"href":"https:\/\/letrame.com\/catalogo\/wp-json\/wp\/v2\/product_tag?post=112395"}],"curies":[{"name":"wp","href":"https:\/\/api.w.org\/{rel}","templated":true}]}}