{"id":112390,"date":"2026-04-21T13:41:29","date_gmt":"2026-04-21T11:41:29","guid":{"rendered":"https:\/\/letrame.com\/catalogo\/?post_type=product&#038;p=112390"},"modified":"2026-04-21T13:41:29","modified_gmt":"2026-04-21T11:41:29","slug":"la-rioja-se-escribe-con-jota","status":"publish","type":"product","link":"https:\/\/letrame.com\/catalogo\/producto\/la-rioja-se-escribe-con-jota\/","title":{"rendered":"La Rioja se escribe con jota"},"content":{"rendered":"<p><strong>ISBN: 9791370545093<\/strong><br \/>\n<strong>T\u00edtulo: La Rioja se escribe con jota<\/strong><br \/>\n<strong>Fecha: 2026<\/strong><br \/>\n<strong>P\u00e1ginas: 224<\/strong><\/p>\n<p><strong>SINOPSIS<\/strong><\/p>\n<p data-start=\"0\" data-end=\"541\">La Rioja es alegr\u00eda, es fiesta y es amistad. Y es jota. Esa jota que dice: \u00abQu\u00e9 bonita es La Rioja, es bonita sin igual, qu\u00e9 bonita es La Rioja, con Logro\u00f1o capital\u00bb\u2026 Escrita a los sones de la dulzaina y el tamboril, la nueva novela de Javier Os\u00e9s (Villar de Torre, 1963) cuenta que el \u00faltimo peri\u00f3dico de La Rioja va a cerrar sus puertas y que los riojanos, para rendirle el homenaje que merece, acuden andando de los siete valles y de las nueve cabeceras de comarca a la concha del Espol\u00f3n para celebrar un pisado de la uva multitudinario.<\/p>\n<p data-start=\"543\" data-end=\"846\">Es 21 de septiembre, la Fiesta de la Vendimia. Y solo existe una posibilidad de que el peri\u00f3dico contin\u00fae con su actividad, solo una: que sus periodistas sean capaces de desenmascarar al autor del asesinato de Panchito Potos\u00ed, un emigrante boliviano asentado en Logro\u00f1o que apareci\u00f3 flotando en el Ebro.<\/p>\n<p data-start=\"848\" data-end=\"1107\">Parece algo improbable. Y, adem\u00e1s, el tiempo corre en su contra. Por eso, los riojanos, desde todos los puntos de la geograf\u00eda riojana, ciudades, pueblos y aldeas, no cesan de caminar hacia Logro\u00f1o, cantando jotas o ese himno que pregona a los cuatro vientos:<\/p>\n<p data-start=\"1109\" data-end=\"1277\" data-is-last-node=\"\" data-is-only-node=\"\">Mi tierra es La Rioja, Logro\u00f1o es mi pueblo<br data-start=\"1152\" data-end=\"1155\" \/>Cruce de caminos, puente sobre el Ebro<br data-start=\"1193\" data-end=\"1196\" \/>Cuna de mi lengua, camino de encuentro<br data-start=\"1234\" data-end=\"1237\" \/>Y nadie en Logro\u00f1o se siente extranjero.<\/p>\n","protected":false},"excerpt":{"rendered":"<p><strong>ISBN: 9791370545093<\/strong><\/p>\n<p><strong>SINOPSIS<\/strong><\/p>\n<p data-start=\"0\" data-end=\"541\">La Rioja es alegr\u00eda, es fiesta y es amistad. Y es jota. Esa jota que dice: \u00abQu\u00e9 bonita es La Rioja, es bonita sin igual, qu\u00e9 bonita es La Rioja, con Logro\u00f1o capital\u00bb\u2026 Escrita a los sones de la dulzaina y el tamboril, la nueva novela de Javier Os\u00e9s (Villar de Torre, 1963) cuenta que el \u00faltimo peri\u00f3dico de La Rioja va a cerrar sus puertas y que los riojanos, para rendirle el homenaje que merece, acuden andando de los siete valles y de las nueve cabeceras de comarca a la concha del Espol\u00f3n para celebrar un pisado de la uva multitudinario.<\/p>\n<p data-start=\"543\" data-end=\"846\">Es 21 de septiembre, la Fiesta de la Vendimia. Y solo existe una posibilidad de que el peri\u00f3dico contin\u00fae con su actividad, solo una: que sus periodistas sean capaces de desenmascarar al autor del asesinato de Panchito Potos\u00ed, un emigrante boliviano asentado en Logro\u00f1o que apareci\u00f3 flotando en el Ebro.<\/p>\n<p data-start=\"848\" data-end=\"1107\">Parece algo improbable. Y, adem\u00e1s, el tiempo corre en su contra. Por eso, los riojanos, desde todos los puntos de la geograf\u00eda riojana, ciudades, pueblos y aldeas, no cesan de caminar hacia Logro\u00f1o, cantando jotas o ese himno que pregona a los cuatro vientos:<\/p>\n<p data-start=\"1109\" data-end=\"1277\" data-is-last-node=\"\" data-is-only-node=\"\">Mi tierra es La Rioja, Logro\u00f1o es mi pueblo<br data-start=\"1152\" data-end=\"1155\" \/>Cruce de caminos, puente sobre el Ebro<br data-start=\"1193\" data-end=\"1196\" \/>Cuna de mi lengua, camino de encuentro<br data-start=\"1234\" data-end=\"1237\" \/>Y nadie en Logro\u00f1o se siente extranjero.<\/p>\n","protected":false},"featured_media":112394,"comment_status":"open","ping_status":"closed","template":"","meta":{"_acf_changed":false},"libro":[],"product_brand":[],"product_cat":[141],"product_tag":[],"class_list":{"0":"post-112390","1":"product","2":"type-product","3":"status-publish","4":"has-post-thumbnail","6":"product_cat-ficcion","8":"first","9":"instock","10":"shipping-taxable","11":"product-type-simple"},"acf":{"autor":[76091],"enlace_de_compra":"https:\/\/amzn.to\/4sSnKqh"},"yoast_head":"<!-- This site is optimized with the Yoast SEO plugin v27.4 - https:\/\/yoast.com\/product\/yoast-seo-wordpress\/ -->\n<title>La Rioja se escribe con jota - Catalogo | Letrame Grupo Editorial<\/title>\n<meta name=\"robots\" content=\"index, follow, max-snippet:-1, max-image-preview:large, max-video-preview:-1\" \/>\n<link rel=\"canonical\" href=\"https:\/\/letrame.com\/catalogo\/producto\/la-rioja-se-escribe-con-jota\/\" \/>\n<meta property=\"og:locale\" content=\"es_ES\" \/>\n<meta property=\"og:type\" content=\"article\" \/>\n<meta property=\"og:title\" content=\"La Rioja se escribe con jota - Catalogo | Letrame Grupo Editorial\" \/>\n<meta property=\"og:description\" content=\"ISBN: 9791370545093  SINOPSIS La Rioja es alegr\u00eda, es fiesta y es amistad. Y es jota. Esa jota que dice: \u00abQu\u00e9 bonita es La Rioja, es bonita sin igual, qu\u00e9 bonita es La Rioja, con Logro\u00f1o capital\u00bb\u2026 Escrita a los sones de la dulzaina y el tamboril, la nueva novela de Javier Os\u00e9s (Villar de Torre, 1963) cuenta que el \u00faltimo peri\u00f3dico de La Rioja va a cerrar sus puertas y que los riojanos, para rendirle el homenaje que merece, acuden andando de los siete valles y de las nueve cabeceras de comarca a la concha del Espol\u00f3n para celebrar un pisado de la uva multitudinario. Es 21 de septiembre, la Fiesta de la Vendimia. Y solo existe una posibilidad de que el peri\u00f3dico contin\u00fae con su actividad, solo una: que sus periodistas sean capaces de desenmascarar al autor del asesinato de Panchito Potos\u00ed, un emigrante boliviano asentado en Logro\u00f1o que apareci\u00f3 flotando en el Ebro. Parece algo improbable. Y, adem\u00e1s, el tiempo corre en su contra. Por eso, los riojanos, desde todos los puntos de la geograf\u00eda riojana, ciudades, pueblos y aldeas, no cesan de caminar hacia Logro\u00f1o, cantando jotas o ese himno que pregona a los cuatro vientos: Mi tierra es La Rioja, Logro\u00f1o es mi puebloCruce de caminos, puente sobre el EbroCuna de mi lengua, camino de encuentroY nadie en Logro\u00f1o se siente extranjero.\" \/>\n<meta property=\"og:url\" content=\"https:\/\/letrame.com\/catalogo\/producto\/la-rioja-se-escribe-con-jota\/\" \/>\n<meta property=\"og:site_name\" content=\"Catalogo | Letrame Grupo Editorial\" \/>\n<meta property=\"og:image\" content=\"https:\/\/letrame.com\/catalogo\/wp-content\/uploads\/2026\/04\/Lariojaseescribeconjota_1116mm4.jpg\" \/>\n\t<meta property=\"og:image:width\" content=\"886\" \/>\n\t<meta property=\"og:image:height\" content=\"1240\" \/>\n\t<meta property=\"og:image:type\" content=\"image\/jpeg\" \/>\n<meta name=\"twitter:card\" content=\"summary_large_image\" \/>\n<meta name=\"twitter:label1\" content=\"Tiempo de lectura\" \/>\n\t<meta name=\"twitter:data1\" content=\"2 minutos\" \/>\n<script type=\"application\/ld+json\" class=\"yoast-schema-graph\">{\"@context\":\"https:\\\/\\\/schema.org\",\"@graph\":[{\"@type\":\"WebPage\",\"@id\":\"https:\\\/\\\/letrame.com\\\/catalogo\\\/producto\\\/la-rioja-se-escribe-con-jota\\\/\",\"url\":\"https:\\\/\\\/letrame.com\\\/catalogo\\\/producto\\\/la-rioja-se-escribe-con-jota\\\/\",\"name\":\"La Rioja se escribe con jota - Catalogo | Letrame Grupo Editorial\",\"isPartOf\":{\"@id\":\"https:\\\/\\\/letrame.com\\\/catalogo\\\/#website\"},\"primaryImageOfPage\":{\"@id\":\"https:\\\/\\\/letrame.com\\\/catalogo\\\/producto\\\/la-rioja-se-escribe-con-jota\\\/#primaryimage\"},\"image\":{\"@id\":\"https:\\\/\\\/letrame.com\\\/catalogo\\\/producto\\\/la-rioja-se-escribe-con-jota\\\/#primaryimage\"},\"thumbnailUrl\":\"https:\\\/\\\/letrame.com\\\/catalogo\\\/wp-content\\\/uploads\\\/2026\\\/04\\\/Lariojaseescribeconjota_1116mm4.jpg\",\"datePublished\":\"2026-04-21T11:41:29+00:00\",\"breadcrumb\":{\"@id\":\"https:\\\/\\\/letrame.com\\\/catalogo\\\/producto\\\/la-rioja-se-escribe-con-jota\\\/#breadcrumb\"},\"inLanguage\":\"es\",\"potentialAction\":[{\"@type\":\"ReadAction\",\"target\":[\"https:\\\/\\\/letrame.com\\\/catalogo\\\/producto\\\/la-rioja-se-escribe-con-jota\\\/\"]}]},{\"@type\":\"ImageObject\",\"inLanguage\":\"es\",\"@id\":\"https:\\\/\\\/letrame.com\\\/catalogo\\\/producto\\\/la-rioja-se-escribe-con-jota\\\/#primaryimage\",\"url\":\"https:\\\/\\\/letrame.com\\\/catalogo\\\/wp-content\\\/uploads\\\/2026\\\/04\\\/Lariojaseescribeconjota_1116mm4.jpg\",\"contentUrl\":\"https:\\\/\\\/letrame.com\\\/catalogo\\\/wp-content\\\/uploads\\\/2026\\\/04\\\/Lariojaseescribeconjota_1116mm4.jpg\",\"width\":886,\"height\":1240},{\"@type\":\"BreadcrumbList\",\"@id\":\"https:\\\/\\\/letrame.com\\\/catalogo\\\/producto\\\/la-rioja-se-escribe-con-jota\\\/#breadcrumb\",\"itemListElement\":[{\"@type\":\"ListItem\",\"position\":1,\"name\":\"Portada\",\"item\":\"https:\\\/\\\/letrame.com\\\/catalogo\\\/\"},{\"@type\":\"ListItem\",\"position\":2,\"name\":\"Cat\u00e1logo\",\"item\":\"https:\\\/\\\/letrame.com\\\/catalogo\\\/\"},{\"@type\":\"ListItem\",\"position\":3,\"name\":\"La Rioja se escribe con jota\"}]},{\"@type\":\"WebSite\",\"@id\":\"https:\\\/\\\/letrame.com\\\/catalogo\\\/#website\",\"url\":\"https:\\\/\\\/letrame.com\\\/catalogo\\\/\",\"name\":\"Catalogo | Letrame Grupo Editorial\",\"description\":\"\",\"publisher\":{\"@id\":\"https:\\\/\\\/letrame.com\\\/catalogo\\\/#organization\"},\"potentialAction\":[{\"@type\":\"SearchAction\",\"target\":{\"@type\":\"EntryPoint\",\"urlTemplate\":\"https:\\\/\\\/letrame.com\\\/catalogo\\\/?s={search_term_string}\"},\"query-input\":{\"@type\":\"PropertyValueSpecification\",\"valueRequired\":true,\"valueName\":\"search_term_string\"}}],\"inLanguage\":\"es\"},{\"@type\":\"Organization\",\"@id\":\"https:\\\/\\\/letrame.com\\\/catalogo\\\/#organization\",\"name\":\"Catalogo | Letrame Grupo Editorial\",\"url\":\"https:\\\/\\\/letrame.com\\\/catalogo\\\/\",\"logo\":{\"@type\":\"ImageObject\",\"inLanguage\":\"es\",\"@id\":\"https:\\\/\\\/letrame.com\\\/catalogo\\\/#\\\/schema\\\/logo\\\/image\\\/\",\"url\":\"https:\\\/\\\/letrame.com\\\/catalogo\\\/wp-content\\\/uploads\\\/2024\\\/03\\\/logo2.webp\",\"contentUrl\":\"https:\\\/\\\/letrame.com\\\/catalogo\\\/wp-content\\\/uploads\\\/2024\\\/03\\\/logo2.webp\",\"width\":394,\"height\":128,\"caption\":\"Catalogo | Letrame Grupo Editorial\"},\"image\":{\"@id\":\"https:\\\/\\\/letrame.com\\\/catalogo\\\/#\\\/schema\\\/logo\\\/image\\\/\"}}]}<\/script>\n<!-- \/ Yoast SEO plugin. -->","yoast_head_json":{"title":"La Rioja se escribe con jota - Catalogo | Letrame Grupo Editorial","robots":{"index":"index","follow":"follow","max-snippet":"max-snippet:-1","max-image-preview":"max-image-preview:large","max-video-preview":"max-video-preview:-1"},"canonical":"https:\/\/letrame.com\/catalogo\/producto\/la-rioja-se-escribe-con-jota\/","og_locale":"es_ES","og_type":"article","og_title":"La Rioja se escribe con jota - Catalogo | Letrame Grupo Editorial","og_description":"ISBN: 9791370545093  SINOPSIS La Rioja es alegr\u00eda, es fiesta y es amistad. Y es jota. Esa jota que dice: \u00abQu\u00e9 bonita es La Rioja, es bonita sin igual, qu\u00e9 bonita es La Rioja, con Logro\u00f1o capital\u00bb\u2026 Escrita a los sones de la dulzaina y el tamboril, la nueva novela de Javier Os\u00e9s (Villar de Torre, 1963) cuenta que el \u00faltimo peri\u00f3dico de La Rioja va a cerrar sus puertas y que los riojanos, para rendirle el homenaje que merece, acuden andando de los siete valles y de las nueve cabeceras de comarca a la concha del Espol\u00f3n para celebrar un pisado de la uva multitudinario. Es 21 de septiembre, la Fiesta de la Vendimia. Y solo existe una posibilidad de que el peri\u00f3dico contin\u00fae con su actividad, solo una: que sus periodistas sean capaces de desenmascarar al autor del asesinato de Panchito Potos\u00ed, un emigrante boliviano asentado en Logro\u00f1o que apareci\u00f3 flotando en el Ebro. Parece algo improbable. Y, adem\u00e1s, el tiempo corre en su contra. Por eso, los riojanos, desde todos los puntos de la geograf\u00eda riojana, ciudades, pueblos y aldeas, no cesan de caminar hacia Logro\u00f1o, cantando jotas o ese himno que pregona a los cuatro vientos: Mi tierra es La Rioja, Logro\u00f1o es mi puebloCruce de caminos, puente sobre el EbroCuna de mi lengua, camino de encuentroY nadie en Logro\u00f1o se siente extranjero.","og_url":"https:\/\/letrame.com\/catalogo\/producto\/la-rioja-se-escribe-con-jota\/","og_site_name":"Catalogo | Letrame Grupo Editorial","og_image":[{"width":886,"height":1240,"url":"https:\/\/letrame.com\/catalogo\/wp-content\/uploads\/2026\/04\/Lariojaseescribeconjota_1116mm4.jpg","type":"image\/jpeg"}],"twitter_card":"summary_large_image","twitter_misc":{"Tiempo de lectura":"2 minutos"},"schema":{"@context":"https:\/\/schema.org","@graph":[{"@type":"WebPage","@id":"https:\/\/letrame.com\/catalogo\/producto\/la-rioja-se-escribe-con-jota\/","url":"https:\/\/letrame.com\/catalogo\/producto\/la-rioja-se-escribe-con-jota\/","name":"La Rioja se escribe con jota - Catalogo | Letrame Grupo Editorial","isPartOf":{"@id":"https:\/\/letrame.com\/catalogo\/#website"},"primaryImageOfPage":{"@id":"https:\/\/letrame.com\/catalogo\/producto\/la-rioja-se-escribe-con-jota\/#primaryimage"},"image":{"@id":"https:\/\/letrame.com\/catalogo\/producto\/la-rioja-se-escribe-con-jota\/#primaryimage"},"thumbnailUrl":"https:\/\/letrame.com\/catalogo\/wp-content\/uploads\/2026\/04\/Lariojaseescribeconjota_1116mm4.jpg","datePublished":"2026-04-21T11:41:29+00:00","breadcrumb":{"@id":"https:\/\/letrame.com\/catalogo\/producto\/la-rioja-se-escribe-con-jota\/#breadcrumb"},"inLanguage":"es","potentialAction":[{"@type":"ReadAction","target":["https:\/\/letrame.com\/catalogo\/producto\/la-rioja-se-escribe-con-jota\/"]}]},{"@type":"ImageObject","inLanguage":"es","@id":"https:\/\/letrame.com\/catalogo\/producto\/la-rioja-se-escribe-con-jota\/#primaryimage","url":"https:\/\/letrame.com\/catalogo\/wp-content\/uploads\/2026\/04\/Lariojaseescribeconjota_1116mm4.jpg","contentUrl":"https:\/\/letrame.com\/catalogo\/wp-content\/uploads\/2026\/04\/Lariojaseescribeconjota_1116mm4.jpg","width":886,"height":1240},{"@type":"BreadcrumbList","@id":"https:\/\/letrame.com\/catalogo\/producto\/la-rioja-se-escribe-con-jota\/#breadcrumb","itemListElement":[{"@type":"ListItem","position":1,"name":"Portada","item":"https:\/\/letrame.com\/catalogo\/"},{"@type":"ListItem","position":2,"name":"Cat\u00e1logo","item":"https:\/\/letrame.com\/catalogo\/"},{"@type":"ListItem","position":3,"name":"La Rioja se escribe con jota"}]},{"@type":"WebSite","@id":"https:\/\/letrame.com\/catalogo\/#website","url":"https:\/\/letrame.com\/catalogo\/","name":"Catalogo | Letrame Grupo Editorial","description":"","publisher":{"@id":"https:\/\/letrame.com\/catalogo\/#organization"},"potentialAction":[{"@type":"SearchAction","target":{"@type":"EntryPoint","urlTemplate":"https:\/\/letrame.com\/catalogo\/?s={search_term_string}"},"query-input":{"@type":"PropertyValueSpecification","valueRequired":true,"valueName":"search_term_string"}}],"inLanguage":"es"},{"@type":"Organization","@id":"https:\/\/letrame.com\/catalogo\/#organization","name":"Catalogo | Letrame Grupo Editorial","url":"https:\/\/letrame.com\/catalogo\/","logo":{"@type":"ImageObject","inLanguage":"es","@id":"https:\/\/letrame.com\/catalogo\/#\/schema\/logo\/image\/","url":"https:\/\/letrame.com\/catalogo\/wp-content\/uploads\/2024\/03\/logo2.webp","contentUrl":"https:\/\/letrame.com\/catalogo\/wp-content\/uploads\/2024\/03\/logo2.webp","width":394,"height":128,"caption":"Catalogo | Letrame Grupo Editorial"},"image":{"@id":"https:\/\/letrame.com\/catalogo\/#\/schema\/logo\/image\/"}}]}},"_links":{"self":[{"href":"https:\/\/letrame.com\/catalogo\/wp-json\/wp\/v2\/product\/112390","targetHints":{"allow":["GET"]}}],"collection":[{"href":"https:\/\/letrame.com\/catalogo\/wp-json\/wp\/v2\/product"}],"about":[{"href":"https:\/\/letrame.com\/catalogo\/wp-json\/wp\/v2\/types\/product"}],"replies":[{"embeddable":true,"href":"https:\/\/letrame.com\/catalogo\/wp-json\/wp\/v2\/comments?post=112390"}],"acf:post":[{"embeddable":true,"href":"https:\/\/letrame.com\/catalogo\/wp-json\/wp\/v2\/author_book\/76091"}],"wp:featuredmedia":[{"embeddable":true,"href":"https:\/\/letrame.com\/catalogo\/wp-json\/wp\/v2\/media\/112394"}],"wp:attachment":[{"href":"https:\/\/letrame.com\/catalogo\/wp-json\/wp\/v2\/media?parent=112390"}],"wp:term":[{"taxonomy":"libro","embeddable":true,"href":"https:\/\/letrame.com\/catalogo\/wp-json\/wp\/v2\/libro?post=112390"},{"taxonomy":"product_brand","embeddable":true,"href":"https:\/\/letrame.com\/catalogo\/wp-json\/wp\/v2\/product_brand?post=112390"},{"taxonomy":"product_cat","embeddable":true,"href":"https:\/\/letrame.com\/catalogo\/wp-json\/wp\/v2\/product_cat?post=112390"},{"taxonomy":"product_tag","embeddable":true,"href":"https:\/\/letrame.com\/catalogo\/wp-json\/wp\/v2\/product_tag?post=112390"}],"curies":[{"name":"wp","href":"https:\/\/api.w.org\/{rel}","templated":true}]}}