{"id":112380,"date":"2026-04-20T08:53:58","date_gmt":"2026-04-20T06:53:58","guid":{"rendered":"https:\/\/letrame.com\/catalogo\/?post_type=product&#038;p=112380"},"modified":"2026-04-20T08:53:59","modified_gmt":"2026-04-20T06:53:59","slug":"alma-de-lider","status":"publish","type":"product","link":"https:\/\/letrame.com\/catalogo\/producto\/alma-de-lider\/","title":{"rendered":"Alma de l\u00edder"},"content":{"rendered":"<p><strong>ISBN: 9791370295158<\/strong><br \/>\n<strong>T\u00edtulo: Alma de l\u00edder<\/strong><br \/>\n<strong>Fecha: 2025<\/strong><br \/>\n<strong>P\u00e1ginas: 218<\/strong><\/p>\n<p><strong>SINOPSIS<\/strong><\/p>\n<p>\u00bfY si el liderazgo no fuera llegar m\u00e1s lejos, sino volver m\u00e1s profundo?<\/p>\n<p>Durante a\u00f1os nos ense\u00f1aron a liderar desde la exigencia, el control y los resultados. A ser fuertes, eficientes, impecables. Pero nadie nos ense\u00f1\u00f3 qu\u00e9 hacer con el vac\u00edo, con el cansancio del alma, con las heridas invisibles que arrastramos mientras \u00abtodo parece estar bien\u00bb.<\/p>\n<p>Alma de l\u00edder es una invitaci\u00f3n honesta y valiente a cambiar la mirada. No es un manual de liderazgo tradicional, sino un viaje de regreso a lo esencial: la relaci\u00f3n contigo misma.<\/p>\n<p>A trav\u00e9s de una narrativa profundamente humana, la autora comparte su historia de \u00e9xito profesional, autoexigencia, maternidad intensa, crisis silenciosas y procesos de sanaci\u00f3n que la llevaron a descubrir que liderar no es endurecerse, sino integrarse. Que la transformaci\u00f3n no consiste en llegar a un lugar, sino en aprender a habitar la experiencia completa: luz y sombra, expansi\u00f3n y contracci\u00f3n, certeza y duda.<\/p>\n<p>Entre relatos personales, reflexiones filos\u00f3ficas y herramientas pr\u00e1cticas, este libro propone un liderazgo distinto: consciente, sostenible y compasivo. Un liderazgo que nace del autodescubrimiento, se fortalece al soltar lo que ya no corresponde y se expresa en acciones alineadas con lo que verdaderamente somos.<\/p>\n<p>Este libro es para quienes sienten que han logrado mucho, pero saben que a\u00fan falta algo. Para quienes intuyen que el verdadero poder no est\u00e1 en hacer m\u00e1s, sino en ser con mayor verdad.<\/p>\n<p>Porque solo cuando lideras tu propia alma, puedes liderar todo aquello que te propongas.<\/p>\n","protected":false},"excerpt":{"rendered":"<p><strong>ISBN: 9791370295158<\/strong><\/p>\n<p><strong>SINOPSIS<\/strong><\/p>\n<p>\u00bfY si el liderazgo no fuera llegar m\u00e1s lejos, sino volver m\u00e1s profundo?<\/p>\n<p>Durante a\u00f1os nos ense\u00f1aron a liderar desde la exigencia, el control y los resultados. A ser fuertes, eficientes, impecables. Pero nadie nos ense\u00f1\u00f3 qu\u00e9 hacer con el vac\u00edo, con el cansancio del alma, con las heridas invisibles que arrastramos mientras \u00abtodo parece estar bien\u00bb.<\/p>\n<p>Alma de l\u00edder es una invitaci\u00f3n honesta y valiente a cambiar la mirada. No es un manual de liderazgo tradicional, sino un viaje de regreso a lo esencial: la relaci\u00f3n contigo misma.<\/p>\n<p>A trav\u00e9s de una narrativa profundamente humana, la autora comparte su historia de \u00e9xito profesional, autoexigencia, maternidad intensa, crisis silenciosas y procesos de sanaci\u00f3n que la llevaron a descubrir que liderar no es endurecerse, sino integrarse. Que la transformaci\u00f3n no consiste en llegar a un lugar, sino en aprender a habitar la experiencia completa: luz y sombra, expansi\u00f3n y contracci\u00f3n, certeza y duda.<\/p>\n<p>Entre relatos personales, reflexiones filos\u00f3ficas y herramientas pr\u00e1cticas, este libro propone un liderazgo distinto: consciente, sostenible y compasivo. Un liderazgo que nace del autodescubrimiento, se fortalece al soltar lo que ya no corresponde y se expresa en acciones alineadas con lo que verdaderamente somos.<\/p>\n<p>Este libro es para quienes sienten que han logrado mucho, pero saben que a\u00fan falta algo. Para quienes intuyen que el verdadero poder no est\u00e1 en hacer m\u00e1s, sino en ser con mayor verdad.<\/p>\n<p>Porque solo cuando lideras tu propia alma, puedes liderar todo aquello que te propongas.<\/p>\n","protected":false},"featured_media":112384,"comment_status":"open","ping_status":"closed","template":"","meta":{"_acf_changed":false},"libro":[],"product_brand":[],"product_cat":[18],"product_tag":[],"class_list":{"0":"post-112380","1":"product","2":"type-product","3":"status-publish","4":"has-post-thumbnail","6":"product_cat-autoayuda","8":"first","9":"instock","10":"shipping-taxable","11":"product-type-simple"},"acf":{"autor":[112381],"enlace_de_compra":"https:\/\/amzn.to\/3QNxnJk"},"yoast_head":"<!-- This site is optimized with the Yoast SEO plugin v27.4 - https:\/\/yoast.com\/product\/yoast-seo-wordpress\/ -->\n<title>Alma de l\u00edder - Catalogo | Letrame Grupo Editorial<\/title>\n<meta name=\"robots\" content=\"index, follow, max-snippet:-1, max-image-preview:large, max-video-preview:-1\" \/>\n<link rel=\"canonical\" href=\"https:\/\/letrame.com\/catalogo\/producto\/alma-de-lider\/\" \/>\n<meta property=\"og:locale\" content=\"es_ES\" \/>\n<meta property=\"og:type\" content=\"article\" \/>\n<meta property=\"og:title\" content=\"Alma de l\u00edder - Catalogo | Letrame Grupo Editorial\" \/>\n<meta property=\"og:description\" content=\"ISBN: 9791370295158  SINOPSIS  \u00bfY si el liderazgo no fuera llegar m\u00e1s lejos, sino volver m\u00e1s profundo?  Durante a\u00f1os nos ense\u00f1aron a liderar desde la exigencia, el control y los resultados. A ser fuertes, eficientes, impecables. Pero nadie nos ense\u00f1\u00f3 qu\u00e9 hacer con el vac\u00edo, con el cansancio del alma, con las heridas invisibles que arrastramos mientras \u00abtodo parece estar bien\u00bb.  Alma de l\u00edder es una invitaci\u00f3n honesta y valiente a cambiar la mirada. No es un manual de liderazgo tradicional, sino un viaje de regreso a lo esencial: la relaci\u00f3n contigo misma.  A trav\u00e9s de una narrativa profundamente humana, la autora comparte su historia de \u00e9xito profesional, autoexigencia, maternidad intensa, crisis silenciosas y procesos de sanaci\u00f3n que la llevaron a descubrir que liderar no es endurecerse, sino integrarse. Que la transformaci\u00f3n no consiste en llegar a un lugar, sino en aprender a habitar la experiencia completa: luz y sombra, expansi\u00f3n y contracci\u00f3n, certeza y duda.  Entre relatos personales, reflexiones filos\u00f3ficas y herramientas pr\u00e1cticas, este libro propone un liderazgo distinto: consciente, sostenible y compasivo. Un liderazgo que nace del autodescubrimiento, se fortalece al soltar lo que ya no corresponde y se expresa en acciones alineadas con lo que verdaderamente somos.  Este libro es para quienes sienten que han logrado mucho, pero saben que a\u00fan falta algo. Para quienes intuyen que el verdadero poder no est\u00e1 en hacer m\u00e1s, sino en ser con mayor verdad.  Porque solo cuando lideras tu propia alma, puedes liderar todo aquello que te propongas.\" \/>\n<meta property=\"og:url\" content=\"https:\/\/letrame.com\/catalogo\/producto\/alma-de-lider\/\" \/>\n<meta property=\"og:site_name\" content=\"Catalogo | Letrame Grupo Editorial\" \/>\n<meta property=\"article:modified_time\" content=\"2026-04-20T06:53:59+00:00\" \/>\n<meta property=\"og:image\" content=\"https:\/\/letrame.com\/catalogo\/wp-content\/uploads\/2026\/04\/almadelider_1087mm4.jpg\" \/>\n\t<meta property=\"og:image:width\" content=\"1181\" \/>\n\t<meta property=\"og:image:height\" content=\"1732\" \/>\n\t<meta property=\"og:image:type\" content=\"image\/jpeg\" \/>\n<meta name=\"twitter:card\" content=\"summary_large_image\" \/>\n<meta name=\"twitter:label1\" content=\"Tiempo de lectura\" \/>\n\t<meta name=\"twitter:data1\" content=\"2 minutos\" \/>\n<script type=\"application\/ld+json\" class=\"yoast-schema-graph\">{\"@context\":\"https:\\\/\\\/schema.org\",\"@graph\":[{\"@type\":\"WebPage\",\"@id\":\"https:\\\/\\\/letrame.com\\\/catalogo\\\/producto\\\/alma-de-lider\\\/\",\"url\":\"https:\\\/\\\/letrame.com\\\/catalogo\\\/producto\\\/alma-de-lider\\\/\",\"name\":\"Alma de l\u00edder - Catalogo | Letrame Grupo Editorial\",\"isPartOf\":{\"@id\":\"https:\\\/\\\/letrame.com\\\/catalogo\\\/#website\"},\"primaryImageOfPage\":{\"@id\":\"https:\\\/\\\/letrame.com\\\/catalogo\\\/producto\\\/alma-de-lider\\\/#primaryimage\"},\"image\":{\"@id\":\"https:\\\/\\\/letrame.com\\\/catalogo\\\/producto\\\/alma-de-lider\\\/#primaryimage\"},\"thumbnailUrl\":\"https:\\\/\\\/letrame.com\\\/catalogo\\\/wp-content\\\/uploads\\\/2026\\\/04\\\/almadelider_1087mm4.jpg\",\"datePublished\":\"2026-04-20T06:53:58+00:00\",\"dateModified\":\"2026-04-20T06:53:59+00:00\",\"breadcrumb\":{\"@id\":\"https:\\\/\\\/letrame.com\\\/catalogo\\\/producto\\\/alma-de-lider\\\/#breadcrumb\"},\"inLanguage\":\"es\",\"potentialAction\":[{\"@type\":\"ReadAction\",\"target\":[\"https:\\\/\\\/letrame.com\\\/catalogo\\\/producto\\\/alma-de-lider\\\/\"]}]},{\"@type\":\"ImageObject\",\"inLanguage\":\"es\",\"@id\":\"https:\\\/\\\/letrame.com\\\/catalogo\\\/producto\\\/alma-de-lider\\\/#primaryimage\",\"url\":\"https:\\\/\\\/letrame.com\\\/catalogo\\\/wp-content\\\/uploads\\\/2026\\\/04\\\/almadelider_1087mm4.jpg\",\"contentUrl\":\"https:\\\/\\\/letrame.com\\\/catalogo\\\/wp-content\\\/uploads\\\/2026\\\/04\\\/almadelider_1087mm4.jpg\",\"width\":1181,\"height\":1732},{\"@type\":\"BreadcrumbList\",\"@id\":\"https:\\\/\\\/letrame.com\\\/catalogo\\\/producto\\\/alma-de-lider\\\/#breadcrumb\",\"itemListElement\":[{\"@type\":\"ListItem\",\"position\":1,\"name\":\"Portada\",\"item\":\"https:\\\/\\\/letrame.com\\\/catalogo\\\/\"},{\"@type\":\"ListItem\",\"position\":2,\"name\":\"Cat\u00e1logo\",\"item\":\"https:\\\/\\\/letrame.com\\\/catalogo\\\/\"},{\"@type\":\"ListItem\",\"position\":3,\"name\":\"Alma de l\u00edder\"}]},{\"@type\":\"WebSite\",\"@id\":\"https:\\\/\\\/letrame.com\\\/catalogo\\\/#website\",\"url\":\"https:\\\/\\\/letrame.com\\\/catalogo\\\/\",\"name\":\"Catalogo | Letrame Grupo Editorial\",\"description\":\"\",\"publisher\":{\"@id\":\"https:\\\/\\\/letrame.com\\\/catalogo\\\/#organization\"},\"potentialAction\":[{\"@type\":\"SearchAction\",\"target\":{\"@type\":\"EntryPoint\",\"urlTemplate\":\"https:\\\/\\\/letrame.com\\\/catalogo\\\/?s={search_term_string}\"},\"query-input\":{\"@type\":\"PropertyValueSpecification\",\"valueRequired\":true,\"valueName\":\"search_term_string\"}}],\"inLanguage\":\"es\"},{\"@type\":\"Organization\",\"@id\":\"https:\\\/\\\/letrame.com\\\/catalogo\\\/#organization\",\"name\":\"Catalogo | Letrame Grupo Editorial\",\"url\":\"https:\\\/\\\/letrame.com\\\/catalogo\\\/\",\"logo\":{\"@type\":\"ImageObject\",\"inLanguage\":\"es\",\"@id\":\"https:\\\/\\\/letrame.com\\\/catalogo\\\/#\\\/schema\\\/logo\\\/image\\\/\",\"url\":\"https:\\\/\\\/letrame.com\\\/catalogo\\\/wp-content\\\/uploads\\\/2024\\\/03\\\/logo2.webp\",\"contentUrl\":\"https:\\\/\\\/letrame.com\\\/catalogo\\\/wp-content\\\/uploads\\\/2024\\\/03\\\/logo2.webp\",\"width\":394,\"height\":128,\"caption\":\"Catalogo | Letrame Grupo Editorial\"},\"image\":{\"@id\":\"https:\\\/\\\/letrame.com\\\/catalogo\\\/#\\\/schema\\\/logo\\\/image\\\/\"}}]}<\/script>\n<!-- \/ Yoast SEO plugin. -->","yoast_head_json":{"title":"Alma de l\u00edder - Catalogo | Letrame Grupo Editorial","robots":{"index":"index","follow":"follow","max-snippet":"max-snippet:-1","max-image-preview":"max-image-preview:large","max-video-preview":"max-video-preview:-1"},"canonical":"https:\/\/letrame.com\/catalogo\/producto\/alma-de-lider\/","og_locale":"es_ES","og_type":"article","og_title":"Alma de l\u00edder - Catalogo | Letrame Grupo Editorial","og_description":"ISBN: 9791370295158  SINOPSIS  \u00bfY si el liderazgo no fuera llegar m\u00e1s lejos, sino volver m\u00e1s profundo?  Durante a\u00f1os nos ense\u00f1aron a liderar desde la exigencia, el control y los resultados. A ser fuertes, eficientes, impecables. Pero nadie nos ense\u00f1\u00f3 qu\u00e9 hacer con el vac\u00edo, con el cansancio del alma, con las heridas invisibles que arrastramos mientras \u00abtodo parece estar bien\u00bb.  Alma de l\u00edder es una invitaci\u00f3n honesta y valiente a cambiar la mirada. No es un manual de liderazgo tradicional, sino un viaje de regreso a lo esencial: la relaci\u00f3n contigo misma.  A trav\u00e9s de una narrativa profundamente humana, la autora comparte su historia de \u00e9xito profesional, autoexigencia, maternidad intensa, crisis silenciosas y procesos de sanaci\u00f3n que la llevaron a descubrir que liderar no es endurecerse, sino integrarse. Que la transformaci\u00f3n no consiste en llegar a un lugar, sino en aprender a habitar la experiencia completa: luz y sombra, expansi\u00f3n y contracci\u00f3n, certeza y duda.  Entre relatos personales, reflexiones filos\u00f3ficas y herramientas pr\u00e1cticas, este libro propone un liderazgo distinto: consciente, sostenible y compasivo. Un liderazgo que nace del autodescubrimiento, se fortalece al soltar lo que ya no corresponde y se expresa en acciones alineadas con lo que verdaderamente somos.  Este libro es para quienes sienten que han logrado mucho, pero saben que a\u00fan falta algo. Para quienes intuyen que el verdadero poder no est\u00e1 en hacer m\u00e1s, sino en ser con mayor verdad.  Porque solo cuando lideras tu propia alma, puedes liderar todo aquello que te propongas.","og_url":"https:\/\/letrame.com\/catalogo\/producto\/alma-de-lider\/","og_site_name":"Catalogo | Letrame Grupo Editorial","article_modified_time":"2026-04-20T06:53:59+00:00","og_image":[{"width":1181,"height":1732,"url":"https:\/\/letrame.com\/catalogo\/wp-content\/uploads\/2026\/04\/almadelider_1087mm4.jpg","type":"image\/jpeg"}],"twitter_card":"summary_large_image","twitter_misc":{"Tiempo de lectura":"2 minutos"},"schema":{"@context":"https:\/\/schema.org","@graph":[{"@type":"WebPage","@id":"https:\/\/letrame.com\/catalogo\/producto\/alma-de-lider\/","url":"https:\/\/letrame.com\/catalogo\/producto\/alma-de-lider\/","name":"Alma de l\u00edder - Catalogo | Letrame Grupo Editorial","isPartOf":{"@id":"https:\/\/letrame.com\/catalogo\/#website"},"primaryImageOfPage":{"@id":"https:\/\/letrame.com\/catalogo\/producto\/alma-de-lider\/#primaryimage"},"image":{"@id":"https:\/\/letrame.com\/catalogo\/producto\/alma-de-lider\/#primaryimage"},"thumbnailUrl":"https:\/\/letrame.com\/catalogo\/wp-content\/uploads\/2026\/04\/almadelider_1087mm4.jpg","datePublished":"2026-04-20T06:53:58+00:00","dateModified":"2026-04-20T06:53:59+00:00","breadcrumb":{"@id":"https:\/\/letrame.com\/catalogo\/producto\/alma-de-lider\/#breadcrumb"},"inLanguage":"es","potentialAction":[{"@type":"ReadAction","target":["https:\/\/letrame.com\/catalogo\/producto\/alma-de-lider\/"]}]},{"@type":"ImageObject","inLanguage":"es","@id":"https:\/\/letrame.com\/catalogo\/producto\/alma-de-lider\/#primaryimage","url":"https:\/\/letrame.com\/catalogo\/wp-content\/uploads\/2026\/04\/almadelider_1087mm4.jpg","contentUrl":"https:\/\/letrame.com\/catalogo\/wp-content\/uploads\/2026\/04\/almadelider_1087mm4.jpg","width":1181,"height":1732},{"@type":"BreadcrumbList","@id":"https:\/\/letrame.com\/catalogo\/producto\/alma-de-lider\/#breadcrumb","itemListElement":[{"@type":"ListItem","position":1,"name":"Portada","item":"https:\/\/letrame.com\/catalogo\/"},{"@type":"ListItem","position":2,"name":"Cat\u00e1logo","item":"https:\/\/letrame.com\/catalogo\/"},{"@type":"ListItem","position":3,"name":"Alma de l\u00edder"}]},{"@type":"WebSite","@id":"https:\/\/letrame.com\/catalogo\/#website","url":"https:\/\/letrame.com\/catalogo\/","name":"Catalogo | Letrame Grupo Editorial","description":"","publisher":{"@id":"https:\/\/letrame.com\/catalogo\/#organization"},"potentialAction":[{"@type":"SearchAction","target":{"@type":"EntryPoint","urlTemplate":"https:\/\/letrame.com\/catalogo\/?s={search_term_string}"},"query-input":{"@type":"PropertyValueSpecification","valueRequired":true,"valueName":"search_term_string"}}],"inLanguage":"es"},{"@type":"Organization","@id":"https:\/\/letrame.com\/catalogo\/#organization","name":"Catalogo | Letrame Grupo Editorial","url":"https:\/\/letrame.com\/catalogo\/","logo":{"@type":"ImageObject","inLanguage":"es","@id":"https:\/\/letrame.com\/catalogo\/#\/schema\/logo\/image\/","url":"https:\/\/letrame.com\/catalogo\/wp-content\/uploads\/2024\/03\/logo2.webp","contentUrl":"https:\/\/letrame.com\/catalogo\/wp-content\/uploads\/2024\/03\/logo2.webp","width":394,"height":128,"caption":"Catalogo | Letrame Grupo Editorial"},"image":{"@id":"https:\/\/letrame.com\/catalogo\/#\/schema\/logo\/image\/"}}]}},"_links":{"self":[{"href":"https:\/\/letrame.com\/catalogo\/wp-json\/wp\/v2\/product\/112380","targetHints":{"allow":["GET"]}}],"collection":[{"href":"https:\/\/letrame.com\/catalogo\/wp-json\/wp\/v2\/product"}],"about":[{"href":"https:\/\/letrame.com\/catalogo\/wp-json\/wp\/v2\/types\/product"}],"replies":[{"embeddable":true,"href":"https:\/\/letrame.com\/catalogo\/wp-json\/wp\/v2\/comments?post=112380"}],"acf:post":[{"embeddable":true,"href":"https:\/\/letrame.com\/catalogo\/wp-json\/wp\/v2\/author_book\/112381"}],"wp:featuredmedia":[{"embeddable":true,"href":"https:\/\/letrame.com\/catalogo\/wp-json\/wp\/v2\/media\/112384"}],"wp:attachment":[{"href":"https:\/\/letrame.com\/catalogo\/wp-json\/wp\/v2\/media?parent=112380"}],"wp:term":[{"taxonomy":"libro","embeddable":true,"href":"https:\/\/letrame.com\/catalogo\/wp-json\/wp\/v2\/libro?post=112380"},{"taxonomy":"product_brand","embeddable":true,"href":"https:\/\/letrame.com\/catalogo\/wp-json\/wp\/v2\/product_brand?post=112380"},{"taxonomy":"product_cat","embeddable":true,"href":"https:\/\/letrame.com\/catalogo\/wp-json\/wp\/v2\/product_cat?post=112380"},{"taxonomy":"product_tag","embeddable":true,"href":"https:\/\/letrame.com\/catalogo\/wp-json\/wp\/v2\/product_tag?post=112380"}],"curies":[{"name":"wp","href":"https:\/\/api.w.org\/{rel}","templated":true}]}}