{"id":112369,"date":"2026-04-17T09:30:17","date_gmt":"2026-04-17T07:30:17","guid":{"rendered":"https:\/\/letrame.com\/catalogo\/?post_type=product&#038;p=112369"},"modified":"2026-04-17T09:30:18","modified_gmt":"2026-04-17T07:30:18","slug":"sombras-oscuras","status":"publish","type":"product","link":"https:\/\/letrame.com\/catalogo\/producto\/sombras-oscuras\/","title":{"rendered":"Sombras oscuras"},"content":{"rendered":"<p class=\"p1\"><b>ISBN: 9791370295677<\/b><b><\/b><\/p>\n<p class=\"p1\"><b>T\u00edtulo: <strong>Sombras oscuras<\/strong><\/b><br \/>\n<b>Fecha: 2025<\/b><br \/>\n<b>P\u00e1ginas: 278<\/b><b><\/b><\/p>\n<p class=\"p1\"><b>SINOPSIS<\/b><\/p>\n<p>\u00abSalvarlos significaba perderse a s\u00ed misma\u00bb<br \/>\nAntes, Luna solo so\u00f1aba con capturar el mundo a trav\u00e9s de su c\u00e1mara, aferrada a un trabajo estable y a una vida tranquila. La rutina era su refugio, y la fotograf\u00eda, su \u00fanica forma de escapar sin riesgos.<br \/>\nPero todo cambia cuando el equilibrio se rompe. De pronto, el destino de dos mundos opuestos recae sobre ella, oblig\u00e1ndola a abandonar la seguridad de lo conocido y a enfrentarse a una realidad que jam\u00e1s imagin\u00f3 posible.<br \/>\nCon el legado de su abuelo pesando sobre sus hombros y un poder que apenas comienza a comprender, Luna deber\u00e1 tomar decisiones dif\u00edciles. Cada elecci\u00f3n pondr\u00e1 a prueba su valor, su lealtad y la fuerza de sus convicciones.<br \/>\nLa llave ha despertado, y con ella, puertas que nunca debieron abrirse. Entre el sacrificio y la esperanza, Luna descubrir\u00e1 que salvarlo todo puede exigir el precio m\u00e1s alto:<br \/>\nperderse a s\u00ed misma.<\/p>\n","protected":false},"excerpt":{"rendered":"<p class=\"p1\"><b>ISBN: 9791370295677<\/b><b><\/b><\/p>\n<p class=\"p1\"><b>SINOPSIS<\/b><\/p>\n<p>\u00abSalvarlos significaba perderse a s\u00ed misma\u00bb<br \/>\nAntes, Luna solo so\u00f1aba con capturar el mundo a trav\u00e9s de su c\u00e1mara, aferrada a un trabajo estable y a una vida tranquila. La rutina era su refugio, y la fotograf\u00eda, su \u00fanica forma de escapar sin riesgos.<br \/>\nPero todo cambia cuando el equilibrio se rompe. De pronto, el destino de dos mundos opuestos recae sobre ella, oblig\u00e1ndola a abandonar la seguridad de lo conocido y a enfrentarse a una realidad que jam\u00e1s imagin\u00f3 posible.<br \/>\nCon el legado de su abuelo pesando sobre sus hombros y un poder que apenas comienza a comprender, Luna deber\u00e1 tomar decisiones dif\u00edciles. Cada elecci\u00f3n pondr\u00e1 a prueba su valor, su lealtad y la fuerza de sus convicciones.<br \/>\nLa llave ha despertado, y con ella, puertas que nunca debieron abrirse. Entre el sacrificio y la esperanza, Luna descubrir\u00e1 que salvarlo todo puede exigir el precio m\u00e1s alto:<br \/>\nperderse a s\u00ed misma.<\/p>\n","protected":false},"featured_media":112373,"comment_status":"open","ping_status":"closed","template":"","meta":{"_acf_changed":false},"libro":[],"product_brand":[],"product_cat":[141],"product_tag":[],"class_list":{"0":"post-112369","1":"product","2":"type-product","3":"status-publish","4":"has-post-thumbnail","6":"product_cat-ficcion","8":"first","9":"instock","10":"shipping-taxable","11":"product-type-simple"},"acf":{"autor":[109332],"enlace_de_compra":""},"yoast_head":"<!-- This site is optimized with the Yoast SEO plugin v26.6 - https:\/\/yoast.com\/wordpress\/plugins\/seo\/ -->\n<title>Sombras oscuras - Catalogo | Letrame Grupo Editorial<\/title>\n<meta name=\"robots\" content=\"index, follow, max-snippet:-1, max-image-preview:large, max-video-preview:-1\" \/>\n<link rel=\"canonical\" href=\"https:\/\/letrame.com\/catalogo\/producto\/sombras-oscuras\/\" \/>\n<meta property=\"og:locale\" content=\"es_ES\" \/>\n<meta property=\"og:type\" content=\"article\" \/>\n<meta property=\"og:title\" content=\"Sombras oscuras - Catalogo | Letrame Grupo Editorial\" \/>\n<meta property=\"og:description\" content=\"ISBN: 9791370295677 SINOPSIS \u00abSalvarlos significaba perderse a s\u00ed misma\u00bb Antes, Luna solo so\u00f1aba con capturar el mundo a trav\u00e9s de su c\u00e1mara, aferrada a un trabajo estable y a una vida tranquila. La rutina era su refugio, y la fotograf\u00eda, su \u00fanica forma de escapar sin riesgos. Pero todo cambia cuando el equilibrio se rompe. De pronto, el destino de dos mundos opuestos recae sobre ella, oblig\u00e1ndola a abandonar la seguridad de lo conocido y a enfrentarse a una realidad que jam\u00e1s imagin\u00f3 posible. Con el legado de su abuelo pesando sobre sus hombros y un poder que apenas comienza a comprender, Luna deber\u00e1 tomar decisiones dif\u00edciles. Cada elecci\u00f3n pondr\u00e1 a prueba su valor, su lealtad y la fuerza de sus convicciones. La llave ha despertado, y con ella, puertas que nunca debieron abrirse. Entre el sacrificio y la esperanza, Luna descubrir\u00e1 que salvarlo todo puede exigir el precio m\u00e1s alto: perderse a s\u00ed misma.\" \/>\n<meta property=\"og:url\" content=\"https:\/\/letrame.com\/catalogo\/producto\/sombras-oscuras\/\" \/>\n<meta property=\"og:site_name\" content=\"Catalogo | Letrame Grupo Editorial\" \/>\n<meta property=\"article:modified_time\" content=\"2026-04-17T07:30:18+00:00\" \/>\n<meta property=\"og:image\" content=\"https:\/\/letrame.com\/catalogo\/wp-content\/uploads\/2026\/04\/sombrasoscuras_1378mm4.jpg\" \/>\n\t<meta property=\"og:image:width\" content=\"709\" \/>\n\t<meta property=\"og:image:height\" content=\"1039\" \/>\n\t<meta property=\"og:image:type\" content=\"image\/jpeg\" \/>\n<meta name=\"twitter:card\" content=\"summary_large_image\" \/>\n<meta name=\"twitter:label1\" content=\"Tiempo de lectura\" \/>\n\t<meta name=\"twitter:data1\" content=\"1 minuto\" \/>\n<script type=\"application\/ld+json\" class=\"yoast-schema-graph\">{\"@context\":\"https:\/\/schema.org\",\"@graph\":[{\"@type\":\"WebPage\",\"@id\":\"https:\/\/letrame.com\/catalogo\/producto\/sombras-oscuras\/\",\"url\":\"https:\/\/letrame.com\/catalogo\/producto\/sombras-oscuras\/\",\"name\":\"Sombras oscuras - Catalogo | Letrame Grupo Editorial\",\"isPartOf\":{\"@id\":\"https:\/\/letrame.com\/catalogo\/#website\"},\"primaryImageOfPage\":{\"@id\":\"https:\/\/letrame.com\/catalogo\/producto\/sombras-oscuras\/#primaryimage\"},\"image\":{\"@id\":\"https:\/\/letrame.com\/catalogo\/producto\/sombras-oscuras\/#primaryimage\"},\"thumbnailUrl\":\"https:\/\/letrame.com\/catalogo\/wp-content\/uploads\/2026\/04\/sombrasoscuras_1378mm4.jpg\",\"datePublished\":\"2026-04-17T07:30:17+00:00\",\"dateModified\":\"2026-04-17T07:30:18+00:00\",\"breadcrumb\":{\"@id\":\"https:\/\/letrame.com\/catalogo\/producto\/sombras-oscuras\/#breadcrumb\"},\"inLanguage\":\"es\",\"potentialAction\":[{\"@type\":\"ReadAction\",\"target\":[\"https:\/\/letrame.com\/catalogo\/producto\/sombras-oscuras\/\"]}]},{\"@type\":\"ImageObject\",\"inLanguage\":\"es\",\"@id\":\"https:\/\/letrame.com\/catalogo\/producto\/sombras-oscuras\/#primaryimage\",\"url\":\"https:\/\/letrame.com\/catalogo\/wp-content\/uploads\/2026\/04\/sombrasoscuras_1378mm4.jpg\",\"contentUrl\":\"https:\/\/letrame.com\/catalogo\/wp-content\/uploads\/2026\/04\/sombrasoscuras_1378mm4.jpg\",\"width\":709,\"height\":1039},{\"@type\":\"BreadcrumbList\",\"@id\":\"https:\/\/letrame.com\/catalogo\/producto\/sombras-oscuras\/#breadcrumb\",\"itemListElement\":[{\"@type\":\"ListItem\",\"position\":1,\"name\":\"Portada\",\"item\":\"https:\/\/letrame.com\/catalogo\/\"},{\"@type\":\"ListItem\",\"position\":2,\"name\":\"Cat\u00e1logo\",\"item\":\"https:\/\/letrame.com\/catalogo\/\"},{\"@type\":\"ListItem\",\"position\":3,\"name\":\"Sombras oscuras\"}]},{\"@type\":\"WebSite\",\"@id\":\"https:\/\/letrame.com\/catalogo\/#website\",\"url\":\"https:\/\/letrame.com\/catalogo\/\",\"name\":\"Catalogo | Letrame Grupo Editorial\",\"description\":\"\",\"publisher\":{\"@id\":\"https:\/\/letrame.com\/catalogo\/#organization\"},\"potentialAction\":[{\"@type\":\"SearchAction\",\"target\":{\"@type\":\"EntryPoint\",\"urlTemplate\":\"https:\/\/letrame.com\/catalogo\/?s={search_term_string}\"},\"query-input\":{\"@type\":\"PropertyValueSpecification\",\"valueRequired\":true,\"valueName\":\"search_term_string\"}}],\"inLanguage\":\"es\"},{\"@type\":\"Organization\",\"@id\":\"https:\/\/letrame.com\/catalogo\/#organization\",\"name\":\"Catalogo | Letrame Grupo Editorial\",\"url\":\"https:\/\/letrame.com\/catalogo\/\",\"logo\":{\"@type\":\"ImageObject\",\"inLanguage\":\"es\",\"@id\":\"https:\/\/letrame.com\/catalogo\/#\/schema\/logo\/image\/\",\"url\":\"https:\/\/letrame.com\/catalogo\/wp-content\/uploads\/2024\/03\/logo2.webp\",\"contentUrl\":\"https:\/\/letrame.com\/catalogo\/wp-content\/uploads\/2024\/03\/logo2.webp\",\"width\":394,\"height\":128,\"caption\":\"Catalogo | Letrame Grupo Editorial\"},\"image\":{\"@id\":\"https:\/\/letrame.com\/catalogo\/#\/schema\/logo\/image\/\"}}]}<\/script>\n<!-- \/ Yoast SEO plugin. -->","yoast_head_json":{"title":"Sombras oscuras - Catalogo | Letrame Grupo Editorial","robots":{"index":"index","follow":"follow","max-snippet":"max-snippet:-1","max-image-preview":"max-image-preview:large","max-video-preview":"max-video-preview:-1"},"canonical":"https:\/\/letrame.com\/catalogo\/producto\/sombras-oscuras\/","og_locale":"es_ES","og_type":"article","og_title":"Sombras oscuras - Catalogo | Letrame Grupo Editorial","og_description":"ISBN: 9791370295677 SINOPSIS \u00abSalvarlos significaba perderse a s\u00ed misma\u00bb Antes, Luna solo so\u00f1aba con capturar el mundo a trav\u00e9s de su c\u00e1mara, aferrada a un trabajo estable y a una vida tranquila. La rutina era su refugio, y la fotograf\u00eda, su \u00fanica forma de escapar sin riesgos. Pero todo cambia cuando el equilibrio se rompe. De pronto, el destino de dos mundos opuestos recae sobre ella, oblig\u00e1ndola a abandonar la seguridad de lo conocido y a enfrentarse a una realidad que jam\u00e1s imagin\u00f3 posible. Con el legado de su abuelo pesando sobre sus hombros y un poder que apenas comienza a comprender, Luna deber\u00e1 tomar decisiones dif\u00edciles. Cada elecci\u00f3n pondr\u00e1 a prueba su valor, su lealtad y la fuerza de sus convicciones. La llave ha despertado, y con ella, puertas que nunca debieron abrirse. Entre el sacrificio y la esperanza, Luna descubrir\u00e1 que salvarlo todo puede exigir el precio m\u00e1s alto: perderse a s\u00ed misma.","og_url":"https:\/\/letrame.com\/catalogo\/producto\/sombras-oscuras\/","og_site_name":"Catalogo | Letrame Grupo Editorial","article_modified_time":"2026-04-17T07:30:18+00:00","og_image":[{"width":709,"height":1039,"url":"https:\/\/letrame.com\/catalogo\/wp-content\/uploads\/2026\/04\/sombrasoscuras_1378mm4.jpg","type":"image\/jpeg"}],"twitter_card":"summary_large_image","twitter_misc":{"Tiempo de lectura":"1 minuto"},"schema":{"@context":"https:\/\/schema.org","@graph":[{"@type":"WebPage","@id":"https:\/\/letrame.com\/catalogo\/producto\/sombras-oscuras\/","url":"https:\/\/letrame.com\/catalogo\/producto\/sombras-oscuras\/","name":"Sombras oscuras - Catalogo | Letrame Grupo Editorial","isPartOf":{"@id":"https:\/\/letrame.com\/catalogo\/#website"},"primaryImageOfPage":{"@id":"https:\/\/letrame.com\/catalogo\/producto\/sombras-oscuras\/#primaryimage"},"image":{"@id":"https:\/\/letrame.com\/catalogo\/producto\/sombras-oscuras\/#primaryimage"},"thumbnailUrl":"https:\/\/letrame.com\/catalogo\/wp-content\/uploads\/2026\/04\/sombrasoscuras_1378mm4.jpg","datePublished":"2026-04-17T07:30:17+00:00","dateModified":"2026-04-17T07:30:18+00:00","breadcrumb":{"@id":"https:\/\/letrame.com\/catalogo\/producto\/sombras-oscuras\/#breadcrumb"},"inLanguage":"es","potentialAction":[{"@type":"ReadAction","target":["https:\/\/letrame.com\/catalogo\/producto\/sombras-oscuras\/"]}]},{"@type":"ImageObject","inLanguage":"es","@id":"https:\/\/letrame.com\/catalogo\/producto\/sombras-oscuras\/#primaryimage","url":"https:\/\/letrame.com\/catalogo\/wp-content\/uploads\/2026\/04\/sombrasoscuras_1378mm4.jpg","contentUrl":"https:\/\/letrame.com\/catalogo\/wp-content\/uploads\/2026\/04\/sombrasoscuras_1378mm4.jpg","width":709,"height":1039},{"@type":"BreadcrumbList","@id":"https:\/\/letrame.com\/catalogo\/producto\/sombras-oscuras\/#breadcrumb","itemListElement":[{"@type":"ListItem","position":1,"name":"Portada","item":"https:\/\/letrame.com\/catalogo\/"},{"@type":"ListItem","position":2,"name":"Cat\u00e1logo","item":"https:\/\/letrame.com\/catalogo\/"},{"@type":"ListItem","position":3,"name":"Sombras oscuras"}]},{"@type":"WebSite","@id":"https:\/\/letrame.com\/catalogo\/#website","url":"https:\/\/letrame.com\/catalogo\/","name":"Catalogo | Letrame Grupo Editorial","description":"","publisher":{"@id":"https:\/\/letrame.com\/catalogo\/#organization"},"potentialAction":[{"@type":"SearchAction","target":{"@type":"EntryPoint","urlTemplate":"https:\/\/letrame.com\/catalogo\/?s={search_term_string}"},"query-input":{"@type":"PropertyValueSpecification","valueRequired":true,"valueName":"search_term_string"}}],"inLanguage":"es"},{"@type":"Organization","@id":"https:\/\/letrame.com\/catalogo\/#organization","name":"Catalogo | Letrame Grupo Editorial","url":"https:\/\/letrame.com\/catalogo\/","logo":{"@type":"ImageObject","inLanguage":"es","@id":"https:\/\/letrame.com\/catalogo\/#\/schema\/logo\/image\/","url":"https:\/\/letrame.com\/catalogo\/wp-content\/uploads\/2024\/03\/logo2.webp","contentUrl":"https:\/\/letrame.com\/catalogo\/wp-content\/uploads\/2024\/03\/logo2.webp","width":394,"height":128,"caption":"Catalogo | Letrame Grupo Editorial"},"image":{"@id":"https:\/\/letrame.com\/catalogo\/#\/schema\/logo\/image\/"}}]}},"_links":{"self":[{"href":"https:\/\/letrame.com\/catalogo\/wp-json\/wp\/v2\/product\/112369","targetHints":{"allow":["GET"]}}],"collection":[{"href":"https:\/\/letrame.com\/catalogo\/wp-json\/wp\/v2\/product"}],"about":[{"href":"https:\/\/letrame.com\/catalogo\/wp-json\/wp\/v2\/types\/product"}],"replies":[{"embeddable":true,"href":"https:\/\/letrame.com\/catalogo\/wp-json\/wp\/v2\/comments?post=112369"}],"acf:post":[{"embeddable":true,"href":"https:\/\/letrame.com\/catalogo\/wp-json\/wp\/v2\/author_book\/109332"}],"wp:featuredmedia":[{"embeddable":true,"href":"https:\/\/letrame.com\/catalogo\/wp-json\/wp\/v2\/media\/112373"}],"wp:attachment":[{"href":"https:\/\/letrame.com\/catalogo\/wp-json\/wp\/v2\/media?parent=112369"}],"wp:term":[{"taxonomy":"libro","embeddable":true,"href":"https:\/\/letrame.com\/catalogo\/wp-json\/wp\/v2\/libro?post=112369"},{"taxonomy":"product_brand","embeddable":true,"href":"https:\/\/letrame.com\/catalogo\/wp-json\/wp\/v2\/product_brand?post=112369"},{"taxonomy":"product_cat","embeddable":true,"href":"https:\/\/letrame.com\/catalogo\/wp-json\/wp\/v2\/product_cat?post=112369"},{"taxonomy":"product_tag","embeddable":true,"href":"https:\/\/letrame.com\/catalogo\/wp-json\/wp\/v2\/product_tag?post=112369"}],"curies":[{"name":"wp","href":"https:\/\/api.w.org\/{rel}","templated":true}]}}