{"id":112365,"date":"2026-04-16T16:11:41","date_gmt":"2026-04-16T14:11:41","guid":{"rendered":"https:\/\/letrame.com\/catalogo\/?post_type=product&#038;p=112365"},"modified":"2026-04-16T16:11:41","modified_gmt":"2026-04-16T14:11:41","slug":"una-suplica-por-justicia","status":"publish","type":"product","link":"https:\/\/letrame.com\/catalogo\/producto\/una-suplica-por-justicia\/","title":{"rendered":"Una s\u00faplica por justicia"},"content":{"rendered":"<p class=\"p1\"><b>ISBN: 9791370295615<\/b><b><\/b><\/p>\n<p class=\"p1\"><b>T\u00edtulo: Una s\u00faplica por justicia<\/b><br \/>\n<b>Fecha: 2025<\/b><br \/>\n<b>P\u00e1ginas: 192<\/b><b><\/b><\/p>\n<p class=\"p1\"><b>SINOPSIS<\/b><\/p>\n<p>Despu\u00e9s de una vida dedicada al trabajo, la familia y la lucha constante por salir adelante, Bianca emprendi\u00f3 un viaje esperanzador desde Ecuador hacia Espa\u00f1a. Cre\u00eda que el mayor desaf\u00edo ser\u00eda empezar de cero en un pa\u00eds desconocido, pero no imaginaba que su verdadera prueba apenas comenzaba.<br \/>\nUna s\u00faplica por justicia es el testimonio \u00edntimo y desgarrador de una mujer que lo perdi\u00f3 todo \u2014su libertad, su identidad, incluso su nombre\u2014 cuando un aparato policial implacable irrumpi\u00f3 en su vida y la redujo a un n\u00famero. Desde ese instante, Mia Andrade reconstruye un recorrido marcado por la migraci\u00f3n, la separaci\u00f3n de los hijos, la precariedad, la discriminaci\u00f3n, la soledad y la obsesiva b\u00fasqueda de oportunidades para ofrecerles un futuro mejor.<br \/>\nA lo largo de su experiencia, Bianca enfrenta traiciones, manipulaciones disfrazadas de afecto, crisis econ\u00f3micas que amenazan con destruirlo todo y un sistema que muchas veces cierra puertas en lugar de abrirlas. Pero tambi\u00e9n encuentra solidaridad, nuevas amistades, manos an\u00f3nimas que la sostienen y una fuerza interior que la obliga a levantarse una y otra vez.<br \/>\nEste libro es un grito de dignidad. Una voz que denuncia silencios, injusticias y violencias que miles de mujeres migrantes viven sin ser escuchadas. Pero, sobre todo, es un homenaje a la resiliencia, al amor inquebrantable de una madre y a la capacidad de reconstruirse frente a cualquier adversidad.<\/p>\n","protected":false},"excerpt":{"rendered":"<p class=\"p1\"><b>ISBN: 9791370295615<\/b><b><\/b><\/p>\n<p class=\"p1\"><b>SINOPSIS<\/b><\/p>\n<p>Despu\u00e9s de una vida dedicada al trabajo, la familia y la lucha constante por salir adelante, Bianca emprendi\u00f3 un viaje esperanzador desde Ecuador hacia Espa\u00f1a. Cre\u00eda que el mayor desaf\u00edo ser\u00eda empezar de cero en un pa\u00eds desconocido, pero no imaginaba que su verdadera prueba apenas comenzaba.<br \/>\nUna s\u00faplica por justicia es el testimonio \u00edntimo y desgarrador de una mujer que lo perdi\u00f3 todo \u2014su libertad, su identidad, incluso su nombre\u2014 cuando un aparato policial implacable irrumpi\u00f3 en su vida y la redujo a un n\u00famero. Desde ese instante, Mia Andrade reconstruye un recorrido marcado por la migraci\u00f3n, la separaci\u00f3n de los hijos, la precariedad, la discriminaci\u00f3n, la soledad y la obsesiva b\u00fasqueda de oportunidades para ofrecerles un futuro mejor.<br \/>\nA lo largo de su experiencia, Bianca enfrenta traiciones, manipulaciones disfrazadas de afecto, crisis econ\u00f3micas que amenazan con destruirlo todo y un sistema que muchas veces cierra puertas en lugar de abrirlas. Pero tambi\u00e9n encuentra solidaridad, nuevas amistades, manos an\u00f3nimas que la sostienen y una fuerza interior que la obliga a levantarse una y otra vez.<br \/>\nEste libro es un grito de dignidad. Una voz que denuncia silencios, injusticias y violencias que miles de mujeres migrantes viven sin ser escuchadas. Pero, sobre todo, es un homenaje a la resiliencia, al amor inquebrantable de una madre y a la capacidad de reconstruirse frente a cualquier adversidad.<\/p>\n","protected":false},"featured_media":112366,"comment_status":"open","ping_status":"closed","template":"","meta":{"_acf_changed":false},"libro":[],"product_brand":[],"product_cat":[133],"product_tag":[],"class_list":{"0":"post-112365","1":"product","2":"type-product","3":"status-publish","4":"has-post-thumbnail","6":"product_cat-no-ficcion","8":"first","9":"instock","10":"shipping-taxable","11":"product-type-simple"},"acf":{"autor":[110358],"enlace_de_compra":""},"yoast_head":"<!-- This site is optimized with the Yoast SEO plugin v26.6 - https:\/\/yoast.com\/wordpress\/plugins\/seo\/ -->\n<title>Una s\u00faplica por justicia - Catalogo | Letrame Grupo Editorial<\/title>\n<meta name=\"robots\" content=\"index, follow, max-snippet:-1, max-image-preview:large, max-video-preview:-1\" \/>\n<link rel=\"canonical\" href=\"https:\/\/letrame.com\/catalogo\/producto\/una-suplica-por-justicia\/\" \/>\n<meta property=\"og:locale\" content=\"es_ES\" \/>\n<meta property=\"og:type\" content=\"article\" \/>\n<meta property=\"og:title\" content=\"Una s\u00faplica por justicia - Catalogo | Letrame Grupo Editorial\" \/>\n<meta property=\"og:description\" content=\"ISBN: 9791370295615 SINOPSIS Despu\u00e9s de una vida dedicada al trabajo, la familia y la lucha constante por salir adelante, Bianca emprendi\u00f3 un viaje esperanzador desde Ecuador hacia Espa\u00f1a. Cre\u00eda que el mayor desaf\u00edo ser\u00eda empezar de cero en un pa\u00eds desconocido, pero no imaginaba que su verdadera prueba apenas comenzaba. Una s\u00faplica por justicia es el testimonio \u00edntimo y desgarrador de una mujer que lo perdi\u00f3 todo \u2014su libertad, su identidad, incluso su nombre\u2014 cuando un aparato policial implacable irrumpi\u00f3 en su vida y la redujo a un n\u00famero. Desde ese instante, Mia Andrade reconstruye un recorrido marcado por la migraci\u00f3n, la separaci\u00f3n de los hijos, la precariedad, la discriminaci\u00f3n, la soledad y la obsesiva b\u00fasqueda de oportunidades para ofrecerles un futuro mejor. A lo largo de su experiencia, Bianca enfrenta traiciones, manipulaciones disfrazadas de afecto, crisis econ\u00f3micas que amenazan con destruirlo todo y un sistema que muchas veces cierra puertas en lugar de abrirlas. Pero tambi\u00e9n encuentra solidaridad, nuevas amistades, manos an\u00f3nimas que la sostienen y una fuerza interior que la obliga a levantarse una y otra vez. Este libro es un grito de dignidad. Una voz que denuncia silencios, injusticias y violencias que miles de mujeres migrantes viven sin ser escuchadas. Pero, sobre todo, es un homenaje a la resiliencia, al amor inquebrantable de una madre y a la capacidad de reconstruirse frente a cualquier adversidad.\" \/>\n<meta property=\"og:url\" content=\"https:\/\/letrame.com\/catalogo\/producto\/una-suplica-por-justicia\/\" \/>\n<meta property=\"og:site_name\" content=\"Catalogo | Letrame Grupo Editorial\" \/>\n<meta property=\"og:image\" content=\"https:\/\/letrame.com\/catalogo\/wp-content\/uploads\/2026\/04\/Unasuplicaporjusticia_961mm4.jpg\" \/>\n\t<meta property=\"og:image:width\" content=\"886\" \/>\n\t<meta property=\"og:image:height\" content=\"1240\" \/>\n\t<meta property=\"og:image:type\" content=\"image\/jpeg\" \/>\n<meta name=\"twitter:card\" content=\"summary_large_image\" \/>\n<meta name=\"twitter:label1\" content=\"Tiempo de lectura\" \/>\n\t<meta name=\"twitter:data1\" content=\"2 minutos\" \/>\n<script type=\"application\/ld+json\" class=\"yoast-schema-graph\">{\"@context\":\"https:\/\/schema.org\",\"@graph\":[{\"@type\":\"WebPage\",\"@id\":\"https:\/\/letrame.com\/catalogo\/producto\/una-suplica-por-justicia\/\",\"url\":\"https:\/\/letrame.com\/catalogo\/producto\/una-suplica-por-justicia\/\",\"name\":\"Una s\u00faplica por justicia - Catalogo | Letrame Grupo Editorial\",\"isPartOf\":{\"@id\":\"https:\/\/letrame.com\/catalogo\/#website\"},\"primaryImageOfPage\":{\"@id\":\"https:\/\/letrame.com\/catalogo\/producto\/una-suplica-por-justicia\/#primaryimage\"},\"image\":{\"@id\":\"https:\/\/letrame.com\/catalogo\/producto\/una-suplica-por-justicia\/#primaryimage\"},\"thumbnailUrl\":\"https:\/\/letrame.com\/catalogo\/wp-content\/uploads\/2026\/04\/Unasuplicaporjusticia_961mm4.jpg\",\"datePublished\":\"2026-04-16T14:11:41+00:00\",\"breadcrumb\":{\"@id\":\"https:\/\/letrame.com\/catalogo\/producto\/una-suplica-por-justicia\/#breadcrumb\"},\"inLanguage\":\"es\",\"potentialAction\":[{\"@type\":\"ReadAction\",\"target\":[\"https:\/\/letrame.com\/catalogo\/producto\/una-suplica-por-justicia\/\"]}]},{\"@type\":\"ImageObject\",\"inLanguage\":\"es\",\"@id\":\"https:\/\/letrame.com\/catalogo\/producto\/una-suplica-por-justicia\/#primaryimage\",\"url\":\"https:\/\/letrame.com\/catalogo\/wp-content\/uploads\/2026\/04\/Unasuplicaporjusticia_961mm4.jpg\",\"contentUrl\":\"https:\/\/letrame.com\/catalogo\/wp-content\/uploads\/2026\/04\/Unasuplicaporjusticia_961mm4.jpg\",\"width\":886,\"height\":1240},{\"@type\":\"BreadcrumbList\",\"@id\":\"https:\/\/letrame.com\/catalogo\/producto\/una-suplica-por-justicia\/#breadcrumb\",\"itemListElement\":[{\"@type\":\"ListItem\",\"position\":1,\"name\":\"Portada\",\"item\":\"https:\/\/letrame.com\/catalogo\/\"},{\"@type\":\"ListItem\",\"position\":2,\"name\":\"Cat\u00e1logo\",\"item\":\"https:\/\/letrame.com\/catalogo\/\"},{\"@type\":\"ListItem\",\"position\":3,\"name\":\"Una s\u00faplica por justicia\"}]},{\"@type\":\"WebSite\",\"@id\":\"https:\/\/letrame.com\/catalogo\/#website\",\"url\":\"https:\/\/letrame.com\/catalogo\/\",\"name\":\"Catalogo | Letrame Grupo Editorial\",\"description\":\"\",\"publisher\":{\"@id\":\"https:\/\/letrame.com\/catalogo\/#organization\"},\"potentialAction\":[{\"@type\":\"SearchAction\",\"target\":{\"@type\":\"EntryPoint\",\"urlTemplate\":\"https:\/\/letrame.com\/catalogo\/?s={search_term_string}\"},\"query-input\":{\"@type\":\"PropertyValueSpecification\",\"valueRequired\":true,\"valueName\":\"search_term_string\"}}],\"inLanguage\":\"es\"},{\"@type\":\"Organization\",\"@id\":\"https:\/\/letrame.com\/catalogo\/#organization\",\"name\":\"Catalogo | Letrame Grupo Editorial\",\"url\":\"https:\/\/letrame.com\/catalogo\/\",\"logo\":{\"@type\":\"ImageObject\",\"inLanguage\":\"es\",\"@id\":\"https:\/\/letrame.com\/catalogo\/#\/schema\/logo\/image\/\",\"url\":\"https:\/\/letrame.com\/catalogo\/wp-content\/uploads\/2024\/03\/logo2.webp\",\"contentUrl\":\"https:\/\/letrame.com\/catalogo\/wp-content\/uploads\/2024\/03\/logo2.webp\",\"width\":394,\"height\":128,\"caption\":\"Catalogo | Letrame Grupo Editorial\"},\"image\":{\"@id\":\"https:\/\/letrame.com\/catalogo\/#\/schema\/logo\/image\/\"}}]}<\/script>\n<!-- \/ Yoast SEO plugin. -->","yoast_head_json":{"title":"Una s\u00faplica por justicia - Catalogo | Letrame Grupo Editorial","robots":{"index":"index","follow":"follow","max-snippet":"max-snippet:-1","max-image-preview":"max-image-preview:large","max-video-preview":"max-video-preview:-1"},"canonical":"https:\/\/letrame.com\/catalogo\/producto\/una-suplica-por-justicia\/","og_locale":"es_ES","og_type":"article","og_title":"Una s\u00faplica por justicia - Catalogo | Letrame Grupo Editorial","og_description":"ISBN: 9791370295615 SINOPSIS Despu\u00e9s de una vida dedicada al trabajo, la familia y la lucha constante por salir adelante, Bianca emprendi\u00f3 un viaje esperanzador desde Ecuador hacia Espa\u00f1a. Cre\u00eda que el mayor desaf\u00edo ser\u00eda empezar de cero en un pa\u00eds desconocido, pero no imaginaba que su verdadera prueba apenas comenzaba. Una s\u00faplica por justicia es el testimonio \u00edntimo y desgarrador de una mujer que lo perdi\u00f3 todo \u2014su libertad, su identidad, incluso su nombre\u2014 cuando un aparato policial implacable irrumpi\u00f3 en su vida y la redujo a un n\u00famero. Desde ese instante, Mia Andrade reconstruye un recorrido marcado por la migraci\u00f3n, la separaci\u00f3n de los hijos, la precariedad, la discriminaci\u00f3n, la soledad y la obsesiva b\u00fasqueda de oportunidades para ofrecerles un futuro mejor. A lo largo de su experiencia, Bianca enfrenta traiciones, manipulaciones disfrazadas de afecto, crisis econ\u00f3micas que amenazan con destruirlo todo y un sistema que muchas veces cierra puertas en lugar de abrirlas. Pero tambi\u00e9n encuentra solidaridad, nuevas amistades, manos an\u00f3nimas que la sostienen y una fuerza interior que la obliga a levantarse una y otra vez. Este libro es un grito de dignidad. Una voz que denuncia silencios, injusticias y violencias que miles de mujeres migrantes viven sin ser escuchadas. Pero, sobre todo, es un homenaje a la resiliencia, al amor inquebrantable de una madre y a la capacidad de reconstruirse frente a cualquier adversidad.","og_url":"https:\/\/letrame.com\/catalogo\/producto\/una-suplica-por-justicia\/","og_site_name":"Catalogo | Letrame Grupo Editorial","og_image":[{"width":886,"height":1240,"url":"https:\/\/letrame.com\/catalogo\/wp-content\/uploads\/2026\/04\/Unasuplicaporjusticia_961mm4.jpg","type":"image\/jpeg"}],"twitter_card":"summary_large_image","twitter_misc":{"Tiempo de lectura":"2 minutos"},"schema":{"@context":"https:\/\/schema.org","@graph":[{"@type":"WebPage","@id":"https:\/\/letrame.com\/catalogo\/producto\/una-suplica-por-justicia\/","url":"https:\/\/letrame.com\/catalogo\/producto\/una-suplica-por-justicia\/","name":"Una s\u00faplica por justicia - Catalogo | Letrame Grupo Editorial","isPartOf":{"@id":"https:\/\/letrame.com\/catalogo\/#website"},"primaryImageOfPage":{"@id":"https:\/\/letrame.com\/catalogo\/producto\/una-suplica-por-justicia\/#primaryimage"},"image":{"@id":"https:\/\/letrame.com\/catalogo\/producto\/una-suplica-por-justicia\/#primaryimage"},"thumbnailUrl":"https:\/\/letrame.com\/catalogo\/wp-content\/uploads\/2026\/04\/Unasuplicaporjusticia_961mm4.jpg","datePublished":"2026-04-16T14:11:41+00:00","breadcrumb":{"@id":"https:\/\/letrame.com\/catalogo\/producto\/una-suplica-por-justicia\/#breadcrumb"},"inLanguage":"es","potentialAction":[{"@type":"ReadAction","target":["https:\/\/letrame.com\/catalogo\/producto\/una-suplica-por-justicia\/"]}]},{"@type":"ImageObject","inLanguage":"es","@id":"https:\/\/letrame.com\/catalogo\/producto\/una-suplica-por-justicia\/#primaryimage","url":"https:\/\/letrame.com\/catalogo\/wp-content\/uploads\/2026\/04\/Unasuplicaporjusticia_961mm4.jpg","contentUrl":"https:\/\/letrame.com\/catalogo\/wp-content\/uploads\/2026\/04\/Unasuplicaporjusticia_961mm4.jpg","width":886,"height":1240},{"@type":"BreadcrumbList","@id":"https:\/\/letrame.com\/catalogo\/producto\/una-suplica-por-justicia\/#breadcrumb","itemListElement":[{"@type":"ListItem","position":1,"name":"Portada","item":"https:\/\/letrame.com\/catalogo\/"},{"@type":"ListItem","position":2,"name":"Cat\u00e1logo","item":"https:\/\/letrame.com\/catalogo\/"},{"@type":"ListItem","position":3,"name":"Una s\u00faplica por justicia"}]},{"@type":"WebSite","@id":"https:\/\/letrame.com\/catalogo\/#website","url":"https:\/\/letrame.com\/catalogo\/","name":"Catalogo | Letrame Grupo Editorial","description":"","publisher":{"@id":"https:\/\/letrame.com\/catalogo\/#organization"},"potentialAction":[{"@type":"SearchAction","target":{"@type":"EntryPoint","urlTemplate":"https:\/\/letrame.com\/catalogo\/?s={search_term_string}"},"query-input":{"@type":"PropertyValueSpecification","valueRequired":true,"valueName":"search_term_string"}}],"inLanguage":"es"},{"@type":"Organization","@id":"https:\/\/letrame.com\/catalogo\/#organization","name":"Catalogo | Letrame Grupo Editorial","url":"https:\/\/letrame.com\/catalogo\/","logo":{"@type":"ImageObject","inLanguage":"es","@id":"https:\/\/letrame.com\/catalogo\/#\/schema\/logo\/image\/","url":"https:\/\/letrame.com\/catalogo\/wp-content\/uploads\/2024\/03\/logo2.webp","contentUrl":"https:\/\/letrame.com\/catalogo\/wp-content\/uploads\/2024\/03\/logo2.webp","width":394,"height":128,"caption":"Catalogo | Letrame Grupo Editorial"},"image":{"@id":"https:\/\/letrame.com\/catalogo\/#\/schema\/logo\/image\/"}}]}},"_links":{"self":[{"href":"https:\/\/letrame.com\/catalogo\/wp-json\/wp\/v2\/product\/112365","targetHints":{"allow":["GET"]}}],"collection":[{"href":"https:\/\/letrame.com\/catalogo\/wp-json\/wp\/v2\/product"}],"about":[{"href":"https:\/\/letrame.com\/catalogo\/wp-json\/wp\/v2\/types\/product"}],"replies":[{"embeddable":true,"href":"https:\/\/letrame.com\/catalogo\/wp-json\/wp\/v2\/comments?post=112365"}],"acf:post":[{"embeddable":true,"href":"https:\/\/letrame.com\/catalogo\/wp-json\/wp\/v2\/author_book\/110358"}],"wp:featuredmedia":[{"embeddable":true,"href":"https:\/\/letrame.com\/catalogo\/wp-json\/wp\/v2\/media\/112366"}],"wp:attachment":[{"href":"https:\/\/letrame.com\/catalogo\/wp-json\/wp\/v2\/media?parent=112365"}],"wp:term":[{"taxonomy":"libro","embeddable":true,"href":"https:\/\/letrame.com\/catalogo\/wp-json\/wp\/v2\/libro?post=112365"},{"taxonomy":"product_brand","embeddable":true,"href":"https:\/\/letrame.com\/catalogo\/wp-json\/wp\/v2\/product_brand?post=112365"},{"taxonomy":"product_cat","embeddable":true,"href":"https:\/\/letrame.com\/catalogo\/wp-json\/wp\/v2\/product_cat?post=112365"},{"taxonomy":"product_tag","embeddable":true,"href":"https:\/\/letrame.com\/catalogo\/wp-json\/wp\/v2\/product_tag?post=112365"}],"curies":[{"name":"wp","href":"https:\/\/api.w.org\/{rel}","templated":true}]}}