{"id":112361,"date":"2026-04-16T12:39:29","date_gmt":"2026-04-16T10:39:29","guid":{"rendered":"https:\/\/letrame.com\/catalogo\/?post_type=product&#038;p=112361"},"modified":"2026-04-21T13:33:15","modified_gmt":"2026-04-21T11:33:15","slug":"el-noveno-mandamiento","status":"publish","type":"product","link":"https:\/\/letrame.com\/catalogo\/producto\/el-noveno-mandamiento\/","title":{"rendered":"El noveno mandamiento"},"content":{"rendered":"<p class=\"p1\"><b>ISBN: 9791370545239<\/b><b><\/b><\/p>\n<p class=\"p1\"><b>T\u00edtulo: El noveno mandamiento<\/b><br \/>\n<b>Fecha: 2026<\/b><br \/>\n<b>P\u00e1ginas: 372<\/b><b><\/b><\/p>\n<p class=\"p1\"><b>SINOPSIS<\/b><\/p>\n<p class=\"p1\">Veintitr\u00e9s relatos y escenas constituyen esta nueva entrega de Jos\u00e9 Manuel Chamorro Gallego, encabezados por El Noveno Mandamiento, a la que da t\u00edtulo. En todos ellos, el autor, con sensibilidad y perspicacia, bucea en la sugerente profundidad de la naturaleza humana en toda su crudeza, construyendo una narrativa que no solo cuenta historias, sino que cuestiona y sugiere respuestas, desafiando al lector a traspasar la delgada l\u00ednea entre lo real y lo aparente.<\/p>\n<p class=\"p1\">Cada relato es un espejo del alma, donde los personajes se enfrentan con su propia imagen, a menudo distorsionada por falsas ilusiones y las convenciones de una sociedad atrapada en su propio paradigma. La fragilidad, el deseo, la hipocres\u00eda social, la soledad o el autoenga\u00f1o aparecen como hilos conductores del conjunto.<\/p>\n<p class=\"p1\">Los hay ir\u00f3nicos, desenfadados, moralizantes, inquietantes, misteriosos&#8230; Jugando con la paradoja, desde lo cotidiano nos descubren el lado m\u00e1s sorprendente de las complejidades del amor, las relaciones humanas, las oportunidades perdidas y la b\u00fasqueda de uno mismo.<\/p>\n<p class=\"p1\">El Noveno Mandamiento no es solo una colecci\u00f3n de relatos. Es un viaje al coraz\u00f3n de la condici\u00f3n humana, un baile entre sombras y luces donde cada paso revela una nueva realidad.<\/p>\n","protected":false},"excerpt":{"rendered":"<p class=\"p1\"><b>ISBN: 9791370545239<\/b><b><\/b><\/p>\n<p class=\"p1\"><b>SINOPSIS<\/b><\/p>\n<p class=\"p1\">Veintitr\u00e9s relatos y escenas constituyen esta nueva entrega de Jos\u00e9 Manuel Chamorro Gallego, encabezados por El Noveno Mandamiento, a la que da t\u00edtulo. En todos ellos, el autor, con sensibilidad y perspicacia, bucea en la sugerente profundidad de la naturaleza humana en toda su crudeza, construyendo una narrativa que no solo cuenta historias, sino que cuestiona y sugiere respuestas, desafiando al lector a traspasar la delgada l\u00ednea entre lo real y lo aparente.<\/p>\n<p class=\"p1\">Cada relato es un espejo del alma, donde los personajes se enfrentan con su propia imagen, a menudo distorsionada por falsas ilusiones y las convenciones de una sociedad atrapada en su propio paradigma. La fragilidad, el deseo, la hipocres\u00eda social, la soledad o el autoenga\u00f1o aparecen como hilos conductores del conjunto.<\/p>\n<p class=\"p1\">Los hay ir\u00f3nicos, desenfadados, moralizantes, inquietantes, misteriosos&#8230; Jugando con la paradoja, desde lo cotidiano nos descubren el lado m\u00e1s sorprendente de las complejidades del amor, las relaciones humanas, las oportunidades perdidas y la b\u00fasqueda de uno mismo.<\/p>\n<p class=\"p1\">El Noveno Mandamiento no es solo una colecci\u00f3n de relatos. Es un viaje al coraz\u00f3n de la condici\u00f3n humana, un baile entre sombras y luces donde cada paso revela una nueva realidad.<\/p>\n","protected":false},"featured_media":112360,"comment_status":"open","ping_status":"closed","template":"","meta":{"_acf_changed":false},"libro":[],"product_brand":[],"product_cat":[141],"product_tag":[],"class_list":{"0":"post-112361","1":"product","2":"type-product","3":"status-publish","4":"has-post-thumbnail","6":"product_cat-ficcion","8":"first","9":"instock","10":"shipping-taxable","11":"product-type-simple"},"acf":{"autor":[109047],"enlace_de_compra":"https:\/\/amzn.to\/4cDEvPM"},"yoast_head":"<!-- This site is optimized with the Yoast SEO plugin v27.4 - https:\/\/yoast.com\/product\/yoast-seo-wordpress\/ -->\n<title>El noveno mandamiento - Catalogo | Letrame Grupo Editorial<\/title>\n<meta name=\"robots\" content=\"index, follow, max-snippet:-1, max-image-preview:large, max-video-preview:-1\" \/>\n<link rel=\"canonical\" href=\"https:\/\/letrame.com\/catalogo\/producto\/el-noveno-mandamiento\/\" \/>\n<meta property=\"og:locale\" content=\"es_ES\" \/>\n<meta property=\"og:type\" content=\"article\" \/>\n<meta property=\"og:title\" content=\"El noveno mandamiento - Catalogo | Letrame Grupo Editorial\" \/>\n<meta property=\"og:description\" content=\"ISBN: 9791370545239 SINOPSIS Veintitr\u00e9s relatos y escenas constituyen esta nueva entrega de Jos\u00e9 Manuel Chamorro Gallego, encabezados por El Noveno Mandamiento, a la que da t\u00edtulo. En todos ellos, el autor, con sensibilidad y perspicacia, bucea en la sugerente profundidad de la naturaleza humana en toda su crudeza, construyendo una narrativa que no solo cuenta historias, sino que cuestiona y sugiere respuestas, desafiando al lector a traspasar la delgada l\u00ednea entre lo real y lo aparente. Cada relato es un espejo del alma, donde los personajes se enfrentan con su propia imagen, a menudo distorsionada por falsas ilusiones y las convenciones de una sociedad atrapada en su propio paradigma. La fragilidad, el deseo, la hipocres\u00eda social, la soledad o el autoenga\u00f1o aparecen como hilos conductores del conjunto. Los hay ir\u00f3nicos, desenfadados, moralizantes, inquietantes, misteriosos... Jugando con la paradoja, desde lo cotidiano nos descubren el lado m\u00e1s sorprendente de las complejidades del amor, las relaciones humanas, las oportunidades perdidas y la b\u00fasqueda de uno mismo. El Noveno Mandamiento no es solo una colecci\u00f3n de relatos. Es un viaje al coraz\u00f3n de la condici\u00f3n humana, un baile entre sombras y luces donde cada paso revela una nueva realidad.\" \/>\n<meta property=\"og:url\" content=\"https:\/\/letrame.com\/catalogo\/producto\/el-noveno-mandamiento\/\" \/>\n<meta property=\"og:site_name\" content=\"Catalogo | Letrame Grupo Editorial\" \/>\n<meta property=\"article:modified_time\" content=\"2026-04-21T11:33:15+00:00\" \/>\n<meta property=\"og:image\" content=\"https:\/\/letrame.com\/catalogo\/wp-content\/uploads\/2026\/04\/elnovenomandamiento_1834mm4.jpg\" \/>\n\t<meta property=\"og:image:width\" content=\"886\" \/>\n\t<meta property=\"og:image:height\" content=\"1240\" \/>\n\t<meta property=\"og:image:type\" content=\"image\/jpeg\" \/>\n<meta name=\"twitter:card\" content=\"summary_large_image\" \/>\n<meta name=\"twitter:label1\" content=\"Tiempo de lectura\" \/>\n\t<meta name=\"twitter:data1\" content=\"2 minutos\" \/>\n<script type=\"application\/ld+json\" class=\"yoast-schema-graph\">{\"@context\":\"https:\\\/\\\/schema.org\",\"@graph\":[{\"@type\":\"WebPage\",\"@id\":\"https:\\\/\\\/letrame.com\\\/catalogo\\\/producto\\\/el-noveno-mandamiento\\\/\",\"url\":\"https:\\\/\\\/letrame.com\\\/catalogo\\\/producto\\\/el-noveno-mandamiento\\\/\",\"name\":\"El noveno mandamiento - Catalogo | Letrame Grupo Editorial\",\"isPartOf\":{\"@id\":\"https:\\\/\\\/letrame.com\\\/catalogo\\\/#website\"},\"primaryImageOfPage\":{\"@id\":\"https:\\\/\\\/letrame.com\\\/catalogo\\\/producto\\\/el-noveno-mandamiento\\\/#primaryimage\"},\"image\":{\"@id\":\"https:\\\/\\\/letrame.com\\\/catalogo\\\/producto\\\/el-noveno-mandamiento\\\/#primaryimage\"},\"thumbnailUrl\":\"https:\\\/\\\/letrame.com\\\/catalogo\\\/wp-content\\\/uploads\\\/2026\\\/04\\\/elnovenomandamiento_1834mm4.jpg\",\"datePublished\":\"2026-04-16T10:39:29+00:00\",\"dateModified\":\"2026-04-21T11:33:15+00:00\",\"breadcrumb\":{\"@id\":\"https:\\\/\\\/letrame.com\\\/catalogo\\\/producto\\\/el-noveno-mandamiento\\\/#breadcrumb\"},\"inLanguage\":\"es\",\"potentialAction\":[{\"@type\":\"ReadAction\",\"target\":[\"https:\\\/\\\/letrame.com\\\/catalogo\\\/producto\\\/el-noveno-mandamiento\\\/\"]}]},{\"@type\":\"ImageObject\",\"inLanguage\":\"es\",\"@id\":\"https:\\\/\\\/letrame.com\\\/catalogo\\\/producto\\\/el-noveno-mandamiento\\\/#primaryimage\",\"url\":\"https:\\\/\\\/letrame.com\\\/catalogo\\\/wp-content\\\/uploads\\\/2026\\\/04\\\/elnovenomandamiento_1834mm4.jpg\",\"contentUrl\":\"https:\\\/\\\/letrame.com\\\/catalogo\\\/wp-content\\\/uploads\\\/2026\\\/04\\\/elnovenomandamiento_1834mm4.jpg\",\"width\":886,\"height\":1240},{\"@type\":\"BreadcrumbList\",\"@id\":\"https:\\\/\\\/letrame.com\\\/catalogo\\\/producto\\\/el-noveno-mandamiento\\\/#breadcrumb\",\"itemListElement\":[{\"@type\":\"ListItem\",\"position\":1,\"name\":\"Portada\",\"item\":\"https:\\\/\\\/letrame.com\\\/catalogo\\\/\"},{\"@type\":\"ListItem\",\"position\":2,\"name\":\"Cat\u00e1logo\",\"item\":\"https:\\\/\\\/letrame.com\\\/catalogo\\\/\"},{\"@type\":\"ListItem\",\"position\":3,\"name\":\"El noveno mandamiento\"}]},{\"@type\":\"WebSite\",\"@id\":\"https:\\\/\\\/letrame.com\\\/catalogo\\\/#website\",\"url\":\"https:\\\/\\\/letrame.com\\\/catalogo\\\/\",\"name\":\"Catalogo | Letrame Grupo Editorial\",\"description\":\"\",\"publisher\":{\"@id\":\"https:\\\/\\\/letrame.com\\\/catalogo\\\/#organization\"},\"potentialAction\":[{\"@type\":\"SearchAction\",\"target\":{\"@type\":\"EntryPoint\",\"urlTemplate\":\"https:\\\/\\\/letrame.com\\\/catalogo\\\/?s={search_term_string}\"},\"query-input\":{\"@type\":\"PropertyValueSpecification\",\"valueRequired\":true,\"valueName\":\"search_term_string\"}}],\"inLanguage\":\"es\"},{\"@type\":\"Organization\",\"@id\":\"https:\\\/\\\/letrame.com\\\/catalogo\\\/#organization\",\"name\":\"Catalogo | Letrame Grupo Editorial\",\"url\":\"https:\\\/\\\/letrame.com\\\/catalogo\\\/\",\"logo\":{\"@type\":\"ImageObject\",\"inLanguage\":\"es\",\"@id\":\"https:\\\/\\\/letrame.com\\\/catalogo\\\/#\\\/schema\\\/logo\\\/image\\\/\",\"url\":\"https:\\\/\\\/letrame.com\\\/catalogo\\\/wp-content\\\/uploads\\\/2024\\\/03\\\/logo2.webp\",\"contentUrl\":\"https:\\\/\\\/letrame.com\\\/catalogo\\\/wp-content\\\/uploads\\\/2024\\\/03\\\/logo2.webp\",\"width\":394,\"height\":128,\"caption\":\"Catalogo | Letrame Grupo Editorial\"},\"image\":{\"@id\":\"https:\\\/\\\/letrame.com\\\/catalogo\\\/#\\\/schema\\\/logo\\\/image\\\/\"}}]}<\/script>\n<!-- \/ Yoast SEO plugin. -->","yoast_head_json":{"title":"El noveno mandamiento - Catalogo | Letrame Grupo Editorial","robots":{"index":"index","follow":"follow","max-snippet":"max-snippet:-1","max-image-preview":"max-image-preview:large","max-video-preview":"max-video-preview:-1"},"canonical":"https:\/\/letrame.com\/catalogo\/producto\/el-noveno-mandamiento\/","og_locale":"es_ES","og_type":"article","og_title":"El noveno mandamiento - Catalogo | Letrame Grupo Editorial","og_description":"ISBN: 9791370545239 SINOPSIS Veintitr\u00e9s relatos y escenas constituyen esta nueva entrega de Jos\u00e9 Manuel Chamorro Gallego, encabezados por El Noveno Mandamiento, a la que da t\u00edtulo. En todos ellos, el autor, con sensibilidad y perspicacia, bucea en la sugerente profundidad de la naturaleza humana en toda su crudeza, construyendo una narrativa que no solo cuenta historias, sino que cuestiona y sugiere respuestas, desafiando al lector a traspasar la delgada l\u00ednea entre lo real y lo aparente. Cada relato es un espejo del alma, donde los personajes se enfrentan con su propia imagen, a menudo distorsionada por falsas ilusiones y las convenciones de una sociedad atrapada en su propio paradigma. La fragilidad, el deseo, la hipocres\u00eda social, la soledad o el autoenga\u00f1o aparecen como hilos conductores del conjunto. Los hay ir\u00f3nicos, desenfadados, moralizantes, inquietantes, misteriosos... Jugando con la paradoja, desde lo cotidiano nos descubren el lado m\u00e1s sorprendente de las complejidades del amor, las relaciones humanas, las oportunidades perdidas y la b\u00fasqueda de uno mismo. El Noveno Mandamiento no es solo una colecci\u00f3n de relatos. Es un viaje al coraz\u00f3n de la condici\u00f3n humana, un baile entre sombras y luces donde cada paso revela una nueva realidad.","og_url":"https:\/\/letrame.com\/catalogo\/producto\/el-noveno-mandamiento\/","og_site_name":"Catalogo | Letrame Grupo Editorial","article_modified_time":"2026-04-21T11:33:15+00:00","og_image":[{"width":886,"height":1240,"url":"https:\/\/letrame.com\/catalogo\/wp-content\/uploads\/2026\/04\/elnovenomandamiento_1834mm4.jpg","type":"image\/jpeg"}],"twitter_card":"summary_large_image","twitter_misc":{"Tiempo de lectura":"2 minutos"},"schema":{"@context":"https:\/\/schema.org","@graph":[{"@type":"WebPage","@id":"https:\/\/letrame.com\/catalogo\/producto\/el-noveno-mandamiento\/","url":"https:\/\/letrame.com\/catalogo\/producto\/el-noveno-mandamiento\/","name":"El noveno mandamiento - Catalogo | Letrame Grupo Editorial","isPartOf":{"@id":"https:\/\/letrame.com\/catalogo\/#website"},"primaryImageOfPage":{"@id":"https:\/\/letrame.com\/catalogo\/producto\/el-noveno-mandamiento\/#primaryimage"},"image":{"@id":"https:\/\/letrame.com\/catalogo\/producto\/el-noveno-mandamiento\/#primaryimage"},"thumbnailUrl":"https:\/\/letrame.com\/catalogo\/wp-content\/uploads\/2026\/04\/elnovenomandamiento_1834mm4.jpg","datePublished":"2026-04-16T10:39:29+00:00","dateModified":"2026-04-21T11:33:15+00:00","breadcrumb":{"@id":"https:\/\/letrame.com\/catalogo\/producto\/el-noveno-mandamiento\/#breadcrumb"},"inLanguage":"es","potentialAction":[{"@type":"ReadAction","target":["https:\/\/letrame.com\/catalogo\/producto\/el-noveno-mandamiento\/"]}]},{"@type":"ImageObject","inLanguage":"es","@id":"https:\/\/letrame.com\/catalogo\/producto\/el-noveno-mandamiento\/#primaryimage","url":"https:\/\/letrame.com\/catalogo\/wp-content\/uploads\/2026\/04\/elnovenomandamiento_1834mm4.jpg","contentUrl":"https:\/\/letrame.com\/catalogo\/wp-content\/uploads\/2026\/04\/elnovenomandamiento_1834mm4.jpg","width":886,"height":1240},{"@type":"BreadcrumbList","@id":"https:\/\/letrame.com\/catalogo\/producto\/el-noveno-mandamiento\/#breadcrumb","itemListElement":[{"@type":"ListItem","position":1,"name":"Portada","item":"https:\/\/letrame.com\/catalogo\/"},{"@type":"ListItem","position":2,"name":"Cat\u00e1logo","item":"https:\/\/letrame.com\/catalogo\/"},{"@type":"ListItem","position":3,"name":"El noveno mandamiento"}]},{"@type":"WebSite","@id":"https:\/\/letrame.com\/catalogo\/#website","url":"https:\/\/letrame.com\/catalogo\/","name":"Catalogo | Letrame Grupo Editorial","description":"","publisher":{"@id":"https:\/\/letrame.com\/catalogo\/#organization"},"potentialAction":[{"@type":"SearchAction","target":{"@type":"EntryPoint","urlTemplate":"https:\/\/letrame.com\/catalogo\/?s={search_term_string}"},"query-input":{"@type":"PropertyValueSpecification","valueRequired":true,"valueName":"search_term_string"}}],"inLanguage":"es"},{"@type":"Organization","@id":"https:\/\/letrame.com\/catalogo\/#organization","name":"Catalogo | Letrame Grupo Editorial","url":"https:\/\/letrame.com\/catalogo\/","logo":{"@type":"ImageObject","inLanguage":"es","@id":"https:\/\/letrame.com\/catalogo\/#\/schema\/logo\/image\/","url":"https:\/\/letrame.com\/catalogo\/wp-content\/uploads\/2024\/03\/logo2.webp","contentUrl":"https:\/\/letrame.com\/catalogo\/wp-content\/uploads\/2024\/03\/logo2.webp","width":394,"height":128,"caption":"Catalogo | Letrame Grupo Editorial"},"image":{"@id":"https:\/\/letrame.com\/catalogo\/#\/schema\/logo\/image\/"}}]}},"_links":{"self":[{"href":"https:\/\/letrame.com\/catalogo\/wp-json\/wp\/v2\/product\/112361","targetHints":{"allow":["GET"]}}],"collection":[{"href":"https:\/\/letrame.com\/catalogo\/wp-json\/wp\/v2\/product"}],"about":[{"href":"https:\/\/letrame.com\/catalogo\/wp-json\/wp\/v2\/types\/product"}],"replies":[{"embeddable":true,"href":"https:\/\/letrame.com\/catalogo\/wp-json\/wp\/v2\/comments?post=112361"}],"acf:post":[{"embeddable":true,"href":"https:\/\/letrame.com\/catalogo\/wp-json\/wp\/v2\/author_book\/109047"}],"wp:featuredmedia":[{"embeddable":true,"href":"https:\/\/letrame.com\/catalogo\/wp-json\/wp\/v2\/media\/112360"}],"wp:attachment":[{"href":"https:\/\/letrame.com\/catalogo\/wp-json\/wp\/v2\/media?parent=112361"}],"wp:term":[{"taxonomy":"libro","embeddable":true,"href":"https:\/\/letrame.com\/catalogo\/wp-json\/wp\/v2\/libro?post=112361"},{"taxonomy":"product_brand","embeddable":true,"href":"https:\/\/letrame.com\/catalogo\/wp-json\/wp\/v2\/product_brand?post=112361"},{"taxonomy":"product_cat","embeddable":true,"href":"https:\/\/letrame.com\/catalogo\/wp-json\/wp\/v2\/product_cat?post=112361"},{"taxonomy":"product_tag","embeddable":true,"href":"https:\/\/letrame.com\/catalogo\/wp-json\/wp\/v2\/product_tag?post=112361"}],"curies":[{"name":"wp","href":"https:\/\/api.w.org\/{rel}","templated":true}]}}